{"id":83088,"date":"2020-07-03T16:05:09","date_gmt":"2020-07-03T14:05:09","guid":{"rendered":"http:\/\/www.fabrykachlodu.pl\/sklep\/produkt\/import-placeholder-for-gwh09qb-k6dnb2e\/"},"modified":"2022-03-27T22:49:53","modified_gmt":"2022-03-27T20:49:53","slug":"gree-lomo-luxury-plus-wydajnosc-chlodzenia-kw3-5-a-1-pomieszczenie-2-pomieszczenia-40m2","status":"publish","type":"product","link":"https:\/\/www.fabrykachlodu.pl\/sklep\/produkt\/gree-lomo-luxury-plus-wydajnosc-chlodzenia-kw3-5-a-1-pomieszczenie-2-pomieszczenia-40m2\/","title":{"rendered":"\u00b0FC ZESTAW GREE Lomo Luxury Plus Wydajno\u015b\u0107 ch\u0142odzenia kW3.5 A++ 1 pomieszczenie, 2 pomieszczenia 40m2"},"content":{"rendered":"<br \/>\n<h2>Zam\u00f3wienie dotyczy: GREE Lomo Luxury Plus  Wydajno\u015b\u0107 ch\u0142odzenia kW3.5 A++ 1 pomieszczenie, 2 pomieszczenia 40m2<\/h2>\n<p><h3><strong>W jednym miejscu poznasz:<\/strong><\/h3>\n<p>Informacje odno\u015bnie klimatyzacji GREE<br \/>\nPoznasz najwa\u017cniejsze funkcje<br \/>\nPor\u00f3wnasz produkty<br \/>\nPoznasz parametry techniczne<br \/>\nPoznasz cen\u0119 i zrealizujesz zam\u00f3wienie<br \/>\n<strong><\/p>\n<h3>Zamawiaj\u0105c produkt u nas:<\/strong><\/h3>\n<p>Otrzymasz produkt<br \/>\nJednostk\u0119 wewn\u0119trzna<br \/>\nJednostk\u0119 zewn\u0119trzna<br \/>\nSterowanie<br \/>\n<strong><\/p>\n<h3>Zlecaj\u0105c nam monta\u017c otrzymasz:<\/strong><\/h3>\n<p> Rabat na produkty GREE<br \/>\nKompletne pod\u0142\u0105czenie elektryczne oraz hydrauliczne<br \/>\nGwarancje<br \/>\nSerwis<\/p>\n<p>Po wprowadzeniu na rynek GREE Lomo Basic, Lomo Luxury czemu nie Lomo Luxury Plus? Jest to lepsza i wzbogacona wersja, kt\u00f3ra ma do zaoferowania porz\u0105dne osi\u0105gi! Nowy Lomo Luxury PLUS posiada  \u017caluzj\u0119 pionow\u0105 oraz pionowa, oraz znacznie cichszy. Wiele mo\u017cliwo\u015bci pod\u0142\u0105czenia WIFI, BMS, karta hotelowa. Zwi\u0119kszona wydajno\u015b\u0107 energetyczna co daje wy\u017cszy komfort. M\u00f3wi\u0105c o komforcie, nale\u017cy wspomnie\u0107 o dogrzewaniu pomieszczenia przy temperaturze zewn\u0119trznej  -22\u00b0C. <div class=\"su-service\"><div class=\"su-service-title\" style=\"padding-left:52px;min-height:38px;line-height:38px\"><i class=\"sui sui-check-circle\" style=\"font-size:38px;color:#22a0ed\"><\/i> Wskaz\u00f3wka naszego eksperta<\/div><div class=\"su-service-content su-u-clearfix su-u-trim\" style=\"padding-left:52px\">Klienci bazuj\u0105c na opcjach o klimatyzacji w Internecie powinni mie\u0107 pe\u0142n\u0105 wiedz\u0119 na temat pochodzenia urz\u0105dzenia, koszt\u00f3w zwi\u0105zanych z zakupem, ekspoatacj\u0105, oraz napraw\u0105. Brak dost\u0119pu do cz\u0119sci zapasowych cz\u0119sto bywa podowem wymiany klimatyzatora.<\/div><\/div>\n<h2><strong>Zapraszamy do por\u00f3wnania zalet i wad klimatyzacji GREE<\/strong><\/h2>\n<p><strong>Jakie s\u0105 zalety takiego systemu?<\/strong><br \/><div class=\"su-service\"><div class=\"su-service-title\" style=\"padding-left:52px;min-height:38px;line-height:38px\"><i class=\"sui sui-check-circle\" style=\"font-size:38px;color:#22a0ed\"><\/i> Wskaz\u00f3wka naszego eksperta<\/div><div class=\"su-service-content su-u-clearfix su-u-trim\" style=\"padding-left:52px\">Je\u015bli chcesz kupi\u0107 u\u017c\u0105dzenie spontanicznie bo z okazji fal upa\u0142\u00f3w, to mamy dobr\u0105 wiadomo\u015b\u0107 bo ten model nawet jesieni\u0105 podniesie temperatur\u0119 w pomieszczeniu. U\u017c\u0105dzenie nie jest jest zapomniane na czas jesieni lub wiosny, a czasami nawet zim\u0105 potrafi ogrzac sypialnie, poddasze lub inne pomieszczeine.<br \/><\/div><\/div><strong>Jakie s\u0105 wady tego klimatyzatora?<\/strong><br \/><div class=\"su-service\"><div class=\"su-service-title\" style=\"padding-left:52px;min-height:38px;line-height:38px\"><i class=\"sui sui-check-circle\" style=\"font-size:38px;color:#22a0ed\"><\/i> Wskaz\u00f3wka naszego eksperta<\/div><div class=\"su-service-content su-u-clearfix su-u-trim\" style=\"padding-left:52px\"><div class=\"su-service\"><div class=\"su-service-title\" style=\"padding-left:52px;min-height:38px;line-height:38px\"><i class=\"sui sui-hand-o-right\" style=\"font-size:38px;color:#22a0ed\"><\/i> Podsumowuj\u0105c<\/div><div class=\"su-service-content su-u-clearfix su-u-trim\" style=\"padding-left:52px\"><\/div><\/div>Wersja Lomo Luxury PLUS dzia\u0142aj\u0105cy na ekologicznym czynniki R32, oferuje regulacje wentylatora ma a\u017c siedem bieg\u00f3w, oraz posiada mo\u017cliwo\u015b\u0107 dodatkowych filtr\u00f3w np. jony srebra do zatrzymania bakterii. Do tego aplikacja na telefon umo\u017cliwiaj\u0105ca sterowanie z ka\u017cdego miejsca na \u015bwiecie. Je\u015bli chcesz mie\u0107 klimatyzacj\u0119 w jednym pomieszczeniu to ten produkt jest dla Ciebie. Je\u015bli w kilku pomieszczeniach to wybierz system MULTI SPLIT. Oba rozwi\u0105zania s\u0105 dobrej jako\u015bci i ekologiczne. Rozwi\u0105zanie jednego pimieszczenia jest ta\u0144sze w zakupie I monta\u017cu. Cz\u0119sci to produkt\u00f3w GREE posiadamy na stanie.<br \/>Klimatyzator \u015bcienny RAC nie jest zainstalowany dla ca\u0142ego domu, ale tylko w pojedynczych pokojach. Do ca\u0142ego domu lub mieszkania nale\u017cy zainstalowa\u0107 urz\u0105dzenie Multi SPLIT. Wybierz jednostk\u0119 zewn\u0119trzn\u0105 danej ilo\u015bci pomieszcze\u0144, nast\u0119pnie wybierz jednostki wewn\u0119trzne: kasetonowe, przypod\u0142ogowe, sufitowe, kana\u0142owe, na\u015bcienne.<br \/><\/div><\/div>\n<div class=\"hr-thin\"><\/div>\n<p>PARAMETRY TECHNICZNE<\/p>\n<div class=\"su-tabs su-tabs-style-default su-tabs-mobile-stack\" data-active=\"1\" data-scroll-offset=\"0\" data-anchor-in-url=\"no\"><div class=\"su-tabs-nav\"><span class=\"\" data-url=\"\" data-target=\"blank\" tabindex=\"0\" role=\"button\">GREE Lomo Luxury Plus<\/span><span class=\"\" data-url=\"\" data-target=\"blank\" tabindex=\"0\" role=\"button\">Funkcje G\u0142\u00f3wne<\/span><span class=\"\" data-url=\"\" data-target=\"blank\" tabindex=\"0\" role=\"button\">Opis Funkcji<\/span><span class=\"\" data-url=\"\" data-target=\"blank\" tabindex=\"0\" role=\"button\">Akcesoria Monta\u017cowe<\/span><span class=\"\" data-url=\"\" data-target=\"blank\" tabindex=\"0\" role=\"button\">Monta\u017c<\/span><span class=\"\" data-url=\"\" data-target=\"blank\" tabindex=\"0\" role=\"button\">Nowo\u015bci roku 2020<\/span><\/div><div class=\"su-tabs-panes\"><div class=\"su-tabs-pane su-u-clearfix su-u-trim\" data-title=\"GREE Lomo Luxury Plus\"><div class=\"su-document su-u-responsive-media-yes\"><iframe src=\"\/\/docs.google.com\/viewer?embedded=true&url=https:\/\/www.fabrykachlodu.pl\/sklep\/wp-content\/uploads\/2020\/07\/29_LOMO-Luxury-PLUS.pdf\" width=\"600\" height=\"400\" class=\"su-document\" title=\"\"><\/iframe><\/div><\/div>\n<div class=\"su-tabs-pane su-u-clearfix su-u-trim\" data-title=\"Funkcje G\u0142\u00f3wne\"><div class=\"su-document su-u-responsive-media-yes\"><iframe src=\"\/\/docs.google.com\/viewer?embedded=true&url=https:\/\/www.fabrykachlodu.pl\/sklep\/wp-content\/uploads\/2020\/07\/FUNKCJE-MODELI-serii-RAC.pdf\" width=\"600\" height=\"400\" class=\"su-document\" title=\"\"><\/iframe><\/div><\/div>\n<div class=\"su-tabs-pane su-u-clearfix su-u-trim\" data-title=\"Opis Funkcji\"><div class=\"su-document su-u-responsive-media-yes\"><iframe src=\"\/\/docs.google.com\/viewer?embedded=true&url=https:\/\/www.fabrykachlodu.pl\/sklep\/wp-content\/uploads\/2020\/07\/Opis.funkcji.gree_.pdf\" width=\"600\" height=\"400\" class=\"su-document\" title=\"\"><\/iframe><\/div><\/div>\n<div class=\"su-tabs-pane su-u-clearfix su-u-trim\" data-title=\"Akcesoria Monta\u017cowe\"><div class=\"su-document su-u-responsive-media-yes\"><iframe src=\"\/\/docs.google.com\/viewer?embedded=true&url=https:\/\/www.fabrykachlodu.pl\/sklep\/wp-content\/uploads\/2020\/04\/25_Akcesoria.Klimatyzacjacastel_airco_2018.pdf\" width=\"600\" height=\"400\" class=\"su-document\" title=\"\"><\/iframe><\/div><\/div>\n<div class=\"su-tabs-pane su-u-clearfix su-u-trim\" data-title=\"Monta\u017c\"><div class=\"su-document su-u-responsive-media-yes\"><iframe src=\"\/\/docs.google.com\/viewer?embedded=true&url=https:\/\/www.fabrykachlodu.pl\/sklep\/wp-content\/uploads\/2020\/04\/33.334.35.Akcesoria.Klimatyzacja.castel_airco_2018.pdf\" width=\"600\" height=\"400\" class=\"su-document\" title=\"\"><\/iframe><\/div><\/div>\n<div class=\"su-tabs-pane su-u-clearfix su-u-trim\" data-title=\"Nowo\u015bci roku 2020\"><div class=\"su-document su-u-responsive-media-yes\"><iframe src=\"\/\/docs.google.com\/viewer?embedded=true&url=https:\/\/www.fabrykachlodu.pl\/sklep\/wp-content\/uploads\/2020\/07\/Nowosci.2020.pdf\" width=\"600\" height=\"400\" class=\"su-document\" title=\"\"><\/iframe><\/div><\/div><\/div><\/div>\n<p>Dokumenty si\u0119 nie wy\u015bwietlaj\u0105? <input type=\"button\" value=\"Od\u015bwie\u017c stron\u0119\" onclick=\"location.reload();\"><\/p>\n","protected":false},"excerpt":{"rendered":"<p><span style=\"color: #000000;\"><strong>Najwa\u017cniejsze zalety<\/strong><\/span>[dt_list style=\"1\" bullet_position=\"middle\" dividers=\"true\"][dt_list style=\"1\" bullet_position=\"middle\" dividers=\"true\"][dt_list_item image=\"\"]\u017baluzja pionowa i pozioma[\/dt_list_item][dt_list_item image=\"\"]7 bieg\u00f3w wentylatora[\/dt_list_item][dt_list_item image=\"\"]Efektywniejszy energetycznie[\/dt_list_item][dt_list_item image=\"\"]Szeroki wyb\u00f3r filtr\u00f3w zamiennych[\/dt_list_item][\/dt_list]<\/p>\n","protected":false},"featured_media":83261,"template":"","meta":[],"product_cat":[154,5373,189],"product_tag":[2919,2920,1068,2471],"yoast_head":"<!-- This site is optimized with the Yoast SEO plugin v22.1 - https:\/\/yoast.com\/wordpress\/plugins\/seo\/ -->\n<title>GREE Lomo Luxury Plus Wydajno\u015b\u0107 ch\u0142odzenia kW4 A++ 1 pomieszczenie, 2 pomieszczenia 65m2<\/title>\n<meta name=\"description\" content=\"GREE Lomo Luxury Plus Wydajno\u015b\u0107 ch\u0142odzenia kW4 A++ 1 pomieszczenie, 2 pomieszczenia 65m2\" \/>\n<meta name=\"robots\" content=\"index, follow, max-snippet:-1, max-image-preview:large, max-video-preview:-1\" \/>\n<link rel=\"canonical\" href=\"https:\/\/www.fabrykachlodu.pl\/sklep\/produkt\/gree-lomo-luxury-plus-wydajnosc-chlodzenia-kw3-5-a-1-pomieszczenie-2-pomieszczenia-40m2\/\" \/>\n<meta name=\"twitter:label1\" content=\"Szacowany czas czytania\" \/>\n\t<meta name=\"twitter:data1\" content=\"3 minuty\" \/>\n<script type=\"application\/ld+json\" class=\"yoast-schema-graph\">{\"@context\":\"https:\/\/schema.org\",\"@graph\":[{\"@type\":\"WebPage\",\"@id\":\"https:\/\/www.fabrykachlodu.pl\/sklep\/produkt\/gree-lomo-luxury-plus-wydajnosc-chlodzenia-kw3-5-a-1-pomieszczenie-2-pomieszczenia-40m2\/\",\"url\":\"https:\/\/www.fabrykachlodu.pl\/sklep\/produkt\/gree-lomo-luxury-plus-wydajnosc-chlodzenia-kw3-5-a-1-pomieszczenie-2-pomieszczenia-40m2\/\",\"name\":\"GREE Lomo Luxury Plus Wydajno\u015b\u0107 ch\u0142odzenia kW4 A++ 1 pomieszczenie, 2 pomieszczenia 65m2\",\"isPartOf\":{\"@id\":\"https:\/\/www.fabrykachlodu.pl\/sklep\/#website\"},\"datePublished\":\"2020-07-03T14:05:09+00:00\",\"dateModified\":\"2022-03-27T20:49:53+00:00\",\"description\":\"GREE Lomo Luxury Plus Wydajno\u015b\u0107 ch\u0142odzenia kW4 A++ 1 pomieszczenie, 2 pomieszczenia 65m2\",\"breadcrumb\":{\"@id\":\"https:\/\/www.fabrykachlodu.pl\/sklep\/produkt\/gree-lomo-luxury-plus-wydajnosc-chlodzenia-kw3-5-a-1-pomieszczenie-2-pomieszczenia-40m2\/#breadcrumb\"},\"inLanguage\":\"pl-PL\",\"potentialAction\":[{\"@type\":\"ReadAction\",\"target\":[\"https:\/\/www.fabrykachlodu.pl\/sklep\/produkt\/gree-lomo-luxury-plus-wydajnosc-chlodzenia-kw3-5-a-1-pomieszczenie-2-pomieszczenia-40m2\/\"]}]},{\"@type\":\"BreadcrumbList\",\"@id\":\"https:\/\/www.fabrykachlodu.pl\/sklep\/produkt\/gree-lomo-luxury-plus-wydajnosc-chlodzenia-kw3-5-a-1-pomieszczenie-2-pomieszczenia-40m2\/#breadcrumb\",\"itemListElement\":[{\"@type\":\"ListItem\",\"position\":1,\"name\":\"Strona g\u0142\u00f3wna\",\"item\":\"https:\/\/www.fabrykachlodu.pl\/sklep\/\"},{\"@type\":\"ListItem\",\"position\":2,\"name\":\"Szukasz klimatzyacji biurowej sklepowej lub do mieszkania?\",\"item\":\"https:\/\/www.fabrykachlodu.pl\/sklep\/\"},{\"@type\":\"ListItem\",\"position\":3,\"name\":\"GREE\",\"item\":\"https:\/\/www.fabrykachlodu.pl\/sklep\/product-category\/gree\/\"},{\"@type\":\"ListItem\",\"position\":4,\"name\":\"Nascienny\",\"item\":\"https:\/\/www.fabrykachlodu.pl\/sklep\/product-category\/gree\/nascienny\/\"},{\"@type\":\"ListItem\",\"position\":5,\"name\":\"LOMO LUXURY PLUS\",\"item\":\"https:\/\/www.fabrykachlodu.pl\/sklep\/product-category\/gree\/nascienny\/lomo-luxury-plus\/\"},{\"@type\":\"ListItem\",\"position\":6,\"name\":\"\u00b0FC ZESTAW GREE Lomo Luxury Plus Wydajno\u015b\u0107 ch\u0142odzenia kW3.5 A++ 1 pomieszczenie, 2 pomieszczenia 40m2\"}]},{\"@type\":\"WebSite\",\"@id\":\"https:\/\/www.fabrykachlodu.pl\/sklep\/#website\",\"url\":\"https:\/\/www.fabrykachlodu.pl\/sklep\/\",\"name\":\"\u00b0FC Sklep Internetowy monta\u017c klimatyzacji pomp ciep\u0142a\",\"description\":\"\u00b0FC monta\u017c klimatyzacji pomp ciep\u0142a z nami to szybki i tani wyb\u00f3r.  Us\u0142ugi monta\u017cowe i serwisowe W Warszawie i okolicach..\",\"potentialAction\":[{\"@type\":\"SearchAction\",\"target\":{\"@type\":\"EntryPoint\",\"urlTemplate\":\"https:\/\/www.fabrykachlodu.pl\/sklep\/?s={search_term_string}\"},\"query-input\":\"required name=search_term_string\"}],\"inLanguage\":\"pl-PL\"}]}<\/script>\n<!-- \/ Yoast SEO plugin. -->","yoast_head_json":{"title":"GREE Lomo Luxury Plus Wydajno\u015b\u0107 ch\u0142odzenia kW4 A++ 1 pomieszczenie, 2 pomieszczenia 65m2","description":"GREE Lomo Luxury Plus Wydajno\u015b\u0107 ch\u0142odzenia kW4 A++ 1 pomieszczenie, 2 pomieszczenia 65m2","robots":{"index":"index","follow":"follow","max-snippet":"max-snippet:-1","max-image-preview":"max-image-preview:large","max-video-preview":"max-video-preview:-1"},"canonical":"https:\/\/www.fabrykachlodu.pl\/sklep\/produkt\/gree-lomo-luxury-plus-wydajnosc-chlodzenia-kw3-5-a-1-pomieszczenie-2-pomieszczenia-40m2\/","twitter_misc":{"Szacowany czas czytania":"3 minuty"},"schema":{"@context":"https:\/\/schema.org","@graph":[{"@type":"WebPage","@id":"https:\/\/www.fabrykachlodu.pl\/sklep\/produkt\/gree-lomo-luxury-plus-wydajnosc-chlodzenia-kw3-5-a-1-pomieszczenie-2-pomieszczenia-40m2\/","url":"https:\/\/www.fabrykachlodu.pl\/sklep\/produkt\/gree-lomo-luxury-plus-wydajnosc-chlodzenia-kw3-5-a-1-pomieszczenie-2-pomieszczenia-40m2\/","name":"GREE Lomo Luxury Plus Wydajno\u015b\u0107 ch\u0142odzenia kW4 A++ 1 pomieszczenie, 2 pomieszczenia 65m2","isPartOf":{"@id":"https:\/\/www.fabrykachlodu.pl\/sklep\/#website"},"datePublished":"2020-07-03T14:05:09+00:00","dateModified":"2022-03-27T20:49:53+00:00","description":"GREE Lomo Luxury Plus Wydajno\u015b\u0107 ch\u0142odzenia kW4 A++ 1 pomieszczenie, 2 pomieszczenia 65m2","breadcrumb":{"@id":"https:\/\/www.fabrykachlodu.pl\/sklep\/produkt\/gree-lomo-luxury-plus-wydajnosc-chlodzenia-kw3-5-a-1-pomieszczenie-2-pomieszczenia-40m2\/#breadcrumb"},"inLanguage":"pl-PL","potentialAction":[{"@type":"ReadAction","target":["https:\/\/www.fabrykachlodu.pl\/sklep\/produkt\/gree-lomo-luxury-plus-wydajnosc-chlodzenia-kw3-5-a-1-pomieszczenie-2-pomieszczenia-40m2\/"]}]},{"@type":"BreadcrumbList","@id":"https:\/\/www.fabrykachlodu.pl\/sklep\/produkt\/gree-lomo-luxury-plus-wydajnosc-chlodzenia-kw3-5-a-1-pomieszczenie-2-pomieszczenia-40m2\/#breadcrumb","itemListElement":[{"@type":"ListItem","position":1,"name":"Strona g\u0142\u00f3wna","item":"https:\/\/www.fabrykachlodu.pl\/sklep\/"},{"@type":"ListItem","position":2,"name":"Szukasz klimatzyacji biurowej sklepowej lub do mieszkania?","item":"https:\/\/www.fabrykachlodu.pl\/sklep\/"},{"@type":"ListItem","position":3,"name":"GREE","item":"https:\/\/www.fabrykachlodu.pl\/sklep\/product-category\/gree\/"},{"@type":"ListItem","position":4,"name":"Nascienny","item":"https:\/\/www.fabrykachlodu.pl\/sklep\/product-category\/gree\/nascienny\/"},{"@type":"ListItem","position":5,"name":"LOMO LUXURY PLUS","item":"https:\/\/www.fabrykachlodu.pl\/sklep\/product-category\/gree\/nascienny\/lomo-luxury-plus\/"},{"@type":"ListItem","position":6,"name":"\u00b0FC ZESTAW GREE Lomo Luxury Plus Wydajno\u015b\u0107 ch\u0142odzenia kW3.5 A++ 1 pomieszczenie, 2 pomieszczenia 40m2"}]},{"@type":"WebSite","@id":"https:\/\/www.fabrykachlodu.pl\/sklep\/#website","url":"https:\/\/www.fabrykachlodu.pl\/sklep\/","name":"\u00b0FC Sklep Internetowy monta\u017c klimatyzacji pomp ciep\u0142a","description":"\u00b0FC monta\u017c klimatyzacji pomp ciep\u0142a z nami to szybki i tani wyb\u00f3r.  Us\u0142ugi monta\u017cowe i serwisowe W Warszawie i okolicach..","potentialAction":[{"@type":"SearchAction","target":{"@type":"EntryPoint","urlTemplate":"https:\/\/www.fabrykachlodu.pl\/sklep\/?s={search_term_string}"},"query-input":"required name=search_term_string"}],"inLanguage":"pl-PL"}]}},"_links":{"self":[{"href":"https:\/\/www.fabrykachlodu.pl\/sklep\/wp-json\/wp\/v2\/product\/83088"}],"collection":[{"href":"https:\/\/www.fabrykachlodu.pl\/sklep\/wp-json\/wp\/v2\/product"}],"about":[{"href":"https:\/\/www.fabrykachlodu.pl\/sklep\/wp-json\/wp\/v2\/types\/product"}],"wp:featuredmedia":[{"embeddable":true,"href":"https:\/\/www.fabrykachlodu.pl\/sklep\/wp-json\/wp\/v2\/media\/83261"}],"wp:attachment":[{"href":"https:\/\/www.fabrykachlodu.pl\/sklep\/wp-json\/wp\/v2\/media?parent=83088"}],"wp:term":[{"taxonomy":"product_cat","embeddable":true,"href":"https:\/\/www.fabrykachlodu.pl\/sklep\/wp-json\/wp\/v2\/product_cat?post=83088"},{"taxonomy":"product_tag","embeddable":true,"href":"https:\/\/www.fabrykachlodu.pl\/sklep\/wp-json\/wp\/v2\/product_tag?post=83088"}],"curies":[{"name":"wp","href":"https:\/\/api.w.org\/{rel}","templated":true}]}}