{"id":86699,"date":"2022-06-11T14:25:11","date_gmt":"2022-06-11T12:25:11","guid":{"rendered":"http:\/\/www.fabrykachlodu.pl\/sklep\/produkt\/gree-pular-a-a-460kw-520kw-bialy-do-35-50m2\/"},"modified":"2022-06-20T09:51:58","modified_gmt":"2022-06-20T07:51:58","slug":"gree-pular-a-a-460kw-520kw-bialy-do-35-50m2","status":"publish","type":"product","link":"https:\/\/www.fabrykachlodu.pl\/sklep\/produkt\/gree-pular-a-a-460kw-520kw-bialy-do-35-50m2\/","title":{"rendered":"GREE Pular A++, A+, 4,60kW 5,20kW Bia\u0142y do 35-50m2"},"content":{"rendered":"<br \/>\n<h2>Zam\u00f3wienie dotyczy: GREE Pular A++, A+, 4,60kW 5,20kW Bia\u0142y do 35-50m2 GWH18AGD-K6DNA1D<\/h2>\n<p><h3><strong>W jednym miejscu poznasz:<\/strong><\/h3>\n<p>Informacje odno\u015bnie klimatyzacji GREE<br \/>\nOtrzymasz najlepsz\u0105 cen\u0119 z monta\u017cem<br \/>\nOtrzymasz najlepsz\u0105 cen\u0119 kupuj\u0105c w sklepie \u00b0FC online<br \/>\nDogodne finansowanie ratalne<br \/>Szybkie terminy realizacji<br \/>\n<br \/>\n<strong><\/p>\n<h3>Zamawiaj\u0105c produkt u nas:<\/strong><\/h3>\n<p>Otrzymasz produkt<br \/>\nJednostk\u0119 wewn\u0119trzna<br \/>\nJednostk\u0119 zewn\u0119trzna<br \/>\nSterowanie<br \/>\n<strong><\/p>\n<h3>Zlecaj\u0105c nam monta\u017c w Warszawie, w okolicach otrzymasz:<\/strong><\/h3>\n<p> Rabat na produkty GREE<br \/>\nKompletne pod\u0142\u0105czenie elektryczne oraz hydrauliczne<br \/>\nGwarancje<br \/>\nSerwis<\/p>\n<p>Po wycofaniu w 2021 GREE Lomo Basic, wprowadzono podobny cenowo i wygl\u0105dem Gree Pular.<br \/>\nTo kompaktowe urz\u0105dzenie jest wielofunkcyjne, proste i \u0142atwe w obs\u0142udze. Klimatyzator jest wysoce energooszcz\u0119dny i posiada szeroki zakres opcji sterowania. Posiada on szeroki zakres funkcji, w tym samooczyszczanie wymiennika ciep\u0142a jednostki wewn\u0119trznej, co wyd\u0142u\u017ca \u017cywotno\u015b\u0107 urz\u0105dzenia i poprawia jako\u015b\u0107 doprowadzanego powietrza.. Dzi\u0119ki funkcji I FEEL urz\u0105dzenie mo\u017ce przej\u015b\u0107 w tryb odczytu temperatury pokojowej z czujnika zdalnego sterowania, co pozwala na ustawienie urz\u0105dzenia zgodnie z preferencjami u\u017cytkownika. Technologia inwerterowa umo\u017cliwia bardziej precyzyjne ustawienie temperatury i oszcz\u0119dza energi\u0119. Urz\u0105dzenie jest wyposa\u017cone w jonizator powietrza do zwalczania mikroorganizm\u00f3w, funkcj\u0119 powrotu do poprzedniego stanu pracy i ustawie\u0144 po awarii zasilania i przywr\u00f3ceniu zasilania, a tak\u017ce automatyczn\u0105 migawk\u0119.\u00a0 Posiada r\u00f3wnie\u017c funkcj\u0119 timera, kt\u00f3ra pozwala u\u017cytkownikowi zaprogramowa\u0107 urz\u0105dzenie tak, aby automatycznie w\u0142\u0105cza\u0142o si\u0119 i wy\u0142\u0105cza\u0142o w ci\u0105gu 24 godzin.<div class=\"su-service\"><div class=\"su-service-title\" style=\"padding-left:52px;min-height:38px;line-height:38px\"><i class=\"sui sui-check-circle\" style=\"font-size:38px;color:#22a0ed\"><\/i> Wskaz\u00f3wka naszego eksperta<\/div><div class=\"su-service-content su-u-clearfix su-u-trim\" style=\"padding-left:52px\">Nasi klienci s\u0105 zadowoleni z klimatyzacji GREE. Polecamy ich, gdy inwestor nie ma pieni\u0119dzy na lepszy sprz\u0119t. Jest to markowy sprz\u0119t &#8211; je\u015bli mo\u017cna tak to uj\u0105\u0107.<br \/>\nJe\u015bli zastanawiasz si\u0119 nad zakupem wi\u0119kszych klimatyzator\u00f3w tej firmy, b\u0119dziesz mile zaskoczony &#8211; maj\u0105 one wiele dodatk\u00f3w u\u0142atwiaj\u0105cych obs\u0142ug\u0119 oraz funkcje, kt\u00f3rych nie znajdziesz w drogich klimatyzatorach.<\/div><\/div>\n<h2><strong>Zapraszamy do por\u00f3wnania zalet i wad klimatyzacji GREE<\/strong><\/h2>\n<p><strong>Jakie s\u0105 zalety takiego systemu?<\/strong><br \/><div class=\"su-service\"><div class=\"su-service-title\" style=\"padding-left:52px;min-height:38px;line-height:38px\"><i class=\"sui sui-check-circle\" style=\"font-size:38px;color:#22a0ed\"><\/i> Wskaz\u00f3wka naszego eksperta<\/div><div class=\"su-service-content su-u-clearfix su-u-trim\" style=\"padding-left:52px\">Im ni\u017csza temperatura otoczenia, tym ni\u017csza efektywno\u015b\u0107 grzewcza klimatyzatora.<\/div><\/div><strong>Jakie s\u0105 wady tego klimatyzatora?<\/strong><br \/><div class=\"su-service\"><div class=\"su-service-title\" style=\"padding-left:52px;min-height:38px;line-height:38px\"><i class=\"sui sui-check-circle\" style=\"font-size:38px;color:#22a0ed\"><\/i> Wskaz\u00f3wka naszego eksperta<\/div><div class=\"su-service-content su-u-clearfix su-u-trim\" style=\"padding-left:52px\"><div class=\"su-service\"><div class=\"su-service-title\" style=\"padding-left:52px;min-height:38px;line-height:38px\"><i class=\"sui sui-hand-o-right\" style=\"font-size:38px;color:#22a0ed\"><\/i> Podsumowuj\u0105c<\/div><div class=\"su-service-content su-u-clearfix su-u-trim\" style=\"padding-left:52px\"><\/div><\/div>Je\u015bli chcesz mie\u0107 klimatyzacj\u0119 w jednym pomieszczeniu to ten produkt jest dla Ciebie. Je\u015bli w kilku pomieszczeniach to wybierz system MULTI SPLIT. Oba rozwi\u0105zania s\u0105 dobrej jako\u015bci i ekologiczne. Rozwi\u0105zanie jednego pomieszczenia jest ta\u0144sze w zakupie I monta\u017cu. Cz\u0119sci to produkt\u00f3w GREE posiadamy na stanie.<\/p>\n<p>Co oferuje?<br \/>\nZegar Dzienny<\/p>\n<p>Kontrola W-Fi<\/p>\n<p>Bezprzewodowy Pilot Zdalnego Sterowania<\/p>\n<p>Inwerter<\/p>\n<p>Tryb Turbo<\/p>\n<p>Oszcz\u0119dno\u015b\u0107 Energii<\/p>\n<p>Samooczyszczanie<\/p>\n<p>Jonizator Powietrza<\/p>\n<p>Automatyczne Suszenie<\/p>\n<p>Inteligentne Odszranianie<\/p>\n<p>Samodiagnozowanie Usterek<\/p>\n<p>Automatyczny Restart<\/p>\n<p>Gor\u0105cy Start<\/p>\n<p>\u017baluzje Pionowe I Poziome<\/p>\n<p>Odczyt Temperatury Z Pilota Zdalnego Sterowania<\/p>\n<p>+8\u00b0C Konserwacja<\/p>\n<p>7 Pr\u0119dko\u015bci Wentylatora<\/p>\n<p>3 Tryby U\u015bpienia\u00a0<\/p>\n<p>Cicha Praca<\/p>\n<p>Suszenie Powietrzem<\/p>\n<p>5 Lat Gwarancji<\/p>\n<p>W przypadku ogrzewania lepiej jest przewymiarowa\u0107 urz\u0105dzenie na wi\u0119ksze, b\u0119dzie mia\u0142o lepsz\u0105 sprawno\u015b\u0107, a koszty eksploatacji b\u0119d\u0105 takie same, ponadto sprz\u0119t nie b\u0119dzie si\u0119 m\u0119czy\u0142.<\/div><\/div>\n<div class=\"hr-thin\"><\/div>\n<p>PARAMETRY TECHNICZNE<\/p>\n<div class=\"su-tabs su-tabs-style-default su-tabs-mobile-stack\" data-active=\"1\" data-scroll-offset=\"0\" data-anchor-in-url=\"no\"><div class=\"su-tabs-nav\"><span class=\"\" data-url=\"\" data-target=\"blank\" tabindex=\"0\" role=\"button\">Jak wybra\u0107 klimatyzator<\/span><span class=\"\" data-url=\"\" data-target=\"blank\" tabindex=\"0\" role=\"button\">Funkcje klimatyzator\u00f3w \u015bciennych<\/span><span class=\"\" data-url=\"\" data-target=\"blank\" tabindex=\"0\" role=\"button\">Sterowniki<\/span><span class=\"\" data-url=\"\" data-target=\"blank\" tabindex=\"0\" role=\"button\">Specyfikacja Techniczna<\/span><span class=\"\" data-url=\"\" data-target=\"blank\" tabindex=\"0\" role=\"button\">Akcesoria Monta\u017cowe<\/span><span class=\"\" data-url=\"\" data-target=\"blank\" tabindex=\"0\" role=\"button\">\u00b0FC oferta<\/span><\/div><div class=\"su-tabs-panes\"><div class=\"su-tabs-pane su-u-clearfix su-u-trim\" data-title=\"Jak wybra\u0107 klimatyzator\"><div class=\"su-document su-u-responsive-media-yes\"><iframe src=\"\/\/docs.google.com\/viewer?embedded=true&url=www.fabrykachlodu.pl\/sklep\/wp-content\/uploads\/2022\/06\/spec\/Jak_wybrac_klimatyzator_Gree.pdf\" width=\"600\" height=\"400\" class=\"su-document\" title=\"\"><\/iframe><\/div><\/div>\n<div class=\"su-tabs-pane su-u-clearfix su-u-trim\" data-title=\"Funkcje klimatyzator\u00f3w \u015bciennych\"><div class=\"su-document su-u-responsive-media-yes\"><iframe src=\"\/\/docs.google.com\/viewer?embedded=true&url=www.fabrykachlodu.pl\/sklep\/wp-content\/uploads\/2022\/06\/spec\/Funkcje.Klimatyzatorow.Sciennych.Gree.2022.pdf\" width=\"600\" height=\"400\" class=\"su-document\" title=\"\"><\/iframe><\/div><\/div>\n<div class=\"su-tabs-pane su-u-clearfix su-u-trim\" data-title=\"Sterowniki\"><div class=\"su-document su-u-responsive-media-yes\"><iframe src=\"\/\/docs.google.com\/viewer?embedded=true&url=www.fabrykachlodu.pl\/sklep\/wp-content\/uploads\/2022\/06\/spec\/Sterowniki.Gree.2022.pdf\" width=\"600\" height=\"400\" class=\"su-document\" title=\"\"><\/iframe><\/div><\/div>\n<div class=\"su-tabs-pane su-u-clearfix su-u-trim\" data-title=\"Specyfikacja Techniczna\"><div class=\"su-document su-u-responsive-media-yes\"><iframe src=\"\/\/docs.google.com\/viewer?embedded=true&url=www.fabrykachlodu.pl\/sklep\/wp-content\/uploads\/2022\/06\/spec\/GREE.PULAR.tani.energooszczedny.klimatyzator.montaz.pdf\" width=\"600\" height=\"400\" class=\"su-document\" title=\"\"><\/iframe><\/div><\/div>\n<div class=\"su-tabs-pane su-u-clearfix su-u-trim\" data-title=\"Akcesoria Monta\u017cowe\"><div class=\"su-document su-u-responsive-media-yes\"><iframe src=\"\/\/docs.google.com\/viewer?embedded=true&url=https:\/\/www.fabrykachlodu.pl\/sklep\/wp-content\/uploads\/2020\/04\/33.334.35.Akcesoria.Klimatyzacja.castel_airco_2018.pdf\" width=\"600\" height=\"400\" class=\"su-document\" title=\"\"><\/iframe><\/div><\/div>\n<div class=\"su-tabs-pane su-u-clearfix su-u-trim\" data-title=\"\u00b0FC oferta\"><div class=\"su-document su-u-responsive-media-yes\"><iframe src=\"\/\/docs.google.com\/viewer?embedded=true&url=http:\/\/www.fabrykachlodu.pl\/oferta\/FC.Nowosci.pdf\" width=\"600\" height=\"400\" class=\"su-document\" title=\"\"><\/iframe><\/div><\/div><\/div><\/div>\n<p>Dokumenty si\u0119 nie wy\u015bwietlaj\u0105? <input type=\"button\" value=\"Od\u015bwie\u017c stron\u0119\" onclick=\"location.reload();\"><\/p>\n","protected":false},"excerpt":{"rendered":"<p><span style=\"color: #000000;\"><strong>Najwa\u017cniejsze zalety<\/strong><\/span>[dt_list style=\"1\" bullet_position=\"middle\" dividers=\"true\"][dt_list style=\"1\" bullet_position=\"middle\" dividers=\"true\"][dt_list_item image=\"\"]Modu\u0142 Wi-Fi w standardzie[\/dt_list_item][dt_list_item image=\"\"]Tani sprawdzony klimatyzator[\/dt_list_item][dt_list_item image=\"\"]7 bieg\u00f3w wentylatora[\/dt_list_item][dt_list_item image=\"\"]Niewielkie gabaryty[\/dt_list_item][\/dt_list]<\/p>\n","protected":false},"featured_media":86596,"template":"","meta":[],"product_cat":[154,6202,189],"product_tag":[6207,1079,1053,6205,6228,2281,6203],"yoast_head":"<!-- This site is optimized with the Yoast SEO plugin v22.1 - https:\/\/yoast.com\/wordpress\/plugins\/seo\/ -->\n<title>Klimatyzator \u015bcienny Gree Pular GWH18AGD-K6DNA1D Zestaw do 35-50m2 A++ 3,20kW<\/title>\n<meta name=\"description\" content=\"Klimatyzator \u015bcienny Gree Pular GWH18AGD-K6DNA1D Zestaw do 35-50m2 A++ 3,20kW\" \/>\n<meta name=\"robots\" content=\"index, nofollow, max-snippet:-1, max-image-preview:large, max-video-preview:-1, noarchive\" \/>\n<link rel=\"canonical\" href=\"https:\/\/www.fabrykachlodu.pl\/sklep\/produkt\/gree-pular-a-a-460kw-520kw-bialy-do-35-50m2\/\" \/>\n<meta name=\"twitter:label1\" content=\"Szacowany czas czytania\" \/>\n\t<meta name=\"twitter:data1\" content=\"4 minuty\" \/>\n<script type=\"application\/ld+json\" class=\"yoast-schema-graph\">{\"@context\":\"https:\/\/schema.org\",\"@graph\":[{\"@type\":\"WebPage\",\"@id\":\"https:\/\/www.fabrykachlodu.pl\/sklep\/produkt\/gree-pular-a-a-460kw-520kw-bialy-do-35-50m2\/\",\"url\":\"https:\/\/www.fabrykachlodu.pl\/sklep\/produkt\/gree-pular-a-a-460kw-520kw-bialy-do-35-50m2\/\",\"name\":\"Klimatyzator \u015bcienny Gree Pular GWH18AGD-K6DNA1D Zestaw do 35-50m2 A++ 3,20kW\",\"isPartOf\":{\"@id\":\"https:\/\/www.fabrykachlodu.pl\/sklep\/#website\"},\"datePublished\":\"2022-06-11T12:25:11+00:00\",\"dateModified\":\"2022-06-20T07:51:58+00:00\",\"description\":\"Klimatyzator \u015bcienny Gree Pular GWH18AGD-K6DNA1D Zestaw do 35-50m2 A++ 3,20kW\",\"breadcrumb\":{\"@id\":\"https:\/\/www.fabrykachlodu.pl\/sklep\/produkt\/gree-pular-a-a-460kw-520kw-bialy-do-35-50m2\/#breadcrumb\"},\"inLanguage\":\"pl-PL\",\"potentialAction\":[{\"@type\":\"ReadAction\",\"target\":[\"https:\/\/www.fabrykachlodu.pl\/sklep\/produkt\/gree-pular-a-a-460kw-520kw-bialy-do-35-50m2\/\"]}]},{\"@type\":\"BreadcrumbList\",\"@id\":\"https:\/\/www.fabrykachlodu.pl\/sklep\/produkt\/gree-pular-a-a-460kw-520kw-bialy-do-35-50m2\/#breadcrumb\",\"itemListElement\":[{\"@type\":\"ListItem\",\"position\":1,\"name\":\"Strona g\u0142\u00f3wna\",\"item\":\"https:\/\/www.fabrykachlodu.pl\/sklep\/\"},{\"@type\":\"ListItem\",\"position\":2,\"name\":\"Szukasz klimatzyacji biurowej sklepowej lub do mieszkania?\",\"item\":\"https:\/\/www.fabrykachlodu.pl\/sklep\/\"},{\"@type\":\"ListItem\",\"position\":3,\"name\":\"GREE\",\"item\":\"https:\/\/www.fabrykachlodu.pl\/sklep\/product-category\/gree\/\"},{\"@type\":\"ListItem\",\"position\":4,\"name\":\"Nascienny\",\"item\":\"https:\/\/www.fabrykachlodu.pl\/sklep\/product-category\/gree\/nascienny\/\"},{\"@type\":\"ListItem\",\"position\":5,\"name\":\"PULAR\",\"item\":\"https:\/\/www.fabrykachlodu.pl\/sklep\/product-category\/gree\/nascienny\/pular\/\"},{\"@type\":\"ListItem\",\"position\":6,\"name\":\"GREE Pular A++, A+, 4,60kW 5,20kW Bia\u0142y do 35-50m2\"}]},{\"@type\":\"WebSite\",\"@id\":\"https:\/\/www.fabrykachlodu.pl\/sklep\/#website\",\"url\":\"https:\/\/www.fabrykachlodu.pl\/sklep\/\",\"name\":\"\u00b0FC Sklep Internetowy monta\u017c klimatyzacji pomp ciep\u0142a\",\"description\":\"\u00b0FC monta\u017c klimatyzacji pomp ciep\u0142a z nami to szybki i tani wyb\u00f3r.  Us\u0142ugi monta\u017cowe i serwisowe W Warszawie i okolicach..\",\"potentialAction\":[{\"@type\":\"SearchAction\",\"target\":{\"@type\":\"EntryPoint\",\"urlTemplate\":\"https:\/\/www.fabrykachlodu.pl\/sklep\/?s={search_term_string}\"},\"query-input\":\"required name=search_term_string\"}],\"inLanguage\":\"pl-PL\"}]}<\/script>\n<!-- \/ Yoast SEO plugin. -->","yoast_head_json":{"title":"Klimatyzator \u015bcienny Gree Pular GWH18AGD-K6DNA1D Zestaw do 35-50m2 A++ 3,20kW","description":"Klimatyzator \u015bcienny Gree Pular GWH18AGD-K6DNA1D Zestaw do 35-50m2 A++ 3,20kW","robots":{"index":"index","follow":"nofollow","max-snippet":"max-snippet:-1","max-image-preview":"max-image-preview:large","max-video-preview":"max-video-preview:-1","archive":"noarchive"},"canonical":"https:\/\/www.fabrykachlodu.pl\/sklep\/produkt\/gree-pular-a-a-460kw-520kw-bialy-do-35-50m2\/","twitter_misc":{"Szacowany czas czytania":"4 minuty"},"schema":{"@context":"https:\/\/schema.org","@graph":[{"@type":"WebPage","@id":"https:\/\/www.fabrykachlodu.pl\/sklep\/produkt\/gree-pular-a-a-460kw-520kw-bialy-do-35-50m2\/","url":"https:\/\/www.fabrykachlodu.pl\/sklep\/produkt\/gree-pular-a-a-460kw-520kw-bialy-do-35-50m2\/","name":"Klimatyzator \u015bcienny Gree Pular GWH18AGD-K6DNA1D Zestaw do 35-50m2 A++ 3,20kW","isPartOf":{"@id":"https:\/\/www.fabrykachlodu.pl\/sklep\/#website"},"datePublished":"2022-06-11T12:25:11+00:00","dateModified":"2022-06-20T07:51:58+00:00","description":"Klimatyzator \u015bcienny Gree Pular GWH18AGD-K6DNA1D Zestaw do 35-50m2 A++ 3,20kW","breadcrumb":{"@id":"https:\/\/www.fabrykachlodu.pl\/sklep\/produkt\/gree-pular-a-a-460kw-520kw-bialy-do-35-50m2\/#breadcrumb"},"inLanguage":"pl-PL","potentialAction":[{"@type":"ReadAction","target":["https:\/\/www.fabrykachlodu.pl\/sklep\/produkt\/gree-pular-a-a-460kw-520kw-bialy-do-35-50m2\/"]}]},{"@type":"BreadcrumbList","@id":"https:\/\/www.fabrykachlodu.pl\/sklep\/produkt\/gree-pular-a-a-460kw-520kw-bialy-do-35-50m2\/#breadcrumb","itemListElement":[{"@type":"ListItem","position":1,"name":"Strona g\u0142\u00f3wna","item":"https:\/\/www.fabrykachlodu.pl\/sklep\/"},{"@type":"ListItem","position":2,"name":"Szukasz klimatzyacji biurowej sklepowej lub do mieszkania?","item":"https:\/\/www.fabrykachlodu.pl\/sklep\/"},{"@type":"ListItem","position":3,"name":"GREE","item":"https:\/\/www.fabrykachlodu.pl\/sklep\/product-category\/gree\/"},{"@type":"ListItem","position":4,"name":"Nascienny","item":"https:\/\/www.fabrykachlodu.pl\/sklep\/product-category\/gree\/nascienny\/"},{"@type":"ListItem","position":5,"name":"PULAR","item":"https:\/\/www.fabrykachlodu.pl\/sklep\/product-category\/gree\/nascienny\/pular\/"},{"@type":"ListItem","position":6,"name":"GREE Pular A++, A+, 4,60kW 5,20kW Bia\u0142y do 35-50m2"}]},{"@type":"WebSite","@id":"https:\/\/www.fabrykachlodu.pl\/sklep\/#website","url":"https:\/\/www.fabrykachlodu.pl\/sklep\/","name":"\u00b0FC Sklep Internetowy monta\u017c klimatyzacji pomp ciep\u0142a","description":"\u00b0FC monta\u017c klimatyzacji pomp ciep\u0142a z nami to szybki i tani wyb\u00f3r.  Us\u0142ugi monta\u017cowe i serwisowe W Warszawie i okolicach..","potentialAction":[{"@type":"SearchAction","target":{"@type":"EntryPoint","urlTemplate":"https:\/\/www.fabrykachlodu.pl\/sklep\/?s={search_term_string}"},"query-input":"required name=search_term_string"}],"inLanguage":"pl-PL"}]}},"_links":{"self":[{"href":"https:\/\/www.fabrykachlodu.pl\/sklep\/wp-json\/wp\/v2\/product\/86699"}],"collection":[{"href":"https:\/\/www.fabrykachlodu.pl\/sklep\/wp-json\/wp\/v2\/product"}],"about":[{"href":"https:\/\/www.fabrykachlodu.pl\/sklep\/wp-json\/wp\/v2\/types\/product"}],"wp:featuredmedia":[{"embeddable":true,"href":"https:\/\/www.fabrykachlodu.pl\/sklep\/wp-json\/wp\/v2\/media\/86596"}],"wp:attachment":[{"href":"https:\/\/www.fabrykachlodu.pl\/sklep\/wp-json\/wp\/v2\/media?parent=86699"}],"wp:term":[{"taxonomy":"product_cat","embeddable":true,"href":"https:\/\/www.fabrykachlodu.pl\/sklep\/wp-json\/wp\/v2\/product_cat?post=86699"},{"taxonomy":"product_tag","embeddable":true,"href":"https:\/\/www.fabrykachlodu.pl\/sklep\/wp-json\/wp\/v2\/product_tag?post=86699"}],"curies":[{"name":"wp","href":"https:\/\/api.w.org\/{rel}","templated":true}]}}