{"id":86813,"date":"2022-06-15T21:54:48","date_gmt":"2022-06-15T19:54:48","guid":{"rendered":"http:\/\/www.fabrykachlodu.pl\/sklep\/produkt\/gree-fairy-a-a-520kw-530kw-bialy-do-35-50m2\/"},"modified":"2022-06-20T09:52:21","modified_gmt":"2022-06-20T07:52:21","slug":"gree-fairy-a-a-520kw-530kw-bialy-do-35-50m2","status":"publish","type":"product","link":"https:\/\/www.fabrykachlodu.pl\/sklep\/produkt\/gree-fairy-a-a-520kw-530kw-bialy-do-35-50m2\/","title":{"rendered":"GREE Fairy A++, A+, 5,20kW 5,30kW Bia\u0142y Srebrny Czarny Srebrny Czarny do 35-50m2"},"content":{"rendered":"<p> GREE Fairy A++, A+, 5,20kW 5,30kW Bia\u0142y do 35-50m2 GWH18ACD-K6DNA1DInformacje odno\u015bnie klimatyzacji GREE<br \/>\nOtrzymasz najlepsz\u0105 cen\u0119 z monta\u017cem<br \/>\nOtrzymasz najlepsz\u0105 cen\u0119 kupuj\u0105c w sklepie \u00b0FC online<br \/>\nDogodne finansowanie ratalne<br \/>Szybkie terminy realizacji<br \/>\n<br \/>\n<strong><\/p>\n<h3>Zamawiaj\u0105c produkt u nas:<\/strong><\/h3>\n<p>Otrzymasz produkt<br \/>\nJednostk\u0119 wewn\u0119trzna<br \/>\nJednostk\u0119 zewn\u0119trzna<br \/>\nSterowanie<br \/>\nAkcesoria<br \/> Serwis<br \/><strong><\/p>\n<h3>Zlecaj\u0105c nam monta\u017c w Warszawie, w okolicach otrzymasz:<\/strong><\/h3>\n<p> Rabat na wiele produkt\u00f3w<br \/> Kompletne pod\u0142\u0105czenie elektryczne oraz hydrauliczne<br \/> Gwarancje<br \/> Serwis<\/p>\n<p>Klimatyzator Fairy w najnowszej ods\u0142onie zyska\u0142 nowe funkcje i cechy. Prezentowany w nowej bia\u0142ej, czarnej, srebrnej oprawie, stanowi ponadczasow\u0105 ofert\u0119 dla designer\u00f3w<\/p>\n<p>Starania producenta pozwoli\u0142y osi\u0105gn\u0105\u0107 szerszy zakres temperatur pracy oraz wy\u017csze wsp\u00f3\u0142czynniki efektywno\u015bci dla najwi\u0119kszych wydajno\u015bci. Dodatkowo wszystkie modele wyposa\u017cone zosta\u0142y w automatyczne \u017caluzje pionowe i poziome oraz funkcj\u0119 samooczyszczania.W wyborze klimatyzatora mo\u017cna kierowa\u0107 si\u0119 wieloma kryteriami, dla niekt\u00f3rych najwa\u017cniejsza b\u0119dzie wydajno\u015b\u0107, inna osoba urz\u0105dzenia w konkretnym designie. Klimatyzator Fairy poza atrakcyjnym designem jest urz\u0105dzeniem wszechstronnym.<div class=\"su-service\"><div class=\"su-service-title\" style=\"padding-left:52px;min-height:38px;line-height:38px\"><i class=\"sui sui-check-circle\" style=\"font-size:38px;color:#22a0ed\"><\/i> Wskaz\u00f3wka naszego eksperta<\/div><div class=\"su-service-content su-u-clearfix su-u-trim\" style=\"padding-left:52px\">Produkty bardzo wysokiej jako\u015bci<br \/>\nProdukty firmy Castel Engineering konkuruj\u0105 atrakcyjn\u0105 cen\u0105 ale produkuje produkty bardzo wysokiej jako\u015bci. Dzi\u0119ki pe\u0142nej kontroli nad procesami produkcyjnymi i koncepcjami narz\u0119dzi, uda\u0142o si\u0119 stworzy\u0107 konkurencyjn\u0105 ofert\u0119, pozostaj\u0105c jednocze\u015bnie innowacyjni.<\/div><\/div>\n<h2><strong>Zalety i wady producenta<\/strong><\/h2>\n<p><strong>Czy wybra\u0107 produkt tej firmy?<\/strong><br \/><div class=\"su-service\"><div class=\"su-service-title\" style=\"padding-left:52px;min-height:38px;line-height:38px\"><i class=\"sui sui-check-circle\" style=\"font-size:38px;color:#22a0ed\"><\/i> Wskaz\u00f3wka naszego eksperta<\/div><div class=\"su-service-content su-u-clearfix su-u-trim\" style=\"padding-left:52px\">Poszanowanie \u015brodowiska<br \/>\nFirma Castel Engineering zdaje sobie spraw\u0119, \u017ce zasoby naturalne na naszej planecie s\u0105 ograniczone.<\/p>\n<p>\nPragn\u0105c ich nie marnowa\u0107, wprowadzi\u0142a np.<br \/>\nProgram recyklingu, kt\u00f3ry pozwala odzyska\u0107 i ponownie wykorzysta\u0107 jak najwi\u0119cej surowc\u00f3w<\/p>\n<p>\nOpakowania, g\u0142\u00f3wnie pochodz\u0105ce z recyklingu, starannie dobrane do minimalnego oddzia\u0142ywania ekologicznego<\/p>\n<p>\nKupuje zielon\u0105 energi\u0119 do produkcji oraz wyposa\u017cy\u0142 fabryk\u0119 w panele s\u0142oneczne, aby zapewni\u0107 wi\u0119kszo\u015b\u0107 naszego zapotrzebowania na energi\u0119<\/p>\n<\/div><\/div><strong>Mam w\u0105tpliwo\u015bci odno\u015bnie produktu, co zrobi\u0107?<\/strong><br \/><div class=\"su-service\"><div class=\"su-service-title\" style=\"padding-left:52px;min-height:38px;line-height:38px\"><i class=\"sui sui-check-circle\" style=\"font-size:38px;color:#22a0ed\"><\/i> Wskaz\u00f3wka naszego eksperta<\/div><div class=\"su-service-content su-u-clearfix su-u-trim\" style=\"padding-left:52px\"><div class=\"su-service\"><div class=\"su-service-title\" style=\"padding-left:52px;min-height:38px;line-height:38px\"><i class=\"sui sui-hand-o-right\" style=\"font-size:38px;color:#22a0ed\"><\/i> Podsumowuj\u0105c<\/div><div class=\"su-service-content su-u-clearfix su-u-trim\" style=\"padding-left:52px\"><\/div><\/div>W Fabryce Ch\u0142odu produkty Castel Engineering stosowane s\u0105 w ka\u017cdym projekcie zar\u00f3wno w ma\u0142ych instalacjach jak i rozbudowanych projektach. Teraz, ka\u017cdy ma do nich dost\u0119p dzi\u0119ki sk\u0142adaj\u0105c zam\u00f3wienie w naszym sklepie online. Ju\u017c teraz znajdziesz najlepsze odpowiednie rozwi\u0105zanie dla swoich projekt\u00f3w.<\/p>\n<p>Zapasy i transport <br \/>\nOferujemy szybki i konkurencje rozwi\u0105zania transportowe, dzi\u0119ki utrzymywaniu dobrze wype\u0142nionego zapasu w magazynie. Z naszego magazynu zlokalizowanego pod Warszaw\u0105, dostarczymy produktu ju\u017c nast\u0119pnego dnia od z\u0142o\u017cenia zam\u00f3wienia. Osobiste podej\u015bcie<br \/>\nKomunikacja ma dla Fabryki Ch\u0142odu kluczowe znaczenie. Dbamy o ka\u017cdego klienta z indywidualnym i osobistym podej\u015bciem. Nasz zesp\u00f3\u0142 sprzeda\u017cy, w razie w\u0105tpliwo\u015bci  przeprowadzi Ci\u0119 krok po kroku, aby zrozumie\u0107 Twoje potrzeby, doradzi\u0107 wyb\u00f3r odpowiednich produkt\u00f3w, wys\u0142a\u0107 ofert\u0119 i upewnij si\u0119, \u017ce twoje zam\u00f3wienie zostanie dostarczone do magazynu.<\/div><\/div>\n<div class=\"hr-thin\"><\/div>\n<p>PARAMETRY TECHNICZNE<\/p>\n<div class=\"su-tabs su-tabs-style-default su-tabs-mobile-stack\" data-active=\"1\" data-scroll-offset=\"0\" data-anchor-in-url=\"no\"><div class=\"su-tabs-nav\"><span class=\"\" data-url=\"\" data-target=\"blank\" tabindex=\"0\" role=\"button\">Jak wybra\u0107 klimatyzator<\/span><span class=\"\" data-url=\"\" data-target=\"blank\" tabindex=\"0\" role=\"button\">Funkcje klimatyzator\u00f3w \u015bciennych<\/span><span class=\"\" data-url=\"\" data-target=\"blank\" tabindex=\"0\" role=\"button\">Sterowniki<\/span><span class=\"\" data-url=\"\" data-target=\"blank\" tabindex=\"0\" role=\"button\">Specyfikacja Techniczna<\/span><span class=\"\" data-url=\"\" data-target=\"blank\" tabindex=\"0\" role=\"button\">Akcesoria Monta\u017cowe<\/span><span class=\"\" data-url=\"\" data-target=\"blank\" tabindex=\"0\" role=\"button\">\u00b0FC oferta<\/span><\/div><div class=\"su-tabs-panes\"><div class=\"su-tabs-pane su-u-clearfix su-u-trim\" data-title=\"Jak wybra\u0107 klimatyzator\"><div class=\"su-document su-u-responsive-media-yes\"><iframe src=\"\/\/docs.google.com\/viewer?embedded=true&url=www.fabrykachlodu.pl\/sklep\/wp-content\/uploads\/2022\/06\/spec\/Jak_wybrac_klimatyzator_Gree.pdf\" width=\"600\" height=\"400\" class=\"su-document\" title=\"\"><\/iframe><\/div><\/div>\n<div class=\"su-tabs-pane su-u-clearfix su-u-trim\" data-title=\"Funkcje klimatyzator\u00f3w \u015bciennych\"><div class=\"su-document su-u-responsive-media-yes\"><iframe src=\"\/\/docs.google.com\/viewer?embedded=true&url=www.fabrykachlodu.pl\/sklep\/wp-content\/uploads\/2022\/06\/spec\/Funkcje.Klimatyzatorow.Sciennych.Gree.2022.pdf\" width=\"600\" height=\"400\" class=\"su-document\" title=\"\"><\/iframe><\/div><\/div>\n<div class=\"su-tabs-pane su-u-clearfix su-u-trim\" data-title=\"Sterowniki\"><div class=\"su-document su-u-responsive-media-yes\"><iframe src=\"\/\/docs.google.com\/viewer?embedded=true&url=www.fabrykachlodu.pl\/sklep\/wp-content\/uploads\/2022\/06\/spec\/Sterowniki.Gree.2022.pdf\" width=\"600\" height=\"400\" class=\"su-document\" title=\"\"><\/iframe><\/div><\/div>\n<div class=\"su-tabs-pane su-u-clearfix su-u-trim\" data-title=\"Specyfikacja Techniczna\"><div class=\"su-document su-u-responsive-media-yes\"><iframe src=\"\/\/docs.google.com\/viewer?embedded=true&url=www.fabrykachlodu.pl\/sklep\/wp-content\/uploads\/2022\/06\/spec\/GREE.FAIRY.klimatyzator.do.malego.mieszkania.pdf\" width=\"600\" height=\"400\" class=\"su-document\" title=\"\"><\/iframe><\/div><\/div>\n<div class=\"su-tabs-pane su-u-clearfix su-u-trim\" data-title=\"Akcesoria Monta\u017cowe\"><div class=\"su-document su-u-responsive-media-yes\"><iframe src=\"\/\/docs.google.com\/viewer?embedded=true&url=https:\/\/www.fabrykachlodu.pl\/sklep\/wp-content\/uploads\/2020\/04\/33.334.35.Akcesoria.Klimatyzacja.castel_airco_2018.pdf\" width=\"600\" height=\"400\" class=\"su-document\" title=\"\"><\/iframe><\/div><\/div>\n<div class=\"su-tabs-pane su-u-clearfix su-u-trim\" data-title=\"\u00b0FC oferta\"><div class=\"su-document su-u-responsive-media-yes\"><iframe src=\"\/\/docs.google.com\/viewer?embedded=true&url=http:\/\/www.fabrykachlodu.pl\/oferta\/FC.Nowosci.pdf\" width=\"600\" height=\"400\" class=\"su-document\" title=\"\"><\/iframe><\/div><\/div><\/div><\/div>\n<p>Dokumenty si\u0119 nie wy\u015bwietlaj\u0105? <input type=\"button\" value=\"Od\u015bwie\u017c stron\u0119\" onclick=\"location.reload();\"><\/p>\n","protected":false},"excerpt":{"rendered":"<p><span style=\"color: #000000;\"><strong>Najwa\u017cniejsze zalety<\/strong><\/span>[dt_list style=\"1\" bullet_position=\"middle\" dividers=\"true\"][dt_list style=\"1\" bullet_position=\"middle\" dividers=\"true\"][dt_list_item image=\"\"]Wy\u017csze wsp\u00f3\u0142czynniki efektywno\u015bci[\/dt_list_item][dt_list_item image=\"\"]Automatyczne \u017caluzje pionowe i poziome[\/dt_list_item][dt_list_item image=\"\"]Mo\u017ce on wydajnie ch\u0142odzi\u0107 jak i ogrzewa\u0107 pomieszczenia[\/dt_list_item][dt_list_item image=\"\"]Funkcja ogrzewania czasowo nieu\u017cytkowanych pomieszcze\u0144[\/dt_list_item][\/dt_list]<\/p>\n","protected":false},"featured_media":86844,"template":"","meta":[],"product_cat":[154,391,189],"product_tag":[6282,6283,6263,2471,6277],"yoast_head":"<!-- This site is optimized with the Yoast SEO plugin v22.1 - https:\/\/yoast.com\/wordpress\/plugins\/seo\/ -->\n<title>Klimatyzator \u015bcienny Gree Fairy White GWH18ACD-K6DNA1D Zestaw do 35-50m2 A++ 3,51kW<\/title>\n<meta name=\"description\" content=\"Klimatyzator \u015bcienny Gree Fairy White GWH18ACD-K6DNA1D Zestaw do 35-50m2 A++ 3,51kW\" \/>\n<meta name=\"robots\" content=\"index, nofollow, max-snippet:-1, max-image-preview:large, max-video-preview:-1, noarchive\" \/>\n<link rel=\"canonical\" href=\"https:\/\/www.fabrykachlodu.pl\/sklep\/produkt\/gree-fairy-a-a-520kw-530kw-bialy-do-35-50m2\/\" \/>\n<meta name=\"twitter:label1\" content=\"Szacowany czas czytania\" \/>\n\t<meta name=\"twitter:data1\" content=\"4 minuty\" \/>\n<script type=\"application\/ld+json\" class=\"yoast-schema-graph\">{\"@context\":\"https:\/\/schema.org\",\"@graph\":[{\"@type\":\"WebPage\",\"@id\":\"https:\/\/www.fabrykachlodu.pl\/sklep\/produkt\/gree-fairy-a-a-520kw-530kw-bialy-do-35-50m2\/\",\"url\":\"https:\/\/www.fabrykachlodu.pl\/sklep\/produkt\/gree-fairy-a-a-520kw-530kw-bialy-do-35-50m2\/\",\"name\":\"Klimatyzator \u015bcienny Gree Fairy White GWH18ACD-K6DNA1D Zestaw do 35-50m2 A++ 3,51kW\",\"isPartOf\":{\"@id\":\"https:\/\/www.fabrykachlodu.pl\/sklep\/#website\"},\"datePublished\":\"2022-06-15T19:54:48+00:00\",\"dateModified\":\"2022-06-20T07:52:21+00:00\",\"description\":\"Klimatyzator \u015bcienny Gree Fairy White GWH18ACD-K6DNA1D Zestaw do 35-50m2 A++ 3,51kW\",\"breadcrumb\":{\"@id\":\"https:\/\/www.fabrykachlodu.pl\/sklep\/produkt\/gree-fairy-a-a-520kw-530kw-bialy-do-35-50m2\/#breadcrumb\"},\"inLanguage\":\"pl-PL\",\"potentialAction\":[{\"@type\":\"ReadAction\",\"target\":[\"https:\/\/www.fabrykachlodu.pl\/sklep\/produkt\/gree-fairy-a-a-520kw-530kw-bialy-do-35-50m2\/\"]}]},{\"@type\":\"BreadcrumbList\",\"@id\":\"https:\/\/www.fabrykachlodu.pl\/sklep\/produkt\/gree-fairy-a-a-520kw-530kw-bialy-do-35-50m2\/#breadcrumb\",\"itemListElement\":[{\"@type\":\"ListItem\",\"position\":1,\"name\":\"Strona g\u0142\u00f3wna\",\"item\":\"https:\/\/www.fabrykachlodu.pl\/sklep\/\"},{\"@type\":\"ListItem\",\"position\":2,\"name\":\"Szukasz klimatzyacji biurowej sklepowej lub do mieszkania?\",\"item\":\"https:\/\/www.fabrykachlodu.pl\/sklep\/\"},{\"@type\":\"ListItem\",\"position\":3,\"name\":\"GREE\",\"item\":\"https:\/\/www.fabrykachlodu.pl\/sklep\/product-category\/gree\/\"},{\"@type\":\"ListItem\",\"position\":4,\"name\":\"Nascienny\",\"item\":\"https:\/\/www.fabrykachlodu.pl\/sklep\/product-category\/gree\/nascienny\/\"},{\"@type\":\"ListItem\",\"position\":5,\"name\":\"FAIRY\",\"item\":\"https:\/\/www.fabrykachlodu.pl\/sklep\/product-category\/gree\/nascienny\/fc-tanie-i-solidne-chlodzenie-w-sypialni-pokoju-salonie-mieszkaniu\/\"},{\"@type\":\"ListItem\",\"position\":6,\"name\":\"GREE Fairy A++, A+, 5,20kW 5,30kW Bia\u0142y Srebrny Czarny Srebrny Czarny do 35-50m2\"}]},{\"@type\":\"WebSite\",\"@id\":\"https:\/\/www.fabrykachlodu.pl\/sklep\/#website\",\"url\":\"https:\/\/www.fabrykachlodu.pl\/sklep\/\",\"name\":\"\u00b0FC Sklep Internetowy monta\u017c klimatyzacji pomp ciep\u0142a\",\"description\":\"\u00b0FC monta\u017c klimatyzacji pomp ciep\u0142a z nami to szybki i tani wyb\u00f3r.  Us\u0142ugi monta\u017cowe i serwisowe W Warszawie i okolicach..\",\"potentialAction\":[{\"@type\":\"SearchAction\",\"target\":{\"@type\":\"EntryPoint\",\"urlTemplate\":\"https:\/\/www.fabrykachlodu.pl\/sklep\/?s={search_term_string}\"},\"query-input\":\"required name=search_term_string\"}],\"inLanguage\":\"pl-PL\"}]}<\/script>\n<!-- \/ Yoast SEO plugin. -->","yoast_head_json":{"title":"Klimatyzator \u015bcienny Gree Fairy White GWH18ACD-K6DNA1D Zestaw do 35-50m2 A++ 3,51kW","description":"Klimatyzator \u015bcienny Gree Fairy White GWH18ACD-K6DNA1D Zestaw do 35-50m2 A++ 3,51kW","robots":{"index":"index","follow":"nofollow","max-snippet":"max-snippet:-1","max-image-preview":"max-image-preview:large","max-video-preview":"max-video-preview:-1","archive":"noarchive"},"canonical":"https:\/\/www.fabrykachlodu.pl\/sklep\/produkt\/gree-fairy-a-a-520kw-530kw-bialy-do-35-50m2\/","twitter_misc":{"Szacowany czas czytania":"4 minuty"},"schema":{"@context":"https:\/\/schema.org","@graph":[{"@type":"WebPage","@id":"https:\/\/www.fabrykachlodu.pl\/sklep\/produkt\/gree-fairy-a-a-520kw-530kw-bialy-do-35-50m2\/","url":"https:\/\/www.fabrykachlodu.pl\/sklep\/produkt\/gree-fairy-a-a-520kw-530kw-bialy-do-35-50m2\/","name":"Klimatyzator \u015bcienny Gree Fairy White GWH18ACD-K6DNA1D Zestaw do 35-50m2 A++ 3,51kW","isPartOf":{"@id":"https:\/\/www.fabrykachlodu.pl\/sklep\/#website"},"datePublished":"2022-06-15T19:54:48+00:00","dateModified":"2022-06-20T07:52:21+00:00","description":"Klimatyzator \u015bcienny Gree Fairy White GWH18ACD-K6DNA1D Zestaw do 35-50m2 A++ 3,51kW","breadcrumb":{"@id":"https:\/\/www.fabrykachlodu.pl\/sklep\/produkt\/gree-fairy-a-a-520kw-530kw-bialy-do-35-50m2\/#breadcrumb"},"inLanguage":"pl-PL","potentialAction":[{"@type":"ReadAction","target":["https:\/\/www.fabrykachlodu.pl\/sklep\/produkt\/gree-fairy-a-a-520kw-530kw-bialy-do-35-50m2\/"]}]},{"@type":"BreadcrumbList","@id":"https:\/\/www.fabrykachlodu.pl\/sklep\/produkt\/gree-fairy-a-a-520kw-530kw-bialy-do-35-50m2\/#breadcrumb","itemListElement":[{"@type":"ListItem","position":1,"name":"Strona g\u0142\u00f3wna","item":"https:\/\/www.fabrykachlodu.pl\/sklep\/"},{"@type":"ListItem","position":2,"name":"Szukasz klimatzyacji biurowej sklepowej lub do mieszkania?","item":"https:\/\/www.fabrykachlodu.pl\/sklep\/"},{"@type":"ListItem","position":3,"name":"GREE","item":"https:\/\/www.fabrykachlodu.pl\/sklep\/product-category\/gree\/"},{"@type":"ListItem","position":4,"name":"Nascienny","item":"https:\/\/www.fabrykachlodu.pl\/sklep\/product-category\/gree\/nascienny\/"},{"@type":"ListItem","position":5,"name":"FAIRY","item":"https:\/\/www.fabrykachlodu.pl\/sklep\/product-category\/gree\/nascienny\/fc-tanie-i-solidne-chlodzenie-w-sypialni-pokoju-salonie-mieszkaniu\/"},{"@type":"ListItem","position":6,"name":"GREE Fairy A++, A+, 5,20kW 5,30kW Bia\u0142y Srebrny Czarny Srebrny Czarny do 35-50m2"}]},{"@type":"WebSite","@id":"https:\/\/www.fabrykachlodu.pl\/sklep\/#website","url":"https:\/\/www.fabrykachlodu.pl\/sklep\/","name":"\u00b0FC Sklep Internetowy monta\u017c klimatyzacji pomp ciep\u0142a","description":"\u00b0FC monta\u017c klimatyzacji pomp ciep\u0142a z nami to szybki i tani wyb\u00f3r.  Us\u0142ugi monta\u017cowe i serwisowe W Warszawie i okolicach..","potentialAction":[{"@type":"SearchAction","target":{"@type":"EntryPoint","urlTemplate":"https:\/\/www.fabrykachlodu.pl\/sklep\/?s={search_term_string}"},"query-input":"required name=search_term_string"}],"inLanguage":"pl-PL"}]}},"_links":{"self":[{"href":"https:\/\/www.fabrykachlodu.pl\/sklep\/wp-json\/wp\/v2\/product\/86813"}],"collection":[{"href":"https:\/\/www.fabrykachlodu.pl\/sklep\/wp-json\/wp\/v2\/product"}],"about":[{"href":"https:\/\/www.fabrykachlodu.pl\/sklep\/wp-json\/wp\/v2\/types\/product"}],"wp:featuredmedia":[{"embeddable":true,"href":"https:\/\/www.fabrykachlodu.pl\/sklep\/wp-json\/wp\/v2\/media\/86844"}],"wp:attachment":[{"href":"https:\/\/www.fabrykachlodu.pl\/sklep\/wp-json\/wp\/v2\/media?parent=86813"}],"wp:term":[{"taxonomy":"product_cat","embeddable":true,"href":"https:\/\/www.fabrykachlodu.pl\/sklep\/wp-json\/wp\/v2\/product_cat?post=86813"},{"taxonomy":"product_tag","embeddable":true,"href":"https:\/\/www.fabrykachlodu.pl\/sklep\/wp-json\/wp\/v2\/product_tag?post=86813"}],"curies":[{"name":"wp","href":"https:\/\/api.w.org\/{rel}","templated":true}]}}