{"id":87022,"date":"2022-06-28T23:45:16","date_gmt":"2022-06-28T21:45:16","guid":{"rendered":"http:\/\/www.fabrykachlodu.pl\/sklep\/produkt\/midea-xtreme-save-warmer-a-a-5-3kw5-6kw-nascienny-do-70m2\/"},"modified":"2022-06-28T23:49:03","modified_gmt":"2022-06-28T21:49:03","slug":"midea-xtreme-save-warmer-a-a-5-3kw5-6kw-nascienny-do-70m2","status":"publish","type":"product","link":"https:\/\/www.fabrykachlodu.pl\/sklep\/produkt\/midea-xtreme-save-warmer-a-a-5-3kw5-6kw-nascienny-do-70m2\/","title":{"rendered":"MIDEA XTREME SAVE WARMER, A+++\/A++, 5.3kW,5.6kW, Na\u015bcienny do 70m2"},"content":{"rendered":"<br \/>\n<h2>Zam\u00f3wienie dotyczy: KAG-W18NXD0-B1MIDEA XTREME SAVE WARMER, A+++\/A++, 5.3kW,5.6kW, Na\u015bcienny do 70m2<\/h2>\n<p><h3><strong>W jednym miejscu poznasz:<\/strong><\/h3>\n<p>Informacje odno\u015bnie klimatyzacji MIDEA<br \/>\nOtrzymasz najlepsz\u0105 cen\u0119 z monta\u017cem<br \/>\nOtrzymasz najlepsz\u0105 cen\u0119 kupuj\u0105c w sklepie \u00b0FC online<br \/>\nDogodne finansowanie ratalne<br \/>Szybkie terminy realizacji<br \/>\n<br \/>\n<strong><\/p>\n<h3>Zamawiaj\u0105c produkt u nas:<\/strong><\/h3>\n<p>Otrzymasz produkt<br \/>\nJednostk\u0119 wewn\u0119trzna<br \/>\nJednostk\u0119 zewn\u0119trzna<br \/>\nSterowanie<br \/>\nAkcesoria<br \/> Serwis<br \/><strong><\/p>\n<h3>Zlecaj\u0105c nam monta\u017c w Warszawie, w okolicach otrzymasz:<\/strong><\/h3>\n<p> Rabat na produkty MIDEA<br \/>\nKompletne pod\u0142\u0105czenie elektryczne oraz hydrauliczne<br \/>\nGwarancje<br \/>\nSerwis<\/p>\n<p>Rozwi\u0105zanie firmy Midea dla ekstremalnych warunk\u00f3w zewn\u0119trznych. Seria Xtreme Save Warmer<br \/>\nzapewnia komfort cieplny przez ca\u0142y rok.<br \/>\nJednostki zewn\u0119trzne wyposa\u017cone w ogrzewanie wanny kondensatu, ogrzewanie karteru spr\u0119\u017carki.<br \/>\nSeria jednostek zewn\u0119trznych Xtreme Save Warmer zapewnia komfort cieplny przez ca\u0142y rok.<br \/>\nJednostki zewn\u0119trzne s\u0105 wyposa\u017cone w ogrzewanie wanny kondensatu, ogrzewanie karteru spr\u0119\u017carki oraz funkcj\u0119 inteligentnego odszraniania w celu zwi\u0119kszenia efektywno\u015bci przy bardzo niskich temperaturach powietrza zewn\u0119trznego. Jest to idealne rozwi\u0105zanie do pracy przez ca\u0142y rok, poniewa\u017c<br \/>\njedynym \u017ar\u00f3d\u0142em ogrzewania dla ma\u0142ych obiekt\u00f3w.<br \/>\nW trybie ogrzewania klimatyzator mo\u017ce utrzymywa\u0107 w pomieszczeniu temperatur\u0119 do 8\u00b0C. przy minimalnym zu\u017cyciu energii. Zapobiega to nadmiernemu wych\u0142odzeniu w ci\u0105gu dnia.<br \/>\nZapobiega to nadmiernemu wych\u0142odzeniu, gdy u\u017cytkownicy s\u0105 poza domem przez d\u0142u\u017cszy czas.<div class=\"su-service\"><div class=\"su-service-title\" style=\"padding-left:52px;min-height:38px;line-height:38px\"><i class=\"sui sui-check-circle\" style=\"font-size:38px;color:#22a0ed\"><\/i> Wskaz\u00f3wka naszego eksperta<\/div><div class=\"su-service-content su-u-clearfix su-u-trim\" style=\"padding-left:52px\">Nasi klienci s\u0105 zadowoleni z klimatyzacji MIDEA. Polecamy ich, gdy inwestor nie ma pieni\u0119dzy na lepszy sprz\u0119t dogrzania I pracy ca\u0142orocznej. Jest to markowy sprz\u0119t &#8211; je\u015bli mo\u017cna tak to uj\u0105\u0107. Je\u015bli zastanawiasz si\u0119 nad zakupem wi\u0119kszych klimatyzator\u00f3w tej firmy, b\u0119dziesz mile zaskoczony &#8211; maj\u0105 one wiele dodatk\u00f3w u\u0142atwiaj\u0105cych obs\u0142ug\u0119 oraz funkcje, kt\u00f3rych nie znajdziesz w drogich klimatyzatorach.<\/div><\/div>\n<h2><strong>Zapraszamy do por\u00f3wnania zalet i wad klimatyzacji MIDEA<\/strong><\/h2>\n<p><strong>Czy wybra\u0107 produkt tej firmy?<\/strong><br \/><div class=\"su-service\"><div class=\"su-service-title\" style=\"padding-left:52px;min-height:38px;line-height:38px\"><i class=\"sui sui-check-circle\" style=\"font-size:38px;color:#22a0ed\"><\/i> Wskaz\u00f3wka naszego eksperta<\/div><div class=\"su-service-content su-u-clearfix su-u-trim\" style=\"padding-left:52px\">Je\u015bli chcesz kupi\u0107 u\u017c\u0105dzenie do ch\u0142odzenia I grzania to ten produkt jest dla Ciebie. Nie jest to pompa ciep\u0142a do grzania wodz CWU.<\/div><\/div><strong>Mam w\u0105tpliwo\u015bci odno\u015bnie produktu, co zrobi\u0107?<\/strong><br \/><div class=\"su-service\"><div class=\"su-service-title\" style=\"padding-left:52px;min-height:38px;line-height:38px\"><i class=\"sui sui-check-circle\" style=\"font-size:38px;color:#22a0ed\"><\/i> Wskaz\u00f3wka naszego eksperta<\/div><div class=\"su-service-content su-u-clearfix su-u-trim\" style=\"padding-left:52px\"><div class=\"su-service\"><div class=\"su-service-title\" style=\"padding-left:52px;min-height:38px;line-height:38px\"><i class=\"sui sui-hand-o-right\" style=\"font-size:38px;color:#22a0ed\"><\/i> Podsumowuj\u0105c<\/div><div class=\"su-service-content su-u-clearfix su-u-trim\" style=\"padding-left:52px\"><\/div><\/div>Praca ca\u0142oroczna, grzanie do -30\u00b0c, funkcja 8\u00b0c, tryb alarmOsobiste podej\u015bcie<br \/>\nKomunikacja ma dla Fabryki Ch\u0142odu kluczowe znaczenie. Dbamy o ka\u017cdego klienta z indywidualnym i osobistym podej\u015bciem. Nasz zesp\u00f3\u0142 sprzeda\u017cy, w razie w\u0105tpliwo\u015bci  przeprowadzi Ci\u0119 krok po kroku, aby zrozumie\u0107 Twoje potrzeby, doradzi\u0107 wyb\u00f3r odpowiednich produkt\u00f3w, wys\u0142a\u0107 ofert\u0119 i upewnij si\u0119, \u017ce twoje zam\u00f3wienie zostanie dostarczone do magazynu.<\/div><\/div>\n<div class=\"hr-thin\"><\/div>\n<p>PARAMETRY TECHNICZNE<\/p>\n<div class=\"su-tabs su-tabs-style-default su-tabs-mobile-stack\" data-active=\"1\" data-scroll-offset=\"0\" data-anchor-in-url=\"no\"><div class=\"su-tabs-nav\"><span class=\"\" data-url=\"\" data-target=\"blank\" tabindex=\"0\" role=\"button\">Jak wybra\u0107 klimatyzator<\/span><span class=\"\" data-url=\"\" data-target=\"blank\" tabindex=\"0\" role=\"button\">MIDEA XTREME SAVE<\/span><span class=\"\" data-url=\"\" data-target=\"blank\" tabindex=\"0\" role=\"button\">MIDEA BLANC PRO<\/span><span class=\"\" data-url=\"\" data-target=\"blank\" tabindex=\"0\" role=\"button\">XTREME SAVE WARMER<\/span><span class=\"\" data-url=\"\" data-target=\"blank\" tabindex=\"0\" role=\"button\">Akcesoria Monta\u017cowe<\/span><span class=\"\" data-url=\"\" data-target=\"blank\" tabindex=\"0\" role=\"button\">\u00b0FC oferta<\/span><\/div><div class=\"su-tabs-panes\"><div class=\"su-tabs-pane su-u-clearfix su-u-trim\" data-title=\"Jak wybra\u0107 klimatyzator\"><div class=\"su-document su-u-responsive-media-yes\"><iframe src=\"\/\/docs.google.com\/viewer?embedded=true&url=www.fabrykachlodu.pl\/sklep\/wp-content\/uploads\/2022\/06\/spec\/Jak_wybrac_klimatyzator_Gree.pdf\" width=\"600\" height=\"400\" class=\"su-document\" title=\"\"><\/iframe><\/div><\/div>\n<div class=\"su-tabs-pane su-u-clearfix su-u-trim\" data-title=\"MIDEA XTREME SAVE\"><div class=\"su-document su-u-responsive-media-yes\"><iframe src=\"\/\/docs.google.com\/viewer?embedded=true&url=https:\/\/www.fabrykachlodu.pl\/sklep\/wp-content\/uploads\/2022\/06\/midea\/Kartaproduktu_Midea_XS_UV_2022.pdf\" width=\"600\" height=\"400\" class=\"su-document\" title=\"\"><\/iframe><\/div><\/div>\n<div class=\"su-tabs-pane su-u-clearfix su-u-trim\" data-title=\"MIDEA BLANC PRO\"><div class=\"su-document su-u-responsive-media-yes\"><iframe src=\"\/\/docs.google.com\/viewer?embedded=true&url=https:\/\/www.fabrykachlodu.pl\/sklep\/wp-content\/uploads\/2022\/06\/midea\/Kartaproduktu_Midea_Blanc_Pro_2022.pdf\" width=\"600\" height=\"400\" class=\"su-document\" title=\"\"><\/iframe><\/div><\/div>\n<div class=\"su-tabs-pane su-u-clearfix su-u-trim\" data-title=\"XTREME SAVE WARMER\"><div class=\"su-document su-u-responsive-media-yes\"><iframe src=\"\/\/docs.google.com\/viewer?embedded=true&url=https:\/\/www.fabrykachlodu.pl\/sklep\/wp-content\/uploads\/2022\/06\/midea\/Kartaproduktu_Midea_XS_2022.pdf\" width=\"600\" height=\"400\" class=\"su-document\" title=\"\"><\/iframe><\/div><\/div>\n<div class=\"su-tabs-pane su-u-clearfix su-u-trim\" data-title=\"Akcesoria Monta\u017cowe\"><div class=\"su-document su-u-responsive-media-yes\"><iframe src=\"\/\/docs.google.com\/viewer?embedded=true&url=https:\/\/www.fabrykachlodu.pl\/sklep\/wp-content\/uploads\/2020\/04\/33.334.35.Akcesoria.Klimatyzacja.castel_airco_2018.pdf\" width=\"600\" height=\"400\" class=\"su-document\" title=\"\"><\/iframe><\/div><\/div>\n<div class=\"su-tabs-pane su-u-clearfix su-u-trim\" data-title=\"\u00b0FC oferta\"><div class=\"su-document su-u-responsive-media-yes\"><iframe src=\"\/\/docs.google.com\/viewer?embedded=true&url=http:\/\/www.fabrykachlodu.pl\/oferta\/FC.Nowosci.pdf\" width=\"600\" height=\"400\" class=\"su-document\" title=\"\"><\/iframe><\/div><\/div><\/div><\/div>\n<p>Dokumenty si\u0119 nie wy\u015bwietlaj\u0105? <input type=\"button\" value=\"Od\u015bwie\u017c stron\u0119\" onclick=\"location.reload();\"><\/p>\n","protected":false},"excerpt":{"rendered":"<p><span style=\"color: #000000;\"><strong>Najwa\u017cniejsze zalety<\/strong><\/span>[dt_list style=\"1\" bullet_position=\"middle\" dividers=\"true\"][dt_list style=\"1\" bullet_position=\"middle\" dividers=\"true\"][dt_list_item image=\"\"]Praca ca\u0142oroczna[\/dt_list_item][dt_list_item image=\"\"]Grzanie do -30\u00b0c[\/dt_list_item][dt_list_item image=\"\"]Funkcja 8\u00b0c[\/dt_list_item][dt_list_item image=\"\"]Tryb alarm[\/dt_list_item][\/dt_list]<\/p>\n","protected":false},"featured_media":87013,"template":"","meta":[],"product_cat":[814,6364,189],"product_tag":[6353,6354,1094,6348,6259,6345,2281,6347,6363,6346],"yoast_head":"<!-- This site is optimized with the Yoast SEO plugin v22.1 - https:\/\/yoast.com\/wordpress\/plugins\/seo\/ -->\n<title>MIDEA XTREME SAVE WARMER, A+++\/A++, 5.3kW,5.6kW, Na\u015bcienny do 70m2<\/title>\n<meta name=\"description\" content=\"MIDEA XTREME SAVE WARMER, A+++\/A++, 5.3kW,5.6kW, Na\u015bcienny do 70m2\" \/>\n<meta name=\"robots\" content=\"index, follow, max-snippet:-1, max-image-preview:large, max-video-preview:-1\" \/>\n<link rel=\"canonical\" href=\"https:\/\/www.fabrykachlodu.pl\/sklep\/produkt\/midea-xtreme-save-warmer-a-a-5-3kw5-6kw-nascienny-do-70m2\/\" \/>\n<meta name=\"twitter:label1\" content=\"Szacowany czas czytania\" \/>\n\t<meta name=\"twitter:data1\" content=\"3 minuty\" \/>\n<script type=\"application\/ld+json\" class=\"yoast-schema-graph\">{\"@context\":\"https:\/\/schema.org\",\"@graph\":[{\"@type\":\"WebPage\",\"@id\":\"https:\/\/www.fabrykachlodu.pl\/sklep\/produkt\/midea-xtreme-save-warmer-a-a-5-3kw5-6kw-nascienny-do-70m2\/\",\"url\":\"https:\/\/www.fabrykachlodu.pl\/sklep\/produkt\/midea-xtreme-save-warmer-a-a-5-3kw5-6kw-nascienny-do-70m2\/\",\"name\":\"MIDEA XTREME SAVE WARMER, A+++\/A++, 5.3kW,5.6kW, Na\u015bcienny do 70m2\",\"isPartOf\":{\"@id\":\"https:\/\/www.fabrykachlodu.pl\/sklep\/#website\"},\"datePublished\":\"2022-06-28T21:45:16+00:00\",\"dateModified\":\"2022-06-28T21:49:03+00:00\",\"description\":\"MIDEA XTREME SAVE WARMER, A+++\/A++, 5.3kW,5.6kW, Na\u015bcienny do 70m2\",\"breadcrumb\":{\"@id\":\"https:\/\/www.fabrykachlodu.pl\/sklep\/produkt\/midea-xtreme-save-warmer-a-a-5-3kw5-6kw-nascienny-do-70m2\/#breadcrumb\"},\"inLanguage\":\"pl-PL\",\"potentialAction\":[{\"@type\":\"ReadAction\",\"target\":[\"https:\/\/www.fabrykachlodu.pl\/sklep\/produkt\/midea-xtreme-save-warmer-a-a-5-3kw5-6kw-nascienny-do-70m2\/\"]}]},{\"@type\":\"BreadcrumbList\",\"@id\":\"https:\/\/www.fabrykachlodu.pl\/sklep\/produkt\/midea-xtreme-save-warmer-a-a-5-3kw5-6kw-nascienny-do-70m2\/#breadcrumb\",\"itemListElement\":[{\"@type\":\"ListItem\",\"position\":1,\"name\":\"Strona g\u0142\u00f3wna\",\"item\":\"https:\/\/www.fabrykachlodu.pl\/sklep\/\"},{\"@type\":\"ListItem\",\"position\":2,\"name\":\"Szukasz klimatzyacji biurowej sklepowej lub do mieszkania?\",\"item\":\"https:\/\/www.fabrykachlodu.pl\/sklep\/\"},{\"@type\":\"ListItem\",\"position\":3,\"name\":\"MIDEA\",\"item\":\"https:\/\/www.fabrykachlodu.pl\/sklep\/product-category\/midea\/\"},{\"@type\":\"ListItem\",\"position\":4,\"name\":\"Na\u015bcienny\",\"item\":\"https:\/\/www.fabrykachlodu.pl\/sklep\/product-category\/midea\/nascienny-midea\/\"},{\"@type\":\"ListItem\",\"position\":5,\"name\":\"XTREME SAVE WARMER\",\"item\":\"https:\/\/www.fabrykachlodu.pl\/sklep\/product-category\/midea\/nascienny-midea\/xtreme-save-warmer\/\"},{\"@type\":\"ListItem\",\"position\":6,\"name\":\"MIDEA XTREME SAVE WARMER, A+++\/A++, 5.3kW,5.6kW, Na\u015bcienny do 70m2\"}]},{\"@type\":\"WebSite\",\"@id\":\"https:\/\/www.fabrykachlodu.pl\/sklep\/#website\",\"url\":\"https:\/\/www.fabrykachlodu.pl\/sklep\/\",\"name\":\"\u00b0FC Sklep Internetowy monta\u017c klimatyzacji pomp ciep\u0142a\",\"description\":\"\u00b0FC monta\u017c klimatyzacji pomp ciep\u0142a z nami to szybki i tani wyb\u00f3r.  Us\u0142ugi monta\u017cowe i serwisowe W Warszawie i okolicach..\",\"potentialAction\":[{\"@type\":\"SearchAction\",\"target\":{\"@type\":\"EntryPoint\",\"urlTemplate\":\"https:\/\/www.fabrykachlodu.pl\/sklep\/?s={search_term_string}\"},\"query-input\":\"required name=search_term_string\"}],\"inLanguage\":\"pl-PL\"}]}<\/script>\n<!-- \/ Yoast SEO plugin. -->","yoast_head_json":{"title":"MIDEA XTREME SAVE WARMER, A+++\/A++, 5.3kW,5.6kW, Na\u015bcienny do 70m2","description":"MIDEA XTREME SAVE WARMER, A+++\/A++, 5.3kW,5.6kW, Na\u015bcienny do 70m2","robots":{"index":"index","follow":"follow","max-snippet":"max-snippet:-1","max-image-preview":"max-image-preview:large","max-video-preview":"max-video-preview:-1"},"canonical":"https:\/\/www.fabrykachlodu.pl\/sklep\/produkt\/midea-xtreme-save-warmer-a-a-5-3kw5-6kw-nascienny-do-70m2\/","twitter_misc":{"Szacowany czas czytania":"3 minuty"},"schema":{"@context":"https:\/\/schema.org","@graph":[{"@type":"WebPage","@id":"https:\/\/www.fabrykachlodu.pl\/sklep\/produkt\/midea-xtreme-save-warmer-a-a-5-3kw5-6kw-nascienny-do-70m2\/","url":"https:\/\/www.fabrykachlodu.pl\/sklep\/produkt\/midea-xtreme-save-warmer-a-a-5-3kw5-6kw-nascienny-do-70m2\/","name":"MIDEA XTREME SAVE WARMER, A+++\/A++, 5.3kW,5.6kW, Na\u015bcienny do 70m2","isPartOf":{"@id":"https:\/\/www.fabrykachlodu.pl\/sklep\/#website"},"datePublished":"2022-06-28T21:45:16+00:00","dateModified":"2022-06-28T21:49:03+00:00","description":"MIDEA XTREME SAVE WARMER, A+++\/A++, 5.3kW,5.6kW, Na\u015bcienny do 70m2","breadcrumb":{"@id":"https:\/\/www.fabrykachlodu.pl\/sklep\/produkt\/midea-xtreme-save-warmer-a-a-5-3kw5-6kw-nascienny-do-70m2\/#breadcrumb"},"inLanguage":"pl-PL","potentialAction":[{"@type":"ReadAction","target":["https:\/\/www.fabrykachlodu.pl\/sklep\/produkt\/midea-xtreme-save-warmer-a-a-5-3kw5-6kw-nascienny-do-70m2\/"]}]},{"@type":"BreadcrumbList","@id":"https:\/\/www.fabrykachlodu.pl\/sklep\/produkt\/midea-xtreme-save-warmer-a-a-5-3kw5-6kw-nascienny-do-70m2\/#breadcrumb","itemListElement":[{"@type":"ListItem","position":1,"name":"Strona g\u0142\u00f3wna","item":"https:\/\/www.fabrykachlodu.pl\/sklep\/"},{"@type":"ListItem","position":2,"name":"Szukasz klimatzyacji biurowej sklepowej lub do mieszkania?","item":"https:\/\/www.fabrykachlodu.pl\/sklep\/"},{"@type":"ListItem","position":3,"name":"MIDEA","item":"https:\/\/www.fabrykachlodu.pl\/sklep\/product-category\/midea\/"},{"@type":"ListItem","position":4,"name":"Na\u015bcienny","item":"https:\/\/www.fabrykachlodu.pl\/sklep\/product-category\/midea\/nascienny-midea\/"},{"@type":"ListItem","position":5,"name":"XTREME SAVE WARMER","item":"https:\/\/www.fabrykachlodu.pl\/sklep\/product-category\/midea\/nascienny-midea\/xtreme-save-warmer\/"},{"@type":"ListItem","position":6,"name":"MIDEA XTREME SAVE WARMER, A+++\/A++, 5.3kW,5.6kW, Na\u015bcienny do 70m2"}]},{"@type":"WebSite","@id":"https:\/\/www.fabrykachlodu.pl\/sklep\/#website","url":"https:\/\/www.fabrykachlodu.pl\/sklep\/","name":"\u00b0FC Sklep Internetowy monta\u017c klimatyzacji pomp ciep\u0142a","description":"\u00b0FC monta\u017c klimatyzacji pomp ciep\u0142a z nami to szybki i tani wyb\u00f3r.  Us\u0142ugi monta\u017cowe i serwisowe W Warszawie i okolicach..","potentialAction":[{"@type":"SearchAction","target":{"@type":"EntryPoint","urlTemplate":"https:\/\/www.fabrykachlodu.pl\/sklep\/?s={search_term_string}"},"query-input":"required name=search_term_string"}],"inLanguage":"pl-PL"}]}},"_links":{"self":[{"href":"https:\/\/www.fabrykachlodu.pl\/sklep\/wp-json\/wp\/v2\/product\/87022"}],"collection":[{"href":"https:\/\/www.fabrykachlodu.pl\/sklep\/wp-json\/wp\/v2\/product"}],"about":[{"href":"https:\/\/www.fabrykachlodu.pl\/sklep\/wp-json\/wp\/v2\/types\/product"}],"wp:featuredmedia":[{"embeddable":true,"href":"https:\/\/www.fabrykachlodu.pl\/sklep\/wp-json\/wp\/v2\/media\/87013"}],"wp:attachment":[{"href":"https:\/\/www.fabrykachlodu.pl\/sklep\/wp-json\/wp\/v2\/media?parent=87022"}],"wp:term":[{"taxonomy":"product_cat","embeddable":true,"href":"https:\/\/www.fabrykachlodu.pl\/sklep\/wp-json\/wp\/v2\/product_cat?post=87022"},{"taxonomy":"product_tag","embeddable":true,"href":"https:\/\/www.fabrykachlodu.pl\/sklep\/wp-json\/wp\/v2\/product_tag?post=87022"}],"curies":[{"name":"wp","href":"https:\/\/api.w.org\/{rel}","templated":true}]}}