{"id":87500,"date":"2023-03-06T00:08:18","date_gmt":"2023-03-05T23:08:18","guid":{"rendered":"https:\/\/www.fabrykachlodu.pl\/sklep\/?post_type=product&#038;p=87500"},"modified":"2023-04-12T17:32:09","modified_gmt":"2023-04-12T15:32:09","slug":"fc-pompa-ciepla-panasonic-do-ogrzewania-seria-ht-aquarea-ht-split-wysokotemperaturowa-r407-2","status":"publish","type":"product","link":"https:\/\/www.fabrykachlodu.pl\/sklep\/produkt\/fc-pompa-ciepla-panasonic-do-ogrzewania-seria-ht-aquarea-ht-split-wysokotemperaturowa-r407-2\/","title":{"rendered":"\u00b0FC Pompa Ciep\u0142a Panasonic do ogrzewania SERIA HT Aquarea HT Split Wysokotemperaturowa R407 12kW KIT-WHF12F6E5"},"content":{"rendered":"<p> <\/p>\n<h2>Zam\u00f3wienie dotyczy:  Aquarea HT Split Wysokotemperaturowa R407C, KIT-WHF12F6E5<br \/>Oferowane przez firm\u0119 Panasonic pompy ciep\u0142a serii Aquarea zapewniaj\u0105 du\u017c\u0105 oszcz\u0119dno\u015b\u0107 energii dzi\u0119ki swojej wysokiej wydajno\u015bci nawet w temperaturze -20\u00b0C. Pompy ciep\u0142a serii Aquarea s\u0105 w ca\u0142o\u015bci projektowane i produkowane przez firm\u0119 Panasonic.<\/h2>\n<p><h3><strong>W jednym miejscu poznasz:<\/strong><\/h3>\n<p>Informacje odno\u015bnie Pomp Ciep\u0142a<br \/> Poznasz najwa\u017cniejsze funkcje<br \/> Por\u00f3wnasz produkty<br \/> Poznasz parametry techniczne<br \/> Kupisz na raty<br \/> Poznasz cen\u0119 i zrealizujesz zam\u00f3wienie<br \/> <strong><\/p>\n<h3>Zamawiaj\u0105c produkt u nas:<\/strong><\/h3>\n<p>Otrzymasz produkt<br \/>\nJednostk\u0119 wewn\u0119trzna<br \/>\nJednostk\u0119 zewn\u0119trzna<br \/>\nSterowanie<br \/>\n<strong><\/p>\n<h3>Zlecaj\u0105c nam monta\u017c otrzymasz:<\/strong><\/h3>\n<p> Rabat na produkty PANASONIC<br \/>\nKompletne pod\u0142\u0105czenie elektryczne oraz hydrauliczne<br \/>\nGwarancje<br \/>\nSerwis<\/p>\n<p>Pompy ciep\u0142a Panasonic mo\u017cna podzieli\u0107 na zastosowan\u0105 technologi\u0119:Aquarea High Performance &#8211; do nowych instalacji i budynk\u00f3w energooszcz\u0119dnych. Aquarea T-CAP &#8211; praca w skrajnie niskich temperaturach, modernizacja i innowacja. Aquarea HT &#8211; do dom\u00f3w mieszkalnych ze starymi grzejnikami wysokotemperaturowymi. Pompy ciep\u0142a Aquarea HT typu split, wysokotemperaturowe, czynnik ch\u0142odniczy R407C, zakres mocy od 9 do 12 kW.<\/p>\n<p>Pompy ciep\u0142a Aquarea HT to idealny wyb\u00f3r do modernizacji, szczeg\u00f3lnie dla budynk\u00f3w mieszkalnych ze starymi grzejnikami wysokotemperaturowymi. Najlepsze rozwi\u0105zanie, kt\u00f3re umo\u017cliwia uzyskanie temperatury ciep\u0142ej wody do 65\u00b0C nawet przy temperaturze zewn\u0119trznej -15\u00b0C.<\/p>\n<p>Pompy ciep\u0142a Aquarea HT (modele o mocy 9 kW i 12 kW) zast\u0119puj\u0105 tradycyjne \u017ar\u00f3d\u0142a ciep\u0142a, takie jak olej czy gaz, bez konieczno\u015bci wymiany tradycyjnych grzejnik\u00f3w, ograniczaj\u0105c tym samym nak\u0142ady na renowacj\u0119.<\/p>\n<p>\t\t\tCECHY TECHNICZNE<\/p>\n<p>\t\t\tInstalacja powietrznych pomp ciep\u0142a jest niezwykle prosta.<br \/>\n\t\t\tprosta. Instalacja nie wymaga budowy komina,<br \/>\n\t\t\tprzy\u0142\u0105cza gazowego do budynku lub<br \/>\n\t\t\tkomina, przy\u0142\u0105cza gazowego do budynku lub miejsca na zbiornik oleju\/gazu.<br \/>\n\t\t\tWystarczy standardowe przy\u0142\u0105cze elektryczne.<br \/>\n\t\t\tStandardowe przy\u0142\u0105cze elektryczne. Wykorzystaj na nowo potencja\u0142 swoich wysokotemperaturowych grzejnik\u00f3w! <\/p>\n<p>\t\t\tCechy<\/p>\n<p>\t\t\t\tKlasa energetyczna A++ dla ErP 35\u00b0C i A++ dla ErP<br \/>\n\t\t\t\tIndywidualne funkcje regulatora<br \/>\n\t\t\t\tEfektywna regulacja temperatury w pomieszczeniu w zale\u017cno\u015bci od temperatury zewn\u0119trznej i wewn\u0119trznej za pomoc\u0105 sterownika Aquarea Manager<br \/>\n\t\t\t\tMaksymalna temperatura na wylocie modu\u0142u hydraulicznego: 65\u00b0C<br \/>\n\t\t\t\tPraca w temperaturze do -20\u00b0C<br \/>\n\t\t\t\tMaksymalna r\u00f3\u017cnica wysoko\u015bci pomi\u0119dzy jednostk\u0105 zewn\u0119trzn\u0105 a modu\u0142em hydraulicznym: 20 metr\u00f3w<\/p>\n<p>\t\t\tMODELE dla R407C<\/p>\n<p>\t\t\tJednostki zewn\u0119trzne z R407C<\/p>\n<p>\t\t\t\tWH-UH09FE5 &#8211; 1 faza<br \/>\n\t\t\t\tWH-UH12FE5 &#8211; 1 faza<br \/>\n\t\t\t\tWH-UH09FE8 &#8211; 3 fazy<br \/>\n\t\t\t\tWH-UH12FE8 &#8211; 3 fazy<\/p>\n<p>\t\t\tJednostki wewn\u0119trzne z R407C<\/p>\n<p>\t\t\t\tWH-SHF09F3E5 &#8211; 1 faza<br \/>\n\t\t\t\tWH-SHF12F6E5 &#8211; 1 faza<br \/>\n\t\t\t\tWH-SHF09F3E8 &#8211; 3 fazy<br \/>\n\t\t\t\tWH-SHF12F9E8 &#8211; 3 fazy<\/p>\n<div class=\"hr-thin\"><\/div>\n<p>Katalogi<\/p>\n<div class=\"su-tabs su-tabs-style-default su-tabs-mobile-stack\" data-active=\"1\" data-scroll-offset=\"0\" data-anchor-in-url=\"no\"><div class=\"su-tabs-nav\"><span class=\"\" data-url=\"\" data-target=\"blank\" tabindex=\"0\" role=\"button\">Katalog pomp Panasonic  Aquarea 2023<\/span><span class=\"\" data-url=\"\" data-target=\"blank\" tabindex=\"0\" role=\"button\">Panasonic AQUAREA przygotowanie CWU<\/span><span class=\"\" data-url=\"\" data-target=\"blank\" tabindex=\"0\" role=\"button\">Zasobnik AQUAREA<\/span><span class=\"\" data-url=\"\" data-target=\"blank\" tabindex=\"0\" role=\"button\">Akcesoria<\/span><span class=\"\" data-url=\"\" data-target=\"blank\" tabindex=\"0\" role=\"button\">Monta\u017c<\/span><span class=\"\" data-url=\"\" data-target=\"blank\" tabindex=\"0\" role=\"button\">Aquarea akcesoria<\/span><\/div><div class=\"su-tabs-panes\"><div class=\"su-tabs-pane su-u-clearfix su-u-trim\" data-title=\"Katalog pomp Panasonic  Aquarea 2023\"><div class=\"su-document su-u-responsive-media-yes\"><iframe src=\"\/\/docs.google.com\/viewer?embedded=true&url=https:\/\/www.fabrykachlodu.pl\/sklep\/wp-content\/uploads\/2023\/03\/Panasonic_katalog_pomp_ciepla_Aquarea_2022_-_2023.pdf\" width=\"600\" height=\"400\" class=\"su-document\" title=\"\"><\/iframe><\/div><\/div>\n<div class=\"su-tabs-pane su-u-clearfix su-u-trim\" data-title=\"Panasonic AQUAREA przygotowanie CWU\"><div class=\"su-document su-u-responsive-media-yes\"><iframe src=\"\/\/docs.google.com\/viewer?embedded=true&url=https:\/\/www.fabrykachlodu.pl\/sklep\/wp-content\/uploads\/2023\/03\/Panasonic-AQUAREA-przygotowanie-CWU.pdf\" width=\"600\" height=\"400\" class=\"su-document\" title=\"\"><\/iframe><\/div><\/div>\n<div class=\"su-tabs-pane su-u-clearfix su-u-trim\" data-title=\"Zasobnik AQUAREA\"><div class=\"su-document su-u-responsive-media-yes\"><iframe src=\"\/\/docs.google.com\/viewer?embedded=true&url=https:\/\/www.fabrykachlodu.pl\/sklep\/wp-content\/uploads\/2023\/03\/PANASONIC-zasobnik-AQUAREA-zbiornik-buforowy.pdf\" width=\"600\" height=\"400\" class=\"su-document\" title=\"\"><\/iframe><\/div><\/div>\n<div class=\"su-tabs-pane su-u-clearfix su-u-trim\" data-title=\"Akcesoria\"><div class=\"su-document su-u-responsive-media-yes\"><iframe src=\"\/\/docs.google.com\/viewer?embedded=true&url=https:\/\/www.fabrykachlodu.pl\/sklep\/wp-content\/uploads\/2023\/03\/Aquarea_Smart_Cloud_2017.pdf\" width=\"600\" height=\"400\" class=\"su-document\" title=\"\"><\/iframe><\/div><\/div>\n<div class=\"su-tabs-pane su-u-clearfix su-u-trim\" data-title=\"Monta\u017c\"><div class=\"su-document su-u-responsive-media-yes\"><iframe src=\"\/\/docs.google.com\/viewer?embedded=true&url=https:\/\/www.fabrykachlodu.pl\/sklep\/wp-content\/uploads\/2020\/04\/33.334.35.Akcesoria.Klimatyzacja.castel_airco_2018.pdf\" width=\"600\" height=\"400\" class=\"su-document\" title=\"\"><\/iframe><\/div><\/div>\n<div class=\"su-tabs-pane su-u-clearfix su-u-trim\" data-title=\"Aquarea akcesoria\"><div class=\"su-document su-u-responsive-media-yes\"><iframe src=\"\/\/docs.google.com\/viewer?embedded=true&url=https:\/\/www.fabrykachlodu.pl\/sklep\/wp-content\/uploads\/2023\/03\/Katalog_Panasonic_Aquarea_akcesoria.pdf\" width=\"600\" height=\"400\" class=\"su-document\" title=\"\"><\/iframe><\/div><\/div><\/div><\/div>\n<p>Dokumenty si\u0119 nie wy\u015bwietlaj\u0105? <input type=\"button\" value=\"Od\u015bwie\u017c stron\u0119\" onclick=\"location.reload();\"><\/p>\n","protected":false},"excerpt":{"rendered":"<p><span style=\"color: #000000;\"><strong>Najwa\u017cniejsze zalety<\/strong><\/span>[dt_list style=\"1\" bullet_position=\"middle\" dividers=\"true\"][dt_list style=\"1\" bullet_position=\"middle\" dividers=\"true\"][dt_list_item image=\"\"]Klasa energetyczna A+++ dla ErP 35\u00b0C i A++ dla ErP[\/dt_list_item][dt_list_item image=\"\"]Funkcje sterownika indywidualnego[\/dt_list_item][dt_list_item image=\"\"]Skuteczna regulacja temperatury w pomieszczeniu w zale\u017cno\u015bci od temperatury zewn\u0119trznej i wewn\u0119trznej za pomoc\u0105 sterownika Aquarea Manager[\/dt_list_item][dt_list_item image=\"\"]Maksymalna temperatura na wylocie z modu\u0142u hydraulicznego: 65\u00b0C[\/dt_list_item][\/dt_list]<\/p>\n","protected":false},"featured_media":87366,"template":"","meta":[],"product_cat":[401,6385,189],"product_tag":[6390,6389,6388,6387,6386,6393,6391,6392],"yoast_head":"<!-- This site is optimized with the Yoast SEO plugin v22.1 - https:\/\/yoast.com\/wordpress\/plugins\/seo\/ -->\n<title>\u00b0FC Pompa Ciep\u0142a Panasonic do ogrzewania SERIA HT Aquarea HT Split Wysokotemperaturowa R407<\/title>\n<meta name=\"description\" content=\"\u00b0FC Pompa Ciep\u0142a Panasonic do ogrzewania SERIA HT Aquarea HT Split Wysokotemperaturowa R407 Maksymalna temperatura na wylocie z modu\u0142u hydraulicznego: 65\u00b0C\" \/>\n<meta name=\"robots\" content=\"index, follow, max-snippet:-1, max-image-preview:large, max-video-preview:-1\" \/>\n<link rel=\"canonical\" href=\"https:\/\/www.fabrykachlodu.pl\/sklep\/produkt\/fc-pompa-ciepla-panasonic-do-ogrzewania-seria-ht-aquarea-ht-split-wysokotemperaturowa-r407-2\/\" \/>\n<meta name=\"twitter:label1\" content=\"Szacowany czas czytania\" \/>\n\t<meta name=\"twitter:data1\" content=\"3 minuty\" \/>\n<script type=\"application\/ld+json\" class=\"yoast-schema-graph\">{\"@context\":\"https:\/\/schema.org\",\"@graph\":[{\"@type\":\"WebPage\",\"@id\":\"https:\/\/www.fabrykachlodu.pl\/sklep\/produkt\/fc-pompa-ciepla-panasonic-do-ogrzewania-seria-ht-aquarea-ht-split-wysokotemperaturowa-r407-2\/\",\"url\":\"https:\/\/www.fabrykachlodu.pl\/sklep\/produkt\/fc-pompa-ciepla-panasonic-do-ogrzewania-seria-ht-aquarea-ht-split-wysokotemperaturowa-r407-2\/\",\"name\":\"\u00b0FC Pompa Ciep\u0142a Panasonic do ogrzewania SERIA HT Aquarea HT Split Wysokotemperaturowa R407\",\"isPartOf\":{\"@id\":\"https:\/\/www.fabrykachlodu.pl\/sklep\/#website\"},\"datePublished\":\"2023-03-05T23:08:18+00:00\",\"dateModified\":\"2023-04-12T15:32:09+00:00\",\"description\":\"\u00b0FC Pompa Ciep\u0142a Panasonic do ogrzewania SERIA HT Aquarea HT Split Wysokotemperaturowa R407 Maksymalna temperatura na wylocie z modu\u0142u hydraulicznego: 65\u00b0C\",\"breadcrumb\":{\"@id\":\"https:\/\/www.fabrykachlodu.pl\/sklep\/produkt\/fc-pompa-ciepla-panasonic-do-ogrzewania-seria-ht-aquarea-ht-split-wysokotemperaturowa-r407-2\/#breadcrumb\"},\"inLanguage\":\"pl-PL\",\"potentialAction\":[{\"@type\":\"ReadAction\",\"target\":[\"https:\/\/www.fabrykachlodu.pl\/sklep\/produkt\/fc-pompa-ciepla-panasonic-do-ogrzewania-seria-ht-aquarea-ht-split-wysokotemperaturowa-r407-2\/\"]}]},{\"@type\":\"BreadcrumbList\",\"@id\":\"https:\/\/www.fabrykachlodu.pl\/sklep\/produkt\/fc-pompa-ciepla-panasonic-do-ogrzewania-seria-ht-aquarea-ht-split-wysokotemperaturowa-r407-2\/#breadcrumb\",\"itemListElement\":[{\"@type\":\"ListItem\",\"position\":1,\"name\":\"Strona g\u0142\u00f3wna\",\"item\":\"https:\/\/www.fabrykachlodu.pl\/sklep\/\"},{\"@type\":\"ListItem\",\"position\":2,\"name\":\"Szukasz klimatzyacji biurowej sklepowej lub do mieszkania?\",\"item\":\"https:\/\/www.fabrykachlodu.pl\/sklep\/\"},{\"@type\":\"ListItem\",\"position\":3,\"name\":\"PANASONIC\",\"item\":\"https:\/\/www.fabrykachlodu.pl\/sklep\/product-category\/panasonic\/\"},{\"@type\":\"ListItem\",\"position\":4,\"name\":\"POMPA CIEP\u0141A\",\"item\":\"https:\/\/www.fabrykachlodu.pl\/sklep\/product-category\/panasonic\/pompa-ciepla\/\"},{\"@type\":\"ListItem\",\"position\":5,\"name\":\"AQUAREA\",\"item\":\"https:\/\/www.fabrykachlodu.pl\/sklep\/product-category\/panasonic\/pompa-ciepla\/aquarea\/\"},{\"@type\":\"ListItem\",\"position\":6,\"name\":\"\u00b0FC Pompa Ciep\u0142a Panasonic do ogrzewania SERIA HT Aquarea HT Split Wysokotemperaturowa R407 12kW KIT-WHF12F6E5\"}]},{\"@type\":\"WebSite\",\"@id\":\"https:\/\/www.fabrykachlodu.pl\/sklep\/#website\",\"url\":\"https:\/\/www.fabrykachlodu.pl\/sklep\/\",\"name\":\"\u00b0FC Sklep Internetowy monta\u017c klimatyzacji pomp ciep\u0142a\",\"description\":\"\u00b0FC monta\u017c klimatyzacji pomp ciep\u0142a z nami to szybki i tani wyb\u00f3r.  Us\u0142ugi monta\u017cowe i serwisowe W Warszawie i okolicach..\",\"potentialAction\":[{\"@type\":\"SearchAction\",\"target\":{\"@type\":\"EntryPoint\",\"urlTemplate\":\"https:\/\/www.fabrykachlodu.pl\/sklep\/?s={search_term_string}\"},\"query-input\":\"required name=search_term_string\"}],\"inLanguage\":\"pl-PL\"}]}<\/script>\n<!-- \/ Yoast SEO plugin. -->","yoast_head_json":{"title":"\u00b0FC Pompa Ciep\u0142a Panasonic do ogrzewania SERIA HT Aquarea HT Split Wysokotemperaturowa R407","description":"\u00b0FC Pompa Ciep\u0142a Panasonic do ogrzewania SERIA HT Aquarea HT Split Wysokotemperaturowa R407 Maksymalna temperatura na wylocie z modu\u0142u hydraulicznego: 65\u00b0C","robots":{"index":"index","follow":"follow","max-snippet":"max-snippet:-1","max-image-preview":"max-image-preview:large","max-video-preview":"max-video-preview:-1"},"canonical":"https:\/\/www.fabrykachlodu.pl\/sklep\/produkt\/fc-pompa-ciepla-panasonic-do-ogrzewania-seria-ht-aquarea-ht-split-wysokotemperaturowa-r407-2\/","twitter_misc":{"Szacowany czas czytania":"3 minuty"},"schema":{"@context":"https:\/\/schema.org","@graph":[{"@type":"WebPage","@id":"https:\/\/www.fabrykachlodu.pl\/sklep\/produkt\/fc-pompa-ciepla-panasonic-do-ogrzewania-seria-ht-aquarea-ht-split-wysokotemperaturowa-r407-2\/","url":"https:\/\/www.fabrykachlodu.pl\/sklep\/produkt\/fc-pompa-ciepla-panasonic-do-ogrzewania-seria-ht-aquarea-ht-split-wysokotemperaturowa-r407-2\/","name":"\u00b0FC Pompa Ciep\u0142a Panasonic do ogrzewania SERIA HT Aquarea HT Split Wysokotemperaturowa R407","isPartOf":{"@id":"https:\/\/www.fabrykachlodu.pl\/sklep\/#website"},"datePublished":"2023-03-05T23:08:18+00:00","dateModified":"2023-04-12T15:32:09+00:00","description":"\u00b0FC Pompa Ciep\u0142a Panasonic do ogrzewania SERIA HT Aquarea HT Split Wysokotemperaturowa R407 Maksymalna temperatura na wylocie z modu\u0142u hydraulicznego: 65\u00b0C","breadcrumb":{"@id":"https:\/\/www.fabrykachlodu.pl\/sklep\/produkt\/fc-pompa-ciepla-panasonic-do-ogrzewania-seria-ht-aquarea-ht-split-wysokotemperaturowa-r407-2\/#breadcrumb"},"inLanguage":"pl-PL","potentialAction":[{"@type":"ReadAction","target":["https:\/\/www.fabrykachlodu.pl\/sklep\/produkt\/fc-pompa-ciepla-panasonic-do-ogrzewania-seria-ht-aquarea-ht-split-wysokotemperaturowa-r407-2\/"]}]},{"@type":"BreadcrumbList","@id":"https:\/\/www.fabrykachlodu.pl\/sklep\/produkt\/fc-pompa-ciepla-panasonic-do-ogrzewania-seria-ht-aquarea-ht-split-wysokotemperaturowa-r407-2\/#breadcrumb","itemListElement":[{"@type":"ListItem","position":1,"name":"Strona g\u0142\u00f3wna","item":"https:\/\/www.fabrykachlodu.pl\/sklep\/"},{"@type":"ListItem","position":2,"name":"Szukasz klimatzyacji biurowej sklepowej lub do mieszkania?","item":"https:\/\/www.fabrykachlodu.pl\/sklep\/"},{"@type":"ListItem","position":3,"name":"PANASONIC","item":"https:\/\/www.fabrykachlodu.pl\/sklep\/product-category\/panasonic\/"},{"@type":"ListItem","position":4,"name":"POMPA CIEP\u0141A","item":"https:\/\/www.fabrykachlodu.pl\/sklep\/product-category\/panasonic\/pompa-ciepla\/"},{"@type":"ListItem","position":5,"name":"AQUAREA","item":"https:\/\/www.fabrykachlodu.pl\/sklep\/product-category\/panasonic\/pompa-ciepla\/aquarea\/"},{"@type":"ListItem","position":6,"name":"\u00b0FC Pompa Ciep\u0142a Panasonic do ogrzewania SERIA HT Aquarea HT Split Wysokotemperaturowa R407 12kW KIT-WHF12F6E5"}]},{"@type":"WebSite","@id":"https:\/\/www.fabrykachlodu.pl\/sklep\/#website","url":"https:\/\/www.fabrykachlodu.pl\/sklep\/","name":"\u00b0FC Sklep Internetowy monta\u017c klimatyzacji pomp ciep\u0142a","description":"\u00b0FC monta\u017c klimatyzacji pomp ciep\u0142a z nami to szybki i tani wyb\u00f3r.  Us\u0142ugi monta\u017cowe i serwisowe W Warszawie i okolicach..","potentialAction":[{"@type":"SearchAction","target":{"@type":"EntryPoint","urlTemplate":"https:\/\/www.fabrykachlodu.pl\/sklep\/?s={search_term_string}"},"query-input":"required name=search_term_string"}],"inLanguage":"pl-PL"}]}},"_links":{"self":[{"href":"https:\/\/www.fabrykachlodu.pl\/sklep\/wp-json\/wp\/v2\/product\/87500"}],"collection":[{"href":"https:\/\/www.fabrykachlodu.pl\/sklep\/wp-json\/wp\/v2\/product"}],"about":[{"href":"https:\/\/www.fabrykachlodu.pl\/sklep\/wp-json\/wp\/v2\/types\/product"}],"wp:featuredmedia":[{"embeddable":true,"href":"https:\/\/www.fabrykachlodu.pl\/sklep\/wp-json\/wp\/v2\/media\/87366"}],"wp:attachment":[{"href":"https:\/\/www.fabrykachlodu.pl\/sklep\/wp-json\/wp\/v2\/media?parent=87500"}],"wp:term":[{"taxonomy":"product_cat","embeddable":true,"href":"https:\/\/www.fabrykachlodu.pl\/sklep\/wp-json\/wp\/v2\/product_cat?post=87500"},{"taxonomy":"product_tag","embeddable":true,"href":"https:\/\/www.fabrykachlodu.pl\/sklep\/wp-json\/wp\/v2\/product_tag?post=87500"}],"curies":[{"name":"wp","href":"https:\/\/api.w.org\/{rel}","templated":true}]}}