{"id":87653,"date":"2023-03-06T00:10:14","date_gmt":"2023-03-05T23:10:14","guid":{"rendered":"https:\/\/www.fabrykachlodu.pl\/sklep\/?post_type=product&#038;p=87653"},"modified":"2023-04-12T17:32:25","modified_gmt":"2023-04-12T15:32:25","slug":"fc-pompa-ciepla-panasonic-do-ogrzewania-i-chodzenia-seria-high-performance-l-all-in-one-2-strefowy-4","status":"publish","type":"product","link":"https:\/\/www.fabrykachlodu.pl\/sklep\/produkt\/fc-pompa-ciepla-panasonic-do-ogrzewania-i-chodzenia-seria-high-performance-l-all-in-one-2-strefowy-4\/","title":{"rendered":"\u00b0FC Pompa Ciep\u0142a Panasonic do ogrzewania I chodzenia SERIA HIGH-PERFORMANCE L \/\/ ALL-IN-ONE 2-STREFOWY 9kW KIT-ADC09LE5B"},"content":{"rendered":"<p> <\/p>\n<h2>Zam\u00f3wienie dotyczy:  Aquarea High Performance Split All-in-One R32, KIT-ADC09LE5B<br \/>Oferowane przez firm\u0119 Panasonic pompy ciep\u0142a serii Aquarea zapewniaj\u0105 du\u017c\u0105 oszcz\u0119dno\u015b\u0107 energii dzi\u0119ki swojej wysokiej wydajno\u015bci nawet w temperaturze -20\u00b0C. Pompy ciep\u0142a serii Aquarea s\u0105 w ca\u0142o\u015bci projektowane i produkowane przez firm\u0119 Panasonic.<\/h2>\n<p><h3><strong>W jednym miejscu poznasz:<\/strong><\/h3>\n<p>Informacje odno\u015bnie Pomp Ciep\u0142a<br \/> Poznasz najwa\u017cniejsze funkcje<br \/> Por\u00f3wnasz produkty<br \/> Poznasz parametry techniczne<br \/> Kupisz na raty<br \/> Poznasz cen\u0119 i zrealizujesz zam\u00f3wienie<br \/> <strong><\/p>\n<h3>Zamawiaj\u0105c produkt u nas:<\/strong><\/h3>\n<p>Otrzymasz produkt<br \/>\nJednostk\u0119 wewn\u0119trzna<br \/>\nJednostk\u0119 zewn\u0119trzna<br \/>\nSterowanie<br \/>\n<strong><\/p>\n<h3>Zlecaj\u0105c nam monta\u017c otrzymasz:<\/strong><\/h3>\n<p> Rabat na produkty PANASONIC<br \/>\nKompletne pod\u0142\u0105czenie elektryczne oraz hydrauliczne<br \/>\nGwarancje<br \/>\nSerwis<\/p>\n<p>Pompy ciep\u0142a Panasonic mo\u017cna podzieli\u0107 na zastosowan\u0105 technologi\u0119:Aquarea High Performance &#8211; do nowych instalacji i budynk\u00f3w energooszcz\u0119dnych. Aquarea T-CAP &#8211; praca w skrajnie niskich temperaturach, modernizacja i innowacja. Aquarea HT &#8211; do dom\u00f3w mieszkalnych ze starymi grzejnikami wysokotemperaturowymi. Pompy ciep\u0142a Aquarea High Performance Split All-in-One, 1 i 2 strefowe, czynnik ch\u0142odniczy R32, zakres wydajno\u015bci od 3 do 9 kW.<\/p>\n<p>Jednostki Aquarea All-in-One to nowa generacja pomp ciep\u0142a firmy Panasonic przeznaczonych do ogrzewania, ch\u0142odzenia i produkcji ciep\u0142ej wody u\u017cytkowej. Dopracowany, prostok\u0105tny zarys i bia\u0142e wyko\u0144czenie typowe dla sprz\u0119tu AGD. Wyj\u0105tkowa wydajno\u015b\u0107 i oszcz\u0119dno\u015b\u0107 energii przy minimalnej emisji CO2 i kompaktowej budowie.<\/p>\n<p>Seria urz\u0105dze\u0144 Aquarea All-in-One stanowi inteligentne po\u0142\u0105czenie najlepszej technologii Hydrokit z wysokiej jako\u015bci bezobs\u0142ugowym zasobnikiem ze stali nierdzewnej. Jednostki All-in-One z pr\u00f3\u017cniowym panelem izolacyjnym U-Vacua\u2122 to zaawansowany pr\u00f3\u017cniowy panel izolacyjny o bardzo niskiej przewodno\u015bci cieplnej, zapewniaj\u0105cy oko\u0142o 19 razy bardziej skuteczn\u0105 izolacj\u0119 ni\u017c standardowa pianka poliuretanowa.<\/p>\n<p>\t\t\tCHARAKTERYSTYKA TECHNICZNA<\/p>\n<p>\t\t\tSeria urz\u0105dze\u0144 Aquarea All-in-One stanowi inteligentne po\u0142\u0105czenie najlepszej technologii Hydrokit z wysokiej jako\u015bci bezobs\u0142ugowym<br \/>\n\t\t\tzasobnikiem ze stali nierdzewnej. Kompaktowe jednostki Aquarea typu All-in-One to urz\u0105dzenia zaprojektowane z my\u015bl\u0105 o najwi\u0119kszej mo\u017cliwej oszcz\u0119dno\u015bci miejsca. Powierzchnia jak\u0105 zajmuj\u0105 to zaledwie 598 x 600 mm, a wi\u0119c jest mniejsza ni\u017c ilo\u015b\u0107 miejsca potrzebnego do zainstalowania standardowych pe\u0142nogabarytowych urz\u0105dze\u0144.<\/p>\n<p>\t\t\tCechy urz\u0105dze\u0144<\/p>\n<p>\t\t\t\tNajwy\u017cszy poziom COP: 5,33<br \/>\n\t\t\t\tSterowanie za pomoc\u0105 smartfona (CZ-TAW1)<br \/>\n\t\t\t\tSpecjalne oprogramowanie dla dom\u00f3w energooszcz\u0119dnych, minimalna temperatura na wylocie 20\u00b0C<br \/>\n\t\t\t\tMaksymalna temperatura na wylocie z modu\u0142u hydraulicznego: 60\u00b0C<br \/>\n\t\t\t\tPracuje przy temperaturach si\u0119gaj\u0105cych nawet -20\u00b0C\u00a0<br \/>\n\t\t\t\tNi\u017csze koszty instalacji<br \/>\n\t\t\t\tPrzy\u0142\u0105cza rur doprowadzone od do\u0142u (\u0142atwiejszy monta\u017c)<br \/>\n\t\t\t\tKr\u00f3tszy czas monta\u017cu, eliminacja b\u0142\u0119d\u00f3w<br \/>\n\t\t\t\t\u0141atwa konfiguracja sterownika<br \/>\n\t\t\t\tPrzy\u0142\u0105cza elektryczne z przodu<\/p>\n<p>\t\t\tZintegrowane komponenty wysokiej jako\u015bci:<\/p>\n<p>\t\t\t\tBezobs\u0142ugowy zasobnik o pojemno\u015bci 185 l ze stali nierdzewnej INOX<br \/>\n\t\t\t\tPompa wody klasy A o zmiennej pr\u0119dko\u015bci obrotowej<br \/>\n\t\t\t\tFiltr magnetyczny z zaworami odcinaj\u0105cymi<br \/>\n\t\t\t\tNaczynie wzbiorcze<br \/>\n\t\t\t\tPrzep\u0142ywomierz wirowy<br \/>\n\t\t\t\tGrza\u0142ka rezerwowa<br \/>\n\t\t\t\tZaw\u00f3r bezpiecze\u0144stwa<br \/>\n\t\t\t\tZawory odpowietrzaj\u0105ce<br \/>\n\t\t\t\tZintegrowany zaw\u00f3r trzydrogowy<\/p>\n<p>\t\t\tMODELE na R32<\/p>\n<p>\t\t\tJednostki zewn\u0119trzne R32<\/p>\n<p>\t\t\t\tWH-UD03JE5 &#8211; 1 faza<br \/>\n\t\t\t\tWH-UD05JE5 &#8211; 1 faza<br \/>\n\t\t\t\tWH-UD07JE5 &#8211; 1 faza<br \/>\n\t\t\t\tWH-UD09JE5-1 &#8211; 1 faza<\/p>\n<p>\t\t\tJednostki wewn\u0119trzne R32<\/p>\n<p>\t\t\t\tWH-ADC0309J3E5 (1 strefa) &#8211; 1 faza<br \/>\n\t\t\t\tWH-ADC0309J3E5B (2 strefy) &#8211; 1 faza<\/p>\n<div class=\"hr-thin\"><\/div>\n<p>Katalogi<\/p>\n<div class=\"su-tabs su-tabs-style-default su-tabs-mobile-stack\" data-active=\"1\" data-scroll-offset=\"0\" data-anchor-in-url=\"no\"><div class=\"su-tabs-nav\"><span class=\"\" data-url=\"\" data-target=\"blank\" tabindex=\"0\" role=\"button\">Katalog pomp Panasonic  Aquarea 2023<\/span><span class=\"\" data-url=\"\" data-target=\"blank\" tabindex=\"0\" role=\"button\">Panasonic AQUAREA przygotowanie CWU<\/span><span class=\"\" data-url=\"\" data-target=\"blank\" tabindex=\"0\" role=\"button\">Zasobnik AQUAREA<\/span><span class=\"\" data-url=\"\" data-target=\"blank\" tabindex=\"0\" role=\"button\">Akcesoria<\/span><span class=\"\" data-url=\"\" data-target=\"blank\" tabindex=\"0\" role=\"button\">Monta\u017c<\/span><span class=\"\" data-url=\"\" data-target=\"blank\" tabindex=\"0\" role=\"button\">Aquarea akcesoria<\/span><\/div><div class=\"su-tabs-panes\"><div class=\"su-tabs-pane su-u-clearfix su-u-trim\" data-title=\"Katalog pomp Panasonic  Aquarea 2023\"><div class=\"su-document su-u-responsive-media-yes\"><iframe src=\"\/\/docs.google.com\/viewer?embedded=true&url=https:\/\/www.fabrykachlodu.pl\/sklep\/wp-content\/uploads\/2023\/03\/Panasonic_katalog_pomp_ciepla_Aquarea_2022_-_2023.pdf\" width=\"600\" height=\"400\" class=\"su-document\" title=\"\"><\/iframe><\/div><\/div>\n<div class=\"su-tabs-pane su-u-clearfix su-u-trim\" data-title=\"Panasonic AQUAREA przygotowanie CWU\"><div class=\"su-document su-u-responsive-media-yes\"><iframe src=\"\/\/docs.google.com\/viewer?embedded=true&url=https:\/\/www.fabrykachlodu.pl\/sklep\/wp-content\/uploads\/2023\/03\/Panasonic-AQUAREA-przygotowanie-CWU.pdf\" width=\"600\" height=\"400\" class=\"su-document\" title=\"\"><\/iframe><\/div><\/div>\n<div class=\"su-tabs-pane su-u-clearfix su-u-trim\" data-title=\"Zasobnik AQUAREA\"><div class=\"su-document su-u-responsive-media-yes\"><iframe src=\"\/\/docs.google.com\/viewer?embedded=true&url=https:\/\/www.fabrykachlodu.pl\/sklep\/wp-content\/uploads\/2023\/03\/PANASONIC-zasobnik-AQUAREA-zbiornik-buforowy.pdf\" width=\"600\" height=\"400\" class=\"su-document\" title=\"\"><\/iframe><\/div><\/div>\n<div class=\"su-tabs-pane su-u-clearfix su-u-trim\" data-title=\"Akcesoria\"><div class=\"su-document su-u-responsive-media-yes\"><iframe src=\"\/\/docs.google.com\/viewer?embedded=true&url=https:\/\/www.fabrykachlodu.pl\/sklep\/wp-content\/uploads\/2023\/03\/Aquarea_Smart_Cloud_2017.pdf\" width=\"600\" height=\"400\" class=\"su-document\" title=\"\"><\/iframe><\/div><\/div>\n<div class=\"su-tabs-pane su-u-clearfix su-u-trim\" data-title=\"Monta\u017c\"><div class=\"su-document su-u-responsive-media-yes\"><iframe src=\"\/\/docs.google.com\/viewer?embedded=true&url=https:\/\/www.fabrykachlodu.pl\/sklep\/wp-content\/uploads\/2020\/04\/33.334.35.Akcesoria.Klimatyzacja.castel_airco_2018.pdf\" width=\"600\" height=\"400\" class=\"su-document\" title=\"\"><\/iframe><\/div><\/div>\n<div class=\"su-tabs-pane su-u-clearfix su-u-trim\" data-title=\"Aquarea akcesoria\"><div class=\"su-document su-u-responsive-media-yes\"><iframe src=\"\/\/docs.google.com\/viewer?embedded=true&url=https:\/\/www.fabrykachlodu.pl\/sklep\/wp-content\/uploads\/2023\/03\/Katalog_Panasonic_Aquarea_akcesoria.pdf\" width=\"600\" height=\"400\" class=\"su-document\" title=\"\"><\/iframe><\/div><\/div><\/div><\/div>\n<p>Dokumenty si\u0119 nie wy\u015bwietlaj\u0105? <input type=\"button\" value=\"Od\u015bwie\u017c stron\u0119\" onclick=\"location.reload();\"><\/p>\n","protected":false},"excerpt":{"rendered":"<p><span style=\"color: #000000;\"><strong>Najwa\u017cniejsze zalety<\/strong><\/span>[dt_list style=\"1\" bullet_position=\"middle\" dividers=\"true\"][dt_list style=\"1\" bullet_position=\"middle\" dividers=\"true\"][dt_list_item image=\"\"]Najwy\u017cszy poziom COP: 5,33[\/dt_list_item][dt_list_item image=\"\"]Sterowanie za pomoc\u0105 smartfona (CZ-TAW1)[\/dt_list_item][dt_list_item image=\"\"]Specjalne oprogramowanie dla dom\u00f3w energooszcz\u0119dnych, minimalna temperatura na wylocie 20\u00b0C[\/dt_list_item][dt_list_item image=\"\"]Maksymalna temperatura na wylocie z modu\u0142u hydraulicznego: 60\u00b0C[\/dt_list_item][\/dt_list]<\/p>\n","protected":false},"featured_media":87362,"template":"","meta":[],"product_cat":[401,6385,189],"product_tag":[6437,6398,6394,6395,6452,6388,6387,6386],"yoast_head":"<!-- This site is optimized with the Yoast SEO plugin v22.1 - https:\/\/yoast.com\/wordpress\/plugins\/seo\/ -->\n<title>\u00b0FC Pompa Ciep\u0142a Panasonic do ogrzewania I chodzenia SERIA HIGH-PERFORMANCE L \/\/ ALL-IN-ONE 2-STREFOWY<\/title>\n<meta name=\"description\" content=\"\u00b0FC Pompa Ciep\u0142a Panasonic do ogrzewania I chodzenia SERIA HIGH-PERFORMANCE L \/\/ ALL-IN-ONE 2-STREFOWY Maksymalna temperatura na wylocie z modu\u0142u hydraulicznego: 60\u00b0C\" \/>\n<meta name=\"robots\" content=\"index, nofollow, max-snippet:-1, max-image-preview:large, max-video-preview:-1, noarchive\" \/>\n<link rel=\"canonical\" href=\"https:\/\/www.fabrykachlodu.pl\/sklep\/produkt\/fc-pompa-ciepla-panasonic-do-ogrzewania-i-chodzenia-seria-high-performance-l-all-in-one-2-strefowy-4\/\" \/>\n<meta name=\"twitter:label1\" content=\"Szacowany czas czytania\" \/>\n\t<meta name=\"twitter:data1\" content=\"3 minuty\" \/>\n<script type=\"application\/ld+json\" class=\"yoast-schema-graph\">{\"@context\":\"https:\/\/schema.org\",\"@graph\":[{\"@type\":\"WebPage\",\"@id\":\"https:\/\/www.fabrykachlodu.pl\/sklep\/produkt\/fc-pompa-ciepla-panasonic-do-ogrzewania-i-chodzenia-seria-high-performance-l-all-in-one-2-strefowy-4\/\",\"url\":\"https:\/\/www.fabrykachlodu.pl\/sklep\/produkt\/fc-pompa-ciepla-panasonic-do-ogrzewania-i-chodzenia-seria-high-performance-l-all-in-one-2-strefowy-4\/\",\"name\":\"\u00b0FC Pompa Ciep\u0142a Panasonic do ogrzewania I chodzenia SERIA HIGH-PERFORMANCE L \/\/ ALL-IN-ONE 2-STREFOWY\",\"isPartOf\":{\"@id\":\"https:\/\/www.fabrykachlodu.pl\/sklep\/#website\"},\"datePublished\":\"2023-03-05T23:10:14+00:00\",\"dateModified\":\"2023-04-12T15:32:25+00:00\",\"description\":\"\u00b0FC Pompa Ciep\u0142a Panasonic do ogrzewania I chodzenia SERIA HIGH-PERFORMANCE L \/\/ ALL-IN-ONE 2-STREFOWY Maksymalna temperatura na wylocie z modu\u0142u hydraulicznego: 60\u00b0C\",\"breadcrumb\":{\"@id\":\"https:\/\/www.fabrykachlodu.pl\/sklep\/produkt\/fc-pompa-ciepla-panasonic-do-ogrzewania-i-chodzenia-seria-high-performance-l-all-in-one-2-strefowy-4\/#breadcrumb\"},\"inLanguage\":\"pl-PL\",\"potentialAction\":[{\"@type\":\"ReadAction\",\"target\":[\"https:\/\/www.fabrykachlodu.pl\/sklep\/produkt\/fc-pompa-ciepla-panasonic-do-ogrzewania-i-chodzenia-seria-high-performance-l-all-in-one-2-strefowy-4\/\"]}]},{\"@type\":\"BreadcrumbList\",\"@id\":\"https:\/\/www.fabrykachlodu.pl\/sklep\/produkt\/fc-pompa-ciepla-panasonic-do-ogrzewania-i-chodzenia-seria-high-performance-l-all-in-one-2-strefowy-4\/#breadcrumb\",\"itemListElement\":[{\"@type\":\"ListItem\",\"position\":1,\"name\":\"Strona g\u0142\u00f3wna\",\"item\":\"https:\/\/www.fabrykachlodu.pl\/sklep\/\"},{\"@type\":\"ListItem\",\"position\":2,\"name\":\"Szukasz klimatzyacji biurowej sklepowej lub do mieszkania?\",\"item\":\"https:\/\/www.fabrykachlodu.pl\/sklep\/\"},{\"@type\":\"ListItem\",\"position\":3,\"name\":\"PANASONIC\",\"item\":\"https:\/\/www.fabrykachlodu.pl\/sklep\/product-category\/panasonic\/\"},{\"@type\":\"ListItem\",\"position\":4,\"name\":\"POMPA CIEP\u0141A\",\"item\":\"https:\/\/www.fabrykachlodu.pl\/sklep\/product-category\/panasonic\/pompa-ciepla\/\"},{\"@type\":\"ListItem\",\"position\":5,\"name\":\"AQUAREA\",\"item\":\"https:\/\/www.fabrykachlodu.pl\/sklep\/product-category\/panasonic\/pompa-ciepla\/aquarea\/\"},{\"@type\":\"ListItem\",\"position\":6,\"name\":\"\u00b0FC Pompa Ciep\u0142a Panasonic do ogrzewania I chodzenia SERIA HIGH-PERFORMANCE L \/\/ ALL-IN-ONE 2-STREFOWY 9kW KIT-ADC09LE5B\"}]},{\"@type\":\"WebSite\",\"@id\":\"https:\/\/www.fabrykachlodu.pl\/sklep\/#website\",\"url\":\"https:\/\/www.fabrykachlodu.pl\/sklep\/\",\"name\":\"\u00b0FC Sklep Internetowy monta\u017c klimatyzacji pomp ciep\u0142a\",\"description\":\"\u00b0FC monta\u017c klimatyzacji pomp ciep\u0142a z nami to szybki i tani wyb\u00f3r.  Us\u0142ugi monta\u017cowe i serwisowe W Warszawie i okolicach..\",\"potentialAction\":[{\"@type\":\"SearchAction\",\"target\":{\"@type\":\"EntryPoint\",\"urlTemplate\":\"https:\/\/www.fabrykachlodu.pl\/sklep\/?s={search_term_string}\"},\"query-input\":\"required name=search_term_string\"}],\"inLanguage\":\"pl-PL\"}]}<\/script>\n<!-- \/ Yoast SEO plugin. -->","yoast_head_json":{"title":"\u00b0FC Pompa Ciep\u0142a Panasonic do ogrzewania I chodzenia SERIA HIGH-PERFORMANCE L \/\/ ALL-IN-ONE 2-STREFOWY","description":"\u00b0FC Pompa Ciep\u0142a Panasonic do ogrzewania I chodzenia SERIA HIGH-PERFORMANCE L \/\/ ALL-IN-ONE 2-STREFOWY Maksymalna temperatura na wylocie z modu\u0142u hydraulicznego: 60\u00b0C","robots":{"index":"index","follow":"nofollow","max-snippet":"max-snippet:-1","max-image-preview":"max-image-preview:large","max-video-preview":"max-video-preview:-1","archive":"noarchive"},"canonical":"https:\/\/www.fabrykachlodu.pl\/sklep\/produkt\/fc-pompa-ciepla-panasonic-do-ogrzewania-i-chodzenia-seria-high-performance-l-all-in-one-2-strefowy-4\/","twitter_misc":{"Szacowany czas czytania":"3 minuty"},"schema":{"@context":"https:\/\/schema.org","@graph":[{"@type":"WebPage","@id":"https:\/\/www.fabrykachlodu.pl\/sklep\/produkt\/fc-pompa-ciepla-panasonic-do-ogrzewania-i-chodzenia-seria-high-performance-l-all-in-one-2-strefowy-4\/","url":"https:\/\/www.fabrykachlodu.pl\/sklep\/produkt\/fc-pompa-ciepla-panasonic-do-ogrzewania-i-chodzenia-seria-high-performance-l-all-in-one-2-strefowy-4\/","name":"\u00b0FC Pompa Ciep\u0142a Panasonic do ogrzewania I chodzenia SERIA HIGH-PERFORMANCE L \/\/ ALL-IN-ONE 2-STREFOWY","isPartOf":{"@id":"https:\/\/www.fabrykachlodu.pl\/sklep\/#website"},"datePublished":"2023-03-05T23:10:14+00:00","dateModified":"2023-04-12T15:32:25+00:00","description":"\u00b0FC Pompa Ciep\u0142a Panasonic do ogrzewania I chodzenia SERIA HIGH-PERFORMANCE L \/\/ ALL-IN-ONE 2-STREFOWY Maksymalna temperatura na wylocie z modu\u0142u hydraulicznego: 60\u00b0C","breadcrumb":{"@id":"https:\/\/www.fabrykachlodu.pl\/sklep\/produkt\/fc-pompa-ciepla-panasonic-do-ogrzewania-i-chodzenia-seria-high-performance-l-all-in-one-2-strefowy-4\/#breadcrumb"},"inLanguage":"pl-PL","potentialAction":[{"@type":"ReadAction","target":["https:\/\/www.fabrykachlodu.pl\/sklep\/produkt\/fc-pompa-ciepla-panasonic-do-ogrzewania-i-chodzenia-seria-high-performance-l-all-in-one-2-strefowy-4\/"]}]},{"@type":"BreadcrumbList","@id":"https:\/\/www.fabrykachlodu.pl\/sklep\/produkt\/fc-pompa-ciepla-panasonic-do-ogrzewania-i-chodzenia-seria-high-performance-l-all-in-one-2-strefowy-4\/#breadcrumb","itemListElement":[{"@type":"ListItem","position":1,"name":"Strona g\u0142\u00f3wna","item":"https:\/\/www.fabrykachlodu.pl\/sklep\/"},{"@type":"ListItem","position":2,"name":"Szukasz klimatzyacji biurowej sklepowej lub do mieszkania?","item":"https:\/\/www.fabrykachlodu.pl\/sklep\/"},{"@type":"ListItem","position":3,"name":"PANASONIC","item":"https:\/\/www.fabrykachlodu.pl\/sklep\/product-category\/panasonic\/"},{"@type":"ListItem","position":4,"name":"POMPA CIEP\u0141A","item":"https:\/\/www.fabrykachlodu.pl\/sklep\/product-category\/panasonic\/pompa-ciepla\/"},{"@type":"ListItem","position":5,"name":"AQUAREA","item":"https:\/\/www.fabrykachlodu.pl\/sklep\/product-category\/panasonic\/pompa-ciepla\/aquarea\/"},{"@type":"ListItem","position":6,"name":"\u00b0FC Pompa Ciep\u0142a Panasonic do ogrzewania I chodzenia SERIA HIGH-PERFORMANCE L \/\/ ALL-IN-ONE 2-STREFOWY 9kW KIT-ADC09LE5B"}]},{"@type":"WebSite","@id":"https:\/\/www.fabrykachlodu.pl\/sklep\/#website","url":"https:\/\/www.fabrykachlodu.pl\/sklep\/","name":"\u00b0FC Sklep Internetowy monta\u017c klimatyzacji pomp ciep\u0142a","description":"\u00b0FC monta\u017c klimatyzacji pomp ciep\u0142a z nami to szybki i tani wyb\u00f3r.  Us\u0142ugi monta\u017cowe i serwisowe W Warszawie i okolicach..","potentialAction":[{"@type":"SearchAction","target":{"@type":"EntryPoint","urlTemplate":"https:\/\/www.fabrykachlodu.pl\/sklep\/?s={search_term_string}"},"query-input":"required name=search_term_string"}],"inLanguage":"pl-PL"}]}},"_links":{"self":[{"href":"https:\/\/www.fabrykachlodu.pl\/sklep\/wp-json\/wp\/v2\/product\/87653"}],"collection":[{"href":"https:\/\/www.fabrykachlodu.pl\/sklep\/wp-json\/wp\/v2\/product"}],"about":[{"href":"https:\/\/www.fabrykachlodu.pl\/sklep\/wp-json\/wp\/v2\/types\/product"}],"wp:featuredmedia":[{"embeddable":true,"href":"https:\/\/www.fabrykachlodu.pl\/sklep\/wp-json\/wp\/v2\/media\/87362"}],"wp:attachment":[{"href":"https:\/\/www.fabrykachlodu.pl\/sklep\/wp-json\/wp\/v2\/media?parent=87653"}],"wp:term":[{"taxonomy":"product_cat","embeddable":true,"href":"https:\/\/www.fabrykachlodu.pl\/sklep\/wp-json\/wp\/v2\/product_cat?post=87653"},{"taxonomy":"product_tag","embeddable":true,"href":"https:\/\/www.fabrykachlodu.pl\/sklep\/wp-json\/wp\/v2\/product_tag?post=87653"}],"curies":[{"name":"wp","href":"https:\/\/api.w.org\/{rel}","templated":true}]}}