{"id":87661,"date":"2023-03-06T00:10:17","date_gmt":"2023-03-05T23:10:17","guid":{"rendered":"https:\/\/www.fabrykachlodu.pl\/sklep\/?post_type=product&#038;p=87661"},"modified":"2023-04-12T17:32:29","modified_gmt":"2023-04-12T15:32:29","slug":"fc-pompa-ciepla-panasonic-do-ogrzewania-i-chodzenia-seria-t-cap-k-3","status":"publish","type":"product","link":"https:\/\/www.fabrykachlodu.pl\/sklep\/produkt\/fc-pompa-ciepla-panasonic-do-ogrzewania-i-chodzenia-seria-t-cap-k-3\/","title":{"rendered":"\u00b0FC Pompa Ciep\u0142a Panasonic do ogrzewania I chodzenia  SERIA T-CAP K 12kW KIT-WXC12K6E5"},"content":{"rendered":"<p> <\/p>\n<h2>Zam\u00f3wienie dotyczy:  Aquarea T-CAP Split R410A, KIT-WXC12K6E5<br \/>Oferowane przez firm\u0119 Panasonic pompy ciep\u0142a serii Aquarea zapewniaj\u0105 du\u017c\u0105 oszcz\u0119dno\u015b\u0107 energii dzi\u0119ki swojej wysokiej wydajno\u015bci nawet w temperaturze -20\u00b0C. Pompy ciep\u0142a serii Aquarea s\u0105 w ca\u0142o\u015bci projektowane i produkowane przez firm\u0119 Panasonic.<\/h2>\n<p><h3><strong>W jednym miejscu poznasz:<\/strong><\/h3>\n<p>Informacje odno\u015bnie Pomp Ciep\u0142a<br \/> Poznasz najwa\u017cniejsze funkcje<br \/> Por\u00f3wnasz produkty<br \/> Poznasz parametry techniczne<br \/> Kupisz na raty<br \/> Poznasz cen\u0119 i zrealizujesz zam\u00f3wienie<br \/> <strong><\/p>\n<h3>Zamawiaj\u0105c produkt u nas:<\/strong><\/h3>\n<p>Otrzymasz produkt<br \/>\nJednostk\u0119 wewn\u0119trzna<br \/>\nJednostk\u0119 zewn\u0119trzna<br \/>\nSterowanie<br \/>\n<strong><\/p>\n<h3>Zlecaj\u0105c nam monta\u017c otrzymasz:<\/strong><\/h3>\n<p> Rabat na produkty PANASONIC<br \/>\nKompletne pod\u0142\u0105czenie elektryczne oraz hydrauliczne<br \/>\nGwarancje<br \/>\nSerwis<\/p>\n<p>Pompy ciep\u0142a Panasonic mo\u017cna podzieli\u0107 na zastosowan\u0105 technologi\u0119:Aquarea High Performance &#8211; do nowych instalacji i budynk\u00f3w energooszcz\u0119dnych. Aquarea T-CAP &#8211; praca w skrajnie niskich temperaturach, modernizacja i innowacja. Aquarea HT &#8211; do dom\u00f3w mieszkalnych ze starymi grzejnikami wysokotemperaturowymi. Pompy ciep\u0142a typu split Aquarea T-CAP z czynnikiem ch\u0142odniczym R410A i zakresie wydajno\u015bci od 9 do 16 kW.<\/p>\n<p>Pompy ciep\u0142a T-CAP przeznaczone s\u0105 do monta\u017cu w nowych i remontowanych budynkach, gdzie wymagana jest wysoka efektywno\u015b\u0107. Dzi\u0119ki pe\u0142nej wydajno\u015bci grzewczej nawet przy niskich temperaturach, pompy z serii T-CA P mog\u0105 z powodzeniem zast\u0105pi\u0107 stare kot\u0142y gazowe lub olejowe, w nowych instalacjach ogrzewanie pod\u0142ogowe, grzejniki, a nawet klimakonwektory.<\/p>\n<p>Pompy tej serii s\u0105 w stanie utrzyma\u0107 wydajno\u015b\u0107 przy temperaturach zewn\u0119trznych do -20\u00b0C bez konieczno\u015bci wspomagania grza\u0142k\u0105 elektryczn\u0105. Wyposa\u017cone s\u0105 w specjalne oprogramowanie dla dom\u00f3w energooszcz\u0119dnych, automatyczny zaw\u00f3r t\u0142oczny oraz wska\u017anik cz\u0119stotliwo\u015bci pracy spr\u0119\u017carki.<\/p>\n<p>\t\t\tCechy techniczne<\/p>\n<p>\t\t\tSystem typu split z oddzielnymi jednostkami zewn\u0119trznymi i wewn\u0119trznymi Hydrokit pod\u0142\u0105czonymi do systemu ogrzewania i\/lub CWU.<\/p>\n<p>\t\t\tCechy<\/p>\n<p>\t\t\t\tOcena energetyczna A+++ dla 35\u00b0C i A+++ dla ErP<br \/>\n\t\t\t\tSterowanie za pomoc\u0105 smartfona &#8211; opcja (CZ-TAW1)<br \/>\n\t\t\t\t\u0141atwa instalacja i konserwacja<br \/>\n\t\t\t\tStabilna wydajno\u015b\u0107 do -20\u00b0C<br \/>\n\t\t\t\tTemperatura wody do 60\u00b0C<br \/>\n\t\t\t\tSpecjalne oprogramowanie dla dom\u00f3w energooszcz\u0119dnych z minimaln\u0105 temperatur\u0105 wyj\u015bciow\u0105 20\u00b0C<br \/>\n\t\t\t\tMo\u017cliwo\u015b\u0107 pracy w temperaturze do -28\u00b0C<br \/>\n\t\t\t\tAutomatyczny zaw\u00f3r odpowietrzaj\u0105cy<br \/>\n\t\t\t\tWy\u015bwietlacz cz\u0119stotliwo\u015bci pracy spr\u0119\u017carki<\/p>\n<p>\t\t\tModel na R410A<\/p>\n<p>\t\t\tJednostki zewn\u0119trzne wykorzystuj\u0105ce R410A<\/p>\n<p>\t\t\t\tWH-UX09HE5 &#8211; jednofazowy<br \/>\n\t\t\t\tWH-UX12HE5 &#8211; jednofazowy<br \/>\n\t\t\t\tWH-UX09HE8 &#8211; 3 fazy<br \/>\n\t\t\t\tWH-UX12HE8 &#8211; 3 fazy<br \/>\n\t\t\t\tWH-UX16HE8 &#8211; 3 fazy<\/p>\n<p>\t\t\tJednostka wewn\u0119trzna R410A<\/p>\n<p>\t\t\t\tWH-SXC09H3E5 &#8211; 1 faza<br \/>\n\t\t\t\tWH-SXC12H6E5 &#8211; 1 faza<br \/>\n\t\t\t\tWH-SXC09H3E8 &#8211; 3 fazy<br \/>\n\t\t\t\tWH-SXC12H9E8 &#8211; 3 fazy<br \/>\n\t\t\t\tWH-SXC16H9E8 &#8211; 3 fazy<\/p>\n<div class=\"hr-thin\"><\/div>\n<p>Katalogi<\/p>\n<div class=\"su-tabs su-tabs-style-default su-tabs-mobile-stack\" data-active=\"1\" data-scroll-offset=\"0\" data-anchor-in-url=\"no\"><div class=\"su-tabs-nav\"><span class=\"\" data-url=\"\" data-target=\"blank\" tabindex=\"0\" role=\"button\">Katalog pomp Panasonic  Aquarea 2023<\/span><span class=\"\" data-url=\"\" data-target=\"blank\" tabindex=\"0\" role=\"button\">Panasonic AQUAREA przygotowanie CWU<\/span><span class=\"\" data-url=\"\" data-target=\"blank\" tabindex=\"0\" role=\"button\">Zasobnik AQUAREA<\/span><span class=\"\" data-url=\"\" data-target=\"blank\" tabindex=\"0\" role=\"button\">Akcesoria<\/span><span class=\"\" data-url=\"\" data-target=\"blank\" tabindex=\"0\" role=\"button\">Monta\u017c<\/span><span class=\"\" data-url=\"\" data-target=\"blank\" tabindex=\"0\" role=\"button\">Aquarea akcesoria<\/span><\/div><div class=\"su-tabs-panes\"><div class=\"su-tabs-pane su-u-clearfix su-u-trim\" data-title=\"Katalog pomp Panasonic  Aquarea 2023\"><div class=\"su-document su-u-responsive-media-yes\"><iframe src=\"\/\/docs.google.com\/viewer?embedded=true&url=https:\/\/www.fabrykachlodu.pl\/sklep\/wp-content\/uploads\/2023\/03\/Panasonic_katalog_pomp_ciepla_Aquarea_2022_-_2023.pdf\" width=\"600\" height=\"400\" class=\"su-document\" title=\"\"><\/iframe><\/div><\/div>\n<div class=\"su-tabs-pane su-u-clearfix su-u-trim\" data-title=\"Panasonic AQUAREA przygotowanie CWU\"><div class=\"su-document su-u-responsive-media-yes\"><iframe src=\"\/\/docs.google.com\/viewer?embedded=true&url=https:\/\/www.fabrykachlodu.pl\/sklep\/wp-content\/uploads\/2023\/03\/Panasonic-AQUAREA-przygotowanie-CWU.pdf\" width=\"600\" height=\"400\" class=\"su-document\" title=\"\"><\/iframe><\/div><\/div>\n<div class=\"su-tabs-pane su-u-clearfix su-u-trim\" data-title=\"Zasobnik AQUAREA\"><div class=\"su-document su-u-responsive-media-yes\"><iframe src=\"\/\/docs.google.com\/viewer?embedded=true&url=https:\/\/www.fabrykachlodu.pl\/sklep\/wp-content\/uploads\/2023\/03\/PANASONIC-zasobnik-AQUAREA-zbiornik-buforowy.pdf\" width=\"600\" height=\"400\" class=\"su-document\" title=\"\"><\/iframe><\/div><\/div>\n<div class=\"su-tabs-pane su-u-clearfix su-u-trim\" data-title=\"Akcesoria\"><div class=\"su-document su-u-responsive-media-yes\"><iframe src=\"\/\/docs.google.com\/viewer?embedded=true&url=https:\/\/www.fabrykachlodu.pl\/sklep\/wp-content\/uploads\/2023\/03\/Aquarea_Smart_Cloud_2017.pdf\" width=\"600\" height=\"400\" class=\"su-document\" title=\"\"><\/iframe><\/div><\/div>\n<div class=\"su-tabs-pane su-u-clearfix su-u-trim\" data-title=\"Monta\u017c\"><div class=\"su-document su-u-responsive-media-yes\"><iframe src=\"\/\/docs.google.com\/viewer?embedded=true&url=https:\/\/www.fabrykachlodu.pl\/sklep\/wp-content\/uploads\/2020\/04\/33.334.35.Akcesoria.Klimatyzacja.castel_airco_2018.pdf\" width=\"600\" height=\"400\" class=\"su-document\" title=\"\"><\/iframe><\/div><\/div>\n<div class=\"su-tabs-pane su-u-clearfix su-u-trim\" data-title=\"Aquarea akcesoria\"><div class=\"su-document su-u-responsive-media-yes\"><iframe src=\"\/\/docs.google.com\/viewer?embedded=true&url=https:\/\/www.fabrykachlodu.pl\/sklep\/wp-content\/uploads\/2023\/03\/Katalog_Panasonic_Aquarea_akcesoria.pdf\" width=\"600\" height=\"400\" class=\"su-document\" title=\"\"><\/iframe><\/div><\/div><\/div><\/div>\n<p>Dokumenty si\u0119 nie wy\u015bwietlaj\u0105? <input type=\"button\" value=\"Od\u015bwie\u017c stron\u0119\" onclick=\"location.reload();\"><\/p>\n","protected":false},"excerpt":{"rendered":"<p><span style=\"color: #000000;\"><strong>Najwa\u017cniejsze zalety<\/strong><\/span>[dt_list style=\"1\" bullet_position=\"middle\" dividers=\"true\"][dt_list style=\"1\" bullet_position=\"middle\" dividers=\"true\"][dt_list_item image=\"\"]Klasa energetyczna A+++ dla ErP 35\u00b0C i A++ dla ErP[\/dt_list_item][dt_list_item image=\"\"]Sterowanie za pomoc\u0105 smartfona &#8211; opcja (CZ-TAW1)[\/dt_list_item][dt_list_item image=\"\"]\u0141atwa instalacja i konserwacja[\/dt_list_item][dt_list_item image=\"\"]Sta\u0142a wydajno\u015b\u0107 do -20\u00b0C[\/dt_list_item][\/dt_list]<\/p>\n","protected":false},"featured_media":87380,"template":"","meta":[],"product_cat":[401,6385,189],"product_tag":[6394,6451,6388,6387,6386,6466],"yoast_head":"<!-- This site is optimized with the Yoast SEO plugin v22.1 - https:\/\/yoast.com\/wordpress\/plugins\/seo\/ -->\n<title>\u00b0FC Pompa Ciep\u0142a Panasonic do ogrzewania I chodzenia SERIA T-CAP K<\/title>\n<meta name=\"description\" content=\"\u00b0FC Pompa Ciep\u0142a Panasonic do ogrzewania I chodzenia SERIA T-CAP K Sta\u0142a wydajno\u015b\u0107 do -20\u00b0C\" \/>\n<meta name=\"robots\" content=\"index, follow, max-snippet:-1, max-image-preview:large, max-video-preview:-1\" \/>\n<link rel=\"canonical\" href=\"https:\/\/www.fabrykachlodu.pl\/sklep\/produkt\/fc-pompa-ciepla-panasonic-do-ogrzewania-i-chodzenia-seria-t-cap-k-3\/\" \/>\n<meta name=\"twitter:label1\" content=\"Szacowany czas czytania\" \/>\n\t<meta name=\"twitter:data1\" content=\"3 minuty\" \/>\n<script type=\"application\/ld+json\" class=\"yoast-schema-graph\">{\"@context\":\"https:\/\/schema.org\",\"@graph\":[{\"@type\":\"WebPage\",\"@id\":\"https:\/\/www.fabrykachlodu.pl\/sklep\/produkt\/fc-pompa-ciepla-panasonic-do-ogrzewania-i-chodzenia-seria-t-cap-k-3\/\",\"url\":\"https:\/\/www.fabrykachlodu.pl\/sklep\/produkt\/fc-pompa-ciepla-panasonic-do-ogrzewania-i-chodzenia-seria-t-cap-k-3\/\",\"name\":\"\u00b0FC Pompa Ciep\u0142a Panasonic do ogrzewania I chodzenia SERIA T-CAP K\",\"isPartOf\":{\"@id\":\"https:\/\/www.fabrykachlodu.pl\/sklep\/#website\"},\"datePublished\":\"2023-03-05T23:10:17+00:00\",\"dateModified\":\"2023-04-12T15:32:29+00:00\",\"description\":\"\u00b0FC Pompa Ciep\u0142a Panasonic do ogrzewania I chodzenia SERIA T-CAP K Sta\u0142a wydajno\u015b\u0107 do -20\u00b0C\",\"breadcrumb\":{\"@id\":\"https:\/\/www.fabrykachlodu.pl\/sklep\/produkt\/fc-pompa-ciepla-panasonic-do-ogrzewania-i-chodzenia-seria-t-cap-k-3\/#breadcrumb\"},\"inLanguage\":\"pl-PL\",\"potentialAction\":[{\"@type\":\"ReadAction\",\"target\":[\"https:\/\/www.fabrykachlodu.pl\/sklep\/produkt\/fc-pompa-ciepla-panasonic-do-ogrzewania-i-chodzenia-seria-t-cap-k-3\/\"]}]},{\"@type\":\"BreadcrumbList\",\"@id\":\"https:\/\/www.fabrykachlodu.pl\/sklep\/produkt\/fc-pompa-ciepla-panasonic-do-ogrzewania-i-chodzenia-seria-t-cap-k-3\/#breadcrumb\",\"itemListElement\":[{\"@type\":\"ListItem\",\"position\":1,\"name\":\"Strona g\u0142\u00f3wna\",\"item\":\"https:\/\/www.fabrykachlodu.pl\/sklep\/\"},{\"@type\":\"ListItem\",\"position\":2,\"name\":\"Szukasz klimatzyacji biurowej sklepowej lub do mieszkania?\",\"item\":\"https:\/\/www.fabrykachlodu.pl\/sklep\/\"},{\"@type\":\"ListItem\",\"position\":3,\"name\":\"PANASONIC\",\"item\":\"https:\/\/www.fabrykachlodu.pl\/sklep\/product-category\/panasonic\/\"},{\"@type\":\"ListItem\",\"position\":4,\"name\":\"POMPA CIEP\u0141A\",\"item\":\"https:\/\/www.fabrykachlodu.pl\/sklep\/product-category\/panasonic\/pompa-ciepla\/\"},{\"@type\":\"ListItem\",\"position\":5,\"name\":\"AQUAREA\",\"item\":\"https:\/\/www.fabrykachlodu.pl\/sklep\/product-category\/panasonic\/pompa-ciepla\/aquarea\/\"},{\"@type\":\"ListItem\",\"position\":6,\"name\":\"\u00b0FC Pompa Ciep\u0142a Panasonic do ogrzewania I chodzenia SERIA T-CAP K 12kW KIT-WXC12K6E5\"}]},{\"@type\":\"WebSite\",\"@id\":\"https:\/\/www.fabrykachlodu.pl\/sklep\/#website\",\"url\":\"https:\/\/www.fabrykachlodu.pl\/sklep\/\",\"name\":\"\u00b0FC Sklep Internetowy monta\u017c klimatyzacji pomp ciep\u0142a\",\"description\":\"\u00b0FC monta\u017c klimatyzacji pomp ciep\u0142a z nami to szybki i tani wyb\u00f3r.  Us\u0142ugi monta\u017cowe i serwisowe W Warszawie i okolicach..\",\"potentialAction\":[{\"@type\":\"SearchAction\",\"target\":{\"@type\":\"EntryPoint\",\"urlTemplate\":\"https:\/\/www.fabrykachlodu.pl\/sklep\/?s={search_term_string}\"},\"query-input\":\"required name=search_term_string\"}],\"inLanguage\":\"pl-PL\"}]}<\/script>\n<!-- \/ Yoast SEO plugin. -->","yoast_head_json":{"title":"\u00b0FC Pompa Ciep\u0142a Panasonic do ogrzewania I chodzenia SERIA T-CAP K","description":"\u00b0FC Pompa Ciep\u0142a Panasonic do ogrzewania I chodzenia SERIA T-CAP K Sta\u0142a wydajno\u015b\u0107 do -20\u00b0C","robots":{"index":"index","follow":"follow","max-snippet":"max-snippet:-1","max-image-preview":"max-image-preview:large","max-video-preview":"max-video-preview:-1"},"canonical":"https:\/\/www.fabrykachlodu.pl\/sklep\/produkt\/fc-pompa-ciepla-panasonic-do-ogrzewania-i-chodzenia-seria-t-cap-k-3\/","twitter_misc":{"Szacowany czas czytania":"3 minuty"},"schema":{"@context":"https:\/\/schema.org","@graph":[{"@type":"WebPage","@id":"https:\/\/www.fabrykachlodu.pl\/sklep\/produkt\/fc-pompa-ciepla-panasonic-do-ogrzewania-i-chodzenia-seria-t-cap-k-3\/","url":"https:\/\/www.fabrykachlodu.pl\/sklep\/produkt\/fc-pompa-ciepla-panasonic-do-ogrzewania-i-chodzenia-seria-t-cap-k-3\/","name":"\u00b0FC Pompa Ciep\u0142a Panasonic do ogrzewania I chodzenia SERIA T-CAP K","isPartOf":{"@id":"https:\/\/www.fabrykachlodu.pl\/sklep\/#website"},"datePublished":"2023-03-05T23:10:17+00:00","dateModified":"2023-04-12T15:32:29+00:00","description":"\u00b0FC Pompa Ciep\u0142a Panasonic do ogrzewania I chodzenia SERIA T-CAP K Sta\u0142a wydajno\u015b\u0107 do -20\u00b0C","breadcrumb":{"@id":"https:\/\/www.fabrykachlodu.pl\/sklep\/produkt\/fc-pompa-ciepla-panasonic-do-ogrzewania-i-chodzenia-seria-t-cap-k-3\/#breadcrumb"},"inLanguage":"pl-PL","potentialAction":[{"@type":"ReadAction","target":["https:\/\/www.fabrykachlodu.pl\/sklep\/produkt\/fc-pompa-ciepla-panasonic-do-ogrzewania-i-chodzenia-seria-t-cap-k-3\/"]}]},{"@type":"BreadcrumbList","@id":"https:\/\/www.fabrykachlodu.pl\/sklep\/produkt\/fc-pompa-ciepla-panasonic-do-ogrzewania-i-chodzenia-seria-t-cap-k-3\/#breadcrumb","itemListElement":[{"@type":"ListItem","position":1,"name":"Strona g\u0142\u00f3wna","item":"https:\/\/www.fabrykachlodu.pl\/sklep\/"},{"@type":"ListItem","position":2,"name":"Szukasz klimatzyacji biurowej sklepowej lub do mieszkania?","item":"https:\/\/www.fabrykachlodu.pl\/sklep\/"},{"@type":"ListItem","position":3,"name":"PANASONIC","item":"https:\/\/www.fabrykachlodu.pl\/sklep\/product-category\/panasonic\/"},{"@type":"ListItem","position":4,"name":"POMPA CIEP\u0141A","item":"https:\/\/www.fabrykachlodu.pl\/sklep\/product-category\/panasonic\/pompa-ciepla\/"},{"@type":"ListItem","position":5,"name":"AQUAREA","item":"https:\/\/www.fabrykachlodu.pl\/sklep\/product-category\/panasonic\/pompa-ciepla\/aquarea\/"},{"@type":"ListItem","position":6,"name":"\u00b0FC Pompa Ciep\u0142a Panasonic do ogrzewania I chodzenia SERIA T-CAP K 12kW KIT-WXC12K6E5"}]},{"@type":"WebSite","@id":"https:\/\/www.fabrykachlodu.pl\/sklep\/#website","url":"https:\/\/www.fabrykachlodu.pl\/sklep\/","name":"\u00b0FC Sklep Internetowy monta\u017c klimatyzacji pomp ciep\u0142a","description":"\u00b0FC monta\u017c klimatyzacji pomp ciep\u0142a z nami to szybki i tani wyb\u00f3r.  Us\u0142ugi monta\u017cowe i serwisowe W Warszawie i okolicach..","potentialAction":[{"@type":"SearchAction","target":{"@type":"EntryPoint","urlTemplate":"https:\/\/www.fabrykachlodu.pl\/sklep\/?s={search_term_string}"},"query-input":"required name=search_term_string"}],"inLanguage":"pl-PL"}]}},"_links":{"self":[{"href":"https:\/\/www.fabrykachlodu.pl\/sklep\/wp-json\/wp\/v2\/product\/87661"}],"collection":[{"href":"https:\/\/www.fabrykachlodu.pl\/sklep\/wp-json\/wp\/v2\/product"}],"about":[{"href":"https:\/\/www.fabrykachlodu.pl\/sklep\/wp-json\/wp\/v2\/types\/product"}],"wp:featuredmedia":[{"embeddable":true,"href":"https:\/\/www.fabrykachlodu.pl\/sklep\/wp-json\/wp\/v2\/media\/87380"}],"wp:attachment":[{"href":"https:\/\/www.fabrykachlodu.pl\/sklep\/wp-json\/wp\/v2\/media?parent=87661"}],"wp:term":[{"taxonomy":"product_cat","embeddable":true,"href":"https:\/\/www.fabrykachlodu.pl\/sklep\/wp-json\/wp\/v2\/product_cat?post=87661"},{"taxonomy":"product_tag","embeddable":true,"href":"https:\/\/www.fabrykachlodu.pl\/sklep\/wp-json\/wp\/v2\/product_tag?post=87661"}],"curies":[{"name":"wp","href":"https:\/\/api.w.org\/{rel}","templated":true}]}}