{"id":87747,"date":"2023-03-06T00:11:17","date_gmt":"2023-03-05T23:11:17","guid":{"rendered":"https:\/\/www.fabrykachlodu.pl\/sklep\/produkt\/produkt-11\/"},"modified":"2023-03-06T00:11:17","modified_gmt":"2023-03-05T23:11:17","slug":"produkt-11","status":"publish","type":"product","link":"https:\/\/www.fabrykachlodu.pl\/sklep\/produkt\/produkt-11\/","title":{"rendered":"Produkt"},"content":{"rendered":"<p> <\/p>\n<h2>Zam\u00f3wienie dotyczy:  , <br \/>Informacje odno\u015bnie Pomp Ciep\u0142a<br \/> Poznasz najwa\u017cniejsze funkcje<br \/> Por\u00f3wnasz produkty<br \/> Poznasz parametry techniczne<br \/> Kupisz na raty<br \/> Poznasz cen\u0119 i zrealizujesz zam\u00f3wienie<br \/>  . . . <\/p>\n","protected":false},"excerpt":{"rendered":"<p>Zam\u00f3wienie dotyczy: , Informacje odno\u015bnie Pomp Ciep\u0142a Poznasz najwa\u017cniejsze funkcje Por\u00f3wnasz produkty Poznasz parametry techniczne Kupisz na raty Poznasz cen\u0119 i zrealizujesz zam\u00f3wienie . . .<\/p>\n","protected":false},"featured_media":0,"template":"","meta":[],"product_cat":[401,6385,189],"product_tag":[],"yoast_head":"<!-- This site is optimized with the Yoast SEO plugin v22.1 - https:\/\/yoast.com\/wordpress\/plugins\/seo\/ -->\n<title>\u00b0FC &#187;<\/title>\n<meta name=\"description\" content=\"\u00b0FC klimatyzacja monta\u017c Warszawa\" \/>\n<meta name=\"robots\" content=\"index, follow, max-snippet:-1, max-image-preview:large, max-video-preview:-1\" \/>\n<link rel=\"canonical\" href=\"https:\/\/www.fabrykachlodu.pl\/sklep\/produkt\/produkt-11\/\" \/>\n<script type=\"application\/ld+json\" class=\"yoast-schema-graph\">{\"@context\":\"https:\/\/schema.org\",\"@graph\":[{\"@type\":\"WebPage\",\"@id\":\"https:\/\/www.fabrykachlodu.pl\/sklep\/produkt\/produkt-11\/\",\"url\":\"https:\/\/www.fabrykachlodu.pl\/sklep\/produkt\/produkt-11\/\",\"name\":\"\u00b0FC &#187;\",\"isPartOf\":{\"@id\":\"https:\/\/www.fabrykachlodu.pl\/sklep\/#website\"},\"datePublished\":\"2023-03-05T23:11:17+00:00\",\"dateModified\":\"2023-03-05T23:11:17+00:00\",\"description\":\"\u00b0FC klimatyzacja monta\u017c Warszawa\",\"breadcrumb\":{\"@id\":\"https:\/\/www.fabrykachlodu.pl\/sklep\/produkt\/produkt-11\/#breadcrumb\"},\"inLanguage\":\"pl-PL\",\"potentialAction\":[{\"@type\":\"ReadAction\",\"target\":[\"https:\/\/www.fabrykachlodu.pl\/sklep\/produkt\/produkt-11\/\"]}]},{\"@type\":\"BreadcrumbList\",\"@id\":\"https:\/\/www.fabrykachlodu.pl\/sklep\/produkt\/produkt-11\/#breadcrumb\",\"itemListElement\":[{\"@type\":\"ListItem\",\"position\":1,\"name\":\"Strona g\u0142\u00f3wna\",\"item\":\"https:\/\/www.fabrykachlodu.pl\/sklep\/\"},{\"@type\":\"ListItem\",\"position\":2,\"name\":\"Szukasz klimatzyacji biurowej sklepowej lub do mieszkania?\",\"item\":\"https:\/\/www.fabrykachlodu.pl\/sklep\/\"},{\"@type\":\"ListItem\",\"position\":3,\"name\":\"PANASONIC\",\"item\":\"https:\/\/www.fabrykachlodu.pl\/sklep\/product-category\/panasonic\/\"},{\"@type\":\"ListItem\",\"position\":4,\"name\":\"POMPA CIEP\u0141A\",\"item\":\"https:\/\/www.fabrykachlodu.pl\/sklep\/product-category\/panasonic\/pompa-ciepla\/\"},{\"@type\":\"ListItem\",\"position\":5,\"name\":\"AQUAREA\",\"item\":\"https:\/\/www.fabrykachlodu.pl\/sklep\/product-category\/panasonic\/pompa-ciepla\/aquarea\/\"},{\"@type\":\"ListItem\",\"position\":6,\"name\":\"Produkt\"}]},{\"@type\":\"WebSite\",\"@id\":\"https:\/\/www.fabrykachlodu.pl\/sklep\/#website\",\"url\":\"https:\/\/www.fabrykachlodu.pl\/sklep\/\",\"name\":\"\u00b0FC Sklep Internetowy monta\u017c klimatyzacji pomp ciep\u0142a\",\"description\":\"\u00b0FC monta\u017c klimatyzacji pomp ciep\u0142a z nami to szybki i tani wyb\u00f3r.  Us\u0142ugi monta\u017cowe i serwisowe W Warszawie i okolicach..\",\"potentialAction\":[{\"@type\":\"SearchAction\",\"target\":{\"@type\":\"EntryPoint\",\"urlTemplate\":\"https:\/\/www.fabrykachlodu.pl\/sklep\/?s={search_term_string}\"},\"query-input\":\"required name=search_term_string\"}],\"inLanguage\":\"pl-PL\"}]}<\/script>\n<!-- \/ Yoast SEO plugin. -->","yoast_head_json":{"title":"\u00b0FC &#187;","description":"\u00b0FC klimatyzacja monta\u017c Warszawa","robots":{"index":"index","follow":"follow","max-snippet":"max-snippet:-1","max-image-preview":"max-image-preview:large","max-video-preview":"max-video-preview:-1"},"canonical":"https:\/\/www.fabrykachlodu.pl\/sklep\/produkt\/produkt-11\/","schema":{"@context":"https:\/\/schema.org","@graph":[{"@type":"WebPage","@id":"https:\/\/www.fabrykachlodu.pl\/sklep\/produkt\/produkt-11\/","url":"https:\/\/www.fabrykachlodu.pl\/sklep\/produkt\/produkt-11\/","name":"\u00b0FC &#187;","isPartOf":{"@id":"https:\/\/www.fabrykachlodu.pl\/sklep\/#website"},"datePublished":"2023-03-05T23:11:17+00:00","dateModified":"2023-03-05T23:11:17+00:00","description":"\u00b0FC klimatyzacja monta\u017c Warszawa","breadcrumb":{"@id":"https:\/\/www.fabrykachlodu.pl\/sklep\/produkt\/produkt-11\/#breadcrumb"},"inLanguage":"pl-PL","potentialAction":[{"@type":"ReadAction","target":["https:\/\/www.fabrykachlodu.pl\/sklep\/produkt\/produkt-11\/"]}]},{"@type":"BreadcrumbList","@id":"https:\/\/www.fabrykachlodu.pl\/sklep\/produkt\/produkt-11\/#breadcrumb","itemListElement":[{"@type":"ListItem","position":1,"name":"Strona g\u0142\u00f3wna","item":"https:\/\/www.fabrykachlodu.pl\/sklep\/"},{"@type":"ListItem","position":2,"name":"Szukasz klimatzyacji biurowej sklepowej lub do mieszkania?","item":"https:\/\/www.fabrykachlodu.pl\/sklep\/"},{"@type":"ListItem","position":3,"name":"PANASONIC","item":"https:\/\/www.fabrykachlodu.pl\/sklep\/product-category\/panasonic\/"},{"@type":"ListItem","position":4,"name":"POMPA CIEP\u0141A","item":"https:\/\/www.fabrykachlodu.pl\/sklep\/product-category\/panasonic\/pompa-ciepla\/"},{"@type":"ListItem","position":5,"name":"AQUAREA","item":"https:\/\/www.fabrykachlodu.pl\/sklep\/product-category\/panasonic\/pompa-ciepla\/aquarea\/"},{"@type":"ListItem","position":6,"name":"Produkt"}]},{"@type":"WebSite","@id":"https:\/\/www.fabrykachlodu.pl\/sklep\/#website","url":"https:\/\/www.fabrykachlodu.pl\/sklep\/","name":"\u00b0FC Sklep Internetowy monta\u017c klimatyzacji pomp ciep\u0142a","description":"\u00b0FC monta\u017c klimatyzacji pomp ciep\u0142a z nami to szybki i tani wyb\u00f3r.  Us\u0142ugi monta\u017cowe i serwisowe W Warszawie i okolicach..","potentialAction":[{"@type":"SearchAction","target":{"@type":"EntryPoint","urlTemplate":"https:\/\/www.fabrykachlodu.pl\/sklep\/?s={search_term_string}"},"query-input":"required name=search_term_string"}],"inLanguage":"pl-PL"}]}},"_links":{"self":[{"href":"https:\/\/www.fabrykachlodu.pl\/sklep\/wp-json\/wp\/v2\/product\/87747"}],"collection":[{"href":"https:\/\/www.fabrykachlodu.pl\/sklep\/wp-json\/wp\/v2\/product"}],"about":[{"href":"https:\/\/www.fabrykachlodu.pl\/sklep\/wp-json\/wp\/v2\/types\/product"}],"wp:attachment":[{"href":"https:\/\/www.fabrykachlodu.pl\/sklep\/wp-json\/wp\/v2\/media?parent=87747"}],"wp:term":[{"taxonomy":"product_cat","embeddable":true,"href":"https:\/\/www.fabrykachlodu.pl\/sklep\/wp-json\/wp\/v2\/product_cat?post=87747"},{"taxonomy":"product_tag","embeddable":true,"href":"https:\/\/www.fabrykachlodu.pl\/sklep\/wp-json\/wp\/v2\/product_tag?post=87747"}],"curies":[{"name":"wp","href":"https:\/\/api.w.org\/{rel}","templated":true}]}}