{"id":87823,"date":"2023-03-06T00:12:12","date_gmt":"2023-03-05T23:12:12","guid":{"rendered":"https:\/\/www.fabrykachlodu.pl\/sklep\/?post_type=product&#038;p=87823"},"modified":"2023-04-12T17:32:42","modified_gmt":"2023-04-12T15:32:42","slug":"panasonic-zbiornik-do-cwu-350-litrow-emaliowany-biwalentny-wezownice-35m-i-12m","status":"publish","type":"product","link":"https:\/\/www.fabrykachlodu.pl\/sklep\/produkt\/panasonic-zbiornik-do-cwu-350-litrow-emaliowany-biwalentny-wezownice-35m-i-12m\/","title":{"rendered":"Panasonic zbiornik do CWU 350 litr\u00f3w, emaliowany, biwalentny, w\u0119\u017cownice 3,5m i 1,2m  PAW-TA30C2E5STD"},"content":{"rendered":"<p> <\/p>\n<h2>Zam\u00f3wienie dotyczy:  Zasobniki emaliowane CWU, PAW-TA30C2E5STD<br \/>Wysokosprawne zasobniki ciep\u0142ej wody u\u017cytkowej o pojemno\u015bci od 150 do 396 litr\u00f3w<\/h2>\n<p><h3><strong>W jednym miejscu poznasz:<\/strong><\/h3>\n<p>Informacje odno\u015bnie Pomp Ciep\u0142a<br \/> Poznasz najwa\u017cniejsze funkcje<br \/> Por\u00f3wnasz produkty<br \/> Poznasz parametry techniczne<br \/> Kupisz na raty<br \/> Poznasz cen\u0119 i zrealizujesz zam\u00f3wienie<br \/> <strong><\/p>\n<h3>Zamawiaj\u0105c produkt u nas:<\/strong><\/h3>\n<p>Otrzymasz produkt<br \/>\nJednostk\u0119 wewn\u0119trzna<br \/>\nJednostk\u0119 zewn\u0119trzna<br \/>\nSterowanie<br \/>\n<strong><\/p>\n<h3>Zlecaj\u0105c nam monta\u017c otrzymasz:<\/strong><\/h3>\n<p> Rabat na produkty PANASONIC<br \/>\nKompletne pod\u0142\u0105czenie elektryczne oraz hydrauliczne<br \/>\nGwarancje<br \/>\nSerwis<\/p>\n<p>Wyb\u00f3r pojemno\u015bciowego podgrzewacza c.w.u. powinien zale\u017ce\u0107 od rodzaju obs\u0142ugiwanej instalacji oraz celu, w jakim magazynowana jest ciep\u0142a woda. W przypadku zasobnika c.w.u. s\u0142u\u017c\u0105cego do przechowywania ciep\u0142ej wody u\u017cytkowej nale\u017cy zwr\u00f3ci\u0107 uwag\u0119 na liczb\u0119 os\u00f3b korzystaj\u0105cych z urz\u0105dzenia. Nale\u017cy przyj\u0105\u0107, \u017ce dzienne zapotrzebowanie jednej osoby na ciep\u0142\u0105 wod\u0119 wynosi od 15 do 30 litr\u00f3w. Przy zamawianiu zasobnika ciep\u0142ej wody u\u017cytkowej nale\u017cy r\u00f3wnie\u017c zwr\u00f3ci\u0107 uwag\u0119 na materia\u0142, z kt\u00f3rego jest on wykonany. W wi\u0119kszo\u015bci zasobnik\u00f3w jako ochron\u0119 przed korozj\u0105 stosuje si\u0119 emali\u0119 ceramiczn\u0105. Na rynku dost\u0119pne s\u0105 r\u00f3wnie\u017c rozwi\u0105zania, o kt\u00f3rych ju\u017c wspominali\u015bmy, czyli zasobniki wyposa\u017cone w anody magnezowe lub aktywowane anody tytanowe. Trzeci\u0105 opcj\u0105 jest zbiornik magazynowy wykonany z wysokostopowej stali nierdzewnej, kt\u00f3ry ze wzgl\u0119du na zastosowane materia\u0142y nie wymaga dodatkowego zabezpieczenia antykorozyjnego.Wyb\u00f3r pojemno\u015bciowego podgrzewacza c.w.u. powinien zale\u017ce\u0107 od rodzaju obs\u0142ugiwanej instalacji oraz celu, w jakim magazynowana jest ciep\u0142a woda. W przypadku zasobnika c.w.u. s\u0142u\u017c\u0105cego do przechowywania ciep\u0142ej wody u\u017cytkowej nale\u017cy zwr\u00f3ci\u0107 uwag\u0119 na liczb\u0119 os\u00f3b korzystaj\u0105cych z urz\u0105dzenia. Nale\u017cy przyj\u0105\u0107, \u017ce dzienne zapotrzebowanie jednej osoby na ciep\u0142\u0105 wod\u0119 wynosi od 15 do 30 litr\u00f3w. Przy zamawianiu zasobnika ciep\u0142ej wody u\u017cytkowej nale\u017cy r\u00f3wnie\u017c zwr\u00f3ci\u0107 uwag\u0119 na materia\u0142, z kt\u00f3rego jest on wykonany. W wi\u0119kszo\u015bci zasobnik\u00f3w jako ochron\u0119 przed korozj\u0105 stosuje si\u0119 emali\u0119 ceramiczn\u0105. Na rynku dost\u0119pne s\u0105 r\u00f3wnie\u017c rozwi\u0105zania, o kt\u00f3rych ju\u017c wspominali\u015bmy, czyli zasobniki wyposa\u017cone w anody magnezowe lub aktywowane anody tytanowe. Trzeci\u0105 opcj\u0105 jest zbiornik magazynowy wykonany z wysokostopowej stali nierdzewnej, kt\u00f3ry ze wzgl\u0119du na zastosowane materia\u0142y nie wymaga dodatkowego zabezpieczenia antykorozyjnego.. Zasobniki ciep\u0142ej wody w naszej ofercie<br \/>\n. Wychodz\u0105c naprzeciw r\u00f3\u017cnym potrzebom i oczekiwaniom naszych klient\u00f3w, oferujemy szeroki wyb\u00f3r zasobnik\u00f3w ciep\u0142ej wody u\u017cytkowej o r\u00f3\u017cnym zastosowaniu. W naszym asortymencie znajd\u0105 Pa\u0144stwo zar\u00f3wno zasobniki przeznaczone do budynk\u00f3w mieszkalnych, jak i rozwi\u0105zania specjalnie dla przestrzeni komercyjnych. Oferujemy r\u00f3wnie\u017c wymienniki ciep\u0142a.. . Zasobnik c.w.u. Aquarea ze stali nierdzewnej<\/p>\n<p>Zbiornik ciep\u0142ej wody u\u017cytkowej Aquarea ze stali nierdzewnej to najbardziej efektywna opcja po\u0142\u0105czenia z pomp\u0105 ciep\u0142a. Dzi\u0119ki niewielkim rozmiarom zbiornik mo\u017cna zamontowa\u0107 na \u015bcianie nawet w bardzo ograniczonych przestrzeniach, a jego instalacja jest szybka i bardzo \u0142atwa. zasobnik c.w.u. mo\u017cna po\u0142\u0105czy\u0107 ze zbiornikiem buforowym, dzi\u0119ki czemu mo\u017cliwe jest magazynowanie wody zasilaj\u0105cej system. Wyd\u0142u\u017ca to cykl pracy promp i zmniejsza cz\u0119stotliwo\u015b\u0107 tryb\u00f3w pracy.<\/p>\n<p>Po\u0142\u0105czenie pompy ciep\u0142a Panasonic Aquarea z wysokowydajnym zasobnikiem zapewnia wymagan\u0105 ilo\u015b\u0107 i temperatur\u0119 ciep\u0142ej wody, przy jednoczesnym obni\u017ceniu koszt\u00f3w energii.<\/p>\n<p>\t\t\tCechy techniczne.<\/p>\n<p>\t\t\tNajlepsze pompy ciep\u0142a na rynku musz\u0105 zapewnia\u0107 najbardziej wydajne zasobniki wody. Zbiorniki wody klasy A ze stali nierdzewnej firmy Panasonic s\u0105 dost\u0119pne w pojemno\u015bciach 192 i 284 litr\u00f3w. Obie wersje (bez anody) s\u0105 bezobs\u0142ugowe.<\/p>\n<p>\t\t\tCechy<\/p>\n<p>\t\t\t\tPAW-TD20C1E5-1 zbiornik magazynuj\u0105cy &#8211; 192 litry<br \/>\n\t\t\t\tWymiary (wysoko\u015b\u0107 x \u015brednica) &#8211; 1.270 \/ 595 mm<br \/>\n\t\t\t\tWaga \/ z wod\u0105 &#8211; 50 \/ 241 kg<\/p>\n<p>\t\t\t\tPAW-TD30C1E5-1 zasobnik &#8211; 284 litry<br \/>\n\t\t\t\tWymiary (wysoko\u015b\u0107 x \u015brednica) &#8211; 1.750 \/ 595 mm<br \/>\n\t\t\t\tWaga \/ z wod\u0105 &#8211; 61 \/ 341 kg<\/p>\n<p>\t\t\tModel <\/p>\n<p>\t\t\tZasobnik ze stali nierdzewnej<\/p>\n<p>\t\t\t\tPAW-TD20C1E5-1 &#8211; 192 litry<br \/>\n\t\t\t\tPAW-TD30C1E5-1 &#8211; 284 litry<\/p>\n<p>\t\t\tAkcesoria do zasobnik\u00f3w ciep\u0142ej wody u\u017cytkowej<\/p>\n<p>\t\t\t\tPAW-3WYVLV-HW &#8211; Zaw\u00f3r tr\u00f3jdro\u017cny do zasobnika ciep\u0142ej wody u\u017cytkowej<br \/>\n\t\t\t\tCZ-NV1 &#8211; Zaw\u00f3r 3-drogowy do modu\u0142\u00f3w Hydrok<\/p>\n<div class=\"hr-thin\"><\/div>\n<p>Katalogi<\/p>\n<div class=\"su-tabs su-tabs-style-default su-tabs-mobile-stack\" data-active=\"1\" data-scroll-offset=\"0\" data-anchor-in-url=\"no\"><div class=\"su-tabs-nav\"><span class=\"\" data-url=\"\" data-target=\"blank\" tabindex=\"0\" role=\"button\">Katalog pomp Panasonic  Aquarea 2023<\/span><span class=\"\" data-url=\"\" data-target=\"blank\" tabindex=\"0\" role=\"button\">Panasonic AQUAREA przygotowanie CWU<\/span><span class=\"\" data-url=\"\" data-target=\"blank\" tabindex=\"0\" role=\"button\">Zasobnik AQUAREA<\/span><span class=\"\" data-url=\"\" data-target=\"blank\" tabindex=\"0\" role=\"button\">Akcesoria<\/span><span class=\"\" data-url=\"\" data-target=\"blank\" tabindex=\"0\" role=\"button\">Monta\u017c<\/span><span class=\"\" data-url=\"\" data-target=\"blank\" tabindex=\"0\" role=\"button\">Aquarea akcesoria<\/span><\/div><div class=\"su-tabs-panes\"><div class=\"su-tabs-pane su-u-clearfix su-u-trim\" data-title=\"Katalog pomp Panasonic  Aquarea 2023\"><div class=\"su-document su-u-responsive-media-yes\"><iframe src=\"\/\/docs.google.com\/viewer?embedded=true&url=https:\/\/www.fabrykachlodu.pl\/sklep\/wp-content\/uploads\/2023\/03\/Panasonic_katalog_pomp_ciepla_Aquarea_2022_-_2023.pdf\" width=\"600\" height=\"400\" class=\"su-document\" title=\"\"><\/iframe><\/div><\/div>\n<div class=\"su-tabs-pane su-u-clearfix su-u-trim\" data-title=\"Panasonic AQUAREA przygotowanie CWU\"><div class=\"su-document su-u-responsive-media-yes\"><iframe src=\"\/\/docs.google.com\/viewer?embedded=true&url=https:\/\/www.fabrykachlodu.pl\/sklep\/wp-content\/uploads\/2023\/03\/Panasonic-AQUAREA-przygotowanie-CWU.pdf\" width=\"600\" height=\"400\" class=\"su-document\" title=\"\"><\/iframe><\/div><\/div>\n<div class=\"su-tabs-pane su-u-clearfix su-u-trim\" data-title=\"Zasobnik AQUAREA\"><div class=\"su-document su-u-responsive-media-yes\"><iframe src=\"\/\/docs.google.com\/viewer?embedded=true&url=https:\/\/www.fabrykachlodu.pl\/sklep\/wp-content\/uploads\/2023\/03\/PANASONIC-zasobnik-AQUAREA-zbiornik-buforowy.pdf\" width=\"600\" height=\"400\" class=\"su-document\" title=\"\"><\/iframe><\/div><\/div>\n<div class=\"su-tabs-pane su-u-clearfix su-u-trim\" data-title=\"Akcesoria\"><div class=\"su-document su-u-responsive-media-yes\"><iframe src=\"\/\/docs.google.com\/viewer?embedded=true&url=https:\/\/www.fabrykachlodu.pl\/sklep\/wp-content\/uploads\/2023\/03\/Aquarea_Smart_Cloud_2017.pdf\" width=\"600\" height=\"400\" class=\"su-document\" title=\"\"><\/iframe><\/div><\/div>\n<div class=\"su-tabs-pane su-u-clearfix su-u-trim\" data-title=\"Monta\u017c\"><div class=\"su-document su-u-responsive-media-yes\"><iframe src=\"\/\/docs.google.com\/viewer?embedded=true&url=https:\/\/www.fabrykachlodu.pl\/sklep\/wp-content\/uploads\/2020\/04\/33.334.35.Akcesoria.Klimatyzacja.castel_airco_2018.pdf\" width=\"600\" height=\"400\" class=\"su-document\" title=\"\"><\/iframe><\/div><\/div>\n<div class=\"su-tabs-pane su-u-clearfix su-u-trim\" data-title=\"Aquarea akcesoria\"><div class=\"su-document su-u-responsive-media-yes\"><iframe src=\"\/\/docs.google.com\/viewer?embedded=true&url=https:\/\/www.fabrykachlodu.pl\/sklep\/wp-content\/uploads\/2023\/03\/Katalog_Panasonic_Aquarea_akcesoria.pdf\" width=\"600\" height=\"400\" class=\"su-document\" title=\"\"><\/iframe><\/div><\/div><\/div><\/div>\n<p>Dokumenty si\u0119 nie wy\u015bwietlaj\u0105? <input type=\"button\" value=\"Od\u015bwie\u017c stron\u0119\" onclick=\"location.reload();\"><\/p>\n","protected":false},"excerpt":{"rendered":"<p><span style=\"color: #000000;\"><strong>Najwa\u017cniejsze zalety<\/strong><\/span>[dt_list style=\"1\" bullet_position=\"middle\" dividers=\"true\"][dt_list style=\"1\" bullet_position=\"middle\" dividers=\"true\"][dt_list_item image=\"\"]Zasobnik PAW-TA15C1E5STD &#8211; 150 litr\u00f3w[\/dt_list_item][dt_list_item image=\"\"]Wymiary (wysoko\u015b\u0107 x \u015brednica) &#8211; 1 210 \/ 520 mm[\/dt_list_item][dt_list_item image=\"\"]Ci\u0119\u017car \/ z wod\u0105 &#8211; 109 \/ 254 kg[\/dt_list_item][dt_list_item image=\"\"]Jak wybra\u0107 zasobnik c.w.u.?[\/dt_list_item][\/dt_list]<\/p>\n","protected":false},"featured_media":88036,"template":"","meta":[],"product_cat":[401,6523,189],"product_tag":[6555,6525,6387,6386,6524],"yoast_head":"<!-- This site is optimized with the Yoast SEO plugin v22.1 - https:\/\/yoast.com\/wordpress\/plugins\/seo\/ -->\n<title>Panasonic zbiornik do CWU 350 litr\u00f3w, emaliowany, biwalentny, w\u0119\u017cownice 3,5m i 1,2m<\/title>\n<meta name=\"description\" content=\"Panasonic zbiornik do CWU 350 litr\u00f3w, emaliowany, biwalentny, w\u0119\u017cownice 3,5m i 1,2m\" \/>\n<meta name=\"robots\" content=\"index, nofollow, max-snippet:-1, max-image-preview:large, max-video-preview:-1, noarchive\" \/>\n<link rel=\"canonical\" href=\"https:\/\/www.fabrykachlodu.pl\/sklep\/produkt\/panasonic-zbiornik-do-cwu-350-litrow-emaliowany-biwalentny-wezownice-35m-i-12m\/\" \/>\n<meta name=\"twitter:label1\" content=\"Szacowany czas czytania\" \/>\n\t<meta name=\"twitter:data1\" content=\"4 minuty\" \/>\n<script type=\"application\/ld+json\" class=\"yoast-schema-graph\">{\"@context\":\"https:\/\/schema.org\",\"@graph\":[{\"@type\":\"WebPage\",\"@id\":\"https:\/\/www.fabrykachlodu.pl\/sklep\/produkt\/panasonic-zbiornik-do-cwu-350-litrow-emaliowany-biwalentny-wezownice-35m-i-12m\/\",\"url\":\"https:\/\/www.fabrykachlodu.pl\/sklep\/produkt\/panasonic-zbiornik-do-cwu-350-litrow-emaliowany-biwalentny-wezownice-35m-i-12m\/\",\"name\":\"Panasonic zbiornik do CWU 350 litr\u00f3w, emaliowany, biwalentny, w\u0119\u017cownice 3,5m i 1,2m\",\"isPartOf\":{\"@id\":\"https:\/\/www.fabrykachlodu.pl\/sklep\/#website\"},\"datePublished\":\"2023-03-05T23:12:12+00:00\",\"dateModified\":\"2023-04-12T15:32:42+00:00\",\"description\":\"Panasonic zbiornik do CWU 350 litr\u00f3w, emaliowany, biwalentny, w\u0119\u017cownice 3,5m i 1,2m\",\"breadcrumb\":{\"@id\":\"https:\/\/www.fabrykachlodu.pl\/sklep\/produkt\/panasonic-zbiornik-do-cwu-350-litrow-emaliowany-biwalentny-wezownice-35m-i-12m\/#breadcrumb\"},\"inLanguage\":\"pl-PL\",\"potentialAction\":[{\"@type\":\"ReadAction\",\"target\":[\"https:\/\/www.fabrykachlodu.pl\/sklep\/produkt\/panasonic-zbiornik-do-cwu-350-litrow-emaliowany-biwalentny-wezownice-35m-i-12m\/\"]}]},{\"@type\":\"BreadcrumbList\",\"@id\":\"https:\/\/www.fabrykachlodu.pl\/sklep\/produkt\/panasonic-zbiornik-do-cwu-350-litrow-emaliowany-biwalentny-wezownice-35m-i-12m\/#breadcrumb\",\"itemListElement\":[{\"@type\":\"ListItem\",\"position\":1,\"name\":\"Strona g\u0142\u00f3wna\",\"item\":\"https:\/\/www.fabrykachlodu.pl\/sklep\/\"},{\"@type\":\"ListItem\",\"position\":2,\"name\":\"Szukasz klimatzyacji biurowej sklepowej lub do mieszkania?\",\"item\":\"https:\/\/www.fabrykachlodu.pl\/sklep\/\"},{\"@type\":\"ListItem\",\"position\":3,\"name\":\"PANASONIC\",\"item\":\"https:\/\/www.fabrykachlodu.pl\/sklep\/product-category\/panasonic\/\"},{\"@type\":\"ListItem\",\"position\":4,\"name\":\"POMPA CIEP\u0141A\",\"item\":\"https:\/\/www.fabrykachlodu.pl\/sklep\/product-category\/panasonic\/pompa-ciepla\/\"},{\"@type\":\"ListItem\",\"position\":5,\"name\":\"AQUAREA\",\"item\":\"https:\/\/www.fabrykachlodu.pl\/sklep\/product-category\/panasonic\/pompa-ciepla\/aquarea\/\"},{\"@type\":\"ListItem\",\"position\":6,\"name\":\"Zbiorniki\",\"item\":\"https:\/\/www.fabrykachlodu.pl\/sklep\/product-category\/panasonic\/pompa-ciepla\/aquarea\/zbiorniki\/\"},{\"@type\":\"ListItem\",\"position\":7,\"name\":\"Panasonic zbiornik do CWU 350 litr\u00f3w, emaliowany, biwalentny, w\u0119\u017cownice 3,5m i 1,2m PAW-TA30C2E5STD\"}]},{\"@type\":\"WebSite\",\"@id\":\"https:\/\/www.fabrykachlodu.pl\/sklep\/#website\",\"url\":\"https:\/\/www.fabrykachlodu.pl\/sklep\/\",\"name\":\"\u00b0FC Sklep Internetowy monta\u017c klimatyzacji pomp ciep\u0142a\",\"description\":\"\u00b0FC monta\u017c klimatyzacji pomp ciep\u0142a z nami to szybki i tani wyb\u00f3r.  Us\u0142ugi monta\u017cowe i serwisowe W Warszawie i okolicach..\",\"potentialAction\":[{\"@type\":\"SearchAction\",\"target\":{\"@type\":\"EntryPoint\",\"urlTemplate\":\"https:\/\/www.fabrykachlodu.pl\/sklep\/?s={search_term_string}\"},\"query-input\":\"required name=search_term_string\"}],\"inLanguage\":\"pl-PL\"}]}<\/script>\n<!-- \/ Yoast SEO plugin. -->","yoast_head_json":{"title":"Panasonic zbiornik do CWU 350 litr\u00f3w, emaliowany, biwalentny, w\u0119\u017cownice 3,5m i 1,2m","description":"Panasonic zbiornik do CWU 350 litr\u00f3w, emaliowany, biwalentny, w\u0119\u017cownice 3,5m i 1,2m","robots":{"index":"index","follow":"nofollow","max-snippet":"max-snippet:-1","max-image-preview":"max-image-preview:large","max-video-preview":"max-video-preview:-1","archive":"noarchive"},"canonical":"https:\/\/www.fabrykachlodu.pl\/sklep\/produkt\/panasonic-zbiornik-do-cwu-350-litrow-emaliowany-biwalentny-wezownice-35m-i-12m\/","twitter_misc":{"Szacowany czas czytania":"4 minuty"},"schema":{"@context":"https:\/\/schema.org","@graph":[{"@type":"WebPage","@id":"https:\/\/www.fabrykachlodu.pl\/sklep\/produkt\/panasonic-zbiornik-do-cwu-350-litrow-emaliowany-biwalentny-wezownice-35m-i-12m\/","url":"https:\/\/www.fabrykachlodu.pl\/sklep\/produkt\/panasonic-zbiornik-do-cwu-350-litrow-emaliowany-biwalentny-wezownice-35m-i-12m\/","name":"Panasonic zbiornik do CWU 350 litr\u00f3w, emaliowany, biwalentny, w\u0119\u017cownice 3,5m i 1,2m","isPartOf":{"@id":"https:\/\/www.fabrykachlodu.pl\/sklep\/#website"},"datePublished":"2023-03-05T23:12:12+00:00","dateModified":"2023-04-12T15:32:42+00:00","description":"Panasonic zbiornik do CWU 350 litr\u00f3w, emaliowany, biwalentny, w\u0119\u017cownice 3,5m i 1,2m","breadcrumb":{"@id":"https:\/\/www.fabrykachlodu.pl\/sklep\/produkt\/panasonic-zbiornik-do-cwu-350-litrow-emaliowany-biwalentny-wezownice-35m-i-12m\/#breadcrumb"},"inLanguage":"pl-PL","potentialAction":[{"@type":"ReadAction","target":["https:\/\/www.fabrykachlodu.pl\/sklep\/produkt\/panasonic-zbiornik-do-cwu-350-litrow-emaliowany-biwalentny-wezownice-35m-i-12m\/"]}]},{"@type":"BreadcrumbList","@id":"https:\/\/www.fabrykachlodu.pl\/sklep\/produkt\/panasonic-zbiornik-do-cwu-350-litrow-emaliowany-biwalentny-wezownice-35m-i-12m\/#breadcrumb","itemListElement":[{"@type":"ListItem","position":1,"name":"Strona g\u0142\u00f3wna","item":"https:\/\/www.fabrykachlodu.pl\/sklep\/"},{"@type":"ListItem","position":2,"name":"Szukasz klimatzyacji biurowej sklepowej lub do mieszkania?","item":"https:\/\/www.fabrykachlodu.pl\/sklep\/"},{"@type":"ListItem","position":3,"name":"PANASONIC","item":"https:\/\/www.fabrykachlodu.pl\/sklep\/product-category\/panasonic\/"},{"@type":"ListItem","position":4,"name":"POMPA CIEP\u0141A","item":"https:\/\/www.fabrykachlodu.pl\/sklep\/product-category\/panasonic\/pompa-ciepla\/"},{"@type":"ListItem","position":5,"name":"AQUAREA","item":"https:\/\/www.fabrykachlodu.pl\/sklep\/product-category\/panasonic\/pompa-ciepla\/aquarea\/"},{"@type":"ListItem","position":6,"name":"Zbiorniki","item":"https:\/\/www.fabrykachlodu.pl\/sklep\/product-category\/panasonic\/pompa-ciepla\/aquarea\/zbiorniki\/"},{"@type":"ListItem","position":7,"name":"Panasonic zbiornik do CWU 350 litr\u00f3w, emaliowany, biwalentny, w\u0119\u017cownice 3,5m i 1,2m PAW-TA30C2E5STD"}]},{"@type":"WebSite","@id":"https:\/\/www.fabrykachlodu.pl\/sklep\/#website","url":"https:\/\/www.fabrykachlodu.pl\/sklep\/","name":"\u00b0FC Sklep Internetowy monta\u017c klimatyzacji pomp ciep\u0142a","description":"\u00b0FC monta\u017c klimatyzacji pomp ciep\u0142a z nami to szybki i tani wyb\u00f3r.  Us\u0142ugi monta\u017cowe i serwisowe W Warszawie i okolicach..","potentialAction":[{"@type":"SearchAction","target":{"@type":"EntryPoint","urlTemplate":"https:\/\/www.fabrykachlodu.pl\/sklep\/?s={search_term_string}"},"query-input":"required name=search_term_string"}],"inLanguage":"pl-PL"}]}},"_links":{"self":[{"href":"https:\/\/www.fabrykachlodu.pl\/sklep\/wp-json\/wp\/v2\/product\/87823"}],"collection":[{"href":"https:\/\/www.fabrykachlodu.pl\/sklep\/wp-json\/wp\/v2\/product"}],"about":[{"href":"https:\/\/www.fabrykachlodu.pl\/sklep\/wp-json\/wp\/v2\/types\/product"}],"wp:featuredmedia":[{"embeddable":true,"href":"https:\/\/www.fabrykachlodu.pl\/sklep\/wp-json\/wp\/v2\/media\/88036"}],"wp:attachment":[{"href":"https:\/\/www.fabrykachlodu.pl\/sklep\/wp-json\/wp\/v2\/media?parent=87823"}],"wp:term":[{"taxonomy":"product_cat","embeddable":true,"href":"https:\/\/www.fabrykachlodu.pl\/sklep\/wp-json\/wp\/v2\/product_cat?post=87823"},{"taxonomy":"product_tag","embeddable":true,"href":"https:\/\/www.fabrykachlodu.pl\/sklep\/wp-json\/wp\/v2\/product_tag?post=87823"}],"curies":[{"name":"wp","href":"https:\/\/api.w.org\/{rel}","templated":true}]}}