{"id":87854,"date":"2023-03-06T00:12:19","date_gmt":"2023-03-05T23:12:19","guid":{"rendered":"https:\/\/www.fabrykachlodu.pl\/sklep\/?post_type=product&#038;p=87854"},"modified":"2023-04-12T17:32:46","modified_gmt":"2023-04-12T15:32:46","slug":"stelaz-na-urzadzenie-podwieszane-do-modeli-100-i-150-litrow","status":"publish","type":"product","link":"https:\/\/www.fabrykachlodu.pl\/sklep\/produkt\/stelaz-na-urzadzenie-podwieszane-do-modeli-100-i-150-litrow\/","title":{"rendered":"Stela\u017c na urz\u0105dzenie podwieszane do modeli 100 i 150 litr\u00f3w  PAW-DHW-STAND"},"content":{"rendered":"<p> <\/p>\n<h2>Zam\u00f3wienie dotyczy:  Akcesoria, PAW-DHW-STAND<br \/>Oferowane przez firm\u0119 Panasonic pompy ciep\u0142a serii Aquarea zapewniaj\u0105 du\u017c\u0105 oszcz\u0119dno\u015b\u0107 energii dzi\u0119ki swojej wysokiej wydajno\u015bci nawet w temperaturze -20\u00b0C. Pompy ciep\u0142a serii Aquarea s\u0105 w ca\u0142o\u015bci projektowane i produkowane przez firm\u0119 Panasonic.<\/h2>\n<p><h3><strong>W jednym miejscu poznasz:<\/strong><\/h3>\n<p>Informacje odno\u015bnie Pomp Ciep\u0142a<br \/> Poznasz najwa\u017cniejsze funkcje<br \/> Por\u00f3wnasz produkty<br \/> Poznasz parametry techniczne<br \/> Kupisz na raty<br \/> Poznasz cen\u0119 i zrealizujesz zam\u00f3wienie<br \/> <strong><\/p>\n<h3>Zamawiaj\u0105c produkt u nas:<\/strong><\/h3>\n<p>Otrzymasz produkt<br \/>\nJednostk\u0119 wewn\u0119trzna<br \/>\nJednostk\u0119 zewn\u0119trzna<br \/>\nSterowanie<br \/>\n<strong><\/p>\n<h3>Zlecaj\u0105c nam monta\u017c otrzymasz:<\/strong><\/h3>\n<p> Rabat na produkty PANASONIC<br \/>\nKompletne pod\u0142\u0105czenie elektryczne oraz hydrauliczne<br \/>\nGwarancje<br \/>\nSerwis<\/p>\n<p>Pompy ciep\u0142a Panasonic mo\u017cna podzieli\u0107 na zastosowan\u0105 technologi\u0119:Aquarea High Performance &#8211; do nowych instalacji i budynk\u00f3w energooszcz\u0119dnych. Aquarea T-CAP &#8211; praca w skrajnie niskich temperaturach, modernizacja i innowacja. Aquarea HT &#8211; do dom\u00f3w mieszkalnych ze starymi grzejnikami wysokotemperaturowymi. Akcesoria i sterowniki<\/p>\n<p>Nowe akcesorium &#8211; opcjonalna p\u0142yta steruj\u0105ca (CZ-NS4P). Nowa p\u0142yta steruj\u0105ca mo\u017ce sterowa\u0107 jedn\u0105 lub wi\u0119cej funkcji. SG ready, sygna\u0142 zapotrzebowania 0 10 V, funkcja sterowania 2-strefowego (pompa + zaw\u00f3r mieszaj\u0105cy), prze\u0142\u0105cznik solarny i zewn\u0119trzny (ogrzewanie\/ch\u0142odzenie).<\/p>\n<p>\t\t\tTermostaty PAW-A2W-RTWIRED, PAW-A2W-RTWIRELESS<\/p>\n<p>\t\t\t\tPAW-A2W-RTWIRED &#8211; przewodowy termostat pokojowy z wy\u015bwietlaczem LCD i programatorem tygodniowym<br \/>\n\t\t\t\tPAW-A2W-RTWIRELESS &#8211; Bezprzewodowy termostat pokojowy z wy\u015bwietlaczem LCD i programatorem tygodniowym<\/p>\n<p>\t\t\tOpcjonalny panel steruj\u0105cy z dodatkowymi funkcjami CZ-NS2P<\/p>\n<p>\t\t\t\tP\u0142yta steruj\u0105ca do pod\u0142\u0105czenia zestawu kolektor\u00f3w s\u0142onecznych (dla pojedynczych system\u00f3w) CZ-NS3P<br \/>\n\t\t\t\tP\u0142yta steruj\u0105ca do pod\u0142\u0105czenia zestawu kolektor\u00f3w s\u0142onecznych dla system\u00f3w pojedynczych &#8211; 6 kW i 9 kW CZ-NS4P<br \/>\n\t\t\t\tP\u0142yta steruj\u0105ca z zaawansowanymi funkcjami dla agregat\u00f3w typu H<\/p>\n<p>\t\t\tAkcesoria do system\u00f3w odladzania<\/p>\n<p>\t\t\t\tCZ-NE1P &#8211; Grza\u0142ka tacy ociekowej (dla wszystkich starszych modeli integralnych i dzielonych, z wyj\u0105tkiem modeli 3 i 5 kW)<br \/>\n\t\t\t\tCZ-NE2P &#8211; Grza\u0142ka z tac\u0105 ociekow\u0105 (dla modeli 3 i 5 kW)<br \/>\n\t\t\t\tCZ-NE3P &#8211; Grza\u0142ka z tac\u0105 ociekow\u0105 (dla wszystkich nowych modeli generacji F i H)<\/p>\n<p>\t\t\tAkcesoria do zintegrowanych pomp<\/p>\n<p>\t\t\t\tPAW-ADC-PREKIT-1 &#8211; W\u0105\u017c i uchwyt \u015bcienny do pomp &#8222;all-in-one&#8221; generacji H<br \/>\n\t\t\t\tPAW-ADC-PREKIT &#8211; W\u0119\u017ce i uchwyty \u015bcienne do pomp serii G &#8222;all-in-one&#8221;<br \/>\n\t\t\t\tPAW-ADC-CV150 &#8211; Dekoracyjna os\u0142ona boczna (magnetyczna)<\/p>\n<p>\t\t\tAkcesoria do klimakonwektor\u00f3w Aquarea Air<\/p>\n<p>\t\t\t\tPAW-AAIR-LEGS-1 &#8211; Zestaw 2 n\u00f3\u017cek do stawiania podgrzewaczy Aquarea Air na pod\u0142odze i ochrony rur wodnych.<br \/>\n\t\t\t\tAkcesoria do pomp CWU Aquarea<br \/>\n\t\t\t\tPAW-DHWE2C &#8211; opcjonalna grza\u0142ka elektryczna o mocy 2 kW do urz\u0105dze\u0144 wolnostoj\u0105cych<br \/>\n\t\t\t\tPAW-DHWE3C &#8211; opcjonalna grza\u0142ka elektryczna o mocy 3 kW do urz\u0105dze\u0144 wolnostoj\u0105cych<\/p>\n<p>\t\t\tAkcesoria do zasobnik\u00f3w ciep\u0142ej wody u\u017cytkowej<\/p>\n<p>\t\t\t\tPAW-TS1 &#8211; Czujnik do monta\u017cu w zbiorniku (z kablem 6 m)<br \/>\n\t\t\t\tPAW-TS2 &#8211; Czujnik do monta\u017cu w zbiorniku (z kablem 20 m)<br \/>\n\t\t\t\tPAW-TS4 &#8211; Czujnik do monta\u017cu w zbiorniku (z kablem 6 m, tylko \u015brednica 6 mm)<br \/>\n\t\t\t\tCZ-TK1 &#8211; Czujnik temperatury w zbiorniku innej firmy (z miedzian\u0105 os\u0142on\u0105 i kablem czujnika o d\u0142ugo\u015bci 6 m)<\/p>\n<p>\t\t\tPodstawy specjalne dla urz\u0105dze\u0144 zewn\u0119trznych<\/p>\n<p>\t\t\t\tPAW-WTRAY &#8211; Taca kondensatu, kompatybilna z podstaw\u0105 pod jednostk\u0105 zewn\u0119trzn\u0105<br \/>\n\t\t\t\tPAW-GRDSTD40 &#8211; Platforma pod jednostk\u0105 zewn\u0119trzn\u0105<br \/>\n\t\t\t\tPAW-GRDBSE20 &#8211; Podstawa absorbuj\u0105ca ha\u0142as i wibracje dla jednostek zewn\u0119trznych (600 x 95 x 130 mm, 500 kg)<\/p>\n<p>\t\t\tAkcesoria hydrauliczne<\/p>\n<p>\t\t\t\tPAW-2PMP2ZONE &#8211; Zestaw dwustrefowy: sprz\u0119g\u0142o hydrauliczne, rozdzielacz, 2 pompy A-stopniowe, 1 zaw\u00f3r mieszaj\u0105cy<br \/>\n\t\t\t\tPAW-A2W-2ZONECVR &#8211; Pokrywa do modu\u0142u dwustrefowego<br \/>\n\t\t\t\tPAW-A2W-2ZONEKIT &#8211; Zestaw dwustrefowy<br \/>\n\t\t\t\tPAW-FILTER &#8211; 2 zawory zwrotne + filtr 1&#8243; (nie wymagany dla generacji H)<br \/>\n\t\t\t\tPAW-FILTER-ONLY &#8211; filtr 1&#8243; (nie jest wymagany dla generacji H)<br \/>\n\t\t\t\tPAW-A2WFILTERFLOW* &#8211; Filtr i przep\u0142ywomierz wody (nie wymagane dla generacji H)<br \/>\n\t\t\t\tPAW-BTANK50L &#8211; zbiornik buforowy o pojemno\u015bci 50 litr\u00f3w<br \/>\n\t\t\t\tCZ-NV1 &#8211; Zaw\u00f3r 3-drogowy dla jednostek Generacji H &#8222;wszystko w jednym&#8221; (opcja, monta\u017c wewn\u0119trzny)<br \/>\n\t\t\t\tPAW-3WYVLV-SI &#8211; Zaw\u00f3r tr\u00f3jdro\u017cny<\/p>\n<p>\t\t\tAkcesoria komunikacyjne<\/p>\n<p>\t\t\t\tCZ-TAW1 &#8211; Aquarea Smart Cloud do sterowania urz\u0105dzeniami Generation H przez internet (poprzez modu\u0142 WiFi lub przewodow\u0105 sie\u0107 LAN)<br \/>\n\t\t\t\tPAW-AW-KNX-H &#8211; interfejs KNX dla pomp ciep\u0142a Generacji H<br \/>\n\t\t\t\tPAW-AW-MBS-H &#8211; interfejs Modbus dla pomp ciep\u0142a Gen H<br \/>\n\t\t\t\tPAW-AW-KNX-1i &#8211; interfejs KNX<br \/>\n\t\t\t\tPAW-AW-MBS-1 &#8211; interfejs Modbus<br \/>\n\t\t\t\tPA-AW-WIFI-1TE &#8211; interfejs IntesisHome z dodatkowym czujnikiem temperatury<\/p>\n<p>\t\t\tCzujniki dla urz\u0105dze\u0144 generacji H<\/p>\n<p>\t\t\t\tPAW-A2W-TSOD &#8211; Czujnik temperatury zewn\u0119trznej<br \/>\n\t\t\t\tPAW-A2W-TSRT &#8211; Czujnik do pomieszcze\u0144 strefowych<br \/>\n\t\t\t\tPAW-A2W-TSBU &#8211; czujnik zbiornika buforowego<br \/>\n\t\t\t\tPAW-A2W-TSHC &#8211; czujnik pomieszczenia strefowego<br \/>\n\t\t\t\tPAW-A2W-TSSO &#8211; Czujniki nas\u0142onecznienia<\/p>\n<p>\t\t\tNarz\u0119dzia dla urz\u0105dze\u0144 generacji H<\/p>\n<p>\t\t\t\tPAW-A2WLOGGER &#8211; rejestrator danych: do d\u0142ugotrwa\u0142ej rejestracji danych<br \/>\n\t\t\t\tPAW-A2WCHECKER &#8211; sterownik serwisowy: monitorowanie w czasie rzeczywistym na komputerze producenta<\/p>\n<div class=\"hr-thin\"><\/div>\n<p>Katalogi<\/p>\n<div class=\"su-tabs su-tabs-style-default su-tabs-mobile-stack\" data-active=\"1\" data-scroll-offset=\"0\" data-anchor-in-url=\"no\"><div class=\"su-tabs-nav\"><span class=\"\" data-url=\"\" data-target=\"blank\" tabindex=\"0\" role=\"button\">Katalog pomp Panasonic  Aquarea 2023<\/span><span class=\"\" data-url=\"\" data-target=\"blank\" tabindex=\"0\" role=\"button\">Panasonic AQUAREA przygotowanie CWU<\/span><span class=\"\" data-url=\"\" data-target=\"blank\" tabindex=\"0\" role=\"button\">Zasobnik AQUAREA<\/span><span class=\"\" data-url=\"\" data-target=\"blank\" tabindex=\"0\" role=\"button\">Akcesoria<\/span><span class=\"\" data-url=\"\" data-target=\"blank\" tabindex=\"0\" role=\"button\">Monta\u017c<\/span><span class=\"\" data-url=\"\" data-target=\"blank\" tabindex=\"0\" role=\"button\">Aquarea akcesoria<\/span><\/div><div class=\"su-tabs-panes\"><div class=\"su-tabs-pane su-u-clearfix su-u-trim\" data-title=\"Katalog pomp Panasonic  Aquarea 2023\"><div class=\"su-document su-u-responsive-media-yes\"><iframe src=\"\/\/docs.google.com\/viewer?embedded=true&url=https:\/\/www.fabrykachlodu.pl\/sklep\/wp-content\/uploads\/2023\/03\/Panasonic_katalog_pomp_ciepla_Aquarea_2022_-_2023.pdf\" width=\"600\" height=\"400\" class=\"su-document\" title=\"\"><\/iframe><\/div><\/div>\n<div class=\"su-tabs-pane su-u-clearfix su-u-trim\" data-title=\"Panasonic AQUAREA przygotowanie CWU\"><div class=\"su-document su-u-responsive-media-yes\"><iframe src=\"\/\/docs.google.com\/viewer?embedded=true&url=https:\/\/www.fabrykachlodu.pl\/sklep\/wp-content\/uploads\/2023\/03\/Panasonic-AQUAREA-przygotowanie-CWU.pdf\" width=\"600\" height=\"400\" class=\"su-document\" title=\"\"><\/iframe><\/div><\/div>\n<div class=\"su-tabs-pane su-u-clearfix su-u-trim\" data-title=\"Zasobnik AQUAREA\"><div class=\"su-document su-u-responsive-media-yes\"><iframe src=\"\/\/docs.google.com\/viewer?embedded=true&url=https:\/\/www.fabrykachlodu.pl\/sklep\/wp-content\/uploads\/2023\/03\/PANASONIC-zasobnik-AQUAREA-zbiornik-buforowy.pdf\" width=\"600\" height=\"400\" class=\"su-document\" title=\"\"><\/iframe><\/div><\/div>\n<div class=\"su-tabs-pane su-u-clearfix su-u-trim\" data-title=\"Akcesoria\"><div class=\"su-document su-u-responsive-media-yes\"><iframe src=\"\/\/docs.google.com\/viewer?embedded=true&url=https:\/\/www.fabrykachlodu.pl\/sklep\/wp-content\/uploads\/2023\/03\/Aquarea_Smart_Cloud_2017.pdf\" width=\"600\" height=\"400\" class=\"su-document\" title=\"\"><\/iframe><\/div><\/div>\n<div class=\"su-tabs-pane su-u-clearfix su-u-trim\" data-title=\"Monta\u017c\"><div class=\"su-document su-u-responsive-media-yes\"><iframe src=\"\/\/docs.google.com\/viewer?embedded=true&url=https:\/\/www.fabrykachlodu.pl\/sklep\/wp-content\/uploads\/2020\/04\/33.334.35.Akcesoria.Klimatyzacja.castel_airco_2018.pdf\" width=\"600\" height=\"400\" class=\"su-document\" title=\"\"><\/iframe><\/div><\/div>\n<div class=\"su-tabs-pane su-u-clearfix su-u-trim\" data-title=\"Aquarea akcesoria\"><div class=\"su-document su-u-responsive-media-yes\"><iframe src=\"\/\/docs.google.com\/viewer?embedded=true&url=https:\/\/www.fabrykachlodu.pl\/sklep\/wp-content\/uploads\/2023\/03\/Katalog_Panasonic_Aquarea_akcesoria.pdf\" width=\"600\" height=\"400\" class=\"su-document\" title=\"\"><\/iframe><\/div><\/div><\/div><\/div>\n<p>Dokumenty si\u0119 nie wy\u015bwietlaj\u0105? <input type=\"button\" value=\"Od\u015bwie\u017c stron\u0119\" onclick=\"location.reload();\"><\/p>\n","protected":false},"excerpt":{"rendered":"<p><span style=\"color: #000000;\"><strong>Najwa\u017cniejsze zalety<\/strong><\/span>[dt_list style=\"1\" bullet_position=\"middle\" dividers=\"true\"][dt_list style=\"1\" bullet_position=\"middle\" dividers=\"true\"][dt_list_item image=\"\"]PAW-A2W-RTWIRED &#8211; Przewodowy termostat pokojowy z ekranem LCD i programatorem tygodniowym[\/dt_list_item][dt_list_item image=\"\"]PAW-A2W-RTWIRELESS &#8211; Bezprzewodowy termostat pokojowy z ekranem LCD i programatorem tygodniowym[\/dt_list_item][dt_list_item image=\"\"]Atrakcyjna Cena[\/dt_list_item][dt_list_item image=\"\"]Szybka dostawa[\/dt_list_item][\/dt_list]<\/p>\n","protected":false},"featured_media":88029,"template":"","meta":[],"product_cat":[401,6523,189],"product_tag":[6574,6567,6573],"yoast_head":"<!-- This site is optimized with the Yoast SEO plugin v22.1 - https:\/\/yoast.com\/wordpress\/plugins\/seo\/ -->\n<title>Stela\u017c na urz\u0105dzenie podwieszane do modeli 100 i 150 litr\u00f3w<\/title>\n<meta name=\"description\" content=\"Stela\u017c na urz\u0105dzenie podwieszane do modeli 100 i 150 litr\u00f3w 0\" \/>\n<meta name=\"robots\" content=\"index, follow, max-snippet:-1, max-image-preview:large, max-video-preview:-1\" \/>\n<link rel=\"canonical\" href=\"https:\/\/www.fabrykachlodu.pl\/sklep\/produkt\/stelaz-na-urzadzenie-podwieszane-do-modeli-100-i-150-litrow\/\" \/>\n<meta name=\"twitter:label1\" content=\"Szacowany czas czytania\" \/>\n\t<meta name=\"twitter:data1\" content=\"5 minut\" \/>\n<script type=\"application\/ld+json\" class=\"yoast-schema-graph\">{\"@context\":\"https:\/\/schema.org\",\"@graph\":[{\"@type\":\"WebPage\",\"@id\":\"https:\/\/www.fabrykachlodu.pl\/sklep\/produkt\/stelaz-na-urzadzenie-podwieszane-do-modeli-100-i-150-litrow\/\",\"url\":\"https:\/\/www.fabrykachlodu.pl\/sklep\/produkt\/stelaz-na-urzadzenie-podwieszane-do-modeli-100-i-150-litrow\/\",\"name\":\"Stela\u017c na urz\u0105dzenie podwieszane do modeli 100 i 150 litr\u00f3w\",\"isPartOf\":{\"@id\":\"https:\/\/www.fabrykachlodu.pl\/sklep\/#website\"},\"datePublished\":\"2023-03-05T23:12:19+00:00\",\"dateModified\":\"2023-04-12T15:32:46+00:00\",\"description\":\"Stela\u017c na urz\u0105dzenie podwieszane do modeli 100 i 150 litr\u00f3w 0\",\"breadcrumb\":{\"@id\":\"https:\/\/www.fabrykachlodu.pl\/sklep\/produkt\/stelaz-na-urzadzenie-podwieszane-do-modeli-100-i-150-litrow\/#breadcrumb\"},\"inLanguage\":\"pl-PL\",\"potentialAction\":[{\"@type\":\"ReadAction\",\"target\":[\"https:\/\/www.fabrykachlodu.pl\/sklep\/produkt\/stelaz-na-urzadzenie-podwieszane-do-modeli-100-i-150-litrow\/\"]}]},{\"@type\":\"BreadcrumbList\",\"@id\":\"https:\/\/www.fabrykachlodu.pl\/sklep\/produkt\/stelaz-na-urzadzenie-podwieszane-do-modeli-100-i-150-litrow\/#breadcrumb\",\"itemListElement\":[{\"@type\":\"ListItem\",\"position\":1,\"name\":\"Strona g\u0142\u00f3wna\",\"item\":\"https:\/\/www.fabrykachlodu.pl\/sklep\/\"},{\"@type\":\"ListItem\",\"position\":2,\"name\":\"Szukasz klimatzyacji biurowej sklepowej lub do mieszkania?\",\"item\":\"https:\/\/www.fabrykachlodu.pl\/sklep\/\"},{\"@type\":\"ListItem\",\"position\":3,\"name\":\"PANASONIC\",\"item\":\"https:\/\/www.fabrykachlodu.pl\/sklep\/product-category\/panasonic\/\"},{\"@type\":\"ListItem\",\"position\":4,\"name\":\"POMPA CIEP\u0141A\",\"item\":\"https:\/\/www.fabrykachlodu.pl\/sklep\/product-category\/panasonic\/pompa-ciepla\/\"},{\"@type\":\"ListItem\",\"position\":5,\"name\":\"AQUAREA\",\"item\":\"https:\/\/www.fabrykachlodu.pl\/sklep\/product-category\/panasonic\/pompa-ciepla\/aquarea\/\"},{\"@type\":\"ListItem\",\"position\":6,\"name\":\"Zbiorniki\",\"item\":\"https:\/\/www.fabrykachlodu.pl\/sklep\/product-category\/panasonic\/pompa-ciepla\/aquarea\/zbiorniki\/\"},{\"@type\":\"ListItem\",\"position\":7,\"name\":\"Stela\u017c na urz\u0105dzenie podwieszane do modeli 100 i 150 litr\u00f3w PAW-DHW-STAND\"}]},{\"@type\":\"WebSite\",\"@id\":\"https:\/\/www.fabrykachlodu.pl\/sklep\/#website\",\"url\":\"https:\/\/www.fabrykachlodu.pl\/sklep\/\",\"name\":\"\u00b0FC Sklep Internetowy monta\u017c klimatyzacji pomp ciep\u0142a\",\"description\":\"\u00b0FC monta\u017c klimatyzacji pomp ciep\u0142a z nami to szybki i tani wyb\u00f3r.  Us\u0142ugi monta\u017cowe i serwisowe W Warszawie i okolicach..\",\"potentialAction\":[{\"@type\":\"SearchAction\",\"target\":{\"@type\":\"EntryPoint\",\"urlTemplate\":\"https:\/\/www.fabrykachlodu.pl\/sklep\/?s={search_term_string}\"},\"query-input\":\"required name=search_term_string\"}],\"inLanguage\":\"pl-PL\"}]}<\/script>\n<!-- \/ Yoast SEO plugin. -->","yoast_head_json":{"title":"Stela\u017c na urz\u0105dzenie podwieszane do modeli 100 i 150 litr\u00f3w","description":"Stela\u017c na urz\u0105dzenie podwieszane do modeli 100 i 150 litr\u00f3w 0","robots":{"index":"index","follow":"follow","max-snippet":"max-snippet:-1","max-image-preview":"max-image-preview:large","max-video-preview":"max-video-preview:-1"},"canonical":"https:\/\/www.fabrykachlodu.pl\/sklep\/produkt\/stelaz-na-urzadzenie-podwieszane-do-modeli-100-i-150-litrow\/","twitter_misc":{"Szacowany czas czytania":"5 minut"},"schema":{"@context":"https:\/\/schema.org","@graph":[{"@type":"WebPage","@id":"https:\/\/www.fabrykachlodu.pl\/sklep\/produkt\/stelaz-na-urzadzenie-podwieszane-do-modeli-100-i-150-litrow\/","url":"https:\/\/www.fabrykachlodu.pl\/sklep\/produkt\/stelaz-na-urzadzenie-podwieszane-do-modeli-100-i-150-litrow\/","name":"Stela\u017c na urz\u0105dzenie podwieszane do modeli 100 i 150 litr\u00f3w","isPartOf":{"@id":"https:\/\/www.fabrykachlodu.pl\/sklep\/#website"},"datePublished":"2023-03-05T23:12:19+00:00","dateModified":"2023-04-12T15:32:46+00:00","description":"Stela\u017c na urz\u0105dzenie podwieszane do modeli 100 i 150 litr\u00f3w 0","breadcrumb":{"@id":"https:\/\/www.fabrykachlodu.pl\/sklep\/produkt\/stelaz-na-urzadzenie-podwieszane-do-modeli-100-i-150-litrow\/#breadcrumb"},"inLanguage":"pl-PL","potentialAction":[{"@type":"ReadAction","target":["https:\/\/www.fabrykachlodu.pl\/sklep\/produkt\/stelaz-na-urzadzenie-podwieszane-do-modeli-100-i-150-litrow\/"]}]},{"@type":"BreadcrumbList","@id":"https:\/\/www.fabrykachlodu.pl\/sklep\/produkt\/stelaz-na-urzadzenie-podwieszane-do-modeli-100-i-150-litrow\/#breadcrumb","itemListElement":[{"@type":"ListItem","position":1,"name":"Strona g\u0142\u00f3wna","item":"https:\/\/www.fabrykachlodu.pl\/sklep\/"},{"@type":"ListItem","position":2,"name":"Szukasz klimatzyacji biurowej sklepowej lub do mieszkania?","item":"https:\/\/www.fabrykachlodu.pl\/sklep\/"},{"@type":"ListItem","position":3,"name":"PANASONIC","item":"https:\/\/www.fabrykachlodu.pl\/sklep\/product-category\/panasonic\/"},{"@type":"ListItem","position":4,"name":"POMPA CIEP\u0141A","item":"https:\/\/www.fabrykachlodu.pl\/sklep\/product-category\/panasonic\/pompa-ciepla\/"},{"@type":"ListItem","position":5,"name":"AQUAREA","item":"https:\/\/www.fabrykachlodu.pl\/sklep\/product-category\/panasonic\/pompa-ciepla\/aquarea\/"},{"@type":"ListItem","position":6,"name":"Zbiorniki","item":"https:\/\/www.fabrykachlodu.pl\/sklep\/product-category\/panasonic\/pompa-ciepla\/aquarea\/zbiorniki\/"},{"@type":"ListItem","position":7,"name":"Stela\u017c na urz\u0105dzenie podwieszane do modeli 100 i 150 litr\u00f3w PAW-DHW-STAND"}]},{"@type":"WebSite","@id":"https:\/\/www.fabrykachlodu.pl\/sklep\/#website","url":"https:\/\/www.fabrykachlodu.pl\/sklep\/","name":"\u00b0FC Sklep Internetowy monta\u017c klimatyzacji pomp ciep\u0142a","description":"\u00b0FC monta\u017c klimatyzacji pomp ciep\u0142a z nami to szybki i tani wyb\u00f3r.  Us\u0142ugi monta\u017cowe i serwisowe W Warszawie i okolicach..","potentialAction":[{"@type":"SearchAction","target":{"@type":"EntryPoint","urlTemplate":"https:\/\/www.fabrykachlodu.pl\/sklep\/?s={search_term_string}"},"query-input":"required name=search_term_string"}],"inLanguage":"pl-PL"}]}},"_links":{"self":[{"href":"https:\/\/www.fabrykachlodu.pl\/sklep\/wp-json\/wp\/v2\/product\/87854"}],"collection":[{"href":"https:\/\/www.fabrykachlodu.pl\/sklep\/wp-json\/wp\/v2\/product"}],"about":[{"href":"https:\/\/www.fabrykachlodu.pl\/sklep\/wp-json\/wp\/v2\/types\/product"}],"wp:featuredmedia":[{"embeddable":true,"href":"https:\/\/www.fabrykachlodu.pl\/sklep\/wp-json\/wp\/v2\/media\/88029"}],"wp:attachment":[{"href":"https:\/\/www.fabrykachlodu.pl\/sklep\/wp-json\/wp\/v2\/media?parent=87854"}],"wp:term":[{"taxonomy":"product_cat","embeddable":true,"href":"https:\/\/www.fabrykachlodu.pl\/sklep\/wp-json\/wp\/v2\/product_cat?post=87854"},{"taxonomy":"product_tag","embeddable":true,"href":"https:\/\/www.fabrykachlodu.pl\/sklep\/wp-json\/wp\/v2\/product_tag?post=87854"}],"curies":[{"name":"wp","href":"https:\/\/api.w.org\/{rel}","templated":true}]}}