{"id":88487,"date":"2023-04-19T16:03:12","date_gmt":"2023-04-19T14:03:12","guid":{"rendered":"https:\/\/www.fabrykachlodu.pl\/sklep\/?post_type=product&#038;p=88487"},"modified":"2023-04-26T20:34:17","modified_gmt":"2023-04-26T18:34:17","slug":"stacja-cps-do-odzysku-czynnikow-tr19e-gaz-6-kg-h-ciecz-193-kg-h","status":"publish","type":"product","link":"https:\/\/www.fabrykachlodu.pl\/sklep\/produkt\/stacja-cps-do-odzysku-czynnikow-tr19e-gaz-6-kg-h-ciecz-193-kg-h\/","title":{"rendered":"Stacja CPS do odzysku czynnik\u00f3w TR19E gaz 6 kg\/h, ciecz 193 kg\/h"},"content":{"rendered":"<br \/>\n<h2>Zam\u00f3wienie dotyczy:  Stacja CPS do odzysku czynnik\u00f3w TR19E gaz 6 kg\/h, ciecz 193 kg\/h<\/h2>\n<p><h3><strong>W jednym miejscu poznasz:<\/strong><\/h3>\n<\/p>\n<p>Stacja CPS do odzysku czynnik\u00f3w TR19E gaz 6 kg\/h, ciecz 193 kg\/h i wa\u017cne informacje<br \/> Poznasz najwa\u017cniejsze funkcje<br \/> Por\u00f3wnasz produkty<br \/> Poznasz parametry techniczne<br \/> Poznasz cen\u0119 i zrealizujesz zam\u00f3wienie<strong><\/p>\n<h3>Zamawiaj\u0105c produkt u nas:<\/strong><\/h3>\n<p>Otrzymasz produkt<br \/> Nowy produkt<br \/> Prawo do zwrotu<br \/> Zakup na raty<br \/> <strong><\/p>\n<h3>Zamawiaj\u0105c teraz otrzymasz:<\/strong><\/h3>\n<p> Stacja CPS do odzysku czynnik\u00f3w TR19E gaz 6 kg\/h, ciecz 193 kg\/h z rabatem kupuj\u0105c w naszym sklepie online  <br \/> Gwarancje <br \/> Szybka realizacje dostawyStacja CPS do odzysku czynnik\u00f3w jest urz\u0105dzeniem s\u0142u\u017c\u0105cym do odzyskiwania czynnika ch\u0142odniczego z system\u00f3w ch\u0142odniczych i klimatyzacyjnych, w kt\u00f3rych jest on u\u017cywany. Czynniki ch\u0142odnicze to substancje, kt\u00f3re s\u0105 u\u017cywane w uk\u0142adach ch\u0142odniczych do przekazywania ciep\u0142a, umo\u017cliwiaj\u0105c tym samym ch\u0142odzenie powietrza lub innych medi\u00f3w. Stacje CPS pozwalaj\u0105 na odzyskanie tych substancji z system\u00f3w, w kt\u00f3rych s\u0105 one u\u017cywane, a nast\u0119pnie na ich przetworzenie, aby mog\u0142y by\u0107 ponownie u\u017cyte.<\/p>\n<p>Zalety stacji CPS do odzysku czynnika ch\u0142odniczego obejmuj\u0105:<\/p>\n<p>Ochrona \u015brodowiska: stosowanie stacji CPS pozwala na odzyskiwanie i ponowne wykorzystywanie czynnika ch\u0142odniczego, co zmniejsza ilo\u015b\u0107 substancji ch\u0142odz\u0105cych emitowanych do atmosfery, co ma pozytywny wp\u0142yw na \u015brodowisko.<\/p>\n<p>Oszcz\u0119dno\u015b\u0107 czasu i pieni\u0119dzy: stosowanie stacji CPS pozwala na odzyskiwanie czynnika ch\u0142odniczego, co oznacza, \u017ce nie trzeba ju\u017c kupowa\u0107 nowego czynnika, co przek\u0142ada si\u0119 na oszcz\u0119dno\u015b\u0107 czasu i pieni\u0119dzy.<\/p>\n<p>Wzrost efektywno\u015bci energetycznej: odzyskiwanie i ponowne wykorzystywanie czynnika ch\u0142odniczego pozwala na wzrost efektywno\u015bci energetycznej systemu ch\u0142odniczego, co z kolei mo\u017ce przek\u0142ada\u0107 si\u0119 na oszcz\u0119dno\u015bci w kosztach eksploatacji.<\/p>\n<p>Stacje CPS do odzysku czynnika ch\u0142odniczego s\u0105 stosowane przez specjalist\u00f3w zajmuj\u0105cych si\u0119 klimatyzacj\u0105, ch\u0142odnictwem i instalacjami ch\u0142odniczymi, takich jak technicy serwisowi, instalatorzy i specjali\u015bci ds. konserwacji system\u00f3w ch\u0142odniczych i klimatyzacyjnych.<div class=\"su-service\"><div class=\"su-service-title\" style=\"padding-left:52px;min-height:38px;line-height:38px\"><i class=\"sui sui-check-circle\" style=\"font-size:38px;color:#22a0ed\"><\/i> Wskaz\u00f3wka naszego eksperta<\/div><div class=\"su-service-content su-u-clearfix su-u-trim\" style=\"padding-left:52px\"><\/div><\/div>\n<h2><strong>Zapraszamy do por\u00f3wnania zalet i wad<\/strong><\/h2>\n<p><strong>Jakie s\u0105 zalety?<\/strong><br \/><div class=\"su-service\"><div class=\"su-service-title\" style=\"padding-left:52px;min-height:38px;line-height:38px\"><i class=\"sui sui-check-circle\" style=\"font-size:38px;color:#22a0ed\"><\/i> Wskaz\u00f3wka naszego eksperta<\/div><div class=\"su-service-content su-u-clearfix su-u-trim\" style=\"padding-left:52px\">Stacje CPS do odzysku czynnik\u00f3w TR600EH, TR700EH, TR19E, TR21E, TRS21E i TRS600EH umo\u017cliwiaj\u0105 odzyskanie du\u017cych ilo\u015bci gaz\u00f3w i cieczy, co przyczynia si\u0119 do ochrony \u015brodowiska i oszcz\u0119dno\u015bci koszt\u00f3w. <br \/><\/div><\/div><strong>Jakie s\u0105 wady tego produktu?<\/strong><br \/><div class=\"su-service\"><div class=\"su-service-title\" style=\"padding-left:52px;min-height:38px;line-height:38px\"><i class=\"sui sui-check-circle\" style=\"font-size:38px;color:#22a0ed\"><\/i> Wskaz\u00f3wka naszego eksperta<\/div><div class=\"su-service-content su-u-clearfix su-u-trim\" style=\"padding-left:52px\">Stacja CPS do odzysku czynnik\u00f3w TR19E &#8211; niska wydajno\u015b\u0107, du\u017ca waga <br \/><\/div><\/div><div class=\"su-service\"><div class=\"su-service-title\" style=\"padding-left:52px;min-height:38px;line-height:38px\"><i class=\"sui sui-hand-o-right\" style=\"font-size:38px;color:#22a0ed\"><\/i> Podsumowuj\u0105c<\/div><div class=\"su-service-content su-u-clearfix su-u-trim\" style=\"padding-left:52px\">Stacje CPS to urz\u0105dzenia do odzyskiwania czynnik\u00f3w ch\u0142odniczych. TR600EH i TRS600EH maj\u0105 mniejsz\u0105 wydajno\u015b\u0107, ale wykorzystuj\u0105 bardziej przyjazny dla \u015brodowiska czynnik R32. TR700EH i TR21E s\u0105 bardziej wydajne, ale wymagaj\u0105 wy\u017cszych koszt\u00f3w eksploatacji. TR19E ma nisk\u0105 wydajno\u015b\u0107, ale jest najta\u0144szym modelem.<br \/><\/div><\/div>\n<div class=\"hr-thin\"><\/div>\n<p>&#8221; <\/p>\n<p>PARAMETRY TECHNICZNE<\/p>\n<div class=\"su-tabs su-tabs-style-default su-tabs-mobile-stack\" data-active=\"1\" data-scroll-offset=\"0\" data-anchor-in-url=\"no\"><div class=\"su-tabs-nav\"><span class=\"\" data-url=\"\" data-target=\"blank\" tabindex=\"0\" role=\"button\">Stacja CPS do odzysku<\/span><span class=\"\" data-url=\"\" data-target=\"blank\" tabindex=\"0\" role=\"button\">CPS Odzysk czynika<\/span><span class=\"\" data-url=\"\" data-target=\"blank\" tabindex=\"0\" role=\"button\">Pompa pr\u00f3\u017cniowa<\/span><span class=\"\" data-url=\"\" data-target=\"blank\" tabindex=\"0\" role=\"button\">Akcesoria Monta\u017cowe<\/span><span class=\"\" data-url=\"\" data-target=\"blank\" tabindex=\"0\" role=\"button\">Akcesoria Monta\u017cowe<\/span><span class=\"\" data-url=\"\" data-target=\"blank\" tabindex=\"0\" role=\"button\">Ch\u0142odnictwo oferta<\/span><\/div><div class=\"su-tabs-panes\"><div class=\"su-tabs-pane su-u-clearfix su-u-trim\" data-title=\"Stacja CPS do odzysku\"><div class=\"su-document su-u-responsive-media-yes\"><iframe src=\"\/\/docs.google.com\/viewer?embedded=true&url=https:\/\/www.fabrykachlodu.pl\/sklep\/wp-content\/uploads\/2023\/04\/CPS_Stacja_do_odzysku_TR600.pdf\" width=\"600\" height=\"400\" class=\"su-document\" title=\"\"><\/iframe><\/div><\/div>\n<div class=\"su-tabs-pane su-u-clearfix su-u-trim\" data-title=\"CPS Odzysk czynika\"><div class=\"su-document su-u-responsive-media-yes\"><iframe src=\"\/\/docs.google.com\/viewer?embedded=true&url=https:\/\/www.fabrykachlodu.pl\/sklep\/wp-content\/uploads\/2023\/04\/pompy.prozniowe.zbiorniki.do_.odzysku.czynnika.chlodniczego.plaszcze.grzewcze.pdf\" width=\"600\" height=\"400\" class=\"su-document\" title=\"\"><\/iframe><\/div><\/div>\n<div class=\"su-tabs-pane su-u-clearfix su-u-trim\" data-title=\"Pompa pr\u00f3\u017cniowa\"><div class=\"su-document su-u-responsive-media-yes\"><iframe src=\"\/\/docs.google.com\/viewer?embedded=true&url=https:\/\/www.fabrykachlodu.pl\/sklep\/wp-content\/uploads\/2023\/04\/pompy.prozniowe.oleje_.do_.pomp_.pdf\" width=\"600\" height=\"400\" class=\"su-document\" title=\"\"><\/iframe><\/div><\/div>\n<div class=\"su-tabs-pane su-u-clearfix su-u-trim\" data-title=\"Akcesoria Monta\u017cowe\"><div class=\"su-document su-u-responsive-media-yes\"><iframe src=\"\/\/docs.google.com\/viewer?embedded=true&url=https:\/\/www.fabrykachlodu.pl\/sklep\/wp-content\/uploads\/2023\/04\/narzedzia.do_.rur_.frezy_.do_.gratowania.do_.giecia.do_.zaciskania.do_.rozcinania.otworow.pdf\" width=\"600\" height=\"400\" class=\"su-document\" title=\"\"><\/iframe><\/div><\/div>\n<div class=\"su-tabs-pane su-u-clearfix su-u-trim\" data-title=\"Akcesoria Monta\u017cowe\"><div class=\"su-document su-u-responsive-media-yes\"><iframe src=\"\/\/docs.google.com\/viewer?embedded=true&url=https:\/\/www.fabrykachlodu.pl\/sklep\/wp-content\/uploads\/2020\/04\/25_Akcesoria.Klimatyzacjacastel_airco_2018.pdf\" width=\"600\" height=\"400\" class=\"su-document\" title=\"\"><\/iframe><\/div><\/div>\n<div class=\"su-tabs-pane su-u-clearfix su-u-trim\" data-title=\"Ch\u0142odnictwo oferta\"><div class=\"su-document su-u-responsive-media-yes\"><iframe src=\"\/\/docs.google.com\/viewer?embedded=true&url=https:\/\/www.fabrykachlodu.pl\/oferta\/FC.Serwis_Chlodniczy.pdf\" width=\"600\" height=\"400\" class=\"su-document\" title=\"\"><\/iframe><\/div><\/div><\/div><\/div>\n<p>Dokumenty si\u0119 nie wy\u015bwietlaj\u0105? <input type=\"button\" value=\"Od\u015bwie\u017c stron\u0119\" onclick=\"location.reload();\"><\/p>\n","protected":false},"excerpt":{"rendered":"<p><span style=\"color: #000000;\"><strong>Najwa\u017cniejsze zalety<\/strong><\/span>[dt_list style=\"1\" bullet_position=\"middle\" dividers=\"true\"][dt_list style=\"1\" bullet_position=\"middle\" dividers=\"true\"][dt_list_item image=\"\"]Ma\u0142e rozmiary[\/dt_list_item][dt_list_item image=\"\"]\u0141atwo\u015b\u0107 przenoszenia[\/dt_list_item][dt_list_item image=\"\"]Niski pob\u00f3r mocy[\/dt_list_item][dt_list_item image=\"\"]Du\u017cy zakres czynnik\u00f3w ch\u0142odniczych[\/dt_list_item][\/dt_list]<\/p>\n","protected":false},"featured_media":88376,"template":"","meta":[],"product_cat":[6739,6740,189],"product_tag":[6741],"yoast_head":"<!-- This site is optimized with the Yoast SEO plugin v22.1 - https:\/\/yoast.com\/wordpress\/plugins\/seo\/ -->\n<title>Stacja CPS do odzysku czynnik\u00f3w TR19E gaz 6 kg\/h, ciecz 193 kg\/h<\/title>\n<meta name=\"description\" content=\"Stacja CPS do odzysku czynnik\u00f3w TR19E gaz 6 kg\/h, ciecz 193 kg\/h\" \/>\n<meta name=\"robots\" content=\"index, nofollow, max-snippet:-1, max-image-preview:large, max-video-preview:-1, noarchive\" \/>\n<link rel=\"canonical\" href=\"https:\/\/www.fabrykachlodu.pl\/sklep\/produkt\/stacja-cps-do-odzysku-czynnikow-tr19e-gaz-6-kg-h-ciecz-193-kg-h\/\" \/>\n<meta name=\"twitter:label1\" content=\"Szacowany czas czytania\" \/>\n\t<meta name=\"twitter:data1\" content=\"4 minuty\" \/>\n<script type=\"application\/ld+json\" class=\"yoast-schema-graph\">{\"@context\":\"https:\/\/schema.org\",\"@graph\":[{\"@type\":\"WebPage\",\"@id\":\"https:\/\/www.fabrykachlodu.pl\/sklep\/produkt\/stacja-cps-do-odzysku-czynnikow-tr19e-gaz-6-kg-h-ciecz-193-kg-h\/\",\"url\":\"https:\/\/www.fabrykachlodu.pl\/sklep\/produkt\/stacja-cps-do-odzysku-czynnikow-tr19e-gaz-6-kg-h-ciecz-193-kg-h\/\",\"name\":\"Stacja CPS do odzysku czynnik\u00f3w TR19E gaz 6 kg\/h, ciecz 193 kg\/h\",\"isPartOf\":{\"@id\":\"https:\/\/www.fabrykachlodu.pl\/sklep\/#website\"},\"datePublished\":\"2023-04-19T14:03:12+00:00\",\"dateModified\":\"2023-04-26T18:34:17+00:00\",\"description\":\"Stacja CPS do odzysku czynnik\u00f3w TR19E gaz 6 kg\/h, ciecz 193 kg\/h\",\"breadcrumb\":{\"@id\":\"https:\/\/www.fabrykachlodu.pl\/sklep\/produkt\/stacja-cps-do-odzysku-czynnikow-tr19e-gaz-6-kg-h-ciecz-193-kg-h\/#breadcrumb\"},\"inLanguage\":\"pl-PL\",\"potentialAction\":[{\"@type\":\"ReadAction\",\"target\":[\"https:\/\/www.fabrykachlodu.pl\/sklep\/produkt\/stacja-cps-do-odzysku-czynnikow-tr19e-gaz-6-kg-h-ciecz-193-kg-h\/\"]}]},{\"@type\":\"BreadcrumbList\",\"@id\":\"https:\/\/www.fabrykachlodu.pl\/sklep\/produkt\/stacja-cps-do-odzysku-czynnikow-tr19e-gaz-6-kg-h-ciecz-193-kg-h\/#breadcrumb\",\"itemListElement\":[{\"@type\":\"ListItem\",\"position\":1,\"name\":\"Strona g\u0142\u00f3wna\",\"item\":\"https:\/\/www.fabrykachlodu.pl\/sklep\/\"},{\"@type\":\"ListItem\",\"position\":2,\"name\":\"Szukasz klimatzyacji biurowej sklepowej lub do mieszkania?\",\"item\":\"https:\/\/www.fabrykachlodu.pl\/sklep\/\"},{\"@type\":\"ListItem\",\"position\":3,\"name\":\"NARZ\u0118DZIA CH\u0141ODNICZE\",\"item\":\"https:\/\/www.fabrykachlodu.pl\/sklep\/product-category\/narzedzia-chlodnicze\/\"},{\"@type\":\"ListItem\",\"position\":4,\"name\":\"ODZYSK CZYNNIK\u00d3W\",\"item\":\"https:\/\/www.fabrykachlodu.pl\/sklep\/product-category\/narzedzia-chlodnicze\/odzysk-czynnikow\/\"},{\"@type\":\"ListItem\",\"position\":5,\"name\":\"Stacja CPS do odzysku czynnik\u00f3w TR19E gaz 6 kg\/h, ciecz 193 kg\/h\"}]},{\"@type\":\"WebSite\",\"@id\":\"https:\/\/www.fabrykachlodu.pl\/sklep\/#website\",\"url\":\"https:\/\/www.fabrykachlodu.pl\/sklep\/\",\"name\":\"\u00b0FC Sklep Internetowy monta\u017c klimatyzacji pomp ciep\u0142a\",\"description\":\"\u00b0FC monta\u017c klimatyzacji pomp ciep\u0142a z nami to szybki i tani wyb\u00f3r.  Us\u0142ugi monta\u017cowe i serwisowe W Warszawie i okolicach..\",\"potentialAction\":[{\"@type\":\"SearchAction\",\"target\":{\"@type\":\"EntryPoint\",\"urlTemplate\":\"https:\/\/www.fabrykachlodu.pl\/sklep\/?s={search_term_string}\"},\"query-input\":\"required name=search_term_string\"}],\"inLanguage\":\"pl-PL\"}]}<\/script>\n<!-- \/ Yoast SEO plugin. -->","yoast_head_json":{"title":"Stacja CPS do odzysku czynnik\u00f3w TR19E gaz 6 kg\/h, ciecz 193 kg\/h","description":"Stacja CPS do odzysku czynnik\u00f3w TR19E gaz 6 kg\/h, ciecz 193 kg\/h","robots":{"index":"index","follow":"nofollow","max-snippet":"max-snippet:-1","max-image-preview":"max-image-preview:large","max-video-preview":"max-video-preview:-1","archive":"noarchive"},"canonical":"https:\/\/www.fabrykachlodu.pl\/sklep\/produkt\/stacja-cps-do-odzysku-czynnikow-tr19e-gaz-6-kg-h-ciecz-193-kg-h\/","twitter_misc":{"Szacowany czas czytania":"4 minuty"},"schema":{"@context":"https:\/\/schema.org","@graph":[{"@type":"WebPage","@id":"https:\/\/www.fabrykachlodu.pl\/sklep\/produkt\/stacja-cps-do-odzysku-czynnikow-tr19e-gaz-6-kg-h-ciecz-193-kg-h\/","url":"https:\/\/www.fabrykachlodu.pl\/sklep\/produkt\/stacja-cps-do-odzysku-czynnikow-tr19e-gaz-6-kg-h-ciecz-193-kg-h\/","name":"Stacja CPS do odzysku czynnik\u00f3w TR19E gaz 6 kg\/h, ciecz 193 kg\/h","isPartOf":{"@id":"https:\/\/www.fabrykachlodu.pl\/sklep\/#website"},"datePublished":"2023-04-19T14:03:12+00:00","dateModified":"2023-04-26T18:34:17+00:00","description":"Stacja CPS do odzysku czynnik\u00f3w TR19E gaz 6 kg\/h, ciecz 193 kg\/h","breadcrumb":{"@id":"https:\/\/www.fabrykachlodu.pl\/sklep\/produkt\/stacja-cps-do-odzysku-czynnikow-tr19e-gaz-6-kg-h-ciecz-193-kg-h\/#breadcrumb"},"inLanguage":"pl-PL","potentialAction":[{"@type":"ReadAction","target":["https:\/\/www.fabrykachlodu.pl\/sklep\/produkt\/stacja-cps-do-odzysku-czynnikow-tr19e-gaz-6-kg-h-ciecz-193-kg-h\/"]}]},{"@type":"BreadcrumbList","@id":"https:\/\/www.fabrykachlodu.pl\/sklep\/produkt\/stacja-cps-do-odzysku-czynnikow-tr19e-gaz-6-kg-h-ciecz-193-kg-h\/#breadcrumb","itemListElement":[{"@type":"ListItem","position":1,"name":"Strona g\u0142\u00f3wna","item":"https:\/\/www.fabrykachlodu.pl\/sklep\/"},{"@type":"ListItem","position":2,"name":"Szukasz klimatzyacji biurowej sklepowej lub do mieszkania?","item":"https:\/\/www.fabrykachlodu.pl\/sklep\/"},{"@type":"ListItem","position":3,"name":"NARZ\u0118DZIA CH\u0141ODNICZE","item":"https:\/\/www.fabrykachlodu.pl\/sklep\/product-category\/narzedzia-chlodnicze\/"},{"@type":"ListItem","position":4,"name":"ODZYSK CZYNNIK\u00d3W","item":"https:\/\/www.fabrykachlodu.pl\/sklep\/product-category\/narzedzia-chlodnicze\/odzysk-czynnikow\/"},{"@type":"ListItem","position":5,"name":"Stacja CPS do odzysku czynnik\u00f3w TR19E gaz 6 kg\/h, ciecz 193 kg\/h"}]},{"@type":"WebSite","@id":"https:\/\/www.fabrykachlodu.pl\/sklep\/#website","url":"https:\/\/www.fabrykachlodu.pl\/sklep\/","name":"\u00b0FC Sklep Internetowy monta\u017c klimatyzacji pomp ciep\u0142a","description":"\u00b0FC monta\u017c klimatyzacji pomp ciep\u0142a z nami to szybki i tani wyb\u00f3r.  Us\u0142ugi monta\u017cowe i serwisowe W Warszawie i okolicach..","potentialAction":[{"@type":"SearchAction","target":{"@type":"EntryPoint","urlTemplate":"https:\/\/www.fabrykachlodu.pl\/sklep\/?s={search_term_string}"},"query-input":"required name=search_term_string"}],"inLanguage":"pl-PL"}]}},"_links":{"self":[{"href":"https:\/\/www.fabrykachlodu.pl\/sklep\/wp-json\/wp\/v2\/product\/88487"}],"collection":[{"href":"https:\/\/www.fabrykachlodu.pl\/sklep\/wp-json\/wp\/v2\/product"}],"about":[{"href":"https:\/\/www.fabrykachlodu.pl\/sklep\/wp-json\/wp\/v2\/types\/product"}],"wp:featuredmedia":[{"embeddable":true,"href":"https:\/\/www.fabrykachlodu.pl\/sklep\/wp-json\/wp\/v2\/media\/88376"}],"wp:attachment":[{"href":"https:\/\/www.fabrykachlodu.pl\/sklep\/wp-json\/wp\/v2\/media?parent=88487"}],"wp:term":[{"taxonomy":"product_cat","embeddable":true,"href":"https:\/\/www.fabrykachlodu.pl\/sklep\/wp-json\/wp\/v2\/product_cat?post=88487"},{"taxonomy":"product_tag","embeddable":true,"href":"https:\/\/www.fabrykachlodu.pl\/sklep\/wp-json\/wp\/v2\/product_tag?post=88487"}],"curies":[{"name":"wp","href":"https:\/\/api.w.org\/{rel}","templated":true}]}}