{"id":88492,"date":"2023-04-19T16:03:13","date_gmt":"2023-04-19T14:03:13","guid":{"rendered":"https:\/\/www.fabrykachlodu.pl\/sklep\/?post_type=product&#038;p=88492"},"modified":"2023-04-26T20:34:18","modified_gmt":"2023-04-26T18:34:18","slug":"pompaprozniowacpsvp12d278-l-min-2-stopniowa","status":"publish","type":"product","link":"https:\/\/www.fabrykachlodu.pl\/sklep\/produkt\/pompaprozniowacpsvp12d278-l-min-2-stopniowa\/","title":{"rendered":"Pompa pr\u00f3\u017cniowa CPSVP12D278 l\/min.,2-stopniowa"},"content":{"rendered":"<br \/>\n<h2>Zam\u00f3wienie dotyczy:  Pompa pr\u00f3\u017cniowaCPSVP12D278 l\/min.,2-stopniowa<\/h2>\n<p><h3><strong>W jednym miejscu poznasz:<\/strong><\/h3>\n<\/p>\n<p>Pompa pr\u00f3\u017cniowaCPSVP12D278 l\/min.,2-stopniowa i wa\u017cne informacje<br \/> Poznasz najwa\u017cniejsze funkcje<br \/> Por\u00f3wnasz produkty<br \/> Poznasz parametry techniczne<br \/> Poznasz cen\u0119 i zrealizujesz zam\u00f3wienie<strong><\/p>\n<h3>Zamawiaj\u0105c produkt u nas:<\/strong><\/h3>\n<p>Otrzymasz produkt<br \/> Nowy produkt<br \/> Prawo do zwrotu<br \/> Zakup na raty<br \/> <strong><\/p>\n<h3>Zamawiaj\u0105c teraz otrzymasz:<\/strong><\/h3>\n<p> Pompa pr\u00f3\u017cniowaCPSVP12D278 l\/min.,2-stopniowa z rabatem kupuj\u0105c w naszym sklepie online  <br \/> Gwarancje <br \/> Szybka realizacje dostawyPompa pr\u00f3\u017cniowa w ch\u0142odnictwie s\u0142u\u017cy do usuwania powietrza i wilgoci z uk\u0142ad\u00f3w ch\u0142odniczych, klimatyzacyjnych i wentylacyjnych. W uk\u0142adach tych powietrze i wilgo\u0107 mog\u0105 spowodowa\u0107 wiele problem\u00f3w, takich jak korozja, zanieczyszczenie, zmniejszenie wydajno\u015bci i skr\u00f3cenie \u017cywotno\u015bci system\u00f3w.<\/p>\n<p>Pompa pr\u00f3\u017cniowa dzia\u0142a poprzez usuwanie powietrza z uk\u0142adu ch\u0142odniczego, tworz\u0105c pr\u00f3\u017cni\u0119 wewn\u0105trz systemu. Powoduje to zmniejszenie ci\u015bnienia w uk\u0142adzie i usuni\u0119cie wilgoci z powietrza. W ten spos\u00f3b pompa pr\u00f3\u017cniowa zapewnia, \u017ce uk\u0142ad jest wolny od wilgoci i innych gaz\u00f3w, co pozwala na optymalne dzia\u0142anie uk\u0142adu.<\/p>\n<p>Pompy pr\u00f3\u017cniowe s\u0105 stosowane w r\u00f3\u017cnych aplikacjach ch\u0142odniczych, takich jak:<\/p>\n<p>Instalacja nowych uk\u0142ad\u00f3w ch\u0142odniczych i klimatyzacyjnych: przed uruchomieniem nowego systemu ch\u0142odniczego lub klimatyzacyjnego, powinno si\u0119 go przepompowa\u0107 w celu usuni\u0119cia powietrza i wilgoci.<\/p>\n<p>Konserwacja i naprawa istniej\u0105cych uk\u0142ad\u00f3w ch\u0142odniczych: w trakcie konserwacji lub naprawy uk\u0142adu, pompa pr\u00f3\u017cniowa mo\u017ce by\u0107 u\u017cywana do usuni\u0119cia powietrza i wilgoci z systemu.<\/p>\n<p>Przeprowadzanie test\u00f3w szczelno\u015bci: pompa pr\u00f3\u017cniowa jest r\u00f3wnie\u017c stosowana do przeprowadzania test\u00f3w szczelno\u015bci w uk\u0142adach ch\u0142odniczych i klimatyzacyjnych.<\/p>\n<p>Pompa pr\u00f3\u017cniowa jest niezb\u0119dnym narz\u0119dziem w ch\u0142odnictwie, umo\u017cliwiaj\u0105cym utrzymanie w\u0142a\u015bciwej jako\u015bci i wydajno\u015bci system\u00f3w ch\u0142odniczych, klimatyzacyjnych i wentylacyjnych.<div class=\"su-service\"><div class=\"su-service-title\" style=\"padding-left:52px;min-height:38px;line-height:38px\"><i class=\"sui sui-check-circle\" style=\"font-size:38px;color:#22a0ed\"><\/i> Wskaz\u00f3wka naszego eksperta<\/div><div class=\"su-service-content su-u-clearfix su-u-trim\" style=\"padding-left:52px\"><\/div><\/div>\n<h2><strong>Zapraszamy do por\u00f3wnania zalet i wad<\/strong><\/h2>\n<p><strong>Jakie s\u0105 zalety?<\/strong><br \/><div class=\"su-service\"><div class=\"su-service-title\" style=\"padding-left:52px;min-height:38px;line-height:38px\"><i class=\"sui sui-check-circle\" style=\"font-size:38px;color:#22a0ed\"><\/i> Wskaz\u00f3wka naszego eksperta<\/div><div class=\"su-service-content su-u-clearfix su-u-trim\" style=\"padding-left:52px\">Pompy pr\u00f3\u017cniowe CPSVP2DE42, CPSVP6DEV142 i CPSVP12D278 s\u0105 2-stopniowe i charakteryzuj\u0105 si\u0119 wysok\u0105 wydajno\u015bci\u0105, dzi\u0119ki czemu umo\u017cliwiaj\u0105 skuteczne usuwanie powietrza i wilgoci z system\u00f3w ch\u0142odniczych. <br \/><\/div><\/div><strong>Jakie s\u0105 wady tego produktu?<\/strong><br \/><div class=\"su-service\"><div class=\"su-service-title\" style=\"padding-left:52px;min-height:38px;line-height:38px\"><i class=\"sui sui-check-circle\" style=\"font-size:38px;color:#22a0ed\"><\/i> Wskaz\u00f3wka naszego eksperta<\/div><div class=\"su-service-content su-u-clearfix su-u-trim\" style=\"padding-left:52px\">Pompa pr\u00f3\u017cniowa CPSVP12D &#8211; stosunkowo ma\u0142a wydajno\u015b\u0107, g\u0142o\u015bna praca <br \/><\/div><\/div><div class=\"su-service\"><div class=\"su-service-title\" style=\"padding-left:52px;min-height:38px;line-height:38px\"><i class=\"sui sui-hand-o-right\" style=\"font-size:38px;color:#22a0ed\"><\/i> Podsumowuj\u0105c<\/div><div class=\"su-service-content su-u-clearfix su-u-trim\" style=\"padding-left:52px\">Pompy pr\u00f3\u017cniowe CPSVP2DE42, CPSVP6DEV142, CPSVP12D278 i CPSVPS6DEV142 s\u0105 niezawodnymi narz\u0119dziami dla profesjonalist\u00f3w, kt\u00f3rzy zajmuj\u0105 si\u0119 klimatyzacj\u0105. Ka\u017cda pompa posiada 2-stopniow\u0105 konstrukcj\u0119 i r\u00f3\u017cne parametry przep\u0142ywu powietrza, co umo\u017cliwia dob\u00f3r odpowiedniego narz\u0119dzia do danej pracy. <br \/><\/div><\/div>\n<div class=\"hr-thin\"><\/div>\n<p>&#8221; <\/p>\n<p>PARAMETRY TECHNICZNE<\/p>\n<div class=\"su-tabs su-tabs-style-default su-tabs-mobile-stack\" data-active=\"1\" data-scroll-offset=\"0\" data-anchor-in-url=\"no\"><div class=\"su-tabs-nav\"><span class=\"\" data-url=\"\" data-target=\"blank\" tabindex=\"0\" role=\"button\">Stacja CPS do odzysku<\/span><span class=\"\" data-url=\"\" data-target=\"blank\" tabindex=\"0\" role=\"button\">CPS Odzysk czynika<\/span><span class=\"\" data-url=\"\" data-target=\"blank\" tabindex=\"0\" role=\"button\">Pompa pr\u00f3\u017cniowa<\/span><span class=\"\" data-url=\"\" data-target=\"blank\" tabindex=\"0\" role=\"button\">Akcesoria Monta\u017cowe<\/span><span class=\"\" data-url=\"\" data-target=\"blank\" tabindex=\"0\" role=\"button\">Akcesoria Monta\u017cowe<\/span><span class=\"\" data-url=\"\" data-target=\"blank\" tabindex=\"0\" role=\"button\">Ch\u0142odnictwo oferta<\/span><\/div><div class=\"su-tabs-panes\"><div class=\"su-tabs-pane su-u-clearfix su-u-trim\" data-title=\"Stacja CPS do odzysku\"><div class=\"su-document su-u-responsive-media-yes\"><iframe src=\"\/\/docs.google.com\/viewer?embedded=true&url=https:\/\/www.fabrykachlodu.pl\/sklep\/wp-content\/uploads\/2023\/04\/CPS_Stacja_do_odzysku_TR600.pdf\" width=\"600\" height=\"400\" class=\"su-document\" title=\"\"><\/iframe><\/div><\/div>\n<div class=\"su-tabs-pane su-u-clearfix su-u-trim\" data-title=\"CPS Odzysk czynika\"><div class=\"su-document su-u-responsive-media-yes\"><iframe src=\"\/\/docs.google.com\/viewer?embedded=true&url=https:\/\/www.fabrykachlodu.pl\/sklep\/wp-content\/uploads\/2023\/04\/pompy.prozniowe.zbiorniki.do_.odzysku.czynnika.chlodniczego.plaszcze.grzewcze.pdf\" width=\"600\" height=\"400\" class=\"su-document\" title=\"\"><\/iframe><\/div><\/div>\n<div class=\"su-tabs-pane su-u-clearfix su-u-trim\" data-title=\"Pompa pr\u00f3\u017cniowa\"><div class=\"su-document su-u-responsive-media-yes\"><iframe src=\"\/\/docs.google.com\/viewer?embedded=true&url=https:\/\/www.fabrykachlodu.pl\/sklep\/wp-content\/uploads\/2023\/04\/pompy.prozniowe.oleje_.do_.pomp_.pdf\" width=\"600\" height=\"400\" class=\"su-document\" title=\"\"><\/iframe><\/div><\/div>\n<div class=\"su-tabs-pane su-u-clearfix su-u-trim\" data-title=\"Akcesoria Monta\u017cowe\"><div class=\"su-document su-u-responsive-media-yes\"><iframe src=\"\/\/docs.google.com\/viewer?embedded=true&url=https:\/\/www.fabrykachlodu.pl\/sklep\/wp-content\/uploads\/2023\/04\/narzedzia.do_.rur_.frezy_.do_.gratowania.do_.giecia.do_.zaciskania.do_.rozcinania.otworow.pdf\" width=\"600\" height=\"400\" class=\"su-document\" title=\"\"><\/iframe><\/div><\/div>\n<div class=\"su-tabs-pane su-u-clearfix su-u-trim\" data-title=\"Akcesoria Monta\u017cowe\"><div class=\"su-document su-u-responsive-media-yes\"><iframe src=\"\/\/docs.google.com\/viewer?embedded=true&url=https:\/\/www.fabrykachlodu.pl\/sklep\/wp-content\/uploads\/2020\/04\/25_Akcesoria.Klimatyzacjacastel_airco_2018.pdf\" width=\"600\" height=\"400\" class=\"su-document\" title=\"\"><\/iframe><\/div><\/div>\n<div class=\"su-tabs-pane su-u-clearfix su-u-trim\" data-title=\"Ch\u0142odnictwo oferta\"><div class=\"su-document su-u-responsive-media-yes\"><iframe src=\"\/\/docs.google.com\/viewer?embedded=true&url=https:\/\/www.fabrykachlodu.pl\/oferta\/FC.Serwis_Chlodniczy.pdf\" width=\"600\" height=\"400\" class=\"su-document\" title=\"\"><\/iframe><\/div><\/div><\/div><\/div>\n<p>Dokumenty si\u0119 nie wy\u015bwietlaj\u0105? <input type=\"button\" value=\"Od\u015bwie\u017c stron\u0119\" onclick=\"location.reload();\"><\/p>\n","protected":false},"excerpt":{"rendered":"<p><span style=\"color: #000000;\"><strong>Najwa\u017cniejsze zalety<\/strong><\/span>[dt_list style=\"1\" bullet_position=\"middle\" dividers=\"true\"][dt_list style=\"1\" bullet_position=\"middle\" dividers=\"true\"][dt_list_item image=\"\"]Wysoka wydajno\u015b\u0107 odci\u0105gania[\/dt_list_item][dt_list_item image=\"\"]\u0141atwo\u015b\u0107 obs\u0142ugi[\/dt_list_item][dt_list_item image=\"\"]Wytrzyma\u0142a konstrukcja[\/dt_list_item][dt_list_item image=\"\"]Niski poziom ha\u0142asu[\/dt_list_item][\/dt_list]<\/p>\n","protected":false},"featured_media":88377,"template":"","meta":[],"product_cat":[6739,6740,189],"product_tag":[6741],"yoast_head":"<!-- This site is optimized with the Yoast SEO plugin v22.1 - https:\/\/yoast.com\/wordpress\/plugins\/seo\/ -->\n<title>Pompapr\u00f3\u017cniowaCPSVP12D278 l\/min.,2-stopniowa<\/title>\n<meta name=\"description\" content=\"Pompapr\u00f3\u017cniowaCPSVP12D278 l\/min.,2-stopniowa\" \/>\n<meta name=\"robots\" content=\"index, nofollow, max-snippet:-1, max-image-preview:large, max-video-preview:-1, noarchive\" \/>\n<link rel=\"canonical\" href=\"https:\/\/www.fabrykachlodu.pl\/sklep\/produkt\/pompaprozniowacpsvp12d278-l-min-2-stopniowa\/\" \/>\n<meta name=\"twitter:label1\" content=\"Szacowany czas czytania\" \/>\n\t<meta name=\"twitter:data1\" content=\"3 minuty\" \/>\n<script type=\"application\/ld+json\" class=\"yoast-schema-graph\">{\"@context\":\"https:\/\/schema.org\",\"@graph\":[{\"@type\":\"WebPage\",\"@id\":\"https:\/\/www.fabrykachlodu.pl\/sklep\/produkt\/pompaprozniowacpsvp12d278-l-min-2-stopniowa\/\",\"url\":\"https:\/\/www.fabrykachlodu.pl\/sklep\/produkt\/pompaprozniowacpsvp12d278-l-min-2-stopniowa\/\",\"name\":\"Pompapr\u00f3\u017cniowaCPSVP12D278 l\/min.,2-stopniowa\",\"isPartOf\":{\"@id\":\"https:\/\/www.fabrykachlodu.pl\/sklep\/#website\"},\"datePublished\":\"2023-04-19T14:03:13+00:00\",\"dateModified\":\"2023-04-26T18:34:18+00:00\",\"description\":\"Pompapr\u00f3\u017cniowaCPSVP12D278 l\/min.,2-stopniowa\",\"breadcrumb\":{\"@id\":\"https:\/\/www.fabrykachlodu.pl\/sklep\/produkt\/pompaprozniowacpsvp12d278-l-min-2-stopniowa\/#breadcrumb\"},\"inLanguage\":\"pl-PL\",\"potentialAction\":[{\"@type\":\"ReadAction\",\"target\":[\"https:\/\/www.fabrykachlodu.pl\/sklep\/produkt\/pompaprozniowacpsvp12d278-l-min-2-stopniowa\/\"]}]},{\"@type\":\"BreadcrumbList\",\"@id\":\"https:\/\/www.fabrykachlodu.pl\/sklep\/produkt\/pompaprozniowacpsvp12d278-l-min-2-stopniowa\/#breadcrumb\",\"itemListElement\":[{\"@type\":\"ListItem\",\"position\":1,\"name\":\"Strona g\u0142\u00f3wna\",\"item\":\"https:\/\/www.fabrykachlodu.pl\/sklep\/\"},{\"@type\":\"ListItem\",\"position\":2,\"name\":\"Szukasz klimatzyacji biurowej sklepowej lub do mieszkania?\",\"item\":\"https:\/\/www.fabrykachlodu.pl\/sklep\/\"},{\"@type\":\"ListItem\",\"position\":3,\"name\":\"NARZ\u0118DZIA CH\u0141ODNICZE\",\"item\":\"https:\/\/www.fabrykachlodu.pl\/sklep\/product-category\/narzedzia-chlodnicze\/\"},{\"@type\":\"ListItem\",\"position\":4,\"name\":\"ODZYSK CZYNNIK\u00d3W\",\"item\":\"https:\/\/www.fabrykachlodu.pl\/sklep\/product-category\/narzedzia-chlodnicze\/odzysk-czynnikow\/\"},{\"@type\":\"ListItem\",\"position\":5,\"name\":\"Pompa pr\u00f3\u017cniowa CPSVP12D278 l\/min.,2-stopniowa\"}]},{\"@type\":\"WebSite\",\"@id\":\"https:\/\/www.fabrykachlodu.pl\/sklep\/#website\",\"url\":\"https:\/\/www.fabrykachlodu.pl\/sklep\/\",\"name\":\"\u00b0FC Sklep Internetowy monta\u017c klimatyzacji pomp ciep\u0142a\",\"description\":\"\u00b0FC monta\u017c klimatyzacji pomp ciep\u0142a z nami to szybki i tani wyb\u00f3r.  Us\u0142ugi monta\u017cowe i serwisowe W Warszawie i okolicach..\",\"potentialAction\":[{\"@type\":\"SearchAction\",\"target\":{\"@type\":\"EntryPoint\",\"urlTemplate\":\"https:\/\/www.fabrykachlodu.pl\/sklep\/?s={search_term_string}\"},\"query-input\":\"required name=search_term_string\"}],\"inLanguage\":\"pl-PL\"}]}<\/script>\n<!-- \/ Yoast SEO plugin. -->","yoast_head_json":{"title":"Pompapr\u00f3\u017cniowaCPSVP12D278 l\/min.,2-stopniowa","description":"Pompapr\u00f3\u017cniowaCPSVP12D278 l\/min.,2-stopniowa","robots":{"index":"index","follow":"nofollow","max-snippet":"max-snippet:-1","max-image-preview":"max-image-preview:large","max-video-preview":"max-video-preview:-1","archive":"noarchive"},"canonical":"https:\/\/www.fabrykachlodu.pl\/sklep\/produkt\/pompaprozniowacpsvp12d278-l-min-2-stopniowa\/","twitter_misc":{"Szacowany czas czytania":"3 minuty"},"schema":{"@context":"https:\/\/schema.org","@graph":[{"@type":"WebPage","@id":"https:\/\/www.fabrykachlodu.pl\/sklep\/produkt\/pompaprozniowacpsvp12d278-l-min-2-stopniowa\/","url":"https:\/\/www.fabrykachlodu.pl\/sklep\/produkt\/pompaprozniowacpsvp12d278-l-min-2-stopniowa\/","name":"Pompapr\u00f3\u017cniowaCPSVP12D278 l\/min.,2-stopniowa","isPartOf":{"@id":"https:\/\/www.fabrykachlodu.pl\/sklep\/#website"},"datePublished":"2023-04-19T14:03:13+00:00","dateModified":"2023-04-26T18:34:18+00:00","description":"Pompapr\u00f3\u017cniowaCPSVP12D278 l\/min.,2-stopniowa","breadcrumb":{"@id":"https:\/\/www.fabrykachlodu.pl\/sklep\/produkt\/pompaprozniowacpsvp12d278-l-min-2-stopniowa\/#breadcrumb"},"inLanguage":"pl-PL","potentialAction":[{"@type":"ReadAction","target":["https:\/\/www.fabrykachlodu.pl\/sklep\/produkt\/pompaprozniowacpsvp12d278-l-min-2-stopniowa\/"]}]},{"@type":"BreadcrumbList","@id":"https:\/\/www.fabrykachlodu.pl\/sklep\/produkt\/pompaprozniowacpsvp12d278-l-min-2-stopniowa\/#breadcrumb","itemListElement":[{"@type":"ListItem","position":1,"name":"Strona g\u0142\u00f3wna","item":"https:\/\/www.fabrykachlodu.pl\/sklep\/"},{"@type":"ListItem","position":2,"name":"Szukasz klimatzyacji biurowej sklepowej lub do mieszkania?","item":"https:\/\/www.fabrykachlodu.pl\/sklep\/"},{"@type":"ListItem","position":3,"name":"NARZ\u0118DZIA CH\u0141ODNICZE","item":"https:\/\/www.fabrykachlodu.pl\/sklep\/product-category\/narzedzia-chlodnicze\/"},{"@type":"ListItem","position":4,"name":"ODZYSK CZYNNIK\u00d3W","item":"https:\/\/www.fabrykachlodu.pl\/sklep\/product-category\/narzedzia-chlodnicze\/odzysk-czynnikow\/"},{"@type":"ListItem","position":5,"name":"Pompa pr\u00f3\u017cniowa CPSVP12D278 l\/min.,2-stopniowa"}]},{"@type":"WebSite","@id":"https:\/\/www.fabrykachlodu.pl\/sklep\/#website","url":"https:\/\/www.fabrykachlodu.pl\/sklep\/","name":"\u00b0FC Sklep Internetowy monta\u017c klimatyzacji pomp ciep\u0142a","description":"\u00b0FC monta\u017c klimatyzacji pomp ciep\u0142a z nami to szybki i tani wyb\u00f3r.  Us\u0142ugi monta\u017cowe i serwisowe W Warszawie i okolicach..","potentialAction":[{"@type":"SearchAction","target":{"@type":"EntryPoint","urlTemplate":"https:\/\/www.fabrykachlodu.pl\/sklep\/?s={search_term_string}"},"query-input":"required name=search_term_string"}],"inLanguage":"pl-PL"}]}},"_links":{"self":[{"href":"https:\/\/www.fabrykachlodu.pl\/sklep\/wp-json\/wp\/v2\/product\/88492"}],"collection":[{"href":"https:\/\/www.fabrykachlodu.pl\/sklep\/wp-json\/wp\/v2\/product"}],"about":[{"href":"https:\/\/www.fabrykachlodu.pl\/sklep\/wp-json\/wp\/v2\/types\/product"}],"wp:featuredmedia":[{"embeddable":true,"href":"https:\/\/www.fabrykachlodu.pl\/sklep\/wp-json\/wp\/v2\/media\/88377"}],"wp:attachment":[{"href":"https:\/\/www.fabrykachlodu.pl\/sklep\/wp-json\/wp\/v2\/media?parent=88492"}],"wp:term":[{"taxonomy":"product_cat","embeddable":true,"href":"https:\/\/www.fabrykachlodu.pl\/sklep\/wp-json\/wp\/v2\/product_cat?post=88492"},{"taxonomy":"product_tag","embeddable":true,"href":"https:\/\/www.fabrykachlodu.pl\/sklep\/wp-json\/wp\/v2\/product_tag?post=88492"}],"curies":[{"name":"wp","href":"https:\/\/api.w.org\/{rel}","templated":true}]}}