{"id":88499,"date":"2023-04-19T16:03:15","date_gmt":"2023-04-19T14:03:15","guid":{"rendered":"https:\/\/www.fabrykachlodu.pl\/sklep\/?post_type=product&#038;p=88499"},"modified":"2024-04-18T23:12:08","modified_gmt":"2024-04-18T21:12:08","slug":"manometr-wysokiego-cisnienia-fi80-klasa-16wyskalowany-na-czynniki-r134a-r404a-r407c-r507","status":"publish","type":"product","link":"https:\/\/www.fabrykachlodu.pl\/sklep\/produkt\/manometr-wysokiego-cisnienia-fi80-klasa-16wyskalowany-na-czynniki-r134a-r404a-r407c-r507\/","title":{"rendered":"Manometr wysokiego ci\u015bnienia fi80, klasa 1,6,\nwyskalowany na czynniki R134A\/R404A\/R407C\/R507"},"content":{"rendered":"<br \/>\n<h2>Zam\u00f3wienie dotyczy:  Manometr wysokiego ci\u015bnienia fi80, klasa 1,6,<br \/>\nwyskalowany na czynniki R134A\/R404A\/R407C\/R507<\/h2>\n<p><h3><strong>W jednym miejscu poznasz:<\/strong><\/h3>\n<\/p>\n<p>Manometr wysokiego ci\u015bnienia fi80, klasa 1,6,<br \/>\nwyskalowany na czynniki R134A\/R404A\/R407C\/R507 i wa\u017cne informacje<br \/> Poznasz najwa\u017cniejsze funkcje<br \/> Por\u00f3wnasz produkty<br \/> Poznasz parametry techniczne<br \/> Poznasz cen\u0119 i zrealizujesz zam\u00f3wienie<strong><\/p>\n<h3>Zamawiaj\u0105c produkt u nas:<\/strong><\/h3>\n<p>Otrzymasz produkt<br \/> Nowy produkt<br \/> Prawo do zwrotu<br \/> Zakup na raty<br \/> <strong><\/p>\n<h3>Zamawiaj\u0105c teraz otrzymasz:<\/strong><\/h3>\n<p> Manometr wysokiego ci\u015bnienia fi80, klasa 1,6,<br \/>\nwyskalowany na czynniki R134A\/R404A\/R407C\/R507 z rabatem kupuj\u0105c w naszym sklepie online  <br \/> Gwarancje <br \/> Szybka realizacje dostawyManometry w ch\u0142odnictwie s\u0142u\u017c\u0105 do pomiaru ci\u015bnienia w uk\u0142adach ch\u0142odniczych. Pomiar ten jest bardzo wa\u017cny, poniewa\u017c ci\u015bnienie w uk\u0142adzie wp\u0142ywa na wiele parametr\u00f3w, takich jak temperatura, wydajno\u015b\u0107, ilo\u015b\u0107 czynnika ch\u0142odniczego, a tak\u017ce bezpiecze\u0144stwo pracy systemu.<\/p>\n<p>Manometry w ch\u0142odnictwie dzieli si\u0119 na dwa rodzaje:<\/p>\n<p>Manometr ci\u015bnieniowy &#8211; s\u0142u\u017cy do pomiaru ci\u015bnienia w uk\u0142adzie. Manometr ten jest pod\u0142\u0105czony do uk\u0142adu ch\u0142odniczego za pomoc\u0105 przewodu.<\/p>\n<p>Manometr pr\u00f3\u017cniowy &#8211; s\u0142u\u017cy do pomiaru pr\u00f3\u017cni w uk\u0142adzie. Manometr ten jest pod\u0142\u0105czony do uk\u0142adu ch\u0142odniczego za pomoc\u0105 przewodu i zasysa powietrze z uk\u0142adu, aby zmierzy\u0107 ci\u015bnienie.<\/p>\n<p>Manometry w ch\u0142odnictwie pozwalaj\u0105 na kontrolowanie ci\u015bnienia w uk\u0142adzie i wykrywanie ewentualnych wyciek\u00f3w czynnika ch\u0142odniczego. S\u0105 one niezb\u0119dne do prawid\u0142owego serwisowania i konserwacji urz\u0105dze\u0144 ch\u0142odniczych. Umo\u017cliwiaj\u0105 r\u00f3wnie\u017c dok\u0142adne nape\u0142nienie uk\u0142adu czynnikiem ch\u0142odniczym i ustawienie odpowiedniej temperatury.<\/p>\n<p>Manometry s\u0105 niezb\u0119dnym narz\u0119dziem w ch\u0142odnictwie, umo\u017cliwiaj\u0105cym kontrolowanie i utrzymywanie w\u0142a\u015bciwego ci\u015bnienia w uk\u0142adzie ch\u0142odniczym. Pozwalaj\u0105 na szybkie wykrycie wyciek\u00f3w i zapewniaj\u0105 bezpiecze\u0144stwo pracy systemu.<div class=\"su-service\"><div class=\"su-service-title\" style=\"padding-left:52px;min-height:38px;line-height:38px\"><i class=\"sui sui-check-circle\" style=\"font-size:38px;color:#22a0ed\"><\/i> Wskaz\u00f3wka naszego eksperta<\/div><div class=\"su-service-content su-u-clearfix su-u-trim\" style=\"padding-left:52px\"><\/div><\/div>\n<h2><strong>Zapraszamy do por\u00f3wnania zalet i wad<\/strong><\/h2>\n<p><strong>Jakie s\u0105 zalety?<\/strong><br \/><div class=\"su-service\"><div class=\"su-service-title\" style=\"padding-left:52px;min-height:38px;line-height:38px\"><i class=\"sui sui-check-circle\" style=\"font-size:38px;color:#22a0ed\"><\/i> Wskaz\u00f3wka naszego eksperta<\/div><div class=\"su-service-content su-u-clearfix su-u-trim\" style=\"padding-left:52px\">Manometr wysokiego ci\u015bnienia fi80 klasa 16: Precyzyjne pomiarowanie wysokiego ci\u015bnienia czynnika ch\u0142odniczego R134A\/R404A\/R407C\/R507 lub R22\/R407C\/R410A <br \/><\/div><\/div><strong>Jakie s\u0105 wady tego produktu?<\/strong><br \/><div class=\"su-service\"><div class=\"su-service-title\" style=\"padding-left:52px;min-height:38px;line-height:38px\"><i class=\"sui sui-check-circle\" style=\"font-size:38px;color:#22a0ed\"><\/i> Wskaz\u00f3wka naszego eksperta<\/div><div class=\"su-service-content su-u-clearfix su-u-trim\" style=\"padding-left:52px\">Manometr wysokiego ci\u015bnienia fi80 klasa 16 wyskalowany na czynniki R134A\/R404A\/R407C\/R507 &#8211; Brak wsparcia dla innych czynnik\u00f3w ch\u0142odniczych<br \/><\/div><\/div><div class=\"su-service\"><div class=\"su-service-title\" style=\"padding-left:52px;min-height:38px;line-height:38px\"><i class=\"sui sui-hand-o-right\" style=\"font-size:38px;color:#22a0ed\"><\/i> Podsumowuj\u0105c<\/div><div class=\"su-service-content su-u-clearfix su-u-trim\" style=\"padding-left:52px\">Manometr wysokiego ci\u015bnienia fi80, klasa 1,6, wyskalowany na czynniki R134A\/R404A\/R407C\/R507 &#8211; Ten manometr wysokiego ci\u015bnienia to bardzo przydatne narz\u0119dzie do kontroli ci\u015bnienia w uk\u0142adach ch\u0142odniczych. Jest dok\u0142adny i wyskalowany na popularne czynniki ch\u0142odnicze, co czyni go niezwykle uniwersalnym. Polecam go ka\u017cdemu fachowcowi pracuj\u0105cemu w bran\u017cy ch\u0142odniczej. <br \/><\/div><\/div>\n<div class=\"hr-thin\"><\/div>\n<p>&#8221; <\/p>\n<p>PARAMETRY TECHNICZNE<\/p>\n<div class=\"su-tabs su-tabs-style-default su-tabs-mobile-stack\" data-active=\"1\" data-scroll-offset=\"0\" data-anchor-in-url=\"no\"><div class=\"su-tabs-nav\"><span class=\"\" data-url=\"\" data-target=\"blank\" tabindex=\"0\" role=\"button\">Manometry<\/span><span class=\"\" data-url=\"\" data-target=\"blank\" tabindex=\"0\" role=\"button\">W\u0119\u017ce, przed\u0142u\u017cenia<\/span><span class=\"\" data-url=\"\" data-target=\"blank\" tabindex=\"0\" role=\"button\">Pompa pr\u00f3\u017cniowa<\/span><span class=\"\" data-url=\"\" data-target=\"blank\" tabindex=\"0\" role=\"button\">Akcesoria Monta\u017cowe<\/span><span class=\"\" data-url=\"\" data-target=\"blank\" tabindex=\"0\" role=\"button\">Klimatyzacja i pompy oferta<\/span><span class=\"\" data-url=\"\" data-target=\"blank\" tabindex=\"0\" role=\"button\">Ch\u0142odnictwo oferta<\/span><\/div><div class=\"su-tabs-panes\"><div class=\"su-tabs-pane su-u-clearfix su-u-trim\" data-title=\"Manometry\"><div class=\"su-document su-u-responsive-media-yes\"><iframe src=\"\/\/docs.google.com\/viewer?embedded=true&url=https:\/\/www.fabrykachlodu.pl\/sklep\/wp-content\/uploads\/2023\/04\/zawory.kolektory.manometry.pdf\" width=\"600\" height=\"400\" class=\"su-document\" title=\"\"><\/iframe><\/div><\/div>\n<div class=\"su-tabs-pane su-u-clearfix su-u-trim\" data-title=\"W\u0119\u017ce, przed\u0142u\u017cenia\"><div class=\"su-document su-u-responsive-media-yes\"><iframe src=\"\/\/docs.google.com\/viewer?embedded=true&url=https:\/\/www.fabrykachlodu.pl\/sklep\/wp-content\/uploads\/2023\/04\/weze.przedluzacze.wezy_.weze_.prozniowe.zawory.kulowe.uszczelki.depresory.pdf\" width=\"600\" height=\"400\" class=\"su-document\" title=\"\"><\/iframe><\/div><\/div>\n<div class=\"su-tabs-pane su-u-clearfix su-u-trim\" data-title=\"Pompa pr\u00f3\u017cniowa\"><div class=\"su-document su-u-responsive-media-yes\"><iframe src=\"\/\/docs.google.com\/viewer?embedded=true&url=https:\/\/www.fabrykachlodu.pl\/sklep\/wp-content\/uploads\/2023\/04\/pompy.prozniowe.oleje_.do_.pomp_.pdf\" width=\"600\" height=\"400\" class=\"su-document\" title=\"\"><\/iframe><\/div><\/div>\n<div class=\"su-tabs-pane su-u-clearfix su-u-trim\" data-title=\"Akcesoria Monta\u017cowe\"><div class=\"su-document su-u-responsive-media-yes\"><iframe src=\"\/\/docs.google.com\/viewer?embedded=true&url=https:\/\/www.fabrykachlodu.pl\/sklep\/wp-content\/uploads\/2023\/04\/narzedzia.do_.rur_.frezy_.do_.gratowania.do_.giecia.do_.zaciskania.do_.rozcinania.otworow.pdf\" width=\"600\" height=\"400\" class=\"su-document\" title=\"\"><\/iframe><\/div><\/div>\n<div class=\"su-tabs-pane su-u-clearfix su-u-trim\" data-title=\"Klimatyzacja i pompy oferta\"><div class=\"su-document su-u-responsive-media-yes\"><iframe src=\"\/\/docs.google.com\/viewer?embedded=true&url=https:\/\/www.fabrykachlodu.pl\/oferta\/FC.Nowosci.pdf\" width=\"600\" height=\"400\" class=\"su-document\" title=\"\"><\/iframe><\/div><\/div>\n<div class=\"su-tabs-pane su-u-clearfix su-u-trim\" data-title=\"Ch\u0142odnictwo oferta\"><div class=\"su-document su-u-responsive-media-yes\"><iframe src=\"\/\/docs.google.com\/viewer?embedded=true&url=https:\/\/www.fabrykachlodu.pl\/oferta\/FC.Serwis_Chlodniczy.pdf\" width=\"600\" height=\"400\" class=\"su-document\" title=\"\"><\/iframe><\/div><\/div><\/div><\/div>\n<p>Dokumenty si\u0119 nie wy\u015bwietlaj\u0105? <input type=\"button\" value=\"Od\u015bwie\u017c stron\u0119\" onclick=\"location.reload();\"><\/p>\n","protected":false},"excerpt":{"rendered":"<p><span style=\"color: #000000;\"><strong>Najwa\u017cniejsze zalety<\/strong><\/span>[dt_list style=\"1\" bullet_position=\"middle\" dividers=\"true\"][dt_list style=\"1\" bullet_position=\"middle\" dividers=\"true\"][dt_list_item image=\"\"]Precyzyjny i dok\u0142adny pomiar[\/dt_list_item][dt_list_item image=\"\"]Wytrzyma\u0142a konstrukcja[\/dt_list_item][dt_list_item image=\"\"]\u0141atwy odczyt[\/dt_list_item][dt_list_item image=\"\"]Uniwersalne zastosowanie[\/dt_list_item][\/dt_list]<\/p>\n","protected":false},"featured_media":88398,"template":"","meta":[],"product_cat":[6739,6742,189],"product_tag":[6741],"yoast_head":"<!-- This site is optimized with the Yoast SEO plugin v22.1 - https:\/\/yoast.com\/wordpress\/plugins\/seo\/ -->\n<title>Manometr wysokiego ci\u015bnienia fi80, klasa 1,6, wyskalowany na czynniki R134A\/R404A\/R407C\/R507<\/title>\n<meta name=\"description\" content=\"Manometr wysokiego ci\u015bnienia fi80, klasa 1,6, wyskalowany na czynniki R134A\/R404A\/R407C\/R507\" \/>\n<meta name=\"robots\" content=\"index, nofollow, max-snippet:-1, max-image-preview:large, max-video-preview:-1, noarchive\" \/>\n<link rel=\"canonical\" href=\"https:\/\/www.fabrykachlodu.pl\/sklep\/produkt\/manometr-wysokiego-cisnienia-fi80-klasa-16wyskalowany-na-czynniki-r134a-r404a-r407c-r507\/\" \/>\n<meta name=\"twitter:label1\" content=\"Szacowany czas czytania\" \/>\n\t<meta name=\"twitter:data1\" content=\"4 minuty\" \/>\n<script type=\"application\/ld+json\" class=\"yoast-schema-graph\">{\"@context\":\"https:\/\/schema.org\",\"@graph\":[{\"@type\":\"WebPage\",\"@id\":\"https:\/\/www.fabrykachlodu.pl\/sklep\/produkt\/manometr-wysokiego-cisnienia-fi80-klasa-16wyskalowany-na-czynniki-r134a-r404a-r407c-r507\/\",\"url\":\"https:\/\/www.fabrykachlodu.pl\/sklep\/produkt\/manometr-wysokiego-cisnienia-fi80-klasa-16wyskalowany-na-czynniki-r134a-r404a-r407c-r507\/\",\"name\":\"Manometr wysokiego ci\u015bnienia fi80, klasa 1,6, wyskalowany na czynniki R134A\/R404A\/R407C\/R507\",\"isPartOf\":{\"@id\":\"https:\/\/www.fabrykachlodu.pl\/sklep\/#website\"},\"datePublished\":\"2023-04-19T14:03:15+00:00\",\"dateModified\":\"2024-04-18T21:12:08+00:00\",\"description\":\"Manometr wysokiego ci\u015bnienia fi80, klasa 1,6, wyskalowany na czynniki R134A\/R404A\/R407C\/R507\",\"breadcrumb\":{\"@id\":\"https:\/\/www.fabrykachlodu.pl\/sklep\/produkt\/manometr-wysokiego-cisnienia-fi80-klasa-16wyskalowany-na-czynniki-r134a-r404a-r407c-r507\/#breadcrumb\"},\"inLanguage\":\"pl-PL\",\"potentialAction\":[{\"@type\":\"ReadAction\",\"target\":[\"https:\/\/www.fabrykachlodu.pl\/sklep\/produkt\/manometr-wysokiego-cisnienia-fi80-klasa-16wyskalowany-na-czynniki-r134a-r404a-r407c-r507\/\"]}]},{\"@type\":\"BreadcrumbList\",\"@id\":\"https:\/\/www.fabrykachlodu.pl\/sklep\/produkt\/manometr-wysokiego-cisnienia-fi80-klasa-16wyskalowany-na-czynniki-r134a-r404a-r407c-r507\/#breadcrumb\",\"itemListElement\":[{\"@type\":\"ListItem\",\"position\":1,\"name\":\"Strona g\u0142\u00f3wna\",\"item\":\"https:\/\/www.fabrykachlodu.pl\/sklep\/\"},{\"@type\":\"ListItem\",\"position\":2,\"name\":\"Szukasz klimatzyacji biurowej sklepowej lub do mieszkania?\",\"item\":\"https:\/\/www.fabrykachlodu.pl\/sklep\/\"},{\"@type\":\"ListItem\",\"position\":3,\"name\":\"NARZ\u0118DZIA CH\u0141ODNICZE\",\"item\":\"https:\/\/www.fabrykachlodu.pl\/sklep\/product-category\/narzedzia-chlodnicze\/\"},{\"@type\":\"ListItem\",\"position\":4,\"name\":\"PRZYRZ\u0104DY POMIAROWE\",\"item\":\"https:\/\/www.fabrykachlodu.pl\/sklep\/product-category\/narzedzia-chlodnicze\/przyrzady-pomiarowe\/\"},{\"@type\":\"ListItem\",\"position\":5,\"name\":\"Manometr wysokiego ci\u015bnienia fi80, klasa 1,6, wyskalowany na czynniki R134A\/R404A\/R407C\/R507\"}]},{\"@type\":\"WebSite\",\"@id\":\"https:\/\/www.fabrykachlodu.pl\/sklep\/#website\",\"url\":\"https:\/\/www.fabrykachlodu.pl\/sklep\/\",\"name\":\"\u00b0FC Sklep Internetowy monta\u017c klimatyzacji pomp ciep\u0142a\",\"description\":\"\u00b0FC monta\u017c klimatyzacji pomp ciep\u0142a z nami to szybki i tani wyb\u00f3r.  Us\u0142ugi monta\u017cowe i serwisowe W Warszawie i okolicach..\",\"potentialAction\":[{\"@type\":\"SearchAction\",\"target\":{\"@type\":\"EntryPoint\",\"urlTemplate\":\"https:\/\/www.fabrykachlodu.pl\/sklep\/?s={search_term_string}\"},\"query-input\":\"required name=search_term_string\"}],\"inLanguage\":\"pl-PL\"}]}<\/script>\n<!-- \/ Yoast SEO plugin. -->","yoast_head_json":{"title":"Manometr wysokiego ci\u015bnienia fi80, klasa 1,6, wyskalowany na czynniki R134A\/R404A\/R407C\/R507","description":"Manometr wysokiego ci\u015bnienia fi80, klasa 1,6, wyskalowany na czynniki R134A\/R404A\/R407C\/R507","robots":{"index":"index","follow":"nofollow","max-snippet":"max-snippet:-1","max-image-preview":"max-image-preview:large","max-video-preview":"max-video-preview:-1","archive":"noarchive"},"canonical":"https:\/\/www.fabrykachlodu.pl\/sklep\/produkt\/manometr-wysokiego-cisnienia-fi80-klasa-16wyskalowany-na-czynniki-r134a-r404a-r407c-r507\/","twitter_misc":{"Szacowany czas czytania":"4 minuty"},"schema":{"@context":"https:\/\/schema.org","@graph":[{"@type":"WebPage","@id":"https:\/\/www.fabrykachlodu.pl\/sklep\/produkt\/manometr-wysokiego-cisnienia-fi80-klasa-16wyskalowany-na-czynniki-r134a-r404a-r407c-r507\/","url":"https:\/\/www.fabrykachlodu.pl\/sklep\/produkt\/manometr-wysokiego-cisnienia-fi80-klasa-16wyskalowany-na-czynniki-r134a-r404a-r407c-r507\/","name":"Manometr wysokiego ci\u015bnienia fi80, klasa 1,6, wyskalowany na czynniki R134A\/R404A\/R407C\/R507","isPartOf":{"@id":"https:\/\/www.fabrykachlodu.pl\/sklep\/#website"},"datePublished":"2023-04-19T14:03:15+00:00","dateModified":"2024-04-18T21:12:08+00:00","description":"Manometr wysokiego ci\u015bnienia fi80, klasa 1,6, wyskalowany na czynniki R134A\/R404A\/R407C\/R507","breadcrumb":{"@id":"https:\/\/www.fabrykachlodu.pl\/sklep\/produkt\/manometr-wysokiego-cisnienia-fi80-klasa-16wyskalowany-na-czynniki-r134a-r404a-r407c-r507\/#breadcrumb"},"inLanguage":"pl-PL","potentialAction":[{"@type":"ReadAction","target":["https:\/\/www.fabrykachlodu.pl\/sklep\/produkt\/manometr-wysokiego-cisnienia-fi80-klasa-16wyskalowany-na-czynniki-r134a-r404a-r407c-r507\/"]}]},{"@type":"BreadcrumbList","@id":"https:\/\/www.fabrykachlodu.pl\/sklep\/produkt\/manometr-wysokiego-cisnienia-fi80-klasa-16wyskalowany-na-czynniki-r134a-r404a-r407c-r507\/#breadcrumb","itemListElement":[{"@type":"ListItem","position":1,"name":"Strona g\u0142\u00f3wna","item":"https:\/\/www.fabrykachlodu.pl\/sklep\/"},{"@type":"ListItem","position":2,"name":"Szukasz klimatzyacji biurowej sklepowej lub do mieszkania?","item":"https:\/\/www.fabrykachlodu.pl\/sklep\/"},{"@type":"ListItem","position":3,"name":"NARZ\u0118DZIA CH\u0141ODNICZE","item":"https:\/\/www.fabrykachlodu.pl\/sklep\/product-category\/narzedzia-chlodnicze\/"},{"@type":"ListItem","position":4,"name":"PRZYRZ\u0104DY POMIAROWE","item":"https:\/\/www.fabrykachlodu.pl\/sklep\/product-category\/narzedzia-chlodnicze\/przyrzady-pomiarowe\/"},{"@type":"ListItem","position":5,"name":"Manometr wysokiego ci\u015bnienia fi80, klasa 1,6, wyskalowany na czynniki R134A\/R404A\/R407C\/R507"}]},{"@type":"WebSite","@id":"https:\/\/www.fabrykachlodu.pl\/sklep\/#website","url":"https:\/\/www.fabrykachlodu.pl\/sklep\/","name":"\u00b0FC Sklep Internetowy monta\u017c klimatyzacji pomp ciep\u0142a","description":"\u00b0FC monta\u017c klimatyzacji pomp ciep\u0142a z nami to szybki i tani wyb\u00f3r.  Us\u0142ugi monta\u017cowe i serwisowe W Warszawie i okolicach..","potentialAction":[{"@type":"SearchAction","target":{"@type":"EntryPoint","urlTemplate":"https:\/\/www.fabrykachlodu.pl\/sklep\/?s={search_term_string}"},"query-input":"required name=search_term_string"}],"inLanguage":"pl-PL"}]}},"_links":{"self":[{"href":"https:\/\/www.fabrykachlodu.pl\/sklep\/wp-json\/wp\/v2\/product\/88499"}],"collection":[{"href":"https:\/\/www.fabrykachlodu.pl\/sklep\/wp-json\/wp\/v2\/product"}],"about":[{"href":"https:\/\/www.fabrykachlodu.pl\/sklep\/wp-json\/wp\/v2\/types\/product"}],"wp:featuredmedia":[{"embeddable":true,"href":"https:\/\/www.fabrykachlodu.pl\/sklep\/wp-json\/wp\/v2\/media\/88398"}],"wp:attachment":[{"href":"https:\/\/www.fabrykachlodu.pl\/sklep\/wp-json\/wp\/v2\/media?parent=88499"}],"wp:term":[{"taxonomy":"product_cat","embeddable":true,"href":"https:\/\/www.fabrykachlodu.pl\/sklep\/wp-json\/wp\/v2\/product_cat?post=88499"},{"taxonomy":"product_tag","embeddable":true,"href":"https:\/\/www.fabrykachlodu.pl\/sklep\/wp-json\/wp\/v2\/product_tag?post=88499"}],"curies":[{"name":"wp","href":"https:\/\/api.w.org\/{rel}","templated":true}]}}