{"id":88502,"date":"2023-04-19T16:03:15","date_gmt":"2023-04-19T14:03:15","guid":{"rendered":"https:\/\/www.fabrykachlodu.pl\/sklep\/?post_type=product&#038;p=88502"},"modified":"2024-04-18T23:12:08","modified_gmt":"2024-04-18T21:12:08","slug":"wakuometr-analogowy-fi-80","status":"publish","type":"product","link":"https:\/\/www.fabrykachlodu.pl\/sklep\/produkt\/wakuometr-analogowy-fi-80\/","title":{"rendered":"Wakuometr cyfrowy CPS VG200"},"content":{"rendered":"<br \/>\n<h2>Zam\u00f3wienie dotyczy:  Wakuometr cyfrowy CPS VG200<\/h2>\n<p><h3><strong>W jednym miejscu poznasz:<\/strong><\/h3>\n<\/p>\n<p>Wakuometr cyfrowy CPS VG200 i wa\u017cne informacje<br \/> Poznasz najwa\u017cniejsze funkcje<br \/> Por\u00f3wnasz produkty<br \/> Poznasz parametry techniczne<br \/> Poznasz cen\u0119 i zrealizujesz zam\u00f3wienie<strong><\/p>\n<h3>Zamawiaj\u0105c produkt u nas:<\/strong><\/h3>\n<p>Otrzymasz produkt<br \/> Nowy produkt<br \/> Prawo do zwrotu<br \/> Zakup na raty<br \/> <strong><\/p>\n<h3>Zamawiaj\u0105c teraz otrzymasz:<\/strong><\/h3>\n<p> Wakuometr cyfrowy CPS VG200 z rabatem kupuj\u0105c w naszym sklepie online  <br \/> Gwarancje <br \/> Szybka realizacje dostawyWakuometr w ch\u0142odnictwie to przyrz\u0105d s\u0142u\u017c\u0105cy do pomiaru stopnia pr\u00f3\u017cni w uk\u0142adzie ch\u0142odniczym. Jest to wa\u017cne narz\u0119dzie dla technik\u00f3w zajmuj\u0105cych si\u0119 konserwacj\u0105 i napraw\u0105 urz\u0105dze\u0144 ch\u0142odniczych, poniewa\u017c pozwala na sprawdzenie, czy w uk\u0142adzie nie ma wyciek\u00f3w lub innych problem\u00f3w, kt\u00f3re mog\u0105 wp\u0142yn\u0105\u0107 na wydajno\u015b\u0107 urz\u0105dzenia.<\/p>\n<p>Wakuometr dzia\u0142a na zasadzie pomiaru r\u00f3\u017cnicy ci\u015bnie\u0144. W trakcie pomiaru wakuometr jest pod\u0142\u0105czony do uk\u0142adu ch\u0142odniczego, a nast\u0119pnie pomiar jest wykonywany przy zatrzymanym spr\u0119\u017carce. W ten spos\u00f3b mo\u017cliwe jest okre\u015blenie, czy w uk\u0142adzie znajduj\u0105 si\u0119 jakiekolwiek gazy lub pary, kt\u00f3re mog\u0105 wp\u0142yn\u0105\u0107 na wydajno\u015b\u0107 ch\u0142odzenia.<\/p>\n<p>Warto zauwa\u017cy\u0107, \u017ce wakuometr s\u0142u\u017cy nie tylko do pomiaru pr\u00f3\u017cni w nowych uk\u0142adach ch\u0142odniczych, ale r\u00f3wnie\u017c jest przydatny podczas napraw i konserwacji urz\u0105dze\u0144. Dzi\u0119ki niemu mo\u017cna wykry\u0107, czy w uk\u0142adzie znajduje si\u0119 wilgo\u0107, kt\u00f3ra mo\u017ce zwi\u0119ksza\u0107 ryzyko korozji i uszkodze\u0144 wewn\u0119trznych komponent\u00f3w uk\u0142adu ch\u0142odniczego.<\/p>\n<p>Wakuometr to wa\u017cne narz\u0119dzie w ch\u0142odnictwie, kt\u00f3re pozwala na pomiar stopnia pr\u00f3\u017cni w uk\u0142adzie ch\u0142odniczym i wykrycie ewentualnych problem\u00f3w, kt\u00f3re mog\u0105 wp\u0142yn\u0105\u0107 na wydajno\u015b\u0107 urz\u0105dzenia.<br \/>\n<div class=\"su-service\"><div class=\"su-service-title\" style=\"padding-left:52px;min-height:38px;line-height:38px\"><i class=\"sui sui-check-circle\" style=\"font-size:38px;color:#22a0ed\"><\/i> Wskaz\u00f3wka naszego eksperta<\/div><div class=\"su-service-content su-u-clearfix su-u-trim\" style=\"padding-left:52px\"><\/div><\/div>\n<h2><strong>Zapraszamy do por\u00f3wnania zalet i wad<\/strong><\/h2>\n<p><strong>Jakie s\u0105 zalety?<\/strong><br \/><div class=\"su-service\"><div class=\"su-service-title\" style=\"padding-left:52px;min-height:38px;line-height:38px\"><i class=\"sui sui-check-circle\" style=\"font-size:38px;color:#22a0ed\"><\/i> Wskaz\u00f3wka naszego eksperta<\/div><div class=\"su-service-content su-u-clearfix su-u-trim\" style=\"padding-left:52px\">Wakuometr cyfrowy CPS VG200: Szybki i precyzyjny pomiar ci\u015bnienia pr\u00f3\u017cniowego z wy\u015bwietlaczem cyfrowym<\/div><\/div><strong>Jakie s\u0105 wady tego produktu?<\/strong><br \/><div class=\"su-service\"><div class=\"su-service-title\" style=\"padding-left:52px;min-height:38px;line-height:38px\"><i class=\"sui sui-check-circle\" style=\"font-size:38px;color:#22a0ed\"><\/i> Wskaz\u00f3wka naszego eksperta<\/div><div class=\"su-service-content su-u-clearfix su-u-trim\" style=\"padding-left:52px\">Wakuometr cyfrowy CPS VG200 &#8211; Wy\u017csza cena wzgl\u0119dem analogowych<br \/><\/div><\/div><div class=\"su-service\"><div class=\"su-service-title\" style=\"padding-left:52px;min-height:38px;line-height:38px\"><i class=\"sui sui-hand-o-right\" style=\"font-size:38px;color:#22a0ed\"><\/i> Podsumowuj\u0105c<\/div><div class=\"su-service-content su-u-clearfix su-u-trim\" style=\"padding-left:52px\">Wakuometr cyfrowy CPS VG200 &#8211; Ten wakuometr cyfrowy oferuje niezwyk\u0142\u0105 precyzj\u0119 i funkcjonalno\u015b\u0107, co czyni go idealnym narz\u0119dziem dla profesjonalist\u00f3w. Dzi\u0119ki swoim zaawansowanym funkcjom, takim jak automatyczne wy\u0142\u0105czanie, jest \u0142atwy w obs\u0142udze. Polecam go ka\u017cdemu, kto potrzebuje precyzyjnego wakuometru. <br \/><\/div><\/div>\n<div class=\"hr-thin\"><\/div>\n<p>&#8221; <\/p>\n<p>PARAMETRY TECHNICZNE<\/p>\n<div class=\"su-tabs su-tabs-style-default su-tabs-mobile-stack\" data-active=\"1\" data-scroll-offset=\"0\" data-anchor-in-url=\"no\"><div class=\"su-tabs-nav\"><span class=\"\" data-url=\"\" data-target=\"blank\" tabindex=\"0\" role=\"button\">Stacja CPS do odzysku<\/span><span class=\"\" data-url=\"\" data-target=\"blank\" tabindex=\"0\" role=\"button\">CPS Odzysk czynika<\/span><span class=\"\" data-url=\"\" data-target=\"blank\" tabindex=\"0\" role=\"button\">Pompa pr\u00f3\u017cniowa<\/span><span class=\"\" data-url=\"\" data-target=\"blank\" tabindex=\"0\" role=\"button\">Akcesoria Monta\u017cowe<\/span><span class=\"\" data-url=\"\" data-target=\"blank\" tabindex=\"0\" role=\"button\">Klimatyzacja i pompy oferta<\/span><span class=\"\" data-url=\"\" data-target=\"blank\" tabindex=\"0\" role=\"button\">Ch\u0142odnictwo oferta<\/span><\/div><div class=\"su-tabs-panes\"><div class=\"su-tabs-pane su-u-clearfix su-u-trim\" data-title=\"Stacja CPS do odzysku\"><div class=\"su-document su-u-responsive-media-yes\"><iframe src=\"\/\/docs.google.com\/viewer?embedded=true&url=https:\/\/www.fabrykachlodu.pl\/sklep\/wp-content\/uploads\/2023\/04\/CPS_Stacja_do_odzysku_TR600.pdf\" width=\"600\" height=\"400\" class=\"su-document\" title=\"\"><\/iframe><\/div><\/div>\n<div class=\"su-tabs-pane su-u-clearfix su-u-trim\" data-title=\"CPS Odzysk czynika\"><div class=\"su-document su-u-responsive-media-yes\"><iframe src=\"\/\/docs.google.com\/viewer?embedded=true&url=https:\/\/www.fabrykachlodu.pl\/sklep\/wp-content\/uploads\/2023\/04\/odzysk.czynnika.pdf\" width=\"600\" height=\"400\" class=\"su-document\" title=\"\"><\/iframe><\/div><\/div>\n<div class=\"su-tabs-pane su-u-clearfix su-u-trim\" data-title=\"Pompa pr\u00f3\u017cniowa\"><div class=\"su-document su-u-responsive-media-yes\"><iframe src=\"\/\/docs.google.com\/viewer?embedded=true&url=https:\/\/www.fabrykachlodu.pl\/sklep\/wp-content\/uploads\/2023\/04\/pompy.prozniowe.oleje_.do_.pomp_.pdf\" width=\"600\" height=\"400\" class=\"su-document\" title=\"\"><\/iframe><\/div><\/div>\n<div class=\"su-tabs-pane su-u-clearfix su-u-trim\" data-title=\"Akcesoria Monta\u017cowe\"><div class=\"su-document su-u-responsive-media-yes\"><iframe src=\"\/\/docs.google.com\/viewer?embedded=true&url=https:\/\/www.fabrykachlodu.pl\/sklep\/wp-content\/uploads\/2023\/04\/narzedzia.do_.rur_.frezy_.do_.gratowania.do_.giecia.do_.zaciskania.do_.rozcinania.otworow.pdf\" width=\"600\" height=\"400\" class=\"su-document\" title=\"\"><\/iframe><\/div><\/div>\n<div class=\"su-tabs-pane su-u-clearfix su-u-trim\" data-title=\"Klimatyzacja i pompy oferta\"><div class=\"su-document su-u-responsive-media-yes\"><iframe src=\"\/\/docs.google.com\/viewer?embedded=true&url=https:\/\/www.fabrykachlodu.pl\/oferta\/FC.Nowosci.pdf\" width=\"600\" height=\"400\" class=\"su-document\" title=\"\"><\/iframe><\/div><\/div>\n<div class=\"su-tabs-pane su-u-clearfix su-u-trim\" data-title=\"Ch\u0142odnictwo oferta\"><div class=\"su-document su-u-responsive-media-yes\"><iframe src=\"\/\/docs.google.com\/viewer?embedded=true&url=https:\/\/www.fabrykachlodu.pl\/oferta\/FC.Serwis_Chlodniczy.pdf\" width=\"600\" height=\"400\" class=\"su-document\" title=\"\"><\/iframe><\/div><\/div><\/div><\/div>\n<p>Dokumenty si\u0119 nie wy\u015bwietlaj\u0105? <input type=\"button\" value=\"Od\u015bwie\u017c stron\u0119\" onclick=\"location.reload();\"><\/p>\n","protected":false},"excerpt":{"rendered":"<p><span style=\"color: #000000;\"><strong>Najwa\u017cniejsze zalety<\/strong><\/span>[dt_list style=\"1\" bullet_position=\"middle\" dividers=\"true\"][dt_list style=\"1\" bullet_position=\"middle\" dividers=\"true\"][dt_list_item image=\"\"]\u0141atwa obs\u0142uga[\/dt_list_item][dt_list_item image=\"\"]Precyzyjny pomiar[\/dt_list_item][dt_list_item image=\"\"]Trwa\u0142a konstrukcja[\/dt_list_item][dt_list_item image=\"\"]Przyst\u0119pna cena[\/dt_list_item][\/dt_list]<\/p>\n","protected":false},"featured_media":88424,"template":"","meta":[],"product_cat":[6739,6742,189],"product_tag":[6741],"yoast_head":"<!-- This site is optimized with the Yoast SEO plugin v22.1 - https:\/\/yoast.com\/wordpress\/plugins\/seo\/ -->\n<title>Wakuometr cyfrowy CPS VG200<\/title>\n<meta name=\"description\" content=\"Wakuometr cyfrowy CPS VG200\" \/>\n<meta name=\"robots\" content=\"index, follow, max-snippet:-1, max-image-preview:large, max-video-preview:-1\" \/>\n<link rel=\"canonical\" href=\"https:\/\/www.fabrykachlodu.pl\/sklep\/produkt\/wakuometr-analogowy-fi-80\/\" \/>\n<meta name=\"twitter:label1\" content=\"Szacowany czas czytania\" \/>\n\t<meta name=\"twitter:data1\" content=\"3 minuty\" \/>\n<script type=\"application\/ld+json\" class=\"yoast-schema-graph\">{\"@context\":\"https:\/\/schema.org\",\"@graph\":[{\"@type\":\"WebPage\",\"@id\":\"https:\/\/www.fabrykachlodu.pl\/sklep\/produkt\/wakuometr-analogowy-fi-80\/\",\"url\":\"https:\/\/www.fabrykachlodu.pl\/sklep\/produkt\/wakuometr-analogowy-fi-80\/\",\"name\":\"Wakuometr cyfrowy CPS VG200\",\"isPartOf\":{\"@id\":\"https:\/\/www.fabrykachlodu.pl\/sklep\/#website\"},\"datePublished\":\"2023-04-19T14:03:15+00:00\",\"dateModified\":\"2024-04-18T21:12:08+00:00\",\"description\":\"Wakuometr cyfrowy CPS VG200\",\"breadcrumb\":{\"@id\":\"https:\/\/www.fabrykachlodu.pl\/sklep\/produkt\/wakuometr-analogowy-fi-80\/#breadcrumb\"},\"inLanguage\":\"pl-PL\",\"potentialAction\":[{\"@type\":\"ReadAction\",\"target\":[\"https:\/\/www.fabrykachlodu.pl\/sklep\/produkt\/wakuometr-analogowy-fi-80\/\"]}]},{\"@type\":\"BreadcrumbList\",\"@id\":\"https:\/\/www.fabrykachlodu.pl\/sklep\/produkt\/wakuometr-analogowy-fi-80\/#breadcrumb\",\"itemListElement\":[{\"@type\":\"ListItem\",\"position\":1,\"name\":\"Strona g\u0142\u00f3wna\",\"item\":\"https:\/\/www.fabrykachlodu.pl\/sklep\/\"},{\"@type\":\"ListItem\",\"position\":2,\"name\":\"Szukasz klimatzyacji biurowej sklepowej lub do mieszkania?\",\"item\":\"https:\/\/www.fabrykachlodu.pl\/sklep\/\"},{\"@type\":\"ListItem\",\"position\":3,\"name\":\"NARZ\u0118DZIA CH\u0141ODNICZE\",\"item\":\"https:\/\/www.fabrykachlodu.pl\/sklep\/product-category\/narzedzia-chlodnicze\/\"},{\"@type\":\"ListItem\",\"position\":4,\"name\":\"PRZYRZ\u0104DY POMIAROWE\",\"item\":\"https:\/\/www.fabrykachlodu.pl\/sklep\/product-category\/narzedzia-chlodnicze\/przyrzady-pomiarowe\/\"},{\"@type\":\"ListItem\",\"position\":5,\"name\":\"Wakuometr cyfrowy CPS VG200\"}]},{\"@type\":\"WebSite\",\"@id\":\"https:\/\/www.fabrykachlodu.pl\/sklep\/#website\",\"url\":\"https:\/\/www.fabrykachlodu.pl\/sklep\/\",\"name\":\"\u00b0FC Sklep Internetowy monta\u017c klimatyzacji pomp ciep\u0142a\",\"description\":\"\u00b0FC monta\u017c klimatyzacji pomp ciep\u0142a z nami to szybki i tani wyb\u00f3r.  Us\u0142ugi monta\u017cowe i serwisowe W Warszawie i okolicach..\",\"potentialAction\":[{\"@type\":\"SearchAction\",\"target\":{\"@type\":\"EntryPoint\",\"urlTemplate\":\"https:\/\/www.fabrykachlodu.pl\/sklep\/?s={search_term_string}\"},\"query-input\":\"required name=search_term_string\"}],\"inLanguage\":\"pl-PL\"}]}<\/script>\n<!-- \/ Yoast SEO plugin. -->","yoast_head_json":{"title":"Wakuometr cyfrowy CPS VG200","description":"Wakuometr cyfrowy CPS VG200","robots":{"index":"index","follow":"follow","max-snippet":"max-snippet:-1","max-image-preview":"max-image-preview:large","max-video-preview":"max-video-preview:-1"},"canonical":"https:\/\/www.fabrykachlodu.pl\/sklep\/produkt\/wakuometr-analogowy-fi-80\/","twitter_misc":{"Szacowany czas czytania":"3 minuty"},"schema":{"@context":"https:\/\/schema.org","@graph":[{"@type":"WebPage","@id":"https:\/\/www.fabrykachlodu.pl\/sklep\/produkt\/wakuometr-analogowy-fi-80\/","url":"https:\/\/www.fabrykachlodu.pl\/sklep\/produkt\/wakuometr-analogowy-fi-80\/","name":"Wakuometr cyfrowy CPS VG200","isPartOf":{"@id":"https:\/\/www.fabrykachlodu.pl\/sklep\/#website"},"datePublished":"2023-04-19T14:03:15+00:00","dateModified":"2024-04-18T21:12:08+00:00","description":"Wakuometr cyfrowy CPS VG200","breadcrumb":{"@id":"https:\/\/www.fabrykachlodu.pl\/sklep\/produkt\/wakuometr-analogowy-fi-80\/#breadcrumb"},"inLanguage":"pl-PL","potentialAction":[{"@type":"ReadAction","target":["https:\/\/www.fabrykachlodu.pl\/sklep\/produkt\/wakuometr-analogowy-fi-80\/"]}]},{"@type":"BreadcrumbList","@id":"https:\/\/www.fabrykachlodu.pl\/sklep\/produkt\/wakuometr-analogowy-fi-80\/#breadcrumb","itemListElement":[{"@type":"ListItem","position":1,"name":"Strona g\u0142\u00f3wna","item":"https:\/\/www.fabrykachlodu.pl\/sklep\/"},{"@type":"ListItem","position":2,"name":"Szukasz klimatzyacji biurowej sklepowej lub do mieszkania?","item":"https:\/\/www.fabrykachlodu.pl\/sklep\/"},{"@type":"ListItem","position":3,"name":"NARZ\u0118DZIA CH\u0141ODNICZE","item":"https:\/\/www.fabrykachlodu.pl\/sklep\/product-category\/narzedzia-chlodnicze\/"},{"@type":"ListItem","position":4,"name":"PRZYRZ\u0104DY POMIAROWE","item":"https:\/\/www.fabrykachlodu.pl\/sklep\/product-category\/narzedzia-chlodnicze\/przyrzady-pomiarowe\/"},{"@type":"ListItem","position":5,"name":"Wakuometr cyfrowy CPS VG200"}]},{"@type":"WebSite","@id":"https:\/\/www.fabrykachlodu.pl\/sklep\/#website","url":"https:\/\/www.fabrykachlodu.pl\/sklep\/","name":"\u00b0FC Sklep Internetowy monta\u017c klimatyzacji pomp ciep\u0142a","description":"\u00b0FC monta\u017c klimatyzacji pomp ciep\u0142a z nami to szybki i tani wyb\u00f3r.  Us\u0142ugi monta\u017cowe i serwisowe W Warszawie i okolicach..","potentialAction":[{"@type":"SearchAction","target":{"@type":"EntryPoint","urlTemplate":"https:\/\/www.fabrykachlodu.pl\/sklep\/?s={search_term_string}"},"query-input":"required name=search_term_string"}],"inLanguage":"pl-PL"}]}},"_links":{"self":[{"href":"https:\/\/www.fabrykachlodu.pl\/sklep\/wp-json\/wp\/v2\/product\/88502"}],"collection":[{"href":"https:\/\/www.fabrykachlodu.pl\/sklep\/wp-json\/wp\/v2\/product"}],"about":[{"href":"https:\/\/www.fabrykachlodu.pl\/sklep\/wp-json\/wp\/v2\/types\/product"}],"wp:featuredmedia":[{"embeddable":true,"href":"https:\/\/www.fabrykachlodu.pl\/sklep\/wp-json\/wp\/v2\/media\/88424"}],"wp:attachment":[{"href":"https:\/\/www.fabrykachlodu.pl\/sklep\/wp-json\/wp\/v2\/media?parent=88502"}],"wp:term":[{"taxonomy":"product_cat","embeddable":true,"href":"https:\/\/www.fabrykachlodu.pl\/sklep\/wp-json\/wp\/v2\/product_cat?post=88502"},{"taxonomy":"product_tag","embeddable":true,"href":"https:\/\/www.fabrykachlodu.pl\/sklep\/wp-json\/wp\/v2\/product_tag?post=88502"}],"curies":[{"name":"wp","href":"https:\/\/api.w.org\/{rel}","templated":true}]}}