{"id":88505,"date":"2023-04-19T16:03:16","date_gmt":"2023-04-19T14:03:16","guid":{"rendered":"https:\/\/www.fabrykachlodu.pl\/sklep\/?post_type=product&#038;p=88505"},"modified":"2024-04-18T23:12:08","modified_gmt":"2024-04-18T21:12:08","slug":"waz-k-90-cm-niebieski","status":"publish","type":"product","link":"https:\/\/www.fabrykachlodu.pl\/sklep\/produkt\/waz-k-90-cm-niebieski\/","title":{"rendered":"W\u0105\u017c '&#038; 90 cm. \u017c\u00f3\u0142ty"},"content":{"rendered":"<br \/>\n<h2>Zam\u00f3wienie dotyczy:  W\u0105\u017c '&#038; 90 cm. \u017c\u00f3\u0142ty<\/h2>\n<p><h3><strong>W jednym miejscu poznasz:<\/strong><\/h3>\n<\/p>\n<p>W\u0105\u017c '&#038; 90 cm. \u017c\u00f3\u0142ty i wa\u017cne informacje<br \/> Poznasz najwa\u017cniejsze funkcje<br \/> Por\u00f3wnasz produkty<br \/> Poznasz parametry techniczne<br \/> Poznasz cen\u0119 i zrealizujesz zam\u00f3wienie<strong><\/p>\n<h3>Zamawiaj\u0105c produkt u nas:<\/strong><\/h3>\n<p>Otrzymasz produkt<br \/> Nowy produkt<br \/> Prawo do zwrotu<br \/> Zakup na raty<br \/> <strong><\/p>\n<h3>Zamawiaj\u0105c teraz otrzymasz:<\/strong><\/h3>\n<p> W\u0105\u017c '&#038; 90 cm. \u017c\u00f3\u0142ty z rabatem kupuj\u0105c w naszym sklepie online  <br \/> Gwarancje <br \/> Szybka realizacje dostawyW\u0105\u017c w ch\u0142odnictwie to jeden z podstawowych element\u00f3w, kt\u00f3ry jest u\u017cywany do przep\u0142ywu czynnika ch\u0142odniczego mi\u0119dzy r\u00f3\u017cnymi elementami uk\u0142adu. Wybieraj\u0105c odpowiedni w\u0105\u017c, nale\u017cy kierowa\u0107 si\u0119 kilkoma czynnikami, takimi jak:<\/p>\n<p>Wielko\u015b\u0107 i rodzaj przewod\u00f3w w uk\u0142adzie &#8211; nale\u017cy wybra\u0107 w\u0105\u017c o odpowiedniej \u015brednicy, aby umo\u017cliwi\u0107 swobodny przep\u0142yw czynnika ch\u0142odniczego mi\u0119dzy elementami uk\u0142adu.<\/p>\n<p>Ci\u015bnienie robocze &#8211; nale\u017cy wybra\u0107 w\u0105\u017c o wystarczaj\u0105cej wytrzyma\u0142o\u015bci, aby wytrzyma\u0107 ci\u015bnienie robocze czynnika ch\u0142odniczego w uk\u0142adzie.<\/p>\n<p>Temperatura &#8211; nale\u017cy wybra\u0107 w\u0105\u017c, kt\u00f3ry jest odporny na temperatur\u0119 czynnika ch\u0142odniczego, aby unikn\u0105\u0107 uszkodze\u0144 lub p\u0119kni\u0119\u0107.<\/p>\n<p>Materia\u0142 &#8211; nale\u017cy wybra\u0107 w\u0105\u017c wykonany z odpowiedniego materia\u0142u, kt\u00f3ry jest odporny na korozj\u0119 i uszkodzenia mechaniczne.<\/p>\n<p>D\u0142ugo\u015b\u0107 &#8211; nale\u017cy wybra\u0107 w\u0105\u017c o odpowiedniej d\u0142ugo\u015bci, aby umo\u017cliwi\u0107 swobodne po\u0142\u0105czenie element\u00f3w uk\u0142adu.<\/p>\n<p>Zgodno\u015b\u0107 z normami i przepisami &#8211; nale\u017cy wybra\u0107 w\u0105\u017c zgodny z normami i przepisami bran\u017cowymi, aby zapewni\u0107 bezpiecze\u0144stwo i skuteczno\u015b\u0107 pracy uk\u0142adu ch\u0142odniczego.<\/p>\n<p>Wa\u017cn\u0105 funkcj\u0105 w\u0119\u017ca w ch\u0142odnictwie jest umo\u017cliwienie przep\u0142ywu czynnika ch\u0142odniczego pomi\u0119dzy r\u00f3\u017cnymi elementami uk\u0142adu, takimi jak spr\u0119\u017carka, skraplacz, parownik, zawory, czy filtry. W\u0105\u017c pozwala na elastyczne po\u0142\u0105czenie tych element\u00f3w, umo\u017cliwiaj\u0105c ruchome po\u0142\u0105czenie mi\u0119dzy nimi, co jest szczeg\u00f3lnie wa\u017cne podczas instalacji i konserwacji urz\u0105dze\u0144 ch\u0142odniczych.<div class=\"su-service\"><div class=\"su-service-title\" style=\"padding-left:52px;min-height:38px;line-height:38px\"><i class=\"sui sui-check-circle\" style=\"font-size:38px;color:#22a0ed\"><\/i> Wskaz\u00f3wka naszego eksperta<\/div><div class=\"su-service-content su-u-clearfix su-u-trim\" style=\"padding-left:52px\"><\/div><\/div>\n<h2><strong>Zapraszamy do por\u00f3wnania zalet i wad<\/strong><\/h2>\n<p><strong>Jakie s\u0105 zalety?<\/strong><br \/><div class=\"su-service\"><div class=\"su-service-title\" style=\"padding-left:52px;min-height:38px;line-height:38px\"><i class=\"sui sui-check-circle\" style=\"font-size:38px;color:#22a0ed\"><\/i> Wskaz\u00f3wka naszego eksperta<\/div><div class=\"su-service-content su-u-clearfix su-u-trim\" style=\"padding-left:52px\">W\u0105\u017c '&#038; 90 cm. \u017c\u00f3\u0142ty &#8211; D\u0142ugo\u015b\u0107 90cm i kolor \u017c\u00f3\u0142ty, idealny do po\u0142\u0105czenia z systemem ch\u0142odniczym.<br \/><\/div><\/div><strong>Jakie s\u0105 wady tego produktu?<\/strong><br \/><div class=\"su-service\"><div class=\"su-service-title\" style=\"padding-left:52px;min-height:38px;line-height:38px\"><i class=\"sui sui-check-circle\" style=\"font-size:38px;color:#22a0ed\"><\/i> Wskaz\u00f3wka naszego eksperta<\/div><div class=\"su-service-content su-u-clearfix su-u-trim\" style=\"padding-left:52px\">W\u0105\u017c '&#038; 90 cm. \u017c\u00f3\u0142ty &#8211; Kr\u00f3tki w\u0105\u017c<br \/><\/div><\/div><div class=\"su-service\"><div class=\"su-service-title\" style=\"padding-left:52px;min-height:38px;line-height:38px\"><i class=\"sui sui-hand-o-right\" style=\"font-size:38px;color:#22a0ed\"><\/i> Podsumowuj\u0105c<\/div><div class=\"su-service-content su-u-clearfix su-u-trim\" style=\"padding-left:52px\">W\u0105\u017c 'k 90 cm. czerwony\/niebieski\/\u017c\u00f3\u0142ty &#8211; Te w\u0119\u017ce ch\u0142odnicze s\u0105 wytrzyma\u0142e i wygodne w u\u017cytkowaniu. Dost\u0119pne w r\u00f3\u017cnych kolorach, co u\u0142atwia rozr\u00f3\u017cnianie w\u0119\u017cy w uk\u0142adzie. S\u0105 idealne dla profesjonalist\u00f3w, jak i amator\u00f3w. Polecam ka\u017cdemu, kto potrzebuje niezawodnych w\u0119\u017cy ch\u0142odniczych.<br \/><\/div><\/div>\n<div class=\"hr-thin\"><\/div>\n<p>&#8221; <\/p>\n<p>PARAMETRY TECHNICZNE<\/p>\n<div class=\"su-tabs su-tabs-style-default su-tabs-mobile-stack\" data-active=\"1\" data-scroll-offset=\"0\" data-anchor-in-url=\"no\"><div class=\"su-tabs-nav\"><span class=\"\" data-url=\"\" data-target=\"blank\" tabindex=\"0\" role=\"button\">Manometry<\/span><span class=\"\" data-url=\"\" data-target=\"blank\" tabindex=\"0\" role=\"button\">W\u0119\u017ce, przed\u0142u\u017cenia<\/span><span class=\"\" data-url=\"\" data-target=\"blank\" tabindex=\"0\" role=\"button\">Pompa pr\u00f3\u017cniowa<\/span><span class=\"\" data-url=\"\" data-target=\"blank\" tabindex=\"0\" role=\"button\">Akcesoria Monta\u017cowe<\/span><span class=\"\" data-url=\"\" data-target=\"blank\" tabindex=\"0\" role=\"button\">Klimatyzacja i pompy oferta<\/span><span class=\"\" data-url=\"\" data-target=\"blank\" tabindex=\"0\" role=\"button\">Ch\u0142odnictwo oferta<\/span><\/div><div class=\"su-tabs-panes\"><div class=\"su-tabs-pane su-u-clearfix su-u-trim\" data-title=\"Manometry\"><div class=\"su-document su-u-responsive-media-yes\"><iframe src=\"\/\/docs.google.com\/viewer?embedded=true&url=https:\/\/www.fabrykachlodu.pl\/sklep\/wp-content\/uploads\/2023\/04\/zawory.kolektory.manometry.pdf\" width=\"600\" height=\"400\" class=\"su-document\" title=\"\"><\/iframe><\/div><\/div>\n<div class=\"su-tabs-pane su-u-clearfix su-u-trim\" data-title=\"W\u0119\u017ce, przed\u0142u\u017cenia\"><div class=\"su-document su-u-responsive-media-yes\"><iframe src=\"\/\/docs.google.com\/viewer?embedded=true&url=https:\/\/www.fabrykachlodu.pl\/sklep\/wp-content\/uploads\/2023\/04\/weze.przedluzacze.wezy_.weze_.prozniowe.zawory.kulowe.uszczelki.depresory.pdf\" width=\"600\" height=\"400\" class=\"su-document\" title=\"\"><\/iframe><\/div><\/div>\n<div class=\"su-tabs-pane su-u-clearfix su-u-trim\" data-title=\"Pompa pr\u00f3\u017cniowa\"><div class=\"su-document su-u-responsive-media-yes\"><iframe src=\"\/\/docs.google.com\/viewer?embedded=true&url=https:\/\/www.fabrykachlodu.pl\/sklep\/wp-content\/uploads\/2023\/04\/pompy.prozniowe.oleje_.do_.pomp_.pdf\" width=\"600\" height=\"400\" class=\"su-document\" title=\"\"><\/iframe><\/div><\/div>\n<div class=\"su-tabs-pane su-u-clearfix su-u-trim\" data-title=\"Akcesoria Monta\u017cowe\"><div class=\"su-document su-u-responsive-media-yes\"><iframe src=\"\/\/docs.google.com\/viewer?embedded=true&url=https:\/\/www.fabrykachlodu.pl\/sklep\/wp-content\/uploads\/2023\/04\/narzedzia.do_.rur_.frezy_.do_.gratowania.do_.giecia.do_.zaciskania.do_.rozcinania.otworow.pdf\" width=\"600\" height=\"400\" class=\"su-document\" title=\"\"><\/iframe><\/div><\/div>\n<div class=\"su-tabs-pane su-u-clearfix su-u-trim\" data-title=\"Klimatyzacja i pompy oferta\"><div class=\"su-document su-u-responsive-media-yes\"><iframe src=\"\/\/docs.google.com\/viewer?embedded=true&url=https:\/\/www.fabrykachlodu.pl\/oferta\/FC.Nowosci.pdf\" width=\"600\" height=\"400\" class=\"su-document\" title=\"\"><\/iframe><\/div><\/div>\n<div class=\"su-tabs-pane su-u-clearfix su-u-trim\" data-title=\"Ch\u0142odnictwo oferta\"><div class=\"su-document su-u-responsive-media-yes\"><iframe src=\"\/\/docs.google.com\/viewer?embedded=true&url=https:\/\/www.fabrykachlodu.pl\/oferta\/FC.Serwis_Chlodniczy.pdf\" width=\"600\" height=\"400\" class=\"su-document\" title=\"\"><\/iframe><\/div><\/div><\/div><\/div>\n<p>Dokumenty si\u0119 nie wy\u015bwietlaj\u0105? <input type=\"button\" value=\"Od\u015bwie\u017c stron\u0119\" onclick=\"location.reload();\"><\/p>\n","protected":false},"excerpt":{"rendered":"<p><span style=\"color: #000000;\"><strong>Najwa\u017cniejsze zalety<\/strong><\/span>[dt_list style=\"1\" bullet_position=\"middle\" dividers=\"true\"][dt_list style=\"1\" bullet_position=\"middle\" dividers=\"true\"][dt_list_item image=\"\"]Elastyczny[\/dt_list_item][dt_list_item image=\"\"]Odporny na dzia\u0142anie wysokiej temperatury[\/dt_list_item][dt_list_item image=\"\"]\u0141atwy do identyfikacji[\/dt_list_item][dt_list_item image=\"\"]Cz\u0119sto stosowany do gazu ch\u0142odniczego r22[\/dt_list_item][\/dt_list]<\/p>\n","protected":false},"featured_media":89326,"template":"","meta":[],"product_cat":[6739,6742,189],"product_tag":[6741],"yoast_head":"<!-- This site is optimized with the Yoast SEO plugin v22.1 - https:\/\/yoast.com\/wordpress\/plugins\/seo\/ -->\n<title>W\u0105\u017c &#039;&amp; 90 cm. \u017c\u00f3\u0142ty<\/title>\n<meta name=\"description\" content=\"W\u0105\u017c &#039;&amp; 90 cm. \u017c\u00f3\u0142ty\" \/>\n<meta name=\"robots\" content=\"index, nofollow, max-snippet:-1, max-image-preview:large, max-video-preview:-1, noarchive\" \/>\n<link rel=\"canonical\" href=\"https:\/\/www.fabrykachlodu.pl\/sklep\/produkt\/waz-k-90-cm-niebieski\/\" \/>\n<meta name=\"twitter:label1\" content=\"Szacowany czas czytania\" \/>\n\t<meta name=\"twitter:data1\" content=\"3 minuty\" \/>\n<script type=\"application\/ld+json\" class=\"yoast-schema-graph\">{\"@context\":\"https:\/\/schema.org\",\"@graph\":[{\"@type\":\"WebPage\",\"@id\":\"https:\/\/www.fabrykachlodu.pl\/sklep\/produkt\/waz-k-90-cm-niebieski\/\",\"url\":\"https:\/\/www.fabrykachlodu.pl\/sklep\/produkt\/waz-k-90-cm-niebieski\/\",\"name\":\"W\u0105\u017c '&amp; 90 cm. \u017c\u00f3\u0142ty\",\"isPartOf\":{\"@id\":\"https:\/\/www.fabrykachlodu.pl\/sklep\/#website\"},\"datePublished\":\"2023-04-19T14:03:16+00:00\",\"dateModified\":\"2024-04-18T21:12:08+00:00\",\"description\":\"W\u0105\u017c '&amp; 90 cm. \u017c\u00f3\u0142ty\",\"breadcrumb\":{\"@id\":\"https:\/\/www.fabrykachlodu.pl\/sklep\/produkt\/waz-k-90-cm-niebieski\/#breadcrumb\"},\"inLanguage\":\"pl-PL\",\"potentialAction\":[{\"@type\":\"ReadAction\",\"target\":[\"https:\/\/www.fabrykachlodu.pl\/sklep\/produkt\/waz-k-90-cm-niebieski\/\"]}]},{\"@type\":\"BreadcrumbList\",\"@id\":\"https:\/\/www.fabrykachlodu.pl\/sklep\/produkt\/waz-k-90-cm-niebieski\/#breadcrumb\",\"itemListElement\":[{\"@type\":\"ListItem\",\"position\":1,\"name\":\"Strona g\u0142\u00f3wna\",\"item\":\"https:\/\/www.fabrykachlodu.pl\/sklep\/\"},{\"@type\":\"ListItem\",\"position\":2,\"name\":\"Szukasz klimatzyacji biurowej sklepowej lub do mieszkania?\",\"item\":\"https:\/\/www.fabrykachlodu.pl\/sklep\/\"},{\"@type\":\"ListItem\",\"position\":3,\"name\":\"NARZ\u0118DZIA CH\u0141ODNICZE\",\"item\":\"https:\/\/www.fabrykachlodu.pl\/sklep\/product-category\/narzedzia-chlodnicze\/\"},{\"@type\":\"ListItem\",\"position\":4,\"name\":\"PRZYRZ\u0104DY POMIAROWE\",\"item\":\"https:\/\/www.fabrykachlodu.pl\/sklep\/product-category\/narzedzia-chlodnicze\/przyrzady-pomiarowe\/\"},{\"@type\":\"ListItem\",\"position\":5,\"name\":\"W\u0105\u017c '&#038; 90 cm. \u017c\u00f3\u0142ty\"}]},{\"@type\":\"WebSite\",\"@id\":\"https:\/\/www.fabrykachlodu.pl\/sklep\/#website\",\"url\":\"https:\/\/www.fabrykachlodu.pl\/sklep\/\",\"name\":\"\u00b0FC Sklep Internetowy monta\u017c klimatyzacji pomp ciep\u0142a\",\"description\":\"\u00b0FC monta\u017c klimatyzacji pomp ciep\u0142a z nami to szybki i tani wyb\u00f3r.  Us\u0142ugi monta\u017cowe i serwisowe W Warszawie i okolicach..\",\"potentialAction\":[{\"@type\":\"SearchAction\",\"target\":{\"@type\":\"EntryPoint\",\"urlTemplate\":\"https:\/\/www.fabrykachlodu.pl\/sklep\/?s={search_term_string}\"},\"query-input\":\"required name=search_term_string\"}],\"inLanguage\":\"pl-PL\"}]}<\/script>\n<!-- \/ Yoast SEO plugin. -->","yoast_head_json":{"title":"W\u0105\u017c '&amp; 90 cm. \u017c\u00f3\u0142ty","description":"W\u0105\u017c '&amp; 90 cm. \u017c\u00f3\u0142ty","robots":{"index":"index","follow":"nofollow","max-snippet":"max-snippet:-1","max-image-preview":"max-image-preview:large","max-video-preview":"max-video-preview:-1","archive":"noarchive"},"canonical":"https:\/\/www.fabrykachlodu.pl\/sklep\/produkt\/waz-k-90-cm-niebieski\/","twitter_misc":{"Szacowany czas czytania":"3 minuty"},"schema":{"@context":"https:\/\/schema.org","@graph":[{"@type":"WebPage","@id":"https:\/\/www.fabrykachlodu.pl\/sklep\/produkt\/waz-k-90-cm-niebieski\/","url":"https:\/\/www.fabrykachlodu.pl\/sklep\/produkt\/waz-k-90-cm-niebieski\/","name":"W\u0105\u017c '&amp; 90 cm. \u017c\u00f3\u0142ty","isPartOf":{"@id":"https:\/\/www.fabrykachlodu.pl\/sklep\/#website"},"datePublished":"2023-04-19T14:03:16+00:00","dateModified":"2024-04-18T21:12:08+00:00","description":"W\u0105\u017c '&amp; 90 cm. \u017c\u00f3\u0142ty","breadcrumb":{"@id":"https:\/\/www.fabrykachlodu.pl\/sklep\/produkt\/waz-k-90-cm-niebieski\/#breadcrumb"},"inLanguage":"pl-PL","potentialAction":[{"@type":"ReadAction","target":["https:\/\/www.fabrykachlodu.pl\/sklep\/produkt\/waz-k-90-cm-niebieski\/"]}]},{"@type":"BreadcrumbList","@id":"https:\/\/www.fabrykachlodu.pl\/sklep\/produkt\/waz-k-90-cm-niebieski\/#breadcrumb","itemListElement":[{"@type":"ListItem","position":1,"name":"Strona g\u0142\u00f3wna","item":"https:\/\/www.fabrykachlodu.pl\/sklep\/"},{"@type":"ListItem","position":2,"name":"Szukasz klimatzyacji biurowej sklepowej lub do mieszkania?","item":"https:\/\/www.fabrykachlodu.pl\/sklep\/"},{"@type":"ListItem","position":3,"name":"NARZ\u0118DZIA CH\u0141ODNICZE","item":"https:\/\/www.fabrykachlodu.pl\/sklep\/product-category\/narzedzia-chlodnicze\/"},{"@type":"ListItem","position":4,"name":"PRZYRZ\u0104DY POMIAROWE","item":"https:\/\/www.fabrykachlodu.pl\/sklep\/product-category\/narzedzia-chlodnicze\/przyrzady-pomiarowe\/"},{"@type":"ListItem","position":5,"name":"W\u0105\u017c '&#038; 90 cm. \u017c\u00f3\u0142ty"}]},{"@type":"WebSite","@id":"https:\/\/www.fabrykachlodu.pl\/sklep\/#website","url":"https:\/\/www.fabrykachlodu.pl\/sklep\/","name":"\u00b0FC Sklep Internetowy monta\u017c klimatyzacji pomp ciep\u0142a","description":"\u00b0FC monta\u017c klimatyzacji pomp ciep\u0142a z nami to szybki i tani wyb\u00f3r.  Us\u0142ugi monta\u017cowe i serwisowe W Warszawie i okolicach..","potentialAction":[{"@type":"SearchAction","target":{"@type":"EntryPoint","urlTemplate":"https:\/\/www.fabrykachlodu.pl\/sklep\/?s={search_term_string}"},"query-input":"required name=search_term_string"}],"inLanguage":"pl-PL"}]}},"_links":{"self":[{"href":"https:\/\/www.fabrykachlodu.pl\/sklep\/wp-json\/wp\/v2\/product\/88505"}],"collection":[{"href":"https:\/\/www.fabrykachlodu.pl\/sklep\/wp-json\/wp\/v2\/product"}],"about":[{"href":"https:\/\/www.fabrykachlodu.pl\/sklep\/wp-json\/wp\/v2\/types\/product"}],"wp:featuredmedia":[{"embeddable":true,"href":"https:\/\/www.fabrykachlodu.pl\/sklep\/wp-json\/wp\/v2\/media\/89326"}],"wp:attachment":[{"href":"https:\/\/www.fabrykachlodu.pl\/sklep\/wp-json\/wp\/v2\/media?parent=88505"}],"wp:term":[{"taxonomy":"product_cat","embeddable":true,"href":"https:\/\/www.fabrykachlodu.pl\/sklep\/wp-json\/wp\/v2\/product_cat?post=88505"},{"taxonomy":"product_tag","embeddable":true,"href":"https:\/\/www.fabrykachlodu.pl\/sklep\/wp-json\/wp\/v2\/product_tag?post=88505"}],"curies":[{"name":"wp","href":"https:\/\/api.w.org\/{rel}","templated":true}]}}