{"id":88523,"date":"2023-04-19T16:03:34","date_gmt":"2023-04-19T14:03:34","guid":{"rendered":"https:\/\/www.fabrykachlodu.pl\/sklep\/?post_type=product&#038;p=88523"},"modified":"2024-04-18T23:12:13","modified_gmt":"2024-04-18T21:12:13","slug":"refraktometr-tlref","status":"publish","type":"product","link":"https:\/\/www.fabrykachlodu.pl\/sklep\/produkt\/refraktometr-tlref\/","title":{"rendered":"Termometr na podczerwie\u0144 CPS TMINI12"},"content":{"rendered":"<br \/>\n<h2>Zam\u00f3wienie dotyczy:  Termometr na podczerwie\u0144 CPS TMINI12<\/h2>\n<p><h3><strong>W jednym miejscu poznasz:<\/strong><\/h3>\n<\/p>\n<p>Termometr na podczerwie\u0144 CPS TMINI12 i wa\u017cne informacje<br \/> Poznasz najwa\u017cniejsze funkcje<br \/> Por\u00f3wnasz produkty<br \/> Poznasz parametry techniczne<br \/> Poznasz cen\u0119 i zrealizujesz zam\u00f3wienie<strong><\/p>\n<h3>Zamawiaj\u0105c produkt u nas:<\/strong><\/h3>\n<p>Otrzymasz produkt<br \/> Nowy produkt<br \/> Prawo do zwrotu<br \/> Zakup na raty<br \/> <strong><\/p>\n<h3>Zamawiaj\u0105c teraz otrzymasz:<\/strong><\/h3>\n<p> Termometr na podczerwie\u0144 CPS TMINI12 z rabatem kupuj\u0105c w naszym sklepie online  <br \/> Gwarancje <br \/> Szybka realizacje dostawyTermometry na podczerwie\u0144 to urz\u0105dzenia pomiarowe, kt\u00f3re wykorzystuj\u0105 promieniowanie podczerwone do pomiaru temperatury powierzchni. Dzia\u0142anie termometru na podczerwie\u0144 polega na pomiarze ilo\u015bci energii emitowanej przez powierzchni\u0119 w postaci promieniowania podczerwonego. Im wy\u017csza temperatura powierzchni, tym wi\u0119ksza ilo\u015b\u0107 energii jest emitowana, a termometr na podczerwie\u0144 mo\u017ce t\u0119 ilo\u015b\u0107 zmierzy\u0107 i przeliczy\u0107 na warto\u015b\u0107 temperatury.<\/p>\n<p>W ch\u0142odnictwie termometry na podczerwie\u0144 s\u0105 cz\u0119sto u\u017cywane do pomiaru temperatury wewn\u0119trznej i zewn\u0119trznej urz\u0105dze\u0144 ch\u0142odniczych, takich jak kompresory, ch\u0142odnice, wymienniki ciep\u0142a czy rury. Umo\u017cliwiaj\u0105 one szybki i bezkontaktowy pomiar temperatury, co jest szczeg\u00f3lnie przydatne w przypadku trudno dost\u0119pnych lub niebezpiecznych miejsc. Termometry na podczerwie\u0144 mog\u0105 by\u0107 r\u00f3wnie\u017c stosowane do sprawdzania szczelno\u015bci i uszczelniania instalacji ch\u0142odniczych oraz do diagnostyki awarii.<\/p>\n<p>Poza ch\u0142odnictwem, termometry na podczerwie\u0144 znajduj\u0105 zastosowanie w r\u00f3\u017cnych dziedzinach, takich jak przemys\u0142, medycyna, budownictwo, kontrola jako\u015bci czy ochrona przeciwpo\u017carowa. Mog\u0105 by\u0107 stosowane do pomiaru temperatury w r\u00f3\u017cnych materia\u0142ach, w tym w cia\u0142ach ludzkich, maszynach, budynkach, \u017cywno\u015bci czy w glebie.<\/p>\n<p>Podsumowuj\u0105c, termometry na podczerwie\u0144 pozwalaj\u0105 na szybki i bezkontaktowy pomiar temperatury powierzchni, co czyni je bardzo przydatnymi w wielu dziedzinach, w tym w ch\u0142odnictwie.<div class=\"su-service\"><div class=\"su-service-title\" style=\"padding-left:52px;min-height:38px;line-height:38px\"><i class=\"sui sui-check-circle\" style=\"font-size:38px;color:#22a0ed\"><\/i> Wskaz\u00f3wka naszego eksperta<\/div><div class=\"su-service-content su-u-clearfix su-u-trim\" style=\"padding-left:52px\"><\/div><\/div>\n<h2><strong>Zapraszamy do por\u00f3wnania zalet i wad<\/strong><\/h2>\n<p><strong>Jakie s\u0105 zalety?<\/strong><br \/><div class=\"su-service\"><div class=\"su-service-title\" style=\"padding-left:52px;min-height:38px;line-height:38px\"><i class=\"sui sui-check-circle\" style=\"font-size:38px;color:#22a0ed\"><\/i> Wskaz\u00f3wka naszego eksperta<\/div><div class=\"su-service-content su-u-clearfix su-u-trim\" style=\"padding-left:52px\">Termometr na podczerwie\u0144 CPS TMINI12 &#8211; termometr na podczerwie\u0144 do szybkiego i bezdotykowego pomiaru temperatury<br \/><\/div><\/div><strong>Jakie s\u0105 wady tego produktu?<\/strong><br \/><div class=\"su-service\"><div class=\"su-service-title\" style=\"padding-left:52px;min-height:38px;line-height:38px\"><i class=\"sui sui-check-circle\" style=\"font-size:38px;color:#22a0ed\"><\/i> Wskaz\u00f3wka naszego eksperta<\/div><div class=\"su-service-content su-u-clearfix su-u-trim\" style=\"padding-left:52px\">Termometr na podczerwie\u0144 CPS TMINI12: kr\u00f3tki zasi\u0119g dzia\u0142ania<br \/><\/div><\/div><div class=\"su-service\"><div class=\"su-service-title\" style=\"padding-left:52px;min-height:38px;line-height:38px\"><i class=\"sui sui-hand-o-right\" style=\"font-size:38px;color:#22a0ed\"><\/i> Podsumowuj\u0105c<\/div><div class=\"su-service-content su-u-clearfix su-u-trim\" style=\"padding-left:52px\">Refraktometr TLREF to niezast\u0105pione narz\u0119dzie dla ka\u017cdego winiarza czy piwowara. Pozwala on w \u0142atwy i szybki spos\u00f3b okre\u015bli\u0107 zawarto\u015b\u0107 cukru w p\u0142ynie.<br \/><\/div><\/div>\n<div class=\"hr-thin\"><\/div>\n<p>&#8221; <\/p>\n<p>PARAMETRY TECHNICZNE<\/p>\n<div class=\"su-tabs su-tabs-style-default su-tabs-mobile-stack\" data-active=\"1\" data-scroll-offset=\"0\" data-anchor-in-url=\"no\"><div class=\"su-tabs-nav\"><span class=\"\" data-url=\"\" data-target=\"blank\" tabindex=\"0\" role=\"button\">Wzkrywacze, mierniki<\/span><span class=\"\" data-url=\"\" data-target=\"blank\" tabindex=\"0\" role=\"button\">Dodatki do wykrywania<\/span><span class=\"\" data-url=\"\" data-target=\"blank\" tabindex=\"0\" role=\"button\">Pompa pr\u00f3\u017cniowa<\/span><span class=\"\" data-url=\"\" data-target=\"blank\" tabindex=\"0\" role=\"button\">Akcesoria Monta\u017cowe<\/span><span class=\"\" data-url=\"\" data-target=\"blank\" tabindex=\"0\" role=\"button\">Klimatyzacja i pompy oferta<\/span><span class=\"\" data-url=\"\" data-target=\"blank\" tabindex=\"0\" role=\"button\">Ch\u0142odnictwo oferta<\/span><\/div><div class=\"su-tabs-panes\"><div class=\"su-tabs-pane su-u-clearfix su-u-trim\" data-title=\"Wzkrywacze, mierniki\"><div class=\"su-document su-u-responsive-media-yes\"><iframe src=\"\/\/docs.google.com\/viewer?embedded=true&url=https:\/\/www.fabrykachlodu.pl\/sklep\/wp-content\/uploads\/2023\/04\/wagi.mierniki.zaciskowe.mierniki.manometry.wykrywacze.mierniki.termometry.pdf\" width=\"600\" height=\"400\" class=\"su-document\" title=\"\"><\/iframe><\/div><\/div>\n<div class=\"su-tabs-pane su-u-clearfix su-u-trim\" data-title=\"Dodatki do wykrywania\"><div class=\"su-document su-u-responsive-media-yes\"><iframe src=\"\/\/docs.google.com\/viewer?embedded=true&url=https:\/\/www.fabrykachlodu.pl\/sklep\/wp-content\/uploads\/2023\/04\/dodatki_do_wykrywania_wyciekow_UV_lampy_UV_zestawy_akcesoria_sanityzacja_czyszczenie_mgla.pdf\" width=\"600\" height=\"400\" class=\"su-document\" title=\"\"><\/iframe><\/div><\/div>\n<div class=\"su-tabs-pane su-u-clearfix su-u-trim\" data-title=\"Pompa pr\u00f3\u017cniowa\"><div class=\"su-document su-u-responsive-media-yes\"><iframe src=\"\/\/docs.google.com\/viewer?embedded=true&url=https:\/\/www.fabrykachlodu.pl\/sklep\/wp-content\/uploads\/2023\/04\/pompy.prozniowe.oleje_.do_.pomp_.pdf\" width=\"600\" height=\"400\" class=\"su-document\" title=\"\"><\/iframe><\/div><\/div>\n<div class=\"su-tabs-pane su-u-clearfix su-u-trim\" data-title=\"Akcesoria Monta\u017cowe\"><div class=\"su-document su-u-responsive-media-yes\"><iframe src=\"\/\/docs.google.com\/viewer?embedded=true&url=https:\/\/www.fabrykachlodu.pl\/sklep\/wp-content\/uploads\/2023\/04\/narzedzia.do_.rur_.frezy_.do_.gratowania.do_.giecia.do_.zaciskania.do_.rozcinania.otworow.pdf\" width=\"600\" height=\"400\" class=\"su-document\" title=\"\"><\/iframe><\/div><\/div>\n<div class=\"su-tabs-pane su-u-clearfix su-u-trim\" data-title=\"Klimatyzacja i pompy oferta\"><div class=\"su-document su-u-responsive-media-yes\"><iframe src=\"\/\/docs.google.com\/viewer?embedded=true&url=https:\/\/www.fabrykachlodu.pl\/oferta\/FC.Nowosci.pdf\" width=\"600\" height=\"400\" class=\"su-document\" title=\"\"><\/iframe><\/div><\/div>\n<div class=\"su-tabs-pane su-u-clearfix su-u-trim\" data-title=\"Ch\u0142odnictwo oferta\"><div class=\"su-document su-u-responsive-media-yes\"><iframe src=\"\/\/docs.google.com\/viewer?embedded=true&url=https:\/\/www.fabrykachlodu.pl\/oferta\/FC.Serwis_Chlodniczy.pdf\" width=\"600\" height=\"400\" class=\"su-document\" title=\"\"><\/iframe><\/div><\/div><\/div><\/div>\n<p>Dokumenty si\u0119 nie wy\u015bwietlaj\u0105? <input type=\"button\" value=\"Od\u015bwie\u017c stron\u0119\" onclick=\"location.reload();\"><\/p>\n","protected":false},"excerpt":{"rendered":"<p><span style=\"color: #000000;\"><strong>Najwa\u017cniejsze zalety<\/strong><\/span>[dt_list style=\"1\" bullet_position=\"middle\" dividers=\"true\"][dt_list style=\"1\" bullet_position=\"middle\" dividers=\"true\"][dt_list_item image=\"\"]Szybki i precyzyjny odczyt temperatury[\/dt_list_item][dt_list_item image=\"\"]Wyposa\u017cony w diod\u0119 led[\/dt_list_item][dt_list_item image=\"\"]\u0141atwy w u\u017cyciu[\/dt_list_item][dt_list_item image=\"\"]Wygodny w trzymaniu[\/dt_list_item][\/dt_list]<\/p>\n","protected":false},"featured_media":89302,"template":"","meta":[],"product_cat":[6739,6742,189],"product_tag":[6741],"yoast_head":"<!-- This site is optimized with the Yoast SEO plugin v22.1 - https:\/\/yoast.com\/wordpress\/plugins\/seo\/ -->\n<title>Termometr na podczerwie\u0144 CPS TMINI12<\/title>\n<meta name=\"description\" content=\"Termometr na podczerwie\u0144 CPS TMINI12\" \/>\n<meta name=\"robots\" content=\"index, follow, max-snippet:-1, max-image-preview:large, max-video-preview:-1\" \/>\n<link rel=\"canonical\" href=\"https:\/\/www.fabrykachlodu.pl\/sklep\/produkt\/refraktometr-tlref\/\" \/>\n<meta name=\"twitter:label1\" content=\"Szacowany czas czytania\" \/>\n\t<meta name=\"twitter:data1\" content=\"3 minuty\" \/>\n<script type=\"application\/ld+json\" class=\"yoast-schema-graph\">{\"@context\":\"https:\/\/schema.org\",\"@graph\":[{\"@type\":\"WebPage\",\"@id\":\"https:\/\/www.fabrykachlodu.pl\/sklep\/produkt\/refraktometr-tlref\/\",\"url\":\"https:\/\/www.fabrykachlodu.pl\/sklep\/produkt\/refraktometr-tlref\/\",\"name\":\"Termometr na podczerwie\u0144 CPS TMINI12\",\"isPartOf\":{\"@id\":\"https:\/\/www.fabrykachlodu.pl\/sklep\/#website\"},\"datePublished\":\"2023-04-19T14:03:34+00:00\",\"dateModified\":\"2024-04-18T21:12:13+00:00\",\"description\":\"Termometr na podczerwie\u0144 CPS TMINI12\",\"breadcrumb\":{\"@id\":\"https:\/\/www.fabrykachlodu.pl\/sklep\/produkt\/refraktometr-tlref\/#breadcrumb\"},\"inLanguage\":\"pl-PL\",\"potentialAction\":[{\"@type\":\"ReadAction\",\"target\":[\"https:\/\/www.fabrykachlodu.pl\/sklep\/produkt\/refraktometr-tlref\/\"]}]},{\"@type\":\"BreadcrumbList\",\"@id\":\"https:\/\/www.fabrykachlodu.pl\/sklep\/produkt\/refraktometr-tlref\/#breadcrumb\",\"itemListElement\":[{\"@type\":\"ListItem\",\"position\":1,\"name\":\"Strona g\u0142\u00f3wna\",\"item\":\"https:\/\/www.fabrykachlodu.pl\/sklep\/\"},{\"@type\":\"ListItem\",\"position\":2,\"name\":\"Szukasz klimatzyacji biurowej sklepowej lub do mieszkania?\",\"item\":\"https:\/\/www.fabrykachlodu.pl\/sklep\/\"},{\"@type\":\"ListItem\",\"position\":3,\"name\":\"NARZ\u0118DZIA CH\u0141ODNICZE\",\"item\":\"https:\/\/www.fabrykachlodu.pl\/sklep\/product-category\/narzedzia-chlodnicze\/\"},{\"@type\":\"ListItem\",\"position\":4,\"name\":\"PRZYRZ\u0104DY POMIAROWE\",\"item\":\"https:\/\/www.fabrykachlodu.pl\/sklep\/product-category\/narzedzia-chlodnicze\/przyrzady-pomiarowe\/\"},{\"@type\":\"ListItem\",\"position\":5,\"name\":\"Termometr na podczerwie\u0144 CPS TMINI12\"}]},{\"@type\":\"WebSite\",\"@id\":\"https:\/\/www.fabrykachlodu.pl\/sklep\/#website\",\"url\":\"https:\/\/www.fabrykachlodu.pl\/sklep\/\",\"name\":\"\u00b0FC Sklep Internetowy monta\u017c klimatyzacji pomp ciep\u0142a\",\"description\":\"\u00b0FC monta\u017c klimatyzacji pomp ciep\u0142a z nami to szybki i tani wyb\u00f3r.  Us\u0142ugi monta\u017cowe i serwisowe W Warszawie i okolicach..\",\"potentialAction\":[{\"@type\":\"SearchAction\",\"target\":{\"@type\":\"EntryPoint\",\"urlTemplate\":\"https:\/\/www.fabrykachlodu.pl\/sklep\/?s={search_term_string}\"},\"query-input\":\"required name=search_term_string\"}],\"inLanguage\":\"pl-PL\"}]}<\/script>\n<!-- \/ Yoast SEO plugin. -->","yoast_head_json":{"title":"Termometr na podczerwie\u0144 CPS TMINI12","description":"Termometr na podczerwie\u0144 CPS TMINI12","robots":{"index":"index","follow":"follow","max-snippet":"max-snippet:-1","max-image-preview":"max-image-preview:large","max-video-preview":"max-video-preview:-1"},"canonical":"https:\/\/www.fabrykachlodu.pl\/sklep\/produkt\/refraktometr-tlref\/","twitter_misc":{"Szacowany czas czytania":"3 minuty"},"schema":{"@context":"https:\/\/schema.org","@graph":[{"@type":"WebPage","@id":"https:\/\/www.fabrykachlodu.pl\/sklep\/produkt\/refraktometr-tlref\/","url":"https:\/\/www.fabrykachlodu.pl\/sklep\/produkt\/refraktometr-tlref\/","name":"Termometr na podczerwie\u0144 CPS TMINI12","isPartOf":{"@id":"https:\/\/www.fabrykachlodu.pl\/sklep\/#website"},"datePublished":"2023-04-19T14:03:34+00:00","dateModified":"2024-04-18T21:12:13+00:00","description":"Termometr na podczerwie\u0144 CPS TMINI12","breadcrumb":{"@id":"https:\/\/www.fabrykachlodu.pl\/sklep\/produkt\/refraktometr-tlref\/#breadcrumb"},"inLanguage":"pl-PL","potentialAction":[{"@type":"ReadAction","target":["https:\/\/www.fabrykachlodu.pl\/sklep\/produkt\/refraktometr-tlref\/"]}]},{"@type":"BreadcrumbList","@id":"https:\/\/www.fabrykachlodu.pl\/sklep\/produkt\/refraktometr-tlref\/#breadcrumb","itemListElement":[{"@type":"ListItem","position":1,"name":"Strona g\u0142\u00f3wna","item":"https:\/\/www.fabrykachlodu.pl\/sklep\/"},{"@type":"ListItem","position":2,"name":"Szukasz klimatzyacji biurowej sklepowej lub do mieszkania?","item":"https:\/\/www.fabrykachlodu.pl\/sklep\/"},{"@type":"ListItem","position":3,"name":"NARZ\u0118DZIA CH\u0141ODNICZE","item":"https:\/\/www.fabrykachlodu.pl\/sklep\/product-category\/narzedzia-chlodnicze\/"},{"@type":"ListItem","position":4,"name":"PRZYRZ\u0104DY POMIAROWE","item":"https:\/\/www.fabrykachlodu.pl\/sklep\/product-category\/narzedzia-chlodnicze\/przyrzady-pomiarowe\/"},{"@type":"ListItem","position":5,"name":"Termometr na podczerwie\u0144 CPS TMINI12"}]},{"@type":"WebSite","@id":"https:\/\/www.fabrykachlodu.pl\/sklep\/#website","url":"https:\/\/www.fabrykachlodu.pl\/sklep\/","name":"\u00b0FC Sklep Internetowy monta\u017c klimatyzacji pomp ciep\u0142a","description":"\u00b0FC monta\u017c klimatyzacji pomp ciep\u0142a z nami to szybki i tani wyb\u00f3r.  Us\u0142ugi monta\u017cowe i serwisowe W Warszawie i okolicach..","potentialAction":[{"@type":"SearchAction","target":{"@type":"EntryPoint","urlTemplate":"https:\/\/www.fabrykachlodu.pl\/sklep\/?s={search_term_string}"},"query-input":"required name=search_term_string"}],"inLanguage":"pl-PL"}]}},"_links":{"self":[{"href":"https:\/\/www.fabrykachlodu.pl\/sklep\/wp-json\/wp\/v2\/product\/88523"}],"collection":[{"href":"https:\/\/www.fabrykachlodu.pl\/sklep\/wp-json\/wp\/v2\/product"}],"about":[{"href":"https:\/\/www.fabrykachlodu.pl\/sklep\/wp-json\/wp\/v2\/types\/product"}],"wp:featuredmedia":[{"embeddable":true,"href":"https:\/\/www.fabrykachlodu.pl\/sklep\/wp-json\/wp\/v2\/media\/89302"}],"wp:attachment":[{"href":"https:\/\/www.fabrykachlodu.pl\/sklep\/wp-json\/wp\/v2\/media?parent=88523"}],"wp:term":[{"taxonomy":"product_cat","embeddable":true,"href":"https:\/\/www.fabrykachlodu.pl\/sklep\/wp-json\/wp\/v2\/product_cat?post=88523"},{"taxonomy":"product_tag","embeddable":true,"href":"https:\/\/www.fabrykachlodu.pl\/sklep\/wp-json\/wp\/v2\/product_tag?post=88523"}],"curies":[{"name":"wp","href":"https:\/\/api.w.org\/{rel}","templated":true}]}}