{"id":88525,"date":"2023-04-19T16:03:34","date_gmt":"2023-04-19T14:03:34","guid":{"rendered":"https:\/\/www.fabrykachlodu.pl\/sklep\/?post_type=product&#038;p=88525"},"modified":"2024-04-18T23:12:14","modified_gmt":"2024-04-18T21:12:14","slug":"termometr-elektroniczny-tm50aus-z-sonda-1-m-zakres-50-26-c","status":"publish","type":"product","link":"https:\/\/www.fabrykachlodu.pl\/sklep\/produkt\/termometr-elektroniczny-tm50aus-z-sonda-1-m-zakres-50-26-c\/","title":{"rendered":"Termometr elektroniczny TMDP do wbijania, zakres: -50^+150\u00b0 C"},"content":{"rendered":"<br \/>\n<h2>Zam\u00f3wienie dotyczy:  Termometr elektroniczny TMDP do wbijania, zakres: -50^+150\u00b0 C<\/h2>\n<p><h3><strong>W jednym miejscu poznasz:<\/strong><\/h3>\n<\/p>\n<p>Termometr elektroniczny TMDP do wbijania, zakres: -50^+150\u00b0 C i wa\u017cne informacje<br \/> Poznasz najwa\u017cniejsze funkcje<br \/> Por\u00f3wnasz produkty<br \/> Poznasz parametry techniczne<br \/> Poznasz cen\u0119 i zrealizujesz zam\u00f3wienie<strong><\/p>\n<h3>Zamawiaj\u0105c produkt u nas:<\/strong><\/h3>\n<p>Otrzymasz produkt<br \/> Nowy produkt<br \/> Prawo do zwrotu<br \/> Zakup na raty<br \/> <strong><\/p>\n<h3>Zamawiaj\u0105c teraz otrzymasz:<\/strong><\/h3>\n<p> Termometr elektroniczny TMDP do wbijania, zakres: -50^+150\u00b0 C z rabatem kupuj\u0105c w naszym sklepie online  <br \/> Gwarancje <br \/> Szybka realizacje dostawyTermometry elektroniczne s\u0105 jednym z najcz\u0119\u015bciej stosowanych narz\u0119dzi pomiarowych w ch\u0142odnictwie, ze wzgl\u0119du na ich dok\u0142adno\u015b\u0107 i \u0142atwo\u015b\u0107 u\u017cycia. Przeznaczone s\u0105 do pomiaru temperatury wewn\u0105trz i na zewn\u0105trz urz\u0105dze\u0144 ch\u0142odniczych, takich jak kompresory, ch\u0142odnice, wymienniki ciep\u0142a czy rury.<\/p>\n<p>Zastosowanie termometr\u00f3w elektronicznych w ch\u0142odnictwie umo\u017cliwia dok\u0142adne monitorowanie i kontrolowanie temperatury w ca\u0142ym systemie ch\u0142odniczym. Dzi\u0119ki temu mo\u017cna zapobiec awariom, zwi\u0119kszy\u0107 wydajno\u015b\u0107 oraz zmniejszy\u0107 zu\u017cycie energii. Termometry elektroniczne umo\u017cliwiaj\u0105 tak\u017ce szybkie wykrywanie awarii i nieszczelno\u015bci w systemie ch\u0142odniczym.<\/p>\n<p>W ch\u0142odnictwie stosowane s\u0105 r\u00f3\u017cne rodzaje termometr\u00f3w elektronicznych, np. termometry na sond\u0119, termometry na powierzchni\u0119, termometry na kontakt czy termometry z mo\u017cliwo\u015bci\u0105 zapisu danych. Cz\u0119sto stosuje si\u0119 r\u00f3wnie\u017c termometry z wy\u015bwietlaczem cyfrowym, kt\u00f3re umo\u017cliwiaj\u0105 \u0142atwe odczytanie temperatury.<br \/>\nTermometry elektroniczne s\u0105 niezb\u0119dnym narz\u0119dziem w ch\u0142odnictwie, umo\u017cliwiaj\u0105cym kontrolowanie i monitorowanie temperatury w ca\u0142ym systemie ch\u0142odniczym oraz szybkie wykrywanie awarii i nieszczelno\u015bci.<div class=\"su-service\"><div class=\"su-service-title\" style=\"padding-left:52px;min-height:38px;line-height:38px\"><i class=\"sui sui-check-circle\" style=\"font-size:38px;color:#22a0ed\"><\/i> Wskaz\u00f3wka naszego eksperta<\/div><div class=\"su-service-content su-u-clearfix su-u-trim\" style=\"padding-left:52px\"><\/div><\/div>\n<h2><strong>Zapraszamy do por\u00f3wnania zalet i wad<\/strong><\/h2>\n<p><strong>Jakie s\u0105 zalety?<\/strong><br \/><div class=\"su-service\"><div class=\"su-service-title\" style=\"padding-left:52px;min-height:38px;line-height:38px\"><i class=\"sui sui-check-circle\" style=\"font-size:38px;color:#22a0ed\"><\/i> Wskaz\u00f3wka naszego eksperta<\/div><div class=\"su-service-content su-u-clearfix su-u-trim\" style=\"padding-left:52px\">Termometr elektroniczny TMDP do wbijania zakres: -50^+150\u00b0 C &#8211; termometr elektroniczny z mo\u017cliwo\u015bci\u0105 wbijania sondy i szerokim zakresem pomiarowym<br \/><\/div><\/div><strong>Jakie s\u0105 wady tego produktu?<\/strong><br \/><div class=\"su-service\"><div class=\"su-service-title\" style=\"padding-left:52px;min-height:38px;line-height:38px\"><i class=\"sui sui-check-circle\" style=\"font-size:38px;color:#22a0ed\"><\/i> Wskaz\u00f3wka naszego eksperta<\/div><div class=\"su-service-content su-u-clearfix su-u-trim\" style=\"padding-left:52px\">Termometr elektroniczny TMDP: wymaga dok\u0142adnego ustawienia<br \/><\/div><\/div><div class=\"su-service\"><div class=\"su-service-title\" style=\"padding-left:52px;min-height:38px;line-height:38px\"><i class=\"sui sui-hand-o-right\" style=\"font-size:38px;color:#22a0ed\"><\/i> Podsumowuj\u0105c<\/div><div class=\"su-service-content su-u-clearfix su-u-trim\" style=\"padding-left:52px\">Termometry na podczerwie\u0144 CPS TMINI12 oraz TM50AUS z sond\u0105 1 m, to narz\u0119dzia, kt\u00f3re przydadz\u0105 si\u0119 w r\u00f3\u017cnych sytuacjach. Pozwalaj\u0105 na dok\u0142adne i szybkie zmierzenie temperatury w trudno dost\u0119pnych miejscach i w skrajnych warunkach.<\/div><\/div>\n<div class=\"hr-thin\"><\/div>\n<p>&#8221; <\/p>\n<p>PARAMETRY TECHNICZNE<\/p>\n<div class=\"su-tabs su-tabs-style-default su-tabs-mobile-stack\" data-active=\"1\" data-scroll-offset=\"0\" data-anchor-in-url=\"no\"><div class=\"su-tabs-nav\"><span class=\"\" data-url=\"\" data-target=\"blank\" tabindex=\"0\" role=\"button\">Wzkrywacze, mierniki<\/span><span class=\"\" data-url=\"\" data-target=\"blank\" tabindex=\"0\" role=\"button\">Dodatki do wykrywania<\/span><span class=\"\" data-url=\"\" data-target=\"blank\" tabindex=\"0\" role=\"button\">Pompa pr\u00f3\u017cniowa<\/span><span class=\"\" data-url=\"\" data-target=\"blank\" tabindex=\"0\" role=\"button\">Akcesoria Monta\u017cowe<\/span><span class=\"\" data-url=\"\" data-target=\"blank\" tabindex=\"0\" role=\"button\">Klimatyzacja i pompy oferta<\/span><span class=\"\" data-url=\"\" data-target=\"blank\" tabindex=\"0\" role=\"button\">Ch\u0142odnictwo oferta<\/span><\/div><div class=\"su-tabs-panes\"><div class=\"su-tabs-pane su-u-clearfix su-u-trim\" data-title=\"Wzkrywacze, mierniki\"><div class=\"su-document su-u-responsive-media-yes\"><iframe src=\"\/\/docs.google.com\/viewer?embedded=true&url=https:\/\/www.fabrykachlodu.pl\/sklep\/wp-content\/uploads\/2023\/04\/wagi.mierniki.zaciskowe.mierniki.manometry.wykrywacze.mierniki.termometry.pdf\" width=\"600\" height=\"400\" class=\"su-document\" title=\"\"><\/iframe><\/div><\/div>\n<div class=\"su-tabs-pane su-u-clearfix su-u-trim\" data-title=\"Dodatki do wykrywania\"><div class=\"su-document su-u-responsive-media-yes\"><iframe src=\"\/\/docs.google.com\/viewer?embedded=true&url=https:\/\/www.fabrykachlodu.pl\/sklep\/wp-content\/uploads\/2023\/04\/dodatki_do_wykrywania_wyciekow_UV_lampy_UV_zestawy_akcesoria_sanityzacja_czyszczenie_mgla.pdf\" width=\"600\" height=\"400\" class=\"su-document\" title=\"\"><\/iframe><\/div><\/div>\n<div class=\"su-tabs-pane su-u-clearfix su-u-trim\" data-title=\"Pompa pr\u00f3\u017cniowa\"><div class=\"su-document su-u-responsive-media-yes\"><iframe src=\"\/\/docs.google.com\/viewer?embedded=true&url=https:\/\/www.fabrykachlodu.pl\/sklep\/wp-content\/uploads\/2023\/04\/pompy.prozniowe.oleje_.do_.pomp_.pdf\" width=\"600\" height=\"400\" class=\"su-document\" title=\"\"><\/iframe><\/div><\/div>\n<div class=\"su-tabs-pane su-u-clearfix su-u-trim\" data-title=\"Akcesoria Monta\u017cowe\"><div class=\"su-document su-u-responsive-media-yes\"><iframe src=\"\/\/docs.google.com\/viewer?embedded=true&url=https:\/\/www.fabrykachlodu.pl\/sklep\/wp-content\/uploads\/2023\/04\/narzedzia.do_.rur_.frezy_.do_.gratowania.do_.giecia.do_.zaciskania.do_.rozcinania.otworow.pdf\" width=\"600\" height=\"400\" class=\"su-document\" title=\"\"><\/iframe><\/div><\/div>\n<div class=\"su-tabs-pane su-u-clearfix su-u-trim\" data-title=\"Klimatyzacja i pompy oferta\"><div class=\"su-document su-u-responsive-media-yes\"><iframe src=\"\/\/docs.google.com\/viewer?embedded=true&url=https:\/\/www.fabrykachlodu.pl\/oferta\/FC.Nowosci.pdf\" width=\"600\" height=\"400\" class=\"su-document\" title=\"\"><\/iframe><\/div><\/div>\n<div class=\"su-tabs-pane su-u-clearfix su-u-trim\" data-title=\"Ch\u0142odnictwo oferta\"><div class=\"su-document su-u-responsive-media-yes\"><iframe src=\"\/\/docs.google.com\/viewer?embedded=true&url=https:\/\/www.fabrykachlodu.pl\/oferta\/FC.Serwis_Chlodniczy.pdf\" width=\"600\" height=\"400\" class=\"su-document\" title=\"\"><\/iframe><\/div><\/div><\/div><\/div>\n<p>Dokumenty si\u0119 nie wy\u015bwietlaj\u0105? <input type=\"button\" value=\"Od\u015bwie\u017c stron\u0119\" onclick=\"location.reload();\"><\/p>\n","protected":false},"excerpt":{"rendered":"<p><span style=\"color: #000000;\"><strong>Najwa\u017cniejsze zalety<\/strong><\/span>[dt_list style=\"1\" bullet_position=\"middle\" dividers=\"true\"][dt_list style=\"1\" bullet_position=\"middle\" dividers=\"true\"][dt_list_item image=\"\"]-50^+150\u00b0 c[\/dt_list_item][dt_list_item image=\"\"]Precyzyjny[\/dt_list_item][dt_list_item image=\"\"]\u0141atwy w u\u017cyciu[\/dt_list_item][dt_list_item image=\"\"] Wyposa\u017cony w funkcj\u0119 zamra\u017cania wyniku[\/dt_list_item][\/dt_list]<\/p>\n","protected":false},"featured_media":89301,"template":"","meta":[],"product_cat":[6739,6742,189],"product_tag":[6741],"yoast_head":"<!-- This site is optimized with the Yoast SEO plugin v22.1 - https:\/\/yoast.com\/wordpress\/plugins\/seo\/ -->\n<title>Termometr elektroniczny TMDP do wbijania, zakres: -50^+150\u00b0 C<\/title>\n<meta name=\"description\" content=\"Termometr elektroniczny TMDP do wbijania, zakres: -50^+150\u00b0 C\" \/>\n<meta name=\"robots\" content=\"index, follow, max-snippet:-1, max-image-preview:large, max-video-preview:-1\" \/>\n<link rel=\"canonical\" href=\"https:\/\/www.fabrykachlodu.pl\/sklep\/produkt\/termometr-elektroniczny-tm50aus-z-sonda-1-m-zakres-50-26-c\/\" \/>\n<meta name=\"twitter:label1\" content=\"Szacowany czas czytania\" \/>\n\t<meta name=\"twitter:data1\" content=\"3 minuty\" \/>\n<script type=\"application\/ld+json\" class=\"yoast-schema-graph\">{\"@context\":\"https:\/\/schema.org\",\"@graph\":[{\"@type\":\"WebPage\",\"@id\":\"https:\/\/www.fabrykachlodu.pl\/sklep\/produkt\/termometr-elektroniczny-tm50aus-z-sonda-1-m-zakres-50-26-c\/\",\"url\":\"https:\/\/www.fabrykachlodu.pl\/sklep\/produkt\/termometr-elektroniczny-tm50aus-z-sonda-1-m-zakres-50-26-c\/\",\"name\":\"Termometr elektroniczny TMDP do wbijania, zakres: -50^+150\u00b0 C\",\"isPartOf\":{\"@id\":\"https:\/\/www.fabrykachlodu.pl\/sklep\/#website\"},\"datePublished\":\"2023-04-19T14:03:34+00:00\",\"dateModified\":\"2024-04-18T21:12:14+00:00\",\"description\":\"Termometr elektroniczny TMDP do wbijania, zakres: -50^+150\u00b0 C\",\"breadcrumb\":{\"@id\":\"https:\/\/www.fabrykachlodu.pl\/sklep\/produkt\/termometr-elektroniczny-tm50aus-z-sonda-1-m-zakres-50-26-c\/#breadcrumb\"},\"inLanguage\":\"pl-PL\",\"potentialAction\":[{\"@type\":\"ReadAction\",\"target\":[\"https:\/\/www.fabrykachlodu.pl\/sklep\/produkt\/termometr-elektroniczny-tm50aus-z-sonda-1-m-zakres-50-26-c\/\"]}]},{\"@type\":\"BreadcrumbList\",\"@id\":\"https:\/\/www.fabrykachlodu.pl\/sklep\/produkt\/termometr-elektroniczny-tm50aus-z-sonda-1-m-zakres-50-26-c\/#breadcrumb\",\"itemListElement\":[{\"@type\":\"ListItem\",\"position\":1,\"name\":\"Strona g\u0142\u00f3wna\",\"item\":\"https:\/\/www.fabrykachlodu.pl\/sklep\/\"},{\"@type\":\"ListItem\",\"position\":2,\"name\":\"Szukasz klimatzyacji biurowej sklepowej lub do mieszkania?\",\"item\":\"https:\/\/www.fabrykachlodu.pl\/sklep\/\"},{\"@type\":\"ListItem\",\"position\":3,\"name\":\"NARZ\u0118DZIA CH\u0141ODNICZE\",\"item\":\"https:\/\/www.fabrykachlodu.pl\/sklep\/product-category\/narzedzia-chlodnicze\/\"},{\"@type\":\"ListItem\",\"position\":4,\"name\":\"PRZYRZ\u0104DY POMIAROWE\",\"item\":\"https:\/\/www.fabrykachlodu.pl\/sklep\/product-category\/narzedzia-chlodnicze\/przyrzady-pomiarowe\/\"},{\"@type\":\"ListItem\",\"position\":5,\"name\":\"Termometr elektroniczny TMDP do wbijania, zakres: -50^+150\u00b0 C\"}]},{\"@type\":\"WebSite\",\"@id\":\"https:\/\/www.fabrykachlodu.pl\/sklep\/#website\",\"url\":\"https:\/\/www.fabrykachlodu.pl\/sklep\/\",\"name\":\"\u00b0FC Sklep Internetowy monta\u017c klimatyzacji pomp ciep\u0142a\",\"description\":\"\u00b0FC monta\u017c klimatyzacji pomp ciep\u0142a z nami to szybki i tani wyb\u00f3r.  Us\u0142ugi monta\u017cowe i serwisowe W Warszawie i okolicach..\",\"potentialAction\":[{\"@type\":\"SearchAction\",\"target\":{\"@type\":\"EntryPoint\",\"urlTemplate\":\"https:\/\/www.fabrykachlodu.pl\/sklep\/?s={search_term_string}\"},\"query-input\":\"required name=search_term_string\"}],\"inLanguage\":\"pl-PL\"}]}<\/script>\n<!-- \/ Yoast SEO plugin. -->","yoast_head_json":{"title":"Termometr elektroniczny TMDP do wbijania, zakres: -50^+150\u00b0 C","description":"Termometr elektroniczny TMDP do wbijania, zakres: -50^+150\u00b0 C","robots":{"index":"index","follow":"follow","max-snippet":"max-snippet:-1","max-image-preview":"max-image-preview:large","max-video-preview":"max-video-preview:-1"},"canonical":"https:\/\/www.fabrykachlodu.pl\/sklep\/produkt\/termometr-elektroniczny-tm50aus-z-sonda-1-m-zakres-50-26-c\/","twitter_misc":{"Szacowany czas czytania":"3 minuty"},"schema":{"@context":"https:\/\/schema.org","@graph":[{"@type":"WebPage","@id":"https:\/\/www.fabrykachlodu.pl\/sklep\/produkt\/termometr-elektroniczny-tm50aus-z-sonda-1-m-zakres-50-26-c\/","url":"https:\/\/www.fabrykachlodu.pl\/sklep\/produkt\/termometr-elektroniczny-tm50aus-z-sonda-1-m-zakres-50-26-c\/","name":"Termometr elektroniczny TMDP do wbijania, zakres: -50^+150\u00b0 C","isPartOf":{"@id":"https:\/\/www.fabrykachlodu.pl\/sklep\/#website"},"datePublished":"2023-04-19T14:03:34+00:00","dateModified":"2024-04-18T21:12:14+00:00","description":"Termometr elektroniczny TMDP do wbijania, zakres: -50^+150\u00b0 C","breadcrumb":{"@id":"https:\/\/www.fabrykachlodu.pl\/sklep\/produkt\/termometr-elektroniczny-tm50aus-z-sonda-1-m-zakres-50-26-c\/#breadcrumb"},"inLanguage":"pl-PL","potentialAction":[{"@type":"ReadAction","target":["https:\/\/www.fabrykachlodu.pl\/sklep\/produkt\/termometr-elektroniczny-tm50aus-z-sonda-1-m-zakres-50-26-c\/"]}]},{"@type":"BreadcrumbList","@id":"https:\/\/www.fabrykachlodu.pl\/sklep\/produkt\/termometr-elektroniczny-tm50aus-z-sonda-1-m-zakres-50-26-c\/#breadcrumb","itemListElement":[{"@type":"ListItem","position":1,"name":"Strona g\u0142\u00f3wna","item":"https:\/\/www.fabrykachlodu.pl\/sklep\/"},{"@type":"ListItem","position":2,"name":"Szukasz klimatzyacji biurowej sklepowej lub do mieszkania?","item":"https:\/\/www.fabrykachlodu.pl\/sklep\/"},{"@type":"ListItem","position":3,"name":"NARZ\u0118DZIA CH\u0141ODNICZE","item":"https:\/\/www.fabrykachlodu.pl\/sklep\/product-category\/narzedzia-chlodnicze\/"},{"@type":"ListItem","position":4,"name":"PRZYRZ\u0104DY POMIAROWE","item":"https:\/\/www.fabrykachlodu.pl\/sklep\/product-category\/narzedzia-chlodnicze\/przyrzady-pomiarowe\/"},{"@type":"ListItem","position":5,"name":"Termometr elektroniczny TMDP do wbijania, zakres: -50^+150\u00b0 C"}]},{"@type":"WebSite","@id":"https:\/\/www.fabrykachlodu.pl\/sklep\/#website","url":"https:\/\/www.fabrykachlodu.pl\/sklep\/","name":"\u00b0FC Sklep Internetowy monta\u017c klimatyzacji pomp ciep\u0142a","description":"\u00b0FC monta\u017c klimatyzacji pomp ciep\u0142a z nami to szybki i tani wyb\u00f3r.  Us\u0142ugi monta\u017cowe i serwisowe W Warszawie i okolicach..","potentialAction":[{"@type":"SearchAction","target":{"@type":"EntryPoint","urlTemplate":"https:\/\/www.fabrykachlodu.pl\/sklep\/?s={search_term_string}"},"query-input":"required name=search_term_string"}],"inLanguage":"pl-PL"}]}},"_links":{"self":[{"href":"https:\/\/www.fabrykachlodu.pl\/sklep\/wp-json\/wp\/v2\/product\/88525"}],"collection":[{"href":"https:\/\/www.fabrykachlodu.pl\/sklep\/wp-json\/wp\/v2\/product"}],"about":[{"href":"https:\/\/www.fabrykachlodu.pl\/sklep\/wp-json\/wp\/v2\/types\/product"}],"wp:featuredmedia":[{"embeddable":true,"href":"https:\/\/www.fabrykachlodu.pl\/sklep\/wp-json\/wp\/v2\/media\/89301"}],"wp:attachment":[{"href":"https:\/\/www.fabrykachlodu.pl\/sklep\/wp-json\/wp\/v2\/media?parent=88525"}],"wp:term":[{"taxonomy":"product_cat","embeddable":true,"href":"https:\/\/www.fabrykachlodu.pl\/sklep\/wp-json\/wp\/v2\/product_cat?post=88525"},{"taxonomy":"product_tag","embeddable":true,"href":"https:\/\/www.fabrykachlodu.pl\/sklep\/wp-json\/wp\/v2\/product_tag?post=88525"}],"curies":[{"name":"wp","href":"https:\/\/api.w.org\/{rel}","templated":true}]}}