{"id":88528,"date":"2023-04-19T16:03:35","date_gmt":"2023-04-19T14:03:35","guid":{"rendered":"https:\/\/www.fabrykachlodu.pl\/sklep\/?post_type=product&#038;p=88528"},"modified":"2023-04-26T20:34:25","modified_gmt":"2023-04-26T18:34:25","slug":"latarka-uv-do-wykrywania-wyciekow-barwnika-z-okularami","status":"publish","type":"product","link":"https:\/\/www.fabrykachlodu.pl\/sklep\/produkt\/latarka-uv-do-wykrywania-wyciekow-barwnika-z-okularami\/","title":{"rendered":"Barwnik do lampy UV 237 ml"},"content":{"rendered":"<br \/>\n<h2>Zam\u00f3wienie dotyczy:  Barwnik do lampy UV 237 ml<\/h2>\n<p><h3><strong>W jednym miejscu poznasz:<\/strong><\/h3>\n<\/p>\n<p>Barwnik do lampy UV 237 ml i wa\u017cne informacje<br \/> Poznasz najwa\u017cniejsze funkcje<br \/> Por\u00f3wnasz produkty<br \/> Poznasz parametry techniczne<br \/> Poznasz cen\u0119 i zrealizujesz zam\u00f3wienie<strong><\/p>\n<h3>Zamawiaj\u0105c produkt u nas:<\/strong><\/h3>\n<p>Otrzymasz produkt<br \/> Nowy produkt<br \/> Prawo do zwrotu<br \/> Zakup na raty<br \/> <strong><\/p>\n<h3>Zamawiaj\u0105c teraz otrzymasz:<\/strong><\/h3>\n<p> Barwnik do lampy UV 237 ml z rabatem kupuj\u0105c w naszym sklepie online  <br \/> Gwarancje <br \/> Szybka realizacje dostawyLampa UV do wykrywania wyciek\u00f3w barwnika w ch\u0142odnictwie jest narz\u0119dziem s\u0142u\u017c\u0105cym do szybkiego i skutecznego wykrywania nieszczelno\u015bci w systemach ch\u0142odniczych. Dzia\u0142anie lampy UV polega na emisji promieniowania ultrafioletowego, kt\u00f3re powoduje fluorescencj\u0119 barwnika dodanego do uk\u0142adu ch\u0142odniczego. W ten spos\u00f3b mo\u017cna z \u0142atwo\u015bci\u0105 zlokalizowa\u0107 miejsca wycieku.<\/p>\n<p>Lampa UV jest szczeg\u00f3lnie przydatna w przypadku trudno dost\u0119pnych miejsc, takich jak z\u0142\u0105cza, przewody czy zbiorniki. Umo\u017cliwia szybkie i dok\u0142adne wykrycie nieszczelno\u015bci, co przek\u0142ada si\u0119 na skr\u00f3cenie czasu diagnozy i naprawy systemu ch\u0142odniczego.<\/p>\n<p>Warto zaznaczy\u0107, \u017ce lampa UV do wykrywania wyciek\u00f3w barwnika jest jednym z wielu narz\u0119dzi wykorzystywanych w ch\u0142odnictwie w celu zapewnienia odpowiedniej efektywno\u015bci i bezpiecze\u0144stwa pracy system\u00f3w ch\u0142odniczych.<div class=\"su-service\"><div class=\"su-service-title\" style=\"padding-left:52px;min-height:38px;line-height:38px\"><i class=\"sui sui-check-circle\" style=\"font-size:38px;color:#22a0ed\"><\/i> Wskaz\u00f3wka naszego eksperta<\/div><div class=\"su-service-content su-u-clearfix su-u-trim\" style=\"padding-left:52px\"><\/div><\/div>\n<h2><strong>Zapraszamy do por\u00f3wnania zalet i wad<\/strong><\/h2>\n<p><strong>Jakie s\u0105 zalety?<\/strong><br \/><div class=\"su-service\"><div class=\"su-service-title\" style=\"padding-left:52px;min-height:38px;line-height:38px\"><i class=\"sui sui-check-circle\" style=\"font-size:38px;color:#22a0ed\"><\/i> Wskaz\u00f3wka naszego eksperta<\/div><div class=\"su-service-content su-u-clearfix su-u-trim\" style=\"padding-left:52px\">Barwnik do lampy UV 237 ml &#8211; barwnik do u\u017cytku z lamp\u0105 UV<br \/><\/div><\/div><strong>Jakie s\u0105 wady tego produktu?<\/strong><br \/><div class=\"su-service\"><div class=\"su-service-title\" style=\"padding-left:52px;min-height:38px;line-height:38px\"><i class=\"sui sui-check-circle\" style=\"font-size:38px;color:#22a0ed\"><\/i> Wskaz\u00f3wka naszego eksperta<\/div><div class=\"su-service-content su-u-clearfix su-u-trim\" style=\"padding-left:52px\">Barwnik do lampy UV: ma\u0142a pojemno\u015b\u0107<br \/><\/div><\/div><div class=\"su-service\"><div class=\"su-service-title\" style=\"padding-left:52px;min-height:38px;line-height:38px\"><i class=\"sui sui-hand-o-right\" style=\"font-size:38px;color:#22a0ed\"><\/i> Podsumowuj\u0105c<\/div><div class=\"su-service-content su-u-clearfix su-u-trim\" style=\"padding-left:52px\">Barwnik do lampy UV 237 ml to niezb\u0119dny dodatek dla profesjonalist\u00f3w w dziedzinie serwisowania klimatyzacji. Jego \u0142atwa aplikacja i doskona\u0142a jako\u015b\u0107 sprawiaj\u0105, \u017ce naprawa wyciek\u00f3w jest o wiele \u0142atwiejsza i szybsza.<br \/><\/div><\/div>\n<div class=\"hr-thin\"><\/div>\n<p>&#8221; <\/p>\n<p>PARAMETRY TECHNICZNE<\/p>\n<div class=\"su-tabs su-tabs-style-default su-tabs-mobile-stack\" data-active=\"1\" data-scroll-offset=\"0\" data-anchor-in-url=\"no\"><div class=\"su-tabs-nav\"><span class=\"\" data-url=\"\" data-target=\"blank\" tabindex=\"0\" role=\"button\">Wzkrywacze, mierniki<\/span><span class=\"\" data-url=\"\" data-target=\"blank\" tabindex=\"0\" role=\"button\">Dodatki do wykrywania<\/span><span class=\"\" data-url=\"\" data-target=\"blank\" tabindex=\"0\" role=\"button\">Pompa pr\u00f3\u017cniowa<\/span><span class=\"\" data-url=\"\" data-target=\"blank\" tabindex=\"0\" role=\"button\">Akcesoria Monta\u017cowe<\/span><span class=\"\" data-url=\"\" data-target=\"blank\" tabindex=\"0\" role=\"button\">Klimatyzacja i pompy oferta<\/span><span class=\"\" data-url=\"\" data-target=\"blank\" tabindex=\"0\" role=\"button\">Ch\u0142odnictwo oferta<\/span><\/div><div class=\"su-tabs-panes\"><div class=\"su-tabs-pane su-u-clearfix su-u-trim\" data-title=\"Wzkrywacze, mierniki\"><div class=\"su-document su-u-responsive-media-yes\"><iframe src=\"\/\/docs.google.com\/viewer?embedded=true&url=https:\/\/www.fabrykachlodu.pl\/sklep\/wp-content\/uploads\/2023\/04\/wagi.mierniki.zaciskowe.mierniki.manometry.wykrywacze.mierniki.termometry.pdf\" width=\"600\" height=\"400\" class=\"su-document\" title=\"\"><\/iframe><\/div><\/div>\n<div class=\"su-tabs-pane su-u-clearfix su-u-trim\" data-title=\"Dodatki do wykrywania\"><div class=\"su-document su-u-responsive-media-yes\"><iframe src=\"\/\/docs.google.com\/viewer?embedded=true&url=https:\/\/www.fabrykachlodu.pl\/sklep\/wp-content\/uploads\/2023\/04\/dodatki_do_wykrywania_wyciekow_UV_lampy_UV_zestawy_akcesoria_sanityzacja_czyszczenie_mgla.pdf\" width=\"600\" height=\"400\" class=\"su-document\" title=\"\"><\/iframe><\/div><\/div>\n<div class=\"su-tabs-pane su-u-clearfix su-u-trim\" data-title=\"Pompa pr\u00f3\u017cniowa\"><div class=\"su-document su-u-responsive-media-yes\"><iframe src=\"\/\/docs.google.com\/viewer?embedded=true&url=https:\/\/www.fabrykachlodu.pl\/sklep\/wp-content\/uploads\/2023\/04\/pompy.prozniowe.oleje_.do_.pomp_.pdf\" width=\"600\" height=\"400\" class=\"su-document\" title=\"\"><\/iframe><\/div><\/div>\n<div class=\"su-tabs-pane su-u-clearfix su-u-trim\" data-title=\"Akcesoria Monta\u017cowe\"><div class=\"su-document su-u-responsive-media-yes\"><iframe src=\"\/\/docs.google.com\/viewer?embedded=true&url=https:\/\/www.fabrykachlodu.pl\/sklep\/wp-content\/uploads\/2023\/04\/narzedzia.do_.rur_.frezy_.do_.gratowania.do_.giecia.do_.zaciskania.do_.rozcinania.otworow.pdf\" width=\"600\" height=\"400\" class=\"su-document\" title=\"\"><\/iframe><\/div><\/div>\n<div class=\"su-tabs-pane su-u-clearfix su-u-trim\" data-title=\"Klimatyzacja i pompy oferta\"><div class=\"su-document su-u-responsive-media-yes\"><iframe src=\"\/\/docs.google.com\/viewer?embedded=true&url=https:\/\/www.fabrykachlodu.pl\/oferta\/FC.Nowosci.pdf\" width=\"600\" height=\"400\" class=\"su-document\" title=\"\"><\/iframe><\/div><\/div>\n<div class=\"su-tabs-pane su-u-clearfix su-u-trim\" data-title=\"Ch\u0142odnictwo oferta\"><div class=\"su-document su-u-responsive-media-yes\"><iframe src=\"\/\/docs.google.com\/viewer?embedded=true&url=https:\/\/www.fabrykachlodu.pl\/oferta\/FC.Serwis_Chlodniczy.pdf\" width=\"600\" height=\"400\" class=\"su-document\" title=\"\"><\/iframe><\/div><\/div><\/div><\/div>\n<p>Dokumenty si\u0119 nie wy\u015bwietlaj\u0105? <input type=\"button\" value=\"Od\u015bwie\u017c stron\u0119\" onclick=\"location.reload();\"><\/p>\n","protected":false},"excerpt":{"rendered":"<p><span style=\"color: #000000;\"><strong>Najwa\u017cniejsze zalety<\/strong><\/span>[dt_list style=\"1\" bullet_position=\"middle\" dividers=\"true\"][dt_list style=\"1\" bullet_position=\"middle\" dividers=\"true\"][dt_list_item image=\"\"]\u0141atwy w u\u017cyciu[\/dt_list_item][dt_list_item image=\"\"]Skuteczny[\/dt_list_item][dt_list_item image=\"\"]Trwa\u0142y[\/dt_list_item][dt_list_item image=\"\"]Wydajny[\/dt_list_item][\/dt_list]<\/p>\n","protected":false},"featured_media":89306,"template":"","meta":[],"product_cat":[6743,6744,189],"product_tag":[6741],"yoast_head":"<!-- This site is optimized with the Yoast SEO plugin v22.1 - https:\/\/yoast.com\/wordpress\/plugins\/seo\/ -->\n<title>Barwnik do lampy UV 237 ml<\/title>\n<meta name=\"description\" content=\"Barwnik do lampy UV 237 ml\" \/>\n<meta name=\"robots\" content=\"index, nofollow, max-snippet:-1, max-image-preview:large, max-video-preview:-1, noarchive\" \/>\n<link rel=\"canonical\" href=\"https:\/\/www.fabrykachlodu.pl\/sklep\/produkt\/latarka-uv-do-wykrywania-wyciekow-barwnika-z-okularami\/\" \/>\n<meta name=\"twitter:label1\" content=\"Szacowany czas czytania\" \/>\n\t<meta name=\"twitter:data1\" content=\"3 minuty\" \/>\n<script type=\"application\/ld+json\" class=\"yoast-schema-graph\">{\"@context\":\"https:\/\/schema.org\",\"@graph\":[{\"@type\":\"WebPage\",\"@id\":\"https:\/\/www.fabrykachlodu.pl\/sklep\/produkt\/latarka-uv-do-wykrywania-wyciekow-barwnika-z-okularami\/\",\"url\":\"https:\/\/www.fabrykachlodu.pl\/sklep\/produkt\/latarka-uv-do-wykrywania-wyciekow-barwnika-z-okularami\/\",\"name\":\"Barwnik do lampy UV 237 ml\",\"isPartOf\":{\"@id\":\"https:\/\/www.fabrykachlodu.pl\/sklep\/#website\"},\"datePublished\":\"2023-04-19T14:03:35+00:00\",\"dateModified\":\"2023-04-26T18:34:25+00:00\",\"description\":\"Barwnik do lampy UV 237 ml\",\"breadcrumb\":{\"@id\":\"https:\/\/www.fabrykachlodu.pl\/sklep\/produkt\/latarka-uv-do-wykrywania-wyciekow-barwnika-z-okularami\/#breadcrumb\"},\"inLanguage\":\"pl-PL\",\"potentialAction\":[{\"@type\":\"ReadAction\",\"target\":[\"https:\/\/www.fabrykachlodu.pl\/sklep\/produkt\/latarka-uv-do-wykrywania-wyciekow-barwnika-z-okularami\/\"]}]},{\"@type\":\"BreadcrumbList\",\"@id\":\"https:\/\/www.fabrykachlodu.pl\/sklep\/produkt\/latarka-uv-do-wykrywania-wyciekow-barwnika-z-okularami\/#breadcrumb\",\"itemListElement\":[{\"@type\":\"ListItem\",\"position\":1,\"name\":\"Strona g\u0142\u00f3wna\",\"item\":\"https:\/\/www.fabrykachlodu.pl\/sklep\/\"},{\"@type\":\"ListItem\",\"position\":2,\"name\":\"Szukasz klimatzyacji biurowej sklepowej lub do mieszkania?\",\"item\":\"https:\/\/www.fabrykachlodu.pl\/sklep\/\"},{\"@type\":\"ListItem\",\"position\":3,\"name\":\"AKCESORIA-SERWISOWE\",\"item\":\"https:\/\/www.fabrykachlodu.pl\/sklep\/product-category\/akcesoria-serwisowe\/\"},{\"@type\":\"ListItem\",\"position\":4,\"name\":\"CHEMIA\",\"item\":\"https:\/\/www.fabrykachlodu.pl\/sklep\/product-category\/akcesoria-serwisowe\/chemia-akcesoria-serwisowe\/\"},{\"@type\":\"ListItem\",\"position\":5,\"name\":\"Barwnik do lampy UV 237 ml\"}]},{\"@type\":\"WebSite\",\"@id\":\"https:\/\/www.fabrykachlodu.pl\/sklep\/#website\",\"url\":\"https:\/\/www.fabrykachlodu.pl\/sklep\/\",\"name\":\"\u00b0FC Sklep Internetowy monta\u017c klimatyzacji pomp ciep\u0142a\",\"description\":\"\u00b0FC monta\u017c klimatyzacji pomp ciep\u0142a z nami to szybki i tani wyb\u00f3r.  Us\u0142ugi monta\u017cowe i serwisowe W Warszawie i okolicach..\",\"potentialAction\":[{\"@type\":\"SearchAction\",\"target\":{\"@type\":\"EntryPoint\",\"urlTemplate\":\"https:\/\/www.fabrykachlodu.pl\/sklep\/?s={search_term_string}\"},\"query-input\":\"required name=search_term_string\"}],\"inLanguage\":\"pl-PL\"}]}<\/script>\n<!-- \/ Yoast SEO plugin. -->","yoast_head_json":{"title":"Barwnik do lampy UV 237 ml","description":"Barwnik do lampy UV 237 ml","robots":{"index":"index","follow":"nofollow","max-snippet":"max-snippet:-1","max-image-preview":"max-image-preview:large","max-video-preview":"max-video-preview:-1","archive":"noarchive"},"canonical":"https:\/\/www.fabrykachlodu.pl\/sklep\/produkt\/latarka-uv-do-wykrywania-wyciekow-barwnika-z-okularami\/","twitter_misc":{"Szacowany czas czytania":"3 minuty"},"schema":{"@context":"https:\/\/schema.org","@graph":[{"@type":"WebPage","@id":"https:\/\/www.fabrykachlodu.pl\/sklep\/produkt\/latarka-uv-do-wykrywania-wyciekow-barwnika-z-okularami\/","url":"https:\/\/www.fabrykachlodu.pl\/sklep\/produkt\/latarka-uv-do-wykrywania-wyciekow-barwnika-z-okularami\/","name":"Barwnik do lampy UV 237 ml","isPartOf":{"@id":"https:\/\/www.fabrykachlodu.pl\/sklep\/#website"},"datePublished":"2023-04-19T14:03:35+00:00","dateModified":"2023-04-26T18:34:25+00:00","description":"Barwnik do lampy UV 237 ml","breadcrumb":{"@id":"https:\/\/www.fabrykachlodu.pl\/sklep\/produkt\/latarka-uv-do-wykrywania-wyciekow-barwnika-z-okularami\/#breadcrumb"},"inLanguage":"pl-PL","potentialAction":[{"@type":"ReadAction","target":["https:\/\/www.fabrykachlodu.pl\/sklep\/produkt\/latarka-uv-do-wykrywania-wyciekow-barwnika-z-okularami\/"]}]},{"@type":"BreadcrumbList","@id":"https:\/\/www.fabrykachlodu.pl\/sklep\/produkt\/latarka-uv-do-wykrywania-wyciekow-barwnika-z-okularami\/#breadcrumb","itemListElement":[{"@type":"ListItem","position":1,"name":"Strona g\u0142\u00f3wna","item":"https:\/\/www.fabrykachlodu.pl\/sklep\/"},{"@type":"ListItem","position":2,"name":"Szukasz klimatzyacji biurowej sklepowej lub do mieszkania?","item":"https:\/\/www.fabrykachlodu.pl\/sklep\/"},{"@type":"ListItem","position":3,"name":"AKCESORIA-SERWISOWE","item":"https:\/\/www.fabrykachlodu.pl\/sklep\/product-category\/akcesoria-serwisowe\/"},{"@type":"ListItem","position":4,"name":"CHEMIA","item":"https:\/\/www.fabrykachlodu.pl\/sklep\/product-category\/akcesoria-serwisowe\/chemia-akcesoria-serwisowe\/"},{"@type":"ListItem","position":5,"name":"Barwnik do lampy UV 237 ml"}]},{"@type":"WebSite","@id":"https:\/\/www.fabrykachlodu.pl\/sklep\/#website","url":"https:\/\/www.fabrykachlodu.pl\/sklep\/","name":"\u00b0FC Sklep Internetowy monta\u017c klimatyzacji pomp ciep\u0142a","description":"\u00b0FC monta\u017c klimatyzacji pomp ciep\u0142a z nami to szybki i tani wyb\u00f3r.  Us\u0142ugi monta\u017cowe i serwisowe W Warszawie i okolicach..","potentialAction":[{"@type":"SearchAction","target":{"@type":"EntryPoint","urlTemplate":"https:\/\/www.fabrykachlodu.pl\/sklep\/?s={search_term_string}"},"query-input":"required name=search_term_string"}],"inLanguage":"pl-PL"}]}},"_links":{"self":[{"href":"https:\/\/www.fabrykachlodu.pl\/sklep\/wp-json\/wp\/v2\/product\/88528"}],"collection":[{"href":"https:\/\/www.fabrykachlodu.pl\/sklep\/wp-json\/wp\/v2\/product"}],"about":[{"href":"https:\/\/www.fabrykachlodu.pl\/sklep\/wp-json\/wp\/v2\/types\/product"}],"wp:featuredmedia":[{"embeddable":true,"href":"https:\/\/www.fabrykachlodu.pl\/sklep\/wp-json\/wp\/v2\/media\/89306"}],"wp:attachment":[{"href":"https:\/\/www.fabrykachlodu.pl\/sklep\/wp-json\/wp\/v2\/media?parent=88528"}],"wp:term":[{"taxonomy":"product_cat","embeddable":true,"href":"https:\/\/www.fabrykachlodu.pl\/sklep\/wp-json\/wp\/v2\/product_cat?post=88528"},{"taxonomy":"product_tag","embeddable":true,"href":"https:\/\/www.fabrykachlodu.pl\/sklep\/wp-json\/wp\/v2\/product_tag?post=88528"}],"curies":[{"name":"wp","href":"https:\/\/api.w.org\/{rel}","templated":true}]}}