{"id":88533,"date":"2023-04-19T16:03:36","date_gmt":"2023-04-19T14:03:36","guid":{"rendered":"https:\/\/www.fabrykachlodu.pl\/sklep\/?post_type=product&#038;p=88533"},"modified":"2023-04-26T20:34:25","modified_gmt":"2023-04-26T18:34:25","slug":"przyrzad-do-wymiany-wentyla-pod-cisnieniem-z-zaworem","status":"publish","type":"product","link":"https:\/\/www.fabrykachlodu.pl\/sklep\/produkt\/przyrzad-do-wymiany-wentyla-pod-cisnieniem-z-zaworem\/","title":{"rendered":"Wykr\u0119carka wentyli &#8211; 2 rozmiary"},"content":{"rendered":"<br \/>\n<h2>Zam\u00f3wienie dotyczy:  Wykr\u0119carka wentyli &#8211; 2 rozmiary<\/h2>\n<p><h3><strong>W jednym miejscu poznasz:<\/strong><\/h3>\n<\/p>\n<p>Wykr\u0119carka wentyli &#8211; 2 rozmiary i wa\u017cne informacje<br \/> Poznasz najwa\u017cniejsze funkcje<br \/> Por\u00f3wnasz produkty<br \/> Poznasz parametry techniczne<br \/> Poznasz cen\u0119 i zrealizujesz zam\u00f3wienie<strong><\/p>\n<h3>Zamawiaj\u0105c produkt u nas:<\/strong><\/h3>\n<p>Otrzymasz produkt<br \/> Nowy produkt<br \/> Prawo do zwrotu<br \/> Zakup na raty<br \/> <strong><\/p>\n<h3>Zamawiaj\u0105c teraz otrzymasz:<\/strong><\/h3>\n<p> Wykr\u0119carka wentyli &#8211; 2 rozmiary z rabatem kupuj\u0105c w naszym sklepie online  <br \/> Gwarancje <br \/> Szybka realizacje dostawyPrzyrz\u0105d do wymiany wentyla pod ci\u015bnieniem, zwany tak\u017ce narz\u0119dziem do monta\u017cu wentyli, mo\u017cna zbudowa\u0107 samodzielnie w domu, korzystaj\u0105c z dost\u0119pnych narz\u0119dzi i materia\u0142\u00f3w. Oto kroki, jakie nale\u017cy wykona\u0107:<\/p>\n<p>Materia\u0142y:<\/p>\n<p>wkr\u0119tarka z wiert\u0142em do metalu<br \/>\nklucz nastawny<br \/>\nrura metalowa o d\u0142ugo\u015bci ok. 10 cm i \u015brednicy 1 cm<br \/>\nko\u0142nierz o \u015brednicy 2 cm z gwintem 1\/4 cala<br \/>\ndwa zawory odcinaj\u0105ce<br \/>\ndwa ko\u0144c\u00f3wki do w\u0119\u017cyka rurkowego o \u015brednicy 6 mm<br \/>\nw\u0119\u017cyk rurkowy o d\u0142ugo\u015bci ok. 50 cm i \u015brednicy 6 mm<br \/>\nklej do metalu lub lutownica<br \/>\nKroki:<\/p>\n<p>Przygotuj rur\u0119 metalow\u0105 i z pomoc\u0105 wkr\u0119tarki z wiert\u0142em wywier\u0107 w niej dwa otwory o \u015brednicy 6 mm na wysoko\u015bci ok. 2 cm od ko\u0144c\u00f3wki.<br \/>\nZa pomoc\u0105 klucza nastawnego przykr\u0119\u0107 do rury ko\u0142nierz z gwintem 1\/4 cala.<br \/>\nPrzykr\u0119\u0107 do ko\u0142nierza dwa zawory odcinaj\u0105ce.<br \/>\nPrzykr\u0119\u0107 do ka\u017cdego z zawor\u00f3w ko\u0144c\u00f3wk\u0119 w\u0119\u017cyka rurkowego o \u015brednicy 6 mm.<br \/>\nDo ko\u0144c\u00f3wki w\u0119\u017cyka rurkowego pod\u0142\u0105cz wkr\u0119tark\u0119 z wiert\u0142em i wywier\u0107 otw\u00f3r w ko\u0144c\u00f3wce rurki metalowej.<br \/>\nPrzyklej lub przelutuj ko\u0144c\u00f3wk\u0119 w\u0119\u017cyka rurkowego do rury metalowej, aby utworzy\u0107 szczelne po\u0142\u0105czenie.<br \/>\nPod\u0142\u0105cz drugi koniec w\u0119\u017cyka rurkowego do systemu ch\u0142odniczego.<br \/>\nOtw\u00f3rz oba zawory odcinaj\u0105ce, aby pozwoli\u0107 na przep\u0142yw czynnika ch\u0142odniczego przez przyrz\u0105d.<br \/>\nW tym momencie mo\u017cesz wymieni\u0107 wentyl bez odpuszczania ci\u015bnienia w uk\u0142adzie.<br \/>\nNale\u017cy pami\u0119ta\u0107, \u017ce przed wykonaniem tego typu prac, nale\u017cy posiada\u0107 odpowiednie kwalifikacje oraz zna\u0107 zasady bezpiecznej pracy z instalacjami ch\u0142odniczymi.<div class=\"su-service\"><div class=\"su-service-title\" style=\"padding-left:52px;min-height:38px;line-height:38px\"><i class=\"sui sui-check-circle\" style=\"font-size:38px;color:#22a0ed\"><\/i> Wskaz\u00f3wka naszego eksperta<\/div><div class=\"su-service-content su-u-clearfix su-u-trim\" style=\"padding-left:52px\"><\/div><\/div>\n<h2><strong>Zapraszamy do por\u00f3wnania zalet i wad<\/strong><\/h2>\n<p><strong>Jakie s\u0105 zalety?<\/strong><br \/><div class=\"su-service\"><div class=\"su-service-title\" style=\"padding-left:52px;min-height:38px;line-height:38px\"><i class=\"sui sui-check-circle\" style=\"font-size:38px;color:#22a0ed\"><\/i> Wskaz\u00f3wka naszego eksperta<\/div><div class=\"su-service-content su-u-clearfix su-u-trim\" style=\"padding-left:52px\">Wykr\u0119carka wentyli w 2 rozmiarach u\u0142atwia wykr\u0119canie wentyli w trudno dost\u0119pnych miejscach<br \/><\/div><\/div><strong>Jakie s\u0105 wady tego produktu?<\/strong><br \/><div class=\"su-service\"><div class=\"su-service-title\" style=\"padding-left:52px;min-height:38px;line-height:38px\"><i class=\"sui sui-check-circle\" style=\"font-size:38px;color:#22a0ed\"><\/i> Wskaz\u00f3wka naszego eksperta<\/div><div class=\"su-service-content su-u-clearfix su-u-trim\" style=\"padding-left:52px\">Wykr\u0119carka wentyli: kr\u00f3tkie ramiona<br \/><\/div><\/div><div class=\"su-service\"><div class=\"su-service-title\" style=\"padding-left:52px;min-height:38px;line-height:38px\"><i class=\"sui sui-hand-o-right\" style=\"font-size:38px;color:#22a0ed\"><\/i> Podsumowuj\u0105c<\/div><div class=\"su-service-content su-u-clearfix su-u-trim\" style=\"padding-left:52px\">Wykr\u0119carka wentyli &#8211; 2 rozmiary: zaleta &#8211; wygodna w u\u017cyciu i pasuje do r\u00f3\u017cnych rozmiar\u00f3w wentyli, wada &#8211; wymaga u\u017cycia narz\u0119dzia pomocniczego. <br \/><\/div><\/div>\n<div class=\"hr-thin\"><\/div>\n<p>&#8221; <\/p>\n<p>PARAMETRY TECHNICZNE<\/p>\n<div class=\"su-tabs su-tabs-style-default su-tabs-mobile-stack\" data-active=\"1\" data-scroll-offset=\"0\" data-anchor-in-url=\"no\"><div class=\"su-tabs-nav\"><span class=\"\" data-url=\"\" data-target=\"blank\" tabindex=\"0\" role=\"button\">Narz\u0119dzia<\/span><span class=\"\" data-url=\"\" data-target=\"blank\" tabindex=\"0\" role=\"button\">Adaptery, zl\u0105czki<\/span><span class=\"\" data-url=\"\" data-target=\"blank\" tabindex=\"0\" role=\"button\">Pompa pr\u00f3\u017cniowa<\/span><span class=\"\" data-url=\"\" data-target=\"blank\" tabindex=\"0\" role=\"button\">Akcesoria Monta\u017cowe<\/span><span class=\"\" data-url=\"\" data-target=\"blank\" tabindex=\"0\" role=\"button\">Klimatyzacja i pompy oferta<\/span><span class=\"\" data-url=\"\" data-target=\"blank\" tabindex=\"0\" role=\"button\">Ch\u0142odnictwo oferta<\/span><\/div><div class=\"su-tabs-panes\"><div class=\"su-tabs-pane su-u-clearfix su-u-trim\" data-title=\"Narz\u0119dzia\"><div class=\"su-document su-u-responsive-media-yes\"><iframe src=\"\/\/docs.google.com\/viewer?embedded=true&url=https:\/\/www.fabrykachlodu.pl\/sklep\/wp-content\/uploads\/2023\/04\/narzedzia.do_.rur_.frezy_.do_.gratowania.do_.giecia.do_.zaciskania.do_.rozcinania.otworow.pdf\" width=\"600\" height=\"400\" class=\"su-document\" title=\"\"><\/iframe><\/div><\/div>\n<div class=\"su-tabs-pane su-u-clearfix su-u-trim\" data-title=\"Adaptery, zl\u0105czki\"><div class=\"su-document su-u-responsive-media-yes\"><iframe src=\"\/\/docs.google.com\/viewer?embedded=true&url=https:\/\/www.fabrykachlodu.pl\/sklep\/wp-content\/uploads\/2023\/04\/adaptery.zlaczki.do_.rur_.miedzianych.do_.lutowania.zawory.narzedzia.pdf\" width=\"600\" height=\"400\" class=\"su-document\" title=\"\"><\/iframe><\/div><\/div>\n<div class=\"su-tabs-pane su-u-clearfix su-u-trim\" data-title=\"Pompa pr\u00f3\u017cniowa\"><div class=\"su-document su-u-responsive-media-yes\"><iframe src=\"\/\/docs.google.com\/viewer?embedded=true&url=https:\/\/www.fabrykachlodu.pl\/sklep\/wp-content\/uploads\/2023\/04\/pompy.prozniowe.oleje_.do_.pomp_.pdf\" width=\"600\" height=\"400\" class=\"su-document\" title=\"\"><\/iframe><\/div><\/div>\n<div class=\"su-tabs-pane su-u-clearfix su-u-trim\" data-title=\"Akcesoria Monta\u017cowe\"><div class=\"su-document su-u-responsive-media-yes\"><iframe src=\"\/\/docs.google.com\/viewer?embedded=true&url=https:\/\/www.fabrykachlodu.pl\/sklep\/wp-content\/uploads\/2023\/04\/narzedzia.do_.rur_.frezy_.do_.gratowania.do_.giecia.do_.zaciskania.do_.rozcinania.otworow.pdf\" width=\"600\" height=\"400\" class=\"su-document\" title=\"\"><\/iframe><\/div><\/div>\n<div class=\"su-tabs-pane su-u-clearfix su-u-trim\" data-title=\"Klimatyzacja i pompy oferta\"><div class=\"su-document su-u-responsive-media-yes\"><iframe src=\"\/\/docs.google.com\/viewer?embedded=true&url=https:\/\/www.fabrykachlodu.pl\/oferta\/FC.Nowosci.pdf\" width=\"600\" height=\"400\" class=\"su-document\" title=\"\"><\/iframe><\/div><\/div>\n<div class=\"su-tabs-pane su-u-clearfix su-u-trim\" data-title=\"Ch\u0142odnictwo oferta\"><div class=\"su-document su-u-responsive-media-yes\"><iframe src=\"\/\/docs.google.com\/viewer?embedded=true&url=https:\/\/www.fabrykachlodu.pl\/oferta\/FC.Serwis_Chlodniczy.pdf\" width=\"600\" height=\"400\" class=\"su-document\" title=\"\"><\/iframe><\/div><\/div><\/div><\/div>\n<p>Dokumenty si\u0119 nie wy\u015bwietlaj\u0105? <input type=\"button\" value=\"Od\u015bwie\u017c stron\u0119\" onclick=\"location.reload();\"><\/p>\n","protected":false},"excerpt":{"rendered":"<p><span style=\"color: #000000;\"><strong>Najwa\u017cniejsze zalety<\/strong><\/span>[dt_list style=\"1\" bullet_position=\"middle\" dividers=\"true\"][dt_list style=\"1\" bullet_position=\"middle\" dividers=\"true\"][dt_list_item image=\"\"]\u0141atwa w u\u017cyciu[\/dt_list_item][dt_list_item image=\"\"]Precyzyjna[\/dt_list_item][dt_list_item image=\"\"]Trwa\u0142a[\/dt_list_item][dt_list_item image=\"\"]Uniwersalna[\/dt_list_item][\/dt_list]<\/p>\n","protected":false},"featured_media":89298,"template":"","meta":[],"product_cat":[6739,6745,189],"product_tag":[6741],"yoast_head":"<!-- This site is optimized with the Yoast SEO plugin v22.1 - https:\/\/yoast.com\/wordpress\/plugins\/seo\/ -->\n<title>Wykr\u0119carka wentyli - 2 rozmiary<\/title>\n<meta name=\"description\" content=\"Wykr\u0119carka wentyli - 2 rozmiary\" \/>\n<meta name=\"robots\" content=\"index, follow, max-snippet:-1, max-image-preview:large, max-video-preview:-1\" \/>\n<link rel=\"canonical\" href=\"https:\/\/www.fabrykachlodu.pl\/sklep\/produkt\/przyrzad-do-wymiany-wentyla-pod-cisnieniem-z-zaworem\/\" \/>\n<meta name=\"twitter:label1\" content=\"Szacowany czas czytania\" \/>\n\t<meta name=\"twitter:data1\" content=\"3 minuty\" \/>\n<script type=\"application\/ld+json\" class=\"yoast-schema-graph\">{\"@context\":\"https:\/\/schema.org\",\"@graph\":[{\"@type\":\"WebPage\",\"@id\":\"https:\/\/www.fabrykachlodu.pl\/sklep\/produkt\/przyrzad-do-wymiany-wentyla-pod-cisnieniem-z-zaworem\/\",\"url\":\"https:\/\/www.fabrykachlodu.pl\/sklep\/produkt\/przyrzad-do-wymiany-wentyla-pod-cisnieniem-z-zaworem\/\",\"name\":\"Wykr\u0119carka wentyli - 2 rozmiary\",\"isPartOf\":{\"@id\":\"https:\/\/www.fabrykachlodu.pl\/sklep\/#website\"},\"datePublished\":\"2023-04-19T14:03:36+00:00\",\"dateModified\":\"2023-04-26T18:34:25+00:00\",\"description\":\"Wykr\u0119carka wentyli - 2 rozmiary\",\"breadcrumb\":{\"@id\":\"https:\/\/www.fabrykachlodu.pl\/sklep\/produkt\/przyrzad-do-wymiany-wentyla-pod-cisnieniem-z-zaworem\/#breadcrumb\"},\"inLanguage\":\"pl-PL\",\"potentialAction\":[{\"@type\":\"ReadAction\",\"target\":[\"https:\/\/www.fabrykachlodu.pl\/sklep\/produkt\/przyrzad-do-wymiany-wentyla-pod-cisnieniem-z-zaworem\/\"]}]},{\"@type\":\"BreadcrumbList\",\"@id\":\"https:\/\/www.fabrykachlodu.pl\/sklep\/produkt\/przyrzad-do-wymiany-wentyla-pod-cisnieniem-z-zaworem\/#breadcrumb\",\"itemListElement\":[{\"@type\":\"ListItem\",\"position\":1,\"name\":\"Strona g\u0142\u00f3wna\",\"item\":\"https:\/\/www.fabrykachlodu.pl\/sklep\/\"},{\"@type\":\"ListItem\",\"position\":2,\"name\":\"Szukasz klimatzyacji biurowej sklepowej lub do mieszkania?\",\"item\":\"https:\/\/www.fabrykachlodu.pl\/sklep\/\"},{\"@type\":\"ListItem\",\"position\":3,\"name\":\"NARZ\u0118DZIA CH\u0141ODNICZE\",\"item\":\"https:\/\/www.fabrykachlodu.pl\/sklep\/product-category\/narzedzia-chlodnicze\/\"},{\"@type\":\"ListItem\",\"position\":4,\"name\":\"NARZ\u0118DZIA R\u0118CZNE\",\"item\":\"https:\/\/www.fabrykachlodu.pl\/sklep\/product-category\/narzedzia-chlodnicze\/narzedzia-reczne\/\"},{\"@type\":\"ListItem\",\"position\":5,\"name\":\"Wykr\u0119carka wentyli &#8211; 2 rozmiary\"}]},{\"@type\":\"WebSite\",\"@id\":\"https:\/\/www.fabrykachlodu.pl\/sklep\/#website\",\"url\":\"https:\/\/www.fabrykachlodu.pl\/sklep\/\",\"name\":\"\u00b0FC Sklep Internetowy monta\u017c klimatyzacji pomp ciep\u0142a\",\"description\":\"\u00b0FC monta\u017c klimatyzacji pomp ciep\u0142a z nami to szybki i tani wyb\u00f3r.  Us\u0142ugi monta\u017cowe i serwisowe W Warszawie i okolicach..\",\"potentialAction\":[{\"@type\":\"SearchAction\",\"target\":{\"@type\":\"EntryPoint\",\"urlTemplate\":\"https:\/\/www.fabrykachlodu.pl\/sklep\/?s={search_term_string}\"},\"query-input\":\"required name=search_term_string\"}],\"inLanguage\":\"pl-PL\"}]}<\/script>\n<!-- \/ Yoast SEO plugin. -->","yoast_head_json":{"title":"Wykr\u0119carka wentyli - 2 rozmiary","description":"Wykr\u0119carka wentyli - 2 rozmiary","robots":{"index":"index","follow":"follow","max-snippet":"max-snippet:-1","max-image-preview":"max-image-preview:large","max-video-preview":"max-video-preview:-1"},"canonical":"https:\/\/www.fabrykachlodu.pl\/sklep\/produkt\/przyrzad-do-wymiany-wentyla-pod-cisnieniem-z-zaworem\/","twitter_misc":{"Szacowany czas czytania":"3 minuty"},"schema":{"@context":"https:\/\/schema.org","@graph":[{"@type":"WebPage","@id":"https:\/\/www.fabrykachlodu.pl\/sklep\/produkt\/przyrzad-do-wymiany-wentyla-pod-cisnieniem-z-zaworem\/","url":"https:\/\/www.fabrykachlodu.pl\/sklep\/produkt\/przyrzad-do-wymiany-wentyla-pod-cisnieniem-z-zaworem\/","name":"Wykr\u0119carka wentyli - 2 rozmiary","isPartOf":{"@id":"https:\/\/www.fabrykachlodu.pl\/sklep\/#website"},"datePublished":"2023-04-19T14:03:36+00:00","dateModified":"2023-04-26T18:34:25+00:00","description":"Wykr\u0119carka wentyli - 2 rozmiary","breadcrumb":{"@id":"https:\/\/www.fabrykachlodu.pl\/sklep\/produkt\/przyrzad-do-wymiany-wentyla-pod-cisnieniem-z-zaworem\/#breadcrumb"},"inLanguage":"pl-PL","potentialAction":[{"@type":"ReadAction","target":["https:\/\/www.fabrykachlodu.pl\/sklep\/produkt\/przyrzad-do-wymiany-wentyla-pod-cisnieniem-z-zaworem\/"]}]},{"@type":"BreadcrumbList","@id":"https:\/\/www.fabrykachlodu.pl\/sklep\/produkt\/przyrzad-do-wymiany-wentyla-pod-cisnieniem-z-zaworem\/#breadcrumb","itemListElement":[{"@type":"ListItem","position":1,"name":"Strona g\u0142\u00f3wna","item":"https:\/\/www.fabrykachlodu.pl\/sklep\/"},{"@type":"ListItem","position":2,"name":"Szukasz klimatzyacji biurowej sklepowej lub do mieszkania?","item":"https:\/\/www.fabrykachlodu.pl\/sklep\/"},{"@type":"ListItem","position":3,"name":"NARZ\u0118DZIA CH\u0141ODNICZE","item":"https:\/\/www.fabrykachlodu.pl\/sklep\/product-category\/narzedzia-chlodnicze\/"},{"@type":"ListItem","position":4,"name":"NARZ\u0118DZIA R\u0118CZNE","item":"https:\/\/www.fabrykachlodu.pl\/sklep\/product-category\/narzedzia-chlodnicze\/narzedzia-reczne\/"},{"@type":"ListItem","position":5,"name":"Wykr\u0119carka wentyli &#8211; 2 rozmiary"}]},{"@type":"WebSite","@id":"https:\/\/www.fabrykachlodu.pl\/sklep\/#website","url":"https:\/\/www.fabrykachlodu.pl\/sklep\/","name":"\u00b0FC Sklep Internetowy monta\u017c klimatyzacji pomp ciep\u0142a","description":"\u00b0FC monta\u017c klimatyzacji pomp ciep\u0142a z nami to szybki i tani wyb\u00f3r.  Us\u0142ugi monta\u017cowe i serwisowe W Warszawie i okolicach..","potentialAction":[{"@type":"SearchAction","target":{"@type":"EntryPoint","urlTemplate":"https:\/\/www.fabrykachlodu.pl\/sklep\/?s={search_term_string}"},"query-input":"required name=search_term_string"}],"inLanguage":"pl-PL"}]}},"_links":{"self":[{"href":"https:\/\/www.fabrykachlodu.pl\/sklep\/wp-json\/wp\/v2\/product\/88533"}],"collection":[{"href":"https:\/\/www.fabrykachlodu.pl\/sklep\/wp-json\/wp\/v2\/product"}],"about":[{"href":"https:\/\/www.fabrykachlodu.pl\/sklep\/wp-json\/wp\/v2\/types\/product"}],"wp:featuredmedia":[{"embeddable":true,"href":"https:\/\/www.fabrykachlodu.pl\/sklep\/wp-json\/wp\/v2\/media\/89298"}],"wp:attachment":[{"href":"https:\/\/www.fabrykachlodu.pl\/sklep\/wp-json\/wp\/v2\/media?parent=88533"}],"wp:term":[{"taxonomy":"product_cat","embeddable":true,"href":"https:\/\/www.fabrykachlodu.pl\/sklep\/wp-json\/wp\/v2\/product_cat?post=88533"},{"taxonomy":"product_tag","embeddable":true,"href":"https:\/\/www.fabrykachlodu.pl\/sklep\/wp-json\/wp\/v2\/product_tag?post=88533"}],"curies":[{"name":"wp","href":"https:\/\/api.w.org\/{rel}","templated":true}]}}