{"id":88594,"date":"2023-04-19T16:04:27","date_gmt":"2023-04-19T14:04:27","guid":{"rendered":"https:\/\/www.fabrykachlodu.pl\/sklep\/?post_type=product&#038;p=88594"},"modified":"2024-04-18T23:12:15","modified_gmt":"2024-04-18T21:12:15","slug":"elektroniczna-oprawa-2-zaworowa-testo-549","status":"publish","type":"product","link":"https:\/\/www.fabrykachlodu.pl\/sklep\/produkt\/elektroniczna-oprawa-2-zaworowa-testo-549\/","title":{"rendered":"Elektroniczna oprawa 2-zaworowa testo 550"},"content":{"rendered":"<br \/>\n<h2>Zam\u00f3wienie dotyczy:  Elektroniczna oprawa 2-zaworowa testo 550<\/h2>\n<p><h3><strong>W jednym miejscu poznasz:<\/strong><\/h3>\n<\/p>\n<p>Elektroniczna oprawa 2-zaworowa testo 550 i wa\u017cne informacje<br \/> Poznasz najwa\u017cniejsze funkcje<br \/> Por\u00f3wnasz produkty<br \/> Poznasz parametry techniczne<br \/> Poznasz cen\u0119 i zrealizujesz zam\u00f3wienie<strong><\/p>\n<h3>Zamawiaj\u0105c produkt u nas:<\/strong><\/h3>\n<p>Otrzymasz produkt<br \/> Nowy produkt<br \/> Prawo do zwrotu<br \/> Zakup na raty<br \/> <strong><\/p>\n<h3>Zamawiaj\u0105c teraz otrzymasz:<\/strong><\/h3>\n<p> Elektroniczna oprawa 2-zaworowa testo 550 z rabatem kupuj\u0105c w naszym sklepie online  <br \/> Gwarancje <br \/> Szybka realizacje dostawyElektroniczna oprawa zaworowa Testo 550<\/p>\n<p>Nr katalogowy 0563 1550<\/p>\n<p>Elektroniczna oprawa zaworowa Testo 550 Bluetooth do system\u00f3w ch\u0142odniczych i pomp ciep\u0142a.<\/p>\n<p>Cechy produktu<\/p>\n<p>Elektroniczna oprawa zaworowa Testo 550 Bluetooth, 2 temperaturowe sondy zaciskowe, baterie, walizka i protok\u00f3\u0142 kalibracyjny<\/p>\n<p>Kalkulacja temperatury przegrzania i doch\u0142odzenia w czasie rzeczywistym<br \/>\n2-dro\u017cna bateria zawor\u00f3w<br \/>\nMobilna aplikacja do monitorowania i raportowania na miejscu pomiaru<br \/>\nAktualizacja czynnik\u00f3w ch\u0142odniczych za pomoc\u0105 mobilnej aplikacji<\/p>\n<p>Opis produktu<\/p>\n<p>Elektroniczna oprawa zaworowa\u00a0Testo 550 przeznaczona jest do codziennej pracy przy systemach ch\u0142odniczych i pompach ciep\u0142a. Solidna 2-dro\u017cna bateria zawor\u00f3w pozwala na szybkie i wygodne dokonywanie pomiar\u00f3w. Zintegrowana aplikacja mobilna pozwala na efektywn\u0105 analiz\u0119 i dokumentacj\u0119 danych na miejscu pomiaru. Za pomoc\u0105 Bluetooth u\u017cytkownik mo\u017ce odczytywa\u0107 wyniki pomiar\u00f3w r\u00f3wnie\u017c na smartfonie lub tablecie.<\/p>\n<p>Dodatkowo u\u017cytkownik mo\u017ce przygotowa\u0107 i przes\u0142a\u0107 raport bezpo\u015brednio z miejsca gdzie by\u0142 dokonywany pomiar. Aplikacja mobilna pozwala na zaktualizowanie listy zapami\u0119tanych czynnik\u00f3w ch\u0142odniczych w urz\u0105dzeniu samodzielnie przez u\u017cytkownika, bez udzia\u0142u serwisu fabrycznego. Wzmocniona obudowa chroni Testo 550 przed uszkodzeniami. Testo 550 doskonale nadaje si\u0119 do uruchomiania, serwisowania i utrzymywania instalacji ch\u0142odniczych. Posiada dodatkowe funkcje jak tryb pompy ciep\u0142a, kt\u00f3ry eliminuje potrzeb\u0119 prze\u0142\u0105czania w\u0119\u017cy oraz funkcj\u0119 testu szczelno\u015bci z kompensacj\u0105 temperatury.<\/p>\n<p>Dane techniczne:<\/p>\n<p>Temperatura<\/p>\n<p>Zakres pomiarowy -50 do +150 \u00b0C<br \/>\nDok\u0142adno\u015b\u0107 \u00b10,5 \u00b0C<br \/>\nRozdzielczo\u015b\u0107 0,1 \u00b0C<br \/>\nPod\u0142\u0105czenie sondy 2 x wtyczka (NTC)<\/p>\n<p>Pomiar ci\u015bnienia<\/p>\n<p>Zakres pomiarowy -1 do +60 bar<br \/>\nDok\u0142adno\u015b\u0107 \u00b10,5 % pe\u0142nego zakresu<br \/>\nRozdzielczo\u015b\u0107 0,01 bar<br \/>\nPod\u0142\u0105czenie sondy 3 x 7\/16&#8243; &#8211; UNF<br \/>\nDok\u0142adno\u015b\u0107 (wysokie ci\u015bnienie) 65 bar<\/p>\n<p>Pomiar pr\u00f3\u017cni<\/p>\n<p>Zakres pomiarowy -1 do 0 bar<\/p>\n<p>Og\u00f3lne dane techniczne<\/p>\n<p>Waga 2424 g<br \/>\nWymiary 200 x 109 x 63 mm<br \/>\nTemperatura pracy -20 do +50 \u00b0C<br \/>\nKlasa zabezpieczenia IP42<br \/>\nKolor Czarny<br \/>\n\u017bywotno\u015b\u0107 baterii 250h (bez pod\u015bwietlania wy\u015bwietlacza)<\/p>\n<p>Czynniki ch\u0142odnicze w urz\u0105dzeniu:<\/p>\n<p>R114; R123; R123; R1233zd; R1234yf (wy\u015bwietlany jako T8 w testo 557) Aktualizacja czynnika mo\u017cliwa przez klienta (przez oprogramowanie &#8222;EasyKool&#8221;); E1234ZE; R124; R125; R13; R134a; R22; R23; R290; R32; R401B; R401B; R402B; R404A; R406A; R407A; R407C; R407F; R407H; R409A; R410A; R411A; R416A; R417A; R421A; R421B; R422A; R422B; R422C; R424A; R424A; R434A; R437A; R438A; R502; R442A; R444B; R448A; R449A; R450A; R452A; R452B; R453a; R454A; R454B; R454C; R455A; R458A; R500; R503; R507; R507; R513A; R600a; R718 (H\u2082O); R744CO\u2082<\/p>\n<p>Czynniki ch\u0142odnicze, kt\u00f3re mog\u0105 by\u0107 aktualizowane za pomoc\u0105 aplikacji mobilnej<br \/>\nR11; FX80; I12A; R1150; R1270; R13B1; R14; R142B; R152A; R161; R170; R227; R236fa; R245fa; R401C; R407A; R407B; R5407D; R41; Ra11A; R412A; R414B; R420A; R417B; R417C; R422B; R426A; R508A; R508B; R600a; RIS89; SP22<\/p>\n<p>Temperatura sk\u0142adowania -20 do +60 \u00b0COprawy elektroniczne z zaworami to narz\u0119dzia pomiarowe wykorzystywane w bran\u017cy ch\u0142odniczej i klimatyzacyjnej, s\u0142u\u017c\u0105ce do mierzenia ci\u015bnienia i temperatury czynnika ch\u0142odniczego, regulacji przep\u0142ywu czynnika oraz do diagnostyki i konserwacji urz\u0105dze\u0144 ch\u0142odniczych.<\/p>\n<p>Oto kr\u00f3tkie om\u00f3wienie r\u00f3\u017cnic mi\u0119dzy oprawami Testo:<\/p>\n<p>Testo 549 to elektroniczna oprawa 2-zaworowa, kt\u00f3ra umo\u017cliwia precyzyjne pomiar ci\u015bnienia oraz temperatury czynnika ch\u0142odniczego, a tak\u017ce wykrywanie wyciek\u00f3w z wykorzystaniem czujnika do wykrywania wyciek\u00f3w. Oprawa ta jest r\u00f3wnie\u017c wyposa\u017cona w funkcj\u0119 automatycznego wy\u0142\u0105czania, kt\u00f3ra oszcz\u0119dza energi\u0119 baterii.<\/p>\n<p>Testo 550 to r\u00f3wnie\u017c elektroniczna oprawa 2-zaworowa, jednak posiada szersze mo\u017cliwo\u015bci ni\u017c Testo 549, w tym funkcj\u0119 wykonywania szybkich oblicze\u0144, wy\u015bwietlanie temperatury otoczenia i r\u00f3\u017cnicy temperatur, a tak\u017ce kalibracj\u0119 czujnik\u00f3w temperatury.<\/p>\n<p>Testo 557 to elektroniczna oprawa 4-zaworowa, kt\u00f3ra umo\u017cliwia pomiar i regulacj\u0119 ci\u015bnienia oraz temperatury na dw\u00f3ch obwodach ch\u0142odniczych jednocze\u015bnie. Jest r\u00f3wnie\u017c wyposa\u017cona w funkcj\u0119 wykonywania szybkich oblicze\u0144, diagnostyk\u0119 awarii oraz raportowanie wynik\u00f3w pomiar\u00f3w.<\/p>\n<p>Testo 570-2 to r\u00f3wnie\u017c elektroniczna oprawa 4-zaworowa, ale posiada szersze mo\u017cliwo\u015bci ni\u017c Testo 557, w tym automatyczne wykrywanie czynnika ch\u0142odniczego, pomiar wilgotno\u015bci wzgl\u0119dnej, rejestrowanie danych pomiarowych i transferowanie ich do komputera, a tak\u017ce funkcj\u0119 diagnostyki i regulacji automatycznej pracy urz\u0105dze\u0144 ch\u0142odniczych.<div class=\"su-service\"><div class=\"su-service-title\" style=\"padding-left:52px;min-height:38px;line-height:38px\"><i class=\"sui sui-check-circle\" style=\"font-size:38px;color:#22a0ed\"><\/i> Wskaz\u00f3wka naszego eksperta<\/div><div class=\"su-service-content su-u-clearfix su-u-trim\" style=\"padding-left:52px\"><\/div><\/div>\n<h2><strong>Zapraszamy do por\u00f3wnania zalet i wad<\/strong><\/h2>\n<p><strong>Jakie s\u0105 zalety?<\/strong><br \/><div class=\"su-service\"><div class=\"su-service-title\" style=\"padding-left:52px;min-height:38px;line-height:38px\"><i class=\"sui sui-check-circle\" style=\"font-size:38px;color:#22a0ed\"><\/i> Wskaz\u00f3wka naszego eksperta<\/div><div class=\"su-service-content su-u-clearfix su-u-trim\" style=\"padding-left:52px\">Elektroniczna oprawa 2-zaworowa testo 550 &#8211; \u0142atwe przeprowadzanie test\u00f3w klimatyzacji, obs\u0142uga jedn\u0105 r\u0119k\u0105<br \/><\/div><\/div><strong>Jakie s\u0105 wady tego produktu?<\/strong><br \/><div class=\"su-service\"><div class=\"su-service-title\" style=\"padding-left:52px;min-height:38px;line-height:38px\"><i class=\"sui sui-check-circle\" style=\"font-size:38px;color:#22a0ed\"><\/i> Wskaz\u00f3wka naszego eksperta<\/div><div class=\"su-service-content su-u-clearfix su-u-trim\" style=\"padding-left:52px\">Elektroniczna oprawa 2-zaworowa testo 550 &#8211; brak funkcji Bluetooth <br \/><\/div><\/div><div class=\"su-service\"><div class=\"su-service-title\" style=\"padding-left:52px;min-height:38px;line-height:38px\"><i class=\"sui sui-hand-o-right\" style=\"font-size:38px;color:#22a0ed\"><\/i> Podsumowuj\u0105c<\/div><div class=\"su-service-content su-u-clearfix su-u-trim\" style=\"padding-left:52px\">Elektroniczna oprawa 2-zaworowa testo 550: Zaleta &#8211; Mo\u017cliwo\u015b\u0107 \u0142atwego prze\u0142\u0105czania si\u0119 mi\u0119dzy funkcjami, u\u0142atwiaj\u0105ce codzienn\u0105 prac\u0119. Zach\u0119camy do zakupu dla wygody i efektywno\u015bci.<br \/><\/div><\/div>\n<div class=\"hr-thin\"><\/div>\n<p>&#8221; <\/p>\n<p>PARAMETRY TECHNICZNE<\/p>\n<div class=\"su-tabs su-tabs-style-default su-tabs-mobile-stack\" data-active=\"1\" data-scroll-offset=\"0\" data-anchor-in-url=\"no\"><div class=\"su-tabs-nav\"><span class=\"\" data-url=\"\" data-target=\"blank\" tabindex=\"0\" role=\"button\">Testo oprawa<\/span><span class=\"\" data-url=\"\" data-target=\"blank\" tabindex=\"0\" role=\"button\">CPS Odzysk czynika<\/span><span class=\"\" data-url=\"\" data-target=\"blank\" tabindex=\"0\" role=\"button\">Pompa pr\u00f3\u017cniowa<\/span><span class=\"\" data-url=\"\" data-target=\"blank\" tabindex=\"0\" role=\"button\">Akcesoria Monta\u017cowe<\/span><span class=\"\" data-url=\"\" data-target=\"blank\" tabindex=\"0\" role=\"button\">Klimatyzacja i pompy oferta<\/span><span class=\"\" data-url=\"\" data-target=\"blank\" tabindex=\"0\" role=\"button\">Ch\u0142odnictwo oferta<\/span><\/div><div class=\"su-tabs-panes\"><div class=\"su-tabs-pane su-u-clearfix su-u-trim\" data-title=\"Testo oprawa\"><div class=\"su-document su-u-responsive-media-yes\"><iframe src=\"\/\/docs.google.com\/viewer?embedded=true&url=https:\/\/www.fabrykachlodu.pl\/sklep\/wp-content\/uploads\/2023\/04\/testo_Elektroniczna_oprawa-2-zaworowa.550.pdf\" width=\"600\" height=\"400\" class=\"su-document\" title=\"\"><\/iframe><\/div><\/div>\n<div class=\"su-tabs-pane su-u-clearfix su-u-trim\" data-title=\"CPS Odzysk czynika\"><div class=\"su-document su-u-responsive-media-yes\"><iframe src=\"\/\/docs.google.com\/viewer?embedded=true&url=https:\/\/www.fabrykachlodu.pl\/sklep\/wp-content\/uploads\/2023\/04\/odzysk.czynnika.pdf\" width=\"600\" height=\"400\" class=\"su-document\" title=\"\"><\/iframe><\/div><\/div>\n<div class=\"su-tabs-pane su-u-clearfix su-u-trim\" data-title=\"Pompa pr\u00f3\u017cniowa\"><div class=\"su-document su-u-responsive-media-yes\"><iframe src=\"\/\/docs.google.com\/viewer?embedded=true&url=https:\/\/www.fabrykachlodu.pl\/sklep\/wp-content\/uploads\/2023\/04\/pompy.prozniowe.oleje_.do_.pomp_.pdf\" width=\"600\" height=\"400\" class=\"su-document\" title=\"\"><\/iframe><\/div><\/div>\n<div class=\"su-tabs-pane su-u-clearfix su-u-trim\" data-title=\"Akcesoria Monta\u017cowe\"><div class=\"su-document su-u-responsive-media-yes\"><iframe src=\"\/\/docs.google.com\/viewer?embedded=true&url=https:\/\/www.fabrykachlodu.pl\/sklep\/wp-content\/uploads\/2023\/04\/narzedzia.do_.rur_.frezy_.do_.gratowania.do_.giecia.do_.zaciskania.do_.rozcinania.otworow.pdf\" width=\"600\" height=\"400\" class=\"su-document\" title=\"\"><\/iframe><\/div><\/div>\n<div class=\"su-tabs-pane su-u-clearfix su-u-trim\" data-title=\"Klimatyzacja i pompy oferta\"><div class=\"su-document su-u-responsive-media-yes\"><iframe src=\"\/\/docs.google.com\/viewer?embedded=true&url=https:\/\/www.fabrykachlodu.pl\/oferta\/FC.Nowosci.pdf\" width=\"600\" height=\"400\" class=\"su-document\" title=\"\"><\/iframe><\/div><\/div>\n<div class=\"su-tabs-pane su-u-clearfix su-u-trim\" data-title=\"Ch\u0142odnictwo oferta\"><div class=\"su-document su-u-responsive-media-yes\"><iframe src=\"\/\/docs.google.com\/viewer?embedded=true&url=https:\/\/www.fabrykachlodu.pl\/oferta\/FC.Serwis_Chlodniczy.pdf\" width=\"600\" height=\"400\" class=\"su-document\" title=\"\"><\/iframe><\/div><\/div><\/div><\/div>\n<p>Dokumenty si\u0119 nie wy\u015bwietlaj\u0105? <input type=\"button\" value=\"Od\u015bwie\u017c stron\u0119\" onclick=\"location.reload();\"><\/p>\n","protected":false},"excerpt":{"rendered":"<p><span style=\"color: #000000;\"><strong>Najwa\u017cniejsze zalety<\/strong><\/span>[dt_list style=\"1\" bullet_position=\"middle\" dividers=\"true\"][dt_list style=\"1\" bullet_position=\"middle\" dividers=\"true\"][dt_list_item image=\"\"]Funkcja wykrywania wyciek\u00f3w[\/dt_list_item][dt_list_item image=\"\"]\u0141atwa w obs\u0142udze[\/dt_list_item][dt_list_item image=\"\"]Dok\u0142adne odczyty[\/dt_list_item][dt_list_item image=\"\"]Wytrzyma\u0142a konstrukcja[\/dt_list_item][\/dt_list]<\/p>\n","protected":false},"featured_media":89205,"template":"","meta":[],"product_cat":[6739,6742,189],"product_tag":[6750],"yoast_head":"<!-- This site is optimized with the Yoast SEO plugin v22.1 - https:\/\/yoast.com\/wordpress\/plugins\/seo\/ -->\n<title>Elektroniczna oprawa 2-zaworowa testo 550<\/title>\n<meta name=\"description\" content=\"Elektroniczna oprawa 2-zaworowa testo 550\" \/>\n<meta name=\"robots\" content=\"index, follow, max-snippet:-1, max-image-preview:large, max-video-preview:-1\" \/>\n<link rel=\"canonical\" href=\"https:\/\/www.fabrykachlodu.pl\/sklep\/produkt\/elektroniczna-oprawa-2-zaworowa-testo-549\/\" \/>\n<meta name=\"twitter:label1\" content=\"Szacowany czas czytania\" \/>\n\t<meta name=\"twitter:data1\" content=\"6 minut\" \/>\n<script type=\"application\/ld+json\" class=\"yoast-schema-graph\">{\"@context\":\"https:\/\/schema.org\",\"@graph\":[{\"@type\":\"WebPage\",\"@id\":\"https:\/\/www.fabrykachlodu.pl\/sklep\/produkt\/elektroniczna-oprawa-2-zaworowa-testo-549\/\",\"url\":\"https:\/\/www.fabrykachlodu.pl\/sklep\/produkt\/elektroniczna-oprawa-2-zaworowa-testo-549\/\",\"name\":\"Elektroniczna oprawa 2-zaworowa testo 550\",\"isPartOf\":{\"@id\":\"https:\/\/www.fabrykachlodu.pl\/sklep\/#website\"},\"datePublished\":\"2023-04-19T14:04:27+00:00\",\"dateModified\":\"2024-04-18T21:12:15+00:00\",\"description\":\"Elektroniczna oprawa 2-zaworowa testo 550\",\"breadcrumb\":{\"@id\":\"https:\/\/www.fabrykachlodu.pl\/sklep\/produkt\/elektroniczna-oprawa-2-zaworowa-testo-549\/#breadcrumb\"},\"inLanguage\":\"pl-PL\",\"potentialAction\":[{\"@type\":\"ReadAction\",\"target\":[\"https:\/\/www.fabrykachlodu.pl\/sklep\/produkt\/elektroniczna-oprawa-2-zaworowa-testo-549\/\"]}]},{\"@type\":\"BreadcrumbList\",\"@id\":\"https:\/\/www.fabrykachlodu.pl\/sklep\/produkt\/elektroniczna-oprawa-2-zaworowa-testo-549\/#breadcrumb\",\"itemListElement\":[{\"@type\":\"ListItem\",\"position\":1,\"name\":\"Strona g\u0142\u00f3wna\",\"item\":\"https:\/\/www.fabrykachlodu.pl\/sklep\/\"},{\"@type\":\"ListItem\",\"position\":2,\"name\":\"Szukasz klimatzyacji biurowej sklepowej lub do mieszkania?\",\"item\":\"https:\/\/www.fabrykachlodu.pl\/sklep\/\"},{\"@type\":\"ListItem\",\"position\":3,\"name\":\"NARZ\u0118DZIA CH\u0141ODNICZE\",\"item\":\"https:\/\/www.fabrykachlodu.pl\/sklep\/product-category\/narzedzia-chlodnicze\/\"},{\"@type\":\"ListItem\",\"position\":4,\"name\":\"PRZYRZ\u0104DY POMIAROWE\",\"item\":\"https:\/\/www.fabrykachlodu.pl\/sklep\/product-category\/narzedzia-chlodnicze\/przyrzady-pomiarowe\/\"},{\"@type\":\"ListItem\",\"position\":5,\"name\":\"Elektroniczna oprawa 2-zaworowa testo 550\"}]},{\"@type\":\"WebSite\",\"@id\":\"https:\/\/www.fabrykachlodu.pl\/sklep\/#website\",\"url\":\"https:\/\/www.fabrykachlodu.pl\/sklep\/\",\"name\":\"\u00b0FC Sklep Internetowy monta\u017c klimatyzacji pomp ciep\u0142a\",\"description\":\"\u00b0FC monta\u017c klimatyzacji pomp ciep\u0142a z nami to szybki i tani wyb\u00f3r.  Us\u0142ugi monta\u017cowe i serwisowe W Warszawie i okolicach..\",\"potentialAction\":[{\"@type\":\"SearchAction\",\"target\":{\"@type\":\"EntryPoint\",\"urlTemplate\":\"https:\/\/www.fabrykachlodu.pl\/sklep\/?s={search_term_string}\"},\"query-input\":\"required name=search_term_string\"}],\"inLanguage\":\"pl-PL\"}]}<\/script>\n<!-- \/ Yoast SEO plugin. -->","yoast_head_json":{"title":"Elektroniczna oprawa 2-zaworowa testo 550","description":"Elektroniczna oprawa 2-zaworowa testo 550","robots":{"index":"index","follow":"follow","max-snippet":"max-snippet:-1","max-image-preview":"max-image-preview:large","max-video-preview":"max-video-preview:-1"},"canonical":"https:\/\/www.fabrykachlodu.pl\/sklep\/produkt\/elektroniczna-oprawa-2-zaworowa-testo-549\/","twitter_misc":{"Szacowany czas czytania":"6 minut"},"schema":{"@context":"https:\/\/schema.org","@graph":[{"@type":"WebPage","@id":"https:\/\/www.fabrykachlodu.pl\/sklep\/produkt\/elektroniczna-oprawa-2-zaworowa-testo-549\/","url":"https:\/\/www.fabrykachlodu.pl\/sklep\/produkt\/elektroniczna-oprawa-2-zaworowa-testo-549\/","name":"Elektroniczna oprawa 2-zaworowa testo 550","isPartOf":{"@id":"https:\/\/www.fabrykachlodu.pl\/sklep\/#website"},"datePublished":"2023-04-19T14:04:27+00:00","dateModified":"2024-04-18T21:12:15+00:00","description":"Elektroniczna oprawa 2-zaworowa testo 550","breadcrumb":{"@id":"https:\/\/www.fabrykachlodu.pl\/sklep\/produkt\/elektroniczna-oprawa-2-zaworowa-testo-549\/#breadcrumb"},"inLanguage":"pl-PL","potentialAction":[{"@type":"ReadAction","target":["https:\/\/www.fabrykachlodu.pl\/sklep\/produkt\/elektroniczna-oprawa-2-zaworowa-testo-549\/"]}]},{"@type":"BreadcrumbList","@id":"https:\/\/www.fabrykachlodu.pl\/sklep\/produkt\/elektroniczna-oprawa-2-zaworowa-testo-549\/#breadcrumb","itemListElement":[{"@type":"ListItem","position":1,"name":"Strona g\u0142\u00f3wna","item":"https:\/\/www.fabrykachlodu.pl\/sklep\/"},{"@type":"ListItem","position":2,"name":"Szukasz klimatzyacji biurowej sklepowej lub do mieszkania?","item":"https:\/\/www.fabrykachlodu.pl\/sklep\/"},{"@type":"ListItem","position":3,"name":"NARZ\u0118DZIA CH\u0141ODNICZE","item":"https:\/\/www.fabrykachlodu.pl\/sklep\/product-category\/narzedzia-chlodnicze\/"},{"@type":"ListItem","position":4,"name":"PRZYRZ\u0104DY POMIAROWE","item":"https:\/\/www.fabrykachlodu.pl\/sklep\/product-category\/narzedzia-chlodnicze\/przyrzady-pomiarowe\/"},{"@type":"ListItem","position":5,"name":"Elektroniczna oprawa 2-zaworowa testo 550"}]},{"@type":"WebSite","@id":"https:\/\/www.fabrykachlodu.pl\/sklep\/#website","url":"https:\/\/www.fabrykachlodu.pl\/sklep\/","name":"\u00b0FC Sklep Internetowy monta\u017c klimatyzacji pomp ciep\u0142a","description":"\u00b0FC monta\u017c klimatyzacji pomp ciep\u0142a z nami to szybki i tani wyb\u00f3r.  Us\u0142ugi monta\u017cowe i serwisowe W Warszawie i okolicach..","potentialAction":[{"@type":"SearchAction","target":{"@type":"EntryPoint","urlTemplate":"https:\/\/www.fabrykachlodu.pl\/sklep\/?s={search_term_string}"},"query-input":"required name=search_term_string"}],"inLanguage":"pl-PL"}]}},"_links":{"self":[{"href":"https:\/\/www.fabrykachlodu.pl\/sklep\/wp-json\/wp\/v2\/product\/88594"}],"collection":[{"href":"https:\/\/www.fabrykachlodu.pl\/sklep\/wp-json\/wp\/v2\/product"}],"about":[{"href":"https:\/\/www.fabrykachlodu.pl\/sklep\/wp-json\/wp\/v2\/types\/product"}],"wp:featuredmedia":[{"embeddable":true,"href":"https:\/\/www.fabrykachlodu.pl\/sklep\/wp-json\/wp\/v2\/media\/89205"}],"wp:attachment":[{"href":"https:\/\/www.fabrykachlodu.pl\/sklep\/wp-json\/wp\/v2\/media?parent=88594"}],"wp:term":[{"taxonomy":"product_cat","embeddable":true,"href":"https:\/\/www.fabrykachlodu.pl\/sklep\/wp-json\/wp\/v2\/product_cat?post=88594"},{"taxonomy":"product_tag","embeddable":true,"href":"https:\/\/www.fabrykachlodu.pl\/sklep\/wp-json\/wp\/v2\/product_tag?post=88594"}],"curies":[{"name":"wp","href":"https:\/\/api.w.org\/{rel}","templated":true}]}}