{"id":88598,"date":"2023-04-19T16:04:28","date_gmt":"2023-04-19T14:04:28","guid":{"rendered":"https:\/\/www.fabrykachlodu.pl\/sklep\/?post_type=product&#038;p=88598"},"modified":"2024-04-18T23:12:16","modified_gmt":"2024-04-18T21:12:16","slug":"termometr-testo-925","status":"publish","type":"product","link":"https:\/\/www.fabrykachlodu.pl\/sklep\/produkt\/termometr-testo-925\/","title":{"rendered":"Miernik tester napi\u0119cia testo 750-2"},"content":{"rendered":"<br \/>\n<h2>Zam\u00f3wienie dotyczy:  Miernik tester napi\u0119cia testo 750-2<\/h2>\n<p><h3><strong>W jednym miejscu poznasz:<\/strong><\/h3>\n<\/p>\n<p>Miernik tester napi\u0119cia testo 750-2 i wa\u017cne informacje<br \/> Poznasz najwa\u017cniejsze funkcje<br \/> Por\u00f3wnasz produkty<br \/> Poznasz parametry techniczne<br \/> Poznasz cen\u0119 i zrealizujesz zam\u00f3wienie<strong><\/p>\n<h3>Zamawiaj\u0105c produkt u nas:<\/strong><\/h3>\n<p>Otrzymasz produkt<br \/> Nowy produkt<br \/> Prawo do zwrotu<br \/> Zakup na raty<br \/> <strong><\/p>\n<h3>Zamawiaj\u0105c teraz otrzymasz:<\/strong><\/h3>\n<p> Miernik tester napi\u0119cia testo 750-2 z rabatem kupuj\u0105c w naszym sklepie online  <br \/> Gwarancje <br \/> Szybka realizacje dostawyTesto 750-2 &#8211; tester napi\u0119cia <\/p>\n<p>Nr katalogowy 0590 7502<\/p>\n<p>Tester napi\u0119cia Testo 750-2 mo\u017ce tak\u017ce s\u0142u\u017cy\u0107 jako jednobiegunowy wykrywacz fazy. Pe\u0142ni tak\u017ce funkcje miernika elektrycznego do szybkiego sprawdzania czy przewody s\u0105 po napi\u0119ciem.<\/p>\n<p>Cechy produktu<\/p>\n<p>Tester napi\u0119cia Testo 750-2, baterie, ko\u0144c\u00f3wki pomiarowe, nasadki ochronne na ko\u0144c\u00f3wki pomiarowe.<\/p>\n<p>Czytelny wska\u017anik diodowy, oparty na \u015bwiat\u0142owodzie, umo\u017cliwiaj\u0105cym odczyt bez wzgl\u0119du na po\u0142o\u017cenie urz\u0105dzenia<br \/>\nZgodny z DIN EN 61243-3:2010 i CAT III<br \/>\nZ praktyczn\u0105 latark\u0105 do pod\u015bwietlenia miejsca pomiarowego<br \/>\nTest wy\u0142\u0105cznika r\u00f3\u017cnicowo-pr\u0105dowego (RDC) i wykrywanie kierunku wirowania faz<\/p>\n<p>Opis produktu<\/p>\n<p>Tester napi\u0119cia Testo 750-2 s\u0142u\u017cy do precyzyjnych pomiar\u00f3w elektrycznych. Wygod\u0119 pracy zapewnia czytelny wska\u017anik diodowy, oparty na \u015bwiat\u0142owodzie, kt\u00f3ry umo\u017cliwia odczyt wskaza\u0144 bez wzgl\u0119du na po\u0142o\u017cenie urz\u0105dzenia. Narz\u0119dzie posiada ergonomiczn\u0105 r\u0119koje\u015b\u0107\u00a0 wyposa\u017con\u0105 w pier\u015bcie\u0144 antypo\u015blizgowy dzi\u0119ki czemu pewnie trzyma si\u0119 w d\u0142oni. Wbudowana latarka LED pozwala na o\u015bwietlenie ciemnych miejsc pomiarowych, a wzmocniona obudowa miernika elektrycznego maksymalnie wyd\u0142u\u017ca jego \u017cywotno\u015b\u0107.<\/p>\n<p>Opr\u00f3cz precyzyjnego pomiaru napi\u0119cia lub okre\u015blenia czy nast\u0105pi\u0142o od\u0142\u0105czenie od \u017ar\u00f3d\u0142a zasilania, tester napi\u0119cia Testo 750-2 mo\u017ce tak\u017ce s\u0142u\u017cy\u0107 jako jednobiegunowy wykrywacz fazy oraz do wykrywania kierunku wirowania faz. Wibruj\u0105ce przyciski przeci\u0105\u017cenia zabezpieczaj\u0105 przed niezamierzonym testem wy\u0142\u0105cznika r\u00f3\u017cnicowo-pr\u0105dowego.<\/p>\n<p>Dane techniczne<\/p>\n<p>Napi\u0119cie DC<\/p>\n<p>Zakres pomiarowy 12 do 690 V<br \/>\nDok\u0142adno\u015b\u0107 Zgodny z DIN EN 61243-3:2010<\/p>\n<p>Napi\u0119cie AC<\/p>\n<p>Zakres pomiarowy 12 do 690 V<br \/>\nDok\u0142adno\u015b\u0107 Zgodny z DIN EN 61243-3:2010<\/p>\n<p>Og\u00f3lne dane techniczne<\/p>\n<p>Wilgotno\u015b\u0107 pracy 0 do 95 %RH<br \/>\nWaga 295 g<br \/>\nWymiary 270 x 65 x 35 mm<br \/>\nTemperatura pracy -10 do +50 \u00b0C<br \/>\nProduct colour Czarny<br \/>\nKlasa zabezpieczenia IP64<br \/>\nStandardy EN 61243-3; EN 61326-1; EN 61010-1<br \/>\nTyp baterii 2 baterie AAA<br \/>\nTemperatura sk\u0142adowania -15 do +60 \u00b0C<br \/>\nKategoria bezpiecze\u0144stwa CAT IV 600V; CAT III 1000V<br \/>\nDopuszczenia CSA; CE<\/p>\n<p>Funkcje przyrz\u0105d\u00f3w i pomiar\u00f3w<\/p>\n<p>Test ci\u0105g\u0142o\u015bci obwodu: tak<br \/>\nTest wy\u0142\u0105cznika r\u00f3\u017cnicowopr\u0105dowego (RDC\/RC): tak<br \/>\nKierunek wirowania faz: tak<br \/>\nJednobiegunowy wykrywacz fazy: tak<br \/>\nPod\u015bwietlenie miejsca pomiarowego: takMiernik tester napi\u0119cia testo 750-2, s\u0142u\u017cy do pomiaru napi\u0119cia w instalacjach elektrycznych. Wykorzystuj\u0105 go zwykle elektrycy, technicy i pracownicy utrzymania ruchu. Przydatny w sytuacjach wymagaj\u0105cych szybkiego i dok\u0142adnego pomiaru napi\u0119cia, takich jak instalacje przemys\u0142owe i domowe.<div class=\"su-service\"><div class=\"su-service-title\" style=\"padding-left:52px;min-height:38px;line-height:38px\"><i class=\"sui sui-check-circle\" style=\"font-size:38px;color:#22a0ed\"><\/i> Wskaz\u00f3wka naszego eksperta<\/div><div class=\"su-service-content su-u-clearfix su-u-trim\" style=\"padding-left:52px\"><\/div><\/div>\n<h2><strong>Zapraszamy do por\u00f3wnania zalet i wad<\/strong><\/h2>\n<p><strong>Jakie s\u0105 zalety?<\/strong><br \/><div class=\"su-service\"><div class=\"su-service-title\" style=\"padding-left:52px;min-height:38px;line-height:38px\"><i class=\"sui sui-check-circle\" style=\"font-size:38px;color:#22a0ed\"><\/i> Wskaz\u00f3wka naszego eksperta<\/div><div class=\"su-service-content su-u-clearfix su-u-trim\" style=\"padding-left:52px\">Miernik tester napi\u0119cia testo 750-2 &#8211; bezpieczne testowanie instalacji elektrycznych, \u0142atwe odczytywanie wynik\u00f3w.<br \/><\/div><\/div><strong>Jakie s\u0105 wady tego produktu?<\/strong><br \/><div class=\"su-service\"><div class=\"su-service-title\" style=\"padding-left:52px;min-height:38px;line-height:38px\"><i class=\"sui sui-check-circle\" style=\"font-size:38px;color:#22a0ed\"><\/i> Wskaz\u00f3wka naszego eksperta<\/div><div class=\"su-service-content su-u-clearfix su-u-trim\" style=\"padding-left:52px\">Miernik tester napi\u0119cia testo 750-2 &#8211; brak funkcji Bluetooth <br \/><\/div><\/div><div class=\"su-service\"><div class=\"su-service-title\" style=\"padding-left:52px;min-height:38px;line-height:38px\"><i class=\"sui sui-hand-o-right\" style=\"font-size:38px;color:#22a0ed\"><\/i> Podsumowuj\u0105c<\/div><div class=\"su-service-content su-u-clearfix su-u-trim\" style=\"padding-left:52px\">Miernik tester napi\u0119cia testo 750-2: Zaleta &#8211; Prosty i intuicyjny interfejs u\u017cytkownika umo\u017cliwia \u0142atwe korzystanie z urz\u0105dzenia, nawet dla pocz\u0105tkuj\u0105cych u\u017cytkownik\u00f3w. Zach\u0119camy do zakupu dla wygody i efektywno\u015bci.<br \/><\/div><\/div>\n<div class=\"hr-thin\"><\/div>\n<p>&#8221; <\/p>\n<p>PARAMETRY TECHNICZNE<\/p>\n<div class=\"su-tabs su-tabs-style-default su-tabs-mobile-stack\" data-active=\"1\" data-scroll-offset=\"0\" data-anchor-in-url=\"no\"><div class=\"su-tabs-nav\"><span class=\"\" data-url=\"\" data-target=\"blank\" tabindex=\"0\" role=\"button\">Mierniki Testo<\/span><span class=\"\" data-url=\"\" data-target=\"blank\" tabindex=\"0\" role=\"button\">CPS Odzysk czynika<\/span><span class=\"\" data-url=\"\" data-target=\"blank\" tabindex=\"0\" role=\"button\">Pompa pr\u00f3\u017cniowa<\/span><span class=\"\" data-url=\"\" data-target=\"blank\" tabindex=\"0\" role=\"button\">Akcesoria Monta\u017cowe<\/span><span class=\"\" data-url=\"\" data-target=\"blank\" tabindex=\"0\" role=\"button\">Klimatyzacja i pompy oferta<\/span><span class=\"\" data-url=\"\" data-target=\"blank\" tabindex=\"0\" role=\"button\">Ch\u0142odnictwo oferta<\/span><\/div><div class=\"su-tabs-panes\"><div class=\"su-tabs-pane su-u-clearfix su-u-trim\" data-title=\"Mierniki Testo\"><div class=\"su-document su-u-responsive-media-yes\"><iframe src=\"\/\/docs.google.com\/viewer?embedded=true&url=https:\/\/www.fabrykachlodu.pl\/sklep\/wp-content\/uploads\/2023\/04\/Przyrzady-do-pomiarow-wielkosci-miernik-testo.pdf\" width=\"600\" height=\"400\" class=\"su-document\" title=\"\"><\/iframe><\/div><\/div>\n<div class=\"su-tabs-pane su-u-clearfix su-u-trim\" data-title=\"CPS Odzysk czynika\"><div class=\"su-document su-u-responsive-media-yes\"><iframe src=\"\/\/docs.google.com\/viewer?embedded=true&url=https:\/\/www.fabrykachlodu.pl\/sklep\/wp-content\/uploads\/2023\/04\/odzysk.czynnika.pdf\" width=\"600\" height=\"400\" class=\"su-document\" title=\"\"><\/iframe><\/div><\/div>\n<div class=\"su-tabs-pane su-u-clearfix su-u-trim\" data-title=\"Pompa pr\u00f3\u017cniowa\"><div class=\"su-document su-u-responsive-media-yes\"><iframe src=\"\/\/docs.google.com\/viewer?embedded=true&url=https:\/\/www.fabrykachlodu.pl\/sklep\/wp-content\/uploads\/2023\/04\/pompy.prozniowe.oleje_.do_.pomp_.pdf\" width=\"600\" height=\"400\" class=\"su-document\" title=\"\"><\/iframe><\/div><\/div>\n<div class=\"su-tabs-pane su-u-clearfix su-u-trim\" data-title=\"Akcesoria Monta\u017cowe\"><div class=\"su-document su-u-responsive-media-yes\"><iframe src=\"\/\/docs.google.com\/viewer?embedded=true&url=https:\/\/www.fabrykachlodu.pl\/sklep\/wp-content\/uploads\/2023\/04\/narzedzia.do_.rur_.frezy_.do_.gratowania.do_.giecia.do_.zaciskania.do_.rozcinania.otworow.pdf\" width=\"600\" height=\"400\" class=\"su-document\" title=\"\"><\/iframe><\/div><\/div>\n<div class=\"su-tabs-pane su-u-clearfix su-u-trim\" data-title=\"Klimatyzacja i pompy oferta\"><div class=\"su-document su-u-responsive-media-yes\"><iframe src=\"\/\/docs.google.com\/viewer?embedded=true&url=https:\/\/www.fabrykachlodu.pl\/oferta\/FC.Nowosci.pdf\" width=\"600\" height=\"400\" class=\"su-document\" title=\"\"><\/iframe><\/div><\/div>\n<div class=\"su-tabs-pane su-u-clearfix su-u-trim\" data-title=\"Ch\u0142odnictwo oferta\"><div class=\"su-document su-u-responsive-media-yes\"><iframe src=\"\/\/docs.google.com\/viewer?embedded=true&url=https:\/\/www.fabrykachlodu.pl\/oferta\/FC.Serwis_Chlodniczy.pdf\" width=\"600\" height=\"400\" class=\"su-document\" title=\"\"><\/iframe><\/div><\/div><\/div><\/div>\n<p>Dokumenty si\u0119 nie wy\u015bwietlaj\u0105? <input type=\"button\" value=\"Od\u015bwie\u017c stron\u0119\" onclick=\"location.reload();\"><\/p>\n","protected":false},"excerpt":{"rendered":"<p><span style=\"color: #000000;\"><strong>Najwa\u017cniejsze zalety<\/strong><\/span>[dt_list style=\"1\" bullet_position=\"middle\" dividers=\"true\"][dt_list style=\"1\" bullet_position=\"middle\" dividers=\"true\"][dt_list_item image=\"\"]\u0141atwa w obs\u0142udze[\/dt_list_item][dt_list_item image=\"\"]Szybki pomiar[\/dt_list_item][dt_list_item image=\"\"]Dok\u0142adny wynik[\/dt_list_item][dt_list_item image=\"\"]Wytrzyma\u0142a konstrukcja[\/dt_list_item][\/dt_list]<\/p>\n","protected":false},"featured_media":89208,"template":"","meta":[],"product_cat":[6739,6742,189],"product_tag":[6750],"yoast_head":"<!-- This site is optimized with the Yoast SEO plugin v22.1 - https:\/\/yoast.com\/wordpress\/plugins\/seo\/ -->\n<title>Miernik tester napi\u0119cia testo 750-2<\/title>\n<meta name=\"description\" content=\"Miernik tester napi\u0119cia testo 750-2\" \/>\n<meta name=\"robots\" content=\"index, follow, max-snippet:-1, max-image-preview:large, max-video-preview:-1\" \/>\n<link rel=\"canonical\" href=\"https:\/\/www.fabrykachlodu.pl\/sklep\/produkt\/termometr-testo-925\/\" \/>\n<meta name=\"twitter:label1\" content=\"Szacowany czas czytania\" \/>\n\t<meta name=\"twitter:data1\" content=\"4 minuty\" \/>\n<script type=\"application\/ld+json\" class=\"yoast-schema-graph\">{\"@context\":\"https:\/\/schema.org\",\"@graph\":[{\"@type\":\"WebPage\",\"@id\":\"https:\/\/www.fabrykachlodu.pl\/sklep\/produkt\/termometr-testo-925\/\",\"url\":\"https:\/\/www.fabrykachlodu.pl\/sklep\/produkt\/termometr-testo-925\/\",\"name\":\"Miernik tester napi\u0119cia testo 750-2\",\"isPartOf\":{\"@id\":\"https:\/\/www.fabrykachlodu.pl\/sklep\/#website\"},\"datePublished\":\"2023-04-19T14:04:28+00:00\",\"dateModified\":\"2024-04-18T21:12:16+00:00\",\"description\":\"Miernik tester napi\u0119cia testo 750-2\",\"breadcrumb\":{\"@id\":\"https:\/\/www.fabrykachlodu.pl\/sklep\/produkt\/termometr-testo-925\/#breadcrumb\"},\"inLanguage\":\"pl-PL\",\"potentialAction\":[{\"@type\":\"ReadAction\",\"target\":[\"https:\/\/www.fabrykachlodu.pl\/sklep\/produkt\/termometr-testo-925\/\"]}]},{\"@type\":\"BreadcrumbList\",\"@id\":\"https:\/\/www.fabrykachlodu.pl\/sklep\/produkt\/termometr-testo-925\/#breadcrumb\",\"itemListElement\":[{\"@type\":\"ListItem\",\"position\":1,\"name\":\"Strona g\u0142\u00f3wna\",\"item\":\"https:\/\/www.fabrykachlodu.pl\/sklep\/\"},{\"@type\":\"ListItem\",\"position\":2,\"name\":\"Szukasz klimatzyacji biurowej sklepowej lub do mieszkania?\",\"item\":\"https:\/\/www.fabrykachlodu.pl\/sklep\/\"},{\"@type\":\"ListItem\",\"position\":3,\"name\":\"NARZ\u0118DZIA CH\u0141ODNICZE\",\"item\":\"https:\/\/www.fabrykachlodu.pl\/sklep\/product-category\/narzedzia-chlodnicze\/\"},{\"@type\":\"ListItem\",\"position\":4,\"name\":\"PRZYRZ\u0104DY POMIAROWE\",\"item\":\"https:\/\/www.fabrykachlodu.pl\/sklep\/product-category\/narzedzia-chlodnicze\/przyrzady-pomiarowe\/\"},{\"@type\":\"ListItem\",\"position\":5,\"name\":\"Miernik tester napi\u0119cia testo 750-2\"}]},{\"@type\":\"WebSite\",\"@id\":\"https:\/\/www.fabrykachlodu.pl\/sklep\/#website\",\"url\":\"https:\/\/www.fabrykachlodu.pl\/sklep\/\",\"name\":\"\u00b0FC Sklep Internetowy monta\u017c klimatyzacji pomp ciep\u0142a\",\"description\":\"\u00b0FC monta\u017c klimatyzacji pomp ciep\u0142a z nami to szybki i tani wyb\u00f3r.  Us\u0142ugi monta\u017cowe i serwisowe W Warszawie i okolicach..\",\"potentialAction\":[{\"@type\":\"SearchAction\",\"target\":{\"@type\":\"EntryPoint\",\"urlTemplate\":\"https:\/\/www.fabrykachlodu.pl\/sklep\/?s={search_term_string}\"},\"query-input\":\"required name=search_term_string\"}],\"inLanguage\":\"pl-PL\"}]}<\/script>\n<!-- \/ Yoast SEO plugin. -->","yoast_head_json":{"title":"Miernik tester napi\u0119cia testo 750-2","description":"Miernik tester napi\u0119cia testo 750-2","robots":{"index":"index","follow":"follow","max-snippet":"max-snippet:-1","max-image-preview":"max-image-preview:large","max-video-preview":"max-video-preview:-1"},"canonical":"https:\/\/www.fabrykachlodu.pl\/sklep\/produkt\/termometr-testo-925\/","twitter_misc":{"Szacowany czas czytania":"4 minuty"},"schema":{"@context":"https:\/\/schema.org","@graph":[{"@type":"WebPage","@id":"https:\/\/www.fabrykachlodu.pl\/sklep\/produkt\/termometr-testo-925\/","url":"https:\/\/www.fabrykachlodu.pl\/sklep\/produkt\/termometr-testo-925\/","name":"Miernik tester napi\u0119cia testo 750-2","isPartOf":{"@id":"https:\/\/www.fabrykachlodu.pl\/sklep\/#website"},"datePublished":"2023-04-19T14:04:28+00:00","dateModified":"2024-04-18T21:12:16+00:00","description":"Miernik tester napi\u0119cia testo 750-2","breadcrumb":{"@id":"https:\/\/www.fabrykachlodu.pl\/sklep\/produkt\/termometr-testo-925\/#breadcrumb"},"inLanguage":"pl-PL","potentialAction":[{"@type":"ReadAction","target":["https:\/\/www.fabrykachlodu.pl\/sklep\/produkt\/termometr-testo-925\/"]}]},{"@type":"BreadcrumbList","@id":"https:\/\/www.fabrykachlodu.pl\/sklep\/produkt\/termometr-testo-925\/#breadcrumb","itemListElement":[{"@type":"ListItem","position":1,"name":"Strona g\u0142\u00f3wna","item":"https:\/\/www.fabrykachlodu.pl\/sklep\/"},{"@type":"ListItem","position":2,"name":"Szukasz klimatzyacji biurowej sklepowej lub do mieszkania?","item":"https:\/\/www.fabrykachlodu.pl\/sklep\/"},{"@type":"ListItem","position":3,"name":"NARZ\u0118DZIA CH\u0141ODNICZE","item":"https:\/\/www.fabrykachlodu.pl\/sklep\/product-category\/narzedzia-chlodnicze\/"},{"@type":"ListItem","position":4,"name":"PRZYRZ\u0104DY POMIAROWE","item":"https:\/\/www.fabrykachlodu.pl\/sklep\/product-category\/narzedzia-chlodnicze\/przyrzady-pomiarowe\/"},{"@type":"ListItem","position":5,"name":"Miernik tester napi\u0119cia testo 750-2"}]},{"@type":"WebSite","@id":"https:\/\/www.fabrykachlodu.pl\/sklep\/#website","url":"https:\/\/www.fabrykachlodu.pl\/sklep\/","name":"\u00b0FC Sklep Internetowy monta\u017c klimatyzacji pomp ciep\u0142a","description":"\u00b0FC monta\u017c klimatyzacji pomp ciep\u0142a z nami to szybki i tani wyb\u00f3r.  Us\u0142ugi monta\u017cowe i serwisowe W Warszawie i okolicach..","potentialAction":[{"@type":"SearchAction","target":{"@type":"EntryPoint","urlTemplate":"https:\/\/www.fabrykachlodu.pl\/sklep\/?s={search_term_string}"},"query-input":"required name=search_term_string"}],"inLanguage":"pl-PL"}]}},"_links":{"self":[{"href":"https:\/\/www.fabrykachlodu.pl\/sklep\/wp-json\/wp\/v2\/product\/88598"}],"collection":[{"href":"https:\/\/www.fabrykachlodu.pl\/sklep\/wp-json\/wp\/v2\/product"}],"about":[{"href":"https:\/\/www.fabrykachlodu.pl\/sklep\/wp-json\/wp\/v2\/types\/product"}],"wp:featuredmedia":[{"embeddable":true,"href":"https:\/\/www.fabrykachlodu.pl\/sklep\/wp-json\/wp\/v2\/media\/89208"}],"wp:attachment":[{"href":"https:\/\/www.fabrykachlodu.pl\/sklep\/wp-json\/wp\/v2\/media?parent=88598"}],"wp:term":[{"taxonomy":"product_cat","embeddable":true,"href":"https:\/\/www.fabrykachlodu.pl\/sklep\/wp-json\/wp\/v2\/product_cat?post=88598"},{"taxonomy":"product_tag","embeddable":true,"href":"https:\/\/www.fabrykachlodu.pl\/sklep\/wp-json\/wp\/v2\/product_tag?post=88598"}],"curies":[{"name":"wp","href":"https:\/\/api.w.org\/{rel}","templated":true}]}}