{"id":88611,"date":"2023-04-19T16:04:31","date_gmt":"2023-04-19T14:04:31","guid":{"rendered":"https:\/\/www.fabrykachlodu.pl\/sklep\/?post_type=product&#038;p=88611"},"modified":"2024-04-18T23:12:18","modified_gmt":"2024-04-18T21:12:18","slug":"manometr-smartsonda-testo-549i-1-r-60-bar","status":"publish","type":"product","link":"https:\/\/www.fabrykachlodu.pl\/sklep\/produkt\/manometr-smartsonda-testo-549i-1-r-60-bar\/","title":{"rendered":"Kamera termowizyjna testo 865 z oprogramowaniem"},"content":{"rendered":"<br \/>\n<h2>Zam\u00f3wienie dotyczy:  Kamera termowizyjna testo 865 z oprogramowaniem<\/h2>\n<p><h3><strong>W jednym miejscu poznasz:<\/strong><\/h3>\n<\/p>\n<p>Kamera termowizyjna testo 865 z oprogramowaniem i wa\u017cne informacje<br \/> Poznasz najwa\u017cniejsze funkcje<br \/> Por\u00f3wnasz produkty<br \/> Poznasz parametry techniczne<br \/> Poznasz cen\u0119 i zrealizujesz zam\u00f3wienie<strong><\/p>\n<h3>Zamawiaj\u0105c produkt u nas:<\/strong><\/h3>\n<p>Otrzymasz produkt<br \/> Nowy produkt<br \/> Prawo do zwrotu<br \/> Zakup na raty<br \/> <strong><\/p>\n<h3>Zamawiaj\u0105c teraz otrzymasz:<\/strong><\/h3>\n<p> Kamera termowizyjna testo 865 z oprogramowaniem z rabatem kupuj\u0105c w naszym sklepie online  <br \/> Gwarancje <br \/> Szybka realizacje dostawyKamera termowizyjna Testo 865 <\/p>\n<p>Nr katalogowy 0560 8650<\/p>\n<p>Kamera termowizyjna Testo 865 \u0142\u0105czy wszystkie najwa\u017cniejsze cechy wymagane do wysokiej jako\u015bci pomiaru termowizyjnego \u2013 dok\u0142adno\u015b\u0107, wytrzyma\u0142o\u015b\u0107, szybko\u015b\u0107 i niezawodno\u015b\u0107. Testo 865 zapewnia wysokiej jako\u015bci obraz termowizyjny i mo\u017ce pracowa\u0107 nawet w trudnych warunkach otoczenia. A wszystko to w niewiarygodnie niskiej cenie. Dostarczana w zestawie walizka pozwala na wygodny i bezpieczny transport kamery termowizyjnej.<\/p>\n<p>Cechy produktu<\/p>\n<p>Kamera termowizyjna Testo 865 z kablem USB, zasilaczem, akumulatorem litowo-jonowym, profesjonalnym oprogramowaniem IRSoft (do bezp\u0142atnego pobrania), instrukcje uruchamiania, instrukcje skr\u00f3cone, protok\u00f3\u0142 kalibracyjny oraz walizka.<\/p>\n<p>Wysoka jako\u015b\u0107 obrazu termowizyjnego: Rozdzielczo\u015b\u0107 detektora 160 x 120 pikseli, SuperResolution &#8211; 320\u00d7240 pikseli<br \/>\nBardzo wysoka dok\u0142adno\u015b\u0107 pomiaru \u00b12\u00b0C<br \/>\nWizualizacje r\u00f3\u017cnic temperatury od 0.12\u00b0C<br \/>\nAutomatyczne wykrywanie ColdSpot\/ HotSpot<\/p>\n<p>Opis produktu<\/p>\n<p>Kamera termowizyjna Testo 865 dzi\u0119ki profesjonalnej technologi\u0119 zapewnia szybka i wydajn\u0105 prac\u0119. Dzi\u0119ki funkcji Testo ScaleAssist skala zostaje dostosowana w odniesieniu do temperatury wewn\u0119trznej i zewn\u0119trznej obiektu pomiarowego, a tak\u017ce r\u00f3\u017cnicy mi\u0119dzy nimi. IFOV Warner zagwarantuje unikni\u0119cie b\u0142\u0119d\u00f3w pomiarowych i doskona\u0142y obraz w podczerwieni.<\/p>\n<p>Kamera termowizyjna Testo 865 znajduje zastosowanie w wykrywaniu wyciek\u00f3w, identyfikacji przegrzanych po\u0142\u0105cze\u0144 elektrycznych, wykrywania mostk\u00f3w cieplnych lub wad strukturalnych. Jest idealnym rozwi\u0105zaniem do prac instalacyjnych a tak\u017ce w przemy\u015ble. Pozwala to zaoszcz\u0119dzi\u0107 czas oraz zapewniania wysok\u0105 jako\u015bci i niezawodn\u0105 kontrol\u0119 produkcji.<\/p>\n<p>Dane techniczne<\/p>\n<p>Kamera termowizyjna \/ obraz termowizyjny<\/p>\n<p>Ogniskowa Sta\u0142a ogniskowa<br \/>\nRozdzielczo\u015b\u0107 w podczerwieni 160 x 120 pikseli<br \/>\nCz\u0119stotliwo\u015b\u0107 od\u015bwie\u017cania obrazu 9 Hz<br \/>\nSuperResolution (IFOV) 2.1 mrad<br \/>\nSuperResolution (Piksel) 320 x 240 pikseli<br \/>\nRozdzielczo\u015b\u0107 geometryczna (IFOV) 3.4 mrad<br \/>\nMinimalna odleg\u0142o\u015b\u0107 pomiaru <0.5 m\nPole widzenia 31\u00b0 x 23\u00b0\nCzu\u0142o\u015b\u0107 termiczna 120 mK\nZakres spektralny 7,5 do 14 \u00b5m\n\n\nPrezentacja obrazu\n\n\nOpcje wy\u015bwietlacza obraz w podczerwieni\nPalety 4 (\u017belazo, T\u0119cza, Gor\u0105cy-Zimny, Szaro\u015b\u0107)\nWy\u015bwietlacz 8.9 cm (3.5\") TFT, QVGA (320 x 240 pixels)\n\n\nPomiar\n\n\nTemperatura odbita instrukcja\nZakres pomiarowy -20 do +280 \u00b0C\nDok\u0142adno\u015b\u0107 \u00b12 \u00b0C, \u00b12 % mierzonej warto\u015bci\nEmisyjno\u015b\u0107 0.01 do 1\n\n\nFunkcje pomiaru\n\n\nFunkcja analizy \u015aredni pomiar punktowy, rozpoznawanie punkt\u00f3w hot\/cold spot, Delta T\ntesto ScaleAssist \u2713\nIFOV Warner \u2713\n\n\nWyposa\u017cenie kamery\n\n\nTryb pe\u0142nego ekranu \u2713\nJPEG \u2713\nStrumie\u0144 video przez USB\nStandardowy obiektyw 31\u00b0 x 23\u00b0\nInterfejs USB 2.0 Micro B\n\n\nPrzechowywanie kamery\n\n\nFormat pliku .bmt; .jpg; zewn\u0119trzny; .jpg; .png; .xls; .csv\nModu\u0142 pami\u0119ci Pami\u0119\u0107 wewn\u0119trzna (2.8 GB)\n\n\nZasilanie\n\n\nTyp baterii Akumulator Li-ion z funkcj\u0105 szybkiego \u0142adowania, mo\u017ce by\u0107 wymieniany przez u\u017cytkownika\nCzas pracy 4 h\nPraca na zasilaczu tak\n\n\nWarunki zewn\u0119trzne\n\n\nKlasa ochrony IP54\nWibracje 2G\nWilgotno\u015b\u0107 powietrza 20 do 80 %RH bez kondensacji\nTemperatura przechowywania -30 do +60 \u00b0C\nTemperatura pracy -15 do +50 \u00b0C\n\n\nDane fizyczne\n\n\nObudowa PC - ABS\nWaga 510 g\nWymiary 219 x 96 x 95 mm\nOprogramowanie na PC\nWymagania systemowe Windows 10; Windows 8; Windows 7\n\n\nGwarancja, standardy, testy\n\n\nWytyczne EU EMC: 2014\/30\/EU\n\n\nOg\u00f3lne dane techniczne\n\n\nKolor produktu Czarny\nPod\u015bwietlenie wy\u015bwietlacza jasny\/ normalny\/ciemnyKamera termowizyjna testo 865 z oprogramowaniem - s\u0142u\u017cy do bezkontaktowego pomiaru temperatury powierzchni, wykorzystuj\u0105 j\u0105 zwykle pracownicy bran\u017cy spo\u017cywczej, przemys\u0142u farmaceutycznego i laboratoryjnego. Przydatna w sytuac[su_service title=\"Wskaz\u00f3wka naszego eksperta\" icon=\"icon: check-circle\" icon_color=\"#22a0ed\" size=\"38\"][\/su_service]\n<h2><strong>Zapraszamy do por\u00f3wnania zalet i wad<\/strong><\/h2>\n<p><strong>Jakie s\u0105 zalety?<\/strong><br \/><div class=\"su-service\"><div class=\"su-service-title\" style=\"padding-left:52px;min-height:38px;line-height:38px\"><i class=\"sui sui-check-circle\" style=\"font-size:38px;color:#22a0ed\"><\/i> Wskaz\u00f3wka naszego eksperta<\/div><div class=\"su-service-content su-u-clearfix su-u-trim\" style=\"padding-left:52px\">Kamera termowizyjna testo 865 z oprogramowaniem: Szybki i precyzyjny pomiar temperatury dzi\u0119ki termowizyjnej kamerze, mo\u017cliwo\u015b\u0107 dok\u0142adnej analizy wynik\u00f3w dzi\u0119ki dedykowanemu oprogramowaniu.<br \/><\/div><\/div><strong>Jakie s\u0105 wady tego produktu?<\/strong><br \/><div class=\"su-service\"><div class=\"su-service-title\" style=\"padding-left:52px;min-height:38px;line-height:38px\"><i class=\"sui sui-check-circle\" style=\"font-size:38px;color:#22a0ed\"><\/i> Wskaz\u00f3wka naszego eksperta<\/div><div class=\"su-service-content su-u-clearfix su-u-trim\" style=\"padding-left:52px\">Kamera termowizyjna testo 865 z oprogramowaniem: Wymaga baterii lub \u0142adowania przez USB. <br \/><\/div><\/div><div class=\"su-service\"><div class=\"su-service-title\" style=\"padding-left:52px;min-height:38px;line-height:38px\"><i class=\"sui sui-hand-o-right\" style=\"font-size:38px;color:#22a0ed\"><\/i> Podsumowuj\u0105c<\/div><div class=\"su-service-content su-u-clearfix su-u-trim\" style=\"padding-left:52px\">Kamera termowizyjna testo 865 z oprogramowaniem &#8211; Wada: Wysoka cena. Zaleta: \u0141atwe w u\u017cyciu i bardzo precyzyjne. Zach\u0119ta: Przydatne w diagnostyce budowlanej, mechanicznej i elektrycznej. <br \/><\/div><\/div>\n<div class=\"hr-thin\"><\/div>\n<p>&#8221; <\/p>\n<p>PARAMETRY TECHNICZNE<\/p>\n<div class=\"su-tabs su-tabs-style-default su-tabs-mobile-stack\" data-active=\"1\" data-scroll-offset=\"0\" data-anchor-in-url=\"no\"><div class=\"su-tabs-nav\"><span class=\"\" data-url=\"\" data-target=\"blank\" tabindex=\"0\" role=\"button\">Kamera<\/span><span class=\"\" data-url=\"\" data-target=\"blank\" tabindex=\"0\" role=\"button\">CPS Odzysk czynika<\/span><span class=\"\" data-url=\"\" data-target=\"blank\" tabindex=\"0\" role=\"button\">Pompa pr\u00f3\u017cniowa<\/span><span class=\"\" data-url=\"\" data-target=\"blank\" tabindex=\"0\" role=\"button\">Akcesoria Monta\u017cowe<\/span><span class=\"\" data-url=\"\" data-target=\"blank\" tabindex=\"0\" role=\"button\">Klimatyzacja i pompy oferta<\/span><span class=\"\" data-url=\"\" data-target=\"blank\" tabindex=\"0\" role=\"button\">Ch\u0142odnictwo oferta<\/span><\/div><div class=\"su-tabs-panes\"><div class=\"su-tabs-pane su-u-clearfix su-u-trim\" data-title=\"Kamera\"><div class=\"su-document su-u-responsive-media-yes\"><iframe src=\"\/\/docs.google.com\/viewer?embedded=true&url=https:\/\/www.fabrykachlodu.pl\/sklep\/wp-content\/uploads\/2023\/04\/testo_865_kamera.termowizyjna.pdf\" width=\"600\" height=\"400\" class=\"su-document\" title=\"\"><\/iframe><\/div><\/div>\n<div class=\"su-tabs-pane su-u-clearfix su-u-trim\" data-title=\"CPS Odzysk czynika\"><div class=\"su-document su-u-responsive-media-yes\"><iframe src=\"\/\/docs.google.com\/viewer?embedded=true&url=https:\/\/www.fabrykachlodu.pl\/sklep\/wp-content\/uploads\/2023\/04\/odzysk.czynnika.pdf\" width=\"600\" height=\"400\" class=\"su-document\" title=\"\"><\/iframe><\/div><\/div>\n<div class=\"su-tabs-pane su-u-clearfix su-u-trim\" data-title=\"Pompa pr\u00f3\u017cniowa\"><div class=\"su-document su-u-responsive-media-yes\"><iframe src=\"\/\/docs.google.com\/viewer?embedded=true&url=https:\/\/www.fabrykachlodu.pl\/sklep\/wp-content\/uploads\/2023\/04\/pompy.prozniowe.oleje_.do_.pomp_.pdf\" width=\"600\" height=\"400\" class=\"su-document\" title=\"\"><\/iframe><\/div><\/div>\n<div class=\"su-tabs-pane su-u-clearfix su-u-trim\" data-title=\"Akcesoria Monta\u017cowe\"><div class=\"su-document su-u-responsive-media-yes\"><iframe src=\"\/\/docs.google.com\/viewer?embedded=true&url=https:\/\/www.fabrykachlodu.pl\/sklep\/wp-content\/uploads\/2023\/04\/narzedzia.do_.rur_.frezy_.do_.gratowania.do_.giecia.do_.zaciskania.do_.rozcinania.otworow.pdf\" width=\"600\" height=\"400\" class=\"su-document\" title=\"\"><\/iframe><\/div><\/div>\n<div class=\"su-tabs-pane su-u-clearfix su-u-trim\" data-title=\"Klimatyzacja i pompy oferta\"><div class=\"su-document su-u-responsive-media-yes\"><iframe src=\"\/\/docs.google.com\/viewer?embedded=true&url=https:\/\/www.fabrykachlodu.pl\/oferta\/FC.Nowosci.pdf\" width=\"600\" height=\"400\" class=\"su-document\" title=\"\"><\/iframe><\/div><\/div>\n<div class=\"su-tabs-pane su-u-clearfix su-u-trim\" data-title=\"Ch\u0142odnictwo oferta\"><div class=\"su-document su-u-responsive-media-yes\"><iframe src=\"\/\/docs.google.com\/viewer?embedded=true&url=https:\/\/www.fabrykachlodu.pl\/oferta\/FC.Serwis_Chlodniczy.pdf\" width=\"600\" height=\"400\" class=\"su-document\" title=\"\"><\/iframe><\/div><\/div><\/div><\/div>\n<p>Dokumenty si\u0119 nie wy\u015bwietlaj\u0105? <input type=\"button\" value=\"Od\u015bwie\u017c stron\u0119\" onclick=\"location.reload();\"><\/p>\n","protected":false},"excerpt":{"rendered":"<p><span style=\"color: #000000;\"><strong>Najwa\u017cniejsze zalety<\/strong><\/span>[dt_list style=\"1\" bullet_position=\"middle\" dividers=\"true\"][dt_list style=\"1\" bullet_position=\"middle\" dividers=\"true\"][dt_list_item image=\"\"]Szybko\u015b\u0107 pomiaru[\/dt_list_item][dt_list_item image=\"\"]Dok\u0142adno\u015b\u0107 pomiar\u00f3w[\/dt_list_item][dt_list_item image=\"\"]\u0141atwo\u015b\u0107 obs\u0142ugi[\/dt_list_item][dt_list_item image=\"\"]Smart[\/dt_list_item][\/dt_list]<\/p>\n","protected":false},"featured_media":89200,"template":"","meta":[],"product_cat":[6739,6742,189],"product_tag":[6750],"yoast_head":"<!-- This site is optimized with the Yoast SEO plugin v22.1 - https:\/\/yoast.com\/wordpress\/plugins\/seo\/ -->\n<title>Kamera termowizyjna testo 865 z oprogramowaniem<\/title>\n<meta name=\"description\" content=\"Kamera termowizyjna testo 865 z oprogramowaniem\" \/>\n<meta name=\"robots\" content=\"index, nofollow, max-snippet:-1, max-image-preview:large, max-video-preview:-1, noarchive\" \/>\n<link rel=\"canonical\" href=\"https:\/\/www.fabrykachlodu.pl\/sklep\/produkt\/manometr-smartsonda-testo-549i-1-r-60-bar\/\" \/>\n<meta name=\"twitter:label1\" content=\"Szacowany czas czytania\" \/>\n\t<meta name=\"twitter:data1\" content=\"2 minuty\" \/>\n<script type=\"application\/ld+json\" class=\"yoast-schema-graph\">{\"@context\":\"https:\/\/schema.org\",\"@graph\":[{\"@type\":\"WebPage\",\"@id\":\"https:\/\/www.fabrykachlodu.pl\/sklep\/produkt\/manometr-smartsonda-testo-549i-1-r-60-bar\/\",\"url\":\"https:\/\/www.fabrykachlodu.pl\/sklep\/produkt\/manometr-smartsonda-testo-549i-1-r-60-bar\/\",\"name\":\"Kamera termowizyjna testo 865 z oprogramowaniem\",\"isPartOf\":{\"@id\":\"https:\/\/www.fabrykachlodu.pl\/sklep\/#website\"},\"datePublished\":\"2023-04-19T14:04:31+00:00\",\"dateModified\":\"2024-04-18T21:12:18+00:00\",\"description\":\"Kamera termowizyjna testo 865 z oprogramowaniem\",\"breadcrumb\":{\"@id\":\"https:\/\/www.fabrykachlodu.pl\/sklep\/produkt\/manometr-smartsonda-testo-549i-1-r-60-bar\/#breadcrumb\"},\"inLanguage\":\"pl-PL\",\"potentialAction\":[{\"@type\":\"ReadAction\",\"target\":[\"https:\/\/www.fabrykachlodu.pl\/sklep\/produkt\/manometr-smartsonda-testo-549i-1-r-60-bar\/\"]}]},{\"@type\":\"BreadcrumbList\",\"@id\":\"https:\/\/www.fabrykachlodu.pl\/sklep\/produkt\/manometr-smartsonda-testo-549i-1-r-60-bar\/#breadcrumb\",\"itemListElement\":[{\"@type\":\"ListItem\",\"position\":1,\"name\":\"Strona g\u0142\u00f3wna\",\"item\":\"https:\/\/www.fabrykachlodu.pl\/sklep\/\"},{\"@type\":\"ListItem\",\"position\":2,\"name\":\"Szukasz klimatzyacji biurowej sklepowej lub do mieszkania?\",\"item\":\"https:\/\/www.fabrykachlodu.pl\/sklep\/\"},{\"@type\":\"ListItem\",\"position\":3,\"name\":\"NARZ\u0118DZIA CH\u0141ODNICZE\",\"item\":\"https:\/\/www.fabrykachlodu.pl\/sklep\/product-category\/narzedzia-chlodnicze\/\"},{\"@type\":\"ListItem\",\"position\":4,\"name\":\"PRZYRZ\u0104DY POMIAROWE\",\"item\":\"https:\/\/www.fabrykachlodu.pl\/sklep\/product-category\/narzedzia-chlodnicze\/przyrzady-pomiarowe\/\"},{\"@type\":\"ListItem\",\"position\":5,\"name\":\"Kamera termowizyjna testo 865 z oprogramowaniem\"}]},{\"@type\":\"WebSite\",\"@id\":\"https:\/\/www.fabrykachlodu.pl\/sklep\/#website\",\"url\":\"https:\/\/www.fabrykachlodu.pl\/sklep\/\",\"name\":\"\u00b0FC Sklep Internetowy monta\u017c klimatyzacji pomp ciep\u0142a\",\"description\":\"\u00b0FC monta\u017c klimatyzacji pomp ciep\u0142a z nami to szybki i tani wyb\u00f3r.  Us\u0142ugi monta\u017cowe i serwisowe W Warszawie i okolicach..\",\"potentialAction\":[{\"@type\":\"SearchAction\",\"target\":{\"@type\":\"EntryPoint\",\"urlTemplate\":\"https:\/\/www.fabrykachlodu.pl\/sklep\/?s={search_term_string}\"},\"query-input\":\"required name=search_term_string\"}],\"inLanguage\":\"pl-PL\"}]}<\/script>\n<!-- \/ Yoast SEO plugin. -->","yoast_head_json":{"title":"Kamera termowizyjna testo 865 z oprogramowaniem","description":"Kamera termowizyjna testo 865 z oprogramowaniem","robots":{"index":"index","follow":"nofollow","max-snippet":"max-snippet:-1","max-image-preview":"max-image-preview:large","max-video-preview":"max-video-preview:-1","archive":"noarchive"},"canonical":"https:\/\/www.fabrykachlodu.pl\/sklep\/produkt\/manometr-smartsonda-testo-549i-1-r-60-bar\/","twitter_misc":{"Szacowany czas czytania":"2 minuty"},"schema":{"@context":"https:\/\/schema.org","@graph":[{"@type":"WebPage","@id":"https:\/\/www.fabrykachlodu.pl\/sklep\/produkt\/manometr-smartsonda-testo-549i-1-r-60-bar\/","url":"https:\/\/www.fabrykachlodu.pl\/sklep\/produkt\/manometr-smartsonda-testo-549i-1-r-60-bar\/","name":"Kamera termowizyjna testo 865 z oprogramowaniem","isPartOf":{"@id":"https:\/\/www.fabrykachlodu.pl\/sklep\/#website"},"datePublished":"2023-04-19T14:04:31+00:00","dateModified":"2024-04-18T21:12:18+00:00","description":"Kamera termowizyjna testo 865 z oprogramowaniem","breadcrumb":{"@id":"https:\/\/www.fabrykachlodu.pl\/sklep\/produkt\/manometr-smartsonda-testo-549i-1-r-60-bar\/#breadcrumb"},"inLanguage":"pl-PL","potentialAction":[{"@type":"ReadAction","target":["https:\/\/www.fabrykachlodu.pl\/sklep\/produkt\/manometr-smartsonda-testo-549i-1-r-60-bar\/"]}]},{"@type":"BreadcrumbList","@id":"https:\/\/www.fabrykachlodu.pl\/sklep\/produkt\/manometr-smartsonda-testo-549i-1-r-60-bar\/#breadcrumb","itemListElement":[{"@type":"ListItem","position":1,"name":"Strona g\u0142\u00f3wna","item":"https:\/\/www.fabrykachlodu.pl\/sklep\/"},{"@type":"ListItem","position":2,"name":"Szukasz klimatzyacji biurowej sklepowej lub do mieszkania?","item":"https:\/\/www.fabrykachlodu.pl\/sklep\/"},{"@type":"ListItem","position":3,"name":"NARZ\u0118DZIA CH\u0141ODNICZE","item":"https:\/\/www.fabrykachlodu.pl\/sklep\/product-category\/narzedzia-chlodnicze\/"},{"@type":"ListItem","position":4,"name":"PRZYRZ\u0104DY POMIAROWE","item":"https:\/\/www.fabrykachlodu.pl\/sklep\/product-category\/narzedzia-chlodnicze\/przyrzady-pomiarowe\/"},{"@type":"ListItem","position":5,"name":"Kamera termowizyjna testo 865 z oprogramowaniem"}]},{"@type":"WebSite","@id":"https:\/\/www.fabrykachlodu.pl\/sklep\/#website","url":"https:\/\/www.fabrykachlodu.pl\/sklep\/","name":"\u00b0FC Sklep Internetowy monta\u017c klimatyzacji pomp ciep\u0142a","description":"\u00b0FC monta\u017c klimatyzacji pomp ciep\u0142a z nami to szybki i tani wyb\u00f3r.  Us\u0142ugi monta\u017cowe i serwisowe W Warszawie i okolicach..","potentialAction":[{"@type":"SearchAction","target":{"@type":"EntryPoint","urlTemplate":"https:\/\/www.fabrykachlodu.pl\/sklep\/?s={search_term_string}"},"query-input":"required name=search_term_string"}],"inLanguage":"pl-PL"}]}},"_links":{"self":[{"href":"https:\/\/www.fabrykachlodu.pl\/sklep\/wp-json\/wp\/v2\/product\/88611"}],"collection":[{"href":"https:\/\/www.fabrykachlodu.pl\/sklep\/wp-json\/wp\/v2\/product"}],"about":[{"href":"https:\/\/www.fabrykachlodu.pl\/sklep\/wp-json\/wp\/v2\/types\/product"}],"wp:featuredmedia":[{"embeddable":true,"href":"https:\/\/www.fabrykachlodu.pl\/sklep\/wp-json\/wp\/v2\/media\/89200"}],"wp:attachment":[{"href":"https:\/\/www.fabrykachlodu.pl\/sklep\/wp-json\/wp\/v2\/media?parent=88611"}],"wp:term":[{"taxonomy":"product_cat","embeddable":true,"href":"https:\/\/www.fabrykachlodu.pl\/sklep\/wp-json\/wp\/v2\/product_cat?post=88611"},{"taxonomy":"product_tag","embeddable":true,"href":"https:\/\/www.fabrykachlodu.pl\/sklep\/wp-json\/wp\/v2\/product_tag?post=88611"}],"curies":[{"name":"wp","href":"https:\/\/api.w.org\/{rel}","templated":true}]}}