{"id":88612,"date":"2023-04-19T16:04:31","date_gmt":"2023-04-19T14:04:31","guid":{"rendered":"https:\/\/www.fabrykachlodu.pl\/sklep\/?post_type=product&#038;p=88612"},"modified":"2024-04-18T23:12:19","modified_gmt":"2024-04-18T21:12:19","slug":"kamera-termowizyjna-testo-865-z-oprogramowaniem","status":"publish","type":"product","link":"https:\/\/www.fabrykachlodu.pl\/sklep\/produkt\/kamera-termowizyjna-testo-865-z-oprogramowaniem\/","title":{"rendered":"Kamera termowizyjna testo 871 z oprogramowaniem"},"content":{"rendered":"<br \/>\n<h2>Zam\u00f3wienie dotyczy:  Kamera termowizyjna testo 871 z oprogramowaniem<\/h2>\n<p><h3><strong>W jednym miejscu poznasz:<\/strong><\/h3>\n<\/p>\n<p>Kamera termowizyjna testo 871 z oprogramowaniem i wa\u017cne informacje<br \/> Poznasz najwa\u017cniejsze funkcje<br \/> Por\u00f3wnasz produkty<br \/> Poznasz parametry techniczne<br \/> Poznasz cen\u0119 i zrealizujesz zam\u00f3wienie<strong><\/p>\n<h3>Zamawiaj\u0105c produkt u nas:<\/strong><\/h3>\n<p>Otrzymasz produkt<br \/> Nowy produkt<br \/> Prawo do zwrotu<br \/> Zakup na raty<br \/> <strong><\/p>\n<h3>Zamawiaj\u0105c teraz otrzymasz:<\/strong><\/h3>\n<p> Kamera termowizyjna testo 871 z oprogramowaniem z rabatem kupuj\u0105c w naszym sklepie online  <br \/> Gwarancje <br \/> Szybka realizacje dostawyKamera termowizyjna Testo 871\u00a0 <\/p>\n<p>Nr katalogowy 0560 8712<\/p>\n<p>Kamera termowizyjna Testo 871 \u0142\u0105czy wysok\u0105 rozdzielczo\u015b\u0107 podczerwieni z profesjonalnym pomiarem oraz \u0142atw\u0105 obs\u0142ug\u0105. Posiada wysokiej rozdzielczo\u015bci detektor 240 x 180 pikseli oraz zintegrowany aparat cyfrowy. Dzi\u0119ki aplikacji Testo Thermography App kamera \u0142\u0105czy si\u0119 bezprzewodowo z urz\u0105dzeniami mobilnymi, co sprawia, \u017ce spe\u0142nia wymagania profesjonalist\u00f3w w pracach instalacyjnych i w przemy\u015ble. Dostarczana w zestawie walizka pozwala na wygodny i bezpieczny transport kamery termowizyjnej.<\/p>\n<p>Cechy produktu<\/p>\n<p>Kamera termowizyjna Testo 871 z modu\u0142em bezprzewodowym BT\/LAN, kablem USB , zasilaczem sieciowym, akumulatorem litowo-jonowym, profesjonalnym oprogramowaniem, 3 x \u03b5-markerami, instrukcj\u0105 obs\u0142ugi, certyfikatem kalibracyjnym oraz walizk\u0105..<\/p>\n<p>Wysoka jako\u015b\u0107 obrazu termowizyjnego: Rozdzielczo\u015b\u0107 detektora 240 x 180 pikseli, SuperResolution &#8211; 480\u00d7360 pikseli<br \/>\nBezprzewodowy transfer danych pomiarowych z amperomierza c\u0119gowego Testo 770-3 oraz miernika wilgotno\u015bci Testo 605i<br \/>\nTermografia w wersji Smart: darmowa aplikacja mobilna \u201eTesto Thermography App\u201d pozwala na obs\u0142ug\u0119 kamery za pomoc\u0105 urz\u0105dzenia mobilnego, a tak\u017ce na przygotowanie i wys\u0142anie raport\u00f3w, bezpo\u015brednio z miejsca pomiaru<br \/>\nDu\u017cy zakres pomiaru temperatury: od -30\u00b0C do +650\u00b0C<\/p>\n<p>Opis produktu<\/p>\n<p>Kamera termowizyjna Testo 871 zosta\u0142a opracowana wsp\u00f3lnie ze specjalistami, aby umo\u017cliwi\u0107 u\u017cytkownikowi szybk\u0105 i \u0142atwa prac\u0119 z profesjonaln\u0105 technologi\u0105 termowizyjn\u0105. Innowacyjne funkcje pozwalaj\u0105 na generowanie por\u00f3wnywalnych i bezb\u0142\u0119dnych obraz\u00f3w termowizyjnych. Fukcje IFOV warner, Testo \u025b-Assist i Testo ScaleAssist oznaczaj\u0105, \u017ce mo\u017cna unikn\u0105\u0107 bled\u00f3w pomiarowych, bez trudu osi\u0105gn\u0105\u0107 optymalne ustawienie emisyjno\u015bci (\u025b), temperatury odbitej (RTC) oraz skal\u0119 temperatury i palet\u0119 barw. Idealne narz\u0119dzie do profesjonalnej termografii w wersji Smart.<\/p>\n<p>Kamera termowizyjna Testo 871 mo\u017ce \u0142\u0105czy\u0107 si\u0119 bezprzewodowo z urz\u0105dzeniami mobilnymi za pomoc\u0105 sieci WLAN. Z aplikacj\u0105 mobiln\u0105 Testo Thermography App na iOS i Android mo\u017cna przygotowywa\u0107 i wysy\u0142a\u0107 raport bezpo\u015brednio z miejsca pomiaru. Tw\u00f3j smartfon lub tablet zamieni si\u0119 w dodatkowy wy\u015bwietlacz oraz sterownik do obs\u0142ugi kamery termowizyjnej.<\/p>\n<p>Jako dope\u0142nienie pomiar\u00f3w termowizyjnych istnieje mo\u017cliwo\u015b\u0107 bezprzewodowej transmisji wynik\u00f3w pomiarowych z amperomierza c\u0119gowego Testo 770-3, a tak\u017ce z miernika wilgotno\u015bci i temperatury Testo 605i (oba przyrz\u0105dy pomiarowe dost\u0119pne jako opcja) do kamery Testo 868.Wyniki pomiar\u00f3w z przyrz\u0105d\u00f3w pomiarowych mog\u0105 by\u0107 \u0142atwo przesy\u0142ane przez Bluetooth. Pozwala to na szybk\u0105 i \u0142atw\u0105 identyfikacj\u0119 miejsc zagro\u017conych wyst\u0119powaniem zawilgoce\u0144 i ple\u015bni, a tak\u017ce okre\u015blenie pod jakim obci\u0105\u017ceniem dzia\u0142a szafa sterownicza.<\/p>\n<p>Kamera termowizyjna Testo 871 znajduje zastosowanie w wykrywaniu wyciek\u00f3w, mostk\u00f3w cieplnych, identyfikacji wad konstrukcyjnych, przegrzanych po\u0142\u0105cze\u0144 elektrycznych oraz ocen\u0105 uszkodze\u0144. Jest idealnym rozwi\u0105zaniem do zastosowa\u0144 w codziennej pracy instalator\u00f3w, a tak\u017ce przemy\u015ble. Pozwala to zaoszcz\u0119dzi\u0107 czas oraz zapewnia wysok\u0105 jako\u015b\u0107 i niezawodn\u0105 kontrol\u0119 produkcji.<\/p>\n<p>Dane techniczne<\/p>\n<p>Kamera termowizyjna \/ obraz termowizyjny<\/p>\n<p>Ogniskowa Sta\u0142a ogniskowa<br \/>\nRozdzielczo\u015b\u0107 w podczerwieni 240&#215;180 pikseli<br \/>\nCz\u0119stotliwo\u015b\u0107 od\u015bwie\u017cania obrazu 9 Hz<br \/>\nSuperResolution (IFOV) 1,6 mrad<br \/>\nSuperResolution (Piksel) 480&#215;360 pikseli<br \/>\nRozdzielczo\u015b\u0107 geometryczna (IFOV) 2,6 mrad<br \/>\nMinimalna odleg\u0142o\u015b\u0107 pomiaru <0.5 m\nPole widzenia 35\u00b0 x 26\u00b0\nCzu\u0142o\u015b\u0107 termiczna 90 mK\nZakres spektralny 7,5 do 14 \u00b5m\n\n\nObraz zewn\u0119trzny\n\n\nMinimalna odleg\u0142o\u015b\u0107 pomiaru 0,5 m\nRozmiar obrazu Rozmiar obrazu 3,1 MP\n\n\nPrezentacja obrazu\n\n\nOpcje wy\u015bwietlacza obraz w podczerwieni\/ obraz rzeczywisty\nPalety 4 (\u017belazo, T\u0119cza, Gor\u0105cy-Zimny, Szaro\u015b\u0107)\nWy\u015bwietlacz 8.9 cm (3.5\") TFT, QVGA (320 x 240 pixels)\n\n\nPomiar\n\n\nTemperatura odbita instrukcja\nesto \u03b5-Assist \u2713\nZakres pomiarowy -30\u00b0C a + 100\u00b0C; 0\u00b0C do +650\u00b0C\nDok\u0142adno\u015b\u0107 \u00b12 \u00b0C, \u00b12 % mierzonej warto\u015bci\nEmisyjno\u015b\u0107 0.01 do 1\n\n\nFunkcje pomiaru\n\n\nModu\u0142 solarny wprowadzanie warto\u015bci\npromieniowania s\u0142onecznego\nFunkcja analizy \u015aredni pomiar punktowy,\nrozpoznawanie punkt\u00f3w hot\/cold\nspot, Delta T\ntesto ScaleAssist \u2713\nTryb wilgotno\u015bci \u2013 r\u0119czny \u2713\nIFOV Warner \u2713\nTryb pomiar\u00f3w elektrycznych \u2013 r\u0119czny Wprowadzanie warto\u015bci nat\u0119\u017cenia, napi\u0119cia lub mocy\nPomiary elektryczne z miernikiem c\u0119gowym Bezprzewodowy transfer danych pomiarowych z amperomierza c\u0119gowego testo 770-3 (urz\u0105dzenie musi by\u0107 zamawiane osobno) Zgoda na transmisj\u0119 bezprzewodow\u0105 w krajach UE, EFTA, USA,Kanadzie, Australii, Turcji\n\n\nWyposa\u017cenie kamery\n\n\nAparat cyfrowy \u2713\nTryb pe\u0142nego ekranu \u2713\nJPEG \u2713\nStrumie\u0144 video przez USB, przez WLAN z aplikacj\u0105 testo Thermography App\nStandardowy obiektyw 35\u00b0 x 26\u00b0\nInterfejs USB 2.0 Micro B\n\u0141\u0105czno\u015b\u0107 WLAN komunikacja z aplikacj\u0105 mobiln\u0105 testo Thermography App; bezprzewodowy modu\u0142 WLAN (EU, EFTA, USA, AUS, CDN, TR)\nBluetooth Warto\u015bci pomiarowe przesy\u0142ane s\u0105 z termohigrometru testo 605i oraz amperomierza c\u0119gowego testo 770-3; \u0141\u0105czno\u015b\u0107 dopuszczona jest w krajach: UE, EFTA, USA, Kanada, Australia, Turcja\n\n\nPrzechowywanie danych\n\n\nFormat pliku .bmt; .jpg; zewn\u0119trzny; .jpg; .png; .xls; .csv\nModu\u0142 pami\u0119ci Pami\u0119\u0107 wewn\u0119trzna (2.8 GB)\n\n\nZasilanie\n\n\nTyp baterii Akumulator Li-ion z funkcj\u0105 szybkiego \u0142adowania, mo\u017ce by\u0107 wymieniany przez u\u017cytkownika\nCzas pracy 4 h\nPraca na zasilaczu tak\n\n\nWarunki zewn\u0119trzne\n\n\nKlasa ochrony IP54\nWibracje 2G\nWilgotno\u015b\u0107 powietrza 20 do 80 %RH bez kondensacji\nTemperatura przechowywania -30 do +60 \u00b0C\nTemperatura pracy -15 do +50 \u00b0C\n\n\nDane fizyczne\n\n\nObudowa PC - ABS\nWaga 510 g\nWymiary 219 x 96 x 95 mm\n\n\nOprogramowanie na PC\n\n\nWymagania systemowe Windows 10; Windows 8; Windows 7\n\n\nGwarancja, standardy, testy\n\n\nWytyczne EU RED: 2014\/53\/EU; EMC: 2014\/30\/EU\nOg\u00f3lne dane techniczne\nKolor produktu Czarny\nPod\u015bwietlenie wy\u015bwietlacza jasny\/ normalny\/ciemny\n\n\nDane fizyczne\n\n\nObudowa PC - ABS\nWaga 510 g\nWymiary 219 x 96 x 95 mmKamera termowizyjna testo 865 z oprogramowaniem s\u0142u\u017cy do wykrywania i wizualizacji obszar\u00f3w o r\u00f3\u017cnych temperaturach. Zalety to \u0142atwo\u015b\u0107 obs\u0142ugi, precyzyjno\u015b\u0107 i szybko\u015b\u0107 pomiar\u00f3w oraz mo\u017cliwo\u015b\u0107 przetwarzania danych. U\u017cytkownicy to zwykle in\u017cynierowie, technicy, inspektorzy, pracownicy serwisu i konserwacji, a bran\u017ce to np. przemys\u0142, budownictwo, medycyna, energetyka. Sprawdza si\u0119 w sytuacjach, gdy potrzebne jest szybkie wykrycie awarii lub nieszczelno\u015bci, wykrycie \u017ar\u00f3d\u0142a problemu, badanie izolacji termicznej, kontrola jako\u015bci produkcji, itp.[su_service title=\"Wskaz\u00f3wka naszego eksperta\" icon=\"icon: check-circle\" icon_color=\"#22a0ed\" size=\"38\"][\/su_service]\n<h2><strong>Zapraszamy do por\u00f3wnania zalet i wad<\/strong><\/h2>\n<p><strong>Jakie s\u0105 zalety?<\/strong><br \/><div class=\"su-service\"><div class=\"su-service-title\" style=\"padding-left:52px;min-height:38px;line-height:38px\"><i class=\"sui sui-check-circle\" style=\"font-size:38px;color:#22a0ed\"><\/i> Wskaz\u00f3wka naszego eksperta<\/div><div class=\"su-service-content su-u-clearfix su-u-trim\" style=\"padding-left:52px\">Kamera termowizyjna testo 871 z oprogramowaniem pozwala na precyzyjne i szybkie wykrycie problem\u00f3w termicznych w instalacjach, a tak\u017ce umo\u017cliwia rejestracj\u0119 i analiz\u0119 wynik\u00f3w.<br \/><\/div><\/div><strong>Jakie s\u0105 wady tego produktu?<\/strong><br \/><div class=\"su-service\"><div class=\"su-service-title\" style=\"padding-left:52px;min-height:38px;line-height:38px\"><i class=\"sui sui-check-circle\" style=\"font-size:38px;color:#22a0ed\"><\/i> Wskaz\u00f3wka naszego eksperta<\/div><div class=\"su-service-content su-u-clearfix su-u-trim\" style=\"padding-left:52px\">Kamera termowizyjna testo 871 z oprogramowaniem: Wymaga baterii lub \u0142adowania przez USB. <br \/><\/div><\/div><div class=\"su-service\"><div class=\"su-service-title\" style=\"padding-left:52px;min-height:38px;line-height:38px\"><i class=\"sui sui-hand-o-right\" style=\"font-size:38px;color:#22a0ed\"><\/i> Podsumowuj\u0105c<\/div><div class=\"su-service-content su-u-clearfix su-u-trim\" style=\"padding-left:52px\">Kamera termowizyjna testo 871 z oprogramowaniem &#8211; Wada: Najwy\u017csza cena w\u015br\u00f3d kamer termowizyjnych marki Testo. Zaleta: Najlepsza jako\u015b\u0107 obrazu. Zach\u0119ta: Idealny dla profesjonalist\u00f3w, kt\u00f3rzy potrzebuj\u0105 precyzyjnego obrazu w wysokiej rozdzielczo\u015bci. <br \/><\/div><\/div>\n<div class=\"hr-thin\"><\/div>\n<p>&#8221; <\/p>\n<p>PARAMETRY TECHNICZNE<\/p>\n<div class=\"su-tabs su-tabs-style-default su-tabs-mobile-stack\" data-active=\"1\" data-scroll-offset=\"0\" data-anchor-in-url=\"no\"><div class=\"su-tabs-nav\"><span class=\"\" data-url=\"\" data-target=\"blank\" tabindex=\"0\" role=\"button\">Kamera<\/span><span class=\"\" data-url=\"\" data-target=\"blank\" tabindex=\"0\" role=\"button\">CPS Odzysk czynika<\/span><span class=\"\" data-url=\"\" data-target=\"blank\" tabindex=\"0\" role=\"button\">Pompa pr\u00f3\u017cniowa<\/span><span class=\"\" data-url=\"\" data-target=\"blank\" tabindex=\"0\" role=\"button\">Akcesoria Monta\u017cowe<\/span><span class=\"\" data-url=\"\" data-target=\"blank\" tabindex=\"0\" role=\"button\">Klimatyzacja i pompy oferta<\/span><span class=\"\" data-url=\"\" data-target=\"blank\" tabindex=\"0\" role=\"button\">Ch\u0142odnictwo oferta<\/span><\/div><div class=\"su-tabs-panes\"><div class=\"su-tabs-pane su-u-clearfix su-u-trim\" data-title=\"Kamera\"><div class=\"su-document su-u-responsive-media-yes\"><iframe src=\"\/\/docs.google.com\/viewer?embedded=true&url=https:\/\/www.fabrykachlodu.pl\/sklep\/wp-content\/uploads\/2023\/04\/testo_871_testo.kamera.termowizyjna.pdf\" width=\"600\" height=\"400\" class=\"su-document\" title=\"\"><\/iframe><\/div><\/div>\n<div class=\"su-tabs-pane su-u-clearfix su-u-trim\" data-title=\"CPS Odzysk czynika\"><div class=\"su-document su-u-responsive-media-yes\"><iframe src=\"\/\/docs.google.com\/viewer?embedded=true&url=https:\/\/www.fabrykachlodu.pl\/sklep\/wp-content\/uploads\/2023\/04\/odzysk.czynnika.pdf\" width=\"600\" height=\"400\" class=\"su-document\" title=\"\"><\/iframe><\/div><\/div>\n<div class=\"su-tabs-pane su-u-clearfix su-u-trim\" data-title=\"Pompa pr\u00f3\u017cniowa\"><div class=\"su-document su-u-responsive-media-yes\"><iframe src=\"\/\/docs.google.com\/viewer?embedded=true&url=https:\/\/www.fabrykachlodu.pl\/sklep\/wp-content\/uploads\/2023\/04\/pompy.prozniowe.oleje_.do_.pomp_.pdf\" width=\"600\" height=\"400\" class=\"su-document\" title=\"\"><\/iframe><\/div><\/div>\n<div class=\"su-tabs-pane su-u-clearfix su-u-trim\" data-title=\"Akcesoria Monta\u017cowe\"><div class=\"su-document su-u-responsive-media-yes\"><iframe src=\"\/\/docs.google.com\/viewer?embedded=true&url=https:\/\/www.fabrykachlodu.pl\/sklep\/wp-content\/uploads\/2023\/04\/narzedzia.do_.rur_.frezy_.do_.gratowania.do_.giecia.do_.zaciskania.do_.rozcinania.otworow.pdf\" width=\"600\" height=\"400\" class=\"su-document\" title=\"\"><\/iframe><\/div><\/div>\n<div class=\"su-tabs-pane su-u-clearfix su-u-trim\" data-title=\"Klimatyzacja i pompy oferta\"><div class=\"su-document su-u-responsive-media-yes\"><iframe src=\"\/\/docs.google.com\/viewer?embedded=true&url=https:\/\/www.fabrykachlodu.pl\/oferta\/FC.Nowosci.pdf\" width=\"600\" height=\"400\" class=\"su-document\" title=\"\"><\/iframe><\/div><\/div>\n<div class=\"su-tabs-pane su-u-clearfix su-u-trim\" data-title=\"Ch\u0142odnictwo oferta\"><div class=\"su-document su-u-responsive-media-yes\"><iframe src=\"\/\/docs.google.com\/viewer?embedded=true&url=https:\/\/www.fabrykachlodu.pl\/oferta\/FC.Serwis_Chlodniczy.pdf\" width=\"600\" height=\"400\" class=\"su-document\" title=\"\"><\/iframe><\/div><\/div><\/div><\/div>\n<p>Dokumenty si\u0119 nie wy\u015bwietlaj\u0105? <input type=\"button\" value=\"Od\u015bwie\u017c stron\u0119\" onclick=\"location.reload();\"><\/p>\n","protected":false},"excerpt":{"rendered":"<p><span style=\"color: #000000;\"><strong>Najwa\u017cniejsze zalety<\/strong><\/span>[dt_list style=\"1\" bullet_position=\"middle\" dividers=\"true\"][dt_list style=\"1\" bullet_position=\"middle\" dividers=\"true\"][dt_list_item image=\"\"]Precyzja pomiar\u00f3w[\/dt_list_item][dt_list_item image=\"\"]\u0141atwo\u015b\u0107 obs\u0142ugi[\/dt_list_item][dt_list_item image=\"\"]Funkcjonalno\u015b\u0107[\/dt_list_item][dt_list_item image=\"\"]Smart[\/dt_list_item][\/dt_list]<\/p>\n","protected":false},"featured_media":89201,"template":"","meta":[],"product_cat":[6739,6742,189],"product_tag":[6750],"yoast_head":"<!-- This site is optimized with the Yoast SEO plugin v22.1 - https:\/\/yoast.com\/wordpress\/plugins\/seo\/ -->\n<title>Kamera termowizyjna testo 871 z oprogramowaniem<\/title>\n<meta name=\"description\" content=\"Kamera termowizyjna testo 871 z oprogramowaniem\" \/>\n<meta name=\"robots\" content=\"index, nofollow, max-snippet:-1, max-image-preview:large, max-video-preview:-1, noarchive\" \/>\n<link rel=\"canonical\" href=\"https:\/\/www.fabrykachlodu.pl\/sklep\/produkt\/kamera-termowizyjna-testo-865-z-oprogramowaniem\/\" \/>\n<meta name=\"twitter:label1\" content=\"Szacowany czas czytania\" \/>\n\t<meta name=\"twitter:data1\" content=\"3 minuty\" \/>\n<script type=\"application\/ld+json\" class=\"yoast-schema-graph\">{\"@context\":\"https:\/\/schema.org\",\"@graph\":[{\"@type\":\"WebPage\",\"@id\":\"https:\/\/www.fabrykachlodu.pl\/sklep\/produkt\/kamera-termowizyjna-testo-865-z-oprogramowaniem\/\",\"url\":\"https:\/\/www.fabrykachlodu.pl\/sklep\/produkt\/kamera-termowizyjna-testo-865-z-oprogramowaniem\/\",\"name\":\"Kamera termowizyjna testo 871 z oprogramowaniem\",\"isPartOf\":{\"@id\":\"https:\/\/www.fabrykachlodu.pl\/sklep\/#website\"},\"datePublished\":\"2023-04-19T14:04:31+00:00\",\"dateModified\":\"2024-04-18T21:12:19+00:00\",\"description\":\"Kamera termowizyjna testo 871 z oprogramowaniem\",\"breadcrumb\":{\"@id\":\"https:\/\/www.fabrykachlodu.pl\/sklep\/produkt\/kamera-termowizyjna-testo-865-z-oprogramowaniem\/#breadcrumb\"},\"inLanguage\":\"pl-PL\",\"potentialAction\":[{\"@type\":\"ReadAction\",\"target\":[\"https:\/\/www.fabrykachlodu.pl\/sklep\/produkt\/kamera-termowizyjna-testo-865-z-oprogramowaniem\/\"]}]},{\"@type\":\"BreadcrumbList\",\"@id\":\"https:\/\/www.fabrykachlodu.pl\/sklep\/produkt\/kamera-termowizyjna-testo-865-z-oprogramowaniem\/#breadcrumb\",\"itemListElement\":[{\"@type\":\"ListItem\",\"position\":1,\"name\":\"Strona g\u0142\u00f3wna\",\"item\":\"https:\/\/www.fabrykachlodu.pl\/sklep\/\"},{\"@type\":\"ListItem\",\"position\":2,\"name\":\"Szukasz klimatzyacji biurowej sklepowej lub do mieszkania?\",\"item\":\"https:\/\/www.fabrykachlodu.pl\/sklep\/\"},{\"@type\":\"ListItem\",\"position\":3,\"name\":\"NARZ\u0118DZIA CH\u0141ODNICZE\",\"item\":\"https:\/\/www.fabrykachlodu.pl\/sklep\/product-category\/narzedzia-chlodnicze\/\"},{\"@type\":\"ListItem\",\"position\":4,\"name\":\"PRZYRZ\u0104DY POMIAROWE\",\"item\":\"https:\/\/www.fabrykachlodu.pl\/sklep\/product-category\/narzedzia-chlodnicze\/przyrzady-pomiarowe\/\"},{\"@type\":\"ListItem\",\"position\":5,\"name\":\"Kamera termowizyjna testo 871 z oprogramowaniem\"}]},{\"@type\":\"WebSite\",\"@id\":\"https:\/\/www.fabrykachlodu.pl\/sklep\/#website\",\"url\":\"https:\/\/www.fabrykachlodu.pl\/sklep\/\",\"name\":\"\u00b0FC Sklep Internetowy monta\u017c klimatyzacji pomp ciep\u0142a\",\"description\":\"\u00b0FC monta\u017c klimatyzacji pomp ciep\u0142a z nami to szybki i tani wyb\u00f3r.  Us\u0142ugi monta\u017cowe i serwisowe W Warszawie i okolicach..\",\"potentialAction\":[{\"@type\":\"SearchAction\",\"target\":{\"@type\":\"EntryPoint\",\"urlTemplate\":\"https:\/\/www.fabrykachlodu.pl\/sklep\/?s={search_term_string}\"},\"query-input\":\"required name=search_term_string\"}],\"inLanguage\":\"pl-PL\"}]}<\/script>\n<!-- \/ Yoast SEO plugin. -->","yoast_head_json":{"title":"Kamera termowizyjna testo 871 z oprogramowaniem","description":"Kamera termowizyjna testo 871 z oprogramowaniem","robots":{"index":"index","follow":"nofollow","max-snippet":"max-snippet:-1","max-image-preview":"max-image-preview:large","max-video-preview":"max-video-preview:-1","archive":"noarchive"},"canonical":"https:\/\/www.fabrykachlodu.pl\/sklep\/produkt\/kamera-termowizyjna-testo-865-z-oprogramowaniem\/","twitter_misc":{"Szacowany czas czytania":"3 minuty"},"schema":{"@context":"https:\/\/schema.org","@graph":[{"@type":"WebPage","@id":"https:\/\/www.fabrykachlodu.pl\/sklep\/produkt\/kamera-termowizyjna-testo-865-z-oprogramowaniem\/","url":"https:\/\/www.fabrykachlodu.pl\/sklep\/produkt\/kamera-termowizyjna-testo-865-z-oprogramowaniem\/","name":"Kamera termowizyjna testo 871 z oprogramowaniem","isPartOf":{"@id":"https:\/\/www.fabrykachlodu.pl\/sklep\/#website"},"datePublished":"2023-04-19T14:04:31+00:00","dateModified":"2024-04-18T21:12:19+00:00","description":"Kamera termowizyjna testo 871 z oprogramowaniem","breadcrumb":{"@id":"https:\/\/www.fabrykachlodu.pl\/sklep\/produkt\/kamera-termowizyjna-testo-865-z-oprogramowaniem\/#breadcrumb"},"inLanguage":"pl-PL","potentialAction":[{"@type":"ReadAction","target":["https:\/\/www.fabrykachlodu.pl\/sklep\/produkt\/kamera-termowizyjna-testo-865-z-oprogramowaniem\/"]}]},{"@type":"BreadcrumbList","@id":"https:\/\/www.fabrykachlodu.pl\/sklep\/produkt\/kamera-termowizyjna-testo-865-z-oprogramowaniem\/#breadcrumb","itemListElement":[{"@type":"ListItem","position":1,"name":"Strona g\u0142\u00f3wna","item":"https:\/\/www.fabrykachlodu.pl\/sklep\/"},{"@type":"ListItem","position":2,"name":"Szukasz klimatzyacji biurowej sklepowej lub do mieszkania?","item":"https:\/\/www.fabrykachlodu.pl\/sklep\/"},{"@type":"ListItem","position":3,"name":"NARZ\u0118DZIA CH\u0141ODNICZE","item":"https:\/\/www.fabrykachlodu.pl\/sklep\/product-category\/narzedzia-chlodnicze\/"},{"@type":"ListItem","position":4,"name":"PRZYRZ\u0104DY POMIAROWE","item":"https:\/\/www.fabrykachlodu.pl\/sklep\/product-category\/narzedzia-chlodnicze\/przyrzady-pomiarowe\/"},{"@type":"ListItem","position":5,"name":"Kamera termowizyjna testo 871 z oprogramowaniem"}]},{"@type":"WebSite","@id":"https:\/\/www.fabrykachlodu.pl\/sklep\/#website","url":"https:\/\/www.fabrykachlodu.pl\/sklep\/","name":"\u00b0FC Sklep Internetowy monta\u017c klimatyzacji pomp ciep\u0142a","description":"\u00b0FC monta\u017c klimatyzacji pomp ciep\u0142a z nami to szybki i tani wyb\u00f3r.  Us\u0142ugi monta\u017cowe i serwisowe W Warszawie i okolicach..","potentialAction":[{"@type":"SearchAction","target":{"@type":"EntryPoint","urlTemplate":"https:\/\/www.fabrykachlodu.pl\/sklep\/?s={search_term_string}"},"query-input":"required name=search_term_string"}],"inLanguage":"pl-PL"}]}},"_links":{"self":[{"href":"https:\/\/www.fabrykachlodu.pl\/sklep\/wp-json\/wp\/v2\/product\/88612"}],"collection":[{"href":"https:\/\/www.fabrykachlodu.pl\/sklep\/wp-json\/wp\/v2\/product"}],"about":[{"href":"https:\/\/www.fabrykachlodu.pl\/sklep\/wp-json\/wp\/v2\/types\/product"}],"wp:featuredmedia":[{"embeddable":true,"href":"https:\/\/www.fabrykachlodu.pl\/sklep\/wp-json\/wp\/v2\/media\/89201"}],"wp:attachment":[{"href":"https:\/\/www.fabrykachlodu.pl\/sklep\/wp-json\/wp\/v2\/media?parent=88612"}],"wp:term":[{"taxonomy":"product_cat","embeddable":true,"href":"https:\/\/www.fabrykachlodu.pl\/sklep\/wp-json\/wp\/v2\/product_cat?post=88612"},{"taxonomy":"product_tag","embeddable":true,"href":"https:\/\/www.fabrykachlodu.pl\/sklep\/wp-json\/wp\/v2\/product_tag?post=88612"}],"curies":[{"name":"wp","href":"https:\/\/api.w.org\/{rel}","templated":true}]}}