{"id":88613,"date":"2023-04-19T16:04:31","date_gmt":"2023-04-19T14:04:31","guid":{"rendered":"https:\/\/www.fabrykachlodu.pl\/sklep\/?post_type=product&#038;p=88613"},"modified":"2024-04-18T23:12:19","modified_gmt":"2024-04-18T21:12:19","slug":"kamera-termowizyjna-testo-871-z-oprogramowaniem","status":"publish","type":"product","link":"https:\/\/www.fabrykachlodu.pl\/sklep\/produkt\/kamera-termowizyjna-testo-871-z-oprogramowaniem\/","title":{"rendered":"Multimetr uniwersalnyAC750 z c\u0119gami Dietza 600A, 1000V CPS"},"content":{"rendered":"<br \/>\n<h2>Zam\u00f3wienie dotyczy:  Multimetr uniwersalnyAC750 z c\u0119gami Dietza 600A, 1000V CPS<\/h2>\n<p><h3><strong>W jednym miejscu poznasz:<\/strong><\/h3>\n<\/p>\n<p>Multimetr uniwersalnyAC750 z c\u0119gami Dietza 600A, 1000V CPS i wa\u017cne informacje<br \/> Poznasz najwa\u017cniejsze funkcje<br \/> Por\u00f3wnasz produkty<br \/> Poznasz parametry techniczne<br \/> Poznasz cen\u0119 i zrealizujesz zam\u00f3wienie<strong><\/p>\n<h3>Zamawiaj\u0105c produkt u nas:<\/strong><\/h3>\n<p>Otrzymasz produkt<br \/> Nowy produkt<br \/> Prawo do zwrotu<br \/> Zakup na raty<br \/> <strong><\/p>\n<h3>Zamawiaj\u0105c teraz otrzymasz:<\/strong><\/h3>\n<p> Multimetr uniwersalnyAC750 z c\u0119gami Dietza 600A, 1000V CPS z rabatem kupuj\u0105c w naszym sklepie online  <br \/> Gwarancje <br \/> Szybka realizacje dostawyCyfrowy multimetr AC750 z c\u0119gami Dietza<\/p>\n<p>AC750 to wielofunkcyjny miernik szcz\u0119kowy AC\/DC posiadaj\u0105cy szereg zaawansowanych funkcji jak przechwytywanie prawdziwych warto\u015bci\u00a0 pr\u0105du rozruchowego InRush, bezkontaktowe wykrywanie obecno\u015bci pr\u0105du (napi\u0119cia), zapis danych wyj\u015bciowych na komputerze PC.<\/p>\n<p>CECHY I ZALETY<\/p>\n<p>Wszechstronny przyrz\u0105d do badania napi\u0119cia AC\/DC, nat\u0119\u017cenia pr\u0105du AC\/DC, rezystancji i cz\u0119stotliwo\u015bci<br \/>\nPomiar rzeczywistej warto\u015bci skutecznej pr\u0105du przemiennego<br \/>\nPomiar warto\u015bci maksymalnej \/ minimalnej<br \/>\nCi\u0105g\u0142o\u015b\u0107 pomiaru potwierdzona akustycznie i wizualnie &#8211; diody<br \/>\nBezdotykowe wykrywanie napi\u0119cia<br \/>\nZintegrowana lampka zacisku i pod\u015bwietlenia LCD<br \/>\nAutomatyczny przycisk zerowania pomiar\u00f3w nat\u0119\u017cenia pr\u0105du sta\u0142ego (DCA)<br \/>\nZakres wybierany automatycznie \/ r\u0119cznie, automatyczne wy\u0142\u0105czanieMultimetr uniwersalny AC750 z c\u0119gami Dietza 600A, 1000V CPS s\u0142u\u017cy do pomiar\u00f3w elektrycznych w r\u00f3\u017cnych systemach i urz\u0105dzeniach elektronicznych. Jego zalety to precyzyjne pomiary pr\u0105du, napi\u0119cia, rezystancji oraz ci\u0105g\u0142e monitorowanie parametr\u00f3w elektrycznych. Ten produkt wykorzystuj\u0105 przede wszystkim elektrycy, elektronicy oraz specjali\u015bci z dziedziny automatyki. Multimetr ten sprawdza si\u0119 w sytuacjach, gdy wymagane s\u0105 dok\u0142adne pomiary pr\u0105d\u00f3w i napi\u0119\u0107, na przyk\u0142ad w systemach zasilania, instalacjach przemys\u0142owych i innych aplikacjach wymagaj\u0105cych precyzyjnego pomiaru warto\u015bci elektrycznych.<div class=\"su-service\"><div class=\"su-service-title\" style=\"padding-left:52px;min-height:38px;line-height:38px\"><i class=\"sui sui-check-circle\" style=\"font-size:38px;color:#22a0ed\"><\/i> Wskaz\u00f3wka naszego eksperta<\/div><div class=\"su-service-content su-u-clearfix su-u-trim\" style=\"padding-left:52px\"><\/div><\/div>\n<h2><strong>Zapraszamy do por\u00f3wnania zalet i wad<\/strong><\/h2>\n<p><strong>Jakie s\u0105 zalety?<\/strong><br \/><div class=\"su-service\"><div class=\"su-service-title\" style=\"padding-left:52px;min-height:38px;line-height:38px\"><i class=\"sui sui-check-circle\" style=\"font-size:38px;color:#22a0ed\"><\/i> Wskaz\u00f3wka naszego eksperta<\/div><div class=\"su-service-content su-u-clearfix su-u-trim\" style=\"padding-left:52px\">Multimetr uniwersalny AC750 z c\u0119gami Dietza 600A, 1000V CPS to wszechstronne narz\u0119dzie pomiarowe, kt\u00f3re pozwala na dok\u0142adne i bezpieczne pomiary w instalacjach elektrycznych oraz w innych dziedzinach.<br \/><\/div><\/div><strong>Jakie s\u0105 wady tego produktu?<\/strong><br \/><div class=\"su-service\"><div class=\"su-service-title\" style=\"padding-left:52px;min-height:38px;line-height:38px\"><i class=\"sui sui-check-circle\" style=\"font-size:38px;color:#22a0ed\"><\/i> Wskaz\u00f3wka naszego eksperta<\/div><div class=\"su-service-content su-u-clearfix su-u-trim\" style=\"padding-left:52px\">Multimetr uniwersalnyAC750 z c\u0119gami Dietza 600A, 1000V CPS: Mo\u017ce wymaga\u0107 kalibracji przed pierwszym u\u017cyciem. <br \/><\/div><\/div><div class=\"su-service\"><div class=\"su-service-title\" style=\"padding-left:52px;min-height:38px;line-height:38px\"><i class=\"sui sui-hand-o-right\" style=\"font-size:38px;color:#22a0ed\"><\/i> Podsumowuj\u0105c<\/div><div class=\"su-service-content su-u-clearfix su-u-trim\" style=\"padding-left:52px\">Multimetr uniwersalnyAC750: Wada &#8211; brak funkcji pomiaru pojemno\u015bci kondensator\u00f3w. Zaleta &#8211; du\u017ca dok\u0142adno\u015b\u0107 pomiar\u00f3w i wytrzyma\u0142a obudowa. Zach\u0119camy do zakupu, je\u015bli potrzebujesz niezawodnego i precyzyjnego multimetru.<\/div><\/div>\n<div class=\"hr-thin\"><\/div>\n<p>&#8221; <\/p>\n<p>PARAMETRY TECHNICZNE<\/p>\n<div class=\"su-tabs su-tabs-style-default su-tabs-mobile-stack\" data-active=\"1\" data-scroll-offset=\"0\" data-anchor-in-url=\"no\"><div class=\"su-tabs-nav\"><span class=\"\" data-url=\"\" data-target=\"blank\" tabindex=\"0\" role=\"button\">Multimetr CPS<\/span><span class=\"\" data-url=\"\" data-target=\"blank\" tabindex=\"0\" role=\"button\">CPS Odzysk czynika<\/span><span class=\"\" data-url=\"\" data-target=\"blank\" tabindex=\"0\" role=\"button\">Pompa pr\u00f3\u017cniowa<\/span><span class=\"\" data-url=\"\" data-target=\"blank\" tabindex=\"0\" role=\"button\">Akcesoria Monta\u017cowe<\/span><span class=\"\" data-url=\"\" data-target=\"blank\" tabindex=\"0\" role=\"button\">Klimatyzacja i pompy oferta<\/span><span class=\"\" data-url=\"\" data-target=\"blank\" tabindex=\"0\" role=\"button\">Ch\u0142odnictwo oferta<\/span><\/div><div class=\"su-tabs-panes\"><div class=\"su-tabs-pane su-u-clearfix su-u-trim\" data-title=\"Multimetr CPS\"><div class=\"su-document su-u-responsive-media-yes\"><iframe src=\"\/\/docs.google.com\/viewer?embedded=true&url=https:\/\/www.fabrykachlodu.pl\/sklep\/wp-content\/uploads\/2023\/04\/wagi.mierniki.zaciskowe.mierniki.manometry.wykrywacze.mierniki.termometry.pdf\" width=\"600\" height=\"400\" class=\"su-document\" title=\"\"><\/iframe><\/div><\/div>\n<div class=\"su-tabs-pane su-u-clearfix su-u-trim\" data-title=\"CPS Odzysk czynika\"><div class=\"su-document su-u-responsive-media-yes\"><iframe src=\"\/\/docs.google.com\/viewer?embedded=true&url=https:\/\/www.fabrykachlodu.pl\/sklep\/wp-content\/uploads\/2023\/04\/odzysk.czynnika.pdf\" width=\"600\" height=\"400\" class=\"su-document\" title=\"\"><\/iframe><\/div><\/div>\n<div class=\"su-tabs-pane su-u-clearfix su-u-trim\" data-title=\"Pompa pr\u00f3\u017cniowa\"><div class=\"su-document su-u-responsive-media-yes\"><iframe src=\"\/\/docs.google.com\/viewer?embedded=true&url=https:\/\/www.fabrykachlodu.pl\/sklep\/wp-content\/uploads\/2023\/04\/pompy.prozniowe.oleje_.do_.pomp_.pdf\" width=\"600\" height=\"400\" class=\"su-document\" title=\"\"><\/iframe><\/div><\/div>\n<div class=\"su-tabs-pane su-u-clearfix su-u-trim\" data-title=\"Akcesoria Monta\u017cowe\"><div class=\"su-document su-u-responsive-media-yes\"><iframe src=\"\/\/docs.google.com\/viewer?embedded=true&url=https:\/\/www.fabrykachlodu.pl\/sklep\/wp-content\/uploads\/2023\/04\/narzedzia.do_.rur_.frezy_.do_.gratowania.do_.giecia.do_.zaciskania.do_.rozcinania.otworow.pdf\" width=\"600\" height=\"400\" class=\"su-document\" title=\"\"><\/iframe><\/div><\/div>\n<div class=\"su-tabs-pane su-u-clearfix su-u-trim\" data-title=\"Klimatyzacja i pompy oferta\"><div class=\"su-document su-u-responsive-media-yes\"><iframe src=\"\/\/docs.google.com\/viewer?embedded=true&url=https:\/\/www.fabrykachlodu.pl\/oferta\/FC.Nowosci.pdf\" width=\"600\" height=\"400\" class=\"su-document\" title=\"\"><\/iframe><\/div><\/div>\n<div class=\"su-tabs-pane su-u-clearfix su-u-trim\" data-title=\"Ch\u0142odnictwo oferta\"><div class=\"su-document su-u-responsive-media-yes\"><iframe src=\"\/\/docs.google.com\/viewer?embedded=true&url=https:\/\/www.fabrykachlodu.pl\/oferta\/FC.Serwis_Chlodniczy.pdf\" width=\"600\" height=\"400\" class=\"su-document\" title=\"\"><\/iframe><\/div><\/div><\/div><\/div>\n<p>Dokumenty si\u0119 nie wy\u015bwietlaj\u0105? <input type=\"button\" value=\"Od\u015bwie\u017c stron\u0119\" onclick=\"location.reload();\"><\/p>\n","protected":false},"excerpt":{"rendered":"<p><span style=\"color: #000000;\"><strong>Najwa\u017cniejsze zalety<\/strong><\/span>[dt_list style=\"1\" bullet_position=\"middle\" dividers=\"true\"][dt_list style=\"1\" bullet_position=\"middle\" dividers=\"true\"][dt_list_item image=\"\"]Wysoka jako\u015b\u0107 pomiar\u00f3w[\/dt_list_item][dt_list_item image=\"\"]\u0141atwo\u015b\u0107 obs\u0142ugi[\/dt_list_item][dt_list_item image=\"\"]Du\u017ca funkcjonalno\u015b\u0107[\/dt_list_item][dt_list_item image=\"\"]Uniwersalno\u015b\u0107[\/dt_list_item][\/dt_list]<\/p>\n","protected":false},"featured_media":89339,"template":"","meta":[],"product_cat":[6739,6742,189],"product_tag":[6750],"yoast_head":"<!-- This site is optimized with the Yoast SEO plugin v22.1 - https:\/\/yoast.com\/wordpress\/plugins\/seo\/ -->\n<title>Multimetr uniwersalnyAC750 z c\u0119gami Dietza 600A, 1000V CPS<\/title>\n<meta name=\"description\" content=\"Multimetr uniwersalnyAC750 z c\u0119gami Dietza 600A, 1000V CPS\" \/>\n<meta name=\"robots\" content=\"index, nofollow, max-snippet:-1, max-image-preview:large, max-video-preview:-1, noarchive\" \/>\n<link rel=\"canonical\" href=\"https:\/\/www.fabrykachlodu.pl\/sklep\/produkt\/kamera-termowizyjna-testo-871-z-oprogramowaniem\/\" \/>\n<meta name=\"twitter:label1\" content=\"Szacowany czas czytania\" \/>\n\t<meta name=\"twitter:data1\" content=\"3 minuty\" \/>\n<script type=\"application\/ld+json\" class=\"yoast-schema-graph\">{\"@context\":\"https:\/\/schema.org\",\"@graph\":[{\"@type\":\"WebPage\",\"@id\":\"https:\/\/www.fabrykachlodu.pl\/sklep\/produkt\/kamera-termowizyjna-testo-871-z-oprogramowaniem\/\",\"url\":\"https:\/\/www.fabrykachlodu.pl\/sklep\/produkt\/kamera-termowizyjna-testo-871-z-oprogramowaniem\/\",\"name\":\"Multimetr uniwersalnyAC750 z c\u0119gami Dietza 600A, 1000V CPS\",\"isPartOf\":{\"@id\":\"https:\/\/www.fabrykachlodu.pl\/sklep\/#website\"},\"datePublished\":\"2023-04-19T14:04:31+00:00\",\"dateModified\":\"2024-04-18T21:12:19+00:00\",\"description\":\"Multimetr uniwersalnyAC750 z c\u0119gami Dietza 600A, 1000V CPS\",\"breadcrumb\":{\"@id\":\"https:\/\/www.fabrykachlodu.pl\/sklep\/produkt\/kamera-termowizyjna-testo-871-z-oprogramowaniem\/#breadcrumb\"},\"inLanguage\":\"pl-PL\",\"potentialAction\":[{\"@type\":\"ReadAction\",\"target\":[\"https:\/\/www.fabrykachlodu.pl\/sklep\/produkt\/kamera-termowizyjna-testo-871-z-oprogramowaniem\/\"]}]},{\"@type\":\"BreadcrumbList\",\"@id\":\"https:\/\/www.fabrykachlodu.pl\/sklep\/produkt\/kamera-termowizyjna-testo-871-z-oprogramowaniem\/#breadcrumb\",\"itemListElement\":[{\"@type\":\"ListItem\",\"position\":1,\"name\":\"Strona g\u0142\u00f3wna\",\"item\":\"https:\/\/www.fabrykachlodu.pl\/sklep\/\"},{\"@type\":\"ListItem\",\"position\":2,\"name\":\"Szukasz klimatzyacji biurowej sklepowej lub do mieszkania?\",\"item\":\"https:\/\/www.fabrykachlodu.pl\/sklep\/\"},{\"@type\":\"ListItem\",\"position\":3,\"name\":\"NARZ\u0118DZIA CH\u0141ODNICZE\",\"item\":\"https:\/\/www.fabrykachlodu.pl\/sklep\/product-category\/narzedzia-chlodnicze\/\"},{\"@type\":\"ListItem\",\"position\":4,\"name\":\"PRZYRZ\u0104DY POMIAROWE\",\"item\":\"https:\/\/www.fabrykachlodu.pl\/sklep\/product-category\/narzedzia-chlodnicze\/przyrzady-pomiarowe\/\"},{\"@type\":\"ListItem\",\"position\":5,\"name\":\"Multimetr uniwersalnyAC750 z c\u0119gami Dietza 600A, 1000V CPS\"}]},{\"@type\":\"WebSite\",\"@id\":\"https:\/\/www.fabrykachlodu.pl\/sklep\/#website\",\"url\":\"https:\/\/www.fabrykachlodu.pl\/sklep\/\",\"name\":\"\u00b0FC Sklep Internetowy monta\u017c klimatyzacji pomp ciep\u0142a\",\"description\":\"\u00b0FC monta\u017c klimatyzacji pomp ciep\u0142a z nami to szybki i tani wyb\u00f3r.  Us\u0142ugi monta\u017cowe i serwisowe W Warszawie i okolicach..\",\"potentialAction\":[{\"@type\":\"SearchAction\",\"target\":{\"@type\":\"EntryPoint\",\"urlTemplate\":\"https:\/\/www.fabrykachlodu.pl\/sklep\/?s={search_term_string}\"},\"query-input\":\"required name=search_term_string\"}],\"inLanguage\":\"pl-PL\"}]}<\/script>\n<!-- \/ Yoast SEO plugin. -->","yoast_head_json":{"title":"Multimetr uniwersalnyAC750 z c\u0119gami Dietza 600A, 1000V CPS","description":"Multimetr uniwersalnyAC750 z c\u0119gami Dietza 600A, 1000V CPS","robots":{"index":"index","follow":"nofollow","max-snippet":"max-snippet:-1","max-image-preview":"max-image-preview:large","max-video-preview":"max-video-preview:-1","archive":"noarchive"},"canonical":"https:\/\/www.fabrykachlodu.pl\/sklep\/produkt\/kamera-termowizyjna-testo-871-z-oprogramowaniem\/","twitter_misc":{"Szacowany czas czytania":"3 minuty"},"schema":{"@context":"https:\/\/schema.org","@graph":[{"@type":"WebPage","@id":"https:\/\/www.fabrykachlodu.pl\/sklep\/produkt\/kamera-termowizyjna-testo-871-z-oprogramowaniem\/","url":"https:\/\/www.fabrykachlodu.pl\/sklep\/produkt\/kamera-termowizyjna-testo-871-z-oprogramowaniem\/","name":"Multimetr uniwersalnyAC750 z c\u0119gami Dietza 600A, 1000V CPS","isPartOf":{"@id":"https:\/\/www.fabrykachlodu.pl\/sklep\/#website"},"datePublished":"2023-04-19T14:04:31+00:00","dateModified":"2024-04-18T21:12:19+00:00","description":"Multimetr uniwersalnyAC750 z c\u0119gami Dietza 600A, 1000V CPS","breadcrumb":{"@id":"https:\/\/www.fabrykachlodu.pl\/sklep\/produkt\/kamera-termowizyjna-testo-871-z-oprogramowaniem\/#breadcrumb"},"inLanguage":"pl-PL","potentialAction":[{"@type":"ReadAction","target":["https:\/\/www.fabrykachlodu.pl\/sklep\/produkt\/kamera-termowizyjna-testo-871-z-oprogramowaniem\/"]}]},{"@type":"BreadcrumbList","@id":"https:\/\/www.fabrykachlodu.pl\/sklep\/produkt\/kamera-termowizyjna-testo-871-z-oprogramowaniem\/#breadcrumb","itemListElement":[{"@type":"ListItem","position":1,"name":"Strona g\u0142\u00f3wna","item":"https:\/\/www.fabrykachlodu.pl\/sklep\/"},{"@type":"ListItem","position":2,"name":"Szukasz klimatzyacji biurowej sklepowej lub do mieszkania?","item":"https:\/\/www.fabrykachlodu.pl\/sklep\/"},{"@type":"ListItem","position":3,"name":"NARZ\u0118DZIA CH\u0141ODNICZE","item":"https:\/\/www.fabrykachlodu.pl\/sklep\/product-category\/narzedzia-chlodnicze\/"},{"@type":"ListItem","position":4,"name":"PRZYRZ\u0104DY POMIAROWE","item":"https:\/\/www.fabrykachlodu.pl\/sklep\/product-category\/narzedzia-chlodnicze\/przyrzady-pomiarowe\/"},{"@type":"ListItem","position":5,"name":"Multimetr uniwersalnyAC750 z c\u0119gami Dietza 600A, 1000V CPS"}]},{"@type":"WebSite","@id":"https:\/\/www.fabrykachlodu.pl\/sklep\/#website","url":"https:\/\/www.fabrykachlodu.pl\/sklep\/","name":"\u00b0FC Sklep Internetowy monta\u017c klimatyzacji pomp ciep\u0142a","description":"\u00b0FC monta\u017c klimatyzacji pomp ciep\u0142a z nami to szybki i tani wyb\u00f3r.  Us\u0142ugi monta\u017cowe i serwisowe W Warszawie i okolicach..","potentialAction":[{"@type":"SearchAction","target":{"@type":"EntryPoint","urlTemplate":"https:\/\/www.fabrykachlodu.pl\/sklep\/?s={search_term_string}"},"query-input":"required name=search_term_string"}],"inLanguage":"pl-PL"}]}},"_links":{"self":[{"href":"https:\/\/www.fabrykachlodu.pl\/sklep\/wp-json\/wp\/v2\/product\/88613"}],"collection":[{"href":"https:\/\/www.fabrykachlodu.pl\/sklep\/wp-json\/wp\/v2\/product"}],"about":[{"href":"https:\/\/www.fabrykachlodu.pl\/sklep\/wp-json\/wp\/v2\/types\/product"}],"wp:featuredmedia":[{"embeddable":true,"href":"https:\/\/www.fabrykachlodu.pl\/sklep\/wp-json\/wp\/v2\/media\/89339"}],"wp:attachment":[{"href":"https:\/\/www.fabrykachlodu.pl\/sklep\/wp-json\/wp\/v2\/media?parent=88613"}],"wp:term":[{"taxonomy":"product_cat","embeddable":true,"href":"https:\/\/www.fabrykachlodu.pl\/sklep\/wp-json\/wp\/v2\/product_cat?post=88613"},{"taxonomy":"product_tag","embeddable":true,"href":"https:\/\/www.fabrykachlodu.pl\/sklep\/wp-json\/wp\/v2\/product_tag?post=88613"}],"curies":[{"name":"wp","href":"https:\/\/api.w.org\/{rel}","templated":true}]}}