{"id":88617,"date":"2023-04-19T16:04:32","date_gmt":"2023-04-19T14:04:32","guid":{"rendered":"https:\/\/www.fabrykachlodu.pl\/sklep\/?post_type=product&#038;p=88617"},"modified":"2023-04-26T20:34:40","modified_gmt":"2023-04-26T18:34:40","slug":"pasta-do-lutowania-lp-5-topnik","status":"publish","type":"product","link":"https:\/\/www.fabrykachlodu.pl\/sklep\/produkt\/pasta-do-lutowania-lp-5-topnik\/","title":{"rendered":"Zestaw lutowniczy ALLGAS Mobile Pro (MAPP i tlen) Rothenberger"},"content":{"rendered":"<br \/>\n<h2>Zam\u00f3wienie dotyczy:  Zestaw lutowniczy ALLGAS Mobile Pro (MAPP i tlen) Rothenberger<\/h2>\n<p><h3><strong>W jednym miejscu poznasz:<\/strong><\/h3>\n<\/p>\n<p>Zestaw lutowniczy ALLGAS Mobile Pro (MAPP i tlen) Rothenberger i wa\u017cne informacje<br \/> Poznasz najwa\u017cniejsze funkcje<br \/> Por\u00f3wnasz produkty<br \/> Poznasz parametry techniczne<br \/> Poznasz cen\u0119 i zrealizujesz zam\u00f3wienie<strong><\/p>\n<h3>Zamawiaj\u0105c produkt u nas:<\/strong><\/h3>\n<p>Otrzymasz produkt<br \/> Nowy produkt<br \/> Prawo do zwrotu<br \/> Zakup na raty<br \/> <strong><\/p>\n<h3>Zamawiaj\u0105c teraz otrzymasz:<\/strong><\/h3>\n<p> Zestaw lutowniczy ALLGAS Mobile Pro (MAPP i tlen) Rothenberger z rabatem kupuj\u0105c w naszym sklepie online  <br \/> Gwarancje <br \/> Szybka realizacje dostawyZestaw lutowniczy bazowy Super Fire 3<\/p>\n<p>Do precyzyjnego lutowania na mi\u0119kko i twardo z p\u0142omieniem z zawirowaniem od\u015brodkowym &#8211; umo\u017cliwia szybkie rozgrzewanie rury na ca\u0142ej powierzchni.<\/p>\n<p>Uniwersalny &#8211; do u\u017cycia w ka\u017cdej pozycji (360\u00b0)<br \/>\nSzybkie nagrzewanie, mniejsze zu\u017cycie gazu!<br \/>\nD\u0142uga \u017cywotno\u015b\u0107. Precyzyjnie wykonana konstrukcja z mosi\u0105dzu \/stali nierdzewnej<br \/>\nSystem &#8222;Twist`N Load&#8221; zapewniaj\u0105cy szybk\u0105 wymian\u0119 dysz (dost\u0119pnych 5 r\u00f3\u017cnych dysz)<br \/>\nPrecyzyjna regulacja p\u0142omienia<br \/>\nNiezawodna piezo zapalarka (do 30000 zapale\u0144)<br \/>\nDo 2.5 godzin lutowania twardego na jednej butli Gaz MAPP\u00ae<br \/>\nLutowanie na twardo: do \u00d8 28 mm (z u\u017cyciem reflektora p\u0142omienia, w \u015brodowisku chronionym od wiatru)<br \/>\nLutowanie na mi\u0119kko: do \u00d8 35 mm<\/p>\n<p>Zestaw sk\u0142ada si\u0119 z: uchwytu i ko\u0144c\u00f3wki palnika cyklonowegoZestaw lutowniczy ALLGAS Mobile Pro (MAPP i tlen) Rothenberger ma kilka zalet:<\/p>\n<p>Wysoka temperatura p\u0142omienia: Dzi\u0119ki zastosowaniu gazu MAPP p\u0142omie\u0144 jest o wiele cieplejszy ni\u017c w przypadku stosowania propanu czy butanu, co przyspiesza proces lutowania.<\/p>\n<p>Mobilno\u015b\u0107: Zestaw jest bardzo przeno\u015bny, dzi\u0119ki czemu mo\u017cna go \u0142atwo przenie\u015b\u0107 i u\u017cywa\u0107 w r\u00f3\u017cnych miejscach bez konieczno\u015bci pod\u0142\u0105czania do sieci gazowej.<\/p>\n<p>\u0141atwo\u015b\u0107 obs\u0142ugi: Zestaw jest \u0142atwy w obs\u0142udze i umo\u017cliwia szybkie i skuteczne lutowanie r\u00f3\u017cnych materia\u0142\u00f3w.<\/p>\n<p>Bezpiecze\u0144stwo: Zestaw jest wyposa\u017cony w wiele funkcji bezpiecze\u0144stwa, takich jak automatyczne wy\u0142\u0105czanie w przypadku przegrzania, co zwi\u0119ksza bezpiecze\u0144stwo u\u017cytkowania.<\/p>\n<p>Wielofunkcyjno\u015b\u0107: Zestaw mo\u017ce by\u0107 stosowany nie tylko do lutowania, ale r\u00f3wnie\u017c do ci\u0119cia, spawania i innych prac gazowych.<div class=\"su-service\"><div class=\"su-service-title\" style=\"padding-left:52px;min-height:38px;line-height:38px\"><i class=\"sui sui-check-circle\" style=\"font-size:38px;color:#22a0ed\"><\/i> Wskaz\u00f3wka naszego eksperta<\/div><div class=\"su-service-content su-u-clearfix su-u-trim\" style=\"padding-left:52px\"><\/div><\/div>\n<h2><strong>Zapraszamy do por\u00f3wnania zalet i wad<\/strong><\/h2>\n<p><strong>Jakie s\u0105 zalety?<\/strong><br \/><div class=\"su-service\"><div class=\"su-service-title\" style=\"padding-left:52px;min-height:38px;line-height:38px\"><i class=\"sui sui-check-circle\" style=\"font-size:38px;color:#22a0ed\"><\/i> Wskaz\u00f3wka naszego eksperta<\/div><div class=\"su-service-content su-u-clearfix su-u-trim\" style=\"padding-left:52px\">Zestaw lutowniczy ALLGAS Mobile Pro (MAPP i tlen) Rothenberger to wygodne i praktyczne narz\u0119dzie do lutowania w r\u00f3\u017cnych warunkach, kt\u00f3re zapewnia bezpiecze\u0144stwo i wydajno\u015b\u0107 pracy.<br \/><\/div><\/div><strong>Jakie s\u0105 wady tego produktu?<\/strong><br \/><div class=\"su-service\"><div class=\"su-service-title\" style=\"padding-left:52px;min-height:38px;line-height:38px\"><i class=\"sui sui-check-circle\" style=\"font-size:38px;color:#22a0ed\"><\/i> Wskaz\u00f3wka naszego eksperta<\/div><div class=\"su-service-content su-u-clearfix su-u-trim\" style=\"padding-left:52px\">Zestaw lutowniczy ALLGAS Mobile Pro (MAPP i tlen) Rothenberger: Wymaga uzupe\u0142niania butli gazowych. <br \/><\/div><\/div><div class=\"su-service\"><div class=\"su-service-title\" style=\"padding-left:52px;min-height:38px;line-height:38px\"><i class=\"sui sui-hand-o-right\" style=\"font-size:38px;color:#22a0ed\"><\/i> Podsumowuj\u0105c<\/div><div class=\"su-service-content su-u-clearfix su-u-trim\" style=\"padding-left:52px\">Zestaw lutowniczy ALLGAS Mobile Pro (MAPP i tlen) Rothenberger: Wada &#8211; wysoka cena. Zaleta &#8211; du\u017ca wydajno\u015b\u0107 i mobilno\u015b\u0107. Polecamy, je\u015bli potrzebujesz wydajnego i mobilnego zestawu do lutowania twardego.<\/div><\/div>\n<div class=\"hr-thin\"><\/div>\n<p>&#8221; <\/p>\n<p>PARAMETRY TECHNICZNE<\/p>\n<div class=\"su-tabs su-tabs-style-default su-tabs-mobile-stack\" data-active=\"1\" data-scroll-offset=\"0\" data-anchor-in-url=\"no\"><div class=\"su-tabs-nav\"><span class=\"\" data-url=\"\" data-target=\"blank\" tabindex=\"0\" role=\"button\">Do obr\u00f3bki rur<\/span><span class=\"\" data-url=\"\" data-target=\"blank\" tabindex=\"0\" role=\"button\">Adaptery<\/span><span class=\"\" data-url=\"\" data-target=\"blank\" tabindex=\"0\" role=\"button\">Pompa pr\u00f3\u017cniowa<\/span><span class=\"\" data-url=\"\" data-target=\"blank\" tabindex=\"0\" role=\"button\">Akcesoria Monta\u017cowe<\/span><span class=\"\" data-url=\"\" data-target=\"blank\" tabindex=\"0\" role=\"button\">Klimatyzacja i pompy oferta<\/span><span class=\"\" data-url=\"\" data-target=\"blank\" tabindex=\"0\" role=\"button\">Ch\u0142odnictwo oferta<\/span><\/div><div class=\"su-tabs-panes\"><div class=\"su-tabs-pane su-u-clearfix su-u-trim\" data-title=\"Do obr\u00f3bki rur\"><div class=\"su-document su-u-responsive-media-yes\"><iframe src=\"\/\/docs.google.com\/viewer?embedded=true&url=https:\/\/www.fabrykachlodu.pl\/sklep\/wp-content\/uploads\/2023\/04\/narzedzia.do_.rur_.frezy_.do_.gratowania.do_.giecia.do_.zaciskania.do_.rozcinania.otworow.pdf\" width=\"600\" height=\"400\" class=\"su-document\" title=\"\"><\/iframe><\/div><\/div>\n<div class=\"su-tabs-pane su-u-clearfix su-u-trim\" data-title=\"Adaptery\"><div class=\"su-document su-u-responsive-media-yes\"><iframe src=\"\/\/docs.google.com\/viewer?embedded=true&url=https:\/\/www.fabrykachlodu.pl\/sklep\/wp-content\/uploads\/2023\/04\/adaptery.zlaczki.do_.rur_.miedzianych.do_.lutowania.zawory.narzedzia.pdf\" width=\"600\" height=\"400\" class=\"su-document\" title=\"\"><\/iframe><\/div><\/div>\n<div class=\"su-tabs-pane su-u-clearfix su-u-trim\" data-title=\"Pompa pr\u00f3\u017cniowa\"><div class=\"su-document su-u-responsive-media-yes\"><iframe src=\"\/\/docs.google.com\/viewer?embedded=true&url=https:\/\/www.fabrykachlodu.pl\/sklep\/wp-content\/uploads\/2023\/04\/pompy.prozniowe.oleje_.do_.pomp_.pdf\" width=\"600\" height=\"400\" class=\"su-document\" title=\"\"><\/iframe><\/div><\/div>\n<div class=\"su-tabs-pane su-u-clearfix su-u-trim\" data-title=\"Akcesoria Monta\u017cowe\"><div class=\"su-document su-u-responsive-media-yes\"><iframe src=\"\/\/docs.google.com\/viewer?embedded=true&url=https:\/\/www.fabrykachlodu.pl\/sklep\/wp-content\/uploads\/2023\/04\/narzedzia.do_.rur_.frezy_.do_.gratowania.do_.giecia.do_.zaciskania.do_.rozcinania.otworow.pdf\" width=\"600\" height=\"400\" class=\"su-document\" title=\"\"><\/iframe><\/div><\/div>\n<div class=\"su-tabs-pane su-u-clearfix su-u-trim\" data-title=\"Klimatyzacja i pompy oferta\"><div class=\"su-document su-u-responsive-media-yes\"><iframe src=\"\/\/docs.google.com\/viewer?embedded=true&url=https:\/\/www.fabrykachlodu.pl\/oferta\/FC.Nowosci.pdf\" width=\"600\" height=\"400\" class=\"su-document\" title=\"\"><\/iframe><\/div><\/div>\n<div class=\"su-tabs-pane su-u-clearfix su-u-trim\" data-title=\"Ch\u0142odnictwo oferta\"><div class=\"su-document su-u-responsive-media-yes\"><iframe src=\"\/\/docs.google.com\/viewer?embedded=true&url=https:\/\/www.fabrykachlodu.pl\/oferta\/FC.Serwis_Chlodniczy.pdf\" width=\"600\" height=\"400\" class=\"su-document\" title=\"\"><\/iframe><\/div><\/div><\/div><\/div>\n<p>Dokumenty si\u0119 nie wy\u015bwietlaj\u0105? <input type=\"button\" value=\"Od\u015bwie\u017c stron\u0119\" onclick=\"location.reload();\"><\/p>\n","protected":false},"excerpt":{"rendered":"<p><span style=\"color: #000000;\"><strong>Najwa\u017cniejsze zalety<\/strong><\/span>[dt_list style=\"1\" bullet_position=\"middle\" dividers=\"true\"][dt_list style=\"1\" bullet_position=\"middle\" dividers=\"true\"][dt_list_item image=\"\"]\u0141atwo\u015b\u0107 u\u017cycia[\/dt_list_item][dt_list_item image=\"\"]Uniwersalno\u015b\u0107[\/dt_list_item][dt_list_item image=\"\"]Skuteczno\u015b\u0107[\/dt_list_item][dt_list_item image=\"\"]Przeno\u015bno\u015b\u0107[\/dt_list_item][\/dt_list]<\/p>\n","protected":false},"featured_media":89223,"template":"","meta":[],"product_cat":[6763,6739,189],"product_tag":[6752],"yoast_head":"<!-- This site is optimized with the Yoast SEO plugin v22.1 - https:\/\/yoast.com\/wordpress\/plugins\/seo\/ -->\n<title>Zestaw lutowniczy ALLGAS Mobile Pro (MAPP i tlen) Rothenberger<\/title>\n<meta name=\"description\" content=\"Zestaw lutowniczy ALLGAS Mobile Pro (MAPP i tlen) Rothenberger\" \/>\n<meta name=\"robots\" content=\"index, follow, max-snippet:-1, max-image-preview:large, max-video-preview:-1\" \/>\n<link rel=\"canonical\" href=\"https:\/\/www.fabrykachlodu.pl\/sklep\/produkt\/pasta-do-lutowania-lp-5-topnik\/\" \/>\n<meta name=\"twitter:label1\" content=\"Szacowany czas czytania\" \/>\n\t<meta name=\"twitter:data1\" content=\"4 minuty\" \/>\n<script type=\"application\/ld+json\" class=\"yoast-schema-graph\">{\"@context\":\"https:\/\/schema.org\",\"@graph\":[{\"@type\":\"WebPage\",\"@id\":\"https:\/\/www.fabrykachlodu.pl\/sklep\/produkt\/pasta-do-lutowania-lp-5-topnik\/\",\"url\":\"https:\/\/www.fabrykachlodu.pl\/sklep\/produkt\/pasta-do-lutowania-lp-5-topnik\/\",\"name\":\"Zestaw lutowniczy ALLGAS Mobile Pro (MAPP i tlen) Rothenberger\",\"isPartOf\":{\"@id\":\"https:\/\/www.fabrykachlodu.pl\/sklep\/#website\"},\"datePublished\":\"2023-04-19T14:04:32+00:00\",\"dateModified\":\"2023-04-26T18:34:40+00:00\",\"description\":\"Zestaw lutowniczy ALLGAS Mobile Pro (MAPP i tlen) Rothenberger\",\"breadcrumb\":{\"@id\":\"https:\/\/www.fabrykachlodu.pl\/sklep\/produkt\/pasta-do-lutowania-lp-5-topnik\/#breadcrumb\"},\"inLanguage\":\"pl-PL\",\"potentialAction\":[{\"@type\":\"ReadAction\",\"target\":[\"https:\/\/www.fabrykachlodu.pl\/sklep\/produkt\/pasta-do-lutowania-lp-5-topnik\/\"]}]},{\"@type\":\"BreadcrumbList\",\"@id\":\"https:\/\/www.fabrykachlodu.pl\/sklep\/produkt\/pasta-do-lutowania-lp-5-topnik\/#breadcrumb\",\"itemListElement\":[{\"@type\":\"ListItem\",\"position\":1,\"name\":\"Strona g\u0142\u00f3wna\",\"item\":\"https:\/\/www.fabrykachlodu.pl\/sklep\/\"},{\"@type\":\"ListItem\",\"position\":2,\"name\":\"Szukasz klimatzyacji biurowej sklepowej lub do mieszkania?\",\"item\":\"https:\/\/www.fabrykachlodu.pl\/sklep\/\"},{\"@type\":\"ListItem\",\"position\":3,\"name\":\"NARZ\u0118DZIA CH\u0141ODNICZE\",\"item\":\"https:\/\/www.fabrykachlodu.pl\/sklep\/product-category\/narzedzia-chlodnicze\/\"},{\"@type\":\"ListItem\",\"position\":4,\"name\":\"LUTOWANIE\",\"item\":\"https:\/\/www.fabrykachlodu.pl\/sklep\/product-category\/narzedzia-chlodnicze\/lutowanie\/\"},{\"@type\":\"ListItem\",\"position\":5,\"name\":\"Zestaw lutowniczy ALLGAS Mobile Pro (MAPP i tlen) Rothenberger\"}]},{\"@type\":\"WebSite\",\"@id\":\"https:\/\/www.fabrykachlodu.pl\/sklep\/#website\",\"url\":\"https:\/\/www.fabrykachlodu.pl\/sklep\/\",\"name\":\"\u00b0FC Sklep Internetowy monta\u017c klimatyzacji pomp ciep\u0142a\",\"description\":\"\u00b0FC monta\u017c klimatyzacji pomp ciep\u0142a z nami to szybki i tani wyb\u00f3r.  Us\u0142ugi monta\u017cowe i serwisowe W Warszawie i okolicach..\",\"potentialAction\":[{\"@type\":\"SearchAction\",\"target\":{\"@type\":\"EntryPoint\",\"urlTemplate\":\"https:\/\/www.fabrykachlodu.pl\/sklep\/?s={search_term_string}\"},\"query-input\":\"required name=search_term_string\"}],\"inLanguage\":\"pl-PL\"}]}<\/script>\n<!-- \/ Yoast SEO plugin. -->","yoast_head_json":{"title":"Zestaw lutowniczy ALLGAS Mobile Pro (MAPP i tlen) Rothenberger","description":"Zestaw lutowniczy ALLGAS Mobile Pro (MAPP i tlen) Rothenberger","robots":{"index":"index","follow":"follow","max-snippet":"max-snippet:-1","max-image-preview":"max-image-preview:large","max-video-preview":"max-video-preview:-1"},"canonical":"https:\/\/www.fabrykachlodu.pl\/sklep\/produkt\/pasta-do-lutowania-lp-5-topnik\/","twitter_misc":{"Szacowany czas czytania":"4 minuty"},"schema":{"@context":"https:\/\/schema.org","@graph":[{"@type":"WebPage","@id":"https:\/\/www.fabrykachlodu.pl\/sklep\/produkt\/pasta-do-lutowania-lp-5-topnik\/","url":"https:\/\/www.fabrykachlodu.pl\/sklep\/produkt\/pasta-do-lutowania-lp-5-topnik\/","name":"Zestaw lutowniczy ALLGAS Mobile Pro (MAPP i tlen) Rothenberger","isPartOf":{"@id":"https:\/\/www.fabrykachlodu.pl\/sklep\/#website"},"datePublished":"2023-04-19T14:04:32+00:00","dateModified":"2023-04-26T18:34:40+00:00","description":"Zestaw lutowniczy ALLGAS Mobile Pro (MAPP i tlen) Rothenberger","breadcrumb":{"@id":"https:\/\/www.fabrykachlodu.pl\/sklep\/produkt\/pasta-do-lutowania-lp-5-topnik\/#breadcrumb"},"inLanguage":"pl-PL","potentialAction":[{"@type":"ReadAction","target":["https:\/\/www.fabrykachlodu.pl\/sklep\/produkt\/pasta-do-lutowania-lp-5-topnik\/"]}]},{"@type":"BreadcrumbList","@id":"https:\/\/www.fabrykachlodu.pl\/sklep\/produkt\/pasta-do-lutowania-lp-5-topnik\/#breadcrumb","itemListElement":[{"@type":"ListItem","position":1,"name":"Strona g\u0142\u00f3wna","item":"https:\/\/www.fabrykachlodu.pl\/sklep\/"},{"@type":"ListItem","position":2,"name":"Szukasz klimatzyacji biurowej sklepowej lub do mieszkania?","item":"https:\/\/www.fabrykachlodu.pl\/sklep\/"},{"@type":"ListItem","position":3,"name":"NARZ\u0118DZIA CH\u0141ODNICZE","item":"https:\/\/www.fabrykachlodu.pl\/sklep\/product-category\/narzedzia-chlodnicze\/"},{"@type":"ListItem","position":4,"name":"LUTOWANIE","item":"https:\/\/www.fabrykachlodu.pl\/sklep\/product-category\/narzedzia-chlodnicze\/lutowanie\/"},{"@type":"ListItem","position":5,"name":"Zestaw lutowniczy ALLGAS Mobile Pro (MAPP i tlen) Rothenberger"}]},{"@type":"WebSite","@id":"https:\/\/www.fabrykachlodu.pl\/sklep\/#website","url":"https:\/\/www.fabrykachlodu.pl\/sklep\/","name":"\u00b0FC Sklep Internetowy monta\u017c klimatyzacji pomp ciep\u0142a","description":"\u00b0FC monta\u017c klimatyzacji pomp ciep\u0142a z nami to szybki i tani wyb\u00f3r.  Us\u0142ugi monta\u017cowe i serwisowe W Warszawie i okolicach..","potentialAction":[{"@type":"SearchAction","target":{"@type":"EntryPoint","urlTemplate":"https:\/\/www.fabrykachlodu.pl\/sklep\/?s={search_term_string}"},"query-input":"required name=search_term_string"}],"inLanguage":"pl-PL"}]}},"_links":{"self":[{"href":"https:\/\/www.fabrykachlodu.pl\/sklep\/wp-json\/wp\/v2\/product\/88617"}],"collection":[{"href":"https:\/\/www.fabrykachlodu.pl\/sklep\/wp-json\/wp\/v2\/product"}],"about":[{"href":"https:\/\/www.fabrykachlodu.pl\/sklep\/wp-json\/wp\/v2\/types\/product"}],"wp:featuredmedia":[{"embeddable":true,"href":"https:\/\/www.fabrykachlodu.pl\/sklep\/wp-json\/wp\/v2\/media\/89223"}],"wp:attachment":[{"href":"https:\/\/www.fabrykachlodu.pl\/sklep\/wp-json\/wp\/v2\/media?parent=88617"}],"wp:term":[{"taxonomy":"product_cat","embeddable":true,"href":"https:\/\/www.fabrykachlodu.pl\/sklep\/wp-json\/wp\/v2\/product_cat?post=88617"},{"taxonomy":"product_tag","embeddable":true,"href":"https:\/\/www.fabrykachlodu.pl\/sklep\/wp-json\/wp\/v2\/product_tag?post=88617"}],"curies":[{"name":"wp","href":"https:\/\/api.w.org\/{rel}","templated":true}]}}