{"id":88640,"date":"2023-04-19T16:04:46","date_gmt":"2023-04-19T14:04:46","guid":{"rendered":"https:\/\/www.fabrykachlodu.pl\/sklep\/?post_type=product&#038;p=88640"},"modified":"2023-04-26T20:34:42","modified_gmt":"2023-04-26T18:34:42","slug":"m12-fuel-wielofunkcyjna-dwukierunkowa-szlifierka-ze-zdejmowanai-regulowana-oslona-do-ciecia-blachy-kanalow-wentylacyjnych-korytinstalacyjnych-z-tworzywa-drewna-plytek","status":"publish","type":"product","link":"https:\/\/www.fabrykachlodu.pl\/sklep\/produkt\/m12-fuel-wielofunkcyjna-dwukierunkowa-szlifierka-ze-zdejmowanai-regulowana-oslona-do-ciecia-blachy-kanalow-wentylacyjnych-korytinstalacyjnych-z-tworzywa-drewna-plytek\/","title":{"rendered":"M12\u2122 Nitownica z mo\u017cliwo\u015bci\u0105 zmian\u0105 \u015brednicy u\u017cywanego nita oraz zmian\u0105\nd\u0142ugo\u015bci dyszy, zintegrowany pojemnik na odpady"},"content":{"rendered":"<br \/>\n<h2>Zam\u00f3wienie dotyczy:  M12\u2122 Nitownica z mo\u017cliwo\u015bci\u0105 zmian\u0105 \u015brednicy u\u017cywanego nita oraz zmian\u0105<br \/>\nd\u0142ugo\u015bci dyszy, zintegrowany pojemnik na odpady<\/h2>\n<p><h3><strong>W jednym miejscu poznasz:<\/strong><\/h3>\n<\/p>\n<p>M12\u2122 Nitownica z mo\u017cliwo\u015bci\u0105 zmian\u0105 \u015brednicy u\u017cywanego nita oraz zmian\u0105<br \/>\nd\u0142ugo\u015bci dyszy, zintegrowany pojemnik na odpady i wa\u017cne informacje<br \/> Poznasz najwa\u017cniejsze funkcje<br \/> Por\u00f3wnasz produkty<br \/> Poznasz parametry techniczne<br \/> Poznasz cen\u0119 i zrealizujesz zam\u00f3wienie<strong><\/p>\n<h3>Zamawiaj\u0105c produkt u nas:<\/strong><\/h3>\n<p>Otrzymasz produkt<br \/> Nowy produkt<br \/> Prawo do zwrotu<br \/> Zakup na raty<br \/> <strong><\/p>\n<h3>Zamawiaj\u0105c teraz otrzymasz:<\/strong><\/h3>\n<p> M12\u2122 Nitownica z mo\u017cliwo\u015bci\u0105 zmian\u0105 \u015brednicy u\u017cywanego nita oraz zmian\u0105<br \/>\nd\u0142ugo\u015bci dyszy, zintegrowany pojemnik na odpady z rabatem kupuj\u0105c w naszym sklepie online  <br \/> Gwarancje <br \/> Szybka realizacje dostawyMilwaukeeM12\u2122 Nitownica jest narz\u0119dziem do nitowania, kt\u00f3re umo\u017cliwia \u0142atwe zmienianie \u015brednicy u\u017cywanego nita oraz d\u0142ugo\u015bci dyszy. Jest wyposa\u017cona w zintegrowany pojemnik na odpady, co u\u0142atwia utrzymanie porz\u0105dku na placu budowy. Narz\u0119dzie to znajduje zastosowanie w bran\u017cy budowlanej, przemys\u0142owej i motoryzacyjnej, a szczeg\u00f3lnie w sytuacjach, gdy potrzebne jest mocowanie element\u00f3w w trudno dost\u0119pnych miejscach.<div class=\"su-service\"><div class=\"su-service-title\" style=\"padding-left:52px;min-height:38px;line-height:38px\"><i class=\"sui sui-check-circle\" style=\"font-size:38px;color:#22a0ed\"><\/i> Wskaz\u00f3wka naszego eksperta<\/div><div class=\"su-service-content su-u-clearfix su-u-trim\" style=\"padding-left:52px\"><\/div><\/div>\n<h2><strong>Zapraszamy do por\u00f3wnania zalet i wad<\/strong><\/h2>\n<p><strong>Jakie s\u0105 zalety?<\/strong><br \/><div class=\"su-service\"><div class=\"su-service-title\" style=\"padding-left:52px;min-height:38px;line-height:38px\"><i class=\"sui sui-check-circle\" style=\"font-size:38px;color:#22a0ed\"><\/i> Wskaz\u00f3wka naszego eksperta<\/div><div class=\"su-service-content su-u-clearfix su-u-trim\" style=\"padding-left:52px\">M12\u2122 Nitownica: mo\u017cliwo\u015b\u0107 zmiany \u015brednicy u\u017cywanego nita i d\u0142ugo\u015bci dyszy, pojemnik na odpady, \u0142atwo\u015b\u0107 obs\u0142ugi<br \/><\/div><\/div><strong>Jakie s\u0105 wady tego produktu?<\/strong><br \/><div class=\"su-service\"><div class=\"su-service-title\" style=\"padding-left:52px;min-height:38px;line-height:38px\"><i class=\"sui sui-check-circle\" style=\"font-size:38px;color:#22a0ed\"><\/i> Wskaz\u00f3wka naszego eksperta<\/div><div class=\"su-service-content su-u-clearfix su-u-trim\" style=\"padding-left:52px\">M12\u2122 Nitownica z mo\u017cliwo\u015bci\u0105 zmiany \u015brednicy u\u017cywanego nita oraz zmian\u0105 d\u0142ugo\u015bci dyszy zintegrowany pojemnik na odpady &#8211; mo\u017ce nie nadawa\u0107 si\u0119 do wi\u0119kszych projekt\u00f3w, gdzie wymagana jest szybsza i bardziej wydajna praca.<br \/><\/div><\/div><div class=\"su-service\"><div class=\"su-service-title\" style=\"padding-left:52px;min-height:38px;line-height:38px\"><i class=\"sui sui-hand-o-right\" style=\"font-size:38px;color:#22a0ed\"><\/i> Podsumowuj\u0105c<\/div><div class=\"su-service-content su-u-clearfix su-u-trim\" style=\"padding-left:52px\">M12\u2122 Nitownica &#8211; Zaleta: Zmiana \u015brednicy nita, zintegrowany pojemnik na odpady. Wada: Wysoka cena. Idealna do mocowania element\u00f3w w miejscach trudno dost\u0119pnych <br \/><\/div><\/div>\n<div class=\"hr-thin\"><\/div>\n<p>&#8221; <\/p>\n<p>PARAMETRY TECHNICZNE<\/p>\n<div class=\"su-tabs su-tabs-style-default su-tabs-mobile-stack\" data-active=\"1\" data-scroll-offset=\"0\" data-anchor-in-url=\"no\"><div class=\"su-tabs-nav\"><span class=\"\" data-url=\"\" data-target=\"blank\" tabindex=\"0\" role=\"button\">Stacja CPS do odzysku<\/span><span class=\"\" data-url=\"\" data-target=\"blank\" tabindex=\"0\" role=\"button\">CPS Odzysk czynika<\/span><span class=\"\" data-url=\"\" data-target=\"blank\" tabindex=\"0\" role=\"button\">Pompa pr\u00f3\u017cniowa<\/span><span class=\"\" data-url=\"\" data-target=\"blank\" tabindex=\"0\" role=\"button\">Akcesoria Monta\u017cowe<\/span><span class=\"\" data-url=\"\" data-target=\"blank\" tabindex=\"0\" role=\"button\">Klimatyzacja i pompy oferta<\/span><span class=\"\" data-url=\"\" data-target=\"blank\" tabindex=\"0\" role=\"button\">Ch\u0142odnictwo oferta<\/span><\/div><div class=\"su-tabs-panes\"><div class=\"su-tabs-pane su-u-clearfix su-u-trim\" data-title=\"Stacja CPS do odzysku\"><div class=\"su-document su-u-responsive-media-yes\"><iframe src=\"\/\/docs.google.com\/viewer?embedded=true&url=https:\/\/www.fabrykachlodu.pl\/sklep\/wp-content\/uploads\/2023\/04\/M12_BPRT_201X.pdf\" width=\"600\" height=\"400\" class=\"su-document\" title=\"\"><\/iframe><\/div><\/div>\n<div class=\"su-tabs-pane su-u-clearfix su-u-trim\" data-title=\"CPS Odzysk czynika\"><div class=\"su-document su-u-responsive-media-yes\"><iframe src=\"\/\/docs.google.com\/viewer?embedded=true&url=https:\/\/www.fabrykachlodu.pl\/sklep\/wp-content\/uploads\/2023\/04\/odzysk.czynnika.pdf\" width=\"600\" height=\"400\" class=\"su-document\" title=\"\"><\/iframe><\/div><\/div>\n<div class=\"su-tabs-pane su-u-clearfix su-u-trim\" data-title=\"Pompa pr\u00f3\u017cniowa\"><div class=\"su-document su-u-responsive-media-yes\"><iframe src=\"\/\/docs.google.com\/viewer?embedded=true&url=https:\/\/www.fabrykachlodu.pl\/sklep\/wp-content\/uploads\/2023\/04\/pompy.prozniowe.oleje_.do_.pomp_.pdf\" width=\"600\" height=\"400\" class=\"su-document\" title=\"\"><\/iframe><\/div><\/div>\n<div class=\"su-tabs-pane su-u-clearfix su-u-trim\" data-title=\"Akcesoria Monta\u017cowe\"><div class=\"su-document su-u-responsive-media-yes\"><iframe src=\"\/\/docs.google.com\/viewer?embedded=true&url=https:\/\/www.fabrykachlodu.pl\/sklep\/wp-content\/uploads\/2023\/04\/narzedzia.do_.rur_.frezy_.do_.gratowania.do_.giecia.do_.zaciskania.do_.rozcinania.otworow.pdf\" width=\"600\" height=\"400\" class=\"su-document\" title=\"\"><\/iframe><\/div><\/div>\n<div class=\"su-tabs-pane su-u-clearfix su-u-trim\" data-title=\"Klimatyzacja i pompy oferta\"><div class=\"su-document su-u-responsive-media-yes\"><iframe src=\"\/\/docs.google.com\/viewer?embedded=true&url=https:\/\/www.fabrykachlodu.pl\/oferta\/FC.Nowosci.pdf\" width=\"600\" height=\"400\" class=\"su-document\" title=\"\"><\/iframe><\/div><\/div>\n<div class=\"su-tabs-pane su-u-clearfix su-u-trim\" data-title=\"Ch\u0142odnictwo oferta\"><div class=\"su-document su-u-responsive-media-yes\"><iframe src=\"\/\/docs.google.com\/viewer?embedded=true&url=https:\/\/www.fabrykachlodu.pl\/oferta\/FC.Serwis_Chlodniczy.pdf\" width=\"600\" height=\"400\" class=\"su-document\" title=\"\"><\/iframe><\/div><\/div><\/div><\/div>\n<p>Dokumenty si\u0119 nie wy\u015bwietlaj\u0105? <input type=\"button\" value=\"Od\u015bwie\u017c stron\u0119\" onclick=\"location.reload();\"><\/p>\n","protected":false},"excerpt":{"rendered":"<p><span style=\"color: #000000;\"><strong>Najwa\u017cniejsze zalety<\/strong><\/span>[dt_list style=\"1\" bullet_position=\"middle\" dividers=\"true\"][dt_list style=\"1\" bullet_position=\"middle\" dividers=\"true\"][dt_list_item image=\"\"]Ergonomiczna[\/dt_list_item][dt_list_item image=\"\"]Wygodna[\/dt_list_item][dt_list_item image=\"\"]Lekka[\/dt_list_item][dt_list_item image=\"\"]Solidna[\/dt_list_item][\/dt_list]<\/p>\n","protected":false},"featured_media":89255,"template":"","meta":[],"product_cat":[6755,6739,189],"product_tag":[6757],"yoast_head":"<!-- This site is optimized with the Yoast SEO plugin v22.1 - https:\/\/yoast.com\/wordpress\/plugins\/seo\/ -->\n<title>M12\u2122 Nitownica z mo\u017cliwo\u015bci\u0105 zmian\u0105 \u015brednicy u\u017cywanego nita oraz zmian\u0105 d\u0142ugo\u015bci dyszy, zintegrowany pojemnik na odpady<\/title>\n<meta name=\"description\" content=\"M12\u2122 Nitownica z mo\u017cliwo\u015bci\u0105 zmian\u0105 \u015brednicy u\u017cywanego nita oraz zmian\u0105 d\u0142ugo\u015bci dyszy, zintegrowany pojemnik na odpady\" \/>\n<meta name=\"robots\" content=\"index, nofollow, max-snippet:-1, max-image-preview:large, max-video-preview:-1, noarchive\" \/>\n<link rel=\"canonical\" href=\"https:\/\/www.fabrykachlodu.pl\/sklep\/produkt\/m12-fuel-wielofunkcyjna-dwukierunkowa-szlifierka-ze-zdejmowanai-regulowana-oslona-do-ciecia-blachy-kanalow-wentylacyjnych-korytinstalacyjnych-z-tworzywa-drewna-plytek\/\" \/>\n<meta name=\"twitter:label1\" content=\"Szacowany czas czytania\" \/>\n\t<meta name=\"twitter:data1\" content=\"3 minuty\" \/>\n<script type=\"application\/ld+json\" class=\"yoast-schema-graph\">{\"@context\":\"https:\/\/schema.org\",\"@graph\":[{\"@type\":\"WebPage\",\"@id\":\"https:\/\/www.fabrykachlodu.pl\/sklep\/produkt\/m12-fuel-wielofunkcyjna-dwukierunkowa-szlifierka-ze-zdejmowanai-regulowana-oslona-do-ciecia-blachy-kanalow-wentylacyjnych-korytinstalacyjnych-z-tworzywa-drewna-plytek\/\",\"url\":\"https:\/\/www.fabrykachlodu.pl\/sklep\/produkt\/m12-fuel-wielofunkcyjna-dwukierunkowa-szlifierka-ze-zdejmowanai-regulowana-oslona-do-ciecia-blachy-kanalow-wentylacyjnych-korytinstalacyjnych-z-tworzywa-drewna-plytek\/\",\"name\":\"M12\u2122 Nitownica z mo\u017cliwo\u015bci\u0105 zmian\u0105 \u015brednicy u\u017cywanego nita oraz zmian\u0105 d\u0142ugo\u015bci dyszy, zintegrowany pojemnik na odpady\",\"isPartOf\":{\"@id\":\"https:\/\/www.fabrykachlodu.pl\/sklep\/#website\"},\"datePublished\":\"2023-04-19T14:04:46+00:00\",\"dateModified\":\"2023-04-26T18:34:42+00:00\",\"description\":\"M12\u2122 Nitownica z mo\u017cliwo\u015bci\u0105 zmian\u0105 \u015brednicy u\u017cywanego nita oraz zmian\u0105 d\u0142ugo\u015bci dyszy, zintegrowany pojemnik na odpady\",\"breadcrumb\":{\"@id\":\"https:\/\/www.fabrykachlodu.pl\/sklep\/produkt\/m12-fuel-wielofunkcyjna-dwukierunkowa-szlifierka-ze-zdejmowanai-regulowana-oslona-do-ciecia-blachy-kanalow-wentylacyjnych-korytinstalacyjnych-z-tworzywa-drewna-plytek\/#breadcrumb\"},\"inLanguage\":\"pl-PL\",\"potentialAction\":[{\"@type\":\"ReadAction\",\"target\":[\"https:\/\/www.fabrykachlodu.pl\/sklep\/produkt\/m12-fuel-wielofunkcyjna-dwukierunkowa-szlifierka-ze-zdejmowanai-regulowana-oslona-do-ciecia-blachy-kanalow-wentylacyjnych-korytinstalacyjnych-z-tworzywa-drewna-plytek\/\"]}]},{\"@type\":\"BreadcrumbList\",\"@id\":\"https:\/\/www.fabrykachlodu.pl\/sklep\/produkt\/m12-fuel-wielofunkcyjna-dwukierunkowa-szlifierka-ze-zdejmowanai-regulowana-oslona-do-ciecia-blachy-kanalow-wentylacyjnych-korytinstalacyjnych-z-tworzywa-drewna-plytek\/#breadcrumb\",\"itemListElement\":[{\"@type\":\"ListItem\",\"position\":1,\"name\":\"Strona g\u0142\u00f3wna\",\"item\":\"https:\/\/www.fabrykachlodu.pl\/sklep\/\"},{\"@type\":\"ListItem\",\"position\":2,\"name\":\"Szukasz klimatzyacji biurowej sklepowej lub do mieszkania?\",\"item\":\"https:\/\/www.fabrykachlodu.pl\/sklep\/\"},{\"@type\":\"ListItem\",\"position\":3,\"name\":\"NARZ\u0118DZIA CH\u0141ODNICZE\",\"item\":\"https:\/\/www.fabrykachlodu.pl\/sklep\/product-category\/narzedzia-chlodnicze\/\"},{\"@type\":\"ListItem\",\"position\":4,\"name\":\"ELEKTRONARZ\u0118DZIA\",\"item\":\"https:\/\/www.fabrykachlodu.pl\/sklep\/product-category\/narzedzia-chlodnicze\/elektronarzedzia\/\"},{\"@type\":\"ListItem\",\"position\":5,\"name\":\"M12\u2122 Nitownica z mo\u017cliwo\u015bci\u0105 zmian\u0105 \u015brednicy u\u017cywanego nita oraz zmian\u0105 d\u0142ugo\u015bci dyszy, zintegrowany pojemnik na odpady\"}]},{\"@type\":\"WebSite\",\"@id\":\"https:\/\/www.fabrykachlodu.pl\/sklep\/#website\",\"url\":\"https:\/\/www.fabrykachlodu.pl\/sklep\/\",\"name\":\"\u00b0FC Sklep Internetowy monta\u017c klimatyzacji pomp ciep\u0142a\",\"description\":\"\u00b0FC monta\u017c klimatyzacji pomp ciep\u0142a z nami to szybki i tani wyb\u00f3r.  Us\u0142ugi monta\u017cowe i serwisowe W Warszawie i okolicach..\",\"potentialAction\":[{\"@type\":\"SearchAction\",\"target\":{\"@type\":\"EntryPoint\",\"urlTemplate\":\"https:\/\/www.fabrykachlodu.pl\/sklep\/?s={search_term_string}\"},\"query-input\":\"required name=search_term_string\"}],\"inLanguage\":\"pl-PL\"}]}<\/script>\n<!-- \/ Yoast SEO plugin. -->","yoast_head_json":{"title":"M12\u2122 Nitownica z mo\u017cliwo\u015bci\u0105 zmian\u0105 \u015brednicy u\u017cywanego nita oraz zmian\u0105 d\u0142ugo\u015bci dyszy, zintegrowany pojemnik na odpady","description":"M12\u2122 Nitownica z mo\u017cliwo\u015bci\u0105 zmian\u0105 \u015brednicy u\u017cywanego nita oraz zmian\u0105 d\u0142ugo\u015bci dyszy, zintegrowany pojemnik na odpady","robots":{"index":"index","follow":"nofollow","max-snippet":"max-snippet:-1","max-image-preview":"max-image-preview:large","max-video-preview":"max-video-preview:-1","archive":"noarchive"},"canonical":"https:\/\/www.fabrykachlodu.pl\/sklep\/produkt\/m12-fuel-wielofunkcyjna-dwukierunkowa-szlifierka-ze-zdejmowanai-regulowana-oslona-do-ciecia-blachy-kanalow-wentylacyjnych-korytinstalacyjnych-z-tworzywa-drewna-plytek\/","twitter_misc":{"Szacowany czas czytania":"3 minuty"},"schema":{"@context":"https:\/\/schema.org","@graph":[{"@type":"WebPage","@id":"https:\/\/www.fabrykachlodu.pl\/sklep\/produkt\/m12-fuel-wielofunkcyjna-dwukierunkowa-szlifierka-ze-zdejmowanai-regulowana-oslona-do-ciecia-blachy-kanalow-wentylacyjnych-korytinstalacyjnych-z-tworzywa-drewna-plytek\/","url":"https:\/\/www.fabrykachlodu.pl\/sklep\/produkt\/m12-fuel-wielofunkcyjna-dwukierunkowa-szlifierka-ze-zdejmowanai-regulowana-oslona-do-ciecia-blachy-kanalow-wentylacyjnych-korytinstalacyjnych-z-tworzywa-drewna-plytek\/","name":"M12\u2122 Nitownica z mo\u017cliwo\u015bci\u0105 zmian\u0105 \u015brednicy u\u017cywanego nita oraz zmian\u0105 d\u0142ugo\u015bci dyszy, zintegrowany pojemnik na odpady","isPartOf":{"@id":"https:\/\/www.fabrykachlodu.pl\/sklep\/#website"},"datePublished":"2023-04-19T14:04:46+00:00","dateModified":"2023-04-26T18:34:42+00:00","description":"M12\u2122 Nitownica z mo\u017cliwo\u015bci\u0105 zmian\u0105 \u015brednicy u\u017cywanego nita oraz zmian\u0105 d\u0142ugo\u015bci dyszy, zintegrowany pojemnik na odpady","breadcrumb":{"@id":"https:\/\/www.fabrykachlodu.pl\/sklep\/produkt\/m12-fuel-wielofunkcyjna-dwukierunkowa-szlifierka-ze-zdejmowanai-regulowana-oslona-do-ciecia-blachy-kanalow-wentylacyjnych-korytinstalacyjnych-z-tworzywa-drewna-plytek\/#breadcrumb"},"inLanguage":"pl-PL","potentialAction":[{"@type":"ReadAction","target":["https:\/\/www.fabrykachlodu.pl\/sklep\/produkt\/m12-fuel-wielofunkcyjna-dwukierunkowa-szlifierka-ze-zdejmowanai-regulowana-oslona-do-ciecia-blachy-kanalow-wentylacyjnych-korytinstalacyjnych-z-tworzywa-drewna-plytek\/"]}]},{"@type":"BreadcrumbList","@id":"https:\/\/www.fabrykachlodu.pl\/sklep\/produkt\/m12-fuel-wielofunkcyjna-dwukierunkowa-szlifierka-ze-zdejmowanai-regulowana-oslona-do-ciecia-blachy-kanalow-wentylacyjnych-korytinstalacyjnych-z-tworzywa-drewna-plytek\/#breadcrumb","itemListElement":[{"@type":"ListItem","position":1,"name":"Strona g\u0142\u00f3wna","item":"https:\/\/www.fabrykachlodu.pl\/sklep\/"},{"@type":"ListItem","position":2,"name":"Szukasz klimatzyacji biurowej sklepowej lub do mieszkania?","item":"https:\/\/www.fabrykachlodu.pl\/sklep\/"},{"@type":"ListItem","position":3,"name":"NARZ\u0118DZIA CH\u0141ODNICZE","item":"https:\/\/www.fabrykachlodu.pl\/sklep\/product-category\/narzedzia-chlodnicze\/"},{"@type":"ListItem","position":4,"name":"ELEKTRONARZ\u0118DZIA","item":"https:\/\/www.fabrykachlodu.pl\/sklep\/product-category\/narzedzia-chlodnicze\/elektronarzedzia\/"},{"@type":"ListItem","position":5,"name":"M12\u2122 Nitownica z mo\u017cliwo\u015bci\u0105 zmian\u0105 \u015brednicy u\u017cywanego nita oraz zmian\u0105 d\u0142ugo\u015bci dyszy, zintegrowany pojemnik na odpady"}]},{"@type":"WebSite","@id":"https:\/\/www.fabrykachlodu.pl\/sklep\/#website","url":"https:\/\/www.fabrykachlodu.pl\/sklep\/","name":"\u00b0FC Sklep Internetowy monta\u017c klimatyzacji pomp ciep\u0142a","description":"\u00b0FC monta\u017c klimatyzacji pomp ciep\u0142a z nami to szybki i tani wyb\u00f3r.  Us\u0142ugi monta\u017cowe i serwisowe W Warszawie i okolicach..","potentialAction":[{"@type":"SearchAction","target":{"@type":"EntryPoint","urlTemplate":"https:\/\/www.fabrykachlodu.pl\/sklep\/?s={search_term_string}"},"query-input":"required name=search_term_string"}],"inLanguage":"pl-PL"}]}},"_links":{"self":[{"href":"https:\/\/www.fabrykachlodu.pl\/sklep\/wp-json\/wp\/v2\/product\/88640"}],"collection":[{"href":"https:\/\/www.fabrykachlodu.pl\/sklep\/wp-json\/wp\/v2\/product"}],"about":[{"href":"https:\/\/www.fabrykachlodu.pl\/sklep\/wp-json\/wp\/v2\/types\/product"}],"wp:featuredmedia":[{"embeddable":true,"href":"https:\/\/www.fabrykachlodu.pl\/sklep\/wp-json\/wp\/v2\/media\/89255"}],"wp:attachment":[{"href":"https:\/\/www.fabrykachlodu.pl\/sklep\/wp-json\/wp\/v2\/media?parent=88640"}],"wp:term":[{"taxonomy":"product_cat","embeddable":true,"href":"https:\/\/www.fabrykachlodu.pl\/sklep\/wp-json\/wp\/v2\/product_cat?post=88640"},{"taxonomy":"product_tag","embeddable":true,"href":"https:\/\/www.fabrykachlodu.pl\/sklep\/wp-json\/wp\/v2\/product_tag?post=88640"}],"curies":[{"name":"wp","href":"https:\/\/api.w.org\/{rel}","templated":true}]}}