{"id":88641,"date":"2023-04-19T16:04:47","date_gmt":"2023-04-19T14:04:47","guid":{"rendered":"https:\/\/www.fabrykachlodu.pl\/sklep\/?post_type=product&#038;p=88641"},"modified":"2023-04-26T20:34:42","modified_gmt":"2023-04-26T18:34:42","slug":"m12-nitownica-z-mozliwoscia-zmiana-srednicy-uzywanego-nita-oraz-zmianadlugosci-dyszy-zintegrowany-pojemnik-na-odpady","status":"publish","type":"product","link":"https:\/\/www.fabrykachlodu.pl\/sklep\/produkt\/m12-nitownica-z-mozliwoscia-zmiana-srednicy-uzywanego-nita-oraz-zmianadlugosci-dyszy-zintegrowany-pojemnik-na-odpady\/","title":{"rendered":"M12\u2122 Kamera inspekcyjna z elastycznym kablem 2,7 m, pod\u015bwietlenie LED,\nkarta pami\u0119ci 8 GB, zdalny ekran LCD 85 mm (pakiet z bateri\u0105 2 Ah i \u0142adowark\u0105\nw walizce)"},"content":{"rendered":"<br \/>\n<h2>Zam\u00f3wienie dotyczy:  M12\u2122 Kamera inspekcyjna z elastycznym kablem 2,7 m, pod\u015bwietlenie LED,<br \/>\nkarta pami\u0119ci 8 GB, zdalny ekran LCD 85 mm (pakiet z bateri\u0105 2 Ah i \u0142adowark\u0105<br \/>\nw walizce)<\/h2>\n<p><h3><strong>W jednym miejscu poznasz:<\/strong><\/h3>\n<\/p>\n<p>M12\u2122 Kamera inspekcyjna z elastycznym kablem 2,7 m, pod\u015bwietlenie LED,<br \/>\nkarta pami\u0119ci 8 GB, zdalny ekran LCD 85 mm (pakiet z bateri\u0105 2 Ah i \u0142adowark\u0105<br \/>\nw walizce) i wa\u017cne informacje<br \/> Poznasz najwa\u017cniejsze funkcje<br \/> Por\u00f3wnasz produkty<br \/> Poznasz parametry techniczne<br \/> Poznasz cen\u0119 i zrealizujesz zam\u00f3wienie<strong><\/p>\n<h3>Zamawiaj\u0105c produkt u nas:<\/strong><\/h3>\n<p>Otrzymasz produkt<br \/> Nowy produkt<br \/> Prawo do zwrotu<br \/> Zakup na raty<br \/> <strong><\/p>\n<h3>Zamawiaj\u0105c teraz otrzymasz:<\/strong><\/h3>\n<p> M12\u2122 Kamera inspekcyjna z elastycznym kablem 2,7 m, pod\u015bwietlenie LED,<br \/>\nkarta pami\u0119ci 8 GB, zdalny ekran LCD 85 mm (pakiet z bateri\u0105 2 Ah i \u0142adowark\u0105<br \/>\nw walizce) z rabatem kupuj\u0105c w naszym sklepie online  <br \/> Gwarancje <br \/> Szybka realizacje dostawyM12\u2122 Kamera inspekcyjna to narz\u0119dzie do przeprowadzania inspekcji w trudno dost\u0119pnych miejscach. Kamera ta posiada elastyczny kabel o d\u0142ugo\u015bci 2,7 metra, pod\u015bwietlenie LED oraz karty pami\u0119ci o pojemno\u015bci 8 GB. Dodatkowo, wyposa\u017cona jest w zdalny ekran LCD 85 mm, a pakiet zawiera bateri\u0119 2 Ah i \u0142adowark\u0119 w walizce. Narz\u0119dzie to jest wykorzystywane w bran\u017cy budowlanej, motoryzacyjnej, jak r\u00f3wnie\u017c w przemy\u015ble chemicznym i petrochemicznym.<div class=\"su-service\"><div class=\"su-service-title\" style=\"padding-left:52px;min-height:38px;line-height:38px\"><i class=\"sui sui-check-circle\" style=\"font-size:38px;color:#22a0ed\"><\/i> Wskaz\u00f3wka naszego eksperta<\/div><div class=\"su-service-content su-u-clearfix su-u-trim\" style=\"padding-left:52px\"><\/div><\/div>\n<h2><strong>Zapraszamy do por\u00f3wnania zalet i wad<\/strong><\/h2>\n<p><strong>Jakie s\u0105 zalety?<\/strong><br \/><div class=\"su-service\"><div class=\"su-service-title\" style=\"padding-left:52px;min-height:38px;line-height:38px\"><i class=\"sui sui-check-circle\" style=\"font-size:38px;color:#22a0ed\"><\/i> Wskaz\u00f3wka naszego eksperta<\/div><div class=\"su-service-content su-u-clearfix su-u-trim\" style=\"padding-left:52px\">M12\u2122 Kamera inspekcyjna: elastyczny kabel 27 m, pod\u015bwietlenie LED, zdalny ekran LCD 85 mm, \u0142atwe przegl\u0105danie i nagrywanie obraz\u00f3w<br \/><\/div><\/div><strong>Jakie s\u0105 wady tego produktu?<\/strong><br \/><div class=\"su-service\"><div class=\"su-service-title\" style=\"padding-left:52px;min-height:38px;line-height:38px\"><i class=\"sui sui-check-circle\" style=\"font-size:38px;color:#22a0ed\"><\/i> Wskaz\u00f3wka naszego eksperta<\/div><div class=\"su-service-content su-u-clearfix su-u-trim\" style=\"padding-left:52px\">M12\u2122 Kamera inspekcyjna z elastycznym kablem 27 m pod\u015bwietlenie LED karta pami\u0119ci 8 GB zdalny ekran LCD 85 mm (pakiet z bateri\u0105 2 Ah i \u0142adowark\u0105 w walizce) &#8211; mo\u017ce mie\u0107 ograniczenia w u\u017cyciu w ciemnych lub trudno dost\u0119pnych miejscach.<br \/><\/div><\/div><div class=\"su-service\"><div class=\"su-service-title\" style=\"padding-left:52px;min-height:38px;line-height:38px\"><i class=\"sui sui-hand-o-right\" style=\"font-size:38px;color:#22a0ed\"><\/i> Podsumowuj\u0105c<\/div><div class=\"su-service-content su-u-clearfix su-u-trim\" style=\"padding-left:52px\">M12\u2122 Kamera inspekcyjna &#8211; Zaleta: Elastyczny kabel, pod\u015bwietlenie LED, karta pami\u0119ci 8 GB. Wada: Wysoka cena. Idealna do badania stanu rur i przewod\u00f3w. <br \/><\/div><\/div>\n<div class=\"hr-thin\"><\/div>\n<p>&#8221; <\/p>\n<p>PARAMETRY TECHNICZNE<\/p>\n<div class=\"su-tabs su-tabs-style-default su-tabs-mobile-stack\" data-active=\"1\" data-scroll-offset=\"0\" data-anchor-in-url=\"no\"><div class=\"su-tabs-nav\"><span class=\"\" data-url=\"\" data-target=\"blank\" tabindex=\"0\" role=\"button\">Stacja CPS do odzysku<\/span><span class=\"\" data-url=\"\" data-target=\"blank\" tabindex=\"0\" role=\"button\">CPS Odzysk czynika<\/span><span class=\"\" data-url=\"\" data-target=\"blank\" tabindex=\"0\" role=\"button\">Pompa pr\u00f3\u017cniowa<\/span><span class=\"\" data-url=\"\" data-target=\"blank\" tabindex=\"0\" role=\"button\">Akcesoria Monta\u017cowe<\/span><span class=\"\" data-url=\"\" data-target=\"blank\" tabindex=\"0\" role=\"button\">Klimatyzacja i pompy oferta<\/span><span class=\"\" data-url=\"\" data-target=\"blank\" tabindex=\"0\" role=\"button\">Ch\u0142odnictwo oferta<\/span><\/div><div class=\"su-tabs-panes\"><div class=\"su-tabs-pane su-u-clearfix su-u-trim\" data-title=\"Stacja CPS do odzysku\"><div class=\"su-document su-u-responsive-media-yes\"><iframe src=\"\/\/docs.google.com\/viewer?embedded=true&url=https:\/\/www.fabrykachlodu.pl\/sklep\/wp-content\/uploads\/2023\/04\/CPS_Stacja_do_odzysku_TR600.pdf\" width=\"600\" height=\"400\" class=\"su-document\" title=\"\"><\/iframe><\/div><\/div>\n<div class=\"su-tabs-pane su-u-clearfix su-u-trim\" data-title=\"CPS Odzysk czynika\"><div class=\"su-document su-u-responsive-media-yes\"><iframe src=\"\/\/docs.google.com\/viewer?embedded=true&url=https:\/\/www.fabrykachlodu.pl\/sklep\/wp-content\/uploads\/2023\/04\/odzysk.czynnika.pdf\" width=\"600\" height=\"400\" class=\"su-document\" title=\"\"><\/iframe><\/div><\/div>\n<div class=\"su-tabs-pane su-u-clearfix su-u-trim\" data-title=\"Pompa pr\u00f3\u017cniowa\"><div class=\"su-document su-u-responsive-media-yes\"><iframe src=\"\/\/docs.google.com\/viewer?embedded=true&url=https:\/\/www.fabrykachlodu.pl\/sklep\/wp-content\/uploads\/2023\/04\/pompy.prozniowe.oleje_.do_.pomp_.pdf\" width=\"600\" height=\"400\" class=\"su-document\" title=\"\"><\/iframe><\/div><\/div>\n<div class=\"su-tabs-pane su-u-clearfix su-u-trim\" data-title=\"Akcesoria Monta\u017cowe\"><div class=\"su-document su-u-responsive-media-yes\"><iframe src=\"\/\/docs.google.com\/viewer?embedded=true&url=https:\/\/www.fabrykachlodu.pl\/sklep\/wp-content\/uploads\/2023\/04\/narzedzia.do_.rur_.frezy_.do_.gratowania.do_.giecia.do_.zaciskania.do_.rozcinania.otworow.pdf\" width=\"600\" height=\"400\" class=\"su-document\" title=\"\"><\/iframe><\/div><\/div>\n<div class=\"su-tabs-pane su-u-clearfix su-u-trim\" data-title=\"Klimatyzacja i pompy oferta\"><div class=\"su-document su-u-responsive-media-yes\"><iframe src=\"\/\/docs.google.com\/viewer?embedded=true&url=https:\/\/www.fabrykachlodu.pl\/oferta\/FC.Nowosci.pdf\" width=\"600\" height=\"400\" class=\"su-document\" title=\"\"><\/iframe><\/div><\/div>\n<div class=\"su-tabs-pane su-u-clearfix su-u-trim\" data-title=\"Ch\u0142odnictwo oferta\"><div class=\"su-document su-u-responsive-media-yes\"><iframe src=\"\/\/docs.google.com\/viewer?embedded=true&url=https:\/\/www.fabrykachlodu.pl\/oferta\/FC.Serwis_Chlodniczy.pdf\" width=\"600\" height=\"400\" class=\"su-document\" title=\"\"><\/iframe><\/div><\/div><\/div><\/div>\n<p>Dokumenty si\u0119 nie wy\u015bwietlaj\u0105? <input type=\"button\" value=\"Od\u015bwie\u017c stron\u0119\" onclick=\"location.reload();\"><\/p>\n","protected":false},"excerpt":{"rendered":"<p><span style=\"color: #000000;\"><strong>Najwa\u017cniejsze zalety<\/strong><\/span>[dt_list style=\"1\" bullet_position=\"middle\" dividers=\"true\"][dt_list style=\"1\" bullet_position=\"middle\" dividers=\"true\"][dt_list_item image=\"\"]Precyzyjna[\/dt_list_item][dt_list_item image=\"\"]Skuteczna[\/dt_list_item][dt_list_item image=\"\"]Praktyczna[\/dt_list_item][dt_list_item image=\"\"]\u0141atwy w obs\u0142udze[\/dt_list_item][\/dt_list]<\/p>\n","protected":false},"featured_media":89262,"template":"","meta":[],"product_cat":[6755,6739,189],"product_tag":[6757],"yoast_head":"<!-- This site is optimized with the Yoast SEO plugin v22.1 - https:\/\/yoast.com\/wordpress\/plugins\/seo\/ -->\n<title>M12\u2122 Kamera inspekcyjna z elastycznym kablem 2,7 m, pod\u015bwietlenie LED, karta pami\u0119ci 8 GB, zdalny ekran LCD 85 mm (pakiet z bateri\u0105 2 Ah i \u0142adowark\u0105 w walizce)<\/title>\n<meta name=\"description\" content=\"M12\u2122 Kamera inspekcyjna z elastycznym kablem 2,7 m, pod\u015bwietlenie LED, karta pami\u0119ci 8 GB, zdalny ekran LCD 85 mm (pakiet z bateri\u0105 2 Ah i \u0142adowark\u0105 w walizce)\" \/>\n<meta name=\"robots\" content=\"index, nofollow, max-snippet:-1, max-image-preview:large, max-video-preview:-1, noarchive\" \/>\n<link rel=\"canonical\" href=\"https:\/\/www.fabrykachlodu.pl\/sklep\/produkt\/m12-nitownica-z-mozliwoscia-zmiana-srednicy-uzywanego-nita-oraz-zmianadlugosci-dyszy-zintegrowany-pojemnik-na-odpady\/\" \/>\n<meta name=\"twitter:label1\" content=\"Szacowany czas czytania\" \/>\n\t<meta name=\"twitter:data1\" content=\"3 minuty\" \/>\n<script type=\"application\/ld+json\" class=\"yoast-schema-graph\">{\"@context\":\"https:\/\/schema.org\",\"@graph\":[{\"@type\":\"WebPage\",\"@id\":\"https:\/\/www.fabrykachlodu.pl\/sklep\/produkt\/m12-nitownica-z-mozliwoscia-zmiana-srednicy-uzywanego-nita-oraz-zmianadlugosci-dyszy-zintegrowany-pojemnik-na-odpady\/\",\"url\":\"https:\/\/www.fabrykachlodu.pl\/sklep\/produkt\/m12-nitownica-z-mozliwoscia-zmiana-srednicy-uzywanego-nita-oraz-zmianadlugosci-dyszy-zintegrowany-pojemnik-na-odpady\/\",\"name\":\"M12\u2122 Kamera inspekcyjna z elastycznym kablem 2,7 m, pod\u015bwietlenie LED, karta pami\u0119ci 8 GB, zdalny ekran LCD 85 mm (pakiet z bateri\u0105 2 Ah i \u0142adowark\u0105 w walizce)\",\"isPartOf\":{\"@id\":\"https:\/\/www.fabrykachlodu.pl\/sklep\/#website\"},\"datePublished\":\"2023-04-19T14:04:47+00:00\",\"dateModified\":\"2023-04-26T18:34:42+00:00\",\"description\":\"M12\u2122 Kamera inspekcyjna z elastycznym kablem 2,7 m, pod\u015bwietlenie LED, karta pami\u0119ci 8 GB, zdalny ekran LCD 85 mm (pakiet z bateri\u0105 2 Ah i \u0142adowark\u0105 w walizce)\",\"breadcrumb\":{\"@id\":\"https:\/\/www.fabrykachlodu.pl\/sklep\/produkt\/m12-nitownica-z-mozliwoscia-zmiana-srednicy-uzywanego-nita-oraz-zmianadlugosci-dyszy-zintegrowany-pojemnik-na-odpady\/#breadcrumb\"},\"inLanguage\":\"pl-PL\",\"potentialAction\":[{\"@type\":\"ReadAction\",\"target\":[\"https:\/\/www.fabrykachlodu.pl\/sklep\/produkt\/m12-nitownica-z-mozliwoscia-zmiana-srednicy-uzywanego-nita-oraz-zmianadlugosci-dyszy-zintegrowany-pojemnik-na-odpady\/\"]}]},{\"@type\":\"BreadcrumbList\",\"@id\":\"https:\/\/www.fabrykachlodu.pl\/sklep\/produkt\/m12-nitownica-z-mozliwoscia-zmiana-srednicy-uzywanego-nita-oraz-zmianadlugosci-dyszy-zintegrowany-pojemnik-na-odpady\/#breadcrumb\",\"itemListElement\":[{\"@type\":\"ListItem\",\"position\":1,\"name\":\"Strona g\u0142\u00f3wna\",\"item\":\"https:\/\/www.fabrykachlodu.pl\/sklep\/\"},{\"@type\":\"ListItem\",\"position\":2,\"name\":\"Szukasz klimatzyacji biurowej sklepowej lub do mieszkania?\",\"item\":\"https:\/\/www.fabrykachlodu.pl\/sklep\/\"},{\"@type\":\"ListItem\",\"position\":3,\"name\":\"NARZ\u0118DZIA CH\u0141ODNICZE\",\"item\":\"https:\/\/www.fabrykachlodu.pl\/sklep\/product-category\/narzedzia-chlodnicze\/\"},{\"@type\":\"ListItem\",\"position\":4,\"name\":\"ELEKTRONARZ\u0118DZIA\",\"item\":\"https:\/\/www.fabrykachlodu.pl\/sklep\/product-category\/narzedzia-chlodnicze\/elektronarzedzia\/\"},{\"@type\":\"ListItem\",\"position\":5,\"name\":\"M12\u2122 Kamera inspekcyjna z elastycznym kablem 2,7 m, pod\u015bwietlenie LED, karta pami\u0119ci 8 GB, zdalny ekran LCD 85 mm (pakiet z bateri\u0105 2 Ah i \u0142adowark\u0105 w walizce)\"}]},{\"@type\":\"WebSite\",\"@id\":\"https:\/\/www.fabrykachlodu.pl\/sklep\/#website\",\"url\":\"https:\/\/www.fabrykachlodu.pl\/sklep\/\",\"name\":\"\u00b0FC Sklep Internetowy monta\u017c klimatyzacji pomp ciep\u0142a\",\"description\":\"\u00b0FC monta\u017c klimatyzacji pomp ciep\u0142a z nami to szybki i tani wyb\u00f3r.  Us\u0142ugi monta\u017cowe i serwisowe W Warszawie i okolicach..\",\"potentialAction\":[{\"@type\":\"SearchAction\",\"target\":{\"@type\":\"EntryPoint\",\"urlTemplate\":\"https:\/\/www.fabrykachlodu.pl\/sklep\/?s={search_term_string}\"},\"query-input\":\"required name=search_term_string\"}],\"inLanguage\":\"pl-PL\"}]}<\/script>\n<!-- \/ Yoast SEO plugin. -->","yoast_head_json":{"title":"M12\u2122 Kamera inspekcyjna z elastycznym kablem 2,7 m, pod\u015bwietlenie LED, karta pami\u0119ci 8 GB, zdalny ekran LCD 85 mm (pakiet z bateri\u0105 2 Ah i \u0142adowark\u0105 w walizce)","description":"M12\u2122 Kamera inspekcyjna z elastycznym kablem 2,7 m, pod\u015bwietlenie LED, karta pami\u0119ci 8 GB, zdalny ekran LCD 85 mm (pakiet z bateri\u0105 2 Ah i \u0142adowark\u0105 w walizce)","robots":{"index":"index","follow":"nofollow","max-snippet":"max-snippet:-1","max-image-preview":"max-image-preview:large","max-video-preview":"max-video-preview:-1","archive":"noarchive"},"canonical":"https:\/\/www.fabrykachlodu.pl\/sklep\/produkt\/m12-nitownica-z-mozliwoscia-zmiana-srednicy-uzywanego-nita-oraz-zmianadlugosci-dyszy-zintegrowany-pojemnik-na-odpady\/","twitter_misc":{"Szacowany czas czytania":"3 minuty"},"schema":{"@context":"https:\/\/schema.org","@graph":[{"@type":"WebPage","@id":"https:\/\/www.fabrykachlodu.pl\/sklep\/produkt\/m12-nitownica-z-mozliwoscia-zmiana-srednicy-uzywanego-nita-oraz-zmianadlugosci-dyszy-zintegrowany-pojemnik-na-odpady\/","url":"https:\/\/www.fabrykachlodu.pl\/sklep\/produkt\/m12-nitownica-z-mozliwoscia-zmiana-srednicy-uzywanego-nita-oraz-zmianadlugosci-dyszy-zintegrowany-pojemnik-na-odpady\/","name":"M12\u2122 Kamera inspekcyjna z elastycznym kablem 2,7 m, pod\u015bwietlenie LED, karta pami\u0119ci 8 GB, zdalny ekran LCD 85 mm (pakiet z bateri\u0105 2 Ah i \u0142adowark\u0105 w walizce)","isPartOf":{"@id":"https:\/\/www.fabrykachlodu.pl\/sklep\/#website"},"datePublished":"2023-04-19T14:04:47+00:00","dateModified":"2023-04-26T18:34:42+00:00","description":"M12\u2122 Kamera inspekcyjna z elastycznym kablem 2,7 m, pod\u015bwietlenie LED, karta pami\u0119ci 8 GB, zdalny ekran LCD 85 mm (pakiet z bateri\u0105 2 Ah i \u0142adowark\u0105 w walizce)","breadcrumb":{"@id":"https:\/\/www.fabrykachlodu.pl\/sklep\/produkt\/m12-nitownica-z-mozliwoscia-zmiana-srednicy-uzywanego-nita-oraz-zmianadlugosci-dyszy-zintegrowany-pojemnik-na-odpady\/#breadcrumb"},"inLanguage":"pl-PL","potentialAction":[{"@type":"ReadAction","target":["https:\/\/www.fabrykachlodu.pl\/sklep\/produkt\/m12-nitownica-z-mozliwoscia-zmiana-srednicy-uzywanego-nita-oraz-zmianadlugosci-dyszy-zintegrowany-pojemnik-na-odpady\/"]}]},{"@type":"BreadcrumbList","@id":"https:\/\/www.fabrykachlodu.pl\/sklep\/produkt\/m12-nitownica-z-mozliwoscia-zmiana-srednicy-uzywanego-nita-oraz-zmianadlugosci-dyszy-zintegrowany-pojemnik-na-odpady\/#breadcrumb","itemListElement":[{"@type":"ListItem","position":1,"name":"Strona g\u0142\u00f3wna","item":"https:\/\/www.fabrykachlodu.pl\/sklep\/"},{"@type":"ListItem","position":2,"name":"Szukasz klimatzyacji biurowej sklepowej lub do mieszkania?","item":"https:\/\/www.fabrykachlodu.pl\/sklep\/"},{"@type":"ListItem","position":3,"name":"NARZ\u0118DZIA CH\u0141ODNICZE","item":"https:\/\/www.fabrykachlodu.pl\/sklep\/product-category\/narzedzia-chlodnicze\/"},{"@type":"ListItem","position":4,"name":"ELEKTRONARZ\u0118DZIA","item":"https:\/\/www.fabrykachlodu.pl\/sklep\/product-category\/narzedzia-chlodnicze\/elektronarzedzia\/"},{"@type":"ListItem","position":5,"name":"M12\u2122 Kamera inspekcyjna z elastycznym kablem 2,7 m, pod\u015bwietlenie LED, karta pami\u0119ci 8 GB, zdalny ekran LCD 85 mm (pakiet z bateri\u0105 2 Ah i \u0142adowark\u0105 w walizce)"}]},{"@type":"WebSite","@id":"https:\/\/www.fabrykachlodu.pl\/sklep\/#website","url":"https:\/\/www.fabrykachlodu.pl\/sklep\/","name":"\u00b0FC Sklep Internetowy monta\u017c klimatyzacji pomp ciep\u0142a","description":"\u00b0FC monta\u017c klimatyzacji pomp ciep\u0142a z nami to szybki i tani wyb\u00f3r.  Us\u0142ugi monta\u017cowe i serwisowe W Warszawie i okolicach..","potentialAction":[{"@type":"SearchAction","target":{"@type":"EntryPoint","urlTemplate":"https:\/\/www.fabrykachlodu.pl\/sklep\/?s={search_term_string}"},"query-input":"required name=search_term_string"}],"inLanguage":"pl-PL"}]}},"_links":{"self":[{"href":"https:\/\/www.fabrykachlodu.pl\/sklep\/wp-json\/wp\/v2\/product\/88641"}],"collection":[{"href":"https:\/\/www.fabrykachlodu.pl\/sklep\/wp-json\/wp\/v2\/product"}],"about":[{"href":"https:\/\/www.fabrykachlodu.pl\/sklep\/wp-json\/wp\/v2\/types\/product"}],"wp:featuredmedia":[{"embeddable":true,"href":"https:\/\/www.fabrykachlodu.pl\/sklep\/wp-json\/wp\/v2\/media\/89262"}],"wp:attachment":[{"href":"https:\/\/www.fabrykachlodu.pl\/sklep\/wp-json\/wp\/v2\/media?parent=88641"}],"wp:term":[{"taxonomy":"product_cat","embeddable":true,"href":"https:\/\/www.fabrykachlodu.pl\/sklep\/wp-json\/wp\/v2\/product_cat?post=88641"},{"taxonomy":"product_tag","embeddable":true,"href":"https:\/\/www.fabrykachlodu.pl\/sklep\/wp-json\/wp\/v2\/product_tag?post=88641"}],"curies":[{"name":"wp","href":"https:\/\/api.w.org\/{rel}","templated":true}]}}