{"id":88654,"date":"2023-04-19T16:04:49","date_gmt":"2023-04-19T14:04:49","guid":{"rendered":"https:\/\/www.fabrykachlodu.pl\/sklep\/?post_type=product&#038;p=88654"},"modified":"2023-04-26T20:34:45","modified_gmt":"2023-04-26T18:34:45","slug":"m18-fuel-szlifierkatarczowa-125-mm-z-hamulcem-regulowana-bezkluczowooslona-fixtec-wymiana-tarczy-bez-uzycia-narzedzi","status":"publish","type":"product","link":"https:\/\/www.fabrykachlodu.pl\/sklep\/produkt\/m18-fuel-szlifierkatarczowa-125-mm-z-hamulcem-regulowana-bezkluczowooslona-fixtec-wymiana-tarczy-bez-uzycia-narzedzi\/","title":{"rendered":"M18\u2122 Obcinak do pr\u0119t\u00f3w gwintowanychwzakresie \u015brednic M6\/M8\/M10\/M12"},"content":{"rendered":"<br \/>\n<h2>Zam\u00f3wienie dotyczy:  M18\u2122 Obcinak do pr\u0119t\u00f3w gwintowanychwzakresie \u015brednic M6\/M8\/M10\/M12<\/h2>\n<p><h3><strong>W jednym miejscu poznasz:<\/strong><\/h3>\n<\/p>\n<p>M18\u2122 Obcinak do pr\u0119t\u00f3w gwintowanychwzakresie \u015brednic M6\/M8\/M10\/M12 i wa\u017cne informacje<br \/> Poznasz najwa\u017cniejsze funkcje<br \/> Por\u00f3wnasz produkty<br \/> Poznasz parametry techniczne<br \/> Poznasz cen\u0119 i zrealizujesz zam\u00f3wienie<strong><\/p>\n<h3>Zamawiaj\u0105c produkt u nas:<\/strong><\/h3>\n<p>Otrzymasz produkt<br \/> Nowy produkt<br \/> Prawo do zwrotu<br \/> Zakup na raty<br \/> <strong><\/p>\n<h3>Zamawiaj\u0105c teraz otrzymasz:<\/strong><\/h3>\n<p> M18\u2122 Obcinak do pr\u0119t\u00f3w gwintowanychwzakresie \u015brednic M6\/M8\/M10\/M12 z rabatem kupuj\u0105c w naszym sklepie online  <br \/> Gwarancje <br \/> Szybka realizacje dostawyOto kilka zalet M18\u2122 Obcinaka do pr\u0119t\u00f3w gwintowanych w zakresie \u015brednic M6\/M8\/M10\/M12:<\/p>\n<p>Wysoka wydajno\u015b\u0107: Obcinak z serii M18 zapewnia wysok\u0105 wydajno\u015b\u0107 i szybko\u015b\u0107 ci\u0119cia pr\u0119t\u00f3w gwintowanych w por\u00f3wnaniu z tradycyjnymi narz\u0119dziami r\u0119cznymi.<\/p>\n<p>Precyzja ci\u0119cia: Obcinak zapewnia bardzo precyzyjne ci\u0119cie pr\u0119t\u00f3w gwintowanych, co pozwala na uzyskanie g\u0142adkich i r\u00f3wnych powierzchni ci\u0119cia.<\/p>\n<p>Mobilno\u015b\u0107: M18\u2122 Obcinak do pr\u0119t\u00f3w gwintowanych jest bezprzewodowy, co oznacza, \u017ce mo\u017cna go u\u017cywa\u0107 w dowolnym miejscu bez potrzeby pod\u0142\u0105czania do \u017ar\u00f3d\u0142a zasilania.<\/p>\n<p>Ergonomia: Narz\u0119dzie jest wygodne w u\u017cytkowaniu dzi\u0119ki ergonomicznemu kszta\u0142towi i niewielkiej wadze, co zmniejsza zm\u0119czenie u\u017cytkownika.<\/p>\n<p>Wymiana ostrzy: Mo\u017cliwo\u015b\u0107 \u0142atwej wymiany ostrzy pozwala na utrzymanie narz\u0119dzia w dobrym stanie i wydajnym dzia\u0142aniu.<\/p>\n<p>Wielozadaniowo\u015b\u0107: Obcinak M18\u2122 mo\u017cna wykorzysta\u0107 do ci\u0119cia r\u00f3\u017cnego rodzaju pr\u0119t\u00f3w gwintowanych w r\u00f3\u017cnych rozmiarach, co czyni go bardzo wszechstronnym narz\u0119dziem w warsztacie czy na budowie.<br \/>\n<div class=\"su-service\"><div class=\"su-service-title\" style=\"padding-left:52px;min-height:38px;line-height:38px\"><i class=\"sui sui-check-circle\" style=\"font-size:38px;color:#22a0ed\"><\/i> Wskaz\u00f3wka naszego eksperta<\/div><div class=\"su-service-content su-u-clearfix su-u-trim\" style=\"padding-left:52px\"><\/div><\/div>\n<h2><strong>Zapraszamy do por\u00f3wnania zalet i wad<\/strong><\/h2>\n<p><strong>Jakie s\u0105 zalety?<\/strong><br \/><div class=\"su-service\"><div class=\"su-service-title\" style=\"padding-left:52px;min-height:38px;line-height:38px\"><i class=\"sui sui-check-circle\" style=\"font-size:38px;color:#22a0ed\"><\/i> Wskaz\u00f3wka naszego eksperta<\/div><div class=\"su-service-content su-u-clearfix su-u-trim\" style=\"padding-left:52px\">M18\u2122 Obcinak do pr\u0119t\u00f3w gwintowanych &#8211; zakres \u015brednic M6\/M8\/M10\/M12.<br \/><\/div><\/div><strong>Jakie s\u0105 wady tego produktu?<\/strong><br \/><div class=\"su-service\"><div class=\"su-service-title\" style=\"padding-left:52px;min-height:38px;line-height:38px\"><i class=\"sui sui-check-circle\" style=\"font-size:38px;color:#22a0ed\"><\/i> Wskaz\u00f3wka naszego eksperta<\/div><div class=\"su-service-content su-u-clearfix su-u-trim\" style=\"padding-left:52px\">M18\u2122 Obcinak do pr\u0119t\u00f3w gwintowanych &#8211; ograniczony zakres \u015brednic pr\u0119t\u00f3w<br \/><\/div><\/div><div class=\"su-service\"><div class=\"su-service-title\" style=\"padding-left:52px;min-height:38px;line-height:38px\"><i class=\"sui sui-hand-o-right\" style=\"font-size:38px;color:#22a0ed\"><\/i> Podsumowuj\u0105c<\/div><div class=\"su-service-content su-u-clearfix su-u-trim\" style=\"padding-left:52px\">M18\u2122 Obcinak do pr\u0119t\u00f3w gwintowanych &#8211; Wada: brak. Zaleta: szeroki zakres \u015brednic M6\/M8\/M10\/M12.<br \/><\/div><\/div>\n<div class=\"hr-thin\"><\/div>\n<p>&#8221; <\/p>\n<p>PARAMETRY TECHNICZNE<\/p>\n<div class=\"su-tabs su-tabs-style-default su-tabs-mobile-stack\" data-active=\"1\" data-scroll-offset=\"0\" data-anchor-in-url=\"no\"><div class=\"su-tabs-nav\"><span class=\"\" data-url=\"\" data-target=\"blank\" tabindex=\"0\" role=\"button\">Stacja CPS do odzysku<\/span><span class=\"\" data-url=\"\" data-target=\"blank\" tabindex=\"0\" role=\"button\">CPS Odzysk czynika<\/span><span class=\"\" data-url=\"\" data-target=\"blank\" tabindex=\"0\" role=\"button\">Pompa pr\u00f3\u017cniowa<\/span><span class=\"\" data-url=\"\" data-target=\"blank\" tabindex=\"0\" role=\"button\">Akcesoria Monta\u017cowe<\/span><span class=\"\" data-url=\"\" data-target=\"blank\" tabindex=\"0\" role=\"button\">Klimatyzacja i pompy oferta<\/span><span class=\"\" data-url=\"\" data-target=\"blank\" tabindex=\"0\" role=\"button\">Ch\u0142odnictwo oferta<\/span><\/div><div class=\"su-tabs-panes\"><div class=\"su-tabs-pane su-u-clearfix su-u-trim\" data-title=\"Stacja CPS do odzysku\"><div class=\"su-document su-u-responsive-media-yes\"><iframe src=\"\/\/docs.google.com\/viewer?embedded=true&url=https:\/\/www.fabrykachlodu.pl\/sklep\/wp-content\/uploads\/2023\/04\/CPS_Stacja_do_odzysku_TR600.pdf\" width=\"600\" height=\"400\" class=\"su-document\" title=\"\"><\/iframe><\/div><\/div>\n<div class=\"su-tabs-pane su-u-clearfix su-u-trim\" data-title=\"CPS Odzysk czynika\"><div class=\"su-document su-u-responsive-media-yes\"><iframe src=\"\/\/docs.google.com\/viewer?embedded=true&url=https:\/\/www.fabrykachlodu.pl\/sklep\/wp-content\/uploads\/2023\/04\/odzysk.czynnika.pdf\" width=\"600\" height=\"400\" class=\"su-document\" title=\"\"><\/iframe><\/div><\/div>\n<div class=\"su-tabs-pane su-u-clearfix su-u-trim\" data-title=\"Pompa pr\u00f3\u017cniowa\"><div class=\"su-document su-u-responsive-media-yes\"><iframe src=\"\/\/docs.google.com\/viewer?embedded=true&url=https:\/\/www.fabrykachlodu.pl\/sklep\/wp-content\/uploads\/2023\/04\/pompy.prozniowe.oleje_.do_.pomp_.pdf\" width=\"600\" height=\"400\" class=\"su-document\" title=\"\"><\/iframe><\/div><\/div>\n<div class=\"su-tabs-pane su-u-clearfix su-u-trim\" data-title=\"Akcesoria Monta\u017cowe\"><div class=\"su-document su-u-responsive-media-yes\"><iframe src=\"\/\/docs.google.com\/viewer?embedded=true&url=https:\/\/www.fabrykachlodu.pl\/sklep\/wp-content\/uploads\/2023\/04\/narzedzia.do_.rur_.frezy_.do_.gratowania.do_.giecia.do_.zaciskania.do_.rozcinania.otworow.pdf\" width=\"600\" height=\"400\" class=\"su-document\" title=\"\"><\/iframe><\/div><\/div>\n<div class=\"su-tabs-pane su-u-clearfix su-u-trim\" data-title=\"Klimatyzacja i pompy oferta\"><div class=\"su-document su-u-responsive-media-yes\"><iframe src=\"\/\/docs.google.com\/viewer?embedded=true&url=https:\/\/www.fabrykachlodu.pl\/oferta\/FC.Nowosci.pdf\" width=\"600\" height=\"400\" class=\"su-document\" title=\"\"><\/iframe><\/div><\/div>\n<div class=\"su-tabs-pane su-u-clearfix su-u-trim\" data-title=\"Ch\u0142odnictwo oferta\"><div class=\"su-document su-u-responsive-media-yes\"><iframe src=\"\/\/docs.google.com\/viewer?embedded=true&url=https:\/\/www.fabrykachlodu.pl\/oferta\/FC.Serwis_Chlodniczy.pdf\" width=\"600\" height=\"400\" class=\"su-document\" title=\"\"><\/iframe><\/div><\/div><\/div><\/div>\n<p>Dokumenty si\u0119 nie wy\u015bwietlaj\u0105? <input type=\"button\" value=\"Od\u015bwie\u017c stron\u0119\" onclick=\"location.reload();\"><\/p>\n","protected":false},"excerpt":{"rendered":"<p><span style=\"color: #000000;\"><strong>Najwa\u017cniejsze zalety<\/strong><\/span>[dt_list style=\"1\" bullet_position=\"middle\" dividers=\"true\"][dt_list style=\"1\" bullet_position=\"middle\" dividers=\"true\"][dt_list_item image=\"\"]M18\u2122 obcinak do pr\u0119t\u00f3w gwintowanychwzakresie \u015brednic m6\/m8\/m10\/m12[\/dt_list_item][dt_list_item image=\"\"]M18\u2122 obcinak do pr\u0119t\u00f3w gwintowanych: wysoka precyzja ci\u0119cia[\/dt_list_item][dt_list_item image=\"\"]Zakres \u015brednic m6\/m8\/m10\/m12[\/dt_list_item][dt_list_item image=\"\"]Wygodna obs\u0142uga[\/dt_list_item][\/dt_list]<\/p>\n","protected":false},"featured_media":89264,"template":"","meta":[],"product_cat":[6755,6739,189],"product_tag":[6757],"yoast_head":"<!-- This site is optimized with the Yoast SEO plugin v22.1 - https:\/\/yoast.com\/wordpress\/plugins\/seo\/ -->\n<title>M18\u2122 Obcinak do pr\u0119t\u00f3w gwintowanychwzakresie \u015brednic M6\/M8\/M10\/M12<\/title>\n<meta name=\"description\" content=\"M18\u2122 Obcinak do pr\u0119t\u00f3w gwintowanychwzakresie \u015brednic M6\/M8\/M10\/M12\" \/>\n<meta name=\"robots\" content=\"index, follow, max-snippet:-1, max-image-preview:large, max-video-preview:-1\" \/>\n<link rel=\"canonical\" href=\"https:\/\/www.fabrykachlodu.pl\/sklep\/produkt\/m18-fuel-szlifierkatarczowa-125-mm-z-hamulcem-regulowana-bezkluczowooslona-fixtec-wymiana-tarczy-bez-uzycia-narzedzi\/\" \/>\n<meta name=\"twitter:label1\" content=\"Szacowany czas czytania\" \/>\n\t<meta name=\"twitter:data1\" content=\"3 minuty\" \/>\n<script type=\"application\/ld+json\" class=\"yoast-schema-graph\">{\"@context\":\"https:\/\/schema.org\",\"@graph\":[{\"@type\":\"WebPage\",\"@id\":\"https:\/\/www.fabrykachlodu.pl\/sklep\/produkt\/m18-fuel-szlifierkatarczowa-125-mm-z-hamulcem-regulowana-bezkluczowooslona-fixtec-wymiana-tarczy-bez-uzycia-narzedzi\/\",\"url\":\"https:\/\/www.fabrykachlodu.pl\/sklep\/produkt\/m18-fuel-szlifierkatarczowa-125-mm-z-hamulcem-regulowana-bezkluczowooslona-fixtec-wymiana-tarczy-bez-uzycia-narzedzi\/\",\"name\":\"M18\u2122 Obcinak do pr\u0119t\u00f3w gwintowanychwzakresie \u015brednic M6\/M8\/M10\/M12\",\"isPartOf\":{\"@id\":\"https:\/\/www.fabrykachlodu.pl\/sklep\/#website\"},\"datePublished\":\"2023-04-19T14:04:49+00:00\",\"dateModified\":\"2023-04-26T18:34:45+00:00\",\"description\":\"M18\u2122 Obcinak do pr\u0119t\u00f3w gwintowanychwzakresie \u015brednic M6\/M8\/M10\/M12\",\"breadcrumb\":{\"@id\":\"https:\/\/www.fabrykachlodu.pl\/sklep\/produkt\/m18-fuel-szlifierkatarczowa-125-mm-z-hamulcem-regulowana-bezkluczowooslona-fixtec-wymiana-tarczy-bez-uzycia-narzedzi\/#breadcrumb\"},\"inLanguage\":\"pl-PL\",\"potentialAction\":[{\"@type\":\"ReadAction\",\"target\":[\"https:\/\/www.fabrykachlodu.pl\/sklep\/produkt\/m18-fuel-szlifierkatarczowa-125-mm-z-hamulcem-regulowana-bezkluczowooslona-fixtec-wymiana-tarczy-bez-uzycia-narzedzi\/\"]}]},{\"@type\":\"BreadcrumbList\",\"@id\":\"https:\/\/www.fabrykachlodu.pl\/sklep\/produkt\/m18-fuel-szlifierkatarczowa-125-mm-z-hamulcem-regulowana-bezkluczowooslona-fixtec-wymiana-tarczy-bez-uzycia-narzedzi\/#breadcrumb\",\"itemListElement\":[{\"@type\":\"ListItem\",\"position\":1,\"name\":\"Strona g\u0142\u00f3wna\",\"item\":\"https:\/\/www.fabrykachlodu.pl\/sklep\/\"},{\"@type\":\"ListItem\",\"position\":2,\"name\":\"Szukasz klimatzyacji biurowej sklepowej lub do mieszkania?\",\"item\":\"https:\/\/www.fabrykachlodu.pl\/sklep\/\"},{\"@type\":\"ListItem\",\"position\":3,\"name\":\"NARZ\u0118DZIA CH\u0141ODNICZE\",\"item\":\"https:\/\/www.fabrykachlodu.pl\/sklep\/product-category\/narzedzia-chlodnicze\/\"},{\"@type\":\"ListItem\",\"position\":4,\"name\":\"ELEKTRONARZ\u0118DZIA\",\"item\":\"https:\/\/www.fabrykachlodu.pl\/sklep\/product-category\/narzedzia-chlodnicze\/elektronarzedzia\/\"},{\"@type\":\"ListItem\",\"position\":5,\"name\":\"M18\u2122 Obcinak do pr\u0119t\u00f3w gwintowanychwzakresie \u015brednic M6\/M8\/M10\/M12\"}]},{\"@type\":\"WebSite\",\"@id\":\"https:\/\/www.fabrykachlodu.pl\/sklep\/#website\",\"url\":\"https:\/\/www.fabrykachlodu.pl\/sklep\/\",\"name\":\"\u00b0FC Sklep Internetowy monta\u017c klimatyzacji pomp ciep\u0142a\",\"description\":\"\u00b0FC monta\u017c klimatyzacji pomp ciep\u0142a z nami to szybki i tani wyb\u00f3r.  Us\u0142ugi monta\u017cowe i serwisowe W Warszawie i okolicach..\",\"potentialAction\":[{\"@type\":\"SearchAction\",\"target\":{\"@type\":\"EntryPoint\",\"urlTemplate\":\"https:\/\/www.fabrykachlodu.pl\/sklep\/?s={search_term_string}\"},\"query-input\":\"required name=search_term_string\"}],\"inLanguage\":\"pl-PL\"}]}<\/script>\n<!-- \/ Yoast SEO plugin. -->","yoast_head_json":{"title":"M18\u2122 Obcinak do pr\u0119t\u00f3w gwintowanychwzakresie \u015brednic M6\/M8\/M10\/M12","description":"M18\u2122 Obcinak do pr\u0119t\u00f3w gwintowanychwzakresie \u015brednic M6\/M8\/M10\/M12","robots":{"index":"index","follow":"follow","max-snippet":"max-snippet:-1","max-image-preview":"max-image-preview:large","max-video-preview":"max-video-preview:-1"},"canonical":"https:\/\/www.fabrykachlodu.pl\/sklep\/produkt\/m18-fuel-szlifierkatarczowa-125-mm-z-hamulcem-regulowana-bezkluczowooslona-fixtec-wymiana-tarczy-bez-uzycia-narzedzi\/","twitter_misc":{"Szacowany czas czytania":"3 minuty"},"schema":{"@context":"https:\/\/schema.org","@graph":[{"@type":"WebPage","@id":"https:\/\/www.fabrykachlodu.pl\/sklep\/produkt\/m18-fuel-szlifierkatarczowa-125-mm-z-hamulcem-regulowana-bezkluczowooslona-fixtec-wymiana-tarczy-bez-uzycia-narzedzi\/","url":"https:\/\/www.fabrykachlodu.pl\/sklep\/produkt\/m18-fuel-szlifierkatarczowa-125-mm-z-hamulcem-regulowana-bezkluczowooslona-fixtec-wymiana-tarczy-bez-uzycia-narzedzi\/","name":"M18\u2122 Obcinak do pr\u0119t\u00f3w gwintowanychwzakresie \u015brednic M6\/M8\/M10\/M12","isPartOf":{"@id":"https:\/\/www.fabrykachlodu.pl\/sklep\/#website"},"datePublished":"2023-04-19T14:04:49+00:00","dateModified":"2023-04-26T18:34:45+00:00","description":"M18\u2122 Obcinak do pr\u0119t\u00f3w gwintowanychwzakresie \u015brednic M6\/M8\/M10\/M12","breadcrumb":{"@id":"https:\/\/www.fabrykachlodu.pl\/sklep\/produkt\/m18-fuel-szlifierkatarczowa-125-mm-z-hamulcem-regulowana-bezkluczowooslona-fixtec-wymiana-tarczy-bez-uzycia-narzedzi\/#breadcrumb"},"inLanguage":"pl-PL","potentialAction":[{"@type":"ReadAction","target":["https:\/\/www.fabrykachlodu.pl\/sklep\/produkt\/m18-fuel-szlifierkatarczowa-125-mm-z-hamulcem-regulowana-bezkluczowooslona-fixtec-wymiana-tarczy-bez-uzycia-narzedzi\/"]}]},{"@type":"BreadcrumbList","@id":"https:\/\/www.fabrykachlodu.pl\/sklep\/produkt\/m18-fuel-szlifierkatarczowa-125-mm-z-hamulcem-regulowana-bezkluczowooslona-fixtec-wymiana-tarczy-bez-uzycia-narzedzi\/#breadcrumb","itemListElement":[{"@type":"ListItem","position":1,"name":"Strona g\u0142\u00f3wna","item":"https:\/\/www.fabrykachlodu.pl\/sklep\/"},{"@type":"ListItem","position":2,"name":"Szukasz klimatzyacji biurowej sklepowej lub do mieszkania?","item":"https:\/\/www.fabrykachlodu.pl\/sklep\/"},{"@type":"ListItem","position":3,"name":"NARZ\u0118DZIA CH\u0141ODNICZE","item":"https:\/\/www.fabrykachlodu.pl\/sklep\/product-category\/narzedzia-chlodnicze\/"},{"@type":"ListItem","position":4,"name":"ELEKTRONARZ\u0118DZIA","item":"https:\/\/www.fabrykachlodu.pl\/sklep\/product-category\/narzedzia-chlodnicze\/elektronarzedzia\/"},{"@type":"ListItem","position":5,"name":"M18\u2122 Obcinak do pr\u0119t\u00f3w gwintowanychwzakresie \u015brednic M6\/M8\/M10\/M12"}]},{"@type":"WebSite","@id":"https:\/\/www.fabrykachlodu.pl\/sklep\/#website","url":"https:\/\/www.fabrykachlodu.pl\/sklep\/","name":"\u00b0FC Sklep Internetowy monta\u017c klimatyzacji pomp ciep\u0142a","description":"\u00b0FC monta\u017c klimatyzacji pomp ciep\u0142a z nami to szybki i tani wyb\u00f3r.  Us\u0142ugi monta\u017cowe i serwisowe W Warszawie i okolicach..","potentialAction":[{"@type":"SearchAction","target":{"@type":"EntryPoint","urlTemplate":"https:\/\/www.fabrykachlodu.pl\/sklep\/?s={search_term_string}"},"query-input":"required name=search_term_string"}],"inLanguage":"pl-PL"}]}},"_links":{"self":[{"href":"https:\/\/www.fabrykachlodu.pl\/sklep\/wp-json\/wp\/v2\/product\/88654"}],"collection":[{"href":"https:\/\/www.fabrykachlodu.pl\/sklep\/wp-json\/wp\/v2\/product"}],"about":[{"href":"https:\/\/www.fabrykachlodu.pl\/sklep\/wp-json\/wp\/v2\/types\/product"}],"wp:featuredmedia":[{"embeddable":true,"href":"https:\/\/www.fabrykachlodu.pl\/sklep\/wp-json\/wp\/v2\/media\/89264"}],"wp:attachment":[{"href":"https:\/\/www.fabrykachlodu.pl\/sklep\/wp-json\/wp\/v2\/media?parent=88654"}],"wp:term":[{"taxonomy":"product_cat","embeddable":true,"href":"https:\/\/www.fabrykachlodu.pl\/sklep\/wp-json\/wp\/v2\/product_cat?post=88654"},{"taxonomy":"product_tag","embeddable":true,"href":"https:\/\/www.fabrykachlodu.pl\/sklep\/wp-json\/wp\/v2\/product_tag?post=88654"}],"curies":[{"name":"wp","href":"https:\/\/api.w.org\/{rel}","templated":true}]}}