{"id":88657,"date":"2023-04-19T16:04:50","date_gmt":"2023-04-19T14:04:50","guid":{"rendered":"https:\/\/www.fabrykachlodu.pl\/sklep\/?post_type=product&#038;p=88657"},"modified":"2023-04-26T20:34:46","modified_gmt":"2023-04-26T18:34:46","slug":"m18-cisnieniowy-opryskiwacz-plecakowy-5-stopni-regulacji-dostarczany-bezzbiornika-zamawiane-osobno-np-do-mycia-agregatow-klimatyzacyjnych","status":"publish","type":"product","link":"https:\/\/www.fabrykachlodu.pl\/sklep\/produkt\/m18-cisnieniowy-opryskiwacz-plecakowy-5-stopni-regulacji-dostarczany-bezzbiornika-zamawiane-osobno-np-do-mycia-agregatow-klimatyzacyjnych\/","title":{"rendered":"M18\u2122 Lampa LED na statywie 2,15m, lampa hybrydowa (posiada tak\u017ce kable i\nmo\u017ce pe\u0142ni\u0107 funkcj\u0119 \u0142adowarki), regulowana g\u0142owica \u017ar\u00f3d\u0142a \u015bwiat\u0142a, regulowany\nstrumie\u0144 \u015bwiat\u0142a &#8211; max. 3000 Im"},"content":{"rendered":"<br \/>\n<h2>Zam\u00f3wienie dotyczy:  M18\u2122 Lampa LED na statywie 2,15m, lampa hybrydowa (posiada tak\u017ce kable i<br \/>\nmo\u017ce pe\u0142ni\u0107 funkcj\u0119 \u0142adowarki), regulowana g\u0142owica \u017ar\u00f3d\u0142a \u015bwiat\u0142a, regulowany<br \/>\nstrumie\u0144 \u015bwiat\u0142a &#8211; max. 3000 Im<\/h2>\n<p><h3><strong>W jednym miejscu poznasz:<\/strong><\/h3>\n<\/p>\n<p>M18\u2122 Lampa LED na statywie 2,15m, lampa hybrydowa (posiada tak\u017ce kable i<br \/>\nmo\u017ce pe\u0142ni\u0107 funkcj\u0119 \u0142adowarki), regulowana g\u0142owica \u017ar\u00f3d\u0142a \u015bwiat\u0142a, regulowany<br \/>\nstrumie\u0144 \u015bwiat\u0142a &#8211; max. 3000 Im i wa\u017cne informacje<br \/> Poznasz najwa\u017cniejsze funkcje<br \/> Por\u00f3wnasz produkty<br \/> Poznasz parametry techniczne<br \/> Poznasz cen\u0119 i zrealizujesz zam\u00f3wienie<strong><\/p>\n<h3>Zamawiaj\u0105c produkt u nas:<\/strong><\/h3>\n<p>Otrzymasz produkt<br \/> Nowy produkt<br \/> Prawo do zwrotu<br \/> Zakup na raty<br \/> <strong><\/p>\n<h3>Zamawiaj\u0105c teraz otrzymasz:<\/strong><\/h3>\n<p> M18\u2122 Lampa LED na statywie 2,15m, lampa hybrydowa (posiada tak\u017ce kable i<br \/>\nmo\u017ce pe\u0142ni\u0107 funkcj\u0119 \u0142adowarki), regulowana g\u0142owica \u017ar\u00f3d\u0142a \u015bwiat\u0142a, regulowany<br \/>\nstrumie\u0144 \u015bwiat\u0142a &#8211; max. 3000 Im z rabatem kupuj\u0105c w naszym sklepie online  <br \/> Gwarancje <br \/> Szybka realizacje dostawyNiekt\u00f3re z zalet M18\u2122 Lampy LED na statywie to:<\/p>\n<p>Wysoka jasno\u015b\u0107: lampa ta mo\u017ce generowa\u0107 maksymalnie 3000 lumen\u00f3w, co oznacza, \u017ce zapewnia jasne i wyra\u017ane o\u015bwietlenie nawet w ciemnych i trudno dost\u0119pnych miejscach.<\/p>\n<p>Regulowany strumie\u0144 \u015bwiat\u0142a: u\u017cytkownik mo\u017ce dostosowa\u0107 nat\u0119\u017cenie \u015bwiat\u0142a do swoich potrzeb, co pozwala na oszcz\u0119dno\u015b\u0107 energii i wyd\u0142u\u017cenie czasu pracy baterii.<\/p>\n<p>Regulowana g\u0142owica \u017ar\u00f3d\u0142a \u015bwiat\u0142a: ta funkcja umo\u017cliwia skierowanie \u015bwiat\u0142a w dowolnym kierunku, co u\u0142atwia wykonywanie precyzyjnych zada\u0144.<\/p>\n<p>\u0141atwa obs\u0142uga: dzi\u0119ki funkcjom takim jak regulacja strumienia \u015bwiat\u0142a i k\u0105ta o\u015bwietlenia oraz d\u0142ugiemu czasowi pracy, u\u017cytkownik mo\u017ce pracowa\u0107 z wi\u0119ksz\u0105 wygod\u0105 i kontrol\u0105.<\/p>\n<p>\u0141adowarka hybrydowa: lampa ta mo\u017ce pe\u0142ni\u0107 tak\u017ce funkcj\u0119 \u0142adowarki, co pozwala na \u0142adowanie innych urz\u0105dze\u0144 elektronicznych, co jest szczeg\u00f3lnie przydatne w przypadku pracy na zewn\u0105trz lub w miejscach, gdzie dost\u0119p do \u017ar\u00f3d\u0142a zasilania jest ograniczony.<div class=\"su-service\"><div class=\"su-service-title\" style=\"padding-left:52px;min-height:38px;line-height:38px\"><i class=\"sui sui-check-circle\" style=\"font-size:38px;color:#22a0ed\"><\/i> Wskaz\u00f3wka naszego eksperta<\/div><div class=\"su-service-content su-u-clearfix su-u-trim\" style=\"padding-left:52px\"><\/div><\/div>\n<h2><strong>Zapraszamy do por\u00f3wnania zalet i wad<\/strong><\/h2>\n<p><strong>Jakie s\u0105 zalety?<\/strong><br \/><div class=\"su-service\"><div class=\"su-service-title\" style=\"padding-left:52px;min-height:38px;line-height:38px\"><i class=\"sui sui-check-circle\" style=\"font-size:38px;color:#22a0ed\"><\/i> Wskaz\u00f3wka naszego eksperta<\/div><div class=\"su-service-content su-u-clearfix su-u-trim\" style=\"padding-left:52px\">M18\u2122 Lampa LED na statywie 2,15m zapewnia mocne i r\u00f3wnomierne o\u015bwietlenie na du\u017cej powierzchni, dzi\u0119ki czemu jest idealna do pracy w warunkach niskiego o\u015bwietlenia lub braku \u015bwiat\u0142a, a tak\u017ce ma regulowan\u0105 g\u0142owic\u0119, co pozwala na dok\u0142adne skierowanie strumienia \u015bwiat\u0142a w potrzebnym kierunku.<br \/><\/div><\/div><strong>Jakie s\u0105 wady tego produktu?<\/strong><br \/><div class=\"su-service\"><div class=\"su-service-title\" style=\"padding-left:52px;min-height:38px;line-height:38px\"><i class=\"sui sui-check-circle\" style=\"font-size:38px;color:#22a0ed\"><\/i> Wskaz\u00f3wka naszego eksperta<\/div><div class=\"su-service-content su-u-clearfix su-u-trim\" style=\"padding-left:52px\">M18\u2122 Lampa LED na statywie 2,15m &#8211; stosunkowo du\u017ca waga i gabaryty<br \/><\/div><\/div><div class=\"su-service\"><div class=\"su-service-title\" style=\"padding-left:52px;min-height:38px;line-height:38px\"><i class=\"sui sui-hand-o-right\" style=\"font-size:38px;color:#22a0ed\"><\/i> Podsumowuj\u0105c<\/div><div class=\"su-service-content su-u-clearfix su-u-trim\" style=\"padding-left:52px\">Wada: Wysoka cena. Zaleta: D\u0142ugi czas dzia\u0142ania na baterii i mo\u017cliwo\u015b\u0107 regulacji jasno\u015bci. Idealna do pracy w miejscach, gdzie brakuje sta\u0142ego \u017ar\u00f3d\u0142a \u015bwiat\u0142a. <br \/>\nZach\u0119ta do zakupu: M18\u2122 Lampa LED to niezwykle praktyczne narz\u0119dzie dla profesjonalist\u00f3w, kt\u00f3rzy potrzebuj\u0105 mocnego \u017ar\u00f3d\u0142a \u015bwiat\u0142a w miejscach, gdzie nie ma dost\u0119pu do sieci elektrycznej. Dzi\u0119ki regulacji jasno\u015bci lampy mo\u017cna dostosowa\u0107 jej dzia\u0142anie do aktualnych potrzeb. Cho\u0107 cena nie jest najni\u017csza, warto zainwestowa\u0107 w produkt, kt\u00f3ry umo\u017cliwi wygodn\u0105 prac\u0119 nawet w ciemnych, trudno dost\u0119pnych miejscach. <br \/><\/div><\/div>\n<div class=\"hr-thin\"><\/div>\n<p>&#8221; <\/p>\n<p>PARAMETRY TECHNICZNE<\/p>\n<div class=\"su-tabs su-tabs-style-default su-tabs-mobile-stack\" data-active=\"1\" data-scroll-offset=\"0\" data-anchor-in-url=\"no\"><div class=\"su-tabs-nav\"><span class=\"\" data-url=\"\" data-target=\"blank\" tabindex=\"0\" role=\"button\">Stacja CPS do odzysku<\/span><span class=\"\" data-url=\"\" data-target=\"blank\" tabindex=\"0\" role=\"button\">CPS Odzysk czynika<\/span><span class=\"\" data-url=\"\" data-target=\"blank\" tabindex=\"0\" role=\"button\">Pompa pr\u00f3\u017cniowa<\/span><span class=\"\" data-url=\"\" data-target=\"blank\" tabindex=\"0\" role=\"button\">Akcesoria Monta\u017cowe<\/span><span class=\"\" data-url=\"\" data-target=\"blank\" tabindex=\"0\" role=\"button\">Klimatyzacja i pompy oferta<\/span><span class=\"\" data-url=\"\" data-target=\"blank\" tabindex=\"0\" role=\"button\">Ch\u0142odnictwo oferta<\/span><\/div><div class=\"su-tabs-panes\"><div class=\"su-tabs-pane su-u-clearfix su-u-trim\" data-title=\"Stacja CPS do odzysku\"><div class=\"su-document su-u-responsive-media-yes\"><iframe src=\"\/\/docs.google.com\/viewer?embedded=true&url=https:\/\/www.fabrykachlodu.pl\/sklep\/wp-content\/uploads\/2023\/04\/CPS_Stacja_do_odzysku_TR600.pdf\" width=\"600\" height=\"400\" class=\"su-document\" title=\"\"><\/iframe><\/div><\/div>\n<div class=\"su-tabs-pane su-u-clearfix su-u-trim\" data-title=\"CPS Odzysk czynika\"><div class=\"su-document su-u-responsive-media-yes\"><iframe src=\"\/\/docs.google.com\/viewer?embedded=true&url=https:\/\/www.fabrykachlodu.pl\/sklep\/wp-content\/uploads\/2023\/04\/odzysk.czynnika.pdf\" width=\"600\" height=\"400\" class=\"su-document\" title=\"\"><\/iframe><\/div><\/div>\n<div class=\"su-tabs-pane su-u-clearfix su-u-trim\" data-title=\"Pompa pr\u00f3\u017cniowa\"><div class=\"su-document su-u-responsive-media-yes\"><iframe src=\"\/\/docs.google.com\/viewer?embedded=true&url=https:\/\/www.fabrykachlodu.pl\/sklep\/wp-content\/uploads\/2023\/04\/pompy.prozniowe.oleje_.do_.pomp_.pdf\" width=\"600\" height=\"400\" class=\"su-document\" title=\"\"><\/iframe><\/div><\/div>\n<div class=\"su-tabs-pane su-u-clearfix su-u-trim\" data-title=\"Akcesoria Monta\u017cowe\"><div class=\"su-document su-u-responsive-media-yes\"><iframe src=\"\/\/docs.google.com\/viewer?embedded=true&url=https:\/\/www.fabrykachlodu.pl\/sklep\/wp-content\/uploads\/2023\/04\/narzedzia.do_.rur_.frezy_.do_.gratowania.do_.giecia.do_.zaciskania.do_.rozcinania.otworow.pdf\" width=\"600\" height=\"400\" class=\"su-document\" title=\"\"><\/iframe><\/div><\/div>\n<div class=\"su-tabs-pane su-u-clearfix su-u-trim\" data-title=\"Klimatyzacja i pompy oferta\"><div class=\"su-document su-u-responsive-media-yes\"><iframe src=\"\/\/docs.google.com\/viewer?embedded=true&url=https:\/\/www.fabrykachlodu.pl\/oferta\/FC.Nowosci.pdf\" width=\"600\" height=\"400\" class=\"su-document\" title=\"\"><\/iframe><\/div><\/div>\n<div class=\"su-tabs-pane su-u-clearfix su-u-trim\" data-title=\"Ch\u0142odnictwo oferta\"><div class=\"su-document su-u-responsive-media-yes\"><iframe src=\"\/\/docs.google.com\/viewer?embedded=true&url=https:\/\/www.fabrykachlodu.pl\/oferta\/FC.Serwis_Chlodniczy.pdf\" width=\"600\" height=\"400\" class=\"su-document\" title=\"\"><\/iframe><\/div><\/div><\/div><\/div>\n<p>Dokumenty si\u0119 nie wy\u015bwietlaj\u0105? <input type=\"button\" value=\"Od\u015bwie\u017c stron\u0119\" onclick=\"location.reload();\"><\/p>\n","protected":false},"excerpt":{"rendered":"<p><span style=\"color: #000000;\"><strong>Najwa\u017cniejsze zalety<\/strong><\/span>[dt_list style=\"1\" bullet_position=\"middle\" dividers=\"true\"][dt_list style=\"1\" bullet_position=\"middle\" dividers=\"true\"][dt_list_item image=\"\"]Lampa hybrydowa (posiada tak\u017ce kable i mo\u017ce pe\u0142ni\u0107 funkcj\u0119 \u0142adowarki)[\/dt_list_item][dt_list_item image=\"\"]Regulowana g\u0142owica \u017ar\u00f3d\u0142a \u015bwiat\u0142a[\/dt_list_item][dt_list_item image=\"\"]Regulowany strumie\u0144 \u015bwiat\u0142a &#8211; max 3000 im[\/dt_list_item][dt_list_item image=\"\"]Mobilno\u015b\u0107 dzi\u0119ki statywowi[\/dt_list_item][\/dt_list]<\/p>\n","protected":false},"featured_media":89270,"template":"","meta":[],"product_cat":[6758,189],"product_tag":[6757],"yoast_head":"<!-- This site is optimized with the Yoast SEO plugin v22.1 - https:\/\/yoast.com\/wordpress\/plugins\/seo\/ -->\n<title>M18\u2122 Lampa LED na statywie 2,15m, lampa hybrydowa (posiada tak\u017ce kable i mo\u017ce pe\u0142ni\u0107 funkcj\u0119 \u0142adowarki), regulowana g\u0142owica \u017ar\u00f3d\u0142a \u015bwiat\u0142a, regulowany strumie\u0144 \u015bwiat\u0142a - max. 3000 Im<\/title>\n<meta name=\"description\" content=\"M18\u2122 Lampa LED na statywie 2,15m, lampa hybrydowa (posiada tak\u017ce kable i mo\u017ce pe\u0142ni\u0107 funkcj\u0119 \u0142adowarki), regulowana g\u0142owica \u017ar\u00f3d\u0142a \u015bwiat\u0142a, regulowany strumie\u0144 \u015bwiat\u0142a - max. 3000 Im\" \/>\n<meta name=\"robots\" content=\"index, nofollow, max-snippet:-1, max-image-preview:large, max-video-preview:-1, noarchive\" \/>\n<link rel=\"canonical\" href=\"https:\/\/www.fabrykachlodu.pl\/sklep\/produkt\/m18-cisnieniowy-opryskiwacz-plecakowy-5-stopni-regulacji-dostarczany-bezzbiornika-zamawiane-osobno-np-do-mycia-agregatow-klimatyzacyjnych\/\" \/>\n<meta name=\"twitter:label1\" content=\"Szacowany czas czytania\" \/>\n\t<meta name=\"twitter:data1\" content=\"4 minuty\" \/>\n<script type=\"application\/ld+json\" class=\"yoast-schema-graph\">{\"@context\":\"https:\/\/schema.org\",\"@graph\":[{\"@type\":\"WebPage\",\"@id\":\"https:\/\/www.fabrykachlodu.pl\/sklep\/produkt\/m18-cisnieniowy-opryskiwacz-plecakowy-5-stopni-regulacji-dostarczany-bezzbiornika-zamawiane-osobno-np-do-mycia-agregatow-klimatyzacyjnych\/\",\"url\":\"https:\/\/www.fabrykachlodu.pl\/sklep\/produkt\/m18-cisnieniowy-opryskiwacz-plecakowy-5-stopni-regulacji-dostarczany-bezzbiornika-zamawiane-osobno-np-do-mycia-agregatow-klimatyzacyjnych\/\",\"name\":\"M18\u2122 Lampa LED na statywie 2,15m, lampa hybrydowa (posiada tak\u017ce kable i mo\u017ce pe\u0142ni\u0107 funkcj\u0119 \u0142adowarki), regulowana g\u0142owica \u017ar\u00f3d\u0142a \u015bwiat\u0142a, regulowany strumie\u0144 \u015bwiat\u0142a - max. 3000 Im\",\"isPartOf\":{\"@id\":\"https:\/\/www.fabrykachlodu.pl\/sklep\/#website\"},\"datePublished\":\"2023-04-19T14:04:50+00:00\",\"dateModified\":\"2023-04-26T18:34:46+00:00\",\"description\":\"M18\u2122 Lampa LED na statywie 2,15m, lampa hybrydowa (posiada tak\u017ce kable i mo\u017ce pe\u0142ni\u0107 funkcj\u0119 \u0142adowarki), regulowana g\u0142owica \u017ar\u00f3d\u0142a \u015bwiat\u0142a, regulowany strumie\u0144 \u015bwiat\u0142a - max. 3000 Im\",\"breadcrumb\":{\"@id\":\"https:\/\/www.fabrykachlodu.pl\/sklep\/produkt\/m18-cisnieniowy-opryskiwacz-plecakowy-5-stopni-regulacji-dostarczany-bezzbiornika-zamawiane-osobno-np-do-mycia-agregatow-klimatyzacyjnych\/#breadcrumb\"},\"inLanguage\":\"pl-PL\",\"potentialAction\":[{\"@type\":\"ReadAction\",\"target\":[\"https:\/\/www.fabrykachlodu.pl\/sklep\/produkt\/m18-cisnieniowy-opryskiwacz-plecakowy-5-stopni-regulacji-dostarczany-bezzbiornika-zamawiane-osobno-np-do-mycia-agregatow-klimatyzacyjnych\/\"]}]},{\"@type\":\"BreadcrumbList\",\"@id\":\"https:\/\/www.fabrykachlodu.pl\/sklep\/produkt\/m18-cisnieniowy-opryskiwacz-plecakowy-5-stopni-regulacji-dostarczany-bezzbiornika-zamawiane-osobno-np-do-mycia-agregatow-klimatyzacyjnych\/#breadcrumb\",\"itemListElement\":[{\"@type\":\"ListItem\",\"position\":1,\"name\":\"Strona g\u0142\u00f3wna\",\"item\":\"https:\/\/www.fabrykachlodu.pl\/sklep\/\"},{\"@type\":\"ListItem\",\"position\":2,\"name\":\"Szukasz klimatzyacji biurowej sklepowej lub do mieszkania?\",\"item\":\"https:\/\/www.fabrykachlodu.pl\/sklep\/\"},{\"@type\":\"ListItem\",\"position\":3,\"name\":\"ELEKTRONARZ\u0118DZIA\",\"item\":\"https:\/\/www.fabrykachlodu.pl\/sklep\/product-category\/elektronarzedzia-2\/\"},{\"@type\":\"ListItem\",\"position\":4,\"name\":\"M18\u2122 Lampa LED na statywie 2,15m, lampa hybrydowa (posiada tak\u017ce kable i mo\u017ce pe\u0142ni\u0107 funkcj\u0119 \u0142adowarki), regulowana g\u0142owica \u017ar\u00f3d\u0142a \u015bwiat\u0142a, regulowany strumie\u0144 \u015bwiat\u0142a &#8211; max. 3000 Im\"}]},{\"@type\":\"WebSite\",\"@id\":\"https:\/\/www.fabrykachlodu.pl\/sklep\/#website\",\"url\":\"https:\/\/www.fabrykachlodu.pl\/sklep\/\",\"name\":\"\u00b0FC Sklep Internetowy monta\u017c klimatyzacji pomp ciep\u0142a\",\"description\":\"\u00b0FC monta\u017c klimatyzacji pomp ciep\u0142a z nami to szybki i tani wyb\u00f3r.  Us\u0142ugi monta\u017cowe i serwisowe W Warszawie i okolicach..\",\"potentialAction\":[{\"@type\":\"SearchAction\",\"target\":{\"@type\":\"EntryPoint\",\"urlTemplate\":\"https:\/\/www.fabrykachlodu.pl\/sklep\/?s={search_term_string}\"},\"query-input\":\"required name=search_term_string\"}],\"inLanguage\":\"pl-PL\"}]}<\/script>\n<!-- \/ Yoast SEO plugin. -->","yoast_head_json":{"title":"M18\u2122 Lampa LED na statywie 2,15m, lampa hybrydowa (posiada tak\u017ce kable i mo\u017ce pe\u0142ni\u0107 funkcj\u0119 \u0142adowarki), regulowana g\u0142owica \u017ar\u00f3d\u0142a \u015bwiat\u0142a, regulowany strumie\u0144 \u015bwiat\u0142a - max. 3000 Im","description":"M18\u2122 Lampa LED na statywie 2,15m, lampa hybrydowa (posiada tak\u017ce kable i mo\u017ce pe\u0142ni\u0107 funkcj\u0119 \u0142adowarki), regulowana g\u0142owica \u017ar\u00f3d\u0142a \u015bwiat\u0142a, regulowany strumie\u0144 \u015bwiat\u0142a - max. 3000 Im","robots":{"index":"index","follow":"nofollow","max-snippet":"max-snippet:-1","max-image-preview":"max-image-preview:large","max-video-preview":"max-video-preview:-1","archive":"noarchive"},"canonical":"https:\/\/www.fabrykachlodu.pl\/sklep\/produkt\/m18-cisnieniowy-opryskiwacz-plecakowy-5-stopni-regulacji-dostarczany-bezzbiornika-zamawiane-osobno-np-do-mycia-agregatow-klimatyzacyjnych\/","twitter_misc":{"Szacowany czas czytania":"4 minuty"},"schema":{"@context":"https:\/\/schema.org","@graph":[{"@type":"WebPage","@id":"https:\/\/www.fabrykachlodu.pl\/sklep\/produkt\/m18-cisnieniowy-opryskiwacz-plecakowy-5-stopni-regulacji-dostarczany-bezzbiornika-zamawiane-osobno-np-do-mycia-agregatow-klimatyzacyjnych\/","url":"https:\/\/www.fabrykachlodu.pl\/sklep\/produkt\/m18-cisnieniowy-opryskiwacz-plecakowy-5-stopni-regulacji-dostarczany-bezzbiornika-zamawiane-osobno-np-do-mycia-agregatow-klimatyzacyjnych\/","name":"M18\u2122 Lampa LED na statywie 2,15m, lampa hybrydowa (posiada tak\u017ce kable i mo\u017ce pe\u0142ni\u0107 funkcj\u0119 \u0142adowarki), regulowana g\u0142owica \u017ar\u00f3d\u0142a \u015bwiat\u0142a, regulowany strumie\u0144 \u015bwiat\u0142a - max. 3000 Im","isPartOf":{"@id":"https:\/\/www.fabrykachlodu.pl\/sklep\/#website"},"datePublished":"2023-04-19T14:04:50+00:00","dateModified":"2023-04-26T18:34:46+00:00","description":"M18\u2122 Lampa LED na statywie 2,15m, lampa hybrydowa (posiada tak\u017ce kable i mo\u017ce pe\u0142ni\u0107 funkcj\u0119 \u0142adowarki), regulowana g\u0142owica \u017ar\u00f3d\u0142a \u015bwiat\u0142a, regulowany strumie\u0144 \u015bwiat\u0142a - max. 3000 Im","breadcrumb":{"@id":"https:\/\/www.fabrykachlodu.pl\/sklep\/produkt\/m18-cisnieniowy-opryskiwacz-plecakowy-5-stopni-regulacji-dostarczany-bezzbiornika-zamawiane-osobno-np-do-mycia-agregatow-klimatyzacyjnych\/#breadcrumb"},"inLanguage":"pl-PL","potentialAction":[{"@type":"ReadAction","target":["https:\/\/www.fabrykachlodu.pl\/sklep\/produkt\/m18-cisnieniowy-opryskiwacz-plecakowy-5-stopni-regulacji-dostarczany-bezzbiornika-zamawiane-osobno-np-do-mycia-agregatow-klimatyzacyjnych\/"]}]},{"@type":"BreadcrumbList","@id":"https:\/\/www.fabrykachlodu.pl\/sklep\/produkt\/m18-cisnieniowy-opryskiwacz-plecakowy-5-stopni-regulacji-dostarczany-bezzbiornika-zamawiane-osobno-np-do-mycia-agregatow-klimatyzacyjnych\/#breadcrumb","itemListElement":[{"@type":"ListItem","position":1,"name":"Strona g\u0142\u00f3wna","item":"https:\/\/www.fabrykachlodu.pl\/sklep\/"},{"@type":"ListItem","position":2,"name":"Szukasz klimatzyacji biurowej sklepowej lub do mieszkania?","item":"https:\/\/www.fabrykachlodu.pl\/sklep\/"},{"@type":"ListItem","position":3,"name":"ELEKTRONARZ\u0118DZIA","item":"https:\/\/www.fabrykachlodu.pl\/sklep\/product-category\/elektronarzedzia-2\/"},{"@type":"ListItem","position":4,"name":"M18\u2122 Lampa LED na statywie 2,15m, lampa hybrydowa (posiada tak\u017ce kable i mo\u017ce pe\u0142ni\u0107 funkcj\u0119 \u0142adowarki), regulowana g\u0142owica \u017ar\u00f3d\u0142a \u015bwiat\u0142a, regulowany strumie\u0144 \u015bwiat\u0142a &#8211; max. 3000 Im"}]},{"@type":"WebSite","@id":"https:\/\/www.fabrykachlodu.pl\/sklep\/#website","url":"https:\/\/www.fabrykachlodu.pl\/sklep\/","name":"\u00b0FC Sklep Internetowy monta\u017c klimatyzacji pomp ciep\u0142a","description":"\u00b0FC monta\u017c klimatyzacji pomp ciep\u0142a z nami to szybki i tani wyb\u00f3r.  Us\u0142ugi monta\u017cowe i serwisowe W Warszawie i okolicach..","potentialAction":[{"@type":"SearchAction","target":{"@type":"EntryPoint","urlTemplate":"https:\/\/www.fabrykachlodu.pl\/sklep\/?s={search_term_string}"},"query-input":"required name=search_term_string"}],"inLanguage":"pl-PL"}]}},"_links":{"self":[{"href":"https:\/\/www.fabrykachlodu.pl\/sklep\/wp-json\/wp\/v2\/product\/88657"}],"collection":[{"href":"https:\/\/www.fabrykachlodu.pl\/sklep\/wp-json\/wp\/v2\/product"}],"about":[{"href":"https:\/\/www.fabrykachlodu.pl\/sklep\/wp-json\/wp\/v2\/types\/product"}],"wp:featuredmedia":[{"embeddable":true,"href":"https:\/\/www.fabrykachlodu.pl\/sklep\/wp-json\/wp\/v2\/media\/89270"}],"wp:attachment":[{"href":"https:\/\/www.fabrykachlodu.pl\/sklep\/wp-json\/wp\/v2\/media?parent=88657"}],"wp:term":[{"taxonomy":"product_cat","embeddable":true,"href":"https:\/\/www.fabrykachlodu.pl\/sklep\/wp-json\/wp\/v2\/product_cat?post=88657"},{"taxonomy":"product_tag","embeddable":true,"href":"https:\/\/www.fabrykachlodu.pl\/sklep\/wp-json\/wp\/v2\/product_tag?post=88657"}],"curies":[{"name":"wp","href":"https:\/\/api.w.org\/{rel}","templated":true}]}}