{"id":88684,"date":"2023-04-19T16:05:07","date_gmt":"2023-04-19T14:05:07","guid":{"rendered":"https:\/\/www.fabrykachlodu.pl\/sklep\/?post_type=product&#038;p=88684"},"modified":"2023-04-26T20:34:58","modified_gmt":"2023-04-26T18:34:58","slug":"rura-hp-cu-fe2p-co2-2858-mm-5-m-1-1-8","status":"publish","type":"product","link":"https:\/\/www.fabrykachlodu.pl\/sklep\/produkt\/rura-hp-cu-fe2p-co2-2858-mm-5-m-1-1-8\/","title":{"rendered":"Rura HP Cu-Fe2P CO2 34,93 mm\/5 m 1 3\/8,"},"content":{"rendered":"<br \/>\n<h2>Zam\u00f3wienie dotyczy: Rura HP Cu-Fe2P CO2 34,93 mm\/5 m 1 3\/8, <\/h2>\n<p><h3><strong>W jednym miejscu poznasz:<\/strong><\/h3>\n<p>Rura HP Cu-Fe2P CO2 34,93 mm\/5 m 1 3\/8,  i wa\u017cne informacje np. .to, \u017ce s\u0105 one odt\u0142uszczone, osuszone i odt\u0142uszczone.<br \/> Poznasz najwa\u017cniejsze funkcje<br \/> Por\u00f3wnasz produkty<br \/> Poznasz parametry techniczne<br \/> Poznasz cen\u0119 i zrealizujesz zam\u00f3wienie<br<strong><\/p>\n<h3>Jak u\u017cywa\u0107 rury miedziane z naszej oferty:<\/strong><\/h3>\n<p>Zalecenia dotycz\u0105ce operacji gi\u0119cia<br \/>\nWymienione wymiary mo\u017cna gi\u0105\u0107 na zimno, stosuj\u0105c odpowiednie urz\u0105dzenia do gi\u0119cia i gn\u0105c dok\u0142adnie odcinek dopasowany do \u015brednicy zewn\u0119trznej.<br \/>\nDok\u0142adny przekr\u00f3j gi\u0119cia jest dostosowany do \u015brednicy zewn\u0119trznej. Narz\u0119dzie do gi\u0119cia musi by\u0107<br \/>\nNarz\u0119dzie do gi\u0119cia musi by\u0107 potwierdzone do stosowania z rurami miedzianymi. Gi\u0119cie na gor\u0105co nie jest zalecane.<br \/>\nMniejsze promienie gi\u0119cia mo\u017cna r\u00f3wnie\u017c uzyska\u0107 za pomoc\u0105 gi\u0119tarek przemys\u0142owych.<br \/>\nGi\u0119cie szpilek do w\u0142os\u00f3w jest mo\u017cliwe na odpowiednich urz\u0105dzeniach do gi\u0119cia.<\/p>\n<p>Rury te nadaj\u0105 si\u0119 do instalacji wysokoci\u015bnieniowych, szczeg\u00f3lnie do ch\u0142odziwa CO2.<br \/>\nProsimy o kontakt w celu oceny, czy inne ch\u0142odziwa s\u0105 r\u00f3wnie\u017c odpowiednie dla tych rur.<\/p>\n<p>Lutowanie twarde: bardzo dobre<br \/>\nSpawanie mi\u0119kkie: nie zalecane<br \/>\nSpawanie w os\u0142onie gaz\u00f3w: bardzo dobre<br \/>\nSpawanie elektryczne: dobre<br \/>\nSpawanie laserowe: dobre<\/p>\n<p>W przypadku trudno dost\u0119pnych po\u0142\u0105cze\u0144 lutowanych, takich jak z\u0142o\u017cone cz\u0119\u015bci lub urz\u0105dzenia, zaleca si\u0119 stosowanie srebrnego stopu lutowniczego, takiego jak Ag 134 lub Ag 145, zamiast stopu miedziowo-fosforowego.<br \/>\nZaleca si\u0119 stosowanie srebrnych stop\u00f3w lutowniczych takich jak Ag 134 lub Ag 145 zamiast stop\u00f3w miedziano-fosforowych.<br \/>\nStopy. Te srebrne stopy lutownicze nadaj\u0105 si\u0119 do instalacji wysokoci\u015bnieniowych, szczeg\u00f3lnie do czynnik\u00f3w ch\u0142odniczych CO2.<br \/><strong><\/p>\n<h3>Zlecaj\u0105c nam monta\u017c otrzymasz:<\/strong><\/h3>\n<p> Rura HP Cu-Fe2P CO2 34,93 mm\/5 m 1 3\/8,  z rabatem kupuj\u0105c w naszym sklepie online lub wybieraj\u0105c monta\u017c <br \/> Gwarancje <br \/> Kompletne pod\u0142\u0105czenie elektryczne oraz hydrauliczne<br \/>Wysoki stopie\u0144 odporno\u015bci na korozj\u0119 zewn\u0119trzn\u0105Najwy\u017cszej marki rury miedziane do zastosowa\u0144 w ch\u0142odnictwie i klimatyzacji. Wykonane z wysokiej jako\u015bci gatunku Cu-DHP (mied\u017a odtleniona fosforem), nadaj\u0105 si\u0119 szczeg\u00f3lnie do stosowania w transporcie gaz\u00f3w technicznych, czynnik\u00f3w ch\u0142odniczych i instalacji pr\u00f3\u017cniowych ze wzgl\u0119du na naturalne w\u0142a\u015bciwo\u015bci materia\u0142owe miedzi. Mied\u017a jest materia\u0142em o doskona\u0142ych w\u0142a\u015bciwo\u015bciach fizycznych. Jest trwa\u0142a, niezawodna, odporna na wysokie i niskie temperatury oraz na korozj\u0119. Wytrzyma\u0142o\u015b\u0107 rur miedzianych nie ulega pogorszeniu z up\u0142ywem czasu. Niezale\u017cnie od producenta, rury miedziane s\u0105 znormalizowane i \u0142atwe w monta\u017cu.<div class=\"su-service\"><div class=\"su-service-title\" style=\"padding-left:52px;min-height:38px;line-height:38px\"><i class=\"sui sui-check-circle\" style=\"font-size:38px;color:#22a0ed\"><\/i> Wskaz\u00f3wka naszego eksperta<\/div><div class=\"su-service-content su-u-clearfix su-u-trim\" style=\"padding-left:52px\"><\/div><\/div>\n<h2><strong>Zapraszamy do por\u00f3wnania zalet i wad<\/strong><\/h2>\n<p><strong>Jakie s\u0105 zalety?<\/strong><br \/><div class=\"su-service\"><div class=\"su-service-title\" style=\"padding-left:52px;min-height:38px;line-height:38px\"><i class=\"sui sui-check-circle\" style=\"font-size:38px;color:#22a0ed\"><\/i> Wskaz\u00f3wka naszego eksperta<\/div><div class=\"su-service-content su-u-clearfix su-u-trim\" style=\"padding-left:52px\">Rura HP (High Pressure) w ch\u0142odnictwie i klimatyzacji charakteryzuje si\u0119 zwi\u0119kszon\u0105 odporno\u015bci\u0105 na wysokie ci\u015bnienia i temperatury, co zapewnia bezpieczne i niezawodne dzia\u0142anie systemu.<br \/><\/div><\/div><strong>Jakie s\u0105 wady tego produktu?<\/strong><br \/><div class=\"su-service\"><div class=\"su-service-title\" style=\"padding-left:52px;min-height:38px;line-height:38px\"><i class=\"sui sui-check-circle\" style=\"font-size:38px;color:#22a0ed\"><\/i> Wskaz\u00f3wka naszego eksperta<\/div><div class=\"su-service-content su-u-clearfix su-u-trim\" style=\"padding-left:52px\">Rura HP w ch\u0142odnictwie i klimatyzacji mo\u017ce by\u0107 trudna do za\u0142o\u017cenia ze wzgl\u0119du na wysokie ci\u015bnienie, co mo\u017ce skutkowa\u0107 wyciekiem lub uszkodzeniem rury w trakcie instalacji.<br \/><\/div><\/div><div class=\"su-service\"><div class=\"su-service-title\" style=\"padding-left:52px;min-height:38px;line-height:38px\"><i class=\"sui sui-hand-o-right\" style=\"font-size:38px;color:#22a0ed\"><\/i> Podsumowuj\u0105c<\/div><div class=\"su-service-content su-u-clearfix su-u-trim\" style=\"padding-left:52px\">Wada: Wy\u017csza cena w por\u00f3wnaniu do standardowych rur.<br \/>\nZaleta: Dobra wydajno\u015b\u0107 w wysokim ci\u015bnieniu, co zwi\u0119ksza bezpiecze\u0144stwo instalacji.<br \/>\nZach\u0119ta do zakupu: Je\u015bli potrzebujesz rury do pracy pod wysokim ci\u015bnieniem, to ta rura miedziana HP b\u0119dzie dobrym wyborem. Mimo wy\u017cszej ceny zapewnia bezpieczne i wydajne dzia\u0142anie w trudnych warunkach. <br \/><\/div><\/div>\n<div class=\"hr-thin\"><\/div>\n<p>&#8221; <\/p>\n<p>PARAMETRY TECHNICZNE<\/p>\n<div class=\"su-tabs su-tabs-style-default su-tabs-mobile-stack\" data-active=\"1\" data-scroll-offset=\"0\" data-anchor-in-url=\"no\"><div class=\"su-tabs-nav\"><span class=\"\" data-url=\"\" data-target=\"blank\" tabindex=\"0\" role=\"button\">Narz\u0119dzia<\/span><span class=\"\" data-url=\"\" data-target=\"blank\" tabindex=\"0\" role=\"button\">Adaptery, zl\u0105czki<\/span><span class=\"\" data-url=\"\" data-target=\"blank\" tabindex=\"0\" role=\"button\">Pompa pr\u00f3\u017cniowa<\/span><span class=\"\" data-url=\"\" data-target=\"blank\" tabindex=\"0\" role=\"button\">Akcesoria Monta\u017cowe<\/span><span class=\"\" data-url=\"\" data-target=\"blank\" tabindex=\"0\" role=\"button\">Klimatyzacja i pompy oferta<\/span><span class=\"\" data-url=\"\" data-target=\"blank\" tabindex=\"0\" role=\"button\">Ch\u0142odnictwo oferta<\/span><\/div><div class=\"su-tabs-panes\"><div class=\"su-tabs-pane su-u-clearfix su-u-trim\" data-title=\"Narz\u0119dzia\"><div class=\"su-document su-u-responsive-media-yes\"><iframe src=\"\/\/docs.google.com\/viewer?embedded=true&url=https:\/\/www.fabrykachlodu.pl\/sklep\/wp-content\/uploads\/2023\/04\/narzedzia.do_.rur_.frezy_.do_.gratowania.do_.giecia.do_.zaciskania.do_.rozcinania.otworow.pdf\" width=\"600\" height=\"400\" class=\"su-document\" title=\"\"><\/iframe><\/div><\/div>\n<div class=\"su-tabs-pane su-u-clearfix su-u-trim\" data-title=\"Adaptery, zl\u0105czki\"><div class=\"su-document su-u-responsive-media-yes\"><iframe src=\"\/\/docs.google.com\/viewer?embedded=true&url=https:\/\/www.fabrykachlodu.pl\/sklep\/wp-content\/uploads\/2023\/04\/adaptery.zlaczki.do_.rur_.miedzianych.do_.lutowania.zawory.narzedzia.pdf\" width=\"600\" height=\"400\" class=\"su-document\" title=\"\"><\/iframe><\/div><\/div>\n<div class=\"su-tabs-pane su-u-clearfix su-u-trim\" data-title=\"Pompa pr\u00f3\u017cniowa\"><div class=\"su-document su-u-responsive-media-yes\"><iframe src=\"\/\/docs.google.com\/viewer?embedded=true&url=https:\/\/www.fabrykachlodu.pl\/sklep\/wp-content\/uploads\/2023\/04\/pompy.prozniowe.oleje_.do_.pomp_.pdf\" width=\"600\" height=\"400\" class=\"su-document\" title=\"\"><\/iframe><\/div><\/div>\n<div class=\"su-tabs-pane su-u-clearfix su-u-trim\" data-title=\"Akcesoria Monta\u017cowe\"><div class=\"su-document su-u-responsive-media-yes\"><iframe src=\"\/\/docs.google.com\/viewer?embedded=true&url=https:\/\/www.fabrykachlodu.pl\/sklep\/wp-content\/uploads\/2023\/04\/narzedzia.do_.rur_.frezy_.do_.gratowania.do_.giecia.do_.zaciskania.do_.rozcinania.otworow.pdf\" width=\"600\" height=\"400\" class=\"su-document\" title=\"\"><\/iframe><\/div><\/div>\n<div class=\"su-tabs-pane su-u-clearfix su-u-trim\" data-title=\"Klimatyzacja i pompy oferta\"><div class=\"su-document su-u-responsive-media-yes\"><iframe src=\"\/\/docs.google.com\/viewer?embedded=true&url=https:\/\/www.fabrykachlodu.pl\/oferta\/FC.Nowosci.pdf\" width=\"600\" height=\"400\" class=\"su-document\" title=\"\"><\/iframe><\/div><\/div>\n<div class=\"su-tabs-pane su-u-clearfix su-u-trim\" data-title=\"Ch\u0142odnictwo oferta\"><div class=\"su-document su-u-responsive-media-yes\"><iframe src=\"\/\/docs.google.com\/viewer?embedded=true&url=https:\/\/www.fabrykachlodu.pl\/oferta\/FC.Serwis_Chlodniczy.pdf\" width=\"600\" height=\"400\" class=\"su-document\" title=\"\"><\/iframe><\/div><\/div><\/div><\/div>\n<p>Dokumenty si\u0119 nie wy\u015bwietlaj\u0105? <input type=\"button\" value=\"Od\u015bwie\u017c stron\u0119\" onclick=\"location.reload();\"><\/p>\n","protected":false},"excerpt":{"rendered":"<p><span style=\"color: #000000;\"><strong>Najwa\u017cniejsze zalety<\/strong><\/span>[dt_list style=\"1\" bullet_position=\"middle\" dividers=\"true\"][dt_list style=\"1\" bullet_position=\"middle\" dividers=\"true\"][dt_list_item image=\"\"]Ka\u017cda rura jest w pe\u0142ni oznakowana[\/dt_list_item][dt_list_item image=\"\"]Do transportu gaz\u00f3w technicznych, czynnik\u00f3w ch\u0142odniczych[\/dt_list_item][dt_list_item image=\"\"]Bardzo czysta wewn\u0119trzna powierzchnia rur[\/dt_list_item][dt_list_item image=\"\"]Bardzo dobra obrabialno\u015b\u0107[\/dt_list_item][\/dt_list]<\/p>\n","protected":false},"featured_media":0,"template":"","meta":[],"product_cat":[6754,4470,4516],"product_tag":[6759],"yoast_head":"<!-- This site is optimized with the Yoast SEO plugin v22.1 - https:\/\/yoast.com\/wordpress\/plugins\/seo\/ -->\n<title>Rura HP Cu-Fe2P CO2 34,93 mm\/5 m 1 3\/8,<\/title>\n<meta name=\"description\" content=\"Rura HP Cu-Fe2P CO2 34,93 mm\/5 m 1 3\/8,\" \/>\n<meta name=\"robots\" content=\"index, follow, max-snippet:-1, max-image-preview:large, max-video-preview:-1\" \/>\n<link rel=\"canonical\" href=\"https:\/\/www.fabrykachlodu.pl\/sklep\/produkt\/rura-hp-cu-fe2p-co2-2858-mm-5-m-1-1-8\/\" \/>\n<script type=\"application\/ld+json\" class=\"yoast-schema-graph\">{\"@context\":\"https:\/\/schema.org\",\"@graph\":[{\"@type\":\"WebPage\",\"@id\":\"https:\/\/www.fabrykachlodu.pl\/sklep\/produkt\/rura-hp-cu-fe2p-co2-2858-mm-5-m-1-1-8\/\",\"url\":\"https:\/\/www.fabrykachlodu.pl\/sklep\/produkt\/rura-hp-cu-fe2p-co2-2858-mm-5-m-1-1-8\/\",\"name\":\"Rura HP Cu-Fe2P CO2 34,93 mm\/5 m 1 3\/8,\",\"isPartOf\":{\"@id\":\"https:\/\/www.fabrykachlodu.pl\/sklep\/#website\"},\"datePublished\":\"2023-04-19T14:05:07+00:00\",\"dateModified\":\"2023-04-26T18:34:58+00:00\",\"description\":\"Rura HP Cu-Fe2P CO2 34,93 mm\/5 m 1 3\/8,\",\"breadcrumb\":{\"@id\":\"https:\/\/www.fabrykachlodu.pl\/sklep\/produkt\/rura-hp-cu-fe2p-co2-2858-mm-5-m-1-1-8\/#breadcrumb\"},\"inLanguage\":\"pl-PL\",\"potentialAction\":[{\"@type\":\"ReadAction\",\"target\":[\"https:\/\/www.fabrykachlodu.pl\/sklep\/produkt\/rura-hp-cu-fe2p-co2-2858-mm-5-m-1-1-8\/\"]}]},{\"@type\":\"BreadcrumbList\",\"@id\":\"https:\/\/www.fabrykachlodu.pl\/sklep\/produkt\/rura-hp-cu-fe2p-co2-2858-mm-5-m-1-1-8\/#breadcrumb\",\"itemListElement\":[{\"@type\":\"ListItem\",\"position\":1,\"name\":\"Strona g\u0142\u00f3wna\",\"item\":\"https:\/\/www.fabrykachlodu.pl\/sklep\/\"},{\"@type\":\"ListItem\",\"position\":2,\"name\":\"Szukasz klimatzyacji biurowej sklepowej lub do mieszkania?\",\"item\":\"https:\/\/www.fabrykachlodu.pl\/sklep\/\"},{\"@type\":\"ListItem\",\"position\":3,\"name\":\"AKCESORIA-MONTAZOWE\",\"item\":\"https:\/\/www.fabrykachlodu.pl\/sklep\/product-category\/akcesoria-montazowe\/\"},{\"@type\":\"ListItem\",\"position\":4,\"name\":\"RURY\",\"item\":\"https:\/\/www.fabrykachlodu.pl\/sklep\/product-category\/akcesoria-montazowe\/rury\/\"},{\"@type\":\"ListItem\",\"position\":5,\"name\":\"Rura HP Cu-Fe2P CO2 34,93 mm\/5 m 1 3\/8,\"}]},{\"@type\":\"WebSite\",\"@id\":\"https:\/\/www.fabrykachlodu.pl\/sklep\/#website\",\"url\":\"https:\/\/www.fabrykachlodu.pl\/sklep\/\",\"name\":\"\u00b0FC Sklep Internetowy monta\u017c klimatyzacji pomp ciep\u0142a\",\"description\":\"\u00b0FC monta\u017c klimatyzacji pomp ciep\u0142a z nami to szybki i tani wyb\u00f3r.  Us\u0142ugi monta\u017cowe i serwisowe W Warszawie i okolicach..\",\"potentialAction\":[{\"@type\":\"SearchAction\",\"target\":{\"@type\":\"EntryPoint\",\"urlTemplate\":\"https:\/\/www.fabrykachlodu.pl\/sklep\/?s={search_term_string}\"},\"query-input\":\"required name=search_term_string\"}],\"inLanguage\":\"pl-PL\"}]}<\/script>\n<!-- \/ Yoast SEO plugin. -->","yoast_head_json":{"title":"Rura HP Cu-Fe2P CO2 34,93 mm\/5 m 1 3\/8,","description":"Rura HP Cu-Fe2P CO2 34,93 mm\/5 m 1 3\/8,","robots":{"index":"index","follow":"follow","max-snippet":"max-snippet:-1","max-image-preview":"max-image-preview:large","max-video-preview":"max-video-preview:-1"},"canonical":"https:\/\/www.fabrykachlodu.pl\/sklep\/produkt\/rura-hp-cu-fe2p-co2-2858-mm-5-m-1-1-8\/","schema":{"@context":"https:\/\/schema.org","@graph":[{"@type":"WebPage","@id":"https:\/\/www.fabrykachlodu.pl\/sklep\/produkt\/rura-hp-cu-fe2p-co2-2858-mm-5-m-1-1-8\/","url":"https:\/\/www.fabrykachlodu.pl\/sklep\/produkt\/rura-hp-cu-fe2p-co2-2858-mm-5-m-1-1-8\/","name":"Rura HP Cu-Fe2P CO2 34,93 mm\/5 m 1 3\/8,","isPartOf":{"@id":"https:\/\/www.fabrykachlodu.pl\/sklep\/#website"},"datePublished":"2023-04-19T14:05:07+00:00","dateModified":"2023-04-26T18:34:58+00:00","description":"Rura HP Cu-Fe2P CO2 34,93 mm\/5 m 1 3\/8,","breadcrumb":{"@id":"https:\/\/www.fabrykachlodu.pl\/sklep\/produkt\/rura-hp-cu-fe2p-co2-2858-mm-5-m-1-1-8\/#breadcrumb"},"inLanguage":"pl-PL","potentialAction":[{"@type":"ReadAction","target":["https:\/\/www.fabrykachlodu.pl\/sklep\/produkt\/rura-hp-cu-fe2p-co2-2858-mm-5-m-1-1-8\/"]}]},{"@type":"BreadcrumbList","@id":"https:\/\/www.fabrykachlodu.pl\/sklep\/produkt\/rura-hp-cu-fe2p-co2-2858-mm-5-m-1-1-8\/#breadcrumb","itemListElement":[{"@type":"ListItem","position":1,"name":"Strona g\u0142\u00f3wna","item":"https:\/\/www.fabrykachlodu.pl\/sklep\/"},{"@type":"ListItem","position":2,"name":"Szukasz klimatzyacji biurowej sklepowej lub do mieszkania?","item":"https:\/\/www.fabrykachlodu.pl\/sklep\/"},{"@type":"ListItem","position":3,"name":"AKCESORIA-MONTAZOWE","item":"https:\/\/www.fabrykachlodu.pl\/sklep\/product-category\/akcesoria-montazowe\/"},{"@type":"ListItem","position":4,"name":"RURY","item":"https:\/\/www.fabrykachlodu.pl\/sklep\/product-category\/akcesoria-montazowe\/rury\/"},{"@type":"ListItem","position":5,"name":"Rura HP Cu-Fe2P CO2 34,93 mm\/5 m 1 3\/8,"}]},{"@type":"WebSite","@id":"https:\/\/www.fabrykachlodu.pl\/sklep\/#website","url":"https:\/\/www.fabrykachlodu.pl\/sklep\/","name":"\u00b0FC Sklep Internetowy monta\u017c klimatyzacji pomp ciep\u0142a","description":"\u00b0FC monta\u017c klimatyzacji pomp ciep\u0142a z nami to szybki i tani wyb\u00f3r.  Us\u0142ugi monta\u017cowe i serwisowe W Warszawie i okolicach..","potentialAction":[{"@type":"SearchAction","target":{"@type":"EntryPoint","urlTemplate":"https:\/\/www.fabrykachlodu.pl\/sklep\/?s={search_term_string}"},"query-input":"required name=search_term_string"}],"inLanguage":"pl-PL"}]}},"_links":{"self":[{"href":"https:\/\/www.fabrykachlodu.pl\/sklep\/wp-json\/wp\/v2\/product\/88684"}],"collection":[{"href":"https:\/\/www.fabrykachlodu.pl\/sklep\/wp-json\/wp\/v2\/product"}],"about":[{"href":"https:\/\/www.fabrykachlodu.pl\/sklep\/wp-json\/wp\/v2\/types\/product"}],"wp:attachment":[{"href":"https:\/\/www.fabrykachlodu.pl\/sklep\/wp-json\/wp\/v2\/media?parent=88684"}],"wp:term":[{"taxonomy":"product_cat","embeddable":true,"href":"https:\/\/www.fabrykachlodu.pl\/sklep\/wp-json\/wp\/v2\/product_cat?post=88684"},{"taxonomy":"product_tag","embeddable":true,"href":"https:\/\/www.fabrykachlodu.pl\/sklep\/wp-json\/wp\/v2\/product_tag?post=88684"}],"curies":[{"name":"wp","href":"https:\/\/api.w.org\/{rel}","templated":true}]}}