{"id":89000,"date":"2023-04-19T16:08:20","date_gmt":"2023-04-19T14:08:20","guid":{"rendered":"https:\/\/www.fabrykachlodu.pl\/sklep\/?post_type=product&#038;p=89000"},"modified":"2023-04-26T20:36:37","modified_gmt":"2023-04-26T18:36:37","slug":"luk-miedziany-nyplowy-k65-90-st-8","status":"publish","type":"product","link":"https:\/\/www.fabrykachlodu.pl\/sklep\/produkt\/luk-miedziany-nyplowy-k65-90-st-8\/","title":{"rendered":"\u0141uk miedziany K65 90 st.Rozmiar cal 3\/8 KSZTA\u0141TKI RURY MIEDZIANE 130 bar K65 do R744  DO CH\u0141ODNICTWA WYSOKICH\nCI\u015aNIE\u0143"},"content":{"rendered":"<br \/>\n<h2>Zam\u00f3wienie dotyczy: \u0141uk miedziany K65 90 st.<\/h2>\n<p><h3><strong>W jednym miejscu poznasz:<\/strong><\/h3>\n<p>\u0141uk miedziany K65 90 st. i wa\u017cne informacje na temat z\u0142\u0105czek lutowanych, jak w\u0142a\u015bciwie lutowa\u0107, zastosowanie z\u0142\u0105czek lutowanych<br \/> Poznasz najwa\u017cniejsze funkcje<br \/> Por\u00f3wnasz produkty<br \/> Poznasz parametry techniczne<br \/> Poznasz cen\u0119 i zrealizujesz zam\u00f3wienie<br<strong><\/p>\n<h3>Wytrzyma\u0142o\u015bciowe parametry techniczne systemu rur i \u0142\u0105cznik\u00f3w do ch\u0142odnictwa wysokich ci\u015bnie\u0144:<\/strong><\/h3>\n<p>Kszta\u0142tki i systemy rurowe K65\u00ae firmy B\u00e4nninger mog\u0105 by\u0107 stosowane we wszystkich dziedzinach ogrzewania, ch\u0142odnictwa i klimatyzacji. <br \/>Nadaj\u0105 si\u0119 one do wszystkich powszechnie stosowanych i bezpiecznych czynnik\u00f3w ch\u0142odniczych, w szczeg\u00f3lno\u015bci do dwutlenku w\u0119gla (R744). Po przeprowadzeniu dalszych indywidualnych bada\u0144, armatura K65\u00ae mo\u017ce by\u0107 stosowana dla ci\u015bnie\u0144 do 120 bar\u00f3w i temperatur od -40 do 120\u00b0C. Wymiary przy\u0142\u0105czeniowe armatury K65\u00ae s\u0105 idealnie dopasowane do wymiar\u00f3w przy\u0142\u0105czeniowych rur K65\u00ae i odpowiadaj\u0105 wymiarom calowym w normie DIN EN 12735-1.<br \/> K65\u00ae jest podobny w dzia\u0142aniu do czystej miedzi i w razie potrzeby mo\u017ce by\u0107 stosowany w po\u0142\u0105czeniu z elementami z czystej miedzi (np. w obszarze przej\u015bciowym do urz\u0105dzenia). Kszta\u0142tki i rury K65\u00ae s\u0105 z regu\u0142y \u0142\u0105czone przez lutowanie twarde. Najlepszym rozwi\u0105zaniem okaza\u0142y si\u0119 topniki lutownicze z zawarto\u015bci\u0105 srebra co najmniej 2%. <br \/>Luty z wysok\u0105 zawarto\u015bci\u0105 srebra (lut Ag) i bez fosforu maj\u0105 lepsz\u0105 charakterystyk\u0119 p\u0142yni\u0119cia i s\u0105 zalecane do trudno dost\u0119pnych miejsc lub skomplikowanych zespo\u0142\u00f3w. Lutowie te charakteryzuj\u0105 si\u0119 lepszym wype\u0142nieniem szczelin i tworzeniem lepszych kana\u0142\u00f3w. Podczas lutowania kszta\u0142tek i rur K65\u00ae srebrnym lutem zawieraj\u0105cym fosfor (lut CuP) topnik zwykle nie jest wymagany. Topnik nale\u017cy stosowa\u0107 przy wykonywaniu twardych po\u0142\u0105cze\u0144 lutowanych K65\u00ae ze stop\u00f3w miedzi (gunmetal, mosi\u0105dz) oraz przy stosowaniu srebrnych lut\u00f3w zawieraj\u0105cych fosfor.<br \/>\nNazwa materia\u0142u DIN CEN\/TS 13388 CuFe2P<br \/>\nNr materia\u0142u PL CW107C<\/p>\n<p>System rur i \u0142\u0105cznik\u00f3w do ch\u0142odnictwa wysokich<br \/>\nci\u015bnie\u0144<br \/>\nRury K65 i \u0142\u0105czniki K65 to wsp\u00f3lny projekt firm<br \/>\nWieland i Conex Banninger.<br \/>\nG\u0142\u00f3wn\u0105 zalet\u0105 systemu K65 jest bardzo wysoka<br \/>\nwytrzyma\u0142o\u015b\u0107 mechaniczna przy stosunkowo<br \/>\ncienkich \u015bciankach .<br \/>\n\u0141\u0105czniki K65 produkowane s\u0105 ze stopu miedzi<br \/>\nz \u017celazem Wieland K65 ( CuFe2P )<br \/>\nzgodnie z norm\u0105 EN 12449 .<br \/>\nPrzeznaczone s\u0105 do \u0142\u0105czenia rur miedzianych<br \/>\nwykonanych zgodnie z norm\u0105 PN-EN 12735-1.<br \/>\nWszystkie \u0142\u0105czniki spe\u0142niaj\u0105 warunki dyrektywy PED<br \/>\nPressure Equipment Directive 97\/23\/EC.<br \/>\nZakres \u015brednic: 3\/8\u2019 do 1 5\/8\u2019 .<br \/>\nParametry pracy: maksymalne ci\u015bnienie robocze<br \/>\n120 bar, temperatura od &#8211; 196\u00b0C do 150\u00b0C.<br \/>\nWszystkie \u0142\u0105czniki oznaczone s\u0105 napisem K65<br \/>\nna zielonym tle.<br \/>\nPo\u0142\u0105czenie nast\u0119puje w wyniku lutowania na twardo<br \/>\nprzy u\u017cyciu lut\u00f3w z zawarto\u015bci\u0105 min 2% srebra.<br \/>\n\u0141\u0105czniki K65 przeznaczone s\u0105 g\u0142\u00f3wnie do<br \/>\nstosowania w instalacjach ch\u0142odniczych gdzie czynnikiem ch\u0142odz\u0105cymi jest dwutlenek w\u0119gla CO2 (R744 ).<br \/>\nZnajduj\u0105 tak\u017ce zastosowanie w przemy\u015ble samochodowym oraz w stacjonarnych urz\u0105dzeniach ch\u0142odniczych.<br \/>\nGwarancja 25 lat.<br \/>\nZakres temperatur -40 do 120 \u00b0C<br \/><strong><\/p>\n<h3>Zlecaj\u0105c nam monta\u017c otrzymasz:<\/strong><\/h3>\n<p> \u0141uk miedziany K65 90 st. z rabatem kupuj\u0105c w naszym sklepie online lub wybieraj\u0105c monta\u017c <br \/> Gwarancje <br \/> Kompletne pod\u0142\u0105czenie elektryczne oraz hydrauliczne<br \/>G\u0142\u00f3wn\u0105 zalet\u0105 systemu K65 jest bardzo wysoka wytrzyma\u0142o\u015b\u0107 mechaniczna przy stosunkowo cienkich \u015bciankach . Znajduj\u0105 zastosowanie w stacjonarnych urz\u0105dzeniach ch\u0142odniczych. Gwarancja 25 lat.<\/p>\n<p>Kszta\u0142tki do ch\u0142odnictwa wysokich ci\u015bnie\u0144 to elementy stosowane w instalacjach ch\u0142odniczych i klimatyzacyjnych, kt\u00f3re s\u0142u\u017c\u0105 do po\u0142\u0105czenia rurek, w\u0119\u017cy lub innych element\u00f3w ch\u0142odniczych w celu przesy\u0142ania p\u0142yn\u00f3w ch\u0142odniczych pod wysokim ci\u015bnieniem.<\/p>\n<p>Kszta\u0142tki te maj\u0105 r\u00f3\u017cne kszta\u0142ty i rozmiary, takie jak kolana, \u0142uki, tr\u00f3jniki, redukcje i zawory. S\u0105 one wykonane z r\u00f3\u017cnych materia\u0142\u00f3w, takich jak mied\u017a, mosi\u0105dz, stal nierdzewna, aluminium, czy te\u017c tworzywa sztuczne.<\/p>\n<p>Podczas stosowania kszta\u0142tek do ch\u0142odnictwa wysokich ci\u015bnie\u0144 nale\u017cy pami\u0119ta\u0107 o kilku wa\u017cnych kwestiach:<\/p>\n<p>Wybierz kszta\u0142tki odpowiednie do rodzaju p\u0142ynu ch\u0142odniczego i ci\u015bnienia, jakie musz\u0105 wytrzyma\u0107. Nale\u017cy te\u017c zwr\u00f3ci\u0107 uwag\u0119 na \u015brednic\u0119 rurek lub w\u0119\u017cy, kt\u00f3re b\u0119d\u0105 \u0142\u0105czone za pomoc\u0105 kszta\u0142tek.<\/p>\n<p>Upewnij si\u0119, \u017ce powierzchnia rurek lub w\u0119\u017cy jest odpowiednio oczyszczona, aby zapewni\u0107 prawid\u0142owe po\u0142\u0105czenie. Nale\u017cy usun\u0105\u0107 wszelkie zanieczyszczenia i t\u0142uste plamy, u\u017cywaj\u0105c specjalnych preparat\u00f3w czyszcz\u0105cych.<\/p>\n<p>Przy u\u017cyciu kszta\u0142tek nale\u017cy przestrzega\u0107 zasad bezpiecze\u0144stwa, stosuj\u0105c odpowiednie \u015brodki ochrony osobistej, takie jak r\u0119kawice, maski i okulary ochronne.<\/p>\n<p>Nale\u017cy dok\u0142adnie zacisn\u0105\u0107 \u015bruby lub nakr\u0119tki, aby zapobiec wyciekom p\u0142ynu ch\u0142odniczego i zapewni\u0107 trwa\u0142e po\u0142\u0105czenie.<\/p>\n<p>Po zamontowaniu kszta\u0142tek, nale\u017cy dok\u0142adnie sprawdzi\u0107 instalacj\u0119 pod k\u0105tem ewentualnych wyciek\u00f3w i przetestowa\u0107 jej wydajno\u015b\u0107 podczas normalnej pracy.<\/p>\n<p>Maj\u0105c na uwadze powy\u017csze wskaz\u00f3wki, specialista powinien by\u0107 w stanie skutecznie stosowa\u0107 kszta\u0142tki do ch\u0142odnictwa wysokich ci\u015bnie\u0144 w instalacjach ch\u0142odniczych i klimatyzacyjnych.<div class=\"su-service\"><div class=\"su-service-title\" style=\"padding-left:52px;min-height:38px;line-height:38px\"><i class=\"sui sui-check-circle\" style=\"font-size:38px;color:#22a0ed\"><\/i> Wskaz\u00f3wka naszego eksperta<\/div><div class=\"su-service-content su-u-clearfix su-u-trim\" style=\"padding-left:52px\"><\/div><\/div>\n<h2><strong>Zapraszamy do por\u00f3wnania zalet i wad<\/strong><\/h2>\n<p><strong>Jakie s\u0105 zalety?<\/strong><br \/><div class=\"su-service\"><div class=\"su-service-title\" style=\"padding-left:52px;min-height:38px;line-height:38px\"><i class=\"sui sui-check-circle\" style=\"font-size:38px;color:#22a0ed\"><\/i> Wskaz\u00f3wka naszego eksperta<\/div><div class=\"su-service-content su-u-clearfix su-u-trim\" style=\"padding-left:52px\">Trwa\u0142o\u015b\u0107 i niezawodno\u015b\u0107 to g\u0142\u00f3wne zalety kszta\u0142tek miedzianych do lutowania, co przek\u0142ada si\u0119 na d\u0142ug\u0105 \u017cywotno\u015b\u0107 instalacji klimatyzacyjnej lub ch\u0142odniczej. Dodatkowo, ich precyzyjne wykonanie gwarantuje \u0142atwe i dok\u0142adne dopasowanie do rur miedzianych, co pozwala na zapewnienie w\u0142a\u015bciwej izolacji i unikni\u0119cie wyciek\u00f3w wody lub gazu.<br \/><\/div><\/div><strong>Jakie s\u0105 wady tego produktu?<\/strong><br \/><div class=\"su-service\"><div class=\"su-service-title\" style=\"padding-left:52px;min-height:38px;line-height:38px\"><i class=\"sui sui-check-circle\" style=\"font-size:38px;color:#22a0ed\"><\/i> Wskaz\u00f3wka naszego eksperta<\/div><div class=\"su-service-content su-u-clearfix su-u-trim\" style=\"padding-left:52px\">Kszta\u0142tki do lutowania z miedzi s\u0105 dosy\u0107 trudne w obr\u00f3bce ze wzgl\u0119du na ich sztywno\u015b\u0107 i wymagaj\u0105 specjalistycznych narz\u0119dzi, aby je odpowiednio przyci\u0105\u0107 i dostosowa\u0107 do potrzeb. Niestety, proces lutowania mo\u017ce by\u0107 trudny i wymaga du\u017cej precyzji. W przypadku niew\u0142a\u015bciwego u\u017cycia kszta\u0142tek, mo\u017ce doj\u015b\u0107 do niedoskona\u0142ego po\u0142\u0105czenia element\u00f3w, co skutkuje niedostateczn\u0105 trwa\u0142o\u015bci\u0105 lutowania. Dodatkowo, lutowanie z u\u017cyciem miedzi wymaga u\u017cycia odpowiedniego sprz\u0119tu oraz wiedzy technicznej, co mo\u017ce by\u0107 wyzwaniem dla pocz\u0105tkuj\u0105cych u\u017cytkownik\u00f3w.<br \/><\/div><\/div><div class=\"su-service\"><div class=\"su-service-title\" style=\"padding-left:52px;min-height:38px;line-height:38px\"><i class=\"sui sui-hand-o-right\" style=\"font-size:38px;color:#22a0ed\"><\/i> Podsumowuj\u0105c<\/div><div class=\"su-service-content su-u-clearfix su-u-trim\" style=\"padding-left:52px\">Ksztaltki, kolana, luki, trojniki, mufy, nyple, z\u0142\u0105czki, redukcje z miedzi to niezb\u0119dne elementy instalacji ch\u0142odniczych.<br \/>\nZaleta: \u0141\u0105czenie rur miedzianych za pomoc\u0105 ksztaltek zapewnia solidno\u015b\u0107 i trwa\u0142o\u015b\u0107 ca\u0142ego systemu.<br \/>\nWada: U\u017cycie miedzi w instalacjach ch\u0142odniczych wymaga spe\u0142nienia okre\u015blonych wymaga\u0144, takich jak wykorzystanie odpowiedniego czynnika ch\u0142odz\u0105cego i przestrzeganie przepis\u00f3w dotycz\u0105cych instalacji.<br \/>\nZach\u0119ta do zakupu: \u0141\u0105czenie rur miedzianych za pomoc\u0105 ksztaltek to niezawodny spos\u00f3b na zbudowanie trwa\u0142ego systemu ch\u0142odniczego. Wymaga to jednak spe\u0142nienia okre\u015blonych wymaga\u0144, aby zapewni\u0107 bezpiecze\u0144stwo u\u017cytkowania. Dlatego warto skonsultowa\u0107 si\u0119 z do\u015bwiadczonymi specjalistami oraz zapozna\u0107 si\u0119 z obowi\u0105zuj\u0105cymi przepisami, aby unikn\u0105\u0107 niepotrzebnych problem\u00f3w.<\/p>\n<p>U\u017cywanie rur miedzianych z \u0142\u0105cznikami i kszta\u0142tkami pozwala na skuteczne \u0142\u0105czenie element\u00f3w instalacji ch\u0142odniczych i klimatyzacyjnych, a tak\u017ce zwi\u0119ksza elastyczno\u015b\u0107 i \u0142atwo\u015b\u0107 monta\u017cu. Ponadto, rury miedziane spe\u0142niaj\u0105 wymagania dla instalacji ch\u0142odniczych, co zapewnia niezawodno\u015b\u0107 i bezpiecze\u0144stwo. Mimo nieco wy\u017cszej ceny, warto zainwestowa\u0107 w produkty wysokiej jako\u015bci, kt\u00f3re zapewni\u0105 d\u0142ugotrwa\u0142\u0105 i bezawaryjn\u0105 prac\u0119 ca\u0142ej instalacji.<br \/><\/div><\/div>\n<div class=\"hr-thin\"><\/div>\n<p>&#8221; <\/p>\n<p>PARAMETRY TECHNICZNE<\/p>\n<div class=\"su-tabs su-tabs-style-default su-tabs-mobile-stack\" data-active=\"1\" data-scroll-offset=\"0\" data-anchor-in-url=\"no\"><div class=\"su-tabs-nav\"><span class=\"\" data-url=\"\" data-target=\"blank\" tabindex=\"0\" role=\"button\">Kszta\u0142tki do lutowania wysokie cisnienie<\/span><span class=\"\" data-url=\"\" data-target=\"blank\" tabindex=\"0\" role=\"button\">Adaptery, zl\u0105czki<\/span><span class=\"\" data-url=\"\" data-target=\"blank\" tabindex=\"0\" role=\"button\">Pompa pr\u00f3\u017cniowa<\/span><span class=\"\" data-url=\"\" data-target=\"blank\" tabindex=\"0\" role=\"button\">Akcesoria Monta\u017cowe<\/span><span class=\"\" data-url=\"\" data-target=\"blank\" tabindex=\"0\" role=\"button\">Klimatyzacja i pompy oferta<\/span><span class=\"\" data-url=\"\" data-target=\"blank\" tabindex=\"0\" role=\"button\">Ch\u0142odnictwo oferta<\/span><\/div><div class=\"su-tabs-panes\"><div class=\"su-tabs-pane su-u-clearfix su-u-trim\" data-title=\"Kszta\u0142tki do lutowania wysokie cisnienie\"><div class=\"su-document su-u-responsive-media-yes\"><iframe src=\"\/\/docs.google.com\/viewer?embedded=true&url=https:\/\/www.fabrykachlodu.pl\/sklep\/wp-content\/uploads\/2023\/04\/K65.pdf\" width=\"600\" height=\"400\" class=\"su-document\" title=\"\"><\/iframe><\/div><\/div>\n<div class=\"su-tabs-pane su-u-clearfix su-u-trim\" data-title=\"Adaptery, zl\u0105czki\"><div class=\"su-document su-u-responsive-media-yes\"><iframe src=\"\/\/docs.google.com\/viewer?embedded=true&url=https:\/\/www.fabrykachlodu.pl\/sklep\/wp-content\/uploads\/2023\/04\/adaptery.zlaczki.do_.rur_.miedzianych.do_.lutowania.zawory.narzedzia.pdf\" width=\"600\" height=\"400\" class=\"su-document\" title=\"\"><\/iframe><\/div><\/div>\n<div class=\"su-tabs-pane su-u-clearfix su-u-trim\" data-title=\"Pompa pr\u00f3\u017cniowa\"><div class=\"su-document su-u-responsive-media-yes\"><iframe src=\"\/\/docs.google.com\/viewer?embedded=true&url=https:\/\/www.fabrykachlodu.pl\/sklep\/wp-content\/uploads\/2023\/04\/pompy.prozniowe.oleje_.do_.pomp_.pdf\" width=\"600\" height=\"400\" class=\"su-document\" title=\"\"><\/iframe><\/div><\/div>\n<div class=\"su-tabs-pane su-u-clearfix su-u-trim\" data-title=\"Akcesoria Monta\u017cowe\"><div class=\"su-document su-u-responsive-media-yes\"><iframe src=\"\/\/docs.google.com\/viewer?embedded=true&url=https:\/\/www.fabrykachlodu.pl\/sklep\/wp-content\/uploads\/2023\/04\/narzedzia.do_.rur_.frezy_.do_.gratowania.do_.giecia.do_.zaciskania.do_.rozcinania.otworow.pdf\" width=\"600\" height=\"400\" class=\"su-document\" title=\"\"><\/iframe><\/div><\/div>\n<div class=\"su-tabs-pane su-u-clearfix su-u-trim\" data-title=\"Klimatyzacja i pompy oferta\"><div class=\"su-document su-u-responsive-media-yes\"><iframe src=\"\/\/docs.google.com\/viewer?embedded=true&url=https:\/\/www.fabrykachlodu.pl\/oferta\/FC.Nowosci.pdf\" width=\"600\" height=\"400\" class=\"su-document\" title=\"\"><\/iframe><\/div><\/div>\n<div class=\"su-tabs-pane su-u-clearfix su-u-trim\" data-title=\"Ch\u0142odnictwo oferta\"><div class=\"su-document su-u-responsive-media-yes\"><iframe src=\"\/\/docs.google.com\/viewer?embedded=true&url=https:\/\/www.fabrykachlodu.pl\/oferta\/FC.Serwis_Chlodniczy.pdf\" width=\"600\" height=\"400\" class=\"su-document\" title=\"\"><\/iframe><\/div><\/div><\/div><\/div>\n<p>Dokumenty si\u0119 nie wy\u015bwietlaj\u0105? <input type=\"button\" value=\"Od\u015bwie\u017c stron\u0119\" onclick=\"location.reload();\"><\/p>\n","protected":false},"excerpt":{"rendered":"<p><span style=\"color: #000000;\"><strong>Najwa\u017cniejsze zalety<\/strong><\/span>[dt_list style=\"1\" bullet_position=\"middle\" dividers=\"true\"][dt_list style=\"1\" bullet_position=\"middle\" dividers=\"true\"][dt_list_item image=\"\"]\u0141\u0105czniki K65 przeznaczone s\u0105 g\u0142\u00f3wnie do<br \/>\nstosowania w instalacjach ch\u0142odniczych gdzie<br \/>\nczynnikiem ch\u0142odz\u0105cymi jest dwutlenek w\u0119gla CO2 (R744 ).[\/dt_list_item][dt_list_item image=\"\"]Kszta\u0142tki miedziane maj\u0105 r\u00f3\u017cne kszta\u0142ty i rozmiary[\/dt_list_item][dt_list_item image=\"\"]Parametry pracy maksymalne ci\u015bnienie robocze 120 bar, temperatura od &#8211; 196\u00b0c do 150\u00b0c[\/dt_list_item][dt_list_item image=\"\"]W technice ch\u0142odniczej zaleca si\u0119 lutowanie twarde. Rury K65 i \u0142\u0105czniki K65 to wsp\u00f3lny projekt firm<br \/>\nWieland i Conex Banninger jest to system rur i \u0142\u0105cznik\u00f3w do ch\u0142odnictwa wysokich<br \/>\nci\u015bnie\u0144[\/dt_list_item][\/dt_list]<\/p>\n","protected":false},"featured_media":88173,"template":"","meta":[],"product_cat":[6746,4470,189],"product_tag":[6761],"yoast_head":"<!-- This site is optimized with the Yoast SEO plugin v22.1 - https:\/\/yoast.com\/wordpress\/plugins\/seo\/ -->\n<title>\u0141uk miedziany K65 90 st.<\/title>\n<meta name=\"description\" content=\"\u0141uk miedziany K65 90 st.\" \/>\n<meta name=\"robots\" content=\"index, follow, max-snippet:-1, max-image-preview:large, max-video-preview:-1\" \/>\n<link rel=\"canonical\" href=\"https:\/\/www.fabrykachlodu.pl\/sklep\/produkt\/luk-miedziany-nyplowy-k65-90-st-8\/\" \/>\n<script type=\"application\/ld+json\" class=\"yoast-schema-graph\">{\"@context\":\"https:\/\/schema.org\",\"@graph\":[{\"@type\":\"WebPage\",\"@id\":\"https:\/\/www.fabrykachlodu.pl\/sklep\/produkt\/luk-miedziany-nyplowy-k65-90-st-8\/\",\"url\":\"https:\/\/www.fabrykachlodu.pl\/sklep\/produkt\/luk-miedziany-nyplowy-k65-90-st-8\/\",\"name\":\"\u0141uk miedziany K65 90 st.\",\"isPartOf\":{\"@id\":\"https:\/\/www.fabrykachlodu.pl\/sklep\/#website\"},\"datePublished\":\"2023-04-19T14:08:20+00:00\",\"dateModified\":\"2023-04-26T18:36:37+00:00\",\"description\":\"\u0141uk miedziany K65 90 st.\",\"breadcrumb\":{\"@id\":\"https:\/\/www.fabrykachlodu.pl\/sklep\/produkt\/luk-miedziany-nyplowy-k65-90-st-8\/#breadcrumb\"},\"inLanguage\":\"pl-PL\",\"potentialAction\":[{\"@type\":\"ReadAction\",\"target\":[\"https:\/\/www.fabrykachlodu.pl\/sklep\/produkt\/luk-miedziany-nyplowy-k65-90-st-8\/\"]}]},{\"@type\":\"BreadcrumbList\",\"@id\":\"https:\/\/www.fabrykachlodu.pl\/sklep\/produkt\/luk-miedziany-nyplowy-k65-90-st-8\/#breadcrumb\",\"itemListElement\":[{\"@type\":\"ListItem\",\"position\":1,\"name\":\"Strona g\u0142\u00f3wna\",\"item\":\"https:\/\/www.fabrykachlodu.pl\/sklep\/\"},{\"@type\":\"ListItem\",\"position\":2,\"name\":\"Szukasz klimatzyacji biurowej sklepowej lub do mieszkania?\",\"item\":\"https:\/\/www.fabrykachlodu.pl\/sklep\/\"},{\"@type\":\"ListItem\",\"position\":3,\"name\":\"AKCESORIA-MONTAZOWE\",\"item\":\"https:\/\/www.fabrykachlodu.pl\/sklep\/product-category\/akcesoria-montazowe\/\"},{\"@type\":\"ListItem\",\"position\":4,\"name\":\"KSZTA\u0141TKI MIEDZIANE\",\"item\":\"https:\/\/www.fabrykachlodu.pl\/sklep\/product-category\/akcesoria-montazowe\/ksztaltki-miedziane\/\"},{\"@type\":\"ListItem\",\"position\":5,\"name\":\"\u0141uk miedziany K65 90 st.Rozmiar cal 3\/8 KSZTA\u0141TKI RURY MIEDZIANE 130 bar K65 do R744 DO CH\u0141ODNICTWA WYSOKICH CI\u015aNIE\u0143\"}]},{\"@type\":\"WebSite\",\"@id\":\"https:\/\/www.fabrykachlodu.pl\/sklep\/#website\",\"url\":\"https:\/\/www.fabrykachlodu.pl\/sklep\/\",\"name\":\"\u00b0FC Sklep Internetowy monta\u017c klimatyzacji pomp ciep\u0142a\",\"description\":\"\u00b0FC monta\u017c klimatyzacji pomp ciep\u0142a z nami to szybki i tani wyb\u00f3r.  Us\u0142ugi monta\u017cowe i serwisowe W Warszawie i okolicach..\",\"potentialAction\":[{\"@type\":\"SearchAction\",\"target\":{\"@type\":\"EntryPoint\",\"urlTemplate\":\"https:\/\/www.fabrykachlodu.pl\/sklep\/?s={search_term_string}\"},\"query-input\":\"required name=search_term_string\"}],\"inLanguage\":\"pl-PL\"}]}<\/script>\n<!-- \/ Yoast SEO plugin. -->","yoast_head_json":{"title":"\u0141uk miedziany K65 90 st.","description":"\u0141uk miedziany K65 90 st.","robots":{"index":"index","follow":"follow","max-snippet":"max-snippet:-1","max-image-preview":"max-image-preview:large","max-video-preview":"max-video-preview:-1"},"canonical":"https:\/\/www.fabrykachlodu.pl\/sklep\/produkt\/luk-miedziany-nyplowy-k65-90-st-8\/","schema":{"@context":"https:\/\/schema.org","@graph":[{"@type":"WebPage","@id":"https:\/\/www.fabrykachlodu.pl\/sklep\/produkt\/luk-miedziany-nyplowy-k65-90-st-8\/","url":"https:\/\/www.fabrykachlodu.pl\/sklep\/produkt\/luk-miedziany-nyplowy-k65-90-st-8\/","name":"\u0141uk miedziany K65 90 st.","isPartOf":{"@id":"https:\/\/www.fabrykachlodu.pl\/sklep\/#website"},"datePublished":"2023-04-19T14:08:20+00:00","dateModified":"2023-04-26T18:36:37+00:00","description":"\u0141uk miedziany K65 90 st.","breadcrumb":{"@id":"https:\/\/www.fabrykachlodu.pl\/sklep\/produkt\/luk-miedziany-nyplowy-k65-90-st-8\/#breadcrumb"},"inLanguage":"pl-PL","potentialAction":[{"@type":"ReadAction","target":["https:\/\/www.fabrykachlodu.pl\/sklep\/produkt\/luk-miedziany-nyplowy-k65-90-st-8\/"]}]},{"@type":"BreadcrumbList","@id":"https:\/\/www.fabrykachlodu.pl\/sklep\/produkt\/luk-miedziany-nyplowy-k65-90-st-8\/#breadcrumb","itemListElement":[{"@type":"ListItem","position":1,"name":"Strona g\u0142\u00f3wna","item":"https:\/\/www.fabrykachlodu.pl\/sklep\/"},{"@type":"ListItem","position":2,"name":"Szukasz klimatzyacji biurowej sklepowej lub do mieszkania?","item":"https:\/\/www.fabrykachlodu.pl\/sklep\/"},{"@type":"ListItem","position":3,"name":"AKCESORIA-MONTAZOWE","item":"https:\/\/www.fabrykachlodu.pl\/sklep\/product-category\/akcesoria-montazowe\/"},{"@type":"ListItem","position":4,"name":"KSZTA\u0141TKI MIEDZIANE","item":"https:\/\/www.fabrykachlodu.pl\/sklep\/product-category\/akcesoria-montazowe\/ksztaltki-miedziane\/"},{"@type":"ListItem","position":5,"name":"\u0141uk miedziany K65 90 st.Rozmiar cal 3\/8 KSZTA\u0141TKI RURY MIEDZIANE 130 bar K65 do R744 DO CH\u0141ODNICTWA WYSOKICH CI\u015aNIE\u0143"}]},{"@type":"WebSite","@id":"https:\/\/www.fabrykachlodu.pl\/sklep\/#website","url":"https:\/\/www.fabrykachlodu.pl\/sklep\/","name":"\u00b0FC Sklep Internetowy monta\u017c klimatyzacji pomp ciep\u0142a","description":"\u00b0FC monta\u017c klimatyzacji pomp ciep\u0142a z nami to szybki i tani wyb\u00f3r.  Us\u0142ugi monta\u017cowe i serwisowe W Warszawie i okolicach..","potentialAction":[{"@type":"SearchAction","target":{"@type":"EntryPoint","urlTemplate":"https:\/\/www.fabrykachlodu.pl\/sklep\/?s={search_term_string}"},"query-input":"required name=search_term_string"}],"inLanguage":"pl-PL"}]}},"_links":{"self":[{"href":"https:\/\/www.fabrykachlodu.pl\/sklep\/wp-json\/wp\/v2\/product\/89000"}],"collection":[{"href":"https:\/\/www.fabrykachlodu.pl\/sklep\/wp-json\/wp\/v2\/product"}],"about":[{"href":"https:\/\/www.fabrykachlodu.pl\/sklep\/wp-json\/wp\/v2\/types\/product"}],"wp:featuredmedia":[{"embeddable":true,"href":"https:\/\/www.fabrykachlodu.pl\/sklep\/wp-json\/wp\/v2\/media\/88173"}],"wp:attachment":[{"href":"https:\/\/www.fabrykachlodu.pl\/sklep\/wp-json\/wp\/v2\/media?parent=89000"}],"wp:term":[{"taxonomy":"product_cat","embeddable":true,"href":"https:\/\/www.fabrykachlodu.pl\/sklep\/wp-json\/wp\/v2\/product_cat?post=89000"},{"taxonomy":"product_tag","embeddable":true,"href":"https:\/\/www.fabrykachlodu.pl\/sklep\/wp-json\/wp\/v2\/product_tag?post=89000"}],"curies":[{"name":"wp","href":"https:\/\/api.w.org\/{rel}","templated":true}]}}