{"id":91130,"date":"2023-05-16T09:01:58","date_gmt":"2023-05-16T07:01:58","guid":{"rendered":"https:\/\/www.fabrykachlodu.pl\/sklep\/?post_type=product&#038;p=91130"},"modified":"2023-05-16T09:02:43","modified_gmt":"2023-05-16T07:02:43","slug":"agregaty-free-multi-tz-r32-chlodzenie-do-10c-grzanie-do-15c-a-cu-2tz50tbe-kw-15-54","status":"publish","type":"product","link":"https:\/\/www.fabrykachlodu.pl\/sklep\/produkt\/agregaty-free-multi-tz-r32-chlodzenie-do-10c-grzanie-do-15c-a-cu-2tz50tbe-kw-15-54\/","title":{"rendered":"AGREGATY FREE MULTI TZ &#8211; R32 \/ Ch\u0142odzenie do -10\u00b0C, Grzanie do -15\u00b0C A++ CU-2TZ50TBE; kW 1,5-5,4"},"content":{"rendered":"","protected":false},"excerpt":{"rendered":"<p><span style=\"color: #000000;\"><strong>Najwa\u017cniejsze zalety<\/strong><\/span>[dt_list style=\"1\" bullet_position=\"middle\" dividers=\"true\"][dt_list style=\"1\" bullet_position=\"middle\" dividers=\"true\"][dt_list_item image=\"\"]Multi-Split zewn\u0119trzne jednostki z serii TZ s\u0105 bardzo wydajne i stanowi\u0105 dobr\u0105 opcj\u0119 do pod\u0142\u0105czenia wielu jednostek wewn\u0119trznych. Szeroki zakres mocy od 1,5 kW do 6,6 kW[\/dt_list_item][dt_list_item image=\"\"]Efektywno\u015b\u0107 energetyczna klasy A++, co oznacza ni\u017csze rachunki za energi\u0119 elektryczn\u0105 i mniejsze oddzia\u0142ywanie na \u015brodowisko.[\/dt_list_item][dt_list_item image=\"\"]Mo\u017cliwo\u015b\u0107 grzania do -15\u00b0C, co oznacza, \u017ce \u200b\u200burz\u0105dzenie mo\u017ce by\u0107 stosowane w ch\u0142odniach, kt\u00f3re wymagaj\u0105 temperatury poni\u017cej zera.[\/dt_list_item][dt_list_item image=\"\"]Cz\u0119\u015bci zamienne, akcesoria[\/dt_list_item][\/dt_list]<\/p>\n","protected":false},"featured_media":89980,"template":"","meta":[],"product_cat":[7382,401,189],"product_tag":[3100,6387,7173],"yoast_head":"<!-- This site is optimized with the Yoast SEO plugin v22.1 - https:\/\/yoast.com\/wordpress\/plugins\/seo\/ -->\n<title>AGREGATY FREE MULTI TZ - R32 \/ Ch\u0142odzenie do -10\u00b0C, Grzanie do -15\u00b0C A++ CU-2TZ50TBE; kW 1,5-5,4<\/title>\n<meta name=\"description\" content=\"AGREGATY FREE MULTI TZ - R32 \/ Ch\u0142odzenie do -10\u00b0C, Grzanie do -15\u00b0C A++ CU-2TZ50TBE; kW 1,5-5,4\" \/>\n<meta name=\"robots\" content=\"index, nofollow, max-snippet:-1, max-image-preview:large, max-video-preview:-1, noarchive\" \/>\n<link rel=\"canonical\" href=\"https:\/\/www.fabrykachlodu.pl\/sklep\/produkt\/agregaty-free-multi-tz-r32-chlodzenie-do-10c-grzanie-do-15c-a-cu-2tz50tbe-kw-15-54\/\" \/>\n<script type=\"application\/ld+json\" class=\"yoast-schema-graph\">{\"@context\":\"https:\/\/schema.org\",\"@graph\":[{\"@type\":\"WebPage\",\"@id\":\"https:\/\/www.fabrykachlodu.pl\/sklep\/produkt\/agregaty-free-multi-tz-r32-chlodzenie-do-10c-grzanie-do-15c-a-cu-2tz50tbe-kw-15-54\/\",\"url\":\"https:\/\/www.fabrykachlodu.pl\/sklep\/produkt\/agregaty-free-multi-tz-r32-chlodzenie-do-10c-grzanie-do-15c-a-cu-2tz50tbe-kw-15-54\/\",\"name\":\"AGREGATY FREE MULTI TZ - R32 \/ Ch\u0142odzenie do -10\u00b0C, Grzanie do -15\u00b0C A++ CU-2TZ50TBE; kW 1,5-5,4\",\"isPartOf\":{\"@id\":\"https:\/\/www.fabrykachlodu.pl\/sklep\/#website\"},\"datePublished\":\"2023-05-16T07:01:58+00:00\",\"dateModified\":\"2023-05-16T07:02:43+00:00\",\"description\":\"AGREGATY FREE MULTI TZ - R32 \/ Ch\u0142odzenie do -10\u00b0C, Grzanie do -15\u00b0C A++ CU-2TZ50TBE; kW 1,5-5,4\",\"breadcrumb\":{\"@id\":\"https:\/\/www.fabrykachlodu.pl\/sklep\/produkt\/agregaty-free-multi-tz-r32-chlodzenie-do-10c-grzanie-do-15c-a-cu-2tz50tbe-kw-15-54\/#breadcrumb\"},\"inLanguage\":\"pl-PL\",\"potentialAction\":[{\"@type\":\"ReadAction\",\"target\":[\"https:\/\/www.fabrykachlodu.pl\/sklep\/produkt\/agregaty-free-multi-tz-r32-chlodzenie-do-10c-grzanie-do-15c-a-cu-2tz50tbe-kw-15-54\/\"]}]},{\"@type\":\"BreadcrumbList\",\"@id\":\"https:\/\/www.fabrykachlodu.pl\/sklep\/produkt\/agregaty-free-multi-tz-r32-chlodzenie-do-10c-grzanie-do-15c-a-cu-2tz50tbe-kw-15-54\/#breadcrumb\",\"itemListElement\":[{\"@type\":\"ListItem\",\"position\":1,\"name\":\"Strona g\u0142\u00f3wna\",\"item\":\"https:\/\/www.fabrykachlodu.pl\/sklep\/\"},{\"@type\":\"ListItem\",\"position\":2,\"name\":\"Szukasz klimatzyacji biurowej sklepowej lub do mieszkania?\",\"item\":\"https:\/\/www.fabrykachlodu.pl\/sklep\/\"},{\"@type\":\"ListItem\",\"position\":3,\"name\":\"PRODUKTY ARCHIWALNE\",\"item\":\"https:\/\/www.fabrykachlodu.pl\/sklep\/product-category\/produkty-archiwalne\/\"},{\"@type\":\"ListItem\",\"position\":4,\"name\":\"AGREGATY FREE MULTI TZ &#8211; R32 \/ Ch\u0142odzenie do -10\u00b0C, Grzanie do -15\u00b0C A++ CU-2TZ50TBE; kW 1,5-5,4\"}]},{\"@type\":\"WebSite\",\"@id\":\"https:\/\/www.fabrykachlodu.pl\/sklep\/#website\",\"url\":\"https:\/\/www.fabrykachlodu.pl\/sklep\/\",\"name\":\"\u00b0FC Sklep Internetowy monta\u017c klimatyzacji pomp ciep\u0142a\",\"description\":\"\u00b0FC monta\u017c klimatyzacji pomp ciep\u0142a z nami to szybki i tani wyb\u00f3r.  Us\u0142ugi monta\u017cowe i serwisowe W Warszawie i okolicach..\",\"potentialAction\":[{\"@type\":\"SearchAction\",\"target\":{\"@type\":\"EntryPoint\",\"urlTemplate\":\"https:\/\/www.fabrykachlodu.pl\/sklep\/?s={search_term_string}\"},\"query-input\":\"required name=search_term_string\"}],\"inLanguage\":\"pl-PL\"}]}<\/script>\n<!-- \/ Yoast SEO plugin. -->","yoast_head_json":{"title":"AGREGATY FREE MULTI TZ - R32 \/ Ch\u0142odzenie do -10\u00b0C, Grzanie do -15\u00b0C A++ CU-2TZ50TBE; kW 1,5-5,4","description":"AGREGATY FREE MULTI TZ - R32 \/ Ch\u0142odzenie do -10\u00b0C, Grzanie do -15\u00b0C A++ CU-2TZ50TBE; kW 1,5-5,4","robots":{"index":"index","follow":"nofollow","max-snippet":"max-snippet:-1","max-image-preview":"max-image-preview:large","max-video-preview":"max-video-preview:-1","archive":"noarchive"},"canonical":"https:\/\/www.fabrykachlodu.pl\/sklep\/produkt\/agregaty-free-multi-tz-r32-chlodzenie-do-10c-grzanie-do-15c-a-cu-2tz50tbe-kw-15-54\/","schema":{"@context":"https:\/\/schema.org","@graph":[{"@type":"WebPage","@id":"https:\/\/www.fabrykachlodu.pl\/sklep\/produkt\/agregaty-free-multi-tz-r32-chlodzenie-do-10c-grzanie-do-15c-a-cu-2tz50tbe-kw-15-54\/","url":"https:\/\/www.fabrykachlodu.pl\/sklep\/produkt\/agregaty-free-multi-tz-r32-chlodzenie-do-10c-grzanie-do-15c-a-cu-2tz50tbe-kw-15-54\/","name":"AGREGATY FREE MULTI TZ - R32 \/ Ch\u0142odzenie do -10\u00b0C, Grzanie do -15\u00b0C A++ CU-2TZ50TBE; kW 1,5-5,4","isPartOf":{"@id":"https:\/\/www.fabrykachlodu.pl\/sklep\/#website"},"datePublished":"2023-05-16T07:01:58+00:00","dateModified":"2023-05-16T07:02:43+00:00","description":"AGREGATY FREE MULTI TZ - R32 \/ Ch\u0142odzenie do -10\u00b0C, Grzanie do -15\u00b0C A++ CU-2TZ50TBE; kW 1,5-5,4","breadcrumb":{"@id":"https:\/\/www.fabrykachlodu.pl\/sklep\/produkt\/agregaty-free-multi-tz-r32-chlodzenie-do-10c-grzanie-do-15c-a-cu-2tz50tbe-kw-15-54\/#breadcrumb"},"inLanguage":"pl-PL","potentialAction":[{"@type":"ReadAction","target":["https:\/\/www.fabrykachlodu.pl\/sklep\/produkt\/agregaty-free-multi-tz-r32-chlodzenie-do-10c-grzanie-do-15c-a-cu-2tz50tbe-kw-15-54\/"]}]},{"@type":"BreadcrumbList","@id":"https:\/\/www.fabrykachlodu.pl\/sklep\/produkt\/agregaty-free-multi-tz-r32-chlodzenie-do-10c-grzanie-do-15c-a-cu-2tz50tbe-kw-15-54\/#breadcrumb","itemListElement":[{"@type":"ListItem","position":1,"name":"Strona g\u0142\u00f3wna","item":"https:\/\/www.fabrykachlodu.pl\/sklep\/"},{"@type":"ListItem","position":2,"name":"Szukasz klimatzyacji biurowej sklepowej lub do mieszkania?","item":"https:\/\/www.fabrykachlodu.pl\/sklep\/"},{"@type":"ListItem","position":3,"name":"PRODUKTY ARCHIWALNE","item":"https:\/\/www.fabrykachlodu.pl\/sklep\/product-category\/produkty-archiwalne\/"},{"@type":"ListItem","position":4,"name":"AGREGATY FREE MULTI TZ &#8211; R32 \/ Ch\u0142odzenie do -10\u00b0C, Grzanie do -15\u00b0C A++ CU-2TZ50TBE; kW 1,5-5,4"}]},{"@type":"WebSite","@id":"https:\/\/www.fabrykachlodu.pl\/sklep\/#website","url":"https:\/\/www.fabrykachlodu.pl\/sklep\/","name":"\u00b0FC Sklep Internetowy monta\u017c klimatyzacji pomp ciep\u0142a","description":"\u00b0FC monta\u017c klimatyzacji pomp ciep\u0142a z nami to szybki i tani wyb\u00f3r.  Us\u0142ugi monta\u017cowe i serwisowe W Warszawie i okolicach..","potentialAction":[{"@type":"SearchAction","target":{"@type":"EntryPoint","urlTemplate":"https:\/\/www.fabrykachlodu.pl\/sklep\/?s={search_term_string}"},"query-input":"required name=search_term_string"}],"inLanguage":"pl-PL"}]}},"_links":{"self":[{"href":"https:\/\/www.fabrykachlodu.pl\/sklep\/wp-json\/wp\/v2\/product\/91130"}],"collection":[{"href":"https:\/\/www.fabrykachlodu.pl\/sklep\/wp-json\/wp\/v2\/product"}],"about":[{"href":"https:\/\/www.fabrykachlodu.pl\/sklep\/wp-json\/wp\/v2\/types\/product"}],"wp:featuredmedia":[{"embeddable":true,"href":"https:\/\/www.fabrykachlodu.pl\/sklep\/wp-json\/wp\/v2\/media\/89980"}],"wp:attachment":[{"href":"https:\/\/www.fabrykachlodu.pl\/sklep\/wp-json\/wp\/v2\/media?parent=91130"}],"wp:term":[{"taxonomy":"product_cat","embeddable":true,"href":"https:\/\/www.fabrykachlodu.pl\/sklep\/wp-json\/wp\/v2\/product_cat?post=91130"},{"taxonomy":"product_tag","embeddable":true,"href":"https:\/\/www.fabrykachlodu.pl\/sklep\/wp-json\/wp\/v2\/product_tag?post=91130"}],"curies":[{"name":"wp","href":"https:\/\/api.w.org\/{rel}","templated":true}]}}