{"id":91154,"date":"2023-05-16T09:02:05","date_gmt":"2023-05-16T07:02:05","guid":{"rendered":"https:\/\/www.fabrykachlodu.pl\/sklep\/?post_type=product&#038;p=91154"},"modified":"2023-05-16T09:02:19","modified_gmt":"2023-05-16T07:02:19","slug":"seria-kompaktowa-fz-inverter-biala-filtr-pm25-r32-chlodzenie-do-10c-grzanie-do-15c-a-kit-fz50wke-kw-098-54","status":"publish","type":"product","link":"https:\/\/www.fabrykachlodu.pl\/sklep\/produkt\/seria-kompaktowa-fz-inverter-biala-filtr-pm25-r32-chlodzenie-do-10c-grzanie-do-15c-a-kit-fz50wke-kw-098-54\/","title":{"rendered":"SERIA KOMPAKTOWA FZ INVERTER*- BIA\u0141A &#8211; Filtr PM2,5 &#8211; R32 \/ Ch\u0142odzenie do -10\u00b0C, Grzanie do -15\u00b0C A++ KIT-FZ50WKE; kW 0,98-5,4"},"content":{"rendered":"","protected":false},"excerpt":{"rendered":"<p><span style=\"color: #000000;\"><strong>Najwa\u017cniejsze zalety<\/strong><\/span>[dt_list style=\"1\" bullet_position=\"middle\" dividers=\"true\"][dt_list style=\"1\" bullet_position=\"middle\" dividers=\"true\"][dt_list_item image=\"\"]Filtr pm 2.5[\/dt_list_item][dt_list_item image=\"\"]Wlan ready (obs\u0142uga poprzez wifi za pomoc\u0105 smartfona)[\/dt_list_item][dt_list_item image=\"\"]Klasa energetyczna a++[\/dt_list_item][dt_list_item image=\"\"]Zakresy pracy (temp. zewn\u0119trzna): ch\u0142odzenie -10o do 45o c, grzanie -15o do 24o c[\/dt_list_item][\/dt_list]<\/p>\n","protected":false},"featured_media":89932,"template":"","meta":[],"product_cat":[7172,401,189],"product_tag":[6387,7173],"yoast_head":"<!-- This site is optimized with the Yoast SEO plugin v22.1 - https:\/\/yoast.com\/wordpress\/plugins\/seo\/ -->\n<title>SERIA KOMPAKTOWA FZ INVERTER*- BIA\u0141A - Filtr PM2,5 - R32 \/ Ch\u0142odzenie do -10\u00b0C, Grzanie do -15\u00b0C A++ KIT-FZ50WKE; kW 0,98-5,4<\/title>\n<meta name=\"description\" content=\"SERIA KOMPAKTOWA FZ INVERTER*- BIA\u0141A - Filtr PM2,5 - R32 \/ Ch\u0142odzenie do -10\u00b0C, Grzanie do -15\u00b0C A++ KIT-FZ50WKE; kW 0,98-5,4\" \/>\n<meta name=\"robots\" content=\"index, follow, max-snippet:-1, max-image-preview:large, max-video-preview:-1\" \/>\n<link rel=\"canonical\" href=\"https:\/\/www.fabrykachlodu.pl\/sklep\/produkt\/seria-kompaktowa-fz-inverter-biala-filtr-pm25-r32-chlodzenie-do-10c-grzanie-do-15c-a-kit-fz50wke-kw-098-54\/\" \/>\n<script type=\"application\/ld+json\" class=\"yoast-schema-graph\">{\"@context\":\"https:\/\/schema.org\",\"@graph\":[{\"@type\":\"WebPage\",\"@id\":\"https:\/\/www.fabrykachlodu.pl\/sklep\/produkt\/seria-kompaktowa-fz-inverter-biala-filtr-pm25-r32-chlodzenie-do-10c-grzanie-do-15c-a-kit-fz50wke-kw-098-54\/\",\"url\":\"https:\/\/www.fabrykachlodu.pl\/sklep\/produkt\/seria-kompaktowa-fz-inverter-biala-filtr-pm25-r32-chlodzenie-do-10c-grzanie-do-15c-a-kit-fz50wke-kw-098-54\/\",\"name\":\"SERIA KOMPAKTOWA FZ INVERTER*- BIA\u0141A - Filtr PM2,5 - R32 \/ Ch\u0142odzenie do -10\u00b0C, Grzanie do -15\u00b0C A++ KIT-FZ50WKE; kW 0,98-5,4\",\"isPartOf\":{\"@id\":\"https:\/\/www.fabrykachlodu.pl\/sklep\/#website\"},\"datePublished\":\"2023-05-16T07:02:05+00:00\",\"dateModified\":\"2023-05-16T07:02:19+00:00\",\"description\":\"SERIA KOMPAKTOWA FZ INVERTER*- BIA\u0141A - Filtr PM2,5 - R32 \/ Ch\u0142odzenie do -10\u00b0C, Grzanie do -15\u00b0C A++ KIT-FZ50WKE; kW 0,98-5,4\",\"breadcrumb\":{\"@id\":\"https:\/\/www.fabrykachlodu.pl\/sklep\/produkt\/seria-kompaktowa-fz-inverter-biala-filtr-pm25-r32-chlodzenie-do-10c-grzanie-do-15c-a-kit-fz50wke-kw-098-54\/#breadcrumb\"},\"inLanguage\":\"pl-PL\",\"potentialAction\":[{\"@type\":\"ReadAction\",\"target\":[\"https:\/\/www.fabrykachlodu.pl\/sklep\/produkt\/seria-kompaktowa-fz-inverter-biala-filtr-pm25-r32-chlodzenie-do-10c-grzanie-do-15c-a-kit-fz50wke-kw-098-54\/\"]}]},{\"@type\":\"BreadcrumbList\",\"@id\":\"https:\/\/www.fabrykachlodu.pl\/sklep\/produkt\/seria-kompaktowa-fz-inverter-biala-filtr-pm25-r32-chlodzenie-do-10c-grzanie-do-15c-a-kit-fz50wke-kw-098-54\/#breadcrumb\",\"itemListElement\":[{\"@type\":\"ListItem\",\"position\":1,\"name\":\"Strona g\u0142\u00f3wna\",\"item\":\"https:\/\/www.fabrykachlodu.pl\/sklep\/\"},{\"@type\":\"ListItem\",\"position\":2,\"name\":\"Szukasz klimatzyacji biurowej sklepowej lub do mieszkania?\",\"item\":\"https:\/\/www.fabrykachlodu.pl\/sklep\/\"},{\"@type\":\"ListItem\",\"position\":3,\"name\":\"SERIA KOMPAKTOWA FZ INVERTER*- BIA\u0141A &#8211; Filtr PM2,5 &#8211; R32 \/ Ch\u0142odzenie do -10\u00b0C, Grzanie do -15\u00b0C A++ KIT-FZ50WKE; kW 0,98-5,4\"}]},{\"@type\":\"WebSite\",\"@id\":\"https:\/\/www.fabrykachlodu.pl\/sklep\/#website\",\"url\":\"https:\/\/www.fabrykachlodu.pl\/sklep\/\",\"name\":\"\u00b0FC Sklep Internetowy monta\u017c klimatyzacji pomp ciep\u0142a\",\"description\":\"\u00b0FC monta\u017c klimatyzacji pomp ciep\u0142a z nami to szybki i tani wyb\u00f3r.  Us\u0142ugi monta\u017cowe i serwisowe W Warszawie i okolicach..\",\"potentialAction\":[{\"@type\":\"SearchAction\",\"target\":{\"@type\":\"EntryPoint\",\"urlTemplate\":\"https:\/\/www.fabrykachlodu.pl\/sklep\/?s={search_term_string}\"},\"query-input\":\"required name=search_term_string\"}],\"inLanguage\":\"pl-PL\"}]}<\/script>\n<!-- \/ Yoast SEO plugin. -->","yoast_head_json":{"title":"SERIA KOMPAKTOWA FZ INVERTER*- BIA\u0141A - Filtr PM2,5 - R32 \/ Ch\u0142odzenie do -10\u00b0C, Grzanie do -15\u00b0C A++ KIT-FZ50WKE; kW 0,98-5,4","description":"SERIA KOMPAKTOWA FZ INVERTER*- BIA\u0141A - Filtr PM2,5 - R32 \/ Ch\u0142odzenie do -10\u00b0C, Grzanie do -15\u00b0C A++ KIT-FZ50WKE; kW 0,98-5,4","robots":{"index":"index","follow":"follow","max-snippet":"max-snippet:-1","max-image-preview":"max-image-preview:large","max-video-preview":"max-video-preview:-1"},"canonical":"https:\/\/www.fabrykachlodu.pl\/sklep\/produkt\/seria-kompaktowa-fz-inverter-biala-filtr-pm25-r32-chlodzenie-do-10c-grzanie-do-15c-a-kit-fz50wke-kw-098-54\/","schema":{"@context":"https:\/\/schema.org","@graph":[{"@type":"WebPage","@id":"https:\/\/www.fabrykachlodu.pl\/sklep\/produkt\/seria-kompaktowa-fz-inverter-biala-filtr-pm25-r32-chlodzenie-do-10c-grzanie-do-15c-a-kit-fz50wke-kw-098-54\/","url":"https:\/\/www.fabrykachlodu.pl\/sklep\/produkt\/seria-kompaktowa-fz-inverter-biala-filtr-pm25-r32-chlodzenie-do-10c-grzanie-do-15c-a-kit-fz50wke-kw-098-54\/","name":"SERIA KOMPAKTOWA FZ INVERTER*- BIA\u0141A - Filtr PM2,5 - R32 \/ Ch\u0142odzenie do -10\u00b0C, Grzanie do -15\u00b0C A++ KIT-FZ50WKE; kW 0,98-5,4","isPartOf":{"@id":"https:\/\/www.fabrykachlodu.pl\/sklep\/#website"},"datePublished":"2023-05-16T07:02:05+00:00","dateModified":"2023-05-16T07:02:19+00:00","description":"SERIA KOMPAKTOWA FZ INVERTER*- BIA\u0141A - Filtr PM2,5 - R32 \/ Ch\u0142odzenie do -10\u00b0C, Grzanie do -15\u00b0C A++ KIT-FZ50WKE; kW 0,98-5,4","breadcrumb":{"@id":"https:\/\/www.fabrykachlodu.pl\/sklep\/produkt\/seria-kompaktowa-fz-inverter-biala-filtr-pm25-r32-chlodzenie-do-10c-grzanie-do-15c-a-kit-fz50wke-kw-098-54\/#breadcrumb"},"inLanguage":"pl-PL","potentialAction":[{"@type":"ReadAction","target":["https:\/\/www.fabrykachlodu.pl\/sklep\/produkt\/seria-kompaktowa-fz-inverter-biala-filtr-pm25-r32-chlodzenie-do-10c-grzanie-do-15c-a-kit-fz50wke-kw-098-54\/"]}]},{"@type":"BreadcrumbList","@id":"https:\/\/www.fabrykachlodu.pl\/sklep\/produkt\/seria-kompaktowa-fz-inverter-biala-filtr-pm25-r32-chlodzenie-do-10c-grzanie-do-15c-a-kit-fz50wke-kw-098-54\/#breadcrumb","itemListElement":[{"@type":"ListItem","position":1,"name":"Strona g\u0142\u00f3wna","item":"https:\/\/www.fabrykachlodu.pl\/sklep\/"},{"@type":"ListItem","position":2,"name":"Szukasz klimatzyacji biurowej sklepowej lub do mieszkania?","item":"https:\/\/www.fabrykachlodu.pl\/sklep\/"},{"@type":"ListItem","position":3,"name":"SERIA KOMPAKTOWA FZ INVERTER*- BIA\u0141A &#8211; Filtr PM2,5 &#8211; R32 \/ Ch\u0142odzenie do -10\u00b0C, Grzanie do -15\u00b0C A++ KIT-FZ50WKE; kW 0,98-5,4"}]},{"@type":"WebSite","@id":"https:\/\/www.fabrykachlodu.pl\/sklep\/#website","url":"https:\/\/www.fabrykachlodu.pl\/sklep\/","name":"\u00b0FC Sklep Internetowy monta\u017c klimatyzacji pomp ciep\u0142a","description":"\u00b0FC monta\u017c klimatyzacji pomp ciep\u0142a z nami to szybki i tani wyb\u00f3r.  Us\u0142ugi monta\u017cowe i serwisowe W Warszawie i okolicach..","potentialAction":[{"@type":"SearchAction","target":{"@type":"EntryPoint","urlTemplate":"https:\/\/www.fabrykachlodu.pl\/sklep\/?s={search_term_string}"},"query-input":"required name=search_term_string"}],"inLanguage":"pl-PL"}]}},"_links":{"self":[{"href":"https:\/\/www.fabrykachlodu.pl\/sklep\/wp-json\/wp\/v2\/product\/91154"}],"collection":[{"href":"https:\/\/www.fabrykachlodu.pl\/sklep\/wp-json\/wp\/v2\/product"}],"about":[{"href":"https:\/\/www.fabrykachlodu.pl\/sklep\/wp-json\/wp\/v2\/types\/product"}],"wp:featuredmedia":[{"embeddable":true,"href":"https:\/\/www.fabrykachlodu.pl\/sklep\/wp-json\/wp\/v2\/media\/89932"}],"wp:attachment":[{"href":"https:\/\/www.fabrykachlodu.pl\/sklep\/wp-json\/wp\/v2\/media?parent=91154"}],"wp:term":[{"taxonomy":"product_cat","embeddable":true,"href":"https:\/\/www.fabrykachlodu.pl\/sklep\/wp-json\/wp\/v2\/product_cat?post=91154"},{"taxonomy":"product_tag","embeddable":true,"href":"https:\/\/www.fabrykachlodu.pl\/sklep\/wp-json\/wp\/v2\/product_tag?post=91154"}],"curies":[{"name":"wp","href":"https:\/\/api.w.org\/{rel}","templated":true}]}}