{"id":91194,"date":"2023-05-16T09:02:25","date_gmt":"2023-05-16T07:02:25","guid":{"rendered":"https:\/\/www.fabrykachlodu.pl\/sklep\/?post_type=product&#038;p=91194"},"modified":"2023-05-16T09:02:32","modified_gmt":"2023-05-16T07:02:32","slug":"tkea-inverter-dla-pomieszczen-technicznych-i-malych-serwerowni-r32-chlodzenie-do-20c-grzanie-do-15c-a-kit-z25tkea-kw-085-30","status":"publish","type":"product","link":"https:\/\/www.fabrykachlodu.pl\/sklep\/produkt\/tkea-inverter-dla-pomieszczen-technicznych-i-malych-serwerowni-r32-chlodzenie-do-20c-grzanie-do-15c-a-kit-z25tkea-kw-085-30\/","title":{"rendered":"TKEA INVERTER DLA POMIESZCZE\u0143 TECHNICZNYCH I MA\u0141YCH SERWEROWNI* &#8211; R32 \/ Ch\u0142odzenie do -20\u00b0C, Grzanie do -15\u00b0C A+++ KIT-Z25TKEA; kW 0,85-3,0"},"content":{"rendered":"","protected":false},"excerpt":{"rendered":"<p><span style=\"color: #000000;\"><strong>Najwa\u017cniejsze zalety<\/strong><\/span>[dt_list style=\"1\" bullet_position=\"middle\" dividers=\"true\"][dt_list style=\"1\" bullet_position=\"middle\" dividers=\"true\"][dt_list_item image=\"\"]Przeznaczone do pracy ci\u0105g\u0142ej[\/dt_list_item][dt_list_item image=\"\"]Klasa energetyczna nawet A+++ w trybie ch\u0142odzenia[\/dt_list_item][dt_list_item image=\"\"]Wysoka sprawno\u015b\u0107 nawet w temperaturze -20\u00b0C[\/dt_list_item][dt_list_item image=\"\"]Dodatkowe czujniki zapobiegaj\u0105ce zamarzaniu czynnika ciek\u0142ego w orurowaniu[\/dt_list_item][\/dt_list]<\/p>\n","protected":false},"featured_media":89983,"template":"","meta":[],"product_cat":[7172,401,189],"product_tag":[6387,7173],"yoast_head":"<!-- This site is optimized with the Yoast SEO plugin v22.1 - https:\/\/yoast.com\/wordpress\/plugins\/seo\/ -->\n<title>TKEA INVERTER DLA POMIESZCZE\u0143 TECHNICZNYCH I MA\u0141YCH SERWEROWNI* - R32 \/ Ch\u0142odzenie do -20\u00b0C, Grzanie do -15\u00b0C A+++ KIT-Z25TKEA; kW 0,85-3,0<\/title>\n<meta name=\"description\" content=\"TKEA INVERTER DLA POMIESZCZE\u0143 TECHNICZNYCH I MA\u0141YCH SERWEROWNI* - R32 \/ Ch\u0142odzenie do -20\u00b0C, Grzanie do -15\u00b0C A+++ KIT-Z25TKEA; kW 0,85-3,0\" \/>\n<meta name=\"robots\" content=\"index, nofollow, max-snippet:-1, max-image-preview:large, max-video-preview:-1, noarchive\" \/>\n<link rel=\"canonical\" href=\"https:\/\/www.fabrykachlodu.pl\/sklep\/produkt\/tkea-inverter-dla-pomieszczen-technicznych-i-malych-serwerowni-r32-chlodzenie-do-20c-grzanie-do-15c-a-kit-z25tkea-kw-085-30\/\" \/>\n<script type=\"application\/ld+json\" class=\"yoast-schema-graph\">{\"@context\":\"https:\/\/schema.org\",\"@graph\":[{\"@type\":\"WebPage\",\"@id\":\"https:\/\/www.fabrykachlodu.pl\/sklep\/produkt\/tkea-inverter-dla-pomieszczen-technicznych-i-malych-serwerowni-r32-chlodzenie-do-20c-grzanie-do-15c-a-kit-z25tkea-kw-085-30\/\",\"url\":\"https:\/\/www.fabrykachlodu.pl\/sklep\/produkt\/tkea-inverter-dla-pomieszczen-technicznych-i-malych-serwerowni-r32-chlodzenie-do-20c-grzanie-do-15c-a-kit-z25tkea-kw-085-30\/\",\"name\":\"TKEA INVERTER DLA POMIESZCZE\u0143 TECHNICZNYCH I MA\u0141YCH SERWEROWNI* - R32 \/ Ch\u0142odzenie do -20\u00b0C, Grzanie do -15\u00b0C A+++ KIT-Z25TKEA; kW 0,85-3,0\",\"isPartOf\":{\"@id\":\"https:\/\/www.fabrykachlodu.pl\/sklep\/#website\"},\"datePublished\":\"2023-05-16T07:02:25+00:00\",\"dateModified\":\"2023-05-16T07:02:32+00:00\",\"description\":\"TKEA INVERTER DLA POMIESZCZE\u0143 TECHNICZNYCH I MA\u0141YCH SERWEROWNI* - R32 \/ Ch\u0142odzenie do -20\u00b0C, Grzanie do -15\u00b0C A+++ KIT-Z25TKEA; kW 0,85-3,0\",\"breadcrumb\":{\"@id\":\"https:\/\/www.fabrykachlodu.pl\/sklep\/produkt\/tkea-inverter-dla-pomieszczen-technicznych-i-malych-serwerowni-r32-chlodzenie-do-20c-grzanie-do-15c-a-kit-z25tkea-kw-085-30\/#breadcrumb\"},\"inLanguage\":\"pl-PL\",\"potentialAction\":[{\"@type\":\"ReadAction\",\"target\":[\"https:\/\/www.fabrykachlodu.pl\/sklep\/produkt\/tkea-inverter-dla-pomieszczen-technicznych-i-malych-serwerowni-r32-chlodzenie-do-20c-grzanie-do-15c-a-kit-z25tkea-kw-085-30\/\"]}]},{\"@type\":\"BreadcrumbList\",\"@id\":\"https:\/\/www.fabrykachlodu.pl\/sklep\/produkt\/tkea-inverter-dla-pomieszczen-technicznych-i-malych-serwerowni-r32-chlodzenie-do-20c-grzanie-do-15c-a-kit-z25tkea-kw-085-30\/#breadcrumb\",\"itemListElement\":[{\"@type\":\"ListItem\",\"position\":1,\"name\":\"Strona g\u0142\u00f3wna\",\"item\":\"https:\/\/www.fabrykachlodu.pl\/sklep\/\"},{\"@type\":\"ListItem\",\"position\":2,\"name\":\"Szukasz klimatzyacji biurowej sklepowej lub do mieszkania?\",\"item\":\"https:\/\/www.fabrykachlodu.pl\/sklep\/\"},{\"@type\":\"ListItem\",\"position\":3,\"name\":\"TKEA INVERTER DLA POMIESZCZE\u0143 TECHNICZNYCH I MA\u0141YCH SERWEROWNI* &#8211; R32 \/ Ch\u0142odzenie do -20\u00b0C, Grzanie do -15\u00b0C A+++ KIT-Z25TKEA; kW 0,85-3,0\"}]},{\"@type\":\"WebSite\",\"@id\":\"https:\/\/www.fabrykachlodu.pl\/sklep\/#website\",\"url\":\"https:\/\/www.fabrykachlodu.pl\/sklep\/\",\"name\":\"\u00b0FC Sklep Internetowy monta\u017c klimatyzacji pomp ciep\u0142a\",\"description\":\"\u00b0FC monta\u017c klimatyzacji pomp ciep\u0142a z nami to szybki i tani wyb\u00f3r.  Us\u0142ugi monta\u017cowe i serwisowe W Warszawie i okolicach..\",\"potentialAction\":[{\"@type\":\"SearchAction\",\"target\":{\"@type\":\"EntryPoint\",\"urlTemplate\":\"https:\/\/www.fabrykachlodu.pl\/sklep\/?s={search_term_string}\"},\"query-input\":\"required name=search_term_string\"}],\"inLanguage\":\"pl-PL\"}]}<\/script>\n<!-- \/ Yoast SEO plugin. -->","yoast_head_json":{"title":"TKEA INVERTER DLA POMIESZCZE\u0143 TECHNICZNYCH I MA\u0141YCH SERWEROWNI* - R32 \/ Ch\u0142odzenie do -20\u00b0C, Grzanie do -15\u00b0C A+++ KIT-Z25TKEA; kW 0,85-3,0","description":"TKEA INVERTER DLA POMIESZCZE\u0143 TECHNICZNYCH I MA\u0141YCH SERWEROWNI* - R32 \/ Ch\u0142odzenie do -20\u00b0C, Grzanie do -15\u00b0C A+++ KIT-Z25TKEA; kW 0,85-3,0","robots":{"index":"index","follow":"nofollow","max-snippet":"max-snippet:-1","max-image-preview":"max-image-preview:large","max-video-preview":"max-video-preview:-1","archive":"noarchive"},"canonical":"https:\/\/www.fabrykachlodu.pl\/sklep\/produkt\/tkea-inverter-dla-pomieszczen-technicznych-i-malych-serwerowni-r32-chlodzenie-do-20c-grzanie-do-15c-a-kit-z25tkea-kw-085-30\/","schema":{"@context":"https:\/\/schema.org","@graph":[{"@type":"WebPage","@id":"https:\/\/www.fabrykachlodu.pl\/sklep\/produkt\/tkea-inverter-dla-pomieszczen-technicznych-i-malych-serwerowni-r32-chlodzenie-do-20c-grzanie-do-15c-a-kit-z25tkea-kw-085-30\/","url":"https:\/\/www.fabrykachlodu.pl\/sklep\/produkt\/tkea-inverter-dla-pomieszczen-technicznych-i-malych-serwerowni-r32-chlodzenie-do-20c-grzanie-do-15c-a-kit-z25tkea-kw-085-30\/","name":"TKEA INVERTER DLA POMIESZCZE\u0143 TECHNICZNYCH I MA\u0141YCH SERWEROWNI* - R32 \/ Ch\u0142odzenie do -20\u00b0C, Grzanie do -15\u00b0C A+++ KIT-Z25TKEA; kW 0,85-3,0","isPartOf":{"@id":"https:\/\/www.fabrykachlodu.pl\/sklep\/#website"},"datePublished":"2023-05-16T07:02:25+00:00","dateModified":"2023-05-16T07:02:32+00:00","description":"TKEA INVERTER DLA POMIESZCZE\u0143 TECHNICZNYCH I MA\u0141YCH SERWEROWNI* - R32 \/ Ch\u0142odzenie do -20\u00b0C, Grzanie do -15\u00b0C A+++ KIT-Z25TKEA; kW 0,85-3,0","breadcrumb":{"@id":"https:\/\/www.fabrykachlodu.pl\/sklep\/produkt\/tkea-inverter-dla-pomieszczen-technicznych-i-malych-serwerowni-r32-chlodzenie-do-20c-grzanie-do-15c-a-kit-z25tkea-kw-085-30\/#breadcrumb"},"inLanguage":"pl-PL","potentialAction":[{"@type":"ReadAction","target":["https:\/\/www.fabrykachlodu.pl\/sklep\/produkt\/tkea-inverter-dla-pomieszczen-technicznych-i-malych-serwerowni-r32-chlodzenie-do-20c-grzanie-do-15c-a-kit-z25tkea-kw-085-30\/"]}]},{"@type":"BreadcrumbList","@id":"https:\/\/www.fabrykachlodu.pl\/sklep\/produkt\/tkea-inverter-dla-pomieszczen-technicznych-i-malych-serwerowni-r32-chlodzenie-do-20c-grzanie-do-15c-a-kit-z25tkea-kw-085-30\/#breadcrumb","itemListElement":[{"@type":"ListItem","position":1,"name":"Strona g\u0142\u00f3wna","item":"https:\/\/www.fabrykachlodu.pl\/sklep\/"},{"@type":"ListItem","position":2,"name":"Szukasz klimatzyacji biurowej sklepowej lub do mieszkania?","item":"https:\/\/www.fabrykachlodu.pl\/sklep\/"},{"@type":"ListItem","position":3,"name":"TKEA INVERTER DLA POMIESZCZE\u0143 TECHNICZNYCH I MA\u0141YCH SERWEROWNI* &#8211; R32 \/ Ch\u0142odzenie do -20\u00b0C, Grzanie do -15\u00b0C A+++ KIT-Z25TKEA; kW 0,85-3,0"}]},{"@type":"WebSite","@id":"https:\/\/www.fabrykachlodu.pl\/sklep\/#website","url":"https:\/\/www.fabrykachlodu.pl\/sklep\/","name":"\u00b0FC Sklep Internetowy monta\u017c klimatyzacji pomp ciep\u0142a","description":"\u00b0FC monta\u017c klimatyzacji pomp ciep\u0142a z nami to szybki i tani wyb\u00f3r.  Us\u0142ugi monta\u017cowe i serwisowe W Warszawie i okolicach..","potentialAction":[{"@type":"SearchAction","target":{"@type":"EntryPoint","urlTemplate":"https:\/\/www.fabrykachlodu.pl\/sklep\/?s={search_term_string}"},"query-input":"required name=search_term_string"}],"inLanguage":"pl-PL"}]}},"_links":{"self":[{"href":"https:\/\/www.fabrykachlodu.pl\/sklep\/wp-json\/wp\/v2\/product\/91194"}],"collection":[{"href":"https:\/\/www.fabrykachlodu.pl\/sklep\/wp-json\/wp\/v2\/product"}],"about":[{"href":"https:\/\/www.fabrykachlodu.pl\/sklep\/wp-json\/wp\/v2\/types\/product"}],"wp:featuredmedia":[{"embeddable":true,"href":"https:\/\/www.fabrykachlodu.pl\/sklep\/wp-json\/wp\/v2\/media\/89983"}],"wp:attachment":[{"href":"https:\/\/www.fabrykachlodu.pl\/sklep\/wp-json\/wp\/v2\/media?parent=91194"}],"wp:term":[{"taxonomy":"product_cat","embeddable":true,"href":"https:\/\/www.fabrykachlodu.pl\/sklep\/wp-json\/wp\/v2\/product_cat?post=91194"},{"taxonomy":"product_tag","embeddable":true,"href":"https:\/\/www.fabrykachlodu.pl\/sklep\/wp-json\/wp\/v2\/product_tag?post=91194"}],"curies":[{"name":"wp","href":"https:\/\/api.w.org\/{rel}","templated":true}]}}