{"id":91199,"date":"2023-05-16T09:02:26","date_gmt":"2023-05-16T07:02:26","guid":{"rendered":"https:\/\/www.fabrykachlodu.pl\/sklep\/?post_type=product&#038;p=91199"},"modified":"2023-05-16T09:02:34","modified_gmt":"2023-05-16T07:02:34","slug":"ykea-inverter-dla-pomieszczen-technicznych-i-malych-serwerowni-r32-chlodzenie-do-25c-grzanie-do-15c-a-kit-z25ykea-kw-2-5","status":"publish","type":"product","link":"https:\/\/www.fabrykachlodu.pl\/sklep\/produkt\/ykea-inverter-dla-pomieszczen-technicznych-i-malych-serwerowni-r32-chlodzenie-do-25c-grzanie-do-15c-a-kit-z25ykea-kw-2-5\/","title":{"rendered":"YKEA INVERTER DLA POMIESZCZE\u0143 TECHNICZNYCH I MA\u0141YCH SERWEROWNI &#8211; R32 \/ Ch\u0142odzenie do -25\u00b0C, Grzanie do -15\u00b0C A+++ KIT-Z25YKEA; kW 2.5"},"content":{"rendered":"<br \/>\n<h2>Zam\u00f3wienie dotyczy: YKEA INVERTER DLA POMIESZCZE\u0143 TECHNICZNYCH I MA\u0141YCH SERWEROWNI &#8211; R32 \/ Ch\u0142odzenie do -25\u00b0C, Grzanie do -15\u00b0C A+++ KIT-Z25YKEA; kW 2.5Wydajno\u015b\u0107 ch\u0142odnicza (kW) 2.5 Wydajno\u015b\u0107 grzewcza (kW) 3.3 Klasa efektywno\u015bci energetycznej SEER SCOP A+++ <\/h2>\n<p><h3><strong>W jednym miejscu poznasz:<\/strong><\/h3>\n<p> Najwa\u017cniejsze funkcje<br \/> Por\u00f3wnasz produkty<br \/> Poznasz parametry techniczne<br \/> Poznasz cen\u0119 i zrealizujesz zam\u00f3wienie<br \/> Otrzymasz ofert\u0119 zakupu ratalnego lub leasingu<br \/><strong><\/p>\n<h3>Czy wiesz, \u017ce:<\/strong><\/h3>\n<p>Zadaniem nowoczesnej klimatyzacji jest zapewnienie komfortu cieplnego w pomieszczeniu, zar\u00f3wno w\u00f3wczas gdy klimatyzatory \u015bcienne pracuj\u0105 w trybie ch\u0142odzenia, jak i grzania. Nowoczesne splity umo\u017cliwiaj\u0105 dodatkowo zachowanie r\u00f3wnowagi pomi\u0119dzy temperatur\u0105 powietrza w pomieszczeniu a stopniem jej wilgotno\u015bci. Nowoczesne klimatyzatory split posiadaj\u0105 funkcj\u0119 oczyszczania powietrza, dzi\u0119ki czemu powietrze, kt\u00f3rym oddychamy jest wolne od kurzu, szkodliwych drobnoustroj\u00f3w oraz innych zanieczyszcze\u0144 i cz\u0105steczek zapachowych.<strong><\/p>\n<h3>Zlecaj\u0105c nam monta\u017c otrzymasz:<\/strong><\/h3>\n<p> YKEA INVERTER DLA POMIESZCZE\u0143 TECHNICZNYCH I MA\u0141YCH SERWEROWNI &#8211; R32 \/ Ch\u0142odzenie do -25\u00b0C, Grzanie do -15\u00b0C A+++ KIT-Z25YKEA; kW 2.5 z rabatem kupuj\u0105c w naszym sklepie online lub wybieraj\u0105c monta\u017c <br \/> Gwarancje <br \/> Kompletne pod\u0142\u0105czenie elektryczne oraz hydrauliczne<br \/>YKEA INVERTER DLA POMIESZCZE\u0143 TECHNICZNYCH I MA\u0141YCH SERWEROWNI &#8211; R32 \/ Ch\u0142odzenie do -25\u00b0C, Grzanie do -15\u00b0C A+++ KIT-Z25YKEA; kW 2.5 z rabatem kupuj\u0105c w naszym sklepie online lub wybieraj\u0105c monta\u017c <br \/> Gwarancje <br \/> Kompletne pod\u0142\u0105czenie elektryczne oraz hydrauliczne<br \/>0<\/p>\n<table class=\"lineup-specifications-table\">\n<thead>\n<tr>\n<th colspan=\"3\" style=\"width: 50%;\">Jednostki \u015bcienne Professional Inverter -25\u00b0C \u00b7R32<\/th>\n<th class=\"text-center\">1-FAZOWE<\/th>\n<\/tr>\n<tr>\n<th colspan=\"3\"><\/th>\n<th class=\"text-center\" data-id=\"62080\">3.50 kW<\/th>\n<\/tr>\n<\/thead>\n<tbody>\n<tr style=\"background-color: rgb(236, 236, 236);\">\n<td colspan=\"3\">Kit<\/td>\n<td class=\"text-center\">KIT-Z35-YKEA<\/td>\n<\/tr>\n<tr style=\"background-color: rgb(220, 241, 247);\">\n<td colspan=\"2\">Cooling capacity (Nominal)<\/td>\n<td>kW<\/td>\n<td class=\"text-center\">3,50<\/td>\n<\/tr>\n<tr style=\"background-color: rgb(220, 241, 247);\">\n<td colspan=\"2\">Cooling capacity (Min)<\/td>\n<td>kW<\/td>\n<td class=\"text-center\">0,85<\/td>\n<\/tr>\n<tr style=\"background-color: rgb(220, 241, 247);\">\n<td colspan=\"2\">Cooling capacity (Max)<\/td>\n<td>kW<\/td>\n<td class=\"text-center\">4,20<\/td>\n<\/tr>\n<tr style=\"background-color: rgb(220, 241, 247);\">\n<td colspan=\"2\">EER (Nominal) (1)<\/td>\n<td>W\/W<\/td>\n<td class=\"text-center\">4,12<\/td>\n<\/tr>\n<tr style=\"background-color: rgb(220, 241, 247);\">\n<td colspan=\"2\">EER (Min) (1)<\/td>\n<td>W\/W<\/td>\n<td class=\"text-center\">4,72<\/td>\n<\/tr>\n<tr style=\"background-color: rgb(220, 241, 247);\">\n<td colspan=\"2\">EER (Max) (1)<\/td>\n<td>W\/W<\/td>\n<td class=\"text-center\">3,68<\/td>\n<\/tr>\n<tr style=\"background-color: rgb(238, 246, 229);\">\n<td colspan=\"3\">SEER (2)<\/td>\n<td class=\"text-center\">9,6 A+++<\/td>\n<\/tr>\n<tr style=\"background-color: rgb(238, 246, 229);\">\n<td colspan=\"2\">Pdesign (cooling)<\/td>\n<td>kW<\/td>\n<td class=\"text-center\">3,50<\/td>\n<\/tr>\n<tr style=\"background-color: rgb(220, 241, 247);\">\n<td colspan=\"2\">Input power cooling (Nominal)<\/td>\n<td>kW<\/td>\n<td class=\"text-center\">0,85<\/td>\n<\/tr>\n<tr style=\"background-color: rgb(220, 241, 247);\">\n<td colspan=\"2\">Input power cooling (Min)<\/td>\n<td>kW<\/td>\n<td class=\"text-center\">0,18<\/td>\n<\/tr>\n<tr style=\"background-color: rgb(220, 241, 247);\">\n<td colspan=\"2\">Input power cooling (Max)<\/td>\n<td>kW<\/td>\n<td class=\"text-center\">1,14<\/td>\n<\/tr>\n<tr style=\"background-color: rgb(220, 241, 247);\">\n<td colspan=\"2\">Annual energy consumption cooling (3)<\/td>\n<td>kWh\/a<\/td>\n<td class=\"text-center\">128<\/td>\n<\/tr>\n<tr style=\"background-color: rgb(252, 229, 225);\">\n<td colspan=\"2\">Heating capacity (Nominal)<\/td>\n<td>kW<\/td>\n<td class=\"text-center\">4,00<\/td>\n<\/tr>\n<tr style=\"background-color: rgb(252, 229, 225);\">\n<td colspan=\"2\">Heating capacity (Min)<\/td>\n<td>kW<\/td>\n<td class=\"text-center\">0,85<\/td>\n<\/tr>\n<tr style=\"background-color: rgb(252, 229, 225);\">\n<td colspan=\"2\">Heating capacity (Max)<\/td>\n<td>kW<\/td>\n<td class=\"text-center\">5,80<\/td>\n<\/tr>\n<tr style=\"background-color: rgb(252, 229, 225);\">\n<td colspan=\"2\">Heating capacity at -7\u00b0C<\/td>\n<td>kW<\/td>\n<td class=\"text-center\">3,40<\/td>\n<\/tr>\n<tr style=\"background-color: rgb(252, 229, 225);\">\n<td colspan=\"2\">COP (Nominal) (1)<\/td>\n<td>W\/W<\/td>\n<td class=\"text-center\">4,44<\/td>\n<\/tr>\n<tr style=\"background-color: rgb(252, 229, 225);\">\n<td colspan=\"2\">COP (Min) (1)<\/td>\n<td>W\/W<\/td>\n<td class=\"text-center\">4,72<\/td>\n<\/tr>\n<tr style=\"background-color: rgb(252, 229, 225);\">\n<td colspan=\"2\">COP (Max) (1)<\/td>\n<td>W\/W<\/td>\n<td class=\"text-center\">3,87<\/td>\n<\/tr>\n<tr style=\"background-color: rgb(238, 246, 229);\">\n<td colspan=\"3\">SCOP (2)<\/td>\n<td class=\"text-center\">4,6 A++<\/td>\n<\/tr>\n<tr style=\"background-color: rgb(238, 246, 229);\">\n<td colspan=\"2\">Pdesign at -10\u00b0C<\/td>\n<td>kW<\/td>\n<td class=\"text-center\">3,20<\/td>\n<\/tr>\n<tr style=\"background-color: rgb(252, 229, 225);\">\n<td colspan=\"2\">Input power heating (Nominal)<\/td>\n<td>kW<\/td>\n<td class=\"text-center\">0,90<\/td>\n<\/tr>\n<tr style=\"background-color: rgb(252, 229, 225);\">\n<td colspan=\"2\">Input power heating (Min)<\/td>\n<td>kW<\/td>\n<td class=\"text-center\">0,18<\/td>\n<\/tr>\n<tr style=\"background-color: rgb(252, 229, 225);\">\n<td colspan=\"2\">Input power heating (Max)<\/td>\n<td>kW<\/td>\n<td class=\"text-center\">1,50<\/td>\n<\/tr>\n<tr style=\"background-color: rgb(252, 229, 225);\">\n<td colspan=\"2\">Annual energy consumption heating (3)<\/td>\n<td>kWh\/a<\/td>\n<td class=\"text-center\">974<\/td>\n<\/tr>\n<tr style=\"background-color: rgb(236, 236, 236);\">\n<td colspan=\"3\">Indoor unit<\/td>\n<td class=\"text-center\">CS-Z35YKEA<\/td>\n<\/tr>\n<tr style=\"background-color: ;\">\n<td colspan=\"2\">Indoor power source<\/td>\n<td>V<\/td>\n<td class=\"text-center\">230<\/td>\n<\/tr>\n<tr style=\"background-color: rgba(0,0,0,0);\">\n<td colspan=\"2\">Indoor recommended fuse<\/td>\n<td>A<\/td>\n<td class=\"text-center\">16<\/td>\n<\/tr>\n<tr style=\"background-color: rgba(0,0,0,0);\">\n<td colspan=\"2\">Indoor connection indoor \/ outdoor<\/td>\n<td>mm\u00b2<\/td>\n<td class=\"text-center\">4\u2009x\u20091,5<\/td>\n<\/tr>\n<tr style=\"background-color: rgba(0,0,0,0);\">\n<td colspan=\"2\">Indoor air flow (Cool)<\/td>\n<td>m\u00b3\/min<\/td>\n<td class=\"text-center\">12,7<\/td>\n<\/tr>\n<tr style=\"background-color: rgba(0,0,0,0);\">\n<td colspan=\"2\">Indoor air flow (Heat)<\/td>\n<td>m\u00b3\/min<\/td>\n<td class=\"text-center\">14,8<\/td>\n<\/tr>\n<tr style=\"background-color: rgba(0,0,0,0);\">\n<td colspan=\"2\">Moisture removal volume<\/td>\n<td>L\/h<\/td>\n<td class=\"text-center\">2,0<\/td>\n<\/tr>\n<tr style=\"background-color: ;\">\n<td colspan=\"2\">Indoor sound pressure (Cool -Hi) (4)<\/td>\n<td>dB(A)<\/td>\n<td class=\"text-center\">42<\/td>\n<\/tr>\n<tr style=\"background-color: rgba(0,0,0,0);\">\n<td colspan=\"2\">Indoor sound pressure (Cool -Lo) (4)<\/td>\n<td>dB(A)<\/td>\n<td class=\"text-center\">28<\/td>\n<\/tr>\n<tr style=\"background-color: rgba(0,0,0,0);\">\n<td colspan=\"2\">Indoor sound pressure (Cool -Q-Lo) (4)<\/td>\n<td>dB(A)<\/td>\n<td class=\"text-center\">21<\/td>\n<\/tr>\n<tr style=\"background-color: rgba(0,0,0,0);\">\n<td colspan=\"2\">Indoor sound pressure (Heat -Hi) (4)<\/td>\n<td>dB(A)<\/td>\n<td class=\"text-center\">43<\/td>\n<\/tr>\n<tr style=\"background-color: rgba(0,0,0,0);\">\n<td colspan=\"2\">Indoor sound pressure (Heat -Lo) (4)<\/td>\n<td>dB(A)<\/td>\n<td class=\"text-center\">30<\/td>\n<\/tr>\n<tr style=\"background-color: rgba(0,0,0,0);\">\n<td colspan=\"2\">Indoor sound pressure (Heat -Q-Lo) (4)<\/td>\n<td>dB(A)<\/td>\n<td class=\"text-center\">22<\/td>\n<\/tr>\n<tr style=\"background-color: ;\">\n<td colspan=\"2\">Indoor dimension (Height)<\/td>\n<td>mm<\/td>\n<td class=\"text-center\">295<\/td>\n<\/tr>\n<tr style=\"background-color: rgba(0,0,0,0);\">\n<td colspan=\"2\">Indoor dimension (Width)<\/td>\n<td>mm<\/td>\n<td class=\"text-center\">870<\/td>\n<\/tr>\n<tr style=\"background-color: rgba(0,0,0,0);\">\n<td colspan=\"2\">Indoor dimension (Depth)<\/td>\n<td>mm<\/td>\n<td class=\"text-center\">229<\/td>\n<\/tr>\n<tr style=\"background-color: ;\">\n<td colspan=\"2\">Indoor net weight<\/td>\n<td>kg<\/td>\n<td class=\"text-center\">11<\/td>\n<\/tr>\n<tr style=\"background-color: rgb(236, 236, 236);\">\n<td colspan=\"3\">Outdoor unit<\/td>\n<td class=\"text-center\">CU-Z35YKEA<\/td>\n<\/tr>\n<tr style=\"background-color: rgba(0,0,0,0);\">\n<td colspan=\"2\">Outdoor air flow (Cool)<\/td>\n<td>m\u00b3\/min<\/td>\n<td class=\"text-center\">29,8<\/td>\n<\/tr>\n<tr style=\"background-color: rgba(0,0,0,0);\">\n<td colspan=\"2\">Outdoor air flow (Heat)<\/td>\n<td>m\u00b3\/min<\/td>\n<td class=\"text-center\">29,8<\/td>\n<\/tr>\n<tr style=\"background-color: ;\">\n<td colspan=\"2\">Outdoor sound pressure (Cool -Hi) (4)<\/td>\n<td>dB(A)<\/td>\n<td class=\"text-center\">48<\/td>\n<\/tr>\n<tr style=\"background-color: rgba(0,0,0,0);\">\n<td colspan=\"2\">Outdoor sound pressure (Heat -Hi) (4)<\/td>\n<td>dB(A)<\/td>\n<td class=\"text-center\">50<\/td>\n<\/tr>\n<tr style=\"background-color: rgba(0,0,0,0);\">\n<td colspan=\"2\">Outdoor dimension (Height) (5)<\/td>\n<td>mm<\/td>\n<td class=\"text-center\">542<\/td>\n<\/tr>\n<tr style=\"background-color: rgba(0,0,0,0);\">\n<td colspan=\"2\">Outdoor dimension (Width) (5)<\/td>\n<td>mm<\/td>\n<td class=\"text-center\">780<\/td>\n<\/tr>\n<tr style=\"background-color: rgba(0,0,0,0);\">\n<td colspan=\"2\">Outdoor dimension (Depth) (5)<\/td>\n<td>mm<\/td>\n<td class=\"text-center\">289<\/td>\n<\/tr>\n<tr style=\"background-color: ;\">\n<td colspan=\"2\">Outdoor net weight<\/td>\n<td>kg<\/td>\n<td class=\"text-center\">30<\/td>\n<\/tr>\n<tr style=\"background-color: rgba(0,0,0,0);\">\n<td colspan=\"2\">Pipe diameter (Liquid)<\/td>\n<td>Inch (mm)<\/td>\n<td class=\"text-center\">1\/4 (6,35)<\/td>\n<\/tr>\n<tr style=\"background-color: rgba(0,0,0,0);\">\n<td colspan=\"2\">Pipe diameter (Gas)<\/td>\n<td>Inch (mm)<\/td>\n<td class=\"text-center\">3\/8 (9,52) <\/td>\n<\/tr>\n<tr style=\"background-color: ;\">\n<td colspan=\"2\">Pipe length range<\/td>\n<td>m<\/td>\n<td class=\"text-center\">3 ~ 20<\/td>\n<\/tr>\n<tr style=\"background-color: rgba(0,0,0,0);\">\n<td colspan=\"2\">Elevation difference (in\/out) (6)<\/td>\n<td>m<\/td>\n<td class=\"text-center\">15<\/td>\n<\/tr>\n<tr style=\"background-color: rgba(0,0,0,0);\">\n<td colspan=\"2\">Pipe length for additional gas<\/td>\n<td>m<\/td>\n<td class=\"text-center\">7,5<\/td>\n<\/tr>\n<tr style=\"background-color: rgba(0,0,0,0);\">\n<td colspan=\"2\">Additional gas amount<\/td>\n<td>g\/m<\/td>\n<td class=\"text-center\">10<\/td>\n<\/tr>\n<tr style=\"background-color: ;\">\n<td colspan=\"2\">Refrigerant (R32) \/ CO2 Eq.<\/td>\n<td>kg \/ T<\/td>\n<td class=\"text-center\">0,89\u2009\/\u20090,60<\/td>\n<\/tr>\n<tr style=\"background-color: ;\">\n<td colspan=\"2\">Operating range (Cool &#8211; Min)<\/td>\n<td>\u00b0C<\/td>\n<td class=\"text-center\">-25<\/td>\n<\/tr>\n<tr style=\"background-color: rgba(0,0,0,0);\">\n<td colspan=\"2\">Operating range (Cool &#8211; Max)<\/td>\n<td>\u00b0C<\/td>\n<td class=\"text-center\">43<\/td>\n<\/tr>\n<tr style=\"background-color: rgba(0,0,0,0);\">\n<td colspan=\"2\">Operating range (Heat &#8211; Min)<\/td>\n<td>\u00b0C<\/td>\n<td class=\"text-center\">-15<\/td>\n<\/tr>\n<tr style=\"background-color: rgba(0,0,0,0);\">\n<td colspan=\"2\">Operating range (Heat &#8211; Max)<\/td>\n<td>\u00b0C<\/td>\n<td class=\"text-center\">24<\/td>\n<\/tr>\n<\/tbody>\n<\/table>\n","protected":false},"excerpt":{"rendered":"<p><span style=\"color: #000000;\"><strong>Najwa\u017cniejsze zalety<\/strong><\/span>[dt_list style=\"1\" bullet_position=\"middle\" dividers=\"true\"][dt_list style=\"1\" bullet_position=\"middle\" dividers=\"true\"][dt_list_item image=\"\"]Poprawione wsp\u00f3\u0142czynniki SEER\/SCOP \u2013 najwy\u017csza klasa efektywno\u015bci energetycznej[\/dt_list_item][dt_list_item image=\"\"]Klasa energetyczna nawet A+++ w trybie ch\u0142odzenia[\/dt_list_item][dt_list_item image=\"\"]Wysoka sprawno\u015b\u0107 nawet w temperaturze -25\u00b0C[\/dt_list_item][dt_list_item image=\"\"]Dodatkowe czujniki zapobiegaj\u0105ce zamarzaniu czynnika ciek\u0142ego w orurowaniu[\/dt_list_item][\/dt_list]<\/p>\n","protected":false},"featured_media":89984,"template":"","meta":[],"product_cat":[7243,401,189],"product_tag":[7244,6387],"yoast_head":"<!-- This site is optimized with the Yoast SEO plugin v22.1 - https:\/\/yoast.com\/wordpress\/plugins\/seo\/ -->\n<title>YKEA INVERTER DLA POMIESZCZE\u0143 TECHNICZNYCH I MA\u0141YCH SERWEROWNI - R32 \/ Ch\u0142odzenie do -25\u00b0C, Grzanie do -15\u00b0C A+++ KIT-Z25YKEA; kW 2.5<\/title>\n<meta name=\"description\" content=\"YKEA INVERTER DLA POMIESZCZE\u0143 TECHNICZNYCH I MA\u0141YCH SERWEROWNI - R32 \/ Ch\u0142odzenie do -25\u00b0C, Grzanie do -15\u00b0C A+++ KIT-Z25YKEA; kW 2.5\" \/>\n<meta name=\"robots\" content=\"index, nofollow, max-snippet:-1, max-image-preview:large, max-video-preview:-1, noarchive\" \/>\n<link rel=\"canonical\" href=\"https:\/\/www.fabrykachlodu.pl\/sklep\/produkt\/ykea-inverter-dla-pomieszczen-technicznych-i-malych-serwerowni-r32-chlodzenie-do-25c-grzanie-do-15c-a-kit-z25ykea-kw-2-5\/\" \/>\n<meta name=\"twitter:label1\" content=\"Szacowany czas czytania\" \/>\n\t<meta name=\"twitter:data1\" content=\"3 minuty\" \/>\n<script type=\"application\/ld+json\" class=\"yoast-schema-graph\">{\"@context\":\"https:\/\/schema.org\",\"@graph\":[{\"@type\":\"WebPage\",\"@id\":\"https:\/\/www.fabrykachlodu.pl\/sklep\/produkt\/ykea-inverter-dla-pomieszczen-technicznych-i-malych-serwerowni-r32-chlodzenie-do-25c-grzanie-do-15c-a-kit-z25ykea-kw-2-5\/\",\"url\":\"https:\/\/www.fabrykachlodu.pl\/sklep\/produkt\/ykea-inverter-dla-pomieszczen-technicznych-i-malych-serwerowni-r32-chlodzenie-do-25c-grzanie-do-15c-a-kit-z25ykea-kw-2-5\/\",\"name\":\"YKEA INVERTER DLA POMIESZCZE\u0143 TECHNICZNYCH I MA\u0141YCH SERWEROWNI - R32 \/ Ch\u0142odzenie do -25\u00b0C, Grzanie do -15\u00b0C A+++ KIT-Z25YKEA; kW 2.5\",\"isPartOf\":{\"@id\":\"https:\/\/www.fabrykachlodu.pl\/sklep\/#website\"},\"datePublished\":\"2023-05-16T07:02:26+00:00\",\"dateModified\":\"2023-05-16T07:02:34+00:00\",\"description\":\"YKEA INVERTER DLA POMIESZCZE\u0143 TECHNICZNYCH I MA\u0141YCH SERWEROWNI - R32 \/ Ch\u0142odzenie do -25\u00b0C, Grzanie do -15\u00b0C A+++ KIT-Z25YKEA; kW 2.5\",\"breadcrumb\":{\"@id\":\"https:\/\/www.fabrykachlodu.pl\/sklep\/produkt\/ykea-inverter-dla-pomieszczen-technicznych-i-malych-serwerowni-r32-chlodzenie-do-25c-grzanie-do-15c-a-kit-z25ykea-kw-2-5\/#breadcrumb\"},\"inLanguage\":\"pl-PL\",\"potentialAction\":[{\"@type\":\"ReadAction\",\"target\":[\"https:\/\/www.fabrykachlodu.pl\/sklep\/produkt\/ykea-inverter-dla-pomieszczen-technicznych-i-malych-serwerowni-r32-chlodzenie-do-25c-grzanie-do-15c-a-kit-z25ykea-kw-2-5\/\"]}]},{\"@type\":\"BreadcrumbList\",\"@id\":\"https:\/\/www.fabrykachlodu.pl\/sklep\/produkt\/ykea-inverter-dla-pomieszczen-technicznych-i-malych-serwerowni-r32-chlodzenie-do-25c-grzanie-do-15c-a-kit-z25ykea-kw-2-5\/#breadcrumb\",\"itemListElement\":[{\"@type\":\"ListItem\",\"position\":1,\"name\":\"Strona g\u0142\u00f3wna\",\"item\":\"https:\/\/www.fabrykachlodu.pl\/sklep\/\"},{\"@type\":\"ListItem\",\"position\":2,\"name\":\"Szukasz klimatzyacji biurowej sklepowej lub do mieszkania?\",\"item\":\"https:\/\/www.fabrykachlodu.pl\/sklep\/\"},{\"@type\":\"ListItem\",\"position\":3,\"name\":\"YKEA INVERTER DLA POMIESZCZE\u0143 TECHNICZNYCH I MA\u0141YCH SERWEROWNI &#8211; R32 \/ Ch\u0142odzenie do -25\u00b0C, Grzanie do -15\u00b0C A+++ KIT-Z25YKEA; kW 2.5\"}]},{\"@type\":\"WebSite\",\"@id\":\"https:\/\/www.fabrykachlodu.pl\/sklep\/#website\",\"url\":\"https:\/\/www.fabrykachlodu.pl\/sklep\/\",\"name\":\"\u00b0FC Sklep Internetowy monta\u017c klimatyzacji pomp ciep\u0142a\",\"description\":\"\u00b0FC monta\u017c klimatyzacji pomp ciep\u0142a z nami to szybki i tani wyb\u00f3r.  Us\u0142ugi monta\u017cowe i serwisowe W Warszawie i okolicach..\",\"potentialAction\":[{\"@type\":\"SearchAction\",\"target\":{\"@type\":\"EntryPoint\",\"urlTemplate\":\"https:\/\/www.fabrykachlodu.pl\/sklep\/?s={search_term_string}\"},\"query-input\":\"required name=search_term_string\"}],\"inLanguage\":\"pl-PL\"}]}<\/script>\n<!-- \/ Yoast SEO plugin. -->","yoast_head_json":{"title":"YKEA INVERTER DLA POMIESZCZE\u0143 TECHNICZNYCH I MA\u0141YCH SERWEROWNI - R32 \/ Ch\u0142odzenie do -25\u00b0C, Grzanie do -15\u00b0C A+++ KIT-Z25YKEA; kW 2.5","description":"YKEA INVERTER DLA POMIESZCZE\u0143 TECHNICZNYCH I MA\u0141YCH SERWEROWNI - R32 \/ Ch\u0142odzenie do -25\u00b0C, Grzanie do -15\u00b0C A+++ KIT-Z25YKEA; kW 2.5","robots":{"index":"index","follow":"nofollow","max-snippet":"max-snippet:-1","max-image-preview":"max-image-preview:large","max-video-preview":"max-video-preview:-1","archive":"noarchive"},"canonical":"https:\/\/www.fabrykachlodu.pl\/sklep\/produkt\/ykea-inverter-dla-pomieszczen-technicznych-i-malych-serwerowni-r32-chlodzenie-do-25c-grzanie-do-15c-a-kit-z25ykea-kw-2-5\/","twitter_misc":{"Szacowany czas czytania":"3 minuty"},"schema":{"@context":"https:\/\/schema.org","@graph":[{"@type":"WebPage","@id":"https:\/\/www.fabrykachlodu.pl\/sklep\/produkt\/ykea-inverter-dla-pomieszczen-technicznych-i-malych-serwerowni-r32-chlodzenie-do-25c-grzanie-do-15c-a-kit-z25ykea-kw-2-5\/","url":"https:\/\/www.fabrykachlodu.pl\/sklep\/produkt\/ykea-inverter-dla-pomieszczen-technicznych-i-malych-serwerowni-r32-chlodzenie-do-25c-grzanie-do-15c-a-kit-z25ykea-kw-2-5\/","name":"YKEA INVERTER DLA POMIESZCZE\u0143 TECHNICZNYCH I MA\u0141YCH SERWEROWNI - R32 \/ Ch\u0142odzenie do -25\u00b0C, Grzanie do -15\u00b0C A+++ KIT-Z25YKEA; kW 2.5","isPartOf":{"@id":"https:\/\/www.fabrykachlodu.pl\/sklep\/#website"},"datePublished":"2023-05-16T07:02:26+00:00","dateModified":"2023-05-16T07:02:34+00:00","description":"YKEA INVERTER DLA POMIESZCZE\u0143 TECHNICZNYCH I MA\u0141YCH SERWEROWNI - R32 \/ Ch\u0142odzenie do -25\u00b0C, Grzanie do -15\u00b0C A+++ KIT-Z25YKEA; kW 2.5","breadcrumb":{"@id":"https:\/\/www.fabrykachlodu.pl\/sklep\/produkt\/ykea-inverter-dla-pomieszczen-technicznych-i-malych-serwerowni-r32-chlodzenie-do-25c-grzanie-do-15c-a-kit-z25ykea-kw-2-5\/#breadcrumb"},"inLanguage":"pl-PL","potentialAction":[{"@type":"ReadAction","target":["https:\/\/www.fabrykachlodu.pl\/sklep\/produkt\/ykea-inverter-dla-pomieszczen-technicznych-i-malych-serwerowni-r32-chlodzenie-do-25c-grzanie-do-15c-a-kit-z25ykea-kw-2-5\/"]}]},{"@type":"BreadcrumbList","@id":"https:\/\/www.fabrykachlodu.pl\/sklep\/produkt\/ykea-inverter-dla-pomieszczen-technicznych-i-malych-serwerowni-r32-chlodzenie-do-25c-grzanie-do-15c-a-kit-z25ykea-kw-2-5\/#breadcrumb","itemListElement":[{"@type":"ListItem","position":1,"name":"Strona g\u0142\u00f3wna","item":"https:\/\/www.fabrykachlodu.pl\/sklep\/"},{"@type":"ListItem","position":2,"name":"Szukasz klimatzyacji biurowej sklepowej lub do mieszkania?","item":"https:\/\/www.fabrykachlodu.pl\/sklep\/"},{"@type":"ListItem","position":3,"name":"YKEA INVERTER DLA POMIESZCZE\u0143 TECHNICZNYCH I MA\u0141YCH SERWEROWNI &#8211; R32 \/ Ch\u0142odzenie do -25\u00b0C, Grzanie do -15\u00b0C A+++ KIT-Z25YKEA; kW 2.5"}]},{"@type":"WebSite","@id":"https:\/\/www.fabrykachlodu.pl\/sklep\/#website","url":"https:\/\/www.fabrykachlodu.pl\/sklep\/","name":"\u00b0FC Sklep Internetowy monta\u017c klimatyzacji pomp ciep\u0142a","description":"\u00b0FC monta\u017c klimatyzacji pomp ciep\u0142a z nami to szybki i tani wyb\u00f3r.  Us\u0142ugi monta\u017cowe i serwisowe W Warszawie i okolicach..","potentialAction":[{"@type":"SearchAction","target":{"@type":"EntryPoint","urlTemplate":"https:\/\/www.fabrykachlodu.pl\/sklep\/?s={search_term_string}"},"query-input":"required name=search_term_string"}],"inLanguage":"pl-PL"}]}},"_links":{"self":[{"href":"https:\/\/www.fabrykachlodu.pl\/sklep\/wp-json\/wp\/v2\/product\/91199"}],"collection":[{"href":"https:\/\/www.fabrykachlodu.pl\/sklep\/wp-json\/wp\/v2\/product"}],"about":[{"href":"https:\/\/www.fabrykachlodu.pl\/sklep\/wp-json\/wp\/v2\/types\/product"}],"wp:featuredmedia":[{"embeddable":true,"href":"https:\/\/www.fabrykachlodu.pl\/sklep\/wp-json\/wp\/v2\/media\/89984"}],"wp:attachment":[{"href":"https:\/\/www.fabrykachlodu.pl\/sklep\/wp-json\/wp\/v2\/media?parent=91199"}],"wp:term":[{"taxonomy":"product_cat","embeddable":true,"href":"https:\/\/www.fabrykachlodu.pl\/sklep\/wp-json\/wp\/v2\/product_cat?post=91199"},{"taxonomy":"product_tag","embeddable":true,"href":"https:\/\/www.fabrykachlodu.pl\/sklep\/wp-json\/wp\/v2\/product_tag?post=91199"}],"curies":[{"name":"wp","href":"https:\/\/api.w.org\/{rel}","templated":true}]}}