{"id":91204,"date":"2023-05-16T09:02:28","date_gmt":"2023-05-16T07:02:28","guid":{"rendered":"https:\/\/www.fabrykachlodu.pl\/sklep\/?post_type=product&#038;p=91204"},"modified":"2023-05-16T09:02:36","modified_gmt":"2023-05-16T07:02:36","slug":"konsole-podlogowe-inverter-plus-mono-filtr-nanoex-r32-chlodzenie-do-10c-grzanie-do-15c-pilot-bezprzewodowy-w-komplecie-a-kit-z25ufe-kw-085-34","status":"publish","type":"product","link":"https:\/\/www.fabrykachlodu.pl\/sklep\/produkt\/konsole-podlogowe-inverter-plus-mono-filtr-nanoex-r32-chlodzenie-do-10c-grzanie-do-15c-pilot-bezprzewodowy-w-komplecie-a-kit-z25ufe-kw-085-34\/","title":{"rendered":"KONSOLE POD\u0141OGOWE INVERTER PLUS MONO &#8211; Filtr NANOEX &#8211; R32 \/ Ch\u0142odzenie do -10\u00b0C, Grzanie do -15\u00b0C, pilot bezprzewodowy w komplecie A++ KIT-Z25UFE; kW 0,85-3,4"},"content":{"rendered":"","protected":false},"excerpt":{"rendered":"<p><span style=\"color: #000000;\"><strong>Najwa\u017cniejsze zalety<\/strong><\/span>[dt_list style=\"1\" bullet_position=\"middle\" dividers=\"true\"][dt_list style=\"1\" bullet_position=\"middle\" dividers=\"true\"][dt_list_item image=\"\"]Doskona\u0142a wydajno\u015b\u0107 klasy A++[\/dt_list_item][dt_list_item image=\"\"]Bardzo niski poziom ha\u0142asu \u2013 tylko 20 dB(A) w trybie Super Quiet[\/dt_list_item][dt_list_item image=\"\"]Stylistyka, kt\u00f3ra idealnie wpisuje si\u0119 w najbardziej nowoczesne wn\u0119trza Nowa konstrukcja powsta\u0142a dzi\u0119ki zastosowaniu najlepszych materia\u0142\u00f3w i proces\u00f3w[\/dt_list_item][dt_list_item image=\"\"]Kontrola nad komfortem i zu\u017cyciem energii za pomoc\u0105 smartfona[\/dt_list_item][\/dt_list]<\/p>\n","protected":false},"featured_media":89985,"template":"","meta":[],"product_cat":[7245,401,189],"product_tag":[7246,6387],"yoast_head":"<!-- This site is optimized with the Yoast SEO plugin v22.1 - https:\/\/yoast.com\/wordpress\/plugins\/seo\/ -->\n<title>KONSOLE POD\u0141OGOWE INVERTER PLUS MONO - Filtr NANOEX - R32 \/ Ch\u0142odzenie do -10\u00b0C, Grzanie do -15\u00b0C, pilot bezprzewodowy w komplecie A++ KIT-Z25UFE; kW 0,85-3,4<\/title>\n<meta name=\"description\" content=\"KONSOLE POD\u0141OGOWE INVERTER PLUS MONO - Filtr NANOEX - R32 \/ Ch\u0142odzenie do -10\u00b0C, Grzanie do -15\u00b0C, pilot bezprzewodowy w komplecie A++ KIT-Z25UFE; kW 0,85-3,4\" \/>\n<meta name=\"robots\" content=\"index, follow, max-snippet:-1, max-image-preview:large, max-video-preview:-1\" \/>\n<link rel=\"canonical\" href=\"https:\/\/www.fabrykachlodu.pl\/sklep\/produkt\/konsole-podlogowe-inverter-plus-mono-filtr-nanoex-r32-chlodzenie-do-10c-grzanie-do-15c-pilot-bezprzewodowy-w-komplecie-a-kit-z25ufe-kw-085-34\/\" \/>\n<script type=\"application\/ld+json\" class=\"yoast-schema-graph\">{\"@context\":\"https:\/\/schema.org\",\"@graph\":[{\"@type\":\"WebPage\",\"@id\":\"https:\/\/www.fabrykachlodu.pl\/sklep\/produkt\/konsole-podlogowe-inverter-plus-mono-filtr-nanoex-r32-chlodzenie-do-10c-grzanie-do-15c-pilot-bezprzewodowy-w-komplecie-a-kit-z25ufe-kw-085-34\/\",\"url\":\"https:\/\/www.fabrykachlodu.pl\/sklep\/produkt\/konsole-podlogowe-inverter-plus-mono-filtr-nanoex-r32-chlodzenie-do-10c-grzanie-do-15c-pilot-bezprzewodowy-w-komplecie-a-kit-z25ufe-kw-085-34\/\",\"name\":\"KONSOLE POD\u0141OGOWE INVERTER PLUS MONO - Filtr NANOEX - R32 \/ Ch\u0142odzenie do -10\u00b0C, Grzanie do -15\u00b0C, pilot bezprzewodowy w komplecie A++ KIT-Z25UFE; kW 0,85-3,4\",\"isPartOf\":{\"@id\":\"https:\/\/www.fabrykachlodu.pl\/sklep\/#website\"},\"datePublished\":\"2023-05-16T07:02:28+00:00\",\"dateModified\":\"2023-05-16T07:02:36+00:00\",\"description\":\"KONSOLE POD\u0141OGOWE INVERTER PLUS MONO - Filtr NANOEX - R32 \/ Ch\u0142odzenie do -10\u00b0C, Grzanie do -15\u00b0C, pilot bezprzewodowy w komplecie A++ KIT-Z25UFE; kW 0,85-3,4\",\"breadcrumb\":{\"@id\":\"https:\/\/www.fabrykachlodu.pl\/sklep\/produkt\/konsole-podlogowe-inverter-plus-mono-filtr-nanoex-r32-chlodzenie-do-10c-grzanie-do-15c-pilot-bezprzewodowy-w-komplecie-a-kit-z25ufe-kw-085-34\/#breadcrumb\"},\"inLanguage\":\"pl-PL\",\"potentialAction\":[{\"@type\":\"ReadAction\",\"target\":[\"https:\/\/www.fabrykachlodu.pl\/sklep\/produkt\/konsole-podlogowe-inverter-plus-mono-filtr-nanoex-r32-chlodzenie-do-10c-grzanie-do-15c-pilot-bezprzewodowy-w-komplecie-a-kit-z25ufe-kw-085-34\/\"]}]},{\"@type\":\"BreadcrumbList\",\"@id\":\"https:\/\/www.fabrykachlodu.pl\/sklep\/produkt\/konsole-podlogowe-inverter-plus-mono-filtr-nanoex-r32-chlodzenie-do-10c-grzanie-do-15c-pilot-bezprzewodowy-w-komplecie-a-kit-z25ufe-kw-085-34\/#breadcrumb\",\"itemListElement\":[{\"@type\":\"ListItem\",\"position\":1,\"name\":\"Strona g\u0142\u00f3wna\",\"item\":\"https:\/\/www.fabrykachlodu.pl\/sklep\/\"},{\"@type\":\"ListItem\",\"position\":2,\"name\":\"Szukasz klimatzyacji biurowej sklepowej lub do mieszkania?\",\"item\":\"https:\/\/www.fabrykachlodu.pl\/sklep\/\"},{\"@type\":\"ListItem\",\"position\":3,\"name\":\"KONSOLE POD\u0141OGOWE INVERTER PLUS MONO &#8211; Filtr NANOEX &#8211; R32 \/ Ch\u0142odzenie do -10\u00b0C, Grzanie do -15\u00b0C, pilot bezprzewodowy w komplecie A++ KIT-Z25UFE; kW 0,85-3,4\"}]},{\"@type\":\"WebSite\",\"@id\":\"https:\/\/www.fabrykachlodu.pl\/sklep\/#website\",\"url\":\"https:\/\/www.fabrykachlodu.pl\/sklep\/\",\"name\":\"\u00b0FC Sklep Internetowy monta\u017c klimatyzacji pomp ciep\u0142a\",\"description\":\"\u00b0FC monta\u017c klimatyzacji pomp ciep\u0142a z nami to szybki i tani wyb\u00f3r.  Us\u0142ugi monta\u017cowe i serwisowe W Warszawie i okolicach..\",\"potentialAction\":[{\"@type\":\"SearchAction\",\"target\":{\"@type\":\"EntryPoint\",\"urlTemplate\":\"https:\/\/www.fabrykachlodu.pl\/sklep\/?s={search_term_string}\"},\"query-input\":\"required name=search_term_string\"}],\"inLanguage\":\"pl-PL\"}]}<\/script>\n<!-- \/ Yoast SEO plugin. -->","yoast_head_json":{"title":"KONSOLE POD\u0141OGOWE INVERTER PLUS MONO - Filtr NANOEX - R32 \/ Ch\u0142odzenie do -10\u00b0C, Grzanie do -15\u00b0C, pilot bezprzewodowy w komplecie A++ KIT-Z25UFE; kW 0,85-3,4","description":"KONSOLE POD\u0141OGOWE INVERTER PLUS MONO - Filtr NANOEX - R32 \/ Ch\u0142odzenie do -10\u00b0C, Grzanie do -15\u00b0C, pilot bezprzewodowy w komplecie A++ KIT-Z25UFE; kW 0,85-3,4","robots":{"index":"index","follow":"follow","max-snippet":"max-snippet:-1","max-image-preview":"max-image-preview:large","max-video-preview":"max-video-preview:-1"},"canonical":"https:\/\/www.fabrykachlodu.pl\/sklep\/produkt\/konsole-podlogowe-inverter-plus-mono-filtr-nanoex-r32-chlodzenie-do-10c-grzanie-do-15c-pilot-bezprzewodowy-w-komplecie-a-kit-z25ufe-kw-085-34\/","schema":{"@context":"https:\/\/schema.org","@graph":[{"@type":"WebPage","@id":"https:\/\/www.fabrykachlodu.pl\/sklep\/produkt\/konsole-podlogowe-inverter-plus-mono-filtr-nanoex-r32-chlodzenie-do-10c-grzanie-do-15c-pilot-bezprzewodowy-w-komplecie-a-kit-z25ufe-kw-085-34\/","url":"https:\/\/www.fabrykachlodu.pl\/sklep\/produkt\/konsole-podlogowe-inverter-plus-mono-filtr-nanoex-r32-chlodzenie-do-10c-grzanie-do-15c-pilot-bezprzewodowy-w-komplecie-a-kit-z25ufe-kw-085-34\/","name":"KONSOLE POD\u0141OGOWE INVERTER PLUS MONO - Filtr NANOEX - R32 \/ Ch\u0142odzenie do -10\u00b0C, Grzanie do -15\u00b0C, pilot bezprzewodowy w komplecie A++ KIT-Z25UFE; kW 0,85-3,4","isPartOf":{"@id":"https:\/\/www.fabrykachlodu.pl\/sklep\/#website"},"datePublished":"2023-05-16T07:02:28+00:00","dateModified":"2023-05-16T07:02:36+00:00","description":"KONSOLE POD\u0141OGOWE INVERTER PLUS MONO - Filtr NANOEX - R32 \/ Ch\u0142odzenie do -10\u00b0C, Grzanie do -15\u00b0C, pilot bezprzewodowy w komplecie A++ KIT-Z25UFE; kW 0,85-3,4","breadcrumb":{"@id":"https:\/\/www.fabrykachlodu.pl\/sklep\/produkt\/konsole-podlogowe-inverter-plus-mono-filtr-nanoex-r32-chlodzenie-do-10c-grzanie-do-15c-pilot-bezprzewodowy-w-komplecie-a-kit-z25ufe-kw-085-34\/#breadcrumb"},"inLanguage":"pl-PL","potentialAction":[{"@type":"ReadAction","target":["https:\/\/www.fabrykachlodu.pl\/sklep\/produkt\/konsole-podlogowe-inverter-plus-mono-filtr-nanoex-r32-chlodzenie-do-10c-grzanie-do-15c-pilot-bezprzewodowy-w-komplecie-a-kit-z25ufe-kw-085-34\/"]}]},{"@type":"BreadcrumbList","@id":"https:\/\/www.fabrykachlodu.pl\/sklep\/produkt\/konsole-podlogowe-inverter-plus-mono-filtr-nanoex-r32-chlodzenie-do-10c-grzanie-do-15c-pilot-bezprzewodowy-w-komplecie-a-kit-z25ufe-kw-085-34\/#breadcrumb","itemListElement":[{"@type":"ListItem","position":1,"name":"Strona g\u0142\u00f3wna","item":"https:\/\/www.fabrykachlodu.pl\/sklep\/"},{"@type":"ListItem","position":2,"name":"Szukasz klimatzyacji biurowej sklepowej lub do mieszkania?","item":"https:\/\/www.fabrykachlodu.pl\/sklep\/"},{"@type":"ListItem","position":3,"name":"KONSOLE POD\u0141OGOWE INVERTER PLUS MONO &#8211; Filtr NANOEX &#8211; R32 \/ Ch\u0142odzenie do -10\u00b0C, Grzanie do -15\u00b0C, pilot bezprzewodowy w komplecie A++ KIT-Z25UFE; kW 0,85-3,4"}]},{"@type":"WebSite","@id":"https:\/\/www.fabrykachlodu.pl\/sklep\/#website","url":"https:\/\/www.fabrykachlodu.pl\/sklep\/","name":"\u00b0FC Sklep Internetowy monta\u017c klimatyzacji pomp ciep\u0142a","description":"\u00b0FC monta\u017c klimatyzacji pomp ciep\u0142a z nami to szybki i tani wyb\u00f3r.  Us\u0142ugi monta\u017cowe i serwisowe W Warszawie i okolicach..","potentialAction":[{"@type":"SearchAction","target":{"@type":"EntryPoint","urlTemplate":"https:\/\/www.fabrykachlodu.pl\/sklep\/?s={search_term_string}"},"query-input":"required name=search_term_string"}],"inLanguage":"pl-PL"}]}},"_links":{"self":[{"href":"https:\/\/www.fabrykachlodu.pl\/sklep\/wp-json\/wp\/v2\/product\/91204"}],"collection":[{"href":"https:\/\/www.fabrykachlodu.pl\/sklep\/wp-json\/wp\/v2\/product"}],"about":[{"href":"https:\/\/www.fabrykachlodu.pl\/sklep\/wp-json\/wp\/v2\/types\/product"}],"wp:featuredmedia":[{"embeddable":true,"href":"https:\/\/www.fabrykachlodu.pl\/sklep\/wp-json\/wp\/v2\/media\/89985"}],"wp:attachment":[{"href":"https:\/\/www.fabrykachlodu.pl\/sklep\/wp-json\/wp\/v2\/media?parent=91204"}],"wp:term":[{"taxonomy":"product_cat","embeddable":true,"href":"https:\/\/www.fabrykachlodu.pl\/sklep\/wp-json\/wp\/v2\/product_cat?post=91204"},{"taxonomy":"product_tag","embeddable":true,"href":"https:\/\/www.fabrykachlodu.pl\/sklep\/wp-json\/wp\/v2\/product_tag?post=91204"}],"curies":[{"name":"wp","href":"https:\/\/api.w.org\/{rel}","templated":true}]}}