{"id":91247,"date":"2023-05-16T09:02:48","date_gmt":"2023-05-16T07:02:48","guid":{"rendered":"https:\/\/www.fabrykachlodu.pl\/sklep\/?post_type=product&#038;p=91247"},"modified":"2023-05-16T09:02:58","modified_gmt":"2023-05-16T07:02:58","slug":"jednostki-wewnetrzne-fc-panasonic-etherea-multi-r32-cs-z50xkew-z-pilotem-bezprzewodowym-scienna-biala","status":"publish","type":"product","link":"https:\/\/www.fabrykachlodu.pl\/sklep\/produkt\/jednostki-wewnetrzne-fc-panasonic-etherea-multi-r32-cs-z50xkew-z-pilotem-bezprzewodowym-scienna-biala\/","title":{"rendered":"JEDNOSTKI WEWN\u0118TRZNE \u00b0FC PANASONIC ETHEREA MULTI &#8211; R32  CS-Z50XKEW z pilotem bezprzewodowym; \u015bcienna bia\u0142a"},"content":{"rendered":"","protected":false},"excerpt":{"rendered":"<p><span style=\"color: #000000;\"><strong>Najwa\u017cniejsze zalety<\/strong><\/span>[dt_list style=\"1\" bullet_position=\"middle\" dividers=\"true\"][dt_list style=\"1\" bullet_position=\"middle\" dividers=\"true\"][dt_list_item image=\"\"]System oczyszczania powietrza nanoe\u2122x[\/dt_list_item][dt_list_item image=\"\"]Wbudowany modu\u0142 wlan (obs\u0142uga poprzez wifi za pomoc\u0105 smartfona)[\/dt_list_item][dt_list_item image=\"\"]\u017baluzje aerowings zapewniaj\u0105ce laminarny obieg powietrza w pomieszczeniu[\/dt_list_item][dt_list_item image=\"\"]Klasa energetyczna a+++[\/dt_list_item][\/dt_list]<\/p>\n","protected":false},"featured_media":89924,"template":"","meta":[],"product_cat":[7382,401,189],"product_tag":[3100,6387,7173],"yoast_head":"<!-- This site is optimized with the Yoast SEO plugin v22.1 - https:\/\/yoast.com\/wordpress\/plugins\/seo\/ -->\n<title>JEDNOSTKI WEWN\u0118TRZNE \u00b0FC ETHEREA MULTI - R32 CS-Z50XKEW z pilotem bezprzewodowym; \u015bcienna bia\u0142a<\/title>\n<meta name=\"description\" content=\"JEDNOSTKI WEWN\u0118TRZNE \u00b0FC ETHEREA MULTI - R32 CS-Z50XKEW z pilotem bezprzewodowym; \u015bcienna bia\u0142a\" \/>\n<meta name=\"robots\" content=\"index, follow, max-snippet:-1, max-image-preview:large, max-video-preview:-1\" \/>\n<link rel=\"canonical\" href=\"https:\/\/www.fabrykachlodu.pl\/sklep\/produkt\/jednostki-wewnetrzne-fc-panasonic-etherea-multi-r32-cs-z50xkew-z-pilotem-bezprzewodowym-scienna-biala\/\" \/>\n<script type=\"application\/ld+json\" class=\"yoast-schema-graph\">{\"@context\":\"https:\/\/schema.org\",\"@graph\":[{\"@type\":\"WebPage\",\"@id\":\"https:\/\/www.fabrykachlodu.pl\/sklep\/produkt\/jednostki-wewnetrzne-fc-panasonic-etherea-multi-r32-cs-z50xkew-z-pilotem-bezprzewodowym-scienna-biala\/\",\"url\":\"https:\/\/www.fabrykachlodu.pl\/sklep\/produkt\/jednostki-wewnetrzne-fc-panasonic-etherea-multi-r32-cs-z50xkew-z-pilotem-bezprzewodowym-scienna-biala\/\",\"name\":\"JEDNOSTKI WEWN\u0118TRZNE \u00b0FC ETHEREA MULTI - R32 CS-Z50XKEW z pilotem bezprzewodowym; \u015bcienna bia\u0142a\",\"isPartOf\":{\"@id\":\"https:\/\/www.fabrykachlodu.pl\/sklep\/#website\"},\"datePublished\":\"2023-05-16T07:02:48+00:00\",\"dateModified\":\"2023-05-16T07:02:58+00:00\",\"description\":\"JEDNOSTKI WEWN\u0118TRZNE \u00b0FC ETHEREA MULTI - R32 CS-Z50XKEW z pilotem bezprzewodowym; \u015bcienna bia\u0142a\",\"breadcrumb\":{\"@id\":\"https:\/\/www.fabrykachlodu.pl\/sklep\/produkt\/jednostki-wewnetrzne-fc-panasonic-etherea-multi-r32-cs-z50xkew-z-pilotem-bezprzewodowym-scienna-biala\/#breadcrumb\"},\"inLanguage\":\"pl-PL\",\"potentialAction\":[{\"@type\":\"ReadAction\",\"target\":[\"https:\/\/www.fabrykachlodu.pl\/sklep\/produkt\/jednostki-wewnetrzne-fc-panasonic-etherea-multi-r32-cs-z50xkew-z-pilotem-bezprzewodowym-scienna-biala\/\"]}]},{\"@type\":\"BreadcrumbList\",\"@id\":\"https:\/\/www.fabrykachlodu.pl\/sklep\/produkt\/jednostki-wewnetrzne-fc-panasonic-etherea-multi-r32-cs-z50xkew-z-pilotem-bezprzewodowym-scienna-biala\/#breadcrumb\",\"itemListElement\":[{\"@type\":\"ListItem\",\"position\":1,\"name\":\"Strona g\u0142\u00f3wna\",\"item\":\"https:\/\/www.fabrykachlodu.pl\/sklep\/\"},{\"@type\":\"ListItem\",\"position\":2,\"name\":\"Szukasz klimatzyacji biurowej sklepowej lub do mieszkania?\",\"item\":\"https:\/\/www.fabrykachlodu.pl\/sklep\/\"},{\"@type\":\"ListItem\",\"position\":3,\"name\":\"JEDNOSTKI WEWN\u0118TRZNE \u00b0FC PANASONIC ETHEREA MULTI &#8211; R32 CS-Z50XKEW z pilotem bezprzewodowym; \u015bcienna bia\u0142a\"}]},{\"@type\":\"WebSite\",\"@id\":\"https:\/\/www.fabrykachlodu.pl\/sklep\/#website\",\"url\":\"https:\/\/www.fabrykachlodu.pl\/sklep\/\",\"name\":\"\u00b0FC Sklep Internetowy monta\u017c klimatyzacji pomp ciep\u0142a\",\"description\":\"\u00b0FC monta\u017c klimatyzacji pomp ciep\u0142a z nami to szybki i tani wyb\u00f3r.  Us\u0142ugi monta\u017cowe i serwisowe W Warszawie i okolicach..\",\"potentialAction\":[{\"@type\":\"SearchAction\",\"target\":{\"@type\":\"EntryPoint\",\"urlTemplate\":\"https:\/\/www.fabrykachlodu.pl\/sklep\/?s={search_term_string}\"},\"query-input\":\"required name=search_term_string\"}],\"inLanguage\":\"pl-PL\"}]}<\/script>\n<!-- \/ Yoast SEO plugin. -->","yoast_head_json":{"title":"JEDNOSTKI WEWN\u0118TRZNE \u00b0FC ETHEREA MULTI - R32 CS-Z50XKEW z pilotem bezprzewodowym; \u015bcienna bia\u0142a","description":"JEDNOSTKI WEWN\u0118TRZNE \u00b0FC ETHEREA MULTI - R32 CS-Z50XKEW z pilotem bezprzewodowym; \u015bcienna bia\u0142a","robots":{"index":"index","follow":"follow","max-snippet":"max-snippet:-1","max-image-preview":"max-image-preview:large","max-video-preview":"max-video-preview:-1"},"canonical":"https:\/\/www.fabrykachlodu.pl\/sklep\/produkt\/jednostki-wewnetrzne-fc-panasonic-etherea-multi-r32-cs-z50xkew-z-pilotem-bezprzewodowym-scienna-biala\/","schema":{"@context":"https:\/\/schema.org","@graph":[{"@type":"WebPage","@id":"https:\/\/www.fabrykachlodu.pl\/sklep\/produkt\/jednostki-wewnetrzne-fc-panasonic-etherea-multi-r32-cs-z50xkew-z-pilotem-bezprzewodowym-scienna-biala\/","url":"https:\/\/www.fabrykachlodu.pl\/sklep\/produkt\/jednostki-wewnetrzne-fc-panasonic-etherea-multi-r32-cs-z50xkew-z-pilotem-bezprzewodowym-scienna-biala\/","name":"JEDNOSTKI WEWN\u0118TRZNE \u00b0FC ETHEREA MULTI - R32 CS-Z50XKEW z pilotem bezprzewodowym; \u015bcienna bia\u0142a","isPartOf":{"@id":"https:\/\/www.fabrykachlodu.pl\/sklep\/#website"},"datePublished":"2023-05-16T07:02:48+00:00","dateModified":"2023-05-16T07:02:58+00:00","description":"JEDNOSTKI WEWN\u0118TRZNE \u00b0FC ETHEREA MULTI - R32 CS-Z50XKEW z pilotem bezprzewodowym; \u015bcienna bia\u0142a","breadcrumb":{"@id":"https:\/\/www.fabrykachlodu.pl\/sklep\/produkt\/jednostki-wewnetrzne-fc-panasonic-etherea-multi-r32-cs-z50xkew-z-pilotem-bezprzewodowym-scienna-biala\/#breadcrumb"},"inLanguage":"pl-PL","potentialAction":[{"@type":"ReadAction","target":["https:\/\/www.fabrykachlodu.pl\/sklep\/produkt\/jednostki-wewnetrzne-fc-panasonic-etherea-multi-r32-cs-z50xkew-z-pilotem-bezprzewodowym-scienna-biala\/"]}]},{"@type":"BreadcrumbList","@id":"https:\/\/www.fabrykachlodu.pl\/sklep\/produkt\/jednostki-wewnetrzne-fc-panasonic-etherea-multi-r32-cs-z50xkew-z-pilotem-bezprzewodowym-scienna-biala\/#breadcrumb","itemListElement":[{"@type":"ListItem","position":1,"name":"Strona g\u0142\u00f3wna","item":"https:\/\/www.fabrykachlodu.pl\/sklep\/"},{"@type":"ListItem","position":2,"name":"Szukasz klimatzyacji biurowej sklepowej lub do mieszkania?","item":"https:\/\/www.fabrykachlodu.pl\/sklep\/"},{"@type":"ListItem","position":3,"name":"JEDNOSTKI WEWN\u0118TRZNE \u00b0FC PANASONIC ETHEREA MULTI &#8211; R32 CS-Z50XKEW z pilotem bezprzewodowym; \u015bcienna bia\u0142a"}]},{"@type":"WebSite","@id":"https:\/\/www.fabrykachlodu.pl\/sklep\/#website","url":"https:\/\/www.fabrykachlodu.pl\/sklep\/","name":"\u00b0FC Sklep Internetowy monta\u017c klimatyzacji pomp ciep\u0142a","description":"\u00b0FC monta\u017c klimatyzacji pomp ciep\u0142a z nami to szybki i tani wyb\u00f3r.  Us\u0142ugi monta\u017cowe i serwisowe W Warszawie i okolicach..","potentialAction":[{"@type":"SearchAction","target":{"@type":"EntryPoint","urlTemplate":"https:\/\/www.fabrykachlodu.pl\/sklep\/?s={search_term_string}"},"query-input":"required name=search_term_string"}],"inLanguage":"pl-PL"}]}},"_links":{"self":[{"href":"https:\/\/www.fabrykachlodu.pl\/sklep\/wp-json\/wp\/v2\/product\/91247"}],"collection":[{"href":"https:\/\/www.fabrykachlodu.pl\/sklep\/wp-json\/wp\/v2\/product"}],"about":[{"href":"https:\/\/www.fabrykachlodu.pl\/sklep\/wp-json\/wp\/v2\/types\/product"}],"wp:featuredmedia":[{"embeddable":true,"href":"https:\/\/www.fabrykachlodu.pl\/sklep\/wp-json\/wp\/v2\/media\/89924"}],"wp:attachment":[{"href":"https:\/\/www.fabrykachlodu.pl\/sklep\/wp-json\/wp\/v2\/media?parent=91247"}],"wp:term":[{"taxonomy":"product_cat","embeddable":true,"href":"https:\/\/www.fabrykachlodu.pl\/sklep\/wp-json\/wp\/v2\/product_cat?post=91247"},{"taxonomy":"product_tag","embeddable":true,"href":"https:\/\/www.fabrykachlodu.pl\/sklep\/wp-json\/wp\/v2\/product_tag?post=91247"}],"curies":[{"name":"wp","href":"https:\/\/api.w.org\/{rel}","templated":true}]}}