{"id":91268,"date":"2023-05-16T09:03:08","date_gmt":"2023-05-16T07:03:08","guid":{"rendered":"https:\/\/www.fabrykachlodu.pl\/sklep\/?post_type=product&#038;p=91268"},"modified":"2023-05-16T09:03:16","modified_gmt":"2023-05-16T07:03:16","slug":"jednostki-wewnetrzne-kasety-4-stronne-60x60-multi-r32-cz-rwry3-odbiornik-sygnalu-dla-sterowania-bezprzewodowych","status":"publish","type":"product","link":"https:\/\/www.fabrykachlodu.pl\/sklep\/produkt\/jednostki-wewnetrzne-kasety-4-stronne-60x60-multi-r32-cz-rwry3-odbiornik-sygnalu-dla-sterowania-bezprzewodowych\/","title":{"rendered":"JEDNOSTKI WEWN\u0118TRZNE KASETY 4-STRONNE 60&#215;60 MULTI &#8211; R32  CZ-RWRY3 &#8211; odbiornik sygna\u0142u dla sterowania bezprzewodowych"},"content":{"rendered":"<br \/>\n<h2>Zam\u00f3wienie dotyczy: JEDNOSTKI WEWN\u0118TRZNE KASETY 4-STRONNE 60&#215;60 MULTI &#8211; R32  CZ-RWRY3 &#8211; odbiornik sygna\u0142u dla sterowania bezprzewodowychJednostkawewn\u0119trzna akcesoria Cena katologowa komplet PLN 458   <\/h2>\n<p><h3><strong>W jednym miejscu poznasz:<\/strong><\/h3>\n<p> Najwa\u017cniejsze funkcje<br \/> Por\u00f3wnasz produkty<br \/> Poznasz parametry techniczne<br \/> Poznasz cen\u0119 i zrealizujesz zam\u00f3wienie<br \/> Otrzymasz ofert\u0119 zakupu ratalnego lub leasingu<br \/><strong><\/p>\n<h3>Czy wiesz, \u017ce:<\/strong><\/h3>\n<p>Wysoka sprawno\u015b\u0107 dla ch\u0142odzenie i grzania<strong><\/p>\n<h3>Zlecaj\u0105c nam monta\u017c otrzymasz:<\/strong><\/h3>\n<p> JEDNOSTKI WEWN\u0118TRZNE KASETY 4-STRONNE 60&#215;60 MULTI &#8211; R32  CZ-RWRY3 &#8211; odbiornik sygna\u0142u dla sterowania bezprzewodowych z rabatem kupuj\u0105c w naszym sklepie online lub wybieraj\u0105c monta\u017c <br \/> Gwarancje <br \/> Kompletne pod\u0142\u0105czenie elektryczne oraz hydrauliczne<br \/>JEDNOSTKI WEWN\u0118TRZNE KASETY 4-STRONNE 60&#215;60 MULTI &#8211; R32  CZ-RWRY3 &#8211; odbiornik sygna\u0142u dla sterowania bezprzewodowych z rabatem kupuj\u0105c w naszym sklepie online lub wybieraj\u0105c monta\u017c <br \/> Gwarancje <br \/> Kompletne pod\u0142\u0105czenie elektryczne oraz hydrauliczne<br \/>Jednostki kasetonowe 60&#215;60 Multi<\/p>\n<p>4-kierunkowe jednostki kasetonowe 60&#215;60 multisplit Panasonic idealnie nadaj\u0105 si\u0119 do monta\u017cu w modu\u0142ach sufitu podwieszanego. W jednostkach zastosowano czynnik ch\u0142odniczy R32.<br \/>\nZakres wydajno\u015bci nominalnej, od 2,0 do 6,0 kW. Linia ta charakteryzuje si\u0119:<\/p>\n<p>WLAN Ready (obs\u0142uga poprzez Wifi za pomoc\u0105 smartfona)<br \/>\nPrze\u0142\u0105czniki wysokoci\u015bnieniowy na wypadek monta\u017cu pod wysokim sufitem<br \/>\nPompka skroplin w zestawie<br \/>\nWlot \u015bwie\u017cego powietrza<br \/>\nKlasa energetyczna A++<\/p>\n<p>MODELE<\/p>\n<p>Jednostki wewn\u0119trzne &#8211; kolor bia\u0142y<\/p>\n<p>CS-MZ20UB4EA &#8211; 2,0 kW<br \/>\nCS-Z25UB4EAW &#8211; 2,5 kW<br \/>\nCS-Z35UB4EAW &#8211; 3,5 kW<br \/>\nCS-Z50UB4EAW &#8211; 5,0 kW<br \/>\nCS-Z60UB4EAW &#8211; 6,0 kWMODELE<\/p>\n","protected":false},"excerpt":{"rendered":"<p><span style=\"color: #000000;\"><strong>Najwa\u017cniejsze zalety<\/strong><\/span>[dt_list style=\"1\" bullet_position=\"middle\" dividers=\"true\"][dt_list style=\"1\" bullet_position=\"middle\" dividers=\"true\"][dt_list_item image=\"\"]Wlan ready (obs\u0142uga poprzez wifi za pomoc\u0105 smartfona)[\/dt_list_item][dt_list_item image=\"\"]Prze\u0142\u0105czniki wysokoci\u015bnieniowy na wypadek monta\u017cu pod wysokim sufitem[\/dt_list_item][dt_list_item image=\"\"]Pompka skroplin w zestawie[\/dt_list_item][dt_list_item image=\"\"]Wlot \u015bwie\u017cego powietrza[\/dt_list_item][\/dt_list]<\/p>\n","protected":false},"featured_media":89926,"template":"","meta":[],"product_cat":[7305,401,189],"product_tag":[7246,6387],"yoast_head":"<!-- This site is optimized with the Yoast SEO plugin v22.1 - https:\/\/yoast.com\/wordpress\/plugins\/seo\/ -->\n<title>JEDNOSTKI WEWN\u0118TRZNE KASETY 4-STRONNE 60x60 MULTI - R32 CZ-RWRY3 - odbiornik sygna\u0142u dla sterowania bezprzewodowych<\/title>\n<meta name=\"description\" content=\"JEDNOSTKI WEWN\u0118TRZNE KASETY 4-STRONNE 60x60 MULTI - R32 CZ-RWRY3 - odbiornik sygna\u0142u dla sterowania bezprzewodowych\" \/>\n<meta name=\"robots\" content=\"index, follow, max-snippet:-1, max-image-preview:large, max-video-preview:-1\" \/>\n<link rel=\"canonical\" href=\"https:\/\/www.fabrykachlodu.pl\/sklep\/produkt\/jednostki-wewnetrzne-kasety-4-stronne-60x60-multi-r32-cz-rwry3-odbiornik-sygnalu-dla-sterowania-bezprzewodowych\/\" \/>\n<meta name=\"twitter:label1\" content=\"Szacowany czas czytania\" \/>\n\t<meta name=\"twitter:data1\" content=\"1 minuta\" \/>\n<script type=\"application\/ld+json\" class=\"yoast-schema-graph\">{\"@context\":\"https:\/\/schema.org\",\"@graph\":[{\"@type\":\"WebPage\",\"@id\":\"https:\/\/www.fabrykachlodu.pl\/sklep\/produkt\/jednostki-wewnetrzne-kasety-4-stronne-60x60-multi-r32-cz-rwry3-odbiornik-sygnalu-dla-sterowania-bezprzewodowych\/\",\"url\":\"https:\/\/www.fabrykachlodu.pl\/sklep\/produkt\/jednostki-wewnetrzne-kasety-4-stronne-60x60-multi-r32-cz-rwry3-odbiornik-sygnalu-dla-sterowania-bezprzewodowych\/\",\"name\":\"JEDNOSTKI WEWN\u0118TRZNE KASETY 4-STRONNE 60x60 MULTI - R32 CZ-RWRY3 - odbiornik sygna\u0142u dla sterowania bezprzewodowych\",\"isPartOf\":{\"@id\":\"https:\/\/www.fabrykachlodu.pl\/sklep\/#website\"},\"datePublished\":\"2023-05-16T07:03:08+00:00\",\"dateModified\":\"2023-05-16T07:03:16+00:00\",\"description\":\"JEDNOSTKI WEWN\u0118TRZNE KASETY 4-STRONNE 60x60 MULTI - R32 CZ-RWRY3 - odbiornik sygna\u0142u dla sterowania bezprzewodowych\",\"breadcrumb\":{\"@id\":\"https:\/\/www.fabrykachlodu.pl\/sklep\/produkt\/jednostki-wewnetrzne-kasety-4-stronne-60x60-multi-r32-cz-rwry3-odbiornik-sygnalu-dla-sterowania-bezprzewodowych\/#breadcrumb\"},\"inLanguage\":\"pl-PL\",\"potentialAction\":[{\"@type\":\"ReadAction\",\"target\":[\"https:\/\/www.fabrykachlodu.pl\/sklep\/produkt\/jednostki-wewnetrzne-kasety-4-stronne-60x60-multi-r32-cz-rwry3-odbiornik-sygnalu-dla-sterowania-bezprzewodowych\/\"]}]},{\"@type\":\"BreadcrumbList\",\"@id\":\"https:\/\/www.fabrykachlodu.pl\/sklep\/produkt\/jednostki-wewnetrzne-kasety-4-stronne-60x60-multi-r32-cz-rwry3-odbiornik-sygnalu-dla-sterowania-bezprzewodowych\/#breadcrumb\",\"itemListElement\":[{\"@type\":\"ListItem\",\"position\":1,\"name\":\"Strona g\u0142\u00f3wna\",\"item\":\"https:\/\/www.fabrykachlodu.pl\/sklep\/\"},{\"@type\":\"ListItem\",\"position\":2,\"name\":\"Szukasz klimatzyacji biurowej sklepowej lub do mieszkania?\",\"item\":\"https:\/\/www.fabrykachlodu.pl\/sklep\/\"},{\"@type\":\"ListItem\",\"position\":3,\"name\":\"JEDNOSTKI WEWN\u0118TRZNE KASETY 4-STRONNE 60&#215;60 MULTI &#8211; R32 CZ-RWRY3 &#8211; odbiornik sygna\u0142u dla sterowania bezprzewodowych\"}]},{\"@type\":\"WebSite\",\"@id\":\"https:\/\/www.fabrykachlodu.pl\/sklep\/#website\",\"url\":\"https:\/\/www.fabrykachlodu.pl\/sklep\/\",\"name\":\"\u00b0FC Sklep Internetowy monta\u017c klimatyzacji pomp ciep\u0142a\",\"description\":\"\u00b0FC monta\u017c klimatyzacji pomp ciep\u0142a z nami to szybki i tani wyb\u00f3r.  Us\u0142ugi monta\u017cowe i serwisowe W Warszawie i okolicach..\",\"potentialAction\":[{\"@type\":\"SearchAction\",\"target\":{\"@type\":\"EntryPoint\",\"urlTemplate\":\"https:\/\/www.fabrykachlodu.pl\/sklep\/?s={search_term_string}\"},\"query-input\":\"required name=search_term_string\"}],\"inLanguage\":\"pl-PL\"}]}<\/script>\n<!-- \/ Yoast SEO plugin. -->","yoast_head_json":{"title":"JEDNOSTKI WEWN\u0118TRZNE KASETY 4-STRONNE 60x60 MULTI - R32 CZ-RWRY3 - odbiornik sygna\u0142u dla sterowania bezprzewodowych","description":"JEDNOSTKI WEWN\u0118TRZNE KASETY 4-STRONNE 60x60 MULTI - R32 CZ-RWRY3 - odbiornik sygna\u0142u dla sterowania bezprzewodowych","robots":{"index":"index","follow":"follow","max-snippet":"max-snippet:-1","max-image-preview":"max-image-preview:large","max-video-preview":"max-video-preview:-1"},"canonical":"https:\/\/www.fabrykachlodu.pl\/sklep\/produkt\/jednostki-wewnetrzne-kasety-4-stronne-60x60-multi-r32-cz-rwry3-odbiornik-sygnalu-dla-sterowania-bezprzewodowych\/","twitter_misc":{"Szacowany czas czytania":"1 minuta"},"schema":{"@context":"https:\/\/schema.org","@graph":[{"@type":"WebPage","@id":"https:\/\/www.fabrykachlodu.pl\/sklep\/produkt\/jednostki-wewnetrzne-kasety-4-stronne-60x60-multi-r32-cz-rwry3-odbiornik-sygnalu-dla-sterowania-bezprzewodowych\/","url":"https:\/\/www.fabrykachlodu.pl\/sklep\/produkt\/jednostki-wewnetrzne-kasety-4-stronne-60x60-multi-r32-cz-rwry3-odbiornik-sygnalu-dla-sterowania-bezprzewodowych\/","name":"JEDNOSTKI WEWN\u0118TRZNE KASETY 4-STRONNE 60x60 MULTI - R32 CZ-RWRY3 - odbiornik sygna\u0142u dla sterowania bezprzewodowych","isPartOf":{"@id":"https:\/\/www.fabrykachlodu.pl\/sklep\/#website"},"datePublished":"2023-05-16T07:03:08+00:00","dateModified":"2023-05-16T07:03:16+00:00","description":"JEDNOSTKI WEWN\u0118TRZNE KASETY 4-STRONNE 60x60 MULTI - R32 CZ-RWRY3 - odbiornik sygna\u0142u dla sterowania bezprzewodowych","breadcrumb":{"@id":"https:\/\/www.fabrykachlodu.pl\/sklep\/produkt\/jednostki-wewnetrzne-kasety-4-stronne-60x60-multi-r32-cz-rwry3-odbiornik-sygnalu-dla-sterowania-bezprzewodowych\/#breadcrumb"},"inLanguage":"pl-PL","potentialAction":[{"@type":"ReadAction","target":["https:\/\/www.fabrykachlodu.pl\/sklep\/produkt\/jednostki-wewnetrzne-kasety-4-stronne-60x60-multi-r32-cz-rwry3-odbiornik-sygnalu-dla-sterowania-bezprzewodowych\/"]}]},{"@type":"BreadcrumbList","@id":"https:\/\/www.fabrykachlodu.pl\/sklep\/produkt\/jednostki-wewnetrzne-kasety-4-stronne-60x60-multi-r32-cz-rwry3-odbiornik-sygnalu-dla-sterowania-bezprzewodowych\/#breadcrumb","itemListElement":[{"@type":"ListItem","position":1,"name":"Strona g\u0142\u00f3wna","item":"https:\/\/www.fabrykachlodu.pl\/sklep\/"},{"@type":"ListItem","position":2,"name":"Szukasz klimatzyacji biurowej sklepowej lub do mieszkania?","item":"https:\/\/www.fabrykachlodu.pl\/sklep\/"},{"@type":"ListItem","position":3,"name":"JEDNOSTKI WEWN\u0118TRZNE KASETY 4-STRONNE 60&#215;60 MULTI &#8211; R32 CZ-RWRY3 &#8211; odbiornik sygna\u0142u dla sterowania bezprzewodowych"}]},{"@type":"WebSite","@id":"https:\/\/www.fabrykachlodu.pl\/sklep\/#website","url":"https:\/\/www.fabrykachlodu.pl\/sklep\/","name":"\u00b0FC Sklep Internetowy monta\u017c klimatyzacji pomp ciep\u0142a","description":"\u00b0FC monta\u017c klimatyzacji pomp ciep\u0142a z nami to szybki i tani wyb\u00f3r.  Us\u0142ugi monta\u017cowe i serwisowe W Warszawie i okolicach..","potentialAction":[{"@type":"SearchAction","target":{"@type":"EntryPoint","urlTemplate":"https:\/\/www.fabrykachlodu.pl\/sklep\/?s={search_term_string}"},"query-input":"required name=search_term_string"}],"inLanguage":"pl-PL"}]}},"_links":{"self":[{"href":"https:\/\/www.fabrykachlodu.pl\/sklep\/wp-json\/wp\/v2\/product\/91268"}],"collection":[{"href":"https:\/\/www.fabrykachlodu.pl\/sklep\/wp-json\/wp\/v2\/product"}],"about":[{"href":"https:\/\/www.fabrykachlodu.pl\/sklep\/wp-json\/wp\/v2\/types\/product"}],"wp:featuredmedia":[{"embeddable":true,"href":"https:\/\/www.fabrykachlodu.pl\/sklep\/wp-json\/wp\/v2\/media\/89926"}],"wp:attachment":[{"href":"https:\/\/www.fabrykachlodu.pl\/sklep\/wp-json\/wp\/v2\/media?parent=91268"}],"wp:term":[{"taxonomy":"product_cat","embeddable":true,"href":"https:\/\/www.fabrykachlodu.pl\/sklep\/wp-json\/wp\/v2\/product_cat?post=91268"},{"taxonomy":"product_tag","embeddable":true,"href":"https:\/\/www.fabrykachlodu.pl\/sklep\/wp-json\/wp\/v2\/product_tag?post=91268"}],"curies":[{"name":"wp","href":"https:\/\/api.w.org\/{rel}","templated":true}]}}