{"id":91277,"date":"2023-05-16T09:03:10","date_gmt":"2023-05-16T07:03:10","guid":{"rendered":"https:\/\/www.fabrykachlodu.pl\/sklep\/?post_type=product&#038;p=91277"},"modified":"2023-05-16T09:03:20","modified_gmt":"2023-05-16T07:03:20","slug":"sterownik-przewodowy-dla-jednostek-sciennych-i-konsol-cz-rd514c","status":"publish","type":"product","link":"https:\/\/www.fabrykachlodu.pl\/sklep\/produkt\/sterownik-przewodowy-dla-jednostek-sciennych-i-konsol-cz-rd514c\/","title":{"rendered":"Sterownik przewodowy dla jednostek \u015bciennych i konsol CZ-RD514C"},"content":{"rendered":"<br \/>\n<h2>Zam\u00f3wienie dotyczy: Sterownik przewodowy dla jednostek \u015bciennych i konsol CZ-RD514C Opis Sterownik przewodowy dla jednostek \u015bciennych i konsol Cena katologowa komplet PLN 459   <\/h2>\n<p><h3><strong>W jednym miejscu poznasz:<\/strong><\/h3>\n<p> Najwa\u017cniejsze funkcje<br \/> Por\u00f3wnasz produkty<br \/> Poznasz parametry techniczne<br \/> Poznasz cen\u0119 i zrealizujesz zam\u00f3wienie<br \/> Otrzymasz ofert\u0119 zakupu ratalnego lub leasingu<br \/><strong><\/p>\n<h3>Czy wiesz, \u017ce:<\/strong><\/h3>\n<p>Zadaniem nowoczesnej klimatyzacji jest zapewnienie komfortu cieplnego w pomieszczeniu, zar\u00f3wno w\u00f3wczas gdy klimatyzatory \u015bcienne pracuj\u0105 w trybie ch\u0142odzenia, jak i grzania. Nowoczesne splity umo\u017cliwiaj\u0105 dodatkowo zachowanie r\u00f3wnowagi pomi\u0119dzy temperatur\u0105 powietrza w pomieszczeniu a stopniem jej wilgotno\u015bci. Nowoczesne klimatyzatory split posiadaj\u0105 funkcj\u0119 oczyszczania powietrza, dzi\u0119ki czemu powietrze, kt\u00f3rym oddychamy jest wolne od kurzu, szkodliwych drobnoustroj\u00f3w oraz innych zanieczyszcze\u0144 i cz\u0105steczek zapachowych.<strong><\/p>\n<h3>Zlecaj\u0105c nam monta\u017c otrzymasz:<\/strong><\/h3>\n<p> Sterownik przewodowy dla jednostek \u015bciennych i konsol CZ-RD514C  z rabatem kupuj\u0105c w naszym sklepie online lub wybieraj\u0105c monta\u017c <br \/> Gwarancje <br \/> Kompletne pod\u0142\u0105czenie elektryczne oraz hydrauliczne<br \/>Sterownik przewodowy dla jednostek \u015bciennych i konsol CZ-RD514C  z rabatem kupuj\u0105c w naszym sklepie online lub wybieraj\u0105c monta\u017c <br \/> Gwarancje <br \/> Kompletne pod\u0142\u0105czenie elektryczne oraz hydrauliczne<br \/>Sterownik przewodowy CZ-RD514C<\/p>\n<p>Sterownik przewodowy Panasonic przeznaczony do modeli split i multisplit.<\/p>\n<p>Cechy i funkcje<\/p>\n<p>Wskazanie w\u0142.\/wy\u0142.\ufeff Wskazanie trybu pracy<br \/>\nTryb automatyczny (AUTO) &#8211; Podczas rozruchu urz\u0105dzenie automatycznie wybiera optymalny tryb pracy w zale\u017cno\u015bci od temperatury ustawionej oraz panuj\u0105cej wewn\u0105trz pomieszczenia.\ufeff<br \/>\nTryb grzania (HEAT) &#8211; ciesz si\u0119 ciep\u0142em: Urz\u0105dzenie potrzebuje kr\u00f3tkiego czasu na rozgrzanie si\u0119. Podczas rozgrzewania miga lampka sygnalizacyjna zasilania.\ufeff<br \/>\nTryb ch\u0142odzenia (COOL) &#8211; ciesz si\u0119 ch\u0142odem: Aby zmniejszy\u0107 pob\u00f3r mocy w trybie ch\u0142odzenia chro\u0144 pomieszczenie przed \u015bwiat\u0142em s\u0142onecznym i nap\u0142ywem ciep\u0142a z zewn\u0105trz, zas\u0142aniaj\u0105c okna.\ufeff<br \/>\nTryb osuszania (DRY) &#8211; osuszanie pomieszcze\u0144: Urz\u0105dzenie pracuje z nisk\u0105 pr\u0119dko\u015bci\u0105 wentylatora i delikatnie sch\u0142adza pomieszczenie.\ufeff<br \/>\nWy\u015bwietlacz ustawie\u0144 programatora\/zegara &#8211; Ustawienia programatora dziennego &#8211; Ustawienia programatora tygodniowego\ufeff<br \/>\nWy\u015bwietlacz pr\u0119dko\u015bci wentylatora &#8211; W trybie automatycznym (AUTO) pr\u0119dko\u015b\u0107 wentylatora jednostki wewn\u0119trznej jest automatycznie dostosowywana do trybu pracy.\ufeff<br \/>\nWy\u015bwietlacz ustawie\u0144 temperatury Zakres temperatur: 16\u00b0C \u00f7 30\u00b0C\ufeff<br \/>\nKody usterek<\/p>\n<p>MODELE<\/p>\n<p>Sterownik przewodowy <\/p>\n<p>CZ-RD514CMODELE<\/p>\n","protected":false},"excerpt":{"rendered":"<p><span style=\"color: #000000;\"><strong>Najwa\u017cniejsze zalety<\/strong><\/span>[dt_list style=\"1\" bullet_position=\"middle\" dividers=\"true\"][dt_list style=\"1\" bullet_position=\"middle\" dividers=\"true\"][dt_list_item image=\"\"]Wskazanie w\u0142.\/wy\u0142.\ufeff Wskazanie trybu pracy[\/dt_list_item][dt_list_item image=\"\"]Tryb automatyczny (auto) &#8211; podczas rozruchu urz\u0105dzenie automatycznie wybiera optymalny tryb pracy w zale\u017cno\u015bci od temperatury ustawionej oraz panuj\u0105cej wewn\u0105trz pomieszczenia.[\/dt_list_item][dt_list_item image=\"\"]Tryb grzania (heat) &#8211; ciesz si\u0119 ciep\u0142em: urz\u0105dzenie potrzebuje kr\u00f3tkiego czasu na rozgrzanie si\u0119. Podczas rozgrzewania miga lampka sygnalizacyjna zasilania.[\/dt_list_item][dt_list_item image=\"\"]Tryb ch\u0142odzenia (cool) &#8211; ciesz si\u0119 ch\u0142odem: aby zmniejszy\u0107 pob\u00f3r mocy w trybie ch\u0142odzenia chro\u0144 pomieszczenie przed \u015bwiat\u0142em s\u0142onecznym i nap\u0142ywem ciep\u0142a z zewn\u0105trz, zas\u0142aniaj\u0105c okna.[\/dt_list_item][\/dt_list]<\/p>\n","protected":false},"featured_media":0,"template":"","meta":[],"product_cat":[7307,401,189],"product_tag":[5320,6387],"yoast_head":"<!-- This site is optimized with the Yoast SEO plugin v22.1 - https:\/\/yoast.com\/wordpress\/plugins\/seo\/ -->\n<title>Sterownik przewodowy dla jednostek \u015bciennych i konsol CZ-RD514C<\/title>\n<meta name=\"description\" content=\"Sterownik przewodowy dla jednostek \u015bciennych i konsol CZ-RD514C\" \/>\n<meta name=\"robots\" content=\"index, follow, max-snippet:-1, max-image-preview:large, max-video-preview:-1\" \/>\n<link rel=\"canonical\" href=\"https:\/\/www.fabrykachlodu.pl\/sklep\/produkt\/sterownik-przewodowy-dla-jednostek-sciennych-i-konsol-cz-rd514c\/\" \/>\n<meta name=\"twitter:label1\" content=\"Szacowany czas czytania\" \/>\n\t<meta name=\"twitter:data1\" content=\"2 minuty\" \/>\n<script type=\"application\/ld+json\" class=\"yoast-schema-graph\">{\"@context\":\"https:\/\/schema.org\",\"@graph\":[{\"@type\":\"WebPage\",\"@id\":\"https:\/\/www.fabrykachlodu.pl\/sklep\/produkt\/sterownik-przewodowy-dla-jednostek-sciennych-i-konsol-cz-rd514c\/\",\"url\":\"https:\/\/www.fabrykachlodu.pl\/sklep\/produkt\/sterownik-przewodowy-dla-jednostek-sciennych-i-konsol-cz-rd514c\/\",\"name\":\"Sterownik przewodowy dla jednostek \u015bciennych i konsol CZ-RD514C\",\"isPartOf\":{\"@id\":\"https:\/\/www.fabrykachlodu.pl\/sklep\/#website\"},\"datePublished\":\"2023-05-16T07:03:10+00:00\",\"dateModified\":\"2023-05-16T07:03:20+00:00\",\"description\":\"Sterownik przewodowy dla jednostek \u015bciennych i konsol CZ-RD514C\",\"breadcrumb\":{\"@id\":\"https:\/\/www.fabrykachlodu.pl\/sklep\/produkt\/sterownik-przewodowy-dla-jednostek-sciennych-i-konsol-cz-rd514c\/#breadcrumb\"},\"inLanguage\":\"pl-PL\",\"potentialAction\":[{\"@type\":\"ReadAction\",\"target\":[\"https:\/\/www.fabrykachlodu.pl\/sklep\/produkt\/sterownik-przewodowy-dla-jednostek-sciennych-i-konsol-cz-rd514c\/\"]}]},{\"@type\":\"BreadcrumbList\",\"@id\":\"https:\/\/www.fabrykachlodu.pl\/sklep\/produkt\/sterownik-przewodowy-dla-jednostek-sciennych-i-konsol-cz-rd514c\/#breadcrumb\",\"itemListElement\":[{\"@type\":\"ListItem\",\"position\":1,\"name\":\"Strona g\u0142\u00f3wna\",\"item\":\"https:\/\/www.fabrykachlodu.pl\/sklep\/\"},{\"@type\":\"ListItem\",\"position\":2,\"name\":\"Szukasz klimatzyacji biurowej sklepowej lub do mieszkania?\",\"item\":\"https:\/\/www.fabrykachlodu.pl\/sklep\/\"},{\"@type\":\"ListItem\",\"position\":3,\"name\":\"Sterownik przewodowy dla jednostek \u015bciennych i konsol CZ-RD514C\"}]},{\"@type\":\"WebSite\",\"@id\":\"https:\/\/www.fabrykachlodu.pl\/sklep\/#website\",\"url\":\"https:\/\/www.fabrykachlodu.pl\/sklep\/\",\"name\":\"\u00b0FC Sklep Internetowy monta\u017c klimatyzacji pomp ciep\u0142a\",\"description\":\"\u00b0FC monta\u017c klimatyzacji pomp ciep\u0142a z nami to szybki i tani wyb\u00f3r.  Us\u0142ugi monta\u017cowe i serwisowe W Warszawie i okolicach..\",\"potentialAction\":[{\"@type\":\"SearchAction\",\"target\":{\"@type\":\"EntryPoint\",\"urlTemplate\":\"https:\/\/www.fabrykachlodu.pl\/sklep\/?s={search_term_string}\"},\"query-input\":\"required name=search_term_string\"}],\"inLanguage\":\"pl-PL\"}]}<\/script>\n<!-- \/ Yoast SEO plugin. -->","yoast_head_json":{"title":"Sterownik przewodowy dla jednostek \u015bciennych i konsol CZ-RD514C","description":"Sterownik przewodowy dla jednostek \u015bciennych i konsol CZ-RD514C","robots":{"index":"index","follow":"follow","max-snippet":"max-snippet:-1","max-image-preview":"max-image-preview:large","max-video-preview":"max-video-preview:-1"},"canonical":"https:\/\/www.fabrykachlodu.pl\/sklep\/produkt\/sterownik-przewodowy-dla-jednostek-sciennych-i-konsol-cz-rd514c\/","twitter_misc":{"Szacowany czas czytania":"2 minuty"},"schema":{"@context":"https:\/\/schema.org","@graph":[{"@type":"WebPage","@id":"https:\/\/www.fabrykachlodu.pl\/sklep\/produkt\/sterownik-przewodowy-dla-jednostek-sciennych-i-konsol-cz-rd514c\/","url":"https:\/\/www.fabrykachlodu.pl\/sklep\/produkt\/sterownik-przewodowy-dla-jednostek-sciennych-i-konsol-cz-rd514c\/","name":"Sterownik przewodowy dla jednostek \u015bciennych i konsol CZ-RD514C","isPartOf":{"@id":"https:\/\/www.fabrykachlodu.pl\/sklep\/#website"},"datePublished":"2023-05-16T07:03:10+00:00","dateModified":"2023-05-16T07:03:20+00:00","description":"Sterownik przewodowy dla jednostek \u015bciennych i konsol CZ-RD514C","breadcrumb":{"@id":"https:\/\/www.fabrykachlodu.pl\/sklep\/produkt\/sterownik-przewodowy-dla-jednostek-sciennych-i-konsol-cz-rd514c\/#breadcrumb"},"inLanguage":"pl-PL","potentialAction":[{"@type":"ReadAction","target":["https:\/\/www.fabrykachlodu.pl\/sklep\/produkt\/sterownik-przewodowy-dla-jednostek-sciennych-i-konsol-cz-rd514c\/"]}]},{"@type":"BreadcrumbList","@id":"https:\/\/www.fabrykachlodu.pl\/sklep\/produkt\/sterownik-przewodowy-dla-jednostek-sciennych-i-konsol-cz-rd514c\/#breadcrumb","itemListElement":[{"@type":"ListItem","position":1,"name":"Strona g\u0142\u00f3wna","item":"https:\/\/www.fabrykachlodu.pl\/sklep\/"},{"@type":"ListItem","position":2,"name":"Szukasz klimatzyacji biurowej sklepowej lub do mieszkania?","item":"https:\/\/www.fabrykachlodu.pl\/sklep\/"},{"@type":"ListItem","position":3,"name":"Sterownik przewodowy dla jednostek \u015bciennych i konsol CZ-RD514C"}]},{"@type":"WebSite","@id":"https:\/\/www.fabrykachlodu.pl\/sklep\/#website","url":"https:\/\/www.fabrykachlodu.pl\/sklep\/","name":"\u00b0FC Sklep Internetowy monta\u017c klimatyzacji pomp ciep\u0142a","description":"\u00b0FC monta\u017c klimatyzacji pomp ciep\u0142a z nami to szybki i tani wyb\u00f3r.  Us\u0142ugi monta\u017cowe i serwisowe W Warszawie i okolicach..","potentialAction":[{"@type":"SearchAction","target":{"@type":"EntryPoint","urlTemplate":"https:\/\/www.fabrykachlodu.pl\/sklep\/?s={search_term_string}"},"query-input":"required name=search_term_string"}],"inLanguage":"pl-PL"}]}},"_links":{"self":[{"href":"https:\/\/www.fabrykachlodu.pl\/sklep\/wp-json\/wp\/v2\/product\/91277"}],"collection":[{"href":"https:\/\/www.fabrykachlodu.pl\/sklep\/wp-json\/wp\/v2\/product"}],"about":[{"href":"https:\/\/www.fabrykachlodu.pl\/sklep\/wp-json\/wp\/v2\/types\/product"}],"wp:attachment":[{"href":"https:\/\/www.fabrykachlodu.pl\/sklep\/wp-json\/wp\/v2\/media?parent=91277"}],"wp:term":[{"taxonomy":"product_cat","embeddable":true,"href":"https:\/\/www.fabrykachlodu.pl\/sklep\/wp-json\/wp\/v2\/product_cat?post=91277"},{"taxonomy":"product_tag","embeddable":true,"href":"https:\/\/www.fabrykachlodu.pl\/sklep\/wp-json\/wp\/v2\/product_tag?post=91277"}],"curies":[{"name":"wp","href":"https:\/\/api.w.org\/{rel}","templated":true}]}}