{"id":91299,"date":"2023-05-16T09:03:29","date_gmt":"2023-05-16T07:03:29","guid":{"rendered":"https:\/\/www.fabrykachlodu.pl\/sklep\/?post_type=product&#038;p=91299"},"modified":"2023-05-16T09:03:37","modified_gmt":"2023-05-16T07:03:37","slug":"agregaty-serii-elite-pac-i-inverter-r32-chlodzenie-do-15c-grzanie-do-20c-11534-cold-kw-31-125-hot-kw-31-14-sku-u-100pzh3e5","status":"publish","type":"product","link":"https:\/\/www.fabrykachlodu.pl\/sklep\/produkt\/agregaty-serii-elite-pac-i-inverter-r32-chlodzenie-do-15c-grzanie-do-20c-11534-cold-kw-31-125-hot-kw-31-14-sku-u-100pzh3e5\/","title":{"rendered":"AGREGATY SERII ELITE PAC-I INVERTER &#8211; R32 \/ Ch\u0142odzenie do -15\u00b0C, Grzanie do -20\u00b0C 11534; COLD kW 3,1-12,5; HOT kW 3,1-14; SKU U-100PZH3E5"},"content":{"rendered":"<br \/>\n<h2>Zam\u00f3wienie dotyczy: AGREGATY SERII ELITE PAC-I INVERTER &#8211; R32 \/ Ch\u0142odzenie do -15\u00b0C, Grzanie do -20\u00b0C 11534; COLD kW 3,1-12,5; HOT kW 3,1-14; SKU U-125PZH3E5Wydajno\u015b\u0107 ch\u0142odnicza (kW) 3,1-12,5 Wydajno\u015b\u0107 grzewcza (kW) 3,1-14 Cena katalogowa PLN 11534 <\/h2>\n<p><h3><strong>W jednym miejscu poznasz:<\/strong><\/h3>\n<p> Najwa\u017cniejsze funkcje<br \/> Por\u00f3wnasz produkty<br \/> Poznasz parametry techniczne<br \/> Poznasz cen\u0119 i zrealizujesz zam\u00f3wienie<br \/> Otrzymasz ofert\u0119 zakupu ratalnego lub leasingu<br \/><strong><\/p>\n<h3>Czy wiesz, \u017ce:<\/strong><\/h3>\n<p>Zwi\u0119kszony komfort i znaczne oszcz\u0119dno\u015bci.<strong><\/p>\n<h3>Zlecaj\u0105c nam monta\u017c otrzymasz:<\/strong><\/h3>\n<p> AGREGATY SERII ELITE PAC-I INVERTER &#8211; R32 \/ Ch\u0142odzenie do -15\u00b0C, Grzanie do -20\u00b0C 11534; COLD kW 3,1-12,5; HOT kW 3,1-14; SKU U-125PZH3E5 z rabatem kupuj\u0105c w naszym sklepie online lub wybieraj\u0105c monta\u017c <br \/> Gwarancje <br \/> Kompletne pod\u0142\u0105czenie elektryczne oraz hydrauliczne<br \/>AGREGATY SERII ELITE PAC-I INVERTER &#8211; R32 \/ Ch\u0142odzenie do -15\u00b0C, Grzanie do -20\u00b0C 11534; COLD kW 3,1-12,5; HOT kW 3,1-14; SKU U-125PZH3E5 z rabatem kupuj\u0105c w naszym sklepie online lub wybieraj\u0105c monta\u017c <br \/> Gwarancje <br \/> Kompletne pod\u0142\u0105czenie elektryczne oraz hydrauliczne<br \/>Seria PACi Elite &#8211; klimatyzatory do zastosowa\u0144 komercyjnych<\/p>\n<p>Seria Premium urz\u0105dze\u0144 profesjonalnych. Doskona\u0142e osi\u0105gi przy niskich temperaturach, wysoka wydajno\u015b\u0107 energetyczna, zu\u017cycie energii elektrycznej podawane na wy\u015bwietlaczu sterownika indywidualnego. Energooszcz\u0119dne konstrukcje wentylator\u00f3w, silnik\u00f3w wentylator\u00f3w, spr\u0119\u017carek i wymiennik\u00f3w ciep\u0142a pozwoli\u0142y uzyska\u0107 jedn\u0105 z najlepszych na rynku warto\u015b\u0107 wsp\u00f3\u0142czynnika COP. Dodatkowe korzy\u015bci to zmniejszenie emisji CO2, obni\u017cenie zu\u017cycia energii i koszt\u00f3w eksploatacyjnych.<\/p>\n<p>CHARAKTERYSTYKA TECHNICZNA<\/p>\n<p>Generacja klimatyzator\u00f3w do zastosowa\u0144 w obiektach us\u0142ugowo-handlowych<\/p>\n<p>Seria Elite spe\u0142nia wymogi wszystkich niezb\u0119dnych atest\u00f3w &#8211; najwy\u017csza jako\u015b\u0107 i bezpiecze\u0144stwo. Grzanie i ch\u0142odzenie ca\u0142oroczne (-20o C\/-15o C) &#8211; serwerownie. Zakres mocy jednostek od 3,60 do 25,00 kW.<\/p>\n<p>Jedna z najlepszych warto\u015bci wsp\u00f3\u0142czynnika SEER: A+++ i SCOP: A+++ przy mocy 3,60 kW (jednostki kasetonowe 90 \u00d7 90)<br \/>\nCh\u0142odzenie przy temperaturze zewn\u0119trznej nawet do 46\u00b0C<br \/>\nTechnologia inwerterowa, czynnik ch\u0142odniczy R32 i R410A<br \/>\nCh\u0142odzenie przy temperaturze zewn\u0119trznej do -15\u00b0C<br \/>\nOgrzewanie przy temperaturze zewn\u0119trznej do -20\u00b0C<br \/>\nKompaktowe jednostki zewn\u0119trzne<br \/>\nAutomatyczny restart z jednostki zewn\u0119trznej<br \/>\nMo\u017cliwe uk\u0142ady: split podw\u00f3jny, potr\u00f3jny i poczw\u00f3rny<br \/>\nPe\u0142na kompatybilno\u015b\u0107 z systemami VRF ECOi i GHP<br \/>\nRozbudowane mo\u017cliwo\u015bci sterowania<br \/>\nBardzo d\u0142ugie instalacje freonowe<br \/>\nD\u0142ugo\u015b\u0107 ruroci\u0105gu do 120 m<\/p>\n<p>MODELE<\/p>\n<p>U-36PZH2E5 &#8211; 3,60 kW<br \/>\nU-50PZH2E5 &#8211; 5,00 kW<br \/>\nU-60PZH2E5 &#8211; 6,00 kW<br \/>\nU-71PZH2E5 \/ U-71PZH2E8 &#8211; 7,10 kW<br \/>\nU-100PZH2E5 \/ U-100PZH2E8 &#8211; 10,00 kW<br \/>\nU-125PZH2E5 \/ U-125PZH2E8 &#8211; 12,50 kW<br \/>\nU-140PZH2E5 \/ U-140PZH2E8 &#8211; 14,00 kW<br \/>\nU-200PZH2E8 &#8211; 20,00 kW (Big PACi)<br \/>\nU-250PZH2E8 &#8211; 25,00 kW (Big PACi)MODELE<\/p>\n","protected":false},"excerpt":{"rendered":"<p><span style=\"color: #000000;\"><strong>Najwa\u017cniejsze zalety<\/strong><\/span>[dt_list style=\"1\" bullet_position=\"middle\" dividers=\"true\"][dt_list style=\"1\" bullet_position=\"middle\" dividers=\"true\"][dt_list_item image=\"\"]Jedna z najlepszych warto\u015bci wsp\u00f3\u0142czynnika seer: a+++ i scop: a+++ przy mocy 3,60 kw (jednostki kasetonowe 90 \u00d7 90)[\/dt_list_item][dt_list_item image=\"\"]Ch\u0142odzenie przy temperaturze zewn\u0119trznej nawet do 46\u00b0c[\/dt_list_item][dt_list_item image=\"\"]Technologia inwerterowa, czynnik ch\u0142odniczy r32 i r410a[\/dt_list_item][dt_list_item image=\"\"]Ch\u0142odzenie przy temperaturze zewn\u0119trznej do -15\u00b0c[\/dt_list_item][\/dt_list]<\/p>\n","protected":false},"featured_media":89959,"template":"","meta":[],"product_cat":[7384,401,189],"product_tag":[7249,6387],"yoast_head":"<!-- This site is optimized with the Yoast SEO plugin v22.1 - https:\/\/yoast.com\/wordpress\/plugins\/seo\/ -->\n<title>AGREGATY SERII ELITE PAC-I INVERTER - R32 \/ Ch\u0142odzenie do -15\u00b0C, Grzanie do -20\u00b0C 11534; COLD kW 3,1-12,5; HOT kW 3,1-14; SKU U-100PZH3E5<\/title>\n<meta name=\"description\" content=\"AGREGATY SERII ELITE PAC-I INVERTER - R32 \/ Ch\u0142odzenie do -15\u00b0C, Grzanie do -20\u00b0C 11534; COLD kW 3,1-12,5; HOT kW 3,1-14; SKU U-100PZH3E5\" \/>\n<meta name=\"robots\" content=\"index, follow, max-snippet:-1, max-image-preview:large, max-video-preview:-1\" \/>\n<link rel=\"canonical\" href=\"https:\/\/www.fabrykachlodu.pl\/sklep\/produkt\/agregaty-serii-elite-pac-i-inverter-r32-chlodzenie-do-15c-grzanie-do-20c-11534-cold-kw-31-125-hot-kw-31-14-sku-u-100pzh3e5\/\" \/>\n<meta name=\"twitter:label1\" content=\"Szacowany czas czytania\" \/>\n\t<meta name=\"twitter:data1\" content=\"2 minuty\" \/>\n<script type=\"application\/ld+json\" class=\"yoast-schema-graph\">{\"@context\":\"https:\/\/schema.org\",\"@graph\":[{\"@type\":\"WebPage\",\"@id\":\"https:\/\/www.fabrykachlodu.pl\/sklep\/produkt\/agregaty-serii-elite-pac-i-inverter-r32-chlodzenie-do-15c-grzanie-do-20c-11534-cold-kw-31-125-hot-kw-31-14-sku-u-100pzh3e5\/\",\"url\":\"https:\/\/www.fabrykachlodu.pl\/sklep\/produkt\/agregaty-serii-elite-pac-i-inverter-r32-chlodzenie-do-15c-grzanie-do-20c-11534-cold-kw-31-125-hot-kw-31-14-sku-u-100pzh3e5\/\",\"name\":\"AGREGATY SERII ELITE PAC-I INVERTER - R32 \/ Ch\u0142odzenie do -15\u00b0C, Grzanie do -20\u00b0C 11534; COLD kW 3,1-12,5; HOT kW 3,1-14; SKU U-100PZH3E5\",\"isPartOf\":{\"@id\":\"https:\/\/www.fabrykachlodu.pl\/sklep\/#website\"},\"datePublished\":\"2023-05-16T07:03:29+00:00\",\"dateModified\":\"2023-05-16T07:03:37+00:00\",\"description\":\"AGREGATY SERII ELITE PAC-I INVERTER - R32 \/ Ch\u0142odzenie do -15\u00b0C, Grzanie do -20\u00b0C 11534; COLD kW 3,1-12,5; HOT kW 3,1-14; SKU U-100PZH3E5\",\"breadcrumb\":{\"@id\":\"https:\/\/www.fabrykachlodu.pl\/sklep\/produkt\/agregaty-serii-elite-pac-i-inverter-r32-chlodzenie-do-15c-grzanie-do-20c-11534-cold-kw-31-125-hot-kw-31-14-sku-u-100pzh3e5\/#breadcrumb\"},\"inLanguage\":\"pl-PL\",\"potentialAction\":[{\"@type\":\"ReadAction\",\"target\":[\"https:\/\/www.fabrykachlodu.pl\/sklep\/produkt\/agregaty-serii-elite-pac-i-inverter-r32-chlodzenie-do-15c-grzanie-do-20c-11534-cold-kw-31-125-hot-kw-31-14-sku-u-100pzh3e5\/\"]}]},{\"@type\":\"BreadcrumbList\",\"@id\":\"https:\/\/www.fabrykachlodu.pl\/sklep\/produkt\/agregaty-serii-elite-pac-i-inverter-r32-chlodzenie-do-15c-grzanie-do-20c-11534-cold-kw-31-125-hot-kw-31-14-sku-u-100pzh3e5\/#breadcrumb\",\"itemListElement\":[{\"@type\":\"ListItem\",\"position\":1,\"name\":\"Strona g\u0142\u00f3wna\",\"item\":\"https:\/\/www.fabrykachlodu.pl\/sklep\/\"},{\"@type\":\"ListItem\",\"position\":2,\"name\":\"Szukasz klimatzyacji biurowej sklepowej lub do mieszkania?\",\"item\":\"https:\/\/www.fabrykachlodu.pl\/sklep\/\"},{\"@type\":\"ListItem\",\"position\":3,\"name\":\"AGREGATY SERII ELITE PAC-I INVERTER &#8211; R32 \/ Ch\u0142odzenie do -15\u00b0C, Grzanie do -20\u00b0C 11534; COLD kW 3,1-12,5; HOT kW 3,1-14; SKU U-100PZH3E5\"}]},{\"@type\":\"WebSite\",\"@id\":\"https:\/\/www.fabrykachlodu.pl\/sklep\/#website\",\"url\":\"https:\/\/www.fabrykachlodu.pl\/sklep\/\",\"name\":\"\u00b0FC Sklep Internetowy monta\u017c klimatyzacji pomp ciep\u0142a\",\"description\":\"\u00b0FC monta\u017c klimatyzacji pomp ciep\u0142a z nami to szybki i tani wyb\u00f3r.  Us\u0142ugi monta\u017cowe i serwisowe W Warszawie i okolicach..\",\"potentialAction\":[{\"@type\":\"SearchAction\",\"target\":{\"@type\":\"EntryPoint\",\"urlTemplate\":\"https:\/\/www.fabrykachlodu.pl\/sklep\/?s={search_term_string}\"},\"query-input\":\"required name=search_term_string\"}],\"inLanguage\":\"pl-PL\"}]}<\/script>\n<!-- \/ Yoast SEO plugin. -->","yoast_head_json":{"title":"AGREGATY SERII ELITE PAC-I INVERTER - R32 \/ Ch\u0142odzenie do -15\u00b0C, Grzanie do -20\u00b0C 11534; COLD kW 3,1-12,5; HOT kW 3,1-14; SKU U-100PZH3E5","description":"AGREGATY SERII ELITE PAC-I INVERTER - R32 \/ Ch\u0142odzenie do -15\u00b0C, Grzanie do -20\u00b0C 11534; COLD kW 3,1-12,5; HOT kW 3,1-14; SKU U-100PZH3E5","robots":{"index":"index","follow":"follow","max-snippet":"max-snippet:-1","max-image-preview":"max-image-preview:large","max-video-preview":"max-video-preview:-1"},"canonical":"https:\/\/www.fabrykachlodu.pl\/sklep\/produkt\/agregaty-serii-elite-pac-i-inverter-r32-chlodzenie-do-15c-grzanie-do-20c-11534-cold-kw-31-125-hot-kw-31-14-sku-u-100pzh3e5\/","twitter_misc":{"Szacowany czas czytania":"2 minuty"},"schema":{"@context":"https:\/\/schema.org","@graph":[{"@type":"WebPage","@id":"https:\/\/www.fabrykachlodu.pl\/sklep\/produkt\/agregaty-serii-elite-pac-i-inverter-r32-chlodzenie-do-15c-grzanie-do-20c-11534-cold-kw-31-125-hot-kw-31-14-sku-u-100pzh3e5\/","url":"https:\/\/www.fabrykachlodu.pl\/sklep\/produkt\/agregaty-serii-elite-pac-i-inverter-r32-chlodzenie-do-15c-grzanie-do-20c-11534-cold-kw-31-125-hot-kw-31-14-sku-u-100pzh3e5\/","name":"AGREGATY SERII ELITE PAC-I INVERTER - R32 \/ Ch\u0142odzenie do -15\u00b0C, Grzanie do -20\u00b0C 11534; COLD kW 3,1-12,5; HOT kW 3,1-14; SKU U-100PZH3E5","isPartOf":{"@id":"https:\/\/www.fabrykachlodu.pl\/sklep\/#website"},"datePublished":"2023-05-16T07:03:29+00:00","dateModified":"2023-05-16T07:03:37+00:00","description":"AGREGATY SERII ELITE PAC-I INVERTER - R32 \/ Ch\u0142odzenie do -15\u00b0C, Grzanie do -20\u00b0C 11534; COLD kW 3,1-12,5; HOT kW 3,1-14; SKU U-100PZH3E5","breadcrumb":{"@id":"https:\/\/www.fabrykachlodu.pl\/sklep\/produkt\/agregaty-serii-elite-pac-i-inverter-r32-chlodzenie-do-15c-grzanie-do-20c-11534-cold-kw-31-125-hot-kw-31-14-sku-u-100pzh3e5\/#breadcrumb"},"inLanguage":"pl-PL","potentialAction":[{"@type":"ReadAction","target":["https:\/\/www.fabrykachlodu.pl\/sklep\/produkt\/agregaty-serii-elite-pac-i-inverter-r32-chlodzenie-do-15c-grzanie-do-20c-11534-cold-kw-31-125-hot-kw-31-14-sku-u-100pzh3e5\/"]}]},{"@type":"BreadcrumbList","@id":"https:\/\/www.fabrykachlodu.pl\/sklep\/produkt\/agregaty-serii-elite-pac-i-inverter-r32-chlodzenie-do-15c-grzanie-do-20c-11534-cold-kw-31-125-hot-kw-31-14-sku-u-100pzh3e5\/#breadcrumb","itemListElement":[{"@type":"ListItem","position":1,"name":"Strona g\u0142\u00f3wna","item":"https:\/\/www.fabrykachlodu.pl\/sklep\/"},{"@type":"ListItem","position":2,"name":"Szukasz klimatzyacji biurowej sklepowej lub do mieszkania?","item":"https:\/\/www.fabrykachlodu.pl\/sklep\/"},{"@type":"ListItem","position":3,"name":"AGREGATY SERII ELITE PAC-I INVERTER &#8211; R32 \/ Ch\u0142odzenie do -15\u00b0C, Grzanie do -20\u00b0C 11534; COLD kW 3,1-12,5; HOT kW 3,1-14; SKU U-100PZH3E5"}]},{"@type":"WebSite","@id":"https:\/\/www.fabrykachlodu.pl\/sklep\/#website","url":"https:\/\/www.fabrykachlodu.pl\/sklep\/","name":"\u00b0FC Sklep Internetowy monta\u017c klimatyzacji pomp ciep\u0142a","description":"\u00b0FC monta\u017c klimatyzacji pomp ciep\u0142a z nami to szybki i tani wyb\u00f3r.  Us\u0142ugi monta\u017cowe i serwisowe W Warszawie i okolicach..","potentialAction":[{"@type":"SearchAction","target":{"@type":"EntryPoint","urlTemplate":"https:\/\/www.fabrykachlodu.pl\/sklep\/?s={search_term_string}"},"query-input":"required name=search_term_string"}],"inLanguage":"pl-PL"}]}},"_links":{"self":[{"href":"https:\/\/www.fabrykachlodu.pl\/sklep\/wp-json\/wp\/v2\/product\/91299"}],"collection":[{"href":"https:\/\/www.fabrykachlodu.pl\/sklep\/wp-json\/wp\/v2\/product"}],"about":[{"href":"https:\/\/www.fabrykachlodu.pl\/sklep\/wp-json\/wp\/v2\/types\/product"}],"wp:featuredmedia":[{"embeddable":true,"href":"https:\/\/www.fabrykachlodu.pl\/sklep\/wp-json\/wp\/v2\/media\/89959"}],"wp:attachment":[{"href":"https:\/\/www.fabrykachlodu.pl\/sklep\/wp-json\/wp\/v2\/media?parent=91299"}],"wp:term":[{"taxonomy":"product_cat","embeddable":true,"href":"https:\/\/www.fabrykachlodu.pl\/sklep\/wp-json\/wp\/v2\/product_cat?post=91299"},{"taxonomy":"product_tag","embeddable":true,"href":"https:\/\/www.fabrykachlodu.pl\/sklep\/wp-json\/wp\/v2\/product_tag?post=91299"}],"curies":[{"name":"wp","href":"https:\/\/api.w.org\/{rel}","templated":true}]}}