{"id":91315,"date":"2023-05-16T09:03:33","date_gmt":"2023-05-16T07:03:33","guid":{"rendered":"https:\/\/www.fabrykachlodu.pl\/sklep\/?post_type=product&#038;p=91315"},"modified":"2023-05-16T09:03:45","modified_gmt":"2023-05-16T07:03:45","slug":"agregaty-serii-standard-pac-i-inverter-r32-chlodzenie-do-10c-grzanie-do-15c-12878-cold-kw-33-15-hot-kw-34-16-sku-u-140pz3e5","status":"publish","type":"product","link":"https:\/\/www.fabrykachlodu.pl\/sklep\/produkt\/agregaty-serii-standard-pac-i-inverter-r32-chlodzenie-do-10c-grzanie-do-15c-12878-cold-kw-33-15-hot-kw-34-16-sku-u-140pz3e5\/","title":{"rendered":"AGREGATY SERII STANDARD PAC-I INVERTER &#8211; R32 \/ Ch\u0142odzenie do -10\u00b0C, Grzanie do -15\u00b0C 12878; COLD kW 3,3-15; HOT kW 3,4-16; SKU U-140PZ3E5"},"content":{"rendered":"<br \/>\n<h2>Zam\u00f3wienie dotyczy: AGREGATY SERII STANDARD PAC-I INVERTER &#8211; R32 \/ Ch\u0142odzenie do -10\u00b0C, Grzanie do -15\u00b0C 12878; COLD kW 3,3-15; HOT kW 3,4-16; SKU U-100PZ3E8Wydajno\u015b\u0107 ch\u0142odnicza (kW) 3,3-15 Wydajno\u015b\u0107 grzewcza (kW) 3,4-16 Cena katalogowa PLN 12878 <\/h2>\n<p><h3><strong>W jednym miejscu poznasz:<\/strong><\/h3>\n<p> Najwa\u017cniejsze funkcje<br \/> Por\u00f3wnasz produkty<br \/> Poznasz parametry techniczne<br \/> Poznasz cen\u0119 i zrealizujesz zam\u00f3wienie<br \/> Otrzymasz ofert\u0119 zakupu ratalnego lub leasingu<br \/><strong><\/p>\n<h3>Czy wiesz, \u017ce:<\/strong><\/h3>\n<p>Zwi\u0119kszony komfort i znaczne oszcz\u0119dno\u015bci.<strong><\/p>\n<h3>Zlecaj\u0105c nam monta\u017c otrzymasz:<\/strong><\/h3>\n<p> AGREGATY SERII STANDARD PAC-I INVERTER &#8211; R32 \/ Ch\u0142odzenie do -10\u00b0C, Grzanie do -15\u00b0C 12878; COLD kW 3,3-15; HOT kW 3,4-16; SKU U-100PZ3E8 z rabatem kupuj\u0105c w naszym sklepie online lub wybieraj\u0105c monta\u017c <br \/> Gwarancje <br \/> Kompletne pod\u0142\u0105czenie elektryczne oraz hydrauliczne<br \/>AGREGATY SERII STANDARD PAC-I INVERTER &#8211; R32 \/ Ch\u0142odzenie do -10\u00b0C, Grzanie do -15\u00b0C 12878; COLD kW 3,3-15; HOT kW 3,4-16; SKU U-100PZ3E8 z rabatem kupuj\u0105c w naszym sklepie online lub wybieraj\u0105c monta\u017c <br \/> Gwarancje <br \/> Kompletne pod\u0142\u0105czenie elektryczne oraz hydrauliczne<br \/>Seria PACi Standard &#8211; klimatyzatory do zastosowa\u0144 komercyjnych<\/p>\n<p>Seria PACi Standard urz\u0105dze\u0144 profesjonalnych cechuje si\u0119 wysokim poziomem technicznym konstrukcji i zaawansowan\u0105 technologi\u0105 wykonania. PACi Standard to idealne rozwi\u0105zanie dla inwestycji o ograniczonym bud\u017cecie, ale wymagaj\u0105cych dobrej jako\u015bci. Ponadto za spraw\u0105 niewielkich wymiar\u00f3w i ma\u0142ej masy urz\u0105dzenia te idealnie nadaj\u0105 si\u0119 do instalacji w ograniczonej przestrzeni, np. w ma\u0142ych obiektach handlowo-us\u0142ugowych i budynkach mieszkalnych.Jednostka zewn\u0119trzna ma znacznie bardziej zwart\u0105 budow\u0119 ni\u017c poprzedni model. P\u0142aska i lekka konstrukcja umo\u017cliwia instalacj\u0119 jednostki zewn\u0119trznej PACi w wielu r\u00f3\u017cnych lokalizacjach.<\/p>\n<p>CHARAKTERYSTYKA TECHNICZNA<\/p>\n<p>Op\u0142acalno\u015b\u0107 i doskona\u0142e parametry u\u017cytkowe<\/p>\n<p>Seria Standard to dobry stosunek efektywno\u015bci energetycznej do ceny system\u00f3w. Posiadaj\u0105 jedne z najlepszych warto\u015bci SEER\/SCOP w kategorii inwerter\u00f3w standardowych. Grzanie i ch\u0142odzenie w zakresie (-15o C\/-10o C). Zakres mocy jednostek od 6,00 do 14,00 kW.<\/p>\n<p>Dobry stosunek efektywno\u015bci energetycznej do ceny system\u00f3w<br \/>\nJedne z najlepszych warto\u015bci SEER\/SCOP w kategorii inwerter\u00f3w standardowych<br \/>\nSEER: A++ i SCOP: A++ przy mocy 6,00 i 7,10 kW (jednostki kasetonowe 90\u00d790)<br \/>\nSterownik wymienny z urz\u0105dzeniami z serii ECOi<br \/>\nKompaktowe jednostki zewn\u0119trzne<br \/>\nMo\u017cliwe po\u0142\u0105czenie w uk\u0142adzie split podw\u00f3jny<br \/>\nPraca w trybie ch\u0142odzenia do -10\u00b0C i<br \/>\nPraca w trybie ogrzewania do -15\u00b0C<br \/>\nDobre parametry: COP\/EER<br \/>\nPe\u0142na kompatybilno\u015b\u0107 z systemami VRF ECOi i GHP<br \/>\nRozbudowane mo\u017cliwo\u015bci sterowania<br \/>\nD\u0142ugie instalacje freonowe<\/p>\n<p>MODELE<\/p>\n<p>U-60PZ2E5 &#8211; 6,00 kW<br \/>\nU-71PZ2E5 &#8211; 7,10 kW<br \/>\nU-100PZ2E5 \/ U-100PZ2E8 &#8211; 10,00 kW<br \/>\nU-125PZ2E5 \/ U-125PZ2E8 &#8211; 12,50 kW<br \/>\nU-140PZ2E5 \/ U-140PZ2E8 &#8211; 14,00 kWMODELE<\/p>\n","protected":false},"excerpt":{"rendered":"<p><span style=\"color: #000000;\"><strong>Najwa\u017cniejsze zalety<\/strong><\/span>[dt_list style=\"1\" bullet_position=\"middle\" dividers=\"true\"][dt_list style=\"1\" bullet_position=\"middle\" dividers=\"true\"][dt_list_item image=\"\"]Dobry stosunek efektywno\u015bci energetycznej do ceny system\u00f3w[\/dt_list_item][dt_list_item image=\"\"]Jedne z najlepszych warto\u015bci seer\/scop w kategorii inwerter\u00f3w standardowych[\/dt_list_item][dt_list_item image=\"\"]Seer: a++ i scop: a++ przy mocy 6,00 i 7,10 kw (jednostki kasetonowe 90\u00d790)[\/dt_list_item][dt_list_item image=\"\"]Sterownik wymienny z urz\u0105dzeniami z serii ecoi[\/dt_list_item][\/dt_list]<\/p>\n","protected":false},"featured_media":89963,"template":"","meta":[],"product_cat":[7307,401,189],"product_tag":[5320,6387],"yoast_head":"<!-- This site is optimized with the Yoast SEO plugin v22.1 - https:\/\/yoast.com\/wordpress\/plugins\/seo\/ -->\n<title>AGREGATY SERII STANDARD PAC-I INVERTER - R32 \/ Ch\u0142odzenie do -10\u00b0C, Grzanie do -15\u00b0C 12878; COLD kW 3,3-15; HOT kW 3,4-16; SKU U-140PZ3E5<\/title>\n<meta name=\"description\" content=\"AGREGATY SERII STANDARD PAC-I INVERTER - R32 \/ Ch\u0142odzenie do -10\u00b0C, Grzanie do -15\u00b0C 12878; COLD kW 3,3-15; HOT kW 3,4-16; SKU U-140PZ3E5\" \/>\n<meta name=\"robots\" content=\"index, nofollow, max-snippet:-1, max-image-preview:large, max-video-preview:-1, noarchive\" \/>\n<link rel=\"canonical\" href=\"https:\/\/www.fabrykachlodu.pl\/sklep\/produkt\/agregaty-serii-standard-pac-i-inverter-r32-chlodzenie-do-10c-grzanie-do-15c-12878-cold-kw-33-15-hot-kw-34-16-sku-u-140pz3e5\/\" \/>\n<meta name=\"twitter:label1\" content=\"Szacowany czas czytania\" \/>\n\t<meta name=\"twitter:data1\" content=\"2 minuty\" \/>\n<script type=\"application\/ld+json\" class=\"yoast-schema-graph\">{\"@context\":\"https:\/\/schema.org\",\"@graph\":[{\"@type\":\"WebPage\",\"@id\":\"https:\/\/www.fabrykachlodu.pl\/sklep\/produkt\/agregaty-serii-standard-pac-i-inverter-r32-chlodzenie-do-10c-grzanie-do-15c-12878-cold-kw-33-15-hot-kw-34-16-sku-u-140pz3e5\/\",\"url\":\"https:\/\/www.fabrykachlodu.pl\/sklep\/produkt\/agregaty-serii-standard-pac-i-inverter-r32-chlodzenie-do-10c-grzanie-do-15c-12878-cold-kw-33-15-hot-kw-34-16-sku-u-140pz3e5\/\",\"name\":\"AGREGATY SERII STANDARD PAC-I INVERTER - R32 \/ Ch\u0142odzenie do -10\u00b0C, Grzanie do -15\u00b0C 12878; COLD kW 3,3-15; HOT kW 3,4-16; SKU U-140PZ3E5\",\"isPartOf\":{\"@id\":\"https:\/\/www.fabrykachlodu.pl\/sklep\/#website\"},\"datePublished\":\"2023-05-16T07:03:33+00:00\",\"dateModified\":\"2023-05-16T07:03:45+00:00\",\"description\":\"AGREGATY SERII STANDARD PAC-I INVERTER - R32 \/ Ch\u0142odzenie do -10\u00b0C, Grzanie do -15\u00b0C 12878; COLD kW 3,3-15; HOT kW 3,4-16; SKU U-140PZ3E5\",\"breadcrumb\":{\"@id\":\"https:\/\/www.fabrykachlodu.pl\/sklep\/produkt\/agregaty-serii-standard-pac-i-inverter-r32-chlodzenie-do-10c-grzanie-do-15c-12878-cold-kw-33-15-hot-kw-34-16-sku-u-140pz3e5\/#breadcrumb\"},\"inLanguage\":\"pl-PL\",\"potentialAction\":[{\"@type\":\"ReadAction\",\"target\":[\"https:\/\/www.fabrykachlodu.pl\/sklep\/produkt\/agregaty-serii-standard-pac-i-inverter-r32-chlodzenie-do-10c-grzanie-do-15c-12878-cold-kw-33-15-hot-kw-34-16-sku-u-140pz3e5\/\"]}]},{\"@type\":\"BreadcrumbList\",\"@id\":\"https:\/\/www.fabrykachlodu.pl\/sklep\/produkt\/agregaty-serii-standard-pac-i-inverter-r32-chlodzenie-do-10c-grzanie-do-15c-12878-cold-kw-33-15-hot-kw-34-16-sku-u-140pz3e5\/#breadcrumb\",\"itemListElement\":[{\"@type\":\"ListItem\",\"position\":1,\"name\":\"Strona g\u0142\u00f3wna\",\"item\":\"https:\/\/www.fabrykachlodu.pl\/sklep\/\"},{\"@type\":\"ListItem\",\"position\":2,\"name\":\"Szukasz klimatzyacji biurowej sklepowej lub do mieszkania?\",\"item\":\"https:\/\/www.fabrykachlodu.pl\/sklep\/\"},{\"@type\":\"ListItem\",\"position\":3,\"name\":\"AGREGATY SERII STANDARD PAC-I INVERTER &#8211; R32 \/ Ch\u0142odzenie do -10\u00b0C, Grzanie do -15\u00b0C 12878; COLD kW 3,3-15; HOT kW 3,4-16; SKU U-140PZ3E5\"}]},{\"@type\":\"WebSite\",\"@id\":\"https:\/\/www.fabrykachlodu.pl\/sklep\/#website\",\"url\":\"https:\/\/www.fabrykachlodu.pl\/sklep\/\",\"name\":\"\u00b0FC Sklep Internetowy monta\u017c klimatyzacji pomp ciep\u0142a\",\"description\":\"\u00b0FC monta\u017c klimatyzacji pomp ciep\u0142a z nami to szybki i tani wyb\u00f3r.  Us\u0142ugi monta\u017cowe i serwisowe W Warszawie i okolicach..\",\"potentialAction\":[{\"@type\":\"SearchAction\",\"target\":{\"@type\":\"EntryPoint\",\"urlTemplate\":\"https:\/\/www.fabrykachlodu.pl\/sklep\/?s={search_term_string}\"},\"query-input\":\"required name=search_term_string\"}],\"inLanguage\":\"pl-PL\"}]}<\/script>\n<!-- \/ Yoast SEO plugin. -->","yoast_head_json":{"title":"AGREGATY SERII STANDARD PAC-I INVERTER - R32 \/ Ch\u0142odzenie do -10\u00b0C, Grzanie do -15\u00b0C 12878; COLD kW 3,3-15; HOT kW 3,4-16; SKU U-140PZ3E5","description":"AGREGATY SERII STANDARD PAC-I INVERTER - R32 \/ Ch\u0142odzenie do -10\u00b0C, Grzanie do -15\u00b0C 12878; COLD kW 3,3-15; HOT kW 3,4-16; SKU U-140PZ3E5","robots":{"index":"index","follow":"nofollow","max-snippet":"max-snippet:-1","max-image-preview":"max-image-preview:large","max-video-preview":"max-video-preview:-1","archive":"noarchive"},"canonical":"https:\/\/www.fabrykachlodu.pl\/sklep\/produkt\/agregaty-serii-standard-pac-i-inverter-r32-chlodzenie-do-10c-grzanie-do-15c-12878-cold-kw-33-15-hot-kw-34-16-sku-u-140pz3e5\/","twitter_misc":{"Szacowany czas czytania":"2 minuty"},"schema":{"@context":"https:\/\/schema.org","@graph":[{"@type":"WebPage","@id":"https:\/\/www.fabrykachlodu.pl\/sklep\/produkt\/agregaty-serii-standard-pac-i-inverter-r32-chlodzenie-do-10c-grzanie-do-15c-12878-cold-kw-33-15-hot-kw-34-16-sku-u-140pz3e5\/","url":"https:\/\/www.fabrykachlodu.pl\/sklep\/produkt\/agregaty-serii-standard-pac-i-inverter-r32-chlodzenie-do-10c-grzanie-do-15c-12878-cold-kw-33-15-hot-kw-34-16-sku-u-140pz3e5\/","name":"AGREGATY SERII STANDARD PAC-I INVERTER - R32 \/ Ch\u0142odzenie do -10\u00b0C, Grzanie do -15\u00b0C 12878; COLD kW 3,3-15; HOT kW 3,4-16; SKU U-140PZ3E5","isPartOf":{"@id":"https:\/\/www.fabrykachlodu.pl\/sklep\/#website"},"datePublished":"2023-05-16T07:03:33+00:00","dateModified":"2023-05-16T07:03:45+00:00","description":"AGREGATY SERII STANDARD PAC-I INVERTER - R32 \/ Ch\u0142odzenie do -10\u00b0C, Grzanie do -15\u00b0C 12878; COLD kW 3,3-15; HOT kW 3,4-16; SKU U-140PZ3E5","breadcrumb":{"@id":"https:\/\/www.fabrykachlodu.pl\/sklep\/produkt\/agregaty-serii-standard-pac-i-inverter-r32-chlodzenie-do-10c-grzanie-do-15c-12878-cold-kw-33-15-hot-kw-34-16-sku-u-140pz3e5\/#breadcrumb"},"inLanguage":"pl-PL","potentialAction":[{"@type":"ReadAction","target":["https:\/\/www.fabrykachlodu.pl\/sklep\/produkt\/agregaty-serii-standard-pac-i-inverter-r32-chlodzenie-do-10c-grzanie-do-15c-12878-cold-kw-33-15-hot-kw-34-16-sku-u-140pz3e5\/"]}]},{"@type":"BreadcrumbList","@id":"https:\/\/www.fabrykachlodu.pl\/sklep\/produkt\/agregaty-serii-standard-pac-i-inverter-r32-chlodzenie-do-10c-grzanie-do-15c-12878-cold-kw-33-15-hot-kw-34-16-sku-u-140pz3e5\/#breadcrumb","itemListElement":[{"@type":"ListItem","position":1,"name":"Strona g\u0142\u00f3wna","item":"https:\/\/www.fabrykachlodu.pl\/sklep\/"},{"@type":"ListItem","position":2,"name":"Szukasz klimatzyacji biurowej sklepowej lub do mieszkania?","item":"https:\/\/www.fabrykachlodu.pl\/sklep\/"},{"@type":"ListItem","position":3,"name":"AGREGATY SERII STANDARD PAC-I INVERTER &#8211; R32 \/ Ch\u0142odzenie do -10\u00b0C, Grzanie do -15\u00b0C 12878; COLD kW 3,3-15; HOT kW 3,4-16; SKU U-140PZ3E5"}]},{"@type":"WebSite","@id":"https:\/\/www.fabrykachlodu.pl\/sklep\/#website","url":"https:\/\/www.fabrykachlodu.pl\/sklep\/","name":"\u00b0FC Sklep Internetowy monta\u017c klimatyzacji pomp ciep\u0142a","description":"\u00b0FC monta\u017c klimatyzacji pomp ciep\u0142a z nami to szybki i tani wyb\u00f3r.  Us\u0142ugi monta\u017cowe i serwisowe W Warszawie i okolicach..","potentialAction":[{"@type":"SearchAction","target":{"@type":"EntryPoint","urlTemplate":"https:\/\/www.fabrykachlodu.pl\/sklep\/?s={search_term_string}"},"query-input":"required name=search_term_string"}],"inLanguage":"pl-PL"}]}},"_links":{"self":[{"href":"https:\/\/www.fabrykachlodu.pl\/sklep\/wp-json\/wp\/v2\/product\/91315"}],"collection":[{"href":"https:\/\/www.fabrykachlodu.pl\/sklep\/wp-json\/wp\/v2\/product"}],"about":[{"href":"https:\/\/www.fabrykachlodu.pl\/sklep\/wp-json\/wp\/v2\/types\/product"}],"wp:featuredmedia":[{"embeddable":true,"href":"https:\/\/www.fabrykachlodu.pl\/sklep\/wp-json\/wp\/v2\/media\/89963"}],"wp:attachment":[{"href":"https:\/\/www.fabrykachlodu.pl\/sklep\/wp-json\/wp\/v2\/media?parent=91315"}],"wp:term":[{"taxonomy":"product_cat","embeddable":true,"href":"https:\/\/www.fabrykachlodu.pl\/sklep\/wp-json\/wp\/v2\/product_cat?post=91315"},{"taxonomy":"product_tag","embeddable":true,"href":"https:\/\/www.fabrykachlodu.pl\/sklep\/wp-json\/wp\/v2\/product_tag?post=91315"}],"curies":[{"name":"wp","href":"https:\/\/api.w.org\/{rel}","templated":true}]}}