{"id":91321,"date":"2023-05-16T09:03:35","date_gmt":"2023-05-16T07:03:35","guid":{"rendered":"https:\/\/www.fabrykachlodu.pl\/sklep\/?post_type=product&#038;p=91321"},"modified":"2023-05-16T09:03:47","modified_gmt":"2023-05-16T07:03:47","slug":"pac-i-wewnetrzne-scienne-4575-cold-kw-36-50-hot-kw-61-95-sku-s-3650pk3e","status":"publish","type":"product","link":"https:\/\/www.fabrykachlodu.pl\/sklep\/produkt\/pac-i-wewnetrzne-scienne-4575-cold-kw-36-50-hot-kw-61-95-sku-s-3650pk3e\/","title":{"rendered":"PAC-I WEWN\u0118TRZNE \u015aCIENNE 4575; COLD kW 3,6-5,0; HOT kW 6,1-9,5; SKU S-3650PK3E"},"content":{"rendered":"<br \/>\n<h2>Zam\u00f3wienie dotyczy: PAC-I WEWN\u0118TRZNE \u015aCIENNE 4575; COLD kW 3,6-5,0; HOT kW 6,1-9,5; SKU S-6010PK3EWydajno\u015b\u0107 ch\u0142odnicza (kW) 3,6-5,0 Wydajno\u015b\u0107 grzewcza (kW) 6,1-9,5 Cena katalogowa PLN 4575 <\/h2>\n<p><h3><strong>W jednym miejscu poznasz:<\/strong><\/h3>\n<p> Najwa\u017cniejsze funkcje<br \/> Por\u00f3wnasz produkty<br \/> Poznasz parametry techniczne<br \/> Poznasz cen\u0119 i zrealizujesz zam\u00f3wienie<br \/> Otrzymasz ofert\u0119 zakupu ratalnego lub leasingu<br \/><strong><\/p>\n<h3>Czy wiesz, \u017ce:<\/strong><\/h3>\n<p>Zwi\u0119kszony komfort i znaczne oszcz\u0119dno\u015bci.<strong><\/p>\n<h3>Zlecaj\u0105c nam monta\u017c otrzymasz:<\/strong><\/h3>\n<p> PAC-I WEWN\u0118TRZNE \u015aCIENNE 4575; COLD kW 3,6-5,0; HOT kW 6,1-9,5; SKU S-6010PK3E z rabatem kupuj\u0105c w naszym sklepie online lub wybieraj\u0105c monta\u017c <br \/> Gwarancje <br \/> Kompletne pod\u0142\u0105czenie elektryczne oraz hydrauliczne<br \/>PAC-I WEWN\u0118TRZNE \u015aCIENNE 4575; COLD kW 3,6-5,0; HOT kW 6,1-9,5; SKU S-6010PK3E z rabatem kupuj\u0105c w naszym sklepie online lub wybieraj\u0105c monta\u017c <br \/> Gwarancje <br \/> Kompletne pod\u0142\u0105czenie elektryczne oraz hydrauliczne<br \/>Jednostki \u015bcienne PACi Panasonic<\/p>\n<p>Jednostki \u015bcienne ze stylowym, matowym wyko\u0144czeniem mog\u0105 znale\u017a\u0107 zastosowanie w wielu miejscach, takich jak: pracownie, sale gimnastyczne, pomieszczenia z wysokim sufitem, a nawet serwerownie. Jednostki zaliczaj\u0105 si\u0119 do najciszej pracuj\u0105cych spo\u015br\u00f3d dost\u0119pnych na rynku, dzi\u0119ki czemu idealnie nadaj\u0105 si\u0119 do hoteli i szpitali.<\/p>\n<p>Stylowe matowe wyko\u0144czenie w kolorze bia\u0142ym wpasowuje si\u0119 w nowoczesny wystr\u00f3j wn\u0119trz. Elegancka konstrukcja i niewielkie wymiary umo\u017cliwiaj\u0105 dyskretn\u0105 instalacj\u0119 &#8211; nawet w warunkach, gdy ilo\u015b\u0107 miejsca jest ograniczona.<\/p>\n<p>Nanoe\u2122 X, technologia wykorzystuj\u0105ca zalety rodnik\u00f3w hydroksylowych. Naturalna r\u00f3wnowaga w Twoich wn\u0119trzach.<br \/>\nObficie wyst\u0119puj\u0105ce w naturze rodniki hydroksylowe (znane r\u00f3wnie\u017c jako rodniki OH) neutralizuj\u0105 szkodliwe substancje, wirusy i bakterie, oczyszczaj\u0105c powietrze i usuwaj\u0105c nieprzyjemne zapachy. Teraz dzi\u0119ki technologii nanoe\u2122 X mo\u017cemy korzysta\u0107 z tych niesamowitych w\u0142a\u015bciwo\u015bci w pomieszczeniach, przez co powierzchnie \u015bcian i pod\u0142\u00f3g, tapicerki meblowe i powietrze mog\u0105 by\u0107 czystsze i przyjemniejsze &#8211; i to nie tylko w Twoim domu i w pracy, ale r\u00f3wnie\u017c w hotelach, sklepach czy restauracjach, kt\u00f3re odwiedzasz.<\/p>\n<p>Charakterystyka techniczna<\/p>\n<p>Jednostki \u015bcienne PACi pracuj\u0105 na czynnik roboczy R32. Zakres wydajno\u015bci ch\u0142odniczej od 3,6 do 9,5 kW. Jednostki charakteryzuj\u0105 si\u0119:<\/p>\n<p>Nowoczesne wzornictwo: p\u0142aska budowa i niewielkie wymiary<br \/>\nWentylator nap\u0119dzany silnikiem pr\u0105du sta\u0142ego, zapewniaj\u0105cy lepsz\u0105 wydajno\u015b\u0107 i regulacj\u0119<br \/>\nWyprowadzenie orurowania w sze\u015bciu kierunkach<br \/>\nJednostki standardowo wyposa\u017cone w technologi\u0119 nanoe\u2122 X (generator Mark 2 = 9,6 biliona rodnik\u00f3w hydroksylowych na sekund\u0119) dla zapewnienia lepszej jako\u015bci powietrza w pomieszczeniach<br \/>\nSterownik przewodowy CZ-RTC6BL umo\u017cliwia \u0142atwe sterowanie systemem za po\u015brednictwem Bluetooth\u00ae<br \/>\n\u0141atwe pod\u0142\u0105czenie i sterowanie zewn\u0119trznym wentylatorem lub uk\u0142adem wentylacji odzyskowej ERV za po\u015brednictwem z\u0142\u0105cza PAW &#8211; FDC na p\u0142ytce steruj\u0105cej jednostki wewn\u0119trznej.<br \/>\nMo\u017cliwo\u015b\u0107 sterowania urz\u0105dzeniem zewn\u0119trznym za po\u015brednictwem sterownika indywidualnego jednostki wewn\u0119trznej Panasonic<\/p>\n<p>MODELE<\/p>\n<p>Jednostki wewn\u0119trzne &#8211; kolor bia\u0142y matowy<\/p>\n<p>S-3650PK3E &#8211; 3,60 kW<br \/>\nS-3650PK3E &#8211; 5,00 kW<br \/>\nS-6010PK3E &#8211; 6,10 kW<br \/>\nS-6010PK3E &#8211; 7,10 kW<br \/>\nS-6010PK3E &#8211; 9,50 kWMODELE<\/p>\n","protected":false},"excerpt":{"rendered":"<p><span style=\"color: #000000;\"><strong>Najwa\u017cniejsze zalety<\/strong><\/span>[dt_list style=\"1\" bullet_position=\"middle\" dividers=\"true\"][dt_list style=\"1\" bullet_position=\"middle\" dividers=\"true\"][dt_list_item image=\"\"]Nowoczesne wzornictwo: p\u0142aska budowa i niewielkie wymiary[\/dt_list_item][dt_list_item image=\"\"]Wentylator nap\u0119dzany silnikiem pr\u0105du sta\u0142ego, zapewniaj\u0105cy lepsz\u0105 wydajno\u015b\u0107 i regulacj\u0119[\/dt_list_item][dt_list_item image=\"\"]Wyprowadzenie orurowania w sze\u015bciu kierunkach[\/dt_list_item][dt_list_item image=\"\"]Jednostki standardowo wyposa\u017cone w technologi\u0119 nanoe\u2122 x (generator mark 2 = 9,6 biliona rodnik\u00f3w hydroksylowych na sekund\u0119) dla zapewnienia lepszej jako\u015bci powietrza w pomieszczeniach[\/dt_list_item][\/dt_list]<\/p>\n","protected":false},"featured_media":89957,"template":"","meta":[],"product_cat":[7384,401,189],"product_tag":[7242],"yoast_head":"<!-- This site is optimized with the Yoast SEO plugin v22.1 - https:\/\/yoast.com\/wordpress\/plugins\/seo\/ -->\n<title>PAC-I WEWN\u0118TRZNE \u015aCIENNE 4575; COLD kW 3,6-5,0; HOT kW 6,1-9,5; SKU S-3650PK3E<\/title>\n<meta name=\"description\" content=\"PAC-I WEWN\u0118TRZNE \u015aCIENNE 4575; COLD kW 3,6-5,0; HOT kW 6,1-9,5; SKU S-3650PK3E\" \/>\n<meta name=\"robots\" content=\"index, follow, max-snippet:-1, max-image-preview:large, max-video-preview:-1\" \/>\n<link rel=\"canonical\" href=\"https:\/\/www.fabrykachlodu.pl\/sklep\/produkt\/pac-i-wewnetrzne-scienne-4575-cold-kw-36-50-hot-kw-61-95-sku-s-3650pk3e\/\" \/>\n<meta name=\"twitter:label1\" content=\"Szacowany czas czytania\" \/>\n\t<meta name=\"twitter:data1\" content=\"2 minuty\" \/>\n<script type=\"application\/ld+json\" class=\"yoast-schema-graph\">{\"@context\":\"https:\/\/schema.org\",\"@graph\":[{\"@type\":\"WebPage\",\"@id\":\"https:\/\/www.fabrykachlodu.pl\/sklep\/produkt\/pac-i-wewnetrzne-scienne-4575-cold-kw-36-50-hot-kw-61-95-sku-s-3650pk3e\/\",\"url\":\"https:\/\/www.fabrykachlodu.pl\/sklep\/produkt\/pac-i-wewnetrzne-scienne-4575-cold-kw-36-50-hot-kw-61-95-sku-s-3650pk3e\/\",\"name\":\"PAC-I WEWN\u0118TRZNE \u015aCIENNE 4575; COLD kW 3,6-5,0; HOT kW 6,1-9,5; SKU S-3650PK3E\",\"isPartOf\":{\"@id\":\"https:\/\/www.fabrykachlodu.pl\/sklep\/#website\"},\"datePublished\":\"2023-05-16T07:03:35+00:00\",\"dateModified\":\"2023-05-16T07:03:47+00:00\",\"description\":\"PAC-I WEWN\u0118TRZNE \u015aCIENNE 4575; COLD kW 3,6-5,0; HOT kW 6,1-9,5; SKU S-3650PK3E\",\"breadcrumb\":{\"@id\":\"https:\/\/www.fabrykachlodu.pl\/sklep\/produkt\/pac-i-wewnetrzne-scienne-4575-cold-kw-36-50-hot-kw-61-95-sku-s-3650pk3e\/#breadcrumb\"},\"inLanguage\":\"pl-PL\",\"potentialAction\":[{\"@type\":\"ReadAction\",\"target\":[\"https:\/\/www.fabrykachlodu.pl\/sklep\/produkt\/pac-i-wewnetrzne-scienne-4575-cold-kw-36-50-hot-kw-61-95-sku-s-3650pk3e\/\"]}]},{\"@type\":\"BreadcrumbList\",\"@id\":\"https:\/\/www.fabrykachlodu.pl\/sklep\/produkt\/pac-i-wewnetrzne-scienne-4575-cold-kw-36-50-hot-kw-61-95-sku-s-3650pk3e\/#breadcrumb\",\"itemListElement\":[{\"@type\":\"ListItem\",\"position\":1,\"name\":\"Strona g\u0142\u00f3wna\",\"item\":\"https:\/\/www.fabrykachlodu.pl\/sklep\/\"},{\"@type\":\"ListItem\",\"position\":2,\"name\":\"Szukasz klimatzyacji biurowej sklepowej lub do mieszkania?\",\"item\":\"https:\/\/www.fabrykachlodu.pl\/sklep\/\"},{\"@type\":\"ListItem\",\"position\":3,\"name\":\"PAC-I WEWN\u0118TRZNE \u015aCIENNE 4575; COLD kW 3,6-5,0; HOT kW 6,1-9,5; SKU S-3650PK3E\"}]},{\"@type\":\"WebSite\",\"@id\":\"https:\/\/www.fabrykachlodu.pl\/sklep\/#website\",\"url\":\"https:\/\/www.fabrykachlodu.pl\/sklep\/\",\"name\":\"\u00b0FC Sklep Internetowy monta\u017c klimatyzacji pomp ciep\u0142a\",\"description\":\"\u00b0FC monta\u017c klimatyzacji pomp ciep\u0142a z nami to szybki i tani wyb\u00f3r.  Us\u0142ugi monta\u017cowe i serwisowe W Warszawie i okolicach..\",\"potentialAction\":[{\"@type\":\"SearchAction\",\"target\":{\"@type\":\"EntryPoint\",\"urlTemplate\":\"https:\/\/www.fabrykachlodu.pl\/sklep\/?s={search_term_string}\"},\"query-input\":\"required name=search_term_string\"}],\"inLanguage\":\"pl-PL\"}]}<\/script>\n<!-- \/ Yoast SEO plugin. -->","yoast_head_json":{"title":"PAC-I WEWN\u0118TRZNE \u015aCIENNE 4575; COLD kW 3,6-5,0; HOT kW 6,1-9,5; SKU S-3650PK3E","description":"PAC-I WEWN\u0118TRZNE \u015aCIENNE 4575; COLD kW 3,6-5,0; HOT kW 6,1-9,5; SKU S-3650PK3E","robots":{"index":"index","follow":"follow","max-snippet":"max-snippet:-1","max-image-preview":"max-image-preview:large","max-video-preview":"max-video-preview:-1"},"canonical":"https:\/\/www.fabrykachlodu.pl\/sklep\/produkt\/pac-i-wewnetrzne-scienne-4575-cold-kw-36-50-hot-kw-61-95-sku-s-3650pk3e\/","twitter_misc":{"Szacowany czas czytania":"2 minuty"},"schema":{"@context":"https:\/\/schema.org","@graph":[{"@type":"WebPage","@id":"https:\/\/www.fabrykachlodu.pl\/sklep\/produkt\/pac-i-wewnetrzne-scienne-4575-cold-kw-36-50-hot-kw-61-95-sku-s-3650pk3e\/","url":"https:\/\/www.fabrykachlodu.pl\/sklep\/produkt\/pac-i-wewnetrzne-scienne-4575-cold-kw-36-50-hot-kw-61-95-sku-s-3650pk3e\/","name":"PAC-I WEWN\u0118TRZNE \u015aCIENNE 4575; COLD kW 3,6-5,0; HOT kW 6,1-9,5; SKU S-3650PK3E","isPartOf":{"@id":"https:\/\/www.fabrykachlodu.pl\/sklep\/#website"},"datePublished":"2023-05-16T07:03:35+00:00","dateModified":"2023-05-16T07:03:47+00:00","description":"PAC-I WEWN\u0118TRZNE \u015aCIENNE 4575; COLD kW 3,6-5,0; HOT kW 6,1-9,5; SKU S-3650PK3E","breadcrumb":{"@id":"https:\/\/www.fabrykachlodu.pl\/sklep\/produkt\/pac-i-wewnetrzne-scienne-4575-cold-kw-36-50-hot-kw-61-95-sku-s-3650pk3e\/#breadcrumb"},"inLanguage":"pl-PL","potentialAction":[{"@type":"ReadAction","target":["https:\/\/www.fabrykachlodu.pl\/sklep\/produkt\/pac-i-wewnetrzne-scienne-4575-cold-kw-36-50-hot-kw-61-95-sku-s-3650pk3e\/"]}]},{"@type":"BreadcrumbList","@id":"https:\/\/www.fabrykachlodu.pl\/sklep\/produkt\/pac-i-wewnetrzne-scienne-4575-cold-kw-36-50-hot-kw-61-95-sku-s-3650pk3e\/#breadcrumb","itemListElement":[{"@type":"ListItem","position":1,"name":"Strona g\u0142\u00f3wna","item":"https:\/\/www.fabrykachlodu.pl\/sklep\/"},{"@type":"ListItem","position":2,"name":"Szukasz klimatzyacji biurowej sklepowej lub do mieszkania?","item":"https:\/\/www.fabrykachlodu.pl\/sklep\/"},{"@type":"ListItem","position":3,"name":"PAC-I WEWN\u0118TRZNE \u015aCIENNE 4575; COLD kW 3,6-5,0; HOT kW 6,1-9,5; SKU S-3650PK3E"}]},{"@type":"WebSite","@id":"https:\/\/www.fabrykachlodu.pl\/sklep\/#website","url":"https:\/\/www.fabrykachlodu.pl\/sklep\/","name":"\u00b0FC Sklep Internetowy monta\u017c klimatyzacji pomp ciep\u0142a","description":"\u00b0FC monta\u017c klimatyzacji pomp ciep\u0142a z nami to szybki i tani wyb\u00f3r.  Us\u0142ugi monta\u017cowe i serwisowe W Warszawie i okolicach..","potentialAction":[{"@type":"SearchAction","target":{"@type":"EntryPoint","urlTemplate":"https:\/\/www.fabrykachlodu.pl\/sklep\/?s={search_term_string}"},"query-input":"required name=search_term_string"}],"inLanguage":"pl-PL"}]}},"_links":{"self":[{"href":"https:\/\/www.fabrykachlodu.pl\/sklep\/wp-json\/wp\/v2\/product\/91321"}],"collection":[{"href":"https:\/\/www.fabrykachlodu.pl\/sklep\/wp-json\/wp\/v2\/product"}],"about":[{"href":"https:\/\/www.fabrykachlodu.pl\/sklep\/wp-json\/wp\/v2\/types\/product"}],"wp:featuredmedia":[{"embeddable":true,"href":"https:\/\/www.fabrykachlodu.pl\/sklep\/wp-json\/wp\/v2\/media\/89957"}],"wp:attachment":[{"href":"https:\/\/www.fabrykachlodu.pl\/sklep\/wp-json\/wp\/v2\/media?parent=91321"}],"wp:term":[{"taxonomy":"product_cat","embeddable":true,"href":"https:\/\/www.fabrykachlodu.pl\/sklep\/wp-json\/wp\/v2\/product_cat?post=91321"},{"taxonomy":"product_tag","embeddable":true,"href":"https:\/\/www.fabrykachlodu.pl\/sklep\/wp-json\/wp\/v2\/product_tag?post=91321"}],"curies":[{"name":"wp","href":"https:\/\/api.w.org\/{rel}","templated":true}]}}