{"id":91326,"date":"2023-05-16T09:03:51","date_gmt":"2023-05-16T07:03:51","guid":{"rendered":"https:\/\/www.fabrykachlodu.pl\/sklep\/?post_type=product&#038;p=91326"},"modified":"2023-05-16T09:03:58","modified_gmt":"2023-05-16T07:03:58","slug":"pac-i-wewnetrzne-kasety-60x60-b-4317-cold-kw-6-hot-kw-6-sku-s-60py3e","status":"publish","type":"product","link":"https:\/\/www.fabrykachlodu.pl\/sklep\/produkt\/pac-i-wewnetrzne-kasety-60x60-b-4317-cold-kw-6-hot-kw-6-sku-s-60py3e\/","title":{"rendered":"PAC-I WEWN\u0118TRZNE KASETY 60&#215;60 (B) 4317; COLD kW 6; HOT kW 6; SKU S-60PY3E*"},"content":{"rendered":"<br \/>\n<h2>Zam\u00f3wienie dotyczy: PAC-I WEWN\u0118TRZNE KASETY 60&#215;60 (B) 4317; COLD kW 6; HOT kW 6; SKU CZ-KPY4Wydajno\u015b\u0107 ch\u0142odnicza (kW) 6 Wydajno\u015b\u0107 grzewcza (kW) 6 Cena katalogowa PLN 4317 <\/h2>\n<p><h3><strong>W jednym miejscu poznasz:<\/strong><\/h3>\n<p> Najwa\u017cniejsze funkcje<br \/> Por\u00f3wnasz produkty<br \/> Poznasz parametry techniczne<br \/> Poznasz cen\u0119 i zrealizujesz zam\u00f3wienie<br \/> Otrzymasz ofert\u0119 zakupu ratalnego lub leasingu<br \/><strong><\/p>\n<h3>Czy wiesz, \u017ce:<\/strong><\/h3>\n<p>Zwi\u0119kszony komfort i znaczne oszcz\u0119dno\u015bci.<strong><\/p>\n<h3>Zlecaj\u0105c nam monta\u017c otrzymasz:<\/strong><\/h3>\n<p> PAC-I WEWN\u0118TRZNE KASETY 60&#215;60 (B) 4317; COLD kW 6; HOT kW 6; SKU CZ-KPY4 z rabatem kupuj\u0105c w naszym sklepie online lub wybieraj\u0105c monta\u017c <br \/> Gwarancje <br \/> Kompletne pod\u0142\u0105czenie elektryczne oraz hydrauliczne<br \/>PAC-I WEWN\u0118TRZNE KASETY 60&#215;60 (B) 4317; COLD kW 6; HOT kW 6; SKU CZ-KPY4 z rabatem kupuj\u0105c w naszym sklepie online lub wybieraj\u0105c monta\u017c <br \/> Gwarancje <br \/> Kompletne pod\u0142\u0105czenie elektryczne oraz hydrauliczne<br \/>Jednostki kasetonowe 60&#215;60 PACi Panasonic<\/p>\n<p>Jednostki kasetonowe o kompaktowej budowie i niewielkiej masie (18 kg) s\u0105 idealne do biur i restauracji. Lekka konstrukcja i ma\u0142a wysoko\u015b\u0107 monta\u017cowa umo\u017cliwiaj\u0105 instalowanie jednostek nawet w niskich przestrzeniach nadsufitowych. Jednostki zaprojektowane do instalowania w sufitach kasetonowych w modu\u0142ach 600 \u00d7 600 mm bez potrzeby ingerencji w konstrukcj\u0119 no\u015bn\u0105 sufitu. Rura odp\u0142ywu skroplin mo\u017ce przebiega\u0107 nawet o ok. 350 mm wy\u017cej ni\u017c w konwencjonalnych jednostkach, gdy\u017c zastosowano pomp\u0119 skroplin o du\u017cej wysoko\u015bci podnoszenia. Mo\u017cliwe jest te\u017c odprowadzenie skroplin d\u0142ug\u0105 rur\u0105 poziom\u0105.<\/p>\n<p>Nanoe\u2122 X, technologia wykorzystuj\u0105ca zalety rodnik\u00f3w hydroksylowych. Naturalna r\u00f3wnowaga w Twoich wn\u0119trzach.<br \/>\nObficie wyst\u0119puj\u0105ce w naturze rodniki hydroksylowe (znane r\u00f3wnie\u017c jako rodniki OH) neutralizuj\u0105 szkodliwe substancje, wirusy i bakterie, oczyszczaj\u0105c powietrze i usuwaj\u0105c nieprzyjemne zapachy. Teraz dzi\u0119ki technologii nanoe\u2122 X mo\u017cemy korzysta\u0107 z tych niesamowitych w\u0142a\u015bciwo\u015bci w pomieszczeniach, przez co powierzchnie \u015bcian i pod\u0142\u00f3g, tapicerki meblowe i powietrze mog\u0105 by\u0107 czystsze i przyjemniejsze &#8211; i to nie tylko w Twoim domu i w pracy, ale r\u00f3wnie\u017c w hotelach, sklepach czy restauracjach, kt\u00f3re odwiedzasz.<\/p>\n<p>Charakterystyka techniczna<\/p>\n<p>Jednostki kasetonowe 60 x 60 PACi w kompaktowej obudowie pracuj\u0105 na czynnik roboczy R32, R410a. Zakres wydajno\u015bci ch\u0142odniczej od 3,6 do 5,0 kW. Jednostki charakteryzuj\u0105 si\u0119:<\/p>\n<p>Pompka skroplin w zestawie<br \/>\nPompka skroplin zasilana pr\u0105dem sta\u0142ym i wy\u0142\u0105cznik p\u0142ywakowy dla zmniejszenia ha\u0142asu<br \/>\nJednostki standardowo wyposa\u017cone w technologi\u0119 nanoe\u2122 X<br \/>\n(generator Mark 2 = 9,6 biliona rodnik\u00f3w hydroksylowych na sekund\u0119)<br \/>\ndla zapewnienia lepszej jako\u015bci powietrza w pomieszczeniach<br \/>\nWlot \u015bwie\u017cego powietrza<br \/>\nWLAN Ready (obs\u0142uga poprzez Wifi za pomoc\u0105 smartfona)<br \/>\nAplikacja DataNavi przy zastosowaniu sterownika na\u015bcienne RTC5B<br \/>\nPraca naprzemienna przy zastosowaniu sterownika na\u015bcienne RTC5B<br \/>\nEconavi w opcji wyposa\u017cenia dodatkowego<br \/>\nMo\u017cliwo\u015b\u0107 pod\u0142\u0105czenia do BMS po zastosowaniu bramki<br \/>\nMoc od 2,5 do 6,0 kW (4 modele)<\/p>\n<p>MODELE<\/p>\n<p>Jednostki wewn\u0119trzne <\/p>\n<p>S-25PY3E &#8211; 2,50 kW<br \/>\nS-36PY3E &#8211; 3,60 kW<br \/>\nS-50PY3E &#8211; 5,00 kW<br \/>\nS-60PY3E &#8211; 6,00 kW<\/p>\n<p>Panele<\/p>\n<p>CZ-KPY4 &#8211; 700 x 700 mmPAC-I wewn\u0119trzne kasety 4-kierunkowe 95&#215;95 maj\u0105 kilka zalet, takich jak:<\/p>\n<p>Wygodne sterowanie: PAC-I wewn\u0119trzne kasety 4-kierunkowe 95&#215;95 s\u0105 \u0142atwe w obs\u0142udze i sterowaniu, dzi\u0119ki czemu zapewniaj\u0105 wygod\u0119 i komfort u\u017cytkowania.<\/p>\n<p>Wysoka wydajno\u015b\u0107: Te klimatyzatory zapewniaj\u0105 wysok\u0105 wydajno\u015b\u0107 ch\u0142odzenia i ogrzewania, co pozwala na szybkie i efektywne dostosowanie temperatury w pomieszczeniu do potrzeb u\u017cytkownika.<\/p>\n<p>Cicha praca: Dzi\u0119ki zaawansowanym technologiom PAC-I wewn\u0119trzne kasety 4-kierunkowe 95&#215;95 charakteryzuj\u0105 si\u0119 cich\u0105 prac\u0105, co wp\u0142ywa na wi\u0119kszy komfort u\u017cytkowania.<\/p>\n<p>Estetyczny design: Klimatyzatory PAC-I wewn\u0119trzne kasety 4-kierunkowe 95&#215;95 s\u0105 estetyczne i eleganckie, co pozwala na ich integracj\u0119 z ka\u017cdym rodzajem wn\u0119trza, bez szkody dla estetyki pomieszczenia.MODELE<\/p>\n","protected":false},"excerpt":{"rendered":"<p><span style=\"color: #000000;\"><strong>Najwa\u017cniejsze zalety<\/strong><\/span>[dt_list style=\"1\" bullet_position=\"middle\" dividers=\"true\"][dt_list style=\"1\" bullet_position=\"middle\" dividers=\"true\"][dt_list_item image=\"\"]Pompka skroplin w zestawie[\/dt_list_item][dt_list_item image=\"\"]Pompka skroplin zasilana pr\u0105dem sta\u0142ym i wy\u0142\u0105cznik p\u0142ywakowy dla zmniejszenia ha\u0142asu[\/dt_list_item][dt_list_item image=\"\"]Jednostki standardowo wyposa\u017cone w technologi\u0119 nanoe\u2122 x<br \/>\n(generator mark 2 = 9,6 biliona rodnik\u00f3w hydroksylowych na sekund\u0119)<br \/>\nDla zapewnienia lepszej jako\u015bci powietrza w pomieszczeniach[\/dt_list_item][dt_list_item image=\"\"]Wlot \u015bwie\u017cego powietrza[\/dt_list_item][\/dt_list]<\/p>\n","protected":false},"featured_media":89926,"template":"","meta":[],"product_cat":[7305,401,189],"product_tag":[7242],"yoast_head":"<!-- This site is optimized with the Yoast SEO plugin v22.1 - https:\/\/yoast.com\/wordpress\/plugins\/seo\/ -->\n<title>PAC-I WEWN\u0118TRZNE KASETY 60x60 (B) 4317; COLD kW 6; HOT kW 6; SKU S-60PY3E*<\/title>\n<meta name=\"description\" content=\"PAC-I WEWN\u0118TRZNE KASETY 60x60 (B) 4317; COLD kW 6; HOT kW 6; SKU S-60PY3E*\" \/>\n<meta name=\"robots\" content=\"index, follow, max-snippet:-1, max-image-preview:large, max-video-preview:-1\" \/>\n<link rel=\"canonical\" href=\"https:\/\/www.fabrykachlodu.pl\/sklep\/produkt\/pac-i-wewnetrzne-kasety-60x60-b-4317-cold-kw-6-hot-kw-6-sku-s-60py3e\/\" \/>\n<meta name=\"twitter:label1\" content=\"Szacowany czas czytania\" \/>\n\t<meta name=\"twitter:data1\" content=\"3 minuty\" \/>\n<script type=\"application\/ld+json\" class=\"yoast-schema-graph\">{\"@context\":\"https:\/\/schema.org\",\"@graph\":[{\"@type\":\"WebPage\",\"@id\":\"https:\/\/www.fabrykachlodu.pl\/sklep\/produkt\/pac-i-wewnetrzne-kasety-60x60-b-4317-cold-kw-6-hot-kw-6-sku-s-60py3e\/\",\"url\":\"https:\/\/www.fabrykachlodu.pl\/sklep\/produkt\/pac-i-wewnetrzne-kasety-60x60-b-4317-cold-kw-6-hot-kw-6-sku-s-60py3e\/\",\"name\":\"PAC-I WEWN\u0118TRZNE KASETY 60x60 (B) 4317; COLD kW 6; HOT kW 6; SKU S-60PY3E*\",\"isPartOf\":{\"@id\":\"https:\/\/www.fabrykachlodu.pl\/sklep\/#website\"},\"datePublished\":\"2023-05-16T07:03:51+00:00\",\"dateModified\":\"2023-05-16T07:03:58+00:00\",\"description\":\"PAC-I WEWN\u0118TRZNE KASETY 60x60 (B) 4317; COLD kW 6; HOT kW 6; SKU S-60PY3E*\",\"breadcrumb\":{\"@id\":\"https:\/\/www.fabrykachlodu.pl\/sklep\/produkt\/pac-i-wewnetrzne-kasety-60x60-b-4317-cold-kw-6-hot-kw-6-sku-s-60py3e\/#breadcrumb\"},\"inLanguage\":\"pl-PL\",\"potentialAction\":[{\"@type\":\"ReadAction\",\"target\":[\"https:\/\/www.fabrykachlodu.pl\/sklep\/produkt\/pac-i-wewnetrzne-kasety-60x60-b-4317-cold-kw-6-hot-kw-6-sku-s-60py3e\/\"]}]},{\"@type\":\"BreadcrumbList\",\"@id\":\"https:\/\/www.fabrykachlodu.pl\/sklep\/produkt\/pac-i-wewnetrzne-kasety-60x60-b-4317-cold-kw-6-hot-kw-6-sku-s-60py3e\/#breadcrumb\",\"itemListElement\":[{\"@type\":\"ListItem\",\"position\":1,\"name\":\"Strona g\u0142\u00f3wna\",\"item\":\"https:\/\/www.fabrykachlodu.pl\/sklep\/\"},{\"@type\":\"ListItem\",\"position\":2,\"name\":\"Szukasz klimatzyacji biurowej sklepowej lub do mieszkania?\",\"item\":\"https:\/\/www.fabrykachlodu.pl\/sklep\/\"},{\"@type\":\"ListItem\",\"position\":3,\"name\":\"PAC-I WEWN\u0118TRZNE KASETY 60&#215;60 (B) 4317; COLD kW 6; HOT kW 6; SKU S-60PY3E*\"}]},{\"@type\":\"WebSite\",\"@id\":\"https:\/\/www.fabrykachlodu.pl\/sklep\/#website\",\"url\":\"https:\/\/www.fabrykachlodu.pl\/sklep\/\",\"name\":\"\u00b0FC Sklep Internetowy monta\u017c klimatyzacji pomp ciep\u0142a\",\"description\":\"\u00b0FC monta\u017c klimatyzacji pomp ciep\u0142a z nami to szybki i tani wyb\u00f3r.  Us\u0142ugi monta\u017cowe i serwisowe W Warszawie i okolicach..\",\"potentialAction\":[{\"@type\":\"SearchAction\",\"target\":{\"@type\":\"EntryPoint\",\"urlTemplate\":\"https:\/\/www.fabrykachlodu.pl\/sklep\/?s={search_term_string}\"},\"query-input\":\"required name=search_term_string\"}],\"inLanguage\":\"pl-PL\"}]}<\/script>\n<!-- \/ Yoast SEO plugin. -->","yoast_head_json":{"title":"PAC-I WEWN\u0118TRZNE KASETY 60x60 (B) 4317; COLD kW 6; HOT kW 6; SKU S-60PY3E*","description":"PAC-I WEWN\u0118TRZNE KASETY 60x60 (B) 4317; COLD kW 6; HOT kW 6; SKU S-60PY3E*","robots":{"index":"index","follow":"follow","max-snippet":"max-snippet:-1","max-image-preview":"max-image-preview:large","max-video-preview":"max-video-preview:-1"},"canonical":"https:\/\/www.fabrykachlodu.pl\/sklep\/produkt\/pac-i-wewnetrzne-kasety-60x60-b-4317-cold-kw-6-hot-kw-6-sku-s-60py3e\/","twitter_misc":{"Szacowany czas czytania":"3 minuty"},"schema":{"@context":"https:\/\/schema.org","@graph":[{"@type":"WebPage","@id":"https:\/\/www.fabrykachlodu.pl\/sklep\/produkt\/pac-i-wewnetrzne-kasety-60x60-b-4317-cold-kw-6-hot-kw-6-sku-s-60py3e\/","url":"https:\/\/www.fabrykachlodu.pl\/sklep\/produkt\/pac-i-wewnetrzne-kasety-60x60-b-4317-cold-kw-6-hot-kw-6-sku-s-60py3e\/","name":"PAC-I WEWN\u0118TRZNE KASETY 60x60 (B) 4317; COLD kW 6; HOT kW 6; SKU S-60PY3E*","isPartOf":{"@id":"https:\/\/www.fabrykachlodu.pl\/sklep\/#website"},"datePublished":"2023-05-16T07:03:51+00:00","dateModified":"2023-05-16T07:03:58+00:00","description":"PAC-I WEWN\u0118TRZNE KASETY 60x60 (B) 4317; COLD kW 6; HOT kW 6; SKU S-60PY3E*","breadcrumb":{"@id":"https:\/\/www.fabrykachlodu.pl\/sklep\/produkt\/pac-i-wewnetrzne-kasety-60x60-b-4317-cold-kw-6-hot-kw-6-sku-s-60py3e\/#breadcrumb"},"inLanguage":"pl-PL","potentialAction":[{"@type":"ReadAction","target":["https:\/\/www.fabrykachlodu.pl\/sklep\/produkt\/pac-i-wewnetrzne-kasety-60x60-b-4317-cold-kw-6-hot-kw-6-sku-s-60py3e\/"]}]},{"@type":"BreadcrumbList","@id":"https:\/\/www.fabrykachlodu.pl\/sklep\/produkt\/pac-i-wewnetrzne-kasety-60x60-b-4317-cold-kw-6-hot-kw-6-sku-s-60py3e\/#breadcrumb","itemListElement":[{"@type":"ListItem","position":1,"name":"Strona g\u0142\u00f3wna","item":"https:\/\/www.fabrykachlodu.pl\/sklep\/"},{"@type":"ListItem","position":2,"name":"Szukasz klimatzyacji biurowej sklepowej lub do mieszkania?","item":"https:\/\/www.fabrykachlodu.pl\/sklep\/"},{"@type":"ListItem","position":3,"name":"PAC-I WEWN\u0118TRZNE KASETY 60&#215;60 (B) 4317; COLD kW 6; HOT kW 6; SKU S-60PY3E*"}]},{"@type":"WebSite","@id":"https:\/\/www.fabrykachlodu.pl\/sklep\/#website","url":"https:\/\/www.fabrykachlodu.pl\/sklep\/","name":"\u00b0FC Sklep Internetowy monta\u017c klimatyzacji pomp ciep\u0142a","description":"\u00b0FC monta\u017c klimatyzacji pomp ciep\u0142a z nami to szybki i tani wyb\u00f3r.  Us\u0142ugi monta\u017cowe i serwisowe W Warszawie i okolicach..","potentialAction":[{"@type":"SearchAction","target":{"@type":"EntryPoint","urlTemplate":"https:\/\/www.fabrykachlodu.pl\/sklep\/?s={search_term_string}"},"query-input":"required name=search_term_string"}],"inLanguage":"pl-PL"}]}},"_links":{"self":[{"href":"https:\/\/www.fabrykachlodu.pl\/sklep\/wp-json\/wp\/v2\/product\/91326"}],"collection":[{"href":"https:\/\/www.fabrykachlodu.pl\/sklep\/wp-json\/wp\/v2\/product"}],"about":[{"href":"https:\/\/www.fabrykachlodu.pl\/sklep\/wp-json\/wp\/v2\/types\/product"}],"wp:featuredmedia":[{"embeddable":true,"href":"https:\/\/www.fabrykachlodu.pl\/sklep\/wp-json\/wp\/v2\/media\/89926"}],"wp:attachment":[{"href":"https:\/\/www.fabrykachlodu.pl\/sklep\/wp-json\/wp\/v2\/media?parent=91326"}],"wp:term":[{"taxonomy":"product_cat","embeddable":true,"href":"https:\/\/www.fabrykachlodu.pl\/sklep\/wp-json\/wp\/v2\/product_cat?post=91326"},{"taxonomy":"product_tag","embeddable":true,"href":"https:\/\/www.fabrykachlodu.pl\/sklep\/wp-json\/wp\/v2\/product_tag?post=91326"}],"curies":[{"name":"wp","href":"https:\/\/api.w.org\/{rel}","templated":true}]}}