{"id":91330,"date":"2023-05-16T09:03:52","date_gmt":"2023-05-16T07:03:52","guid":{"rendered":"https:\/\/www.fabrykachlodu.pl\/sklep\/?post_type=product&#038;p=91330"},"modified":"2023-05-16T09:03:59","modified_gmt":"2023-05-16T07:03:59","slug":"pac-i-wewnetrzne-kasety-4-kierunkowe-95x95-1218-cold-kw-panel-90x90-panel-90x90-econavi-hot-kw-sku-cz-kpu3w","status":"publish","type":"product","link":"https:\/\/www.fabrykachlodu.pl\/sklep\/produkt\/pac-i-wewnetrzne-kasety-4-kierunkowe-95x95-1218-cold-kw-panel-90x90-panel-90x90-econavi-hot-kw-sku-cz-kpu3w\/","title":{"rendered":"PAC-I WEWN\u0118TRZNE KASETY 4-KIERUNKOWE 95&#215;95 1218; COLD kW Panel 90&#215;90 Panel 90&#215;90 Econavi; HOT kW ; SKU CZ-KPU3W"},"content":{"rendered":"<br \/>\n<h2>Zam\u00f3wienie dotyczy: PAC-I WEWN\u0118TRZNE KASETY 4-KIERUNKOWE 95&#215;95 1218; COLD kW Panel 90&#215;90 Panel 90&#215;90 Econavi; HOT kW ; SKU CZ-KPU3AWWydajno\u015b\u0107 ch\u0142odnicza (kW) Panel 90&#215;90 Panel 90&#215;90 Econavi   Cena katalogowa PLN 1218 <\/h2>\n<p><h3><strong>W jednym miejscu poznasz:<\/strong><\/h3>\n<p> Najwa\u017cniejsze funkcje<br \/> Por\u00f3wnasz produkty<br \/> Poznasz parametry techniczne<br \/> Poznasz cen\u0119 i zrealizujesz zam\u00f3wienie<br \/> Otrzymasz ofert\u0119 zakupu ratalnego lub leasingu<br \/><strong><\/p>\n<h3>Czy wiesz, \u017ce:<\/strong><\/h3>\n<p>Zwi\u0119kszony komfort i znaczne oszcz\u0119dno\u015bci.<strong><\/p>\n<h3>Zlecaj\u0105c nam monta\u017c otrzymasz:<\/strong><\/h3>\n<p> PAC-I WEWN\u0118TRZNE KASETY 4-KIERUNKOWE 95&#215;95 1218; COLD kW Panel 90&#215;90 Panel 90&#215;90 Econavi; HOT kW ; SKU CZ-KPU3AW z rabatem kupuj\u0105c w naszym sklepie online lub wybieraj\u0105c monta\u017c <br \/> Gwarancje <br \/> Kompletne pod\u0142\u0105czenie elektryczne oraz hydrauliczne<br \/>PAC-I WEWN\u0118TRZNE KASETY 4-KIERUNKOWE 95&#215;95 1218; COLD kW Panel 90&#215;90 Panel 90&#215;90 Econavi; HOT kW ; SKU CZ-KPU3AW z rabatem kupuj\u0105c w naszym sklepie online lub wybieraj\u0105c monta\u017c <br \/> Gwarancje <br \/> Kompletne pod\u0142\u0105czenie elektryczne oraz hydrauliczne<br \/>Jednostki kasetonowe 90&#215;90 PACi Panasonic<\/p>\n<p>4-kana\u0142owe jednostki kasetonowe 90&#215;90 stanowi\u0105 wysokiej klasy, energooszcz\u0119dne rozwi\u0105zanie, zapewniaj\u0105ce zdrowe otoczenie i komfort. Dzi\u0119ki zaawansowanym rozwi\u0105zaniom konstrukcyjnym i technologicznym, takim jak nowy, bardziej wydajny i cichy wentylator z funkcj\u0105 turbo, filtr powietrza nanoe\u2122 X zapewniaj\u0105cy zdrowe powietrze.<\/p>\n<p>Funkcja nanoe\u2122 X usuwa przykre zapachy i zapobiega rozwojowi niekt\u00f3rych bakterii i wirus\u00f3w Nowa wersja urz\u0105dzenia nanoe\u2122 X wytwarza 10 razy wi\u0119cej rodnik\u00f3w OH (4800 mld)\u00b9 w por\u00f3wnaniu ze zwyk\u0142ym generatorem nanoe\u2122. Wi\u0119ksza liczba rodnik\u00f3w OH doskonale zwalcza bakterie, wirusy i alergeny oraz usuwa przykre zapachy. Ciesz si\u0119 \u015bwie\u017co\u015bci\u0105 i czysto\u015bci\u0105 w swoim domu!<\/p>\n<p>Charakterystyka techniczna<\/p>\n<p>Jednostki kasetonowe 90 x 90 PACi pracuj\u0105 na czynnik roboczy R32, R410a. Zakres wydajno\u015bci ch\u0142odniczej od 3,6 do 14,0 kW. Jednostki charakteryzuj\u0105 si\u0119:<\/p>\n<p>Pompka skroplin w zestawie<br \/>\nWlot \u015bwie\u017cego powietrza<br \/>\nSystem oczyszczania powietrza nanoe\u2122 X<br \/>\nSystem Econavi<br \/>\nWLAN Ready (obs\u0142uga poprzez Wifi za pomoc\u0105 smartfona)<br \/>\nAplikacja DataNavi przy zastosowaniu sterownika na\u015bcienne RTC5B<br \/>\nPraca naprzemienna przy zastosowaniu sterownika na\u015bcienne RTC5B<br \/>\nMo\u017cliwo\u015b\u0107 pod\u0142\u0105czenia do BMS po zastosowaniu bramki<\/p>\n<p>1) Na podstawie badania przeprowadzonego przez Panasonic.<br \/>\nFunkcja nanoe\u2122 X wymaga u\u017cycia sterownika CZ-RTC5B i opcjonalnego wyposa\u017cenia CZ-CNEXU1.<\/p>\n<p>MODELE<\/p>\n<p>Jednostki wewn\u0119trzne <\/p>\n<p>S-36PU2E5B &#8211; 3,60 kW<br \/>\nS-45PU2E5B &#8211; 4,50 kW<br \/>\nS-50PU2E5B &#8211; 5,00 kW<br \/>\nS-60PU2E5B &#8211; 6,00 kW<br \/>\nS-71PU2E5B &#8211; 7,10 kW<br \/>\nS-100PU2E5B &#8211; 10,00 kW<br \/>\nS-125PU2E5B &#8211; 12,50 kW<br \/>\nS-140PU2E5B &#8211; 14,00 kW<\/p>\n<p>Panel standardowy<\/p>\n<p>CZ-KPU3WPAC-I wewn\u0119trzne kasety 4-kierunkowe 95&#215;95 maj\u0105 kilka zalet, takich jak:<\/p>\n<p>Wygodne sterowanie: PAC-I wewn\u0119trzne kasety 4-kierunkowe 95&#215;95 s\u0105 \u0142atwe w obs\u0142udze i sterowaniu, dzi\u0119ki czemu zapewniaj\u0105 wygod\u0119 i komfort u\u017cytkowania.<\/p>\n<p>Wysoka wydajno\u015b\u0107: Te klimatyzatory zapewniaj\u0105 wysok\u0105 wydajno\u015b\u0107 ch\u0142odzenia i ogrzewania, co pozwala na szybkie i efektywne dostosowanie temperatury w pomieszczeniu do potrzeb u\u017cytkownika.<\/p>\n<p>Cicha praca: Dzi\u0119ki zaawansowanym technologiom PAC-I wewn\u0119trzne kasety 4-kierunkowe 95&#215;95 charakteryzuj\u0105 si\u0119 cich\u0105 prac\u0105, co wp\u0142ywa na wi\u0119kszy komfort u\u017cytkowania.<\/p>\n<p>Estetyczny design: Klimatyzatory PAC-I wewn\u0119trzne kasety 4-kierunkowe 95&#215;95 s\u0105 estetyczne i eleganckie, co pozwala na ich integracj\u0119 z ka\u017cdym rodzajem wn\u0119trza, bez szkody dla estetyki pomieszczenia.MODELE<\/p>\n","protected":false},"excerpt":{"rendered":"<p><span style=\"color: #000000;\"><strong>Najwa\u017cniejsze zalety<\/strong><\/span>[dt_list style=\"1\" bullet_position=\"middle\" dividers=\"true\"][dt_list style=\"1\" bullet_position=\"middle\" dividers=\"true\"][dt_list_item image=\"\"]Pompka skroplin w zestawie[\/dt_list_item][dt_list_item image=\"\"]Wlot \u015bwie\u017cego powietrza[\/dt_list_item][dt_list_item image=\"\"]System oczyszczania powietrza nanoe\u2122 x[\/dt_list_item][dt_list_item image=\"\"]System econavi[\/dt_list_item][\/dt_list]<\/p>\n","protected":false},"featured_media":90427,"template":"","meta":[],"product_cat":[7245,401,189],"product_tag":[7242],"yoast_head":"<!-- This site is optimized with the Yoast SEO plugin v22.1 - https:\/\/yoast.com\/wordpress\/plugins\/seo\/ -->\n<title>PAC-I WEWN\u0118TRZNE KASETY 4-KIERUNKOWE 95x95 1218; COLD kW Panel 90x90 Panel 90x90 Econavi; HOT kW ; SKU CZ-KPU3W<\/title>\n<meta name=\"description\" content=\"PAC-I WEWN\u0118TRZNE KASETY 4-KIERUNKOWE 95x95 1218; COLD kW Panel 90x90 Panel 90x90 Econavi; HOT kW ; SKU CZ-KPU3W\" \/>\n<meta name=\"robots\" content=\"index, follow, max-snippet:-1, max-image-preview:large, max-video-preview:-1\" \/>\n<link rel=\"canonical\" href=\"https:\/\/www.fabrykachlodu.pl\/sklep\/produkt\/pac-i-wewnetrzne-kasety-4-kierunkowe-95x95-1218-cold-kw-panel-90x90-panel-90x90-econavi-hot-kw-sku-cz-kpu3w\/\" \/>\n<meta name=\"twitter:label1\" content=\"Szacowany czas czytania\" \/>\n\t<meta name=\"twitter:data1\" content=\"3 minuty\" \/>\n<script type=\"application\/ld+json\" class=\"yoast-schema-graph\">{\"@context\":\"https:\/\/schema.org\",\"@graph\":[{\"@type\":\"WebPage\",\"@id\":\"https:\/\/www.fabrykachlodu.pl\/sklep\/produkt\/pac-i-wewnetrzne-kasety-4-kierunkowe-95x95-1218-cold-kw-panel-90x90-panel-90x90-econavi-hot-kw-sku-cz-kpu3w\/\",\"url\":\"https:\/\/www.fabrykachlodu.pl\/sklep\/produkt\/pac-i-wewnetrzne-kasety-4-kierunkowe-95x95-1218-cold-kw-panel-90x90-panel-90x90-econavi-hot-kw-sku-cz-kpu3w\/\",\"name\":\"PAC-I WEWN\u0118TRZNE KASETY 4-KIERUNKOWE 95x95 1218; COLD kW Panel 90x90 Panel 90x90 Econavi; HOT kW ; SKU CZ-KPU3W\",\"isPartOf\":{\"@id\":\"https:\/\/www.fabrykachlodu.pl\/sklep\/#website\"},\"datePublished\":\"2023-05-16T07:03:52+00:00\",\"dateModified\":\"2023-05-16T07:03:59+00:00\",\"description\":\"PAC-I WEWN\u0118TRZNE KASETY 4-KIERUNKOWE 95x95 1218; COLD kW Panel 90x90 Panel 90x90 Econavi; HOT kW ; SKU CZ-KPU3W\",\"breadcrumb\":{\"@id\":\"https:\/\/www.fabrykachlodu.pl\/sklep\/produkt\/pac-i-wewnetrzne-kasety-4-kierunkowe-95x95-1218-cold-kw-panel-90x90-panel-90x90-econavi-hot-kw-sku-cz-kpu3w\/#breadcrumb\"},\"inLanguage\":\"pl-PL\",\"potentialAction\":[{\"@type\":\"ReadAction\",\"target\":[\"https:\/\/www.fabrykachlodu.pl\/sklep\/produkt\/pac-i-wewnetrzne-kasety-4-kierunkowe-95x95-1218-cold-kw-panel-90x90-panel-90x90-econavi-hot-kw-sku-cz-kpu3w\/\"]}]},{\"@type\":\"BreadcrumbList\",\"@id\":\"https:\/\/www.fabrykachlodu.pl\/sklep\/produkt\/pac-i-wewnetrzne-kasety-4-kierunkowe-95x95-1218-cold-kw-panel-90x90-panel-90x90-econavi-hot-kw-sku-cz-kpu3w\/#breadcrumb\",\"itemListElement\":[{\"@type\":\"ListItem\",\"position\":1,\"name\":\"Strona g\u0142\u00f3wna\",\"item\":\"https:\/\/www.fabrykachlodu.pl\/sklep\/\"},{\"@type\":\"ListItem\",\"position\":2,\"name\":\"Szukasz klimatzyacji biurowej sklepowej lub do mieszkania?\",\"item\":\"https:\/\/www.fabrykachlodu.pl\/sklep\/\"},{\"@type\":\"ListItem\",\"position\":3,\"name\":\"PAC-I WEWN\u0118TRZNE KASETY 4-KIERUNKOWE 95&#215;95 1218; COLD kW Panel 90&#215;90 Panel 90&#215;90 Econavi; HOT kW ; SKU CZ-KPU3W\"}]},{\"@type\":\"WebSite\",\"@id\":\"https:\/\/www.fabrykachlodu.pl\/sklep\/#website\",\"url\":\"https:\/\/www.fabrykachlodu.pl\/sklep\/\",\"name\":\"\u00b0FC Sklep Internetowy monta\u017c klimatyzacji pomp ciep\u0142a\",\"description\":\"\u00b0FC monta\u017c klimatyzacji pomp ciep\u0142a z nami to szybki i tani wyb\u00f3r.  Us\u0142ugi monta\u017cowe i serwisowe W Warszawie i okolicach..\",\"potentialAction\":[{\"@type\":\"SearchAction\",\"target\":{\"@type\":\"EntryPoint\",\"urlTemplate\":\"https:\/\/www.fabrykachlodu.pl\/sklep\/?s={search_term_string}\"},\"query-input\":\"required name=search_term_string\"}],\"inLanguage\":\"pl-PL\"}]}<\/script>\n<!-- \/ Yoast SEO plugin. -->","yoast_head_json":{"title":"PAC-I WEWN\u0118TRZNE KASETY 4-KIERUNKOWE 95x95 1218; COLD kW Panel 90x90 Panel 90x90 Econavi; HOT kW ; SKU CZ-KPU3W","description":"PAC-I WEWN\u0118TRZNE KASETY 4-KIERUNKOWE 95x95 1218; COLD kW Panel 90x90 Panel 90x90 Econavi; HOT kW ; SKU CZ-KPU3W","robots":{"index":"index","follow":"follow","max-snippet":"max-snippet:-1","max-image-preview":"max-image-preview:large","max-video-preview":"max-video-preview:-1"},"canonical":"https:\/\/www.fabrykachlodu.pl\/sklep\/produkt\/pac-i-wewnetrzne-kasety-4-kierunkowe-95x95-1218-cold-kw-panel-90x90-panel-90x90-econavi-hot-kw-sku-cz-kpu3w\/","twitter_misc":{"Szacowany czas czytania":"3 minuty"},"schema":{"@context":"https:\/\/schema.org","@graph":[{"@type":"WebPage","@id":"https:\/\/www.fabrykachlodu.pl\/sklep\/produkt\/pac-i-wewnetrzne-kasety-4-kierunkowe-95x95-1218-cold-kw-panel-90x90-panel-90x90-econavi-hot-kw-sku-cz-kpu3w\/","url":"https:\/\/www.fabrykachlodu.pl\/sklep\/produkt\/pac-i-wewnetrzne-kasety-4-kierunkowe-95x95-1218-cold-kw-panel-90x90-panel-90x90-econavi-hot-kw-sku-cz-kpu3w\/","name":"PAC-I WEWN\u0118TRZNE KASETY 4-KIERUNKOWE 95x95 1218; COLD kW Panel 90x90 Panel 90x90 Econavi; HOT kW ; SKU CZ-KPU3W","isPartOf":{"@id":"https:\/\/www.fabrykachlodu.pl\/sklep\/#website"},"datePublished":"2023-05-16T07:03:52+00:00","dateModified":"2023-05-16T07:03:59+00:00","description":"PAC-I WEWN\u0118TRZNE KASETY 4-KIERUNKOWE 95x95 1218; COLD kW Panel 90x90 Panel 90x90 Econavi; HOT kW ; SKU CZ-KPU3W","breadcrumb":{"@id":"https:\/\/www.fabrykachlodu.pl\/sklep\/produkt\/pac-i-wewnetrzne-kasety-4-kierunkowe-95x95-1218-cold-kw-panel-90x90-panel-90x90-econavi-hot-kw-sku-cz-kpu3w\/#breadcrumb"},"inLanguage":"pl-PL","potentialAction":[{"@type":"ReadAction","target":["https:\/\/www.fabrykachlodu.pl\/sklep\/produkt\/pac-i-wewnetrzne-kasety-4-kierunkowe-95x95-1218-cold-kw-panel-90x90-panel-90x90-econavi-hot-kw-sku-cz-kpu3w\/"]}]},{"@type":"BreadcrumbList","@id":"https:\/\/www.fabrykachlodu.pl\/sklep\/produkt\/pac-i-wewnetrzne-kasety-4-kierunkowe-95x95-1218-cold-kw-panel-90x90-panel-90x90-econavi-hot-kw-sku-cz-kpu3w\/#breadcrumb","itemListElement":[{"@type":"ListItem","position":1,"name":"Strona g\u0142\u00f3wna","item":"https:\/\/www.fabrykachlodu.pl\/sklep\/"},{"@type":"ListItem","position":2,"name":"Szukasz klimatzyacji biurowej sklepowej lub do mieszkania?","item":"https:\/\/www.fabrykachlodu.pl\/sklep\/"},{"@type":"ListItem","position":3,"name":"PAC-I WEWN\u0118TRZNE KASETY 4-KIERUNKOWE 95&#215;95 1218; COLD kW Panel 90&#215;90 Panel 90&#215;90 Econavi; HOT kW ; SKU CZ-KPU3W"}]},{"@type":"WebSite","@id":"https:\/\/www.fabrykachlodu.pl\/sklep\/#website","url":"https:\/\/www.fabrykachlodu.pl\/sklep\/","name":"\u00b0FC Sklep Internetowy monta\u017c klimatyzacji pomp ciep\u0142a","description":"\u00b0FC monta\u017c klimatyzacji pomp ciep\u0142a z nami to szybki i tani wyb\u00f3r.  Us\u0142ugi monta\u017cowe i serwisowe W Warszawie i okolicach..","potentialAction":[{"@type":"SearchAction","target":{"@type":"EntryPoint","urlTemplate":"https:\/\/www.fabrykachlodu.pl\/sklep\/?s={search_term_string}"},"query-input":"required name=search_term_string"}],"inLanguage":"pl-PL"}]}},"_links":{"self":[{"href":"https:\/\/www.fabrykachlodu.pl\/sklep\/wp-json\/wp\/v2\/product\/91330"}],"collection":[{"href":"https:\/\/www.fabrykachlodu.pl\/sklep\/wp-json\/wp\/v2\/product"}],"about":[{"href":"https:\/\/www.fabrykachlodu.pl\/sklep\/wp-json\/wp\/v2\/types\/product"}],"wp:featuredmedia":[{"embeddable":true,"href":"https:\/\/www.fabrykachlodu.pl\/sklep\/wp-json\/wp\/v2\/media\/90427"}],"wp:attachment":[{"href":"https:\/\/www.fabrykachlodu.pl\/sklep\/wp-json\/wp\/v2\/media?parent=91330"}],"wp:term":[{"taxonomy":"product_cat","embeddable":true,"href":"https:\/\/www.fabrykachlodu.pl\/sklep\/wp-json\/wp\/v2\/product_cat?post=91330"},{"taxonomy":"product_tag","embeddable":true,"href":"https:\/\/www.fabrykachlodu.pl\/sklep\/wp-json\/wp\/v2\/product_tag?post=91330"}],"curies":[{"name":"wp","href":"https:\/\/api.w.org\/{rel}","templated":true}]}}