{"id":91348,"date":"2023-05-16T09:03:57","date_gmt":"2023-05-16T07:03:57","guid":{"rendered":"https:\/\/www.fabrykachlodu.pl\/sklep\/?post_type=product&#038;p=91348"},"modified":"2023-05-16T09:04:07","modified_gmt":"2023-05-16T07:04:07","slug":"pro-ht-cold-kw-dodatkowa-grzalka-hot-kw-4552-sku-paw-iu39","status":"publish","type":"product","link":"https:\/\/www.fabrykachlodu.pl\/sklep\/produkt\/pro-ht-cold-kw-dodatkowa-grzalka-hot-kw-4552-sku-paw-iu39\/","title":{"rendered":"PRO HT ; COLD kW Dodatkowa grza\u0142ka; HOT kW 4552; SKU PAW-IU39"},"content":{"rendered":"<br \/>\n<h2>Zam\u00f3wienie dotyczy: PRO HT  Dodatkowa grza\u0142ka SKU PAW-IU39Opis Dodatkowa grza\u0142ka Cena katalogowa PLN 4552   <\/h2>\n<p><h3><strong>W jednym miejscu poznasz:<\/strong><\/h3>\n<p> Najwa\u017cniejsze funkcje<br \/> Por\u00f3wnasz produkty<br \/> Poznasz parametry techniczne<br \/> Poznasz cen\u0119 i zrealizujesz zam\u00f3wienie<br \/> Otrzymasz ofert\u0119 zakupu ratalnego lub leasingu<br \/><strong><\/p>\n<h3>Czy wiesz, \u017ce:<\/strong><\/h3>\n<p>0<strong><\/p>\n<h3>Zlecaj\u0105c nam monta\u017c otrzymasz:<\/strong><\/h3>\n<p> PRO HT  Dodatkowa grza\u0142ka SKU PAW-IU39 z rabatem kupuj\u0105c w naszym sklepie online lub wybieraj\u0105c monta\u017c <br \/> Gwarancje <br \/> Kompletne pod\u0142\u0105czenie elektryczne oraz hydrauliczne<br \/>PRO HT  Dodatkowa grza\u0142ka SKU PAW-IU39 z rabatem kupuj\u0105c w naszym sklepie online lub wybieraj\u0105c monta\u017c <br \/> Gwarancje <br \/> Kompletne pod\u0142\u0105czenie elektryczne oraz hydrauliczne<br \/>0Dodatkowa grza\u0142ka Panasonic do zbiornika PRO-HT jest przeznaczona do zastosowania w urz\u0105dzeniach grzewczych zasilanych zbiornikiem wodnym, takich jak pompy ciep\u0142a czy kot\u0142y grzewcze.<\/p>\n<p>Jej g\u0142\u00f3wnym zadaniem jest zwi\u0119kszenie wydajno\u015bci grzewczej urz\u0105dzenia poprzez podgrzanie wody w zbiorniku do wy\u017cszej temperatury ni\u017c temperatura wody w otoczeniu. Dzi\u0119ki temu urz\u0105dzenie mo\u017ce szybciej i bardziej efektywnie ogrzewa\u0107 pomieszczenia, co przek\u0142ada si\u0119 na ni\u017csze koszty energii i wi\u0119kszy komfort u\u017cytkowania.<\/p>\n","protected":false},"excerpt":{"rendered":"<p><span style=\"color: #000000;\"><strong>Najwa\u017cniejsze zalety<\/strong><\/span>[dt_list style=\"1\" bullet_position=\"middle\" dividers=\"true\"][dt_list style=\"1\" bullet_position=\"middle\" dividers=\"true\"][dt_list_item image=\"\"]0[\/dt_list_item][dt_list_item image=\"\"]0[\/dt_list_item][dt_list_item image=\"\"]0[\/dt_list_item][dt_list_item image=\"\"]0[\/dt_list_item][\/dt_list]<\/p>\n","protected":false},"featured_media":89990,"template":"","meta":[],"product_cat":[401,6384,189],"product_tag":[6387,5077],"yoast_head":"<!-- This site is optimized with the Yoast SEO plugin v22.1 - https:\/\/yoast.com\/wordpress\/plugins\/seo\/ -->\n<title>PRO HT ; COLD kW Dodatkowa grza\u0142ka; HOT kW 4552; SKU PAW-IU39<\/title>\n<meta name=\"description\" content=\"PRO HT ; COLD kW Dodatkowa grza\u0142ka; HOT kW 4552; SKU PAW-IU39\" \/>\n<meta name=\"robots\" content=\"index, nofollow, max-snippet:-1, max-image-preview:large, max-video-preview:-1, noarchive\" \/>\n<link rel=\"canonical\" href=\"https:\/\/www.fabrykachlodu.pl\/sklep\/produkt\/pro-ht-cold-kw-dodatkowa-grzalka-hot-kw-4552-sku-paw-iu39\/\" \/>\n<meta name=\"twitter:label1\" content=\"Szacowany czas czytania\" \/>\n\t<meta name=\"twitter:data1\" content=\"1 minuta\" \/>\n<script type=\"application\/ld+json\" class=\"yoast-schema-graph\">{\"@context\":\"https:\/\/schema.org\",\"@graph\":[{\"@type\":\"WebPage\",\"@id\":\"https:\/\/www.fabrykachlodu.pl\/sklep\/produkt\/pro-ht-cold-kw-dodatkowa-grzalka-hot-kw-4552-sku-paw-iu39\/\",\"url\":\"https:\/\/www.fabrykachlodu.pl\/sklep\/produkt\/pro-ht-cold-kw-dodatkowa-grzalka-hot-kw-4552-sku-paw-iu39\/\",\"name\":\"PRO HT ; COLD kW Dodatkowa grza\u0142ka; HOT kW 4552; SKU PAW-IU39\",\"isPartOf\":{\"@id\":\"https:\/\/www.fabrykachlodu.pl\/sklep\/#website\"},\"datePublished\":\"2023-05-16T07:03:57+00:00\",\"dateModified\":\"2023-05-16T07:04:07+00:00\",\"description\":\"PRO HT ; COLD kW Dodatkowa grza\u0142ka; HOT kW 4552; SKU PAW-IU39\",\"breadcrumb\":{\"@id\":\"https:\/\/www.fabrykachlodu.pl\/sklep\/produkt\/pro-ht-cold-kw-dodatkowa-grzalka-hot-kw-4552-sku-paw-iu39\/#breadcrumb\"},\"inLanguage\":\"pl-PL\",\"potentialAction\":[{\"@type\":\"ReadAction\",\"target\":[\"https:\/\/www.fabrykachlodu.pl\/sklep\/produkt\/pro-ht-cold-kw-dodatkowa-grzalka-hot-kw-4552-sku-paw-iu39\/\"]}]},{\"@type\":\"BreadcrumbList\",\"@id\":\"https:\/\/www.fabrykachlodu.pl\/sklep\/produkt\/pro-ht-cold-kw-dodatkowa-grzalka-hot-kw-4552-sku-paw-iu39\/#breadcrumb\",\"itemListElement\":[{\"@type\":\"ListItem\",\"position\":1,\"name\":\"Strona g\u0142\u00f3wna\",\"item\":\"https:\/\/www.fabrykachlodu.pl\/sklep\/\"},{\"@type\":\"ListItem\",\"position\":2,\"name\":\"Szukasz klimatzyacji biurowej sklepowej lub do mieszkania?\",\"item\":\"https:\/\/www.fabrykachlodu.pl\/sklep\/\"},{\"@type\":\"ListItem\",\"position\":3,\"name\":\"PRO HT ; COLD kW Dodatkowa grza\u0142ka; HOT kW 4552; SKU PAW-IU39\"}]},{\"@type\":\"WebSite\",\"@id\":\"https:\/\/www.fabrykachlodu.pl\/sklep\/#website\",\"url\":\"https:\/\/www.fabrykachlodu.pl\/sklep\/\",\"name\":\"\u00b0FC Sklep Internetowy monta\u017c klimatyzacji pomp ciep\u0142a\",\"description\":\"\u00b0FC monta\u017c klimatyzacji pomp ciep\u0142a z nami to szybki i tani wyb\u00f3r.  Us\u0142ugi monta\u017cowe i serwisowe W Warszawie i okolicach..\",\"potentialAction\":[{\"@type\":\"SearchAction\",\"target\":{\"@type\":\"EntryPoint\",\"urlTemplate\":\"https:\/\/www.fabrykachlodu.pl\/sklep\/?s={search_term_string}\"},\"query-input\":\"required name=search_term_string\"}],\"inLanguage\":\"pl-PL\"}]}<\/script>\n<!-- \/ Yoast SEO plugin. -->","yoast_head_json":{"title":"PRO HT ; COLD kW Dodatkowa grza\u0142ka; HOT kW 4552; SKU PAW-IU39","description":"PRO HT ; COLD kW Dodatkowa grza\u0142ka; HOT kW 4552; SKU PAW-IU39","robots":{"index":"index","follow":"nofollow","max-snippet":"max-snippet:-1","max-image-preview":"max-image-preview:large","max-video-preview":"max-video-preview:-1","archive":"noarchive"},"canonical":"https:\/\/www.fabrykachlodu.pl\/sklep\/produkt\/pro-ht-cold-kw-dodatkowa-grzalka-hot-kw-4552-sku-paw-iu39\/","twitter_misc":{"Szacowany czas czytania":"1 minuta"},"schema":{"@context":"https:\/\/schema.org","@graph":[{"@type":"WebPage","@id":"https:\/\/www.fabrykachlodu.pl\/sklep\/produkt\/pro-ht-cold-kw-dodatkowa-grzalka-hot-kw-4552-sku-paw-iu39\/","url":"https:\/\/www.fabrykachlodu.pl\/sklep\/produkt\/pro-ht-cold-kw-dodatkowa-grzalka-hot-kw-4552-sku-paw-iu39\/","name":"PRO HT ; COLD kW Dodatkowa grza\u0142ka; HOT kW 4552; SKU PAW-IU39","isPartOf":{"@id":"https:\/\/www.fabrykachlodu.pl\/sklep\/#website"},"datePublished":"2023-05-16T07:03:57+00:00","dateModified":"2023-05-16T07:04:07+00:00","description":"PRO HT ; COLD kW Dodatkowa grza\u0142ka; HOT kW 4552; SKU PAW-IU39","breadcrumb":{"@id":"https:\/\/www.fabrykachlodu.pl\/sklep\/produkt\/pro-ht-cold-kw-dodatkowa-grzalka-hot-kw-4552-sku-paw-iu39\/#breadcrumb"},"inLanguage":"pl-PL","potentialAction":[{"@type":"ReadAction","target":["https:\/\/www.fabrykachlodu.pl\/sklep\/produkt\/pro-ht-cold-kw-dodatkowa-grzalka-hot-kw-4552-sku-paw-iu39\/"]}]},{"@type":"BreadcrumbList","@id":"https:\/\/www.fabrykachlodu.pl\/sklep\/produkt\/pro-ht-cold-kw-dodatkowa-grzalka-hot-kw-4552-sku-paw-iu39\/#breadcrumb","itemListElement":[{"@type":"ListItem","position":1,"name":"Strona g\u0142\u00f3wna","item":"https:\/\/www.fabrykachlodu.pl\/sklep\/"},{"@type":"ListItem","position":2,"name":"Szukasz klimatzyacji biurowej sklepowej lub do mieszkania?","item":"https:\/\/www.fabrykachlodu.pl\/sklep\/"},{"@type":"ListItem","position":3,"name":"PRO HT ; COLD kW Dodatkowa grza\u0142ka; HOT kW 4552; SKU PAW-IU39"}]},{"@type":"WebSite","@id":"https:\/\/www.fabrykachlodu.pl\/sklep\/#website","url":"https:\/\/www.fabrykachlodu.pl\/sklep\/","name":"\u00b0FC Sklep Internetowy monta\u017c klimatyzacji pomp ciep\u0142a","description":"\u00b0FC monta\u017c klimatyzacji pomp ciep\u0142a z nami to szybki i tani wyb\u00f3r.  Us\u0142ugi monta\u017cowe i serwisowe W Warszawie i okolicach..","potentialAction":[{"@type":"SearchAction","target":{"@type":"EntryPoint","urlTemplate":"https:\/\/www.fabrykachlodu.pl\/sklep\/?s={search_term_string}"},"query-input":"required name=search_term_string"}],"inLanguage":"pl-PL"}]}},"_links":{"self":[{"href":"https:\/\/www.fabrykachlodu.pl\/sklep\/wp-json\/wp\/v2\/product\/91348"}],"collection":[{"href":"https:\/\/www.fabrykachlodu.pl\/sklep\/wp-json\/wp\/v2\/product"}],"about":[{"href":"https:\/\/www.fabrykachlodu.pl\/sklep\/wp-json\/wp\/v2\/types\/product"}],"wp:featuredmedia":[{"embeddable":true,"href":"https:\/\/www.fabrykachlodu.pl\/sklep\/wp-json\/wp\/v2\/media\/89990"}],"wp:attachment":[{"href":"https:\/\/www.fabrykachlodu.pl\/sklep\/wp-json\/wp\/v2\/media?parent=91348"}],"wp:term":[{"taxonomy":"product_cat","embeddable":true,"href":"https:\/\/www.fabrykachlodu.pl\/sklep\/wp-json\/wp\/v2\/product_cat?post=91348"},{"taxonomy":"product_tag","embeddable":true,"href":"https:\/\/www.fabrykachlodu.pl\/sklep\/wp-json\/wp\/v2\/product_tag?post=91348"}],"curies":[{"name":"wp","href":"https:\/\/api.w.org\/{rel}","templated":true}]}}