{"id":91349,"date":"2023-05-16T09:03:57","date_gmt":"2023-05-16T07:03:57","guid":{"rendered":"https:\/\/www.fabrykachlodu.pl\/sklep\/?post_type=product&#038;p=91349"},"modified":"2023-05-16T09:04:07","modified_gmt":"2023-05-16T07:04:07","slug":"seria-komercyjnych-pomp-ciepla-paci-sterownik-przewodowy-indywidualny-z-czujnikiem-econavii-datanavi-sku-cz-rtc5b","status":"publish","type":"product","link":"https:\/\/www.fabrykachlodu.pl\/sklep\/produkt\/seria-komercyjnych-pomp-ciepla-paci-sterownik-przewodowy-indywidualny-z-czujnikiem-econavii-datanavi-sku-cz-rtc5b\/","title":{"rendered":"SERIA KOMERCYJNYCH POMP CIEP\u0141A PACi  Sterownik przewodowy indywidualny z czujnikiem Econavii Datanavi SKU CZ-RTC5B"},"content":{"rendered":"<br \/>\n<h2>Zam\u00f3wienie dotyczy: SERIA KOMERCYJNYCH POMP CIEP\u0141A PACi  Sterownik przewodowy indywidualny z czujnikiem Econavii Datanavi SKU CZ-RTC5BOpis Sterownik przewodowy indywidualny z czujnikiem Econavii Datanavi Cena katalogowa PLN 572   <\/h2>\n<p><h3><strong>W jednym miejscu poznasz:<\/strong><\/h3>\n<p> Najwa\u017cniejsze funkcje<br \/> Por\u00f3wnasz produkty<br \/> Poznasz parametry techniczne<br \/> Poznasz cen\u0119 i zrealizujesz zam\u00f3wienie<br \/> Otrzymasz ofert\u0119 zakupu ratalnego lub leasingu<br \/><strong><\/p>\n<h3>Czy wiesz, \u017ce:<\/strong><\/h3>\n<p>Zalety system\u00f3w ECOi<strong><\/p>\n<h3>Zlecaj\u0105c nam monta\u017c otrzymasz:<\/strong><\/h3>\n<p> SERIA KOMERCYJNYCH POMP CIEP\u0141A PACi  Sterownik przewodowy indywidualny z czujnikiem Econavii Datanavi SKU CZ-RTC5B z rabatem kupuj\u0105c w naszym sklepie online lub wybieraj\u0105c monta\u017c <br \/> Gwarancje <br \/> Kompletne pod\u0142\u0105czenie elektryczne oraz hydrauliczne<br \/>SERIA KOMERCYJNYCH POMP CIEP\u0141A PACi  Sterownik przewodowy indywidualny z czujnikiem Econavii Datanavi SKU CZ-RTC5B z rabatem kupuj\u0105c w naszym sklepie online lub wybieraj\u0105c monta\u017c <br \/> Gwarancje <br \/> Kompletne pod\u0142\u0105czenie elektryczne oraz hydrauliczne<br \/>Systemy systemy sterowania VRF<\/p>\n<p>Firma Panasonic opracowa\u0142a najszersz\u0105 gam\u0119 system\u00f3w sterowania w celu zaoferowania najlepszej opcji na ka\u017cd\u0105 potrzeb\u0119. Od samodzielnych pilot\u00f3w dla pojedynczych jednostek, a\u017c do najnowszych technologii, pozwalaj\u0105cych na sterowanie ka\u017cdym Twoim budynkiem na \u015bwiecie dzi\u0119ki prostemu w u\u017cyciu oprogramowaniu w chmurze z urz\u0105dzenia przeno\u015bnego.<\/p>\n<p>Sterowanie przewodowe<\/p>\n<p>Inteligentny sterownik hotelowy (dla system\u00f3w VRF) &#8211; PAW<\/p>\n<p>Zdalny sterownik kontroluje: o\u015bwietlenie, karty dost\u0119powe, czujnik ruchu, styk okienny i klimatyzacj\u0119.<\/p>\n<p>\u0141atwy monta\u017c<br \/>\nOp\u0142acalny monta\u017c, gdy\u017c wszystkie przewody elektryczne scentralizowane s\u0105 w sterowniku<br \/>\nAtrakcyjny wygl\u0105d inspirowany architektur\u0105<br \/>\nBezpo\u015brednie po\u0142\u0105czenie z wi\u0119kszo\u015bci\u0105 funkcji jednostki wewn\u0119trznej<br \/>\nDost\u0119pne 3 opcje: Komunikacja Stand-Alone, Modbus lub LonWorks<br \/>\n2 kolory obudowy: bia\u0142y i aluminium<\/p>\n<p>Zdalny sterownik przewodowy CZ-RTC4<\/p>\n<p>Funkcja Czasu; 24-godzinny zegar czasu rzeczywistego (pokazuje dzie\u0144 tygodnia)<br \/>\nFunkcja programu tygodniowego (mo\u017cliwo\u015b\u0107 zaprogramowania maksimum 6 dzia\u0142a\u0144 na ka\u017cdy dzie\u0144)<br \/>\nFunkcja snu (ta funkcja steruje temperatur\u0105 pokoju dla komfortowego snu)<br \/>\nMo\u017cliwo\u015b\u0107 sterowania maksymalnie 8 jednostkami wewn\u0119trznymi z jednego zdalnego sterownika<br \/>\nMo\u017cliwe sterowane zdalne za pomoc\u0105 zdalnego sterownika g\u0142\u00f3wnego oraz podrz\u0119dnego (maksymalnie 2 zdalne sterowniki (jeden zdalny sterownik g\u0142\u00f3wny oraz jeden podrz\u0119dny) mog\u0105 by\u0107 pod\u0142\u0105czone do jednej jednostki wewn\u0119trznej<br \/>\nMo\u017cliwo\u015b\u0107 pod\u0142\u0105czenia do jednostki zewn\u0119trznej w celach serwisowych, przez kabel PAW-MRC<br \/>\nFunkcja nieobecno\u015bci (ta funkcja zapobiega spadkowi lub wzrostowi temperatury pokojowej, je\u015bli mieszka\u0144c\u00f3w nie ma przez d\u0142u\u017cszy czas)<br \/>\nWymiary (W x S x G) 120 x 120 x 20 mm; Waga: 160 g<\/p>\n<p>Zdalny sterownik przewodowy CZ-RTC5A<\/p>\n<p>Monitorowanie zu\u017cycia energii (tylko dla PACi)<br \/>\nStylowy wygl\u0105d i funkcjonalno\u015b\u0107 dzi\u0119ki p\u0142askiemu panelowi i czujnikowi dotyku<br \/>\nNowe funkcje dotycz\u0105ce oszcz\u0119dzania energii i monitorowania, a tak\u017ce trybu serwisowego, dost\u0119pne s\u0105 na wy\u015bwietlaczu LCD z matryc\u0105 kropkow\u0105 (ekran 3,5\u201d)<br \/>\nUlepszone o\u015bwietlenie. Pod\u015bwietlenie bia\u0142\u0105 diod\u0105 LED. Miga po wyst\u0105pieniu alarmu<br \/>\nPraca Podstawowa: Praca \u00b7 Tryb \u00b7 Ustawienia temperatury \u00b7 Obj\u0119to\u015b\u0107 strumienia powietrza \u00b7 Kierunek przep\u0142ywu powietrza<br \/>\nFunkcja timera: \u00b7 Funkcja nieobecno\u015bci \u00b7 Programator tygodniowy \u00b7 Prosty timer W\u0141.\/WY\u0141. \u00b7 Wy\u015bwietlanie czasu<\/p>\n<p>\u00a0<\/p>\n<p>Sterowanie bezprzewodowe<\/p>\n<p>Sterowniki bezprzewodowe seria CZ-RWS<\/p>\n<p>\u0141atwy monta\u017c w przypadku 4- kierunkowej jednostki kasetowej przez proste zast\u0105pienie cz\u0119\u015bci naro\u017cnej<br \/>\nFunkcja 24-godzinnego timera<br \/>\nMo\u017cliwa kontrola zdalna za pomoc\u0105 zdalnego sterownika g\u0142\u00f3wnego lub podrz\u0119dnego (mo\u017cliwo\u015b\u0107 zainstalowania maks. 2 zdalnych sterownik\u00f3w (jeden g\u0142\u00f3wny i jeden podrz\u0119dny) do jednej jednostki wewn\u0119trznej)<br \/>\nJe\u015bli u\u017cyty zostanie CZ-RWSC3, mo\u017cliwe staje si\u0119 bezprzewodowe sterowanie wszystkimi jednostkami wewn\u0119trznymi (1: po ustawieniu oddzielnego odbiornika w innym pomieszczeniu, r\u00f3wnie\u017c mo\u017cliwe staje si\u0119 sterowanie z tego pomieszczenia. 2: nawet je\u015bli zgubimy sterownik lub baterie si\u0119 wyczerpi\u0105, mo\u017cliwa jest praca automatyczna, uruchamiana przyciskiem awaryjnym)<br \/>\nPraca oddzielnych nawiewnik\u00f3w z odzyskiem energii (w przypadku zamontowania komercyjnych wentylator\u00f3w lub nawiewnik\u00f3w z odzyskiem energii). Mog\u0105 one by\u0107 sterowane ww. pilotem (praca powi\u0105zana z jednostk\u0105 wewn\u0119trzn\u0105 lub W\u0141.\/WY\u0141. wentylacj\u0105 niezale\u017cn\u0105)<\/p>\n<p>Sterownik uproszczony CZ-RE2C2<\/p>\n<p>Zdalny sterownik z prostymi funkcjami i podstawow\u0105 obs\u0142ug\u0105. Odpowiedni dla otwartych pomieszcze\u0144 i hoteli, gdzie funkcje szczeg\u00f3\u0142owe nie s\u0105 wymagane<br \/>\nMo\u017cliwe W\u0141.\/WY\u0141., prze\u0142\u0105czanie trybu pracy, nastawy temperatury, prze\u0142\u0105czanie pr\u0119dko\u015bci powietrza, ustawienia kierunku przep\u0142ywu powietrza, wy\u015bwietlanie alarm\u00f3w oraz samodiagnostyka zdalnego sterownika<br \/>\nSterowanie wsadowe do 8 jednostek wewn\u0119trznych<br \/>\nMo\u017cliwe sterowanie zdalne g\u0142\u00f3wnym lub podrz\u0119dnym sterownikiem, za pomoc\u0105 uproszczonego lub bezprzewodowego zdalnego sterownika (do dw\u00f3ch jednostek)<br \/>\nWymiary (W x S x G): 120 x 70 x 16 mm<\/p>\n<p>Czujnik zdalny CZ-CSRC3<\/p>\n<p>Mo\u017cna pod\u0142\u0105czy\u0107 do ka\u017cdej jednostki wewn\u0119trznej. Nale\u017cy u\u017cywa\u0107 go do mierzenia temperatury pokojowej, je\u015bli nieu\u017cywany jest czujnik zdalnego sterownika lub na korpusie (mo\u017cliwe pod\u0142\u0105czenie do systemu bez sterownika)<br \/>\nW celu wsp\u00f3lnego wykorzystania z prze\u0142\u0105cznikiem zdalnym, nale\u017cy u\u017cywa\u0107 prze\u0142\u0105cznika zdalnego jako g\u0142\u00f3wnego sterownika<br \/>\nMaksymalnie 8 pod\u0142\u0105czonych jednostek wewn\u0119trznych. Sterowanie wsadowe do 8 jednostek wewn\u0119trznych<br \/>\nElegancki wygl\u0105d, oparty o uproszczon\u0105 obudow\u0119 zdalnego sterownika<br \/>\nWymiary (W x S x G): 120 x 70 x 17 mm. Waga: 70 g<br \/>\nZakres Temperatury\/Wilgotno\u015bci: 0 \u00b0C do 40 \u00b0C \/ 20 % do 80 % (bez kondensacji) (tylko do u\u017cytku wewn\u0105trz)<br \/>\n\u0179r\u00f3d\u0142o Zasilania: DC16 V (zasilane z jednostki wewn\u0119trznej)<\/p>\n<p>\u00a0<\/p>\n<p>Sterowanie centralne<\/p>\n<p>Sterownik systemowy z programatorem czasowym CZ-64ESMC3<\/p>\n<p>Sterownik cyfrowy z innowacyjnym i prostym w u\u017cyciu interfejsem, kt\u00f3ry oferuje pe\u0142n\u0105 funkcjonalno\u015b\u0107 programatora czasowego i sterownika systemowego, sprawiaj\u0105c, \u017ce zarz\u0105dzanie uk\u0142adami grzewczymi i ch\u0142odniczymi jest prostsze ni\u017c kiedykolwiek. CZ-64ESMC3 zawiera popularny programator czasowy firmy Panasonic, kt\u00f3ry zapewnia u\u017cytkownikom pe\u0142n\u0105 elastyczno\u015b\u0107 w zakresie mo\u017cliwo\u015bci ogrzewania lub ch\u0142odzenia domu. U\u017cytkownicy maj\u0105 mo\u017cliwo\u015b\u0107 regulacji systemu na czas urlopu, wstrzymuj\u0105c prac\u0119 na d\u0142u\u017cszy okres czasu, by nie marnowa\u0107 energii na ogrzewanie lub ch\u0142odzenie pustych dom\u00f3w lub biur. Sterownik pozwala r\u00f3wnie\u017c na zaprogramowanie sze\u015bciu operacji dziennie.<\/p>\n<p>Panel dotykowy. Wy\u015bmienita czytelno\u015b\u0107 i funkcjonalno\u015b\u0107 dzi\u0119ki wy\u015bwietlaczowi LCD z matryc\u0105 punktow\u0105<br \/>\nOparty na wysoko zaawansowanym sterowniku przewodowym<br \/>\nMaksymalnie 64 grupy jednostek wewn\u0119trznych, sterowanie indywidualne 64 jednostkami<br \/>\nSterowanie 4 strefami; 1 strefa = maksymalnie 16 grup<br \/>\nKilka funkcji oszcz\u0119dzania energii (w oparciu o CZ-RTC5A)<br \/>\n6 program\u00f3w timera na ka\u017cdy dzie\u0144 tygodnia (7 dni) (W sumie 6 x 7 = 42 programy)<br \/>\nPodstawowe nastawy (temperatura, tryb, pr\u0119dko\u015b\u0107 wentylatora, pozycja klap) ustawiane w taki sam spos\u00f3b, jak w przypadku CZ-RTC5A<\/p>\n<p>Sterownik W\u0141.\/WY\u0141. CZ-ANC2 \/ CZ-ANC3<\/p>\n<p>Mo\u017cliwo\u015b\u0107 sterowania 16 grupami jednostek wewn\u0119trznych<br \/>\nSterowanie zbiorcze i sterowanie indywidualne grupami (jednostkami) jest mo\u017cliwe<br \/>\nDo 8 sterownik\u00f3w W\u0141.\/WY\u0141. (4 g\u0142\u00f3wne, 4 podrz\u0119dne) mo\u017cna pod\u0142\u0105czy\u0107 do jednego \u0142\u0105cza<br \/>\nMo\u017cliwo\u015b\u0107 natychmiastowego okre\u015blenia statusu pracy<br \/>\nWymiary (W x S x G)121 x 122 x 14 + 52 mm (wymiary osadzenia)<br \/>\nZasilanie: AC 220 do 240 V<\/p>\n<p>Sterownik Inteligentny (ekran dotykowy) CZ-256ESMC3<\/p>\n<p>Wymiary (W x S x G) 240 x 280 x 20 (+60) mm<br \/>\nZasilanie: Jednofazowe 100-240V ~ 50\/60 Hz<br \/>\nLiczba mo\u017cliwych do pod\u0142\u0105czenia jednostek do jednego \u0142\u0105cza\u00b9: do 100 jednostek obejmuj\u0105cych w sumie:<br \/>\n\u00b7 Jednostki wewn\u0119trzne: Do 64 jednostek\u00b2<br \/>\n\u00b7 Jednostki zewn\u0119trzne: Do 30 jednostek<br \/>\nCentralne urz\u0105dzenie steruj\u0105ce: Do 10 jednostek<br \/>\nPowi\u0119kszony wy\u015bwietlacz: 10,4 calowy, kolorowy panel dotykowy LCD. Przejrzysty wy\u015bwietlacz, \u0142atwo\u015b\u0107 u\u017cytkowania.<br \/>\nPobieranie danych z pami\u0119ci USB: umie\u015b\u0107 port USB wewn\u0105trz panelu (pami\u0119\u0107 USB do kupienia we w\u0142asnym zakresie)<br \/>\nAdapter komunikacyjny: CZ-CFUNC2.<br \/>\n1) Maksymalna liczba jednostek mo\u017cliwych do pod\u0142\u0105czenia:<br \/>\n\u00b7 U\u017cywaj\u0105c jedynie tej jednostki: 128 jednostek wewn\u0119trznych i 60 jednostek zewn\u0119trznych<br \/>\n\u00b7 Po pod\u0142\u0105czeniu adaptera komunikacyjnego: 256 jednostek wewn\u0119trznych i 120 jednostek zewn\u0119trznych<br \/>\n2) Liczba jednostek wewn\u0119trznych obejmuje adapter interfejsu.<br \/>\n\u00a0<br \/>\nNowe funkcje<br \/>\nWy\u015bwietlanie wykres\u00f3w (trendy, por\u00f3wnania)<br \/>\nEconavi W\u0141.\/WY\u0141.<br \/>\nW\u0141.\/WY\u0141. trybu cichej pracy jednostki zewn\u0119trznej<br \/>\nFunkcje oszcz\u0119dzania energii: ustawienia automatycznego powrotu nastawionej temperatury, automatyczne wy\u0142\u0105czanie, okre\u015blanie granicy zakresu nastaw temperatury, oszcz\u0119dzanie energii dla aktualnych warto\u015bci PAC, itp.<br \/>\nKontrola zdarze\u0144 (takich jak \u0142\u0105czno\u015b\u0107 sprz\u0119tu)<br \/>\nZamkni\u0119cie na koniec ka\u017cdego okresuSERIA KOMERCYJNYCH POMP CIEP\u0141A PACi to linia produkt\u00f3w oferowanych przez firm\u0119 Panasonic, kt\u00f3ra jest dedykowana zastosowaniom komercyjnym i s\u0142u\u017cy do dostarczania energii cieplnej przy u\u017cyciu pomp ciep\u0142a. Pompy ciep\u0142a PACi s\u0105 zaprojektowane specjalnie dla wi\u0119kszych obiekt\u00f3w komercyjnych, takich jak biura, hotele, sklepy i restauracje, oferuj\u0105c wysok\u0105 wydajno\u015b\u0107 i elastyczno\u015b\u0107 w instalacji.<\/p>\n<p>Sterownik przewodowy indywidualny z czujnikiem Econavii Datanavi SKU CZ-RTC5B jest jednym z komponent\u00f3w serii komercyjnych pomp ciep\u0142a PACi. Jest to zaawansowany sterownik przewodowy, kt\u00f3ry umo\u017cliwia indywidualne zarz\u0105dzanie i kontrol\u0119 nad pomp\u0105 ciep\u0142a w celu osi\u0105gni\u0119cia optymalnej wydajno\u015bci i efektywno\u015bci energetycznej.<\/p>\n<p>Sterownik ten jest wyposa\u017cony w czujnik Econavii Datanavi, kt\u00f3ry monitoruje r\u00f3\u017cne czynniki, takie jak poziom nat\u0119\u017cenia \u015bwiat\u0142a, obecno\u015b\u0107 os\u00f3b w pomieszczeniach, temperatura zewn\u0119trzna i wewn\u0119trzna, wilgotno\u015b\u0107 powietrza itp. Na podstawie tych danych sterownik przewodowy indywidualny mo\u017ce dostosowa\u0107 prac\u0119 pompy ciep\u0142a, aby zoptymalizowa\u0107 zu\u017cycie energii i zapewni\u0107 optymalny komfort wewn\u0119trzny.<\/p>\n<p>Dzi\u0119ki temu sterownikowi przewodowemu indywidualnemu z czujnikiem Econavii Datanavi SKU CZ-RTC5B, u\u017cytkownicy mog\u0105 precyzyjnie kontrolowa\u0107 i monitorowa\u0107 swoje pompy ciep\u0142a PACi, dostosowuj\u0105c parametry pracy do aktualnych warunk\u00f3w i zapewniaj\u0105c oszcz\u0119dno\u015b\u0107 energii oraz komfort wewn\u0119trzny.<\/p>\n<p>Jest to zaawansowany system sterowania, kt\u00f3ry jest cz\u0119\u015bci\u0105 serii komercyjnych pomp ciep\u0142a PACi i s\u0142u\u017cy do zoptymalizowania dzia\u0142ania systemu, poprawy efektywno\u015bci energetycznej oraz zapewnienia wygody i komfortu u\u017cytkownikom.<\/p>\n","protected":false},"excerpt":{"rendered":"<p><span style=\"color: #000000;\"><strong>Najwa\u017cniejsze zalety<\/strong><\/span>[dt_list style=\"1\" bullet_position=\"middle\" dividers=\"true\"][dt_list style=\"1\" bullet_position=\"middle\" dividers=\"true\"][dt_list_item image=\"\"]Doskona\u0142a kontrola: Przewodowy sterownik indywidualny umo\u017cliwia precyzyjn\u0105 kontrol\u0119 pracy pompy ciep\u0142a, co pozwala na optymalne dostosowanie dzia\u0142ania systemu do aktualnych warunk\u00f3w i potrzeb.[\/dt_list_item][dt_list_item image=\"\"]Efektywno\u015b\u0107 energetyczna: Dzi\u0119ki czujnikowi Econavii Datanavi, pompa ciep\u0142a mo\u017ce inteligentnie monitorowa\u0107 i dostosowywa\u0107 swoje dzia\u0142anie, co przyczynia si\u0119 do oszcz\u0119dno\u015bci energii i obni\u017cenia koszt\u00f3w eksploatacji.[\/dt_list_item][dt_list_item image=\"\"]Wygoda u\u017cytkowania: Przewodowy sterownik indywidualny zapewnia \u0142atwy dost\u0119p do ustawie\u0144 i monitorowania pracy pompy ciep\u0142a. Mo\u017cna \u0142atwo dostosowa\u0107 parametry pracy i monitorowa\u0107 jej efektywno\u015b\u0107.[\/dt_list_item][dt_list_item image=\"\"]Wysoka jako\u015b\u0107: Seria komercyjnych pomp ciep\u0142a PACi jest znana ze swojej solidnej konstrukcji i niezawodno\u015bci. Sterownik przewodowy indywidualny z czujnikiem Econavii Datanavi SKU CZ-RTC5B jest integraln\u0105 cz\u0119\u015bci\u0105 tej jako\u015bciowej serii produkt\u00f3w.[\/dt_list_item][\/dt_list]<\/p>\n","protected":false},"featured_media":89976,"template":"","meta":[],"product_cat":[401,6384,189],"product_tag":[6387,5077],"yoast_head":"<!-- This site is optimized with the Yoast SEO plugin v22.1 - https:\/\/yoast.com\/wordpress\/plugins\/seo\/ -->\n<title>SERIA KOMERCYJNYCH POMP CIEP\u0141A PACi Sterownik przewodowy indywidualny z czujnikiem Econavii Datanavi SKU CZ-RTC5B<\/title>\n<meta name=\"description\" content=\"SERIA KOMERCYJNYCH POMP CIEP\u0141A PACi Sterownik przewodowy indywidualny z czujnikiem Econavii Datanavi SKU CZ-RTC5B\" \/>\n<meta name=\"robots\" content=\"index, nofollow, max-snippet:-1, max-image-preview:large, max-video-preview:-1, noarchive\" \/>\n<link rel=\"canonical\" href=\"https:\/\/www.fabrykachlodu.pl\/sklep\/produkt\/seria-komercyjnych-pomp-ciepla-paci-sterownik-przewodowy-indywidualny-z-czujnikiem-econavii-datanavi-sku-cz-rtc5b\/\" \/>\n<meta name=\"twitter:label1\" content=\"Szacowany czas czytania\" \/>\n\t<meta name=\"twitter:data1\" content=\"8 minut\" \/>\n<script type=\"application\/ld+json\" class=\"yoast-schema-graph\">{\"@context\":\"https:\/\/schema.org\",\"@graph\":[{\"@type\":\"WebPage\",\"@id\":\"https:\/\/www.fabrykachlodu.pl\/sklep\/produkt\/seria-komercyjnych-pomp-ciepla-paci-sterownik-przewodowy-indywidualny-z-czujnikiem-econavii-datanavi-sku-cz-rtc5b\/\",\"url\":\"https:\/\/www.fabrykachlodu.pl\/sklep\/produkt\/seria-komercyjnych-pomp-ciepla-paci-sterownik-przewodowy-indywidualny-z-czujnikiem-econavii-datanavi-sku-cz-rtc5b\/\",\"name\":\"SERIA KOMERCYJNYCH POMP CIEP\u0141A PACi Sterownik przewodowy indywidualny z czujnikiem Econavii Datanavi SKU CZ-RTC5B\",\"isPartOf\":{\"@id\":\"https:\/\/www.fabrykachlodu.pl\/sklep\/#website\"},\"datePublished\":\"2023-05-16T07:03:57+00:00\",\"dateModified\":\"2023-05-16T07:04:07+00:00\",\"description\":\"SERIA KOMERCYJNYCH POMP CIEP\u0141A PACi Sterownik przewodowy indywidualny z czujnikiem Econavii Datanavi SKU CZ-RTC5B\",\"breadcrumb\":{\"@id\":\"https:\/\/www.fabrykachlodu.pl\/sklep\/produkt\/seria-komercyjnych-pomp-ciepla-paci-sterownik-przewodowy-indywidualny-z-czujnikiem-econavii-datanavi-sku-cz-rtc5b\/#breadcrumb\"},\"inLanguage\":\"pl-PL\",\"potentialAction\":[{\"@type\":\"ReadAction\",\"target\":[\"https:\/\/www.fabrykachlodu.pl\/sklep\/produkt\/seria-komercyjnych-pomp-ciepla-paci-sterownik-przewodowy-indywidualny-z-czujnikiem-econavii-datanavi-sku-cz-rtc5b\/\"]}]},{\"@type\":\"BreadcrumbList\",\"@id\":\"https:\/\/www.fabrykachlodu.pl\/sklep\/produkt\/seria-komercyjnych-pomp-ciepla-paci-sterownik-przewodowy-indywidualny-z-czujnikiem-econavii-datanavi-sku-cz-rtc5b\/#breadcrumb\",\"itemListElement\":[{\"@type\":\"ListItem\",\"position\":1,\"name\":\"Strona g\u0142\u00f3wna\",\"item\":\"https:\/\/www.fabrykachlodu.pl\/sklep\/\"},{\"@type\":\"ListItem\",\"position\":2,\"name\":\"Szukasz klimatzyacji biurowej sklepowej lub do mieszkania?\",\"item\":\"https:\/\/www.fabrykachlodu.pl\/sklep\/\"},{\"@type\":\"ListItem\",\"position\":3,\"name\":\"SERIA KOMERCYJNYCH POMP CIEP\u0141A PACi Sterownik przewodowy indywidualny z czujnikiem Econavii Datanavi SKU CZ-RTC5B\"}]},{\"@type\":\"WebSite\",\"@id\":\"https:\/\/www.fabrykachlodu.pl\/sklep\/#website\",\"url\":\"https:\/\/www.fabrykachlodu.pl\/sklep\/\",\"name\":\"\u00b0FC Sklep Internetowy monta\u017c klimatyzacji pomp ciep\u0142a\",\"description\":\"\u00b0FC monta\u017c klimatyzacji pomp ciep\u0142a z nami to szybki i tani wyb\u00f3r.  Us\u0142ugi monta\u017cowe i serwisowe W Warszawie i okolicach..\",\"potentialAction\":[{\"@type\":\"SearchAction\",\"target\":{\"@type\":\"EntryPoint\",\"urlTemplate\":\"https:\/\/www.fabrykachlodu.pl\/sklep\/?s={search_term_string}\"},\"query-input\":\"required name=search_term_string\"}],\"inLanguage\":\"pl-PL\"}]}<\/script>\n<!-- \/ Yoast SEO plugin. -->","yoast_head_json":{"title":"SERIA KOMERCYJNYCH POMP CIEP\u0141A PACi Sterownik przewodowy indywidualny z czujnikiem Econavii Datanavi SKU CZ-RTC5B","description":"SERIA KOMERCYJNYCH POMP CIEP\u0141A PACi Sterownik przewodowy indywidualny z czujnikiem Econavii Datanavi SKU CZ-RTC5B","robots":{"index":"index","follow":"nofollow","max-snippet":"max-snippet:-1","max-image-preview":"max-image-preview:large","max-video-preview":"max-video-preview:-1","archive":"noarchive"},"canonical":"https:\/\/www.fabrykachlodu.pl\/sklep\/produkt\/seria-komercyjnych-pomp-ciepla-paci-sterownik-przewodowy-indywidualny-z-czujnikiem-econavii-datanavi-sku-cz-rtc5b\/","twitter_misc":{"Szacowany czas czytania":"8 minut"},"schema":{"@context":"https:\/\/schema.org","@graph":[{"@type":"WebPage","@id":"https:\/\/www.fabrykachlodu.pl\/sklep\/produkt\/seria-komercyjnych-pomp-ciepla-paci-sterownik-przewodowy-indywidualny-z-czujnikiem-econavii-datanavi-sku-cz-rtc5b\/","url":"https:\/\/www.fabrykachlodu.pl\/sklep\/produkt\/seria-komercyjnych-pomp-ciepla-paci-sterownik-przewodowy-indywidualny-z-czujnikiem-econavii-datanavi-sku-cz-rtc5b\/","name":"SERIA KOMERCYJNYCH POMP CIEP\u0141A PACi Sterownik przewodowy indywidualny z czujnikiem Econavii Datanavi SKU CZ-RTC5B","isPartOf":{"@id":"https:\/\/www.fabrykachlodu.pl\/sklep\/#website"},"datePublished":"2023-05-16T07:03:57+00:00","dateModified":"2023-05-16T07:04:07+00:00","description":"SERIA KOMERCYJNYCH POMP CIEP\u0141A PACi Sterownik przewodowy indywidualny z czujnikiem Econavii Datanavi SKU CZ-RTC5B","breadcrumb":{"@id":"https:\/\/www.fabrykachlodu.pl\/sklep\/produkt\/seria-komercyjnych-pomp-ciepla-paci-sterownik-przewodowy-indywidualny-z-czujnikiem-econavii-datanavi-sku-cz-rtc5b\/#breadcrumb"},"inLanguage":"pl-PL","potentialAction":[{"@type":"ReadAction","target":["https:\/\/www.fabrykachlodu.pl\/sklep\/produkt\/seria-komercyjnych-pomp-ciepla-paci-sterownik-przewodowy-indywidualny-z-czujnikiem-econavii-datanavi-sku-cz-rtc5b\/"]}]},{"@type":"BreadcrumbList","@id":"https:\/\/www.fabrykachlodu.pl\/sklep\/produkt\/seria-komercyjnych-pomp-ciepla-paci-sterownik-przewodowy-indywidualny-z-czujnikiem-econavii-datanavi-sku-cz-rtc5b\/#breadcrumb","itemListElement":[{"@type":"ListItem","position":1,"name":"Strona g\u0142\u00f3wna","item":"https:\/\/www.fabrykachlodu.pl\/sklep\/"},{"@type":"ListItem","position":2,"name":"Szukasz klimatzyacji biurowej sklepowej lub do mieszkania?","item":"https:\/\/www.fabrykachlodu.pl\/sklep\/"},{"@type":"ListItem","position":3,"name":"SERIA KOMERCYJNYCH POMP CIEP\u0141A PACi Sterownik przewodowy indywidualny z czujnikiem Econavii Datanavi SKU CZ-RTC5B"}]},{"@type":"WebSite","@id":"https:\/\/www.fabrykachlodu.pl\/sklep\/#website","url":"https:\/\/www.fabrykachlodu.pl\/sklep\/","name":"\u00b0FC Sklep Internetowy monta\u017c klimatyzacji pomp ciep\u0142a","description":"\u00b0FC monta\u017c klimatyzacji pomp ciep\u0142a z nami to szybki i tani wyb\u00f3r.  Us\u0142ugi monta\u017cowe i serwisowe W Warszawie i okolicach..","potentialAction":[{"@type":"SearchAction","target":{"@type":"EntryPoint","urlTemplate":"https:\/\/www.fabrykachlodu.pl\/sklep\/?s={search_term_string}"},"query-input":"required name=search_term_string"}],"inLanguage":"pl-PL"}]}},"_links":{"self":[{"href":"https:\/\/www.fabrykachlodu.pl\/sklep\/wp-json\/wp\/v2\/product\/91349"}],"collection":[{"href":"https:\/\/www.fabrykachlodu.pl\/sklep\/wp-json\/wp\/v2\/product"}],"about":[{"href":"https:\/\/www.fabrykachlodu.pl\/sklep\/wp-json\/wp\/v2\/types\/product"}],"wp:featuredmedia":[{"embeddable":true,"href":"https:\/\/www.fabrykachlodu.pl\/sklep\/wp-json\/wp\/v2\/media\/89976"}],"wp:attachment":[{"href":"https:\/\/www.fabrykachlodu.pl\/sklep\/wp-json\/wp\/v2\/media?parent=91349"}],"wp:term":[{"taxonomy":"product_cat","embeddable":true,"href":"https:\/\/www.fabrykachlodu.pl\/sklep\/wp-json\/wp\/v2\/product_cat?post=91349"},{"taxonomy":"product_tag","embeddable":true,"href":"https:\/\/www.fabrykachlodu.pl\/sklep\/wp-json\/wp\/v2\/product_tag?post=91349"}],"curies":[{"name":"wp","href":"https:\/\/api.w.org\/{rel}","templated":true}]}}