{"id":91353,"date":"2023-05-16T09:04:03","date_gmt":"2023-05-16T07:04:03","guid":{"rendered":"https:\/\/www.fabrykachlodu.pl\/sklep\/produkt\/pac-i-wewnetrzne-podstropowe-4782-cold-kw-60-68-hot-kw-70-80-sku-s-6071pt3e\/"},"modified":"2023-05-16T09:04:03","modified_gmt":"2023-05-16T07:04:03","slug":"pac-i-wewnetrzne-podstropowe-4782-cold-kw-60-68-hot-kw-70-80-sku-s-6071pt3e","status":"publish","type":"product","link":"https:\/\/www.fabrykachlodu.pl\/sklep\/produkt\/pac-i-wewnetrzne-podstropowe-4782-cold-kw-60-68-hot-kw-70-80-sku-s-6071pt3e\/","title":{"rendered":"PAC-I WEWN\u0118TRZNE PODSTROPOWE 4782; COLD kW 6,0-6,8; HOT kW 7,0-8,0; SKU S-6071PT3E"},"content":{"rendered":"<br \/>\n<h2>Zam\u00f3wienie dotyczy: PAC-I WEWN\u0118TRZNE PODSTROPOWE 4782; COLD kW 6,0-6,8; HOT kW 7,0-8,0; SKU S-1014PT3EWydajno\u015b\u0107 ch\u0142odnicza (kW) 6,0-6,8 Wydajno\u015b\u0107 grzewcza (kW) 7,0-8,0 Cena katalogowa PLN 4782 <\/h2>\n<p><h3><strong>W jednym miejscu poznasz:<\/strong><\/h3>\n<p> Najwa\u017cniejsze funkcje<br \/> Por\u00f3wnasz produkty<br \/> Poznasz parametry techniczne<br \/> Poznasz cen\u0119 i zrealizujesz zam\u00f3wienie<br \/> Otrzymasz ofert\u0119 zakupu ratalnego lub leasingu<br \/><strong><\/p>\n<h3>Czy wiesz, \u017ce:<\/strong><\/h3>\n<p>0<strong><\/p>\n<h3>Zlecaj\u0105c nam monta\u017c otrzymasz:<\/strong><\/h3>\n<p> PAC-I WEWN\u0118TRZNE PODSTROPOWE 4782; COLD kW 6,0-6,8; HOT kW 7,0-8,0; SKU S-1014PT3E z rabatem kupuj\u0105c w naszym sklepie online lub wybieraj\u0105c monta\u017c <br \/> Gwarancje <br \/> Kompletne pod\u0142\u0105czenie elektryczne oraz hydrauliczne<br \/>PAC-I WEWN\u0118TRZNE PODSTROPOWE 4782; COLD kW 6,0-6,8; HOT kW 7,0-8,0; SKU S-1014PT3E z rabatem kupuj\u0105c w naszym sklepie online lub wybieraj\u0105c monta\u017c <br \/> Gwarancje <br \/> Kompletne pod\u0142\u0105czenie elektryczne oraz hydrauliczne<br \/>0PAC-I wewn\u0119trzne podstropowe firmy Panasonic oferuj\u0105 wiele zalet, w\u015br\u00f3d kt\u00f3rych wymieni\u0107 mo\u017cna:<\/p>\n<p>Elegancki design: PAC-I wewn\u0119trzne podstropowe s\u0105 zaprojektowane w spos\u00f3b estetyczny i elegancki, co pozwala na \u0142atwe wkomponowanie ich w r\u00f3\u017cne typy wn\u0119trz.<\/p>\n<p>\u0141atwy monta\u017c: Klimatyzatory PAC-I wewn\u0119trzne podstropowe s\u0105 \u0142atwe w monta\u017cu i umieszczeniu pod sufitem, co pozwala na maksymalne wykorzystanie dost\u0119pnej przestrzeni.<\/p>\n<p>Komfort u\u017cytkowania: PAC-I wewn\u0119trzne podstropowe charakteryzuj\u0105 si\u0119 cich\u0105 prac\u0105, co wp\u0142ywa na wi\u0119kszy komfort u\u017cytkowania, a tak\u017ce zapewniaj\u0105 skuteczne ch\u0142odzenie lub ogrzewanie pomieszcze\u0144.<\/p>\n<p>Wysoka jako\u015b\u0107 powietrza: Dzi\u0119ki zastosowaniu innowacyjnych rozwi\u0105za\u0144, klimatyzatory Panasonic zapewniaj\u0105 wysok\u0105 jako\u015b\u0107 powietrza w pomieszczeniu, eliminuj\u0105c szkodliwe zanieczyszczenia i alergeny.<\/p>\n<p>Ekonomiczno\u015b\u0107: Klimatyzatory PAC-I wewn\u0119trzne podstropowe s\u0105 energooszcz\u0119dne i ekonomiczne w eksploatacji, co pozwala na ograniczenie koszt\u00f3w zwi\u0105zanych z klimatyzacj\u0105 i ogrzewaniem pomieszcze\u0144.<\/p>\n","protected":false},"excerpt":{"rendered":"<p><span style=\"color: #000000;\"><strong>Najwa\u017cniejsze zalety<\/strong><\/span>[dt_list style=\"1\" bullet_position=\"middle\" dividers=\"true\"][dt_list style=\"1\" bullet_position=\"middle\" dividers=\"true\"][dt_list_item image=\"\"]Elegancki design: PAC-I wewn\u0119trzne podstropowe s\u0105 zaprojektowane w spos\u00f3b estetyczny i elegancki, co pozwala na \u0142atwe wkomponowanie ich w r\u00f3\u017cne typy wn\u0119trz.[\/dt_list_item][dt_list_item image=\"\"]\u0141atwy monta\u017c: Klimatyzatory PAC-I wewn\u0119trzne podstropowe s\u0105 \u0142atwe w monta\u017cu i umieszczeniu pod sufitem, co pozwala na maksymalne wykorzystanie dost\u0119pnej przestrzeni.[\/dt_list_item][dt_list_item image=\"\"]Komfort u\u017cytkowania: PAC-I wewn\u0119trzne podstropowe charakteryzuj\u0105 si\u0119 cich\u0105 prac\u0105, co wp\u0142ywa na wi\u0119kszy komfort u\u017cytkowania, a tak\u017ce zapewniaj\u0105 skuteczne ch\u0142odzenie lub ogrzewanie pomieszcze\u0144.[\/dt_list_item][dt_list_item image=\"\"]Wysoka jako\u015b\u0107 powietrza: Dzi\u0119ki zastosowaniu innowacyjnych rozwi\u0105za\u0144, klimatyzatory Panasonic zapewniaj\u0105 wysok\u0105 jako\u015b\u0107 powietrza w pomieszczeniu, eliminuj\u0105c szkodliwe zanieczyszczenia i alergeny.[\/dt_list_item][\/dt_list]<\/p>\n","protected":false},"featured_media":89990,"template":"","meta":[],"product_cat":[7387,401,189],"product_tag":[6524],"yoast_head":"<!-- This site is optimized with the Yoast SEO plugin v22.1 - https:\/\/yoast.com\/wordpress\/plugins\/seo\/ -->\n<title>PAC-I WEWN\u0118TRZNE PODSTROPOWE 4782; COLD kW 6,0-6,8; HOT kW 7,0-8,0; SKU S-6071PT3E<\/title>\n<meta name=\"description\" content=\"PAC-I WEWN\u0118TRZNE PODSTROPOWE 4782; COLD kW 6,0-6,8; HOT kW 7,0-8,0; SKU S-6071PT3E\" \/>\n<meta name=\"robots\" content=\"index, nofollow, max-snippet:-1, max-image-preview:large, max-video-preview:-1, noarchive\" \/>\n<link rel=\"canonical\" href=\"https:\/\/www.fabrykachlodu.pl\/sklep\/produkt\/pac-i-wewnetrzne-podstropowe-4782-cold-kw-60-68-hot-kw-70-80-sku-s-6071pt3e\/\" \/>\n<meta name=\"twitter:label1\" content=\"Szacowany czas czytania\" \/>\n\t<meta name=\"twitter:data1\" content=\"1 minuta\" \/>\n<script type=\"application\/ld+json\" class=\"yoast-schema-graph\">{\"@context\":\"https:\/\/schema.org\",\"@graph\":[{\"@type\":\"WebPage\",\"@id\":\"https:\/\/www.fabrykachlodu.pl\/sklep\/produkt\/pac-i-wewnetrzne-podstropowe-4782-cold-kw-60-68-hot-kw-70-80-sku-s-6071pt3e\/\",\"url\":\"https:\/\/www.fabrykachlodu.pl\/sklep\/produkt\/pac-i-wewnetrzne-podstropowe-4782-cold-kw-60-68-hot-kw-70-80-sku-s-6071pt3e\/\",\"name\":\"PAC-I WEWN\u0118TRZNE PODSTROPOWE 4782; COLD kW 6,0-6,8; HOT kW 7,0-8,0; SKU S-6071PT3E\",\"isPartOf\":{\"@id\":\"https:\/\/www.fabrykachlodu.pl\/sklep\/#website\"},\"datePublished\":\"2023-05-16T07:04:03+00:00\",\"dateModified\":\"2023-05-16T07:04:03+00:00\",\"description\":\"PAC-I WEWN\u0118TRZNE PODSTROPOWE 4782; COLD kW 6,0-6,8; HOT kW 7,0-8,0; SKU S-6071PT3E\",\"breadcrumb\":{\"@id\":\"https:\/\/www.fabrykachlodu.pl\/sklep\/produkt\/pac-i-wewnetrzne-podstropowe-4782-cold-kw-60-68-hot-kw-70-80-sku-s-6071pt3e\/#breadcrumb\"},\"inLanguage\":\"pl-PL\",\"potentialAction\":[{\"@type\":\"ReadAction\",\"target\":[\"https:\/\/www.fabrykachlodu.pl\/sklep\/produkt\/pac-i-wewnetrzne-podstropowe-4782-cold-kw-60-68-hot-kw-70-80-sku-s-6071pt3e\/\"]}]},{\"@type\":\"BreadcrumbList\",\"@id\":\"https:\/\/www.fabrykachlodu.pl\/sklep\/produkt\/pac-i-wewnetrzne-podstropowe-4782-cold-kw-60-68-hot-kw-70-80-sku-s-6071pt3e\/#breadcrumb\",\"itemListElement\":[{\"@type\":\"ListItem\",\"position\":1,\"name\":\"Strona g\u0142\u00f3wna\",\"item\":\"https:\/\/www.fabrykachlodu.pl\/sklep\/\"},{\"@type\":\"ListItem\",\"position\":2,\"name\":\"Szukasz klimatzyacji biurowej sklepowej lub do mieszkania?\",\"item\":\"https:\/\/www.fabrykachlodu.pl\/sklep\/\"},{\"@type\":\"ListItem\",\"position\":3,\"name\":\"PAC-I WEWN\u0118TRZNE PODSTROPOWE 4782; COLD kW 6,0-6,8; HOT kW 7,0-8,0; SKU S-6071PT3E\"}]},{\"@type\":\"WebSite\",\"@id\":\"https:\/\/www.fabrykachlodu.pl\/sklep\/#website\",\"url\":\"https:\/\/www.fabrykachlodu.pl\/sklep\/\",\"name\":\"\u00b0FC Sklep Internetowy monta\u017c klimatyzacji pomp ciep\u0142a\",\"description\":\"\u00b0FC monta\u017c klimatyzacji pomp ciep\u0142a z nami to szybki i tani wyb\u00f3r.  Us\u0142ugi monta\u017cowe i serwisowe W Warszawie i okolicach..\",\"potentialAction\":[{\"@type\":\"SearchAction\",\"target\":{\"@type\":\"EntryPoint\",\"urlTemplate\":\"https:\/\/www.fabrykachlodu.pl\/sklep\/?s={search_term_string}\"},\"query-input\":\"required name=search_term_string\"}],\"inLanguage\":\"pl-PL\"}]}<\/script>\n<!-- \/ Yoast SEO plugin. -->","yoast_head_json":{"title":"PAC-I WEWN\u0118TRZNE PODSTROPOWE 4782; COLD kW 6,0-6,8; HOT kW 7,0-8,0; SKU S-6071PT3E","description":"PAC-I WEWN\u0118TRZNE PODSTROPOWE 4782; COLD kW 6,0-6,8; HOT kW 7,0-8,0; SKU S-6071PT3E","robots":{"index":"index","follow":"nofollow","max-snippet":"max-snippet:-1","max-image-preview":"max-image-preview:large","max-video-preview":"max-video-preview:-1","archive":"noarchive"},"canonical":"https:\/\/www.fabrykachlodu.pl\/sklep\/produkt\/pac-i-wewnetrzne-podstropowe-4782-cold-kw-60-68-hot-kw-70-80-sku-s-6071pt3e\/","twitter_misc":{"Szacowany czas czytania":"1 minuta"},"schema":{"@context":"https:\/\/schema.org","@graph":[{"@type":"WebPage","@id":"https:\/\/www.fabrykachlodu.pl\/sklep\/produkt\/pac-i-wewnetrzne-podstropowe-4782-cold-kw-60-68-hot-kw-70-80-sku-s-6071pt3e\/","url":"https:\/\/www.fabrykachlodu.pl\/sklep\/produkt\/pac-i-wewnetrzne-podstropowe-4782-cold-kw-60-68-hot-kw-70-80-sku-s-6071pt3e\/","name":"PAC-I WEWN\u0118TRZNE PODSTROPOWE 4782; COLD kW 6,0-6,8; HOT kW 7,0-8,0; SKU S-6071PT3E","isPartOf":{"@id":"https:\/\/www.fabrykachlodu.pl\/sklep\/#website"},"datePublished":"2023-05-16T07:04:03+00:00","dateModified":"2023-05-16T07:04:03+00:00","description":"PAC-I WEWN\u0118TRZNE PODSTROPOWE 4782; COLD kW 6,0-6,8; HOT kW 7,0-8,0; SKU S-6071PT3E","breadcrumb":{"@id":"https:\/\/www.fabrykachlodu.pl\/sklep\/produkt\/pac-i-wewnetrzne-podstropowe-4782-cold-kw-60-68-hot-kw-70-80-sku-s-6071pt3e\/#breadcrumb"},"inLanguage":"pl-PL","potentialAction":[{"@type":"ReadAction","target":["https:\/\/www.fabrykachlodu.pl\/sklep\/produkt\/pac-i-wewnetrzne-podstropowe-4782-cold-kw-60-68-hot-kw-70-80-sku-s-6071pt3e\/"]}]},{"@type":"BreadcrumbList","@id":"https:\/\/www.fabrykachlodu.pl\/sklep\/produkt\/pac-i-wewnetrzne-podstropowe-4782-cold-kw-60-68-hot-kw-70-80-sku-s-6071pt3e\/#breadcrumb","itemListElement":[{"@type":"ListItem","position":1,"name":"Strona g\u0142\u00f3wna","item":"https:\/\/www.fabrykachlodu.pl\/sklep\/"},{"@type":"ListItem","position":2,"name":"Szukasz klimatzyacji biurowej sklepowej lub do mieszkania?","item":"https:\/\/www.fabrykachlodu.pl\/sklep\/"},{"@type":"ListItem","position":3,"name":"PAC-I WEWN\u0118TRZNE PODSTROPOWE 4782; COLD kW 6,0-6,8; HOT kW 7,0-8,0; SKU S-6071PT3E"}]},{"@type":"WebSite","@id":"https:\/\/www.fabrykachlodu.pl\/sklep\/#website","url":"https:\/\/www.fabrykachlodu.pl\/sklep\/","name":"\u00b0FC Sklep Internetowy monta\u017c klimatyzacji pomp ciep\u0142a","description":"\u00b0FC monta\u017c klimatyzacji pomp ciep\u0142a z nami to szybki i tani wyb\u00f3r.  Us\u0142ugi monta\u017cowe i serwisowe W Warszawie i okolicach..","potentialAction":[{"@type":"SearchAction","target":{"@type":"EntryPoint","urlTemplate":"https:\/\/www.fabrykachlodu.pl\/sklep\/?s={search_term_string}"},"query-input":"required name=search_term_string"}],"inLanguage":"pl-PL"}]}},"_links":{"self":[{"href":"https:\/\/www.fabrykachlodu.pl\/sklep\/wp-json\/wp\/v2\/product\/91353"}],"collection":[{"href":"https:\/\/www.fabrykachlodu.pl\/sklep\/wp-json\/wp\/v2\/product"}],"about":[{"href":"https:\/\/www.fabrykachlodu.pl\/sklep\/wp-json\/wp\/v2\/types\/product"}],"wp:featuredmedia":[{"embeddable":true,"href":"https:\/\/www.fabrykachlodu.pl\/sklep\/wp-json\/wp\/v2\/media\/89990"}],"wp:attachment":[{"href":"https:\/\/www.fabrykachlodu.pl\/sklep\/wp-json\/wp\/v2\/media?parent=91353"}],"wp:term":[{"taxonomy":"product_cat","embeddable":true,"href":"https:\/\/www.fabrykachlodu.pl\/sklep\/wp-json\/wp\/v2\/product_cat?post=91353"},{"taxonomy":"product_tag","embeddable":true,"href":"https:\/\/www.fabrykachlodu.pl\/sklep\/wp-json\/wp\/v2\/product_tag?post=91353"}],"curies":[{"name":"wp","href":"https:\/\/api.w.org\/{rel}","templated":true}]}}