{"id":91360,"date":"2023-05-16T09:04:11","date_gmt":"2023-05-16T07:04:11","guid":{"rendered":"https:\/\/www.fabrykachlodu.pl\/sklep\/?post_type=product&#038;p=91360"},"modified":"2023-05-16T09:04:19","modified_gmt":"2023-05-16T07:04:19","slug":"adapter-do-sterowania-przez-internet-sku-cz-capwfc1","status":"publish","type":"product","link":"https:\/\/www.fabrykachlodu.pl\/sklep\/produkt\/adapter-do-sterowania-przez-internet-sku-cz-capwfc1\/","title":{"rendered":"Adapter do sterowania przez Internet SKU CZ-CAPWFC1"},"content":{"rendered":"<br \/>\n<h2>Zam\u00f3wienie dotyczy:  Adapter do sterowania przez Internet SKU CZ-CAPWFC1Opis Adapter do sterowania przez Internet Cena katalogowa PLN 828   <\/h2>\n<p><h3><strong>W jednym miejscu poznasz:<\/strong><\/h3>\n<p> Najwa\u017cniejsze funkcje<br \/> Por\u00f3wnasz produkty<br \/> Poznasz parametry techniczne<br \/> Poznasz cen\u0119 i zrealizujesz zam\u00f3wienie<br \/> Otrzymasz ofert\u0119 zakupu ratalnego lub leasingu<br \/><strong><\/p>\n<h3>Czy wiesz, \u017ce:<\/strong><\/h3>\n<p>0<strong><\/p>\n<h3>Zlecaj\u0105c nam monta\u017c otrzymasz:<\/strong><\/h3>\n<p>  Adapter do sterowania przez Internet SKU CZ-CAPWFC1 z rabatem kupuj\u0105c w naszym sklepie online lub wybieraj\u0105c monta\u017c <br \/> Gwarancje <br \/> Kompletne pod\u0142\u0105czenie elektryczne oraz hydrauliczne<br \/> Adapter do sterowania przez Internet SKU CZ-CAPWFC1 z rabatem kupuj\u0105c w naszym sklepie online lub wybieraj\u0105c monta\u017c <br \/> Gwarancje <br \/> Kompletne pod\u0142\u0105czenie elektryczne oraz hydrauliczne<br \/>0Adapter do sterowania przez Internet SKU CZ-CAPWFC1 to urz\u0105dzenie dodatkowe oferowane przez firm\u0119 Panasonic, kt\u00f3re umo\u017cliwia zdalne sterowanie i monitorowanie urz\u0105dze\u0144 klimatyzacyjnych. Jest to adapter, kt\u00f3ry pozwala na pod\u0142\u0105czenie i integracj\u0119 systemu klimatyzacyjnego z sieci\u0105 internetow\u0105, umo\u017cliwiaj\u0105c u\u017cytkownikom zdaln\u0105 kontrol\u0119 za pomoc\u0105 aplikacji na smartfonie lub komputerze.<\/p>\n<p>Dzi\u0119ki Adapterowi do sterowania przez Internet SKU CZ-CAPWFC1 u\u017cytkownicy mog\u0105 zdalnie w\u0142\u0105cza\u0107, wy\u0142\u0105cza\u0107, regulowa\u0107 temperatur\u0119, zmienia\u0107 tryb pracy, ustawia\u0107 harmonogramy i monitorowa\u0107 dzia\u0142anie swojego systemu klimatyzacyjnego z dowolnego miejsca, o ile posiadaj\u0105 po\u0142\u0105czenie internetowe.<\/p>\n<p>Ten adapter pozwala na wygodne zarz\u0105dzanie klimatyzacj\u0105 w budynkach komercyjnych lub mieszkalnych, zw\u0142aszcza w przypadku, gdy u\u017cytkownicy s\u0105 poza budynkiem lub chc\u0105 zdalnie kontrolowa\u0107 r\u00f3\u017cne strefy klimatyzacji.<\/p>\n<p>Dzi\u0119ki Adapterowi do sterowania przez Internet SKU CZ-CAPWFC1 mo\u017cna zwi\u0119kszy\u0107 komfort u\u017cytkowania, oszcz\u0119dza\u0107 energi\u0119 poprzez dostosowanie pracy systemu klimatyzacyjnego do rzeczywistych potrzeb oraz monitorowa\u0107 i analizowa\u0107 zu\u017cycie energii w celu optymalizacji efektywno\u015bci energetycznej.<\/p>\n<p>Warto zauwa\u017cy\u0107, \u017ce sam Adapter do sterowania przez Internet SKU CZ-CAPWFC1 jest cz\u0119\u015bci\u0105 systemu klimatyzacji firmy Panasonic i wymaga integracji z odpowiednimi urz\u0105dzeniami i oprogramowaniem, aby umo\u017cliwi\u0107 zdalne sterowanie i dost\u0119p przez Internet.<\/p>\n","protected":false},"excerpt":{"rendered":"<p><span style=\"color: #000000;\"><strong>Najwa\u017cniejsze zalety<\/strong><\/span>[dt_list style=\"1\" bullet_position=\"middle\" dividers=\"true\"][dt_list style=\"1\" bullet_position=\"middle\" dividers=\"true\"][dt_list_item image=\"\"]Mo\u017cna zdalnie w\u0142\u0105cza\u0107, wy\u0142\u0105cza\u0107, regulowa\u0107 temperatur\u0119, zmienia\u0107 tryb pracy, ustawia\u0107 harmonogramy i monitorowa\u0107 dzia\u0142anie swojego systemu klimatyzacyjnego z dowolnego miejsca, o ile posiadaj\u0105 po\u0142\u0105czenie internetowe.[\/dt_list_item][dt_list_item image=\"\"]Pozwala na wygodne zarz\u0105dzanie klimatyzacj\u0105 w budynkach komercyjnych lub mieszkalnych[\/dt_list_item][dt_list_item image=\"\"]Mo\u017cna analizowa\u0107 zu\u017cycie energii w celu optymalizacji efektywno\u015bci energetycznej. [\/dt_list_item][dt_list_item image=\"\"] Cz\u0119\u015bci zamienne, akcesoria[\/dt_list_item][\/dt_list]<\/p>\n","protected":false},"featured_media":89905,"template":"","meta":[],"product_cat":[7307,401,189],"product_tag":[5320,6387],"yoast_head":"<!-- This site is optimized with the Yoast SEO plugin v22.1 - https:\/\/yoast.com\/wordpress\/plugins\/seo\/ -->\n<title>Adapter do sterowania przez Internet SKU CZ-CAPWFC1<\/title>\n<meta name=\"description\" content=\"Adapter do sterowania przez Internet SKU CZ-CAPWFC1\" \/>\n<meta name=\"robots\" content=\"index, follow, max-snippet:-1, max-image-preview:large, max-video-preview:-1\" \/>\n<link rel=\"canonical\" href=\"https:\/\/www.fabrykachlodu.pl\/sklep\/produkt\/adapter-do-sterowania-przez-internet-sku-cz-capwfc1\/\" \/>\n<meta name=\"twitter:label1\" content=\"Szacowany czas czytania\" \/>\n\t<meta name=\"twitter:data1\" content=\"2 minuty\" \/>\n<script type=\"application\/ld+json\" class=\"yoast-schema-graph\">{\"@context\":\"https:\/\/schema.org\",\"@graph\":[{\"@type\":\"WebPage\",\"@id\":\"https:\/\/www.fabrykachlodu.pl\/sklep\/produkt\/adapter-do-sterowania-przez-internet-sku-cz-capwfc1\/\",\"url\":\"https:\/\/www.fabrykachlodu.pl\/sklep\/produkt\/adapter-do-sterowania-przez-internet-sku-cz-capwfc1\/\",\"name\":\"Adapter do sterowania przez Internet SKU CZ-CAPWFC1\",\"isPartOf\":{\"@id\":\"https:\/\/www.fabrykachlodu.pl\/sklep\/#website\"},\"datePublished\":\"2023-05-16T07:04:11+00:00\",\"dateModified\":\"2023-05-16T07:04:19+00:00\",\"description\":\"Adapter do sterowania przez Internet SKU CZ-CAPWFC1\",\"breadcrumb\":{\"@id\":\"https:\/\/www.fabrykachlodu.pl\/sklep\/produkt\/adapter-do-sterowania-przez-internet-sku-cz-capwfc1\/#breadcrumb\"},\"inLanguage\":\"pl-PL\",\"potentialAction\":[{\"@type\":\"ReadAction\",\"target\":[\"https:\/\/www.fabrykachlodu.pl\/sklep\/produkt\/adapter-do-sterowania-przez-internet-sku-cz-capwfc1\/\"]}]},{\"@type\":\"BreadcrumbList\",\"@id\":\"https:\/\/www.fabrykachlodu.pl\/sklep\/produkt\/adapter-do-sterowania-przez-internet-sku-cz-capwfc1\/#breadcrumb\",\"itemListElement\":[{\"@type\":\"ListItem\",\"position\":1,\"name\":\"Strona g\u0142\u00f3wna\",\"item\":\"https:\/\/www.fabrykachlodu.pl\/sklep\/\"},{\"@type\":\"ListItem\",\"position\":2,\"name\":\"Szukasz klimatzyacji biurowej sklepowej lub do mieszkania?\",\"item\":\"https:\/\/www.fabrykachlodu.pl\/sklep\/\"},{\"@type\":\"ListItem\",\"position\":3,\"name\":\"Adapter do sterowania przez Internet SKU CZ-CAPWFC1\"}]},{\"@type\":\"WebSite\",\"@id\":\"https:\/\/www.fabrykachlodu.pl\/sklep\/#website\",\"url\":\"https:\/\/www.fabrykachlodu.pl\/sklep\/\",\"name\":\"\u00b0FC Sklep Internetowy monta\u017c klimatyzacji pomp ciep\u0142a\",\"description\":\"\u00b0FC monta\u017c klimatyzacji pomp ciep\u0142a z nami to szybki i tani wyb\u00f3r.  Us\u0142ugi monta\u017cowe i serwisowe W Warszawie i okolicach..\",\"potentialAction\":[{\"@type\":\"SearchAction\",\"target\":{\"@type\":\"EntryPoint\",\"urlTemplate\":\"https:\/\/www.fabrykachlodu.pl\/sklep\/?s={search_term_string}\"},\"query-input\":\"required name=search_term_string\"}],\"inLanguage\":\"pl-PL\"}]}<\/script>\n<!-- \/ Yoast SEO plugin. -->","yoast_head_json":{"title":"Adapter do sterowania przez Internet SKU CZ-CAPWFC1","description":"Adapter do sterowania przez Internet SKU CZ-CAPWFC1","robots":{"index":"index","follow":"follow","max-snippet":"max-snippet:-1","max-image-preview":"max-image-preview:large","max-video-preview":"max-video-preview:-1"},"canonical":"https:\/\/www.fabrykachlodu.pl\/sklep\/produkt\/adapter-do-sterowania-przez-internet-sku-cz-capwfc1\/","twitter_misc":{"Szacowany czas czytania":"2 minuty"},"schema":{"@context":"https:\/\/schema.org","@graph":[{"@type":"WebPage","@id":"https:\/\/www.fabrykachlodu.pl\/sklep\/produkt\/adapter-do-sterowania-przez-internet-sku-cz-capwfc1\/","url":"https:\/\/www.fabrykachlodu.pl\/sklep\/produkt\/adapter-do-sterowania-przez-internet-sku-cz-capwfc1\/","name":"Adapter do sterowania przez Internet SKU CZ-CAPWFC1","isPartOf":{"@id":"https:\/\/www.fabrykachlodu.pl\/sklep\/#website"},"datePublished":"2023-05-16T07:04:11+00:00","dateModified":"2023-05-16T07:04:19+00:00","description":"Adapter do sterowania przez Internet SKU CZ-CAPWFC1","breadcrumb":{"@id":"https:\/\/www.fabrykachlodu.pl\/sklep\/produkt\/adapter-do-sterowania-przez-internet-sku-cz-capwfc1\/#breadcrumb"},"inLanguage":"pl-PL","potentialAction":[{"@type":"ReadAction","target":["https:\/\/www.fabrykachlodu.pl\/sklep\/produkt\/adapter-do-sterowania-przez-internet-sku-cz-capwfc1\/"]}]},{"@type":"BreadcrumbList","@id":"https:\/\/www.fabrykachlodu.pl\/sklep\/produkt\/adapter-do-sterowania-przez-internet-sku-cz-capwfc1\/#breadcrumb","itemListElement":[{"@type":"ListItem","position":1,"name":"Strona g\u0142\u00f3wna","item":"https:\/\/www.fabrykachlodu.pl\/sklep\/"},{"@type":"ListItem","position":2,"name":"Szukasz klimatzyacji biurowej sklepowej lub do mieszkania?","item":"https:\/\/www.fabrykachlodu.pl\/sklep\/"},{"@type":"ListItem","position":3,"name":"Adapter do sterowania przez Internet SKU CZ-CAPWFC1"}]},{"@type":"WebSite","@id":"https:\/\/www.fabrykachlodu.pl\/sklep\/#website","url":"https:\/\/www.fabrykachlodu.pl\/sklep\/","name":"\u00b0FC Sklep Internetowy monta\u017c klimatyzacji pomp ciep\u0142a","description":"\u00b0FC monta\u017c klimatyzacji pomp ciep\u0142a z nami to szybki i tani wyb\u00f3r.  Us\u0142ugi monta\u017cowe i serwisowe W Warszawie i okolicach..","potentialAction":[{"@type":"SearchAction","target":{"@type":"EntryPoint","urlTemplate":"https:\/\/www.fabrykachlodu.pl\/sklep\/?s={search_term_string}"},"query-input":"required name=search_term_string"}],"inLanguage":"pl-PL"}]}},"_links":{"self":[{"href":"https:\/\/www.fabrykachlodu.pl\/sklep\/wp-json\/wp\/v2\/product\/91360"}],"collection":[{"href":"https:\/\/www.fabrykachlodu.pl\/sklep\/wp-json\/wp\/v2\/product"}],"about":[{"href":"https:\/\/www.fabrykachlodu.pl\/sklep\/wp-json\/wp\/v2\/types\/product"}],"wp:featuredmedia":[{"embeddable":true,"href":"https:\/\/www.fabrykachlodu.pl\/sklep\/wp-json\/wp\/v2\/media\/89905"}],"wp:attachment":[{"href":"https:\/\/www.fabrykachlodu.pl\/sklep\/wp-json\/wp\/v2\/media?parent=91360"}],"wp:term":[{"taxonomy":"product_cat","embeddable":true,"href":"https:\/\/www.fabrykachlodu.pl\/sklep\/wp-json\/wp\/v2\/product_cat?post=91360"},{"taxonomy":"product_tag","embeddable":true,"href":"https:\/\/www.fabrykachlodu.pl\/sklep\/wp-json\/wp\/v2\/product_tag?post=91360"}],"curies":[{"name":"wp","href":"https:\/\/api.w.org\/{rel}","templated":true}]}}