{"id":91361,"date":"2023-05-16T09:04:12","date_gmt":"2023-05-16T07:04:12","guid":{"rendered":"https:\/\/www.fabrykachlodu.pl\/sklep\/?post_type=product&#038;p=91361"},"modified":"2023-05-16T09:04:19","modified_gmt":"2023-05-16T07:04:19","slug":"nanoe-x-do-kasety-90x90-sku-cz-cnexu1","status":"publish","type":"product","link":"https:\/\/www.fabrykachlodu.pl\/sklep\/produkt\/nanoe-x-do-kasety-90x90-sku-cz-cnexu1\/","title":{"rendered":"nanoe X do kasety 90&#215;90 SKU CZ-CNEXU1"},"content":{"rendered":"<br \/>\n<h2>Zam\u00f3wienie dotyczy:  nanoe X do kasety 90&#215;90 SKU CZ-CNEXU1Opis nanoe X do kasety 90&#215;90 Cena katalogowa PLN 705   <\/h2>\n<p><h3><strong>W jednym miejscu poznasz:<\/strong><\/h3>\n<p> Najwa\u017cniejsze funkcje<br \/> Por\u00f3wnasz produkty<br \/> Poznasz parametry techniczne<br \/> Poznasz cen\u0119 i zrealizujesz zam\u00f3wienie<br \/> Otrzymasz ofert\u0119 zakupu ratalnego lub leasingu<br \/><strong><\/p>\n<h3>Czy wiesz, \u017ce:<\/strong><\/h3>\n<p>0<strong><\/p>\n<h3>Zlecaj\u0105c nam monta\u017c otrzymasz:<\/strong><\/h3>\n<p>  nanoe X do kasety 90&#215;90 SKU CZ-CNEXU1 z rabatem kupuj\u0105c w naszym sklepie online lub wybieraj\u0105c monta\u017c <br \/> Gwarancje <br \/> Kompletne pod\u0142\u0105czenie elektryczne oraz hydrauliczne<br \/> nanoe X do kasety 90&#215;90 SKU CZ-CNEXU1 z rabatem kupuj\u0105c w naszym sklepie online lub wybieraj\u0105c monta\u017c <br \/> Gwarancje <br \/> Kompletne pod\u0142\u0105czenie elektryczne oraz hydrauliczne<br \/>0Nanoe X to zaawansowana technologia firmy Panasonic, kt\u00f3ra jest wykorzystywana w r\u00f3\u017cnych urz\u0105dzeniach, w tym w kasetach 90&#215;90 SKU CZ-CNEXU1. Nanoe X to system generowania cz\u0105steczek nanoe, kt\u00f3re maj\u0105 pozytywny wp\u0142yw na jako\u015b\u0107 powietrza w pomieszczeniu.<\/p>\n<p>Cz\u0105steczki nanoe X s\u0105 tworzone przez specjalne generatory w urz\u0105dzeniach klimatyzacyjnych i rozprzestrzeniaj\u0105 si\u0119 w powietrzu. Maj\u0105 one zdolno\u015b\u0107 do redukcji bakterii, wirus\u00f3w, ple\u015bni, alergen\u00f3w i nieprzyjemnych zapach\u00f3w, poprawiaj\u0105c tym samym jako\u015b\u0107 powietrza w pomieszczeniach.<\/p>\n<p>Technologia nanoe X wykorzystuje efekt elektrostatyczny, aby generowa\u0107 cz\u0105steczki o rozmiarach nanometrycznych, kt\u00f3re mog\u0105 przenika\u0107 do najmniejszych zakamark\u00f3w pomieszczenia. Te cz\u0105steczki s\u0105 zdolne do neutralizacji i dezaktywacji szkodliwych substancji, eliminuj\u0105c tym samym niebezpieczne drobnoustroje i cz\u0105steczki z powietrza.<\/p>\n<p>Dzi\u0119ki obecno\u015bci nanoe X w kasetach 90&#215;90 SKU CZ-CNEXU1 mo\u017cliwe jest poprawienie jako\u015bci powietrza w pomieszczeniach, szczeg\u00f3lnie w przypadku, gdy istnieje potrzeba oczyszczenia powietrza z bakterii, wirus\u00f3w i innych zanieczyszcze\u0144. To przyczynia si\u0119 do stworzenia zdrowszego i bardziej komfortowego \u015brodowiska dla os\u00f3b przebywaj\u0105cych w pomieszczeniach obj\u0119tych klimatyzacj\u0105.<\/p>\n","protected":false},"excerpt":{"rendered":"<p><span style=\"color: #000000;\"><strong>Najwa\u017cniejsze zalety<\/strong><\/span>[dt_list style=\"1\" bullet_position=\"middle\" dividers=\"true\"][dt_list style=\"1\" bullet_position=\"middle\" dividers=\"true\"][dt_list_item image=\"\"]Cz\u0105steczki nanoe X maj\u0105 one zdolno\u015b\u0107 do redukcji bakterii, wirus\u00f3w, ple\u015bni, alergen\u00f3w i nieprzyjemnych zapach\u00f3w, poprawiaj\u0105c tym samym jako\u015b\u0107 powietrza w pomieszczeniach.[\/dt_list_item][dt_list_item image=\"\"]Technologia nanoe X wykorzystuje efekt elektrostatyczny, aby generowa\u0107 cz\u0105steczki o rozmiarach nanometrycznych, kt\u00f3re mog\u0105 przenika\u0107 do najmniejszych zakamark\u00f3w pomieszczenia.[\/dt_list_item][dt_list_item image=\"\"]Dzi\u0119ki obecno\u015bci nanoe X w kasetach 90&#215;90 SKU CZ-CNEXU1 mo\u017cliwe jest poprawienie jako\u015bci powietrza w pomieszczeniach, szczeg\u00f3lnie w przypadku, gdy istnieje potrzeba oczyszczenia powietrza z bakterii, wirus\u00f3w i innych zanieczyszcze\u0144.[\/dt_list_item][dt_list_item image=\"\"] Cz\u0119\u015bci zamienne, akcesoria[\/dt_list_item][\/dt_list]<\/p>\n","protected":false},"featured_media":89906,"template":"","meta":[],"product_cat":[7307,401,189],"product_tag":[5320,6387],"yoast_head":"<!-- This site is optimized with the Yoast SEO plugin v22.1 - https:\/\/yoast.com\/wordpress\/plugins\/seo\/ -->\n<title>nanoe X do kasety 90x90 SKU CZ-CNEXU1<\/title>\n<meta name=\"description\" content=\"nanoe X do kasety 90x90 SKU CZ-CNEXU1\" \/>\n<meta name=\"robots\" content=\"index, follow, max-snippet:-1, max-image-preview:large, max-video-preview:-1\" \/>\n<link rel=\"canonical\" href=\"https:\/\/www.fabrykachlodu.pl\/sklep\/produkt\/nanoe-x-do-kasety-90x90-sku-cz-cnexu1\/\" \/>\n<meta name=\"twitter:label1\" content=\"Szacowany czas czytania\" \/>\n\t<meta name=\"twitter:data1\" content=\"1 minuta\" \/>\n<script type=\"application\/ld+json\" class=\"yoast-schema-graph\">{\"@context\":\"https:\/\/schema.org\",\"@graph\":[{\"@type\":\"WebPage\",\"@id\":\"https:\/\/www.fabrykachlodu.pl\/sklep\/produkt\/nanoe-x-do-kasety-90x90-sku-cz-cnexu1\/\",\"url\":\"https:\/\/www.fabrykachlodu.pl\/sklep\/produkt\/nanoe-x-do-kasety-90x90-sku-cz-cnexu1\/\",\"name\":\"nanoe X do kasety 90x90 SKU CZ-CNEXU1\",\"isPartOf\":{\"@id\":\"https:\/\/www.fabrykachlodu.pl\/sklep\/#website\"},\"datePublished\":\"2023-05-16T07:04:12+00:00\",\"dateModified\":\"2023-05-16T07:04:19+00:00\",\"description\":\"nanoe X do kasety 90x90 SKU CZ-CNEXU1\",\"breadcrumb\":{\"@id\":\"https:\/\/www.fabrykachlodu.pl\/sklep\/produkt\/nanoe-x-do-kasety-90x90-sku-cz-cnexu1\/#breadcrumb\"},\"inLanguage\":\"pl-PL\",\"potentialAction\":[{\"@type\":\"ReadAction\",\"target\":[\"https:\/\/www.fabrykachlodu.pl\/sklep\/produkt\/nanoe-x-do-kasety-90x90-sku-cz-cnexu1\/\"]}]},{\"@type\":\"BreadcrumbList\",\"@id\":\"https:\/\/www.fabrykachlodu.pl\/sklep\/produkt\/nanoe-x-do-kasety-90x90-sku-cz-cnexu1\/#breadcrumb\",\"itemListElement\":[{\"@type\":\"ListItem\",\"position\":1,\"name\":\"Strona g\u0142\u00f3wna\",\"item\":\"https:\/\/www.fabrykachlodu.pl\/sklep\/\"},{\"@type\":\"ListItem\",\"position\":2,\"name\":\"Szukasz klimatzyacji biurowej sklepowej lub do mieszkania?\",\"item\":\"https:\/\/www.fabrykachlodu.pl\/sklep\/\"},{\"@type\":\"ListItem\",\"position\":3,\"name\":\"nanoe X do kasety 90&#215;90 SKU CZ-CNEXU1\"}]},{\"@type\":\"WebSite\",\"@id\":\"https:\/\/www.fabrykachlodu.pl\/sklep\/#website\",\"url\":\"https:\/\/www.fabrykachlodu.pl\/sklep\/\",\"name\":\"\u00b0FC Sklep Internetowy monta\u017c klimatyzacji pomp ciep\u0142a\",\"description\":\"\u00b0FC monta\u017c klimatyzacji pomp ciep\u0142a z nami to szybki i tani wyb\u00f3r.  Us\u0142ugi monta\u017cowe i serwisowe W Warszawie i okolicach..\",\"potentialAction\":[{\"@type\":\"SearchAction\",\"target\":{\"@type\":\"EntryPoint\",\"urlTemplate\":\"https:\/\/www.fabrykachlodu.pl\/sklep\/?s={search_term_string}\"},\"query-input\":\"required name=search_term_string\"}],\"inLanguage\":\"pl-PL\"}]}<\/script>\n<!-- \/ Yoast SEO plugin. -->","yoast_head_json":{"title":"nanoe X do kasety 90x90 SKU CZ-CNEXU1","description":"nanoe X do kasety 90x90 SKU CZ-CNEXU1","robots":{"index":"index","follow":"follow","max-snippet":"max-snippet:-1","max-image-preview":"max-image-preview:large","max-video-preview":"max-video-preview:-1"},"canonical":"https:\/\/www.fabrykachlodu.pl\/sklep\/produkt\/nanoe-x-do-kasety-90x90-sku-cz-cnexu1\/","twitter_misc":{"Szacowany czas czytania":"1 minuta"},"schema":{"@context":"https:\/\/schema.org","@graph":[{"@type":"WebPage","@id":"https:\/\/www.fabrykachlodu.pl\/sklep\/produkt\/nanoe-x-do-kasety-90x90-sku-cz-cnexu1\/","url":"https:\/\/www.fabrykachlodu.pl\/sklep\/produkt\/nanoe-x-do-kasety-90x90-sku-cz-cnexu1\/","name":"nanoe X do kasety 90x90 SKU CZ-CNEXU1","isPartOf":{"@id":"https:\/\/www.fabrykachlodu.pl\/sklep\/#website"},"datePublished":"2023-05-16T07:04:12+00:00","dateModified":"2023-05-16T07:04:19+00:00","description":"nanoe X do kasety 90x90 SKU CZ-CNEXU1","breadcrumb":{"@id":"https:\/\/www.fabrykachlodu.pl\/sklep\/produkt\/nanoe-x-do-kasety-90x90-sku-cz-cnexu1\/#breadcrumb"},"inLanguage":"pl-PL","potentialAction":[{"@type":"ReadAction","target":["https:\/\/www.fabrykachlodu.pl\/sklep\/produkt\/nanoe-x-do-kasety-90x90-sku-cz-cnexu1\/"]}]},{"@type":"BreadcrumbList","@id":"https:\/\/www.fabrykachlodu.pl\/sklep\/produkt\/nanoe-x-do-kasety-90x90-sku-cz-cnexu1\/#breadcrumb","itemListElement":[{"@type":"ListItem","position":1,"name":"Strona g\u0142\u00f3wna","item":"https:\/\/www.fabrykachlodu.pl\/sklep\/"},{"@type":"ListItem","position":2,"name":"Szukasz klimatzyacji biurowej sklepowej lub do mieszkania?","item":"https:\/\/www.fabrykachlodu.pl\/sklep\/"},{"@type":"ListItem","position":3,"name":"nanoe X do kasety 90&#215;90 SKU CZ-CNEXU1"}]},{"@type":"WebSite","@id":"https:\/\/www.fabrykachlodu.pl\/sklep\/#website","url":"https:\/\/www.fabrykachlodu.pl\/sklep\/","name":"\u00b0FC Sklep Internetowy monta\u017c klimatyzacji pomp ciep\u0142a","description":"\u00b0FC monta\u017c klimatyzacji pomp ciep\u0142a z nami to szybki i tani wyb\u00f3r.  Us\u0142ugi monta\u017cowe i serwisowe W Warszawie i okolicach..","potentialAction":[{"@type":"SearchAction","target":{"@type":"EntryPoint","urlTemplate":"https:\/\/www.fabrykachlodu.pl\/sklep\/?s={search_term_string}"},"query-input":"required name=search_term_string"}],"inLanguage":"pl-PL"}]}},"_links":{"self":[{"href":"https:\/\/www.fabrykachlodu.pl\/sklep\/wp-json\/wp\/v2\/product\/91361"}],"collection":[{"href":"https:\/\/www.fabrykachlodu.pl\/sklep\/wp-json\/wp\/v2\/product"}],"about":[{"href":"https:\/\/www.fabrykachlodu.pl\/sklep\/wp-json\/wp\/v2\/types\/product"}],"wp:featuredmedia":[{"embeddable":true,"href":"https:\/\/www.fabrykachlodu.pl\/sklep\/wp-json\/wp\/v2\/media\/89906"}],"wp:attachment":[{"href":"https:\/\/www.fabrykachlodu.pl\/sklep\/wp-json\/wp\/v2\/media?parent=91361"}],"wp:term":[{"taxonomy":"product_cat","embeddable":true,"href":"https:\/\/www.fabrykachlodu.pl\/sklep\/wp-json\/wp\/v2\/product_cat?post=91361"},{"taxonomy":"product_tag","embeddable":true,"href":"https:\/\/www.fabrykachlodu.pl\/sklep\/wp-json\/wp\/v2\/product_tag?post=91361"}],"curies":[{"name":"wp","href":"https:\/\/api.w.org\/{rel}","templated":true}]}}