{"id":91375,"date":"2023-05-16T09:04:15","date_gmt":"2023-05-16T07:04:15","guid":{"rendered":"https:\/\/www.fabrykachlodu.pl\/sklep\/?post_type=product&#038;p=91375"},"modified":"2023-05-16T09:04:26","modified_gmt":"2023-05-16T07:04:26","slug":"sterownik-do-zarzadzania-praca-do-3-jedn-wewn-zestawzawiera-3-x-paw-t10-pcb-3-x-cz-t10-cable-1-x-boxsterownik-do-zarzadzania-praca-do-3-jedn-wewn-zestawzawiera-3-x-paw-t10-pcb-3-x-cz-t10-cabl","status":"publish","type":"product","link":"https:\/\/www.fabrykachlodu.pl\/sklep\/produkt\/sterownik-do-zarzadzania-praca-do-3-jedn-wewn-zestawzawiera-3-x-paw-t10-pcb-3-x-cz-t10-cable-1-x-boxsterownik-do-zarzadzania-praca-do-3-jedn-wewn-zestawzawiera-3-x-paw-t10-pcb-3-x-cz-t10-cabl\/","title":{"rendered":"Sterownik do zarz\u0105dzania prac\u0105 do 3 jedn. wewn. Zestawzawiera: 3 x PAW-T10 PCB; 3 x CZ-T10 Cable; 1 x BoxSterownik do zarz\u0105dzania prac\u0105 do 3 jedn. wewn. Zestawzawiera: 3 x PAW-T10 PCB; 3 x CZ-T10 Cable; 1 x Box SKU PAW-PACR3"},"content":{"rendered":"<br \/>\n<h2>Zam\u00f3wienie dotyczy:  Sterownik do zarz\u0105dzania prac\u0105 do 3 jedn. wewn. Zestawzawiera: 3 x PAW-T10 PCB; 3 x CZ-T10 Cable; 1 x BoxSterownik do zarz\u0105dzania prac\u0105 do 3 jedn. wewn. Zestawzawiera: 3 x PAW-T10 PCB; 3 x CZ-T10 Cable; 1 x Box SKU PAW-PACR3Opis Sterownik do zarz\u0105dzania prac\u0105 do 3 jedn. wewn. Zestawzawiera: 3 x PAW-T10 PCB; 3 x CZ-T10 Cable; 1 x BoxSterownik do zarz\u0105dzania prac\u0105 do 3 jedn. wewn. Zestawzawiera: 3 x PAW-T10 PCB; 3 x CZ-T10 Cable; 1 x Box Cena katalogowa PLN 7121   <\/h2>\n<p><h3><strong>W jednym miejscu poznasz:<\/strong><\/h3>\n<p> Najwa\u017cniejsze funkcje<br \/> Por\u00f3wnasz produkty<br \/> Poznasz parametry techniczne<br \/> Poznasz cen\u0119 i zrealizujesz zam\u00f3wienie<br \/> Otrzymasz ofert\u0119 zakupu ratalnego lub leasingu<br \/><strong><\/p>\n<h3>Czy wiesz, \u017ce:<\/strong><\/h3>\n<p>0<strong><\/p>\n<h3>Zlecaj\u0105c nam monta\u017c otrzymasz:<\/strong><\/h3>\n<p>  Sterownik do zarz\u0105dzania prac\u0105 do 3 jedn. wewn. Zestawzawiera: 3 x PAW-T10 PCB; 3 x CZ-T10 Cable; 1 x BoxSterownik do zarz\u0105dzania prac\u0105 do 3 jedn. wewn. Zestawzawiera: 3 x PAW-T10 PCB; 3 x CZ-T10 Cable; 1 x Box SKU PAW-PACR3 z rabatem kupuj\u0105c w naszym sklepie online lub wybieraj\u0105c monta\u017c <br \/> Gwarancje <br \/> Kompletne pod\u0142\u0105czenie elektryczne oraz hydrauliczne<br \/> Sterownik do zarz\u0105dzania prac\u0105 do 3 jedn. wewn. Zestawzawiera: 3 x PAW-T10 PCB; 3 x CZ-T10 Cable; 1 x BoxSterownik do zarz\u0105dzania prac\u0105 do 3 jedn. wewn. Zestawzawiera: 3 x PAW-T10 PCB; 3 x CZ-T10 Cable; 1 x Box SKU PAW-PACR3 z rabatem kupuj\u0105c w naszym sklepie online lub wybieraj\u0105c monta\u017c <br \/> Gwarancje <br \/> Kompletne pod\u0142\u0105czenie elektryczne oraz hydrauliczne<br \/>0Sterownik do zarz\u0105dzania prac\u0105 do 3 jednostek wewn\u0119trznych (SKU PAW-PACR3) to urz\u0105dzenie oferowane przez firm\u0119 Panasonic, kt\u00f3re umo\u017cliwia centralne sterowanie i zarz\u0105dzanie dzia\u0142aniem trzech jednostek wewn\u0119trznych klimatyzacji. Ten zestaw zawiera:<\/p>\n<p>3 x PAW-T10 PCB: To trzy sztuki p\u0142ytek PCB (Printed Circuit Board) oznaczonych jako PAW-T10. P\u0142ytki PCB s\u0105 elementami elektronicznymi, kt\u00f3re s\u0142u\u017c\u0105 do monta\u017cu i \u0142\u0105czenia komponent\u00f3w elektronicznych w urz\u0105dzeniu. PAW-T10 PCB prawdopodobnie pe\u0142ni\u0105 rol\u0119 modu\u0142\u00f3w steruj\u0105cych dla poszczeg\u00f3lnych jednostek wewn\u0119trznych.<\/p>\n<p>3 x CZ-T10 Cable: To trzy sztuki kabli oznaczonych jako CZ-T10 Cable. Kable te s\u0142u\u017c\u0105 do po\u0142\u0105czenia sterownika z jednostkami wewn\u0119trznymi. Przekazywanie sygna\u0142\u00f3w i danych mi\u0119dzy sterownikiem a jednostkami wewn\u0119trznymi odbywa si\u0119 za pomoc\u0105 tych kabli.<\/p>\n<p>1 x Box: To jedno pude\u0142ko, kt\u00f3re zawiera wszystkie wymienione wy\u017cej komponenty. S\u0142u\u017cy jako opakowanie i przechowywanie zestawu.<\/p>\n<p>Sterownik do zarz\u0105dzania prac\u0105 do 3 jednostek wewn\u0119trznych (SKU PAW-PACR3) umo\u017cliwia centralne sterowanie i koordynacj\u0119 dzia\u0142ania trzech jednostek klimatyzacji w celu zapewnienia optymalnej kontroli temperatury i komfortu w pomieszczeniach<\/p>\n","protected":false},"excerpt":{"rendered":"<p><span style=\"color: #000000;\"><strong>Najwa\u017cniejsze zalety<\/strong><\/span>[dt_list style=\"1\" bullet_position=\"middle\" dividers=\"true\"][dt_list style=\"1\" bullet_position=\"middle\" dividers=\"true\"][dt_list_item image=\"\"]3 x PAW-T10 PCB: To trzy sztuki p\u0142ytek PCB (Printed Circuit Board) oznaczonych jako PAW-T10.[\/dt_list_item][dt_list_item image=\"\"]Kable te s\u0142u\u017c\u0105 do po\u0142\u0105czenia sterownika z jednostkami wewn\u0119trznymi. [\/dt_list_item][dt_list_item image=\"\"]Sterownik do zarz\u0105dzania prac\u0105 do 3 jednostek wewn\u0119trznych (SKU PAW-PACR3) umo\u017cliwia centralne sterowanie i koordynacj\u0119 dzia\u0142ania trzech jednostek klimatyzacji w celu zapewnienia optymalnej kontroli temperatury i komfortu w pomieszczeniach[\/dt_list_item][dt_list_item image=\"\"] Cz\u0119\u015bci zamienne, akcesoria[\/dt_list_item][\/dt_list]<\/p>\n","protected":false},"featured_media":89884,"template":"","meta":[],"product_cat":[7307,401,189],"product_tag":[5320,6387],"yoast_head":"<!-- This site is optimized with the Yoast SEO plugin v22.1 - https:\/\/yoast.com\/wordpress\/plugins\/seo\/ -->\n<title>Sterownik do zarz\u0105dzania prac\u0105 do 3 jedn. wewn. Zestawzawiera: 3 x PAW-T10 PCB; 3 x CZ-T10 Cable; 1 x BoxSterownik do zarz\u0105dzania prac\u0105 do 3 jedn. wewn. Zestawzawiera: 3 x PAW-T10 PCB; 3 x CZ-T10 Cable; 1 x Box SKU PAW-PACR3<\/title>\n<meta name=\"description\" content=\"Sterownik do zarz\u0105dzania prac\u0105 do 3 jedn. wewn. Zestawzawiera: 3 x PAW-T10 PCB; 3 x CZ-T10 Cable; 1 x BoxSterownik do zarz\u0105dzania prac\u0105 do 3 jedn. wewn. Zestawzawiera: 3 x PAW-T10 PCB; 3 x CZ-T10 Cable; 1 x Box SKU PAW-PACR3\" \/>\n<meta name=\"robots\" content=\"index, follow, max-snippet:-1, max-image-preview:large, max-video-preview:-1\" \/>\n<link rel=\"canonical\" href=\"https:\/\/www.fabrykachlodu.pl\/sklep\/produkt\/sterownik-do-zarzadzania-praca-do-3-jedn-wewn-zestawzawiera-3-x-paw-t10-pcb-3-x-cz-t10-cable-1-x-boxsterownik-do-zarzadzania-praca-do-3-jedn-wewn-zestawzawiera-3-x-paw-t10-pcb-3-x-cz-t10-cabl\/\" \/>\n<meta name=\"twitter:label1\" content=\"Szacowany czas czytania\" \/>\n\t<meta name=\"twitter:data1\" content=\"2 minuty\" \/>\n<script type=\"application\/ld+json\" class=\"yoast-schema-graph\">{\"@context\":\"https:\/\/schema.org\",\"@graph\":[{\"@type\":\"WebPage\",\"@id\":\"https:\/\/www.fabrykachlodu.pl\/sklep\/produkt\/sterownik-do-zarzadzania-praca-do-3-jedn-wewn-zestawzawiera-3-x-paw-t10-pcb-3-x-cz-t10-cable-1-x-boxsterownik-do-zarzadzania-praca-do-3-jedn-wewn-zestawzawiera-3-x-paw-t10-pcb-3-x-cz-t10-cabl\/\",\"url\":\"https:\/\/www.fabrykachlodu.pl\/sklep\/produkt\/sterownik-do-zarzadzania-praca-do-3-jedn-wewn-zestawzawiera-3-x-paw-t10-pcb-3-x-cz-t10-cable-1-x-boxsterownik-do-zarzadzania-praca-do-3-jedn-wewn-zestawzawiera-3-x-paw-t10-pcb-3-x-cz-t10-cabl\/\",\"name\":\"Sterownik do zarz\u0105dzania prac\u0105 do 3 jedn. wewn. Zestawzawiera: 3 x PAW-T10 PCB; 3 x CZ-T10 Cable; 1 x BoxSterownik do zarz\u0105dzania prac\u0105 do 3 jedn. wewn. Zestawzawiera: 3 x PAW-T10 PCB; 3 x CZ-T10 Cable; 1 x Box SKU PAW-PACR3\",\"isPartOf\":{\"@id\":\"https:\/\/www.fabrykachlodu.pl\/sklep\/#website\"},\"datePublished\":\"2023-05-16T07:04:15+00:00\",\"dateModified\":\"2023-05-16T07:04:26+00:00\",\"description\":\"Sterownik do zarz\u0105dzania prac\u0105 do 3 jedn. wewn. Zestawzawiera: 3 x PAW-T10 PCB; 3 x CZ-T10 Cable; 1 x BoxSterownik do zarz\u0105dzania prac\u0105 do 3 jedn. wewn. Zestawzawiera: 3 x PAW-T10 PCB; 3 x CZ-T10 Cable; 1 x Box SKU PAW-PACR3\",\"breadcrumb\":{\"@id\":\"https:\/\/www.fabrykachlodu.pl\/sklep\/produkt\/sterownik-do-zarzadzania-praca-do-3-jedn-wewn-zestawzawiera-3-x-paw-t10-pcb-3-x-cz-t10-cable-1-x-boxsterownik-do-zarzadzania-praca-do-3-jedn-wewn-zestawzawiera-3-x-paw-t10-pcb-3-x-cz-t10-cabl\/#breadcrumb\"},\"inLanguage\":\"pl-PL\",\"potentialAction\":[{\"@type\":\"ReadAction\",\"target\":[\"https:\/\/www.fabrykachlodu.pl\/sklep\/produkt\/sterownik-do-zarzadzania-praca-do-3-jedn-wewn-zestawzawiera-3-x-paw-t10-pcb-3-x-cz-t10-cable-1-x-boxsterownik-do-zarzadzania-praca-do-3-jedn-wewn-zestawzawiera-3-x-paw-t10-pcb-3-x-cz-t10-cabl\/\"]}]},{\"@type\":\"BreadcrumbList\",\"@id\":\"https:\/\/www.fabrykachlodu.pl\/sklep\/produkt\/sterownik-do-zarzadzania-praca-do-3-jedn-wewn-zestawzawiera-3-x-paw-t10-pcb-3-x-cz-t10-cable-1-x-boxsterownik-do-zarzadzania-praca-do-3-jedn-wewn-zestawzawiera-3-x-paw-t10-pcb-3-x-cz-t10-cabl\/#breadcrumb\",\"itemListElement\":[{\"@type\":\"ListItem\",\"position\":1,\"name\":\"Strona g\u0142\u00f3wna\",\"item\":\"https:\/\/www.fabrykachlodu.pl\/sklep\/\"},{\"@type\":\"ListItem\",\"position\":2,\"name\":\"Szukasz klimatzyacji biurowej sklepowej lub do mieszkania?\",\"item\":\"https:\/\/www.fabrykachlodu.pl\/sklep\/\"},{\"@type\":\"ListItem\",\"position\":3,\"name\":\"Sterownik do zarz\u0105dzania prac\u0105 do 3 jedn. wewn. Zestawzawiera: 3 x PAW-T10 PCB; 3 x CZ-T10 Cable; 1 x BoxSterownik do zarz\u0105dzania prac\u0105 do 3 jedn. wewn. Zestawzawiera: 3 x PAW-T10 PCB; 3 x CZ-T10 Cable; 1 x Box SKU PAW-PACR3\"}]},{\"@type\":\"WebSite\",\"@id\":\"https:\/\/www.fabrykachlodu.pl\/sklep\/#website\",\"url\":\"https:\/\/www.fabrykachlodu.pl\/sklep\/\",\"name\":\"\u00b0FC Sklep Internetowy monta\u017c klimatyzacji pomp ciep\u0142a\",\"description\":\"\u00b0FC monta\u017c klimatyzacji pomp ciep\u0142a z nami to szybki i tani wyb\u00f3r.  Us\u0142ugi monta\u017cowe i serwisowe W Warszawie i okolicach..\",\"potentialAction\":[{\"@type\":\"SearchAction\",\"target\":{\"@type\":\"EntryPoint\",\"urlTemplate\":\"https:\/\/www.fabrykachlodu.pl\/sklep\/?s={search_term_string}\"},\"query-input\":\"required name=search_term_string\"}],\"inLanguage\":\"pl-PL\"}]}<\/script>\n<!-- \/ Yoast SEO plugin. -->","yoast_head_json":{"title":"Sterownik do zarz\u0105dzania prac\u0105 do 3 jedn. wewn. Zestawzawiera: 3 x PAW-T10 PCB; 3 x CZ-T10 Cable; 1 x BoxSterownik do zarz\u0105dzania prac\u0105 do 3 jedn. wewn. Zestawzawiera: 3 x PAW-T10 PCB; 3 x CZ-T10 Cable; 1 x Box SKU PAW-PACR3","description":"Sterownik do zarz\u0105dzania prac\u0105 do 3 jedn. wewn. Zestawzawiera: 3 x PAW-T10 PCB; 3 x CZ-T10 Cable; 1 x BoxSterownik do zarz\u0105dzania prac\u0105 do 3 jedn. wewn. Zestawzawiera: 3 x PAW-T10 PCB; 3 x CZ-T10 Cable; 1 x Box SKU PAW-PACR3","robots":{"index":"index","follow":"follow","max-snippet":"max-snippet:-1","max-image-preview":"max-image-preview:large","max-video-preview":"max-video-preview:-1"},"canonical":"https:\/\/www.fabrykachlodu.pl\/sklep\/produkt\/sterownik-do-zarzadzania-praca-do-3-jedn-wewn-zestawzawiera-3-x-paw-t10-pcb-3-x-cz-t10-cable-1-x-boxsterownik-do-zarzadzania-praca-do-3-jedn-wewn-zestawzawiera-3-x-paw-t10-pcb-3-x-cz-t10-cabl\/","twitter_misc":{"Szacowany czas czytania":"2 minuty"},"schema":{"@context":"https:\/\/schema.org","@graph":[{"@type":"WebPage","@id":"https:\/\/www.fabrykachlodu.pl\/sklep\/produkt\/sterownik-do-zarzadzania-praca-do-3-jedn-wewn-zestawzawiera-3-x-paw-t10-pcb-3-x-cz-t10-cable-1-x-boxsterownik-do-zarzadzania-praca-do-3-jedn-wewn-zestawzawiera-3-x-paw-t10-pcb-3-x-cz-t10-cabl\/","url":"https:\/\/www.fabrykachlodu.pl\/sklep\/produkt\/sterownik-do-zarzadzania-praca-do-3-jedn-wewn-zestawzawiera-3-x-paw-t10-pcb-3-x-cz-t10-cable-1-x-boxsterownik-do-zarzadzania-praca-do-3-jedn-wewn-zestawzawiera-3-x-paw-t10-pcb-3-x-cz-t10-cabl\/","name":"Sterownik do zarz\u0105dzania prac\u0105 do 3 jedn. wewn. Zestawzawiera: 3 x PAW-T10 PCB; 3 x CZ-T10 Cable; 1 x BoxSterownik do zarz\u0105dzania prac\u0105 do 3 jedn. wewn. Zestawzawiera: 3 x PAW-T10 PCB; 3 x CZ-T10 Cable; 1 x Box SKU PAW-PACR3","isPartOf":{"@id":"https:\/\/www.fabrykachlodu.pl\/sklep\/#website"},"datePublished":"2023-05-16T07:04:15+00:00","dateModified":"2023-05-16T07:04:26+00:00","description":"Sterownik do zarz\u0105dzania prac\u0105 do 3 jedn. wewn. Zestawzawiera: 3 x PAW-T10 PCB; 3 x CZ-T10 Cable; 1 x BoxSterownik do zarz\u0105dzania prac\u0105 do 3 jedn. wewn. Zestawzawiera: 3 x PAW-T10 PCB; 3 x CZ-T10 Cable; 1 x Box SKU PAW-PACR3","breadcrumb":{"@id":"https:\/\/www.fabrykachlodu.pl\/sklep\/produkt\/sterownik-do-zarzadzania-praca-do-3-jedn-wewn-zestawzawiera-3-x-paw-t10-pcb-3-x-cz-t10-cable-1-x-boxsterownik-do-zarzadzania-praca-do-3-jedn-wewn-zestawzawiera-3-x-paw-t10-pcb-3-x-cz-t10-cabl\/#breadcrumb"},"inLanguage":"pl-PL","potentialAction":[{"@type":"ReadAction","target":["https:\/\/www.fabrykachlodu.pl\/sklep\/produkt\/sterownik-do-zarzadzania-praca-do-3-jedn-wewn-zestawzawiera-3-x-paw-t10-pcb-3-x-cz-t10-cable-1-x-boxsterownik-do-zarzadzania-praca-do-3-jedn-wewn-zestawzawiera-3-x-paw-t10-pcb-3-x-cz-t10-cabl\/"]}]},{"@type":"BreadcrumbList","@id":"https:\/\/www.fabrykachlodu.pl\/sklep\/produkt\/sterownik-do-zarzadzania-praca-do-3-jedn-wewn-zestawzawiera-3-x-paw-t10-pcb-3-x-cz-t10-cable-1-x-boxsterownik-do-zarzadzania-praca-do-3-jedn-wewn-zestawzawiera-3-x-paw-t10-pcb-3-x-cz-t10-cabl\/#breadcrumb","itemListElement":[{"@type":"ListItem","position":1,"name":"Strona g\u0142\u00f3wna","item":"https:\/\/www.fabrykachlodu.pl\/sklep\/"},{"@type":"ListItem","position":2,"name":"Szukasz klimatzyacji biurowej sklepowej lub do mieszkania?","item":"https:\/\/www.fabrykachlodu.pl\/sklep\/"},{"@type":"ListItem","position":3,"name":"Sterownik do zarz\u0105dzania prac\u0105 do 3 jedn. wewn. Zestawzawiera: 3 x PAW-T10 PCB; 3 x CZ-T10 Cable; 1 x BoxSterownik do zarz\u0105dzania prac\u0105 do 3 jedn. wewn. Zestawzawiera: 3 x PAW-T10 PCB; 3 x CZ-T10 Cable; 1 x Box SKU PAW-PACR3"}]},{"@type":"WebSite","@id":"https:\/\/www.fabrykachlodu.pl\/sklep\/#website","url":"https:\/\/www.fabrykachlodu.pl\/sklep\/","name":"\u00b0FC Sklep Internetowy monta\u017c klimatyzacji pomp ciep\u0142a","description":"\u00b0FC monta\u017c klimatyzacji pomp ciep\u0142a z nami to szybki i tani wyb\u00f3r.  Us\u0142ugi monta\u017cowe i serwisowe W Warszawie i okolicach..","potentialAction":[{"@type":"SearchAction","target":{"@type":"EntryPoint","urlTemplate":"https:\/\/www.fabrykachlodu.pl\/sklep\/?s={search_term_string}"},"query-input":"required name=search_term_string"}],"inLanguage":"pl-PL"}]}},"_links":{"self":[{"href":"https:\/\/www.fabrykachlodu.pl\/sklep\/wp-json\/wp\/v2\/product\/91375"}],"collection":[{"href":"https:\/\/www.fabrykachlodu.pl\/sklep\/wp-json\/wp\/v2\/product"}],"about":[{"href":"https:\/\/www.fabrykachlodu.pl\/sklep\/wp-json\/wp\/v2\/types\/product"}],"wp:featuredmedia":[{"embeddable":true,"href":"https:\/\/www.fabrykachlodu.pl\/sklep\/wp-json\/wp\/v2\/media\/89884"}],"wp:attachment":[{"href":"https:\/\/www.fabrykachlodu.pl\/sklep\/wp-json\/wp\/v2\/media?parent=91375"}],"wp:term":[{"taxonomy":"product_cat","embeddable":true,"href":"https:\/\/www.fabrykachlodu.pl\/sklep\/wp-json\/wp\/v2\/product_cat?post=91375"},{"taxonomy":"product_tag","embeddable":true,"href":"https:\/\/www.fabrykachlodu.pl\/sklep\/wp-json\/wp\/v2\/product_tag?post=91375"}],"curies":[{"name":"wp","href":"https:\/\/api.w.org\/{rel}","templated":true}]}}